{"id":36859,"date":"2019-02-11T15:39:48","date_gmt":"2019-02-11T15:39:48","guid":{"rendered":"https:\/\/www.babcock-wanson.com\/products\/bez-kategorii\/thermoslow\/"},"modified":"2025-06-18T11:19:00","modified_gmt":"2025-06-18T10:19:00","slug":"thermoslow","status":"publish","type":"product","link":"https:\/\/www.babcock-wanson.com\/pl\/produkty\/palniki-przemyslowe\/thermoslow\/","title":{"rendered":"Thermoslow"},"content":{"rendered":"","protected":false},"excerpt":{"rendered":"<p>Thermoslow to kompaktowy palnik, kt\u00f3ry uzupe\u0142nia konwencjonalny system spalania. Urz\u0105dzenie zaprojektowano tak, aby utrzyma\u0107 ci\u015bnienie w kotle podczas d\u0142ugotrwa\u0142ej pracy w trybie czuwania bez przep\u0142ywu pary i przy minimalnych stratach energii. Wydajno\u015b\u0107 grzewcza palnika zosta\u0142a dobrana tak, aby zr\u00f3wnowa\u017cy\u0107 straty cieplne kot\u0142a (straty promieniowania przez p\u0142aszcz kot\u0142a).<\/p>\n<p>Aby sprosta\u0107 wymaganiom procesu, zamontowany na kotle parowym palnik Thermoslow umo\u017cliwia bardzo szybkie ponowne uruchomienie kot\u0142a i tym samym niemal natychmiastow\u0105 produkcj\u0119 pary. Przydaje si\u0119 to szczeg\u00f3lnie w przypadku rozwi\u0105za\u0144 rezerwowych, w kt\u00f3rych w celu unikni\u0119cia przestoj\u00f3w procesu instalowane s\u0105 nadmiarowe urz\u0105dzenia do wytwarzania pary.<\/p>\n","protected":false},"featured_media":52271,"comment_status":"closed","ping_status":"closed","template":"","meta":{"_acf_changed":false,"_relevanssi_hide_post":"","_relevanssi_hide_content":"","_relevanssi_pin_for_all":"","_relevanssi_pin_keywords":"","_relevanssi_unpin_keywords":"","_relevanssi_related_keywords":"","_relevanssi_related_include_ids":"","_relevanssi_related_exclude_ids":"","_relevanssi_related_no_append":"","_relevanssi_related_not_related":"","_relevanssi_related_posts":"","_relevanssi_noindex_reason":""},"product_brand":[],"product_cat":[6409],"product_tag":[],"class_list":{"0":"post-36859","1":"product","2":"type-product","3":"status-publish","4":"has-post-thumbnail","6":"product_cat-palniki-przemyslowe","8":"first","9":"instock","10":"shipping-taxable","11":"product-type-simple"},"acf":[],"yoast_head":"<!-- This site is optimized with the Yoast SEO Premium plugin v27.4 (Yoast SEO v27.4) - https:\/\/yoast.com\/product\/yoast-seo-premium-wordpress\/ -->\n<title>Thermoslow - Babcock Wanson<\/title>\n<meta name=\"description\" content=\"Thermoslow to kompaktowy palnik, kt\u00f3ry uzupe\u0142nia konwencjonalny system spalania. Urz\u0105dzenie zaprojektowano tak, aby utrzyma\u0107 ci\u015bnienie w kotle podczas d\u0142ugotrwa\u0142ej pracy w trybie czuwania bez przep\u0142ywu pary i przy minimalnych stratach energii.\" \/>\n<meta name=\"robots\" content=\"index, follow, max-snippet:-1, max-image-preview:large, max-video-preview:-1\" \/>\n<link rel=\"canonical\" href=\"https:\/\/www.babcock-wanson.com\/pl\/produkty\/palniki-przemyslowe\/thermoslow\/\" \/>\n<meta property=\"og:locale\" content=\"pl_PL\" \/>\n<meta property=\"og:type\" content=\"article\" \/>\n<meta property=\"og:title\" content=\"Thermoslow\" \/>\n<meta property=\"og:description\" content=\"Thermoslow to kompaktowy palnik, kt\u00f3ry uzupe\u0142nia konwencjonalny system spalania. Urz\u0105dzenie zaprojektowano tak, aby utrzyma\u0107 ci\u015bnienie w kotle podczas d\u0142ugotrwa\u0142ej pracy w trybie czuwania bez przep\u0142ywu pary i przy minimalnych stratach energii.\" \/>\n<meta property=\"og:url\" content=\"https:\/\/www.babcock-wanson.com\/pl\/produkty\/palniki-przemyslowe\/thermoslow\/\" \/>\n<meta property=\"og:site_name\" content=\"Babcock Wanson\" \/>\n<meta property=\"article:modified_time\" content=\"2025-06-18T10:19:00+00:00\" \/>\n<meta property=\"og:image\" content=\"https:\/\/www.babcock-wanson.com\/wp-content\/uploads\/2019\/02\/Thermoslow-1.webp\" \/>\n\t<meta property=\"og:image:width\" content=\"600\" \/>\n\t<meta property=\"og:image:height\" content=\"400\" \/>\n\t<meta property=\"og:image:type\" content=\"image\/webp\" \/>\n<meta name=\"twitter:card\" content=\"summary_large_image\" \/>\n<meta name=\"twitter:label1\" content=\"Est. reading time\" \/>\n\t<meta name=\"twitter:data1\" content=\"1 minuta\" \/>\n<script type=\"application\/ld+json\" class=\"yoast-schema-graph\">{\"@context\":\"https:\\\/\\\/schema.org\",\"@graph\":[{\"@type\":\"WebPage\",\"@id\":\"https:\\\/\\\/www.babcock-wanson.com\\\/pl\\\/produkty\\\/palniki-przemyslowe\\\/thermoslow\\\/\",\"url\":\"https:\\\/\\\/www.babcock-wanson.com\\\/pl\\\/produkty\\\/palniki-przemyslowe\\\/thermoslow\\\/\",\"name\":\"Thermoslow - Babcock Wanson\",\"isPartOf\":{\"@id\":\"https:\\\/\\\/www.babcock-wanson.com\\\/pl\\\/#website\"},\"primaryImageOfPage\":{\"@id\":\"https:\\\/\\\/www.babcock-wanson.com\\\/pl\\\/produkty\\\/palniki-przemyslowe\\\/thermoslow\\\/#primaryimage\"},\"image\":{\"@id\":\"https:\\\/\\\/www.babcock-wanson.com\\\/pl\\\/produkty\\\/palniki-przemyslowe\\\/thermoslow\\\/#primaryimage\"},\"thumbnailUrl\":\"https:\\\/\\\/www.babcock-wanson.com\\\/wp-content\\\/uploads\\\/2019\\\/02\\\/Thermoslow-1.webp\",\"datePublished\":\"2019-02-11T15:39:48+00:00\",\"dateModified\":\"2025-06-18T10:19:00+00:00\",\"description\":\"Thermoslow to kompaktowy palnik, kt\u00f3ry uzupe\u0142nia konwencjonalny system spalania. Urz\u0105dzenie zaprojektowano tak, aby utrzyma\u0107 ci\u015bnienie w kotle podczas d\u0142ugotrwa\u0142ej pracy w trybie czuwania bez przep\u0142ywu pary i przy minimalnych stratach energii.\",\"breadcrumb\":{\"@id\":\"https:\\\/\\\/www.babcock-wanson.com\\\/pl\\\/produkty\\\/palniki-przemyslowe\\\/thermoslow\\\/#breadcrumb\"},\"inLanguage\":\"pl-PL\",\"potentialAction\":[{\"@type\":\"ReadAction\",\"target\":[\"https:\\\/\\\/www.babcock-wanson.com\\\/pl\\\/produkty\\\/palniki-przemyslowe\\\/thermoslow\\\/\"]}]},{\"@type\":\"ImageObject\",\"inLanguage\":\"pl-PL\",\"@id\":\"https:\\\/\\\/www.babcock-wanson.com\\\/pl\\\/produkty\\\/palniki-przemyslowe\\\/thermoslow\\\/#primaryimage\",\"url\":\"https:\\\/\\\/www.babcock-wanson.com\\\/wp-content\\\/uploads\\\/2019\\\/02\\\/Thermoslow-1.webp\",\"contentUrl\":\"https:\\\/\\\/www.babcock-wanson.com\\\/wp-content\\\/uploads\\\/2019\\\/02\\\/Thermoslow-1.webp\",\"width\":600,\"height\":400,\"caption\":\"Thermoslow\"},{\"@type\":\"BreadcrumbList\",\"@id\":\"https:\\\/\\\/www.babcock-wanson.com\\\/pl\\\/produkty\\\/palniki-przemyslowe\\\/thermoslow\\\/#breadcrumb\",\"itemListElement\":[{\"@type\":\"ListItem\",\"position\":1,\"name\":\"Strona g\u0142\u00f3wna\",\"item\":\"https:\\\/\\\/www.babcock-wanson.com\\\/pl\\\/\"},{\"@type\":\"ListItem\",\"position\":2,\"name\":\"Produkty\",\"item\":\"https:\\\/\\\/www.babcock-wanson.com\\\/pl\\\/shop\\\/\"},{\"@type\":\"ListItem\",\"position\":3,\"name\":\"Palniki Przemys\u0142owe\",\"item\":\"https:\\\/\\\/www.babcock-wanson.com\\\/pl\\\/kategoria-produktu\\\/palniki-przemyslowe\\\/\"},{\"@type\":\"ListItem\",\"position\":4,\"name\":\"Thermoslow\"}]},{\"@type\":\"WebSite\",\"@id\":\"https:\\\/\\\/www.babcock-wanson.com\\\/pl\\\/#website\",\"url\":\"https:\\\/\\\/www.babcock-wanson.com\\\/pl\\\/\",\"name\":\"Babcock Wanson\",\"description\":\"\",\"publisher\":{\"@id\":\"https:\\\/\\\/www.babcock-wanson.com\\\/pl\\\/#organization\"},\"potentialAction\":[{\"@type\":\"SearchAction\",\"target\":{\"@type\":\"EntryPoint\",\"urlTemplate\":\"https:\\\/\\\/www.babcock-wanson.com\\\/pl\\\/?s={search_term_string}\"},\"query-input\":{\"@type\":\"PropertyValueSpecification\",\"valueRequired\":true,\"valueName\":\"search_term_string\"}}],\"inLanguage\":\"pl-PL\"},{\"@type\":\"Organization\",\"@id\":\"https:\\\/\\\/www.babcock-wanson.com\\\/pl\\\/#organization\",\"name\":\"Babcock Wanson\",\"url\":\"https:\\\/\\\/www.babcock-wanson.com\\\/pl\\\/\",\"logo\":{\"@type\":\"ImageObject\",\"inLanguage\":\"pl-PL\",\"@id\":\"https:\\\/\\\/www.babcock-wanson.com\\\/pl\\\/#\\\/schema\\\/logo\\\/image\\\/\",\"url\":\"https:\\\/\\\/www.babcock-wanson.com\\\/wp-content\\\/uploads\\\/2024\\\/02\\\/Babcock-Wanson-1200x1200-1.png\",\"contentUrl\":\"https:\\\/\\\/www.babcock-wanson.com\\\/wp-content\\\/uploads\\\/2024\\\/02\\\/Babcock-Wanson-1200x1200-1.png\",\"width\":1200,\"height\":1200,\"caption\":\"Babcock Wanson\"},\"image\":{\"@id\":\"https:\\\/\\\/www.babcock-wanson.com\\\/pl\\\/#\\\/schema\\\/logo\\\/image\\\/\"},\"sameAs\":[\"https:\\\/\\\/www.linkedin.com\\\/company\\\/babcock-wanson\\\/\",\"https:\\\/\\\/www.youtube.com\\\/channel\\\/UCtxl25VieBBsP2kYmtlyv7A\"]}]}<\/script>\n<!-- \/ Yoast SEO Premium plugin. -->","yoast_head_json":{"title":"Thermoslow - Babcock Wanson","description":"Thermoslow to kompaktowy palnik, kt\u00f3ry uzupe\u0142nia konwencjonalny system spalania. Urz\u0105dzenie zaprojektowano tak, aby utrzyma\u0107 ci\u015bnienie w kotle podczas d\u0142ugotrwa\u0142ej pracy w trybie czuwania bez przep\u0142ywu pary i przy minimalnych stratach energii.","robots":{"index":"index","follow":"follow","max-snippet":"max-snippet:-1","max-image-preview":"max-image-preview:large","max-video-preview":"max-video-preview:-1"},"canonical":"https:\/\/www.babcock-wanson.com\/pl\/produkty\/palniki-przemyslowe\/thermoslow\/","og_locale":"pl_PL","og_type":"article","og_title":"Thermoslow","og_description":"Thermoslow to kompaktowy palnik, kt\u00f3ry uzupe\u0142nia konwencjonalny system spalania. Urz\u0105dzenie zaprojektowano tak, aby utrzyma\u0107 ci\u015bnienie w kotle podczas d\u0142ugotrwa\u0142ej pracy w trybie czuwania bez przep\u0142ywu pary i przy minimalnych stratach energii.","og_url":"https:\/\/www.babcock-wanson.com\/pl\/produkty\/palniki-przemyslowe\/thermoslow\/","og_site_name":"Babcock Wanson","article_modified_time":"2025-06-18T10:19:00+00:00","og_image":[{"width":600,"height":400,"url":"https:\/\/www.babcock-wanson.com\/wp-content\/uploads\/2019\/02\/Thermoslow-1.webp","type":"image\/webp"}],"twitter_card":"summary_large_image","twitter_misc":{"Est. reading time":"1 minuta"},"schema":{"@context":"https:\/\/schema.org","@graph":[{"@type":"WebPage","@id":"https:\/\/www.babcock-wanson.com\/pl\/produkty\/palniki-przemyslowe\/thermoslow\/","url":"https:\/\/www.babcock-wanson.com\/pl\/produkty\/palniki-przemyslowe\/thermoslow\/","name":"Thermoslow - Babcock Wanson","isPartOf":{"@id":"https:\/\/www.babcock-wanson.com\/pl\/#website"},"primaryImageOfPage":{"@id":"https:\/\/www.babcock-wanson.com\/pl\/produkty\/palniki-przemyslowe\/thermoslow\/#primaryimage"},"image":{"@id":"https:\/\/www.babcock-wanson.com\/pl\/produkty\/palniki-przemyslowe\/thermoslow\/#primaryimage"},"thumbnailUrl":"https:\/\/www.babcock-wanson.com\/wp-content\/uploads\/2019\/02\/Thermoslow-1.webp","datePublished":"2019-02-11T15:39:48+00:00","dateModified":"2025-06-18T10:19:00+00:00","description":"Thermoslow to kompaktowy palnik, kt\u00f3ry uzupe\u0142nia konwencjonalny system spalania. Urz\u0105dzenie zaprojektowano tak, aby utrzyma\u0107 ci\u015bnienie w kotle podczas d\u0142ugotrwa\u0142ej pracy w trybie czuwania bez przep\u0142ywu pary i przy minimalnych stratach energii.","breadcrumb":{"@id":"https:\/\/www.babcock-wanson.com\/pl\/produkty\/palniki-przemyslowe\/thermoslow\/#breadcrumb"},"inLanguage":"pl-PL","potentialAction":[{"@type":"ReadAction","target":["https:\/\/www.babcock-wanson.com\/pl\/produkty\/palniki-przemyslowe\/thermoslow\/"]}]},{"@type":"ImageObject","inLanguage":"pl-PL","@id":"https:\/\/www.babcock-wanson.com\/pl\/produkty\/palniki-przemyslowe\/thermoslow\/#primaryimage","url":"https:\/\/www.babcock-wanson.com\/wp-content\/uploads\/2019\/02\/Thermoslow-1.webp","contentUrl":"https:\/\/www.babcock-wanson.com\/wp-content\/uploads\/2019\/02\/Thermoslow-1.webp","width":600,"height":400,"caption":"Thermoslow"},{"@type":"BreadcrumbList","@id":"https:\/\/www.babcock-wanson.com\/pl\/produkty\/palniki-przemyslowe\/thermoslow\/#breadcrumb","itemListElement":[{"@type":"ListItem","position":1,"name":"Strona g\u0142\u00f3wna","item":"https:\/\/www.babcock-wanson.com\/pl\/"},{"@type":"ListItem","position":2,"name":"Produkty","item":"https:\/\/www.babcock-wanson.com\/pl\/shop\/"},{"@type":"ListItem","position":3,"name":"Palniki Przemys\u0142owe","item":"https:\/\/www.babcock-wanson.com\/pl\/kategoria-produktu\/palniki-przemyslowe\/"},{"@type":"ListItem","position":4,"name":"Thermoslow"}]},{"@type":"WebSite","@id":"https:\/\/www.babcock-wanson.com\/pl\/#website","url":"https:\/\/www.babcock-wanson.com\/pl\/","name":"Babcock Wanson","description":"","publisher":{"@id":"https:\/\/www.babcock-wanson.com\/pl\/#organization"},"potentialAction":[{"@type":"SearchAction","target":{"@type":"EntryPoint","urlTemplate":"https:\/\/www.babcock-wanson.com\/pl\/?s={search_term_string}"},"query-input":{"@type":"PropertyValueSpecification","valueRequired":true,"valueName":"search_term_string"}}],"inLanguage":"pl-PL"},{"@type":"Organization","@id":"https:\/\/www.babcock-wanson.com\/pl\/#organization","name":"Babcock Wanson","url":"https:\/\/www.babcock-wanson.com\/pl\/","logo":{"@type":"ImageObject","inLanguage":"pl-PL","@id":"https:\/\/www.babcock-wanson.com\/pl\/#\/schema\/logo\/image\/","url":"https:\/\/www.babcock-wanson.com\/wp-content\/uploads\/2024\/02\/Babcock-Wanson-1200x1200-1.png","contentUrl":"https:\/\/www.babcock-wanson.com\/wp-content\/uploads\/2024\/02\/Babcock-Wanson-1200x1200-1.png","width":1200,"height":1200,"caption":"Babcock Wanson"},"image":{"@id":"https:\/\/www.babcock-wanson.com\/pl\/#\/schema\/logo\/image\/"},"sameAs":["https:\/\/www.linkedin.com\/company\/babcock-wanson\/","https:\/\/www.youtube.com\/channel\/UCtxl25VieBBsP2kYmtlyv7A"]}]}},"jetpack_sharing_enabled":true,"_links":{"self":[{"href":"https:\/\/www.babcock-wanson.com\/pl\/wp-json\/wp\/v2\/product\/36859","targetHints":{"allow":["GET"]}}],"collection":[{"href":"https:\/\/www.babcock-wanson.com\/pl\/wp-json\/wp\/v2\/product"}],"about":[{"href":"https:\/\/www.babcock-wanson.com\/pl\/wp-json\/wp\/v2\/types\/product"}],"replies":[{"embeddable":true,"href":"https:\/\/www.babcock-wanson.com\/pl\/wp-json\/wp\/v2\/comments?post=36859"}],"wp:featuredmedia":[{"embeddable":true,"href":"https:\/\/www.babcock-wanson.com\/pl\/wp-json\/wp\/v2\/media\/52271"}],"wp:attachment":[{"href":"https:\/\/www.babcock-wanson.com\/pl\/wp-json\/wp\/v2\/media?parent=36859"}],"wp:term":[{"taxonomy":"product_brand","embeddable":true,"href":"https:\/\/www.babcock-wanson.com\/pl\/wp-json\/wp\/v2\/product_brand?post=36859"},{"taxonomy":"product_cat","embeddable":true,"href":"https:\/\/www.babcock-wanson.com\/pl\/wp-json\/wp\/v2\/product_cat?post=36859"},{"taxonomy":"product_tag","embeddable":true,"href":"https:\/\/www.babcock-wanson.com\/pl\/wp-json\/wp\/v2\/product_tag?post=36859"}],"curies":[{"name":"wp","href":"https:\/\/api.w.org\/{rel}","templated":true}]}}