{"id":36863,"date":"2019-02-11T15:39:46","date_gmt":"2019-02-11T15:39:46","guid":{"rendered":"https:\/\/www.babcock-wanson.com\/products\/bez-kategorii\/modulo\/"},"modified":"2024-03-26T16:39:02","modified_gmt":"2024-03-26T16:39:02","slug":"modulo","status":"publish","type":"product","link":"https:\/\/www.babcock-wanson.com\/pl\/produkty\/palniki-przemyslowe\/modulo\/","title":{"rendered":"Modulo+"},"content":{"rendered":"<div class=\"vgblk-rw-wrapper limit-wrapper\">\r\n<h3>Palniki gazowe Modulo+<\/h3>\r\n<ul>\r\n<li>Dost\u0119pne paliwo: gaz ziemny, gaz skroplony<\/li>\r\n<li>Od 2 do 24 MW<\/li>\r\n<li>Wsp\u00f3\u0142czynnik skalowania 1:12.<\/li>\r\n<li>Bardzo niska emisja NOx \u2264\u00a060\u00a0mg\/Nm\u00b3 przy 3% O2 (zgodnie z\u00a0norm\u0105 EN676).<\/li>\r\n<li>Minimalny nadmiar powietrza w\u00a0ca\u0142ym zakresie roboczym.<\/li>\r\n<li>Wysoki wsp\u00f3\u0142czynnik skalowania oznacza mniejsze ca\u0142kowite straty wynikaj\u0105ce z\u00a0mniejszej liczby cykli czyszczenia.<\/li>\r\n<\/ul>\r\n<\/div><!-- .vgblk-rw-wrapper -->","protected":false},"excerpt":{"rendered":"<p>Opracowane we wsp\u00f3\u0142pracy z\u00a0ADEME, palniki gazowe Modulo+ firmy Babcock Wanson zapewniaj\u0105 zwi\u0119kszon\u0105 elastyczno\u015b\u0107 dzia\u0142ania, wy\u017csz\u0105 oszcz\u0119dno\u015b\u0107 energii i\u00a0znacznie zmniejszon\u0105 emisj\u0119 NOx. Palniki Modulo+ s\u0105 wyposa\u017cone w\u00a0specjalnie dopasowany wentylator powietrza do spalania, podw\u00f3jny ci\u0105g gazowy, ka\u017cdy z\u00a0monitorowaniem przep\u0142ywu, oraz specjalnie opracowan\u0105 g\u0142owic\u0119 spalania do pracy przy wysokim skalowaniu oraz bardzo niskich poziomach emisji NOx.<\/p>\n","protected":false},"featured_media":36866,"comment_status":"closed","ping_status":"closed","template":"","meta":{"_acf_changed":false,"_relevanssi_hide_post":"","_relevanssi_hide_content":"","_relevanssi_pin_for_all":"","_relevanssi_pin_keywords":"","_relevanssi_unpin_keywords":"","_relevanssi_related_keywords":"","_relevanssi_related_include_ids":"","_relevanssi_related_exclude_ids":"","_relevanssi_related_no_append":"","_relevanssi_related_not_related":"","_relevanssi_related_posts":"","_relevanssi_noindex_reason":""},"product_brand":[],"product_cat":[6409],"product_tag":[],"class_list":{"0":"post-36863","1":"product","2":"type-product","3":"status-publish","4":"has-post-thumbnail","6":"product_cat-palniki-przemyslowe","8":"first","9":"instock","10":"shipping-taxable","11":"product-type-simple"},"acf":[],"yoast_head":"<!-- This site is optimized with the Yoast SEO Premium plugin v27.4 (Yoast SEO v27.4) - https:\/\/yoast.com\/product\/yoast-seo-premium-wordpress\/ -->\n<title>Modulo+ - Babcock Wanson<\/title>\n<meta name=\"description\" content=\"Palniki gazowe Modulo+ firmy Babcock Wanson zapewniaj\u0105 zwi\u0119kszon\u0105 elastyczno\u015b\u0107 dzia\u0142ania, wy\u017csz\u0105 oszcz\u0119dno\u015b\u0107 energii i\u00a0znacznie zmniejszon\u0105 emisj\u0119 NOx.\" \/>\n<meta name=\"robots\" content=\"index, follow, max-snippet:-1, max-image-preview:large, max-video-preview:-1\" \/>\n<link rel=\"canonical\" href=\"https:\/\/www.babcock-wanson.com\/pl\/produkty\/palniki-przemyslowe\/modulo\/\" \/>\n<meta property=\"og:locale\" content=\"pl_PL\" \/>\n<meta property=\"og:type\" content=\"article\" \/>\n<meta property=\"og:title\" content=\"Modulo+\" \/>\n<meta property=\"og:description\" content=\"Palniki gazowe Modulo+ firmy Babcock Wanson zapewniaj\u0105 zwi\u0119kszon\u0105 elastyczno\u015b\u0107 dzia\u0142ania, wy\u017csz\u0105 oszcz\u0119dno\u015b\u0107 energii i\u00a0znacznie zmniejszon\u0105 emisj\u0119 NOx.\" \/>\n<meta property=\"og:url\" content=\"https:\/\/www.babcock-wanson.com\/pl\/produkty\/palniki-przemyslowe\/modulo\/\" \/>\n<meta property=\"og:site_name\" content=\"Babcock Wanson\" \/>\n<meta property=\"article:modified_time\" content=\"2024-03-26T16:39:02+00:00\" \/>\n<meta property=\"og:image\" content=\"https:\/\/www.babcock-wanson.com\/wp-content\/uploads\/2019\/02\/modulo-2.jpg\" \/>\n\t<meta property=\"og:image:width\" content=\"600\" \/>\n\t<meta property=\"og:image:height\" content=\"400\" \/>\n\t<meta property=\"og:image:type\" content=\"image\/jpeg\" \/>\n<meta name=\"twitter:card\" content=\"summary_large_image\" \/>\n<meta name=\"twitter:label1\" content=\"Est. reading time\" \/>\n\t<meta name=\"twitter:data1\" content=\"1 minuta\" \/>\n<script type=\"application\/ld+json\" class=\"yoast-schema-graph\">{\"@context\":\"https:\\\/\\\/schema.org\",\"@graph\":[{\"@type\":\"WebPage\",\"@id\":\"https:\\\/\\\/www.babcock-wanson.com\\\/pl\\\/produkty\\\/palniki-przemyslowe\\\/modulo\\\/\",\"url\":\"https:\\\/\\\/www.babcock-wanson.com\\\/pl\\\/produkty\\\/palniki-przemyslowe\\\/modulo\\\/\",\"name\":\"Modulo+ - Babcock Wanson\",\"isPartOf\":{\"@id\":\"https:\\\/\\\/www.babcock-wanson.com\\\/pl\\\/#website\"},\"primaryImageOfPage\":{\"@id\":\"https:\\\/\\\/www.babcock-wanson.com\\\/pl\\\/produkty\\\/palniki-przemyslowe\\\/modulo\\\/#primaryimage\"},\"image\":{\"@id\":\"https:\\\/\\\/www.babcock-wanson.com\\\/pl\\\/produkty\\\/palniki-przemyslowe\\\/modulo\\\/#primaryimage\"},\"thumbnailUrl\":\"https:\\\/\\\/www.babcock-wanson.com\\\/wp-content\\\/uploads\\\/2019\\\/02\\\/modulo-2.jpg\",\"datePublished\":\"2019-02-11T15:39:46+00:00\",\"dateModified\":\"2024-03-26T16:39:02+00:00\",\"description\":\"Palniki gazowe Modulo+ firmy Babcock Wanson zapewniaj\u0105 zwi\u0119kszon\u0105 elastyczno\u015b\u0107 dzia\u0142ania, wy\u017csz\u0105 oszcz\u0119dno\u015b\u0107 energii i\u00a0znacznie zmniejszon\u0105 emisj\u0119 NOx.\",\"breadcrumb\":{\"@id\":\"https:\\\/\\\/www.babcock-wanson.com\\\/pl\\\/produkty\\\/palniki-przemyslowe\\\/modulo\\\/#breadcrumb\"},\"inLanguage\":\"pl-PL\",\"potentialAction\":[{\"@type\":\"ReadAction\",\"target\":[\"https:\\\/\\\/www.babcock-wanson.com\\\/pl\\\/produkty\\\/palniki-przemyslowe\\\/modulo\\\/\"]}]},{\"@type\":\"ImageObject\",\"inLanguage\":\"pl-PL\",\"@id\":\"https:\\\/\\\/www.babcock-wanson.com\\\/pl\\\/produkty\\\/palniki-przemyslowe\\\/modulo\\\/#primaryimage\",\"url\":\"https:\\\/\\\/www.babcock-wanson.com\\\/wp-content\\\/uploads\\\/2019\\\/02\\\/modulo-2.jpg\",\"contentUrl\":\"https:\\\/\\\/www.babcock-wanson.com\\\/wp-content\\\/uploads\\\/2019\\\/02\\\/modulo-2.jpg\",\"width\":600,\"height\":400},{\"@type\":\"BreadcrumbList\",\"@id\":\"https:\\\/\\\/www.babcock-wanson.com\\\/pl\\\/produkty\\\/palniki-przemyslowe\\\/modulo\\\/#breadcrumb\",\"itemListElement\":[{\"@type\":\"ListItem\",\"position\":1,\"name\":\"Strona g\u0142\u00f3wna\",\"item\":\"https:\\\/\\\/www.babcock-wanson.com\\\/pl\\\/\"},{\"@type\":\"ListItem\",\"position\":2,\"name\":\"Produkty\",\"item\":\"https:\\\/\\\/www.babcock-wanson.com\\\/pl\\\/shop\\\/\"},{\"@type\":\"ListItem\",\"position\":3,\"name\":\"Palniki Przemys\u0142owe\",\"item\":\"https:\\\/\\\/www.babcock-wanson.com\\\/pl\\\/kategoria-produktu\\\/palniki-przemyslowe\\\/\"},{\"@type\":\"ListItem\",\"position\":4,\"name\":\"Modulo+\"}]},{\"@type\":\"WebSite\",\"@id\":\"https:\\\/\\\/www.babcock-wanson.com\\\/pl\\\/#website\",\"url\":\"https:\\\/\\\/www.babcock-wanson.com\\\/pl\\\/\",\"name\":\"Babcock Wanson\",\"description\":\"\",\"publisher\":{\"@id\":\"https:\\\/\\\/www.babcock-wanson.com\\\/pl\\\/#organization\"},\"potentialAction\":[{\"@type\":\"SearchAction\",\"target\":{\"@type\":\"EntryPoint\",\"urlTemplate\":\"https:\\\/\\\/www.babcock-wanson.com\\\/pl\\\/?s={search_term_string}\"},\"query-input\":{\"@type\":\"PropertyValueSpecification\",\"valueRequired\":true,\"valueName\":\"search_term_string\"}}],\"inLanguage\":\"pl-PL\"},{\"@type\":\"Organization\",\"@id\":\"https:\\\/\\\/www.babcock-wanson.com\\\/pl\\\/#organization\",\"name\":\"Babcock Wanson\",\"url\":\"https:\\\/\\\/www.babcock-wanson.com\\\/pl\\\/\",\"logo\":{\"@type\":\"ImageObject\",\"inLanguage\":\"pl-PL\",\"@id\":\"https:\\\/\\\/www.babcock-wanson.com\\\/pl\\\/#\\\/schema\\\/logo\\\/image\\\/\",\"url\":\"https:\\\/\\\/www.babcock-wanson.com\\\/wp-content\\\/uploads\\\/2024\\\/02\\\/Babcock-Wanson-1200x1200-1.png\",\"contentUrl\":\"https:\\\/\\\/www.babcock-wanson.com\\\/wp-content\\\/uploads\\\/2024\\\/02\\\/Babcock-Wanson-1200x1200-1.png\",\"width\":1200,\"height\":1200,\"caption\":\"Babcock Wanson\"},\"image\":{\"@id\":\"https:\\\/\\\/www.babcock-wanson.com\\\/pl\\\/#\\\/schema\\\/logo\\\/image\\\/\"},\"sameAs\":[\"https:\\\/\\\/www.linkedin.com\\\/company\\\/babcock-wanson\\\/\",\"https:\\\/\\\/www.youtube.com\\\/channel\\\/UCtxl25VieBBsP2kYmtlyv7A\"]}]}<\/script>\n<!-- \/ Yoast SEO Premium plugin. -->","yoast_head_json":{"title":"Modulo+ - Babcock Wanson","description":"Palniki gazowe Modulo+ firmy Babcock Wanson zapewniaj\u0105 zwi\u0119kszon\u0105 elastyczno\u015b\u0107 dzia\u0142ania, wy\u017csz\u0105 oszcz\u0119dno\u015b\u0107 energii i\u00a0znacznie zmniejszon\u0105 emisj\u0119 NOx.","robots":{"index":"index","follow":"follow","max-snippet":"max-snippet:-1","max-image-preview":"max-image-preview:large","max-video-preview":"max-video-preview:-1"},"canonical":"https:\/\/www.babcock-wanson.com\/pl\/produkty\/palniki-przemyslowe\/modulo\/","og_locale":"pl_PL","og_type":"article","og_title":"Modulo+","og_description":"Palniki gazowe Modulo+ firmy Babcock Wanson zapewniaj\u0105 zwi\u0119kszon\u0105 elastyczno\u015b\u0107 dzia\u0142ania, wy\u017csz\u0105 oszcz\u0119dno\u015b\u0107 energii i\u00a0znacznie zmniejszon\u0105 emisj\u0119 NOx.","og_url":"https:\/\/www.babcock-wanson.com\/pl\/produkty\/palniki-przemyslowe\/modulo\/","og_site_name":"Babcock Wanson","article_modified_time":"2024-03-26T16:39:02+00:00","og_image":[{"width":600,"height":400,"url":"https:\/\/www.babcock-wanson.com\/wp-content\/uploads\/2019\/02\/modulo-2.jpg","type":"image\/jpeg"}],"twitter_card":"summary_large_image","twitter_misc":{"Est. reading time":"1 minuta"},"schema":{"@context":"https:\/\/schema.org","@graph":[{"@type":"WebPage","@id":"https:\/\/www.babcock-wanson.com\/pl\/produkty\/palniki-przemyslowe\/modulo\/","url":"https:\/\/www.babcock-wanson.com\/pl\/produkty\/palniki-przemyslowe\/modulo\/","name":"Modulo+ - Babcock Wanson","isPartOf":{"@id":"https:\/\/www.babcock-wanson.com\/pl\/#website"},"primaryImageOfPage":{"@id":"https:\/\/www.babcock-wanson.com\/pl\/produkty\/palniki-przemyslowe\/modulo\/#primaryimage"},"image":{"@id":"https:\/\/www.babcock-wanson.com\/pl\/produkty\/palniki-przemyslowe\/modulo\/#primaryimage"},"thumbnailUrl":"https:\/\/www.babcock-wanson.com\/wp-content\/uploads\/2019\/02\/modulo-2.jpg","datePublished":"2019-02-11T15:39:46+00:00","dateModified":"2024-03-26T16:39:02+00:00","description":"Palniki gazowe Modulo+ firmy Babcock Wanson zapewniaj\u0105 zwi\u0119kszon\u0105 elastyczno\u015b\u0107 dzia\u0142ania, wy\u017csz\u0105 oszcz\u0119dno\u015b\u0107 energii i\u00a0znacznie zmniejszon\u0105 emisj\u0119 NOx.","breadcrumb":{"@id":"https:\/\/www.babcock-wanson.com\/pl\/produkty\/palniki-przemyslowe\/modulo\/#breadcrumb"},"inLanguage":"pl-PL","potentialAction":[{"@type":"ReadAction","target":["https:\/\/www.babcock-wanson.com\/pl\/produkty\/palniki-przemyslowe\/modulo\/"]}]},{"@type":"ImageObject","inLanguage":"pl-PL","@id":"https:\/\/www.babcock-wanson.com\/pl\/produkty\/palniki-przemyslowe\/modulo\/#primaryimage","url":"https:\/\/www.babcock-wanson.com\/wp-content\/uploads\/2019\/02\/modulo-2.jpg","contentUrl":"https:\/\/www.babcock-wanson.com\/wp-content\/uploads\/2019\/02\/modulo-2.jpg","width":600,"height":400},{"@type":"BreadcrumbList","@id":"https:\/\/www.babcock-wanson.com\/pl\/produkty\/palniki-przemyslowe\/modulo\/#breadcrumb","itemListElement":[{"@type":"ListItem","position":1,"name":"Strona g\u0142\u00f3wna","item":"https:\/\/www.babcock-wanson.com\/pl\/"},{"@type":"ListItem","position":2,"name":"Produkty","item":"https:\/\/www.babcock-wanson.com\/pl\/shop\/"},{"@type":"ListItem","position":3,"name":"Palniki Przemys\u0142owe","item":"https:\/\/www.babcock-wanson.com\/pl\/kategoria-produktu\/palniki-przemyslowe\/"},{"@type":"ListItem","position":4,"name":"Modulo+"}]},{"@type":"WebSite","@id":"https:\/\/www.babcock-wanson.com\/pl\/#website","url":"https:\/\/www.babcock-wanson.com\/pl\/","name":"Babcock Wanson","description":"","publisher":{"@id":"https:\/\/www.babcock-wanson.com\/pl\/#organization"},"potentialAction":[{"@type":"SearchAction","target":{"@type":"EntryPoint","urlTemplate":"https:\/\/www.babcock-wanson.com\/pl\/?s={search_term_string}"},"query-input":{"@type":"PropertyValueSpecification","valueRequired":true,"valueName":"search_term_string"}}],"inLanguage":"pl-PL"},{"@type":"Organization","@id":"https:\/\/www.babcock-wanson.com\/pl\/#organization","name":"Babcock Wanson","url":"https:\/\/www.babcock-wanson.com\/pl\/","logo":{"@type":"ImageObject","inLanguage":"pl-PL","@id":"https:\/\/www.babcock-wanson.com\/pl\/#\/schema\/logo\/image\/","url":"https:\/\/www.babcock-wanson.com\/wp-content\/uploads\/2024\/02\/Babcock-Wanson-1200x1200-1.png","contentUrl":"https:\/\/www.babcock-wanson.com\/wp-content\/uploads\/2024\/02\/Babcock-Wanson-1200x1200-1.png","width":1200,"height":1200,"caption":"Babcock Wanson"},"image":{"@id":"https:\/\/www.babcock-wanson.com\/pl\/#\/schema\/logo\/image\/"},"sameAs":["https:\/\/www.linkedin.com\/company\/babcock-wanson\/","https:\/\/www.youtube.com\/channel\/UCtxl25VieBBsP2kYmtlyv7A"]}]}},"jetpack_sharing_enabled":true,"_links":{"self":[{"href":"https:\/\/www.babcock-wanson.com\/pl\/wp-json\/wp\/v2\/product\/36863","targetHints":{"allow":["GET"]}}],"collection":[{"href":"https:\/\/www.babcock-wanson.com\/pl\/wp-json\/wp\/v2\/product"}],"about":[{"href":"https:\/\/www.babcock-wanson.com\/pl\/wp-json\/wp\/v2\/types\/product"}],"replies":[{"embeddable":true,"href":"https:\/\/www.babcock-wanson.com\/pl\/wp-json\/wp\/v2\/comments?post=36863"}],"wp:featuredmedia":[{"embeddable":true,"href":"https:\/\/www.babcock-wanson.com\/pl\/wp-json\/wp\/v2\/media\/36866"}],"wp:attachment":[{"href":"https:\/\/www.babcock-wanson.com\/pl\/wp-json\/wp\/v2\/media?parent=36863"}],"wp:term":[{"taxonomy":"product_brand","embeddable":true,"href":"https:\/\/www.babcock-wanson.com\/pl\/wp-json\/wp\/v2\/product_brand?post=36863"},{"taxonomy":"product_cat","embeddable":true,"href":"https:\/\/www.babcock-wanson.com\/pl\/wp-json\/wp\/v2\/product_cat?post=36863"},{"taxonomy":"product_tag","embeddable":true,"href":"https:\/\/www.babcock-wanson.com\/pl\/wp-json\/wp\/v2\/product_tag?post=36863"}],"curies":[{"name":"wp","href":"https:\/\/api.w.org\/{rel}","templated":true}]}}