{"id":36867,"date":"2019-02-11T15:39:42","date_gmt":"2019-02-11T15:39:42","guid":{"rendered":"https:\/\/www.babcock-wanson.com\/products\/bez-kategorii\/lnta-ta\/"},"modified":"2021-11-08T16:19:42","modified_gmt":"2021-11-08T16:19:42","slug":"lnta-ta","status":"publish","type":"product","link":"https:\/\/www.babcock-wanson.com\/pl\/produkty\/palniki-przemyslowe\/lnta-ta\/","title":{"rendered":"LNTA i TA"},"content":{"rendered":"<div class=\"vgblk-rw-wrapper limit-wrapper\">\r\n<h3>Palniki przemys\u0142owe LNTA i\u00a0TA<\/h3>\r\n<ul>\r\n<li>Dost\u0119pne paliwo: gaz ziemny, gaz p\u0142ynny, olej nap\u0119dowy, \u015brednie i\u00a0ci\u0119\u017ckie oleje opa\u0142owe oraz inne paliwa na \u017c\u0105danie.<\/li>\r\n<li>LNTA: od 3,5 do 10,5\u00a0MW.<\/li>\r\n<li>TA: od 9\u00a0do 22\u00a0MW.<\/li>\r\n<li>LNTA: W pe\u0142ni zintegrowany wentylator powietrza do spalania i\u00a0silnik palnika.<\/li>\r\n<li>TA: Niezale\u017cny zesp\u00f3\u0142 wentylatora powietrza do spalania zapewnia elastyczne mo\u017cliwo\u015bci instalacji na miejscu.<\/li>\r\n<li>Formowana aluminiowa obudowa zmniejsza ci\u0119\u017car.<\/li>\r\n<li>\u0141atwy dost\u0119p do wszystkich element\u00f3w palnika dzi\u0119ki zawiasowemu systemowi otwierania.<\/li>\r\n<li>Zap\u0142on za pomoc\u0105 zapalnika gazowego (pilot).<\/li>\r\n<li>Kontrola zaniku p\u0142omienia dopasowana do paliwa oraz zapewniaj\u0105ca zgodno\u015b\u0107 z\u00a0przepisami\/regulacjami dotycz\u0105cymi kontroli.<\/li>\r\n<li>W\u00a0pe\u0142ni cyfrowe sterowanie procesem spalania w\u00a0celu precyzyjnej regulacji mocy wyj\u015bciowej i\u00a0zagwarantowania wydajnej pracy.<\/li>\r\n<li>Cyfrowe sterowanie po\u0142o\u017ceniem g\u0142owicy palnika w\u00a0celu poprawy dzia\u0142ania i\u00a0emisji spalin.<\/li>\r\n<li>Dystrybucja gaz\u00f3w wielostrumieniowych z\u00a0wbudowan\u0105 recyrkulacj\u0105 gaz\u00f3w spalinowych w\u00a0celu zmniejszenia emisji NOx.<\/li>\r\n<\/ul>\r\n<\/div><!-- .vgblk-rw-wrapper -->","protected":false},"excerpt":{"rendered":"<p><a href=\"https:\/\/www.babcock-wanson.com\/pl\/kategoria-produktu\/palniki-przemyslowe\/\" target=\"_blank\" rel=\"noopener\">Palniki<\/a> z\u00a0wymuszonym ci\u0105giem LNTA i\u00a0TA s\u0105 cz\u0119\u015bci\u0105 sukcesu firmy Babcock Wanson w\u00a0dziedzinie kot\u0142\u00f3w przemys\u0142owych. Dzi\u0119ki ci\u0105g\u0142emu ulepszaniu te rodziny produkt\u00f3w s\u0105 nadal powszechnie i\u00a0skutecznie wykorzystywane w\u00a0zastosowaniach przemys\u0142owych (zar\u00f3wno w\u00a0kot\u0142ach, jak i\u00a0urz\u0105dzeniach technologicznych).<\/p>\n","protected":false},"featured_media":36870,"comment_status":"closed","ping_status":"closed","template":"","meta":{"_acf_changed":false,"_relevanssi_hide_post":"","_relevanssi_hide_content":"","_relevanssi_pin_for_all":"","_relevanssi_pin_keywords":"","_relevanssi_unpin_keywords":"","_relevanssi_related_keywords":"","_relevanssi_related_include_ids":"","_relevanssi_related_exclude_ids":"","_relevanssi_related_no_append":"","_relevanssi_related_not_related":"","_relevanssi_related_posts":"","_relevanssi_noindex_reason":""},"product_brand":[],"product_cat":[6409],"product_tag":[],"class_list":{"0":"post-36867","1":"product","2":"type-product","3":"status-publish","4":"has-post-thumbnail","6":"product_cat-palniki-przemyslowe","8":"first","9":"instock","10":"shipping-taxable","11":"product-type-simple"},"acf":[],"yoast_head":"<!-- This site is optimized with the Yoast SEO Premium plugin v27.4 (Yoast SEO v27.4) - https:\/\/yoast.com\/product\/yoast-seo-premium-wordpress\/ -->\n<title>LNTA i TA - Babcock Wanson<\/title>\n<meta name=\"description\" content=\"Palniki z\u00a0wymuszonym ci\u0105giem LNTA i\u00a0TA s\u0105 cz\u0119\u015bci\u0105 sukcesu firmy Babcock Wanson w\u00a0dziedzinie kot\u0142\u00f3w przemys\u0142owych.\" \/>\n<meta name=\"robots\" content=\"index, follow, max-snippet:-1, max-image-preview:large, max-video-preview:-1\" \/>\n<link rel=\"canonical\" href=\"https:\/\/www.babcock-wanson.com\/pl\/produkty\/palniki-przemyslowe\/lnta-ta\/\" \/>\n<meta property=\"og:locale\" content=\"pl_PL\" \/>\n<meta property=\"og:type\" content=\"article\" \/>\n<meta property=\"og:title\" content=\"LNTA i TA\" \/>\n<meta property=\"og:description\" content=\"Palniki z\u00a0wymuszonym ci\u0105giem LNTA i\u00a0TA s\u0105 cz\u0119\u015bci\u0105 sukcesu firmy Babcock Wanson w\u00a0dziedzinie kot\u0142\u00f3w przemys\u0142owych.\" \/>\n<meta property=\"og:url\" content=\"https:\/\/www.babcock-wanson.com\/pl\/produkty\/palniki-przemyslowe\/lnta-ta\/\" \/>\n<meta property=\"og:site_name\" content=\"Babcock Wanson\" \/>\n<meta property=\"article:modified_time\" content=\"2021-11-08T16:19:42+00:00\" \/>\n<meta property=\"og:image\" content=\"https:\/\/www.babcock-wanson.com\/wp-content\/uploads\/2019\/02\/LNTA-TA-5.jpg\" \/>\n\t<meta property=\"og:image:width\" content=\"600\" \/>\n\t<meta property=\"og:image:height\" content=\"400\" \/>\n\t<meta property=\"og:image:type\" content=\"image\/jpeg\" \/>\n<meta name=\"twitter:card\" content=\"summary_large_image\" \/>\n<meta name=\"twitter:label1\" content=\"Est. reading time\" \/>\n\t<meta name=\"twitter:data1\" content=\"1 minuta\" \/>\n<script type=\"application\/ld+json\" class=\"yoast-schema-graph\">{\"@context\":\"https:\\\/\\\/schema.org\",\"@graph\":[{\"@type\":\"WebPage\",\"@id\":\"https:\\\/\\\/www.babcock-wanson.com\\\/pl\\\/produkty\\\/palniki-przemyslowe\\\/lnta-ta\\\/\",\"url\":\"https:\\\/\\\/www.babcock-wanson.com\\\/pl\\\/produkty\\\/palniki-przemyslowe\\\/lnta-ta\\\/\",\"name\":\"LNTA i TA - Babcock Wanson\",\"isPartOf\":{\"@id\":\"https:\\\/\\\/www.babcock-wanson.com\\\/pl\\\/#website\"},\"primaryImageOfPage\":{\"@id\":\"https:\\\/\\\/www.babcock-wanson.com\\\/pl\\\/produkty\\\/palniki-przemyslowe\\\/lnta-ta\\\/#primaryimage\"},\"image\":{\"@id\":\"https:\\\/\\\/www.babcock-wanson.com\\\/pl\\\/produkty\\\/palniki-przemyslowe\\\/lnta-ta\\\/#primaryimage\"},\"thumbnailUrl\":\"https:\\\/\\\/www.babcock-wanson.com\\\/wp-content\\\/uploads\\\/2019\\\/02\\\/LNTA-TA-5.jpg\",\"datePublished\":\"2019-02-11T15:39:42+00:00\",\"dateModified\":\"2021-11-08T16:19:42+00:00\",\"description\":\"Palniki z\u00a0wymuszonym ci\u0105giem LNTA i\u00a0TA s\u0105 cz\u0119\u015bci\u0105 sukcesu firmy Babcock Wanson w\u00a0dziedzinie kot\u0142\u00f3w przemys\u0142owych.\",\"breadcrumb\":{\"@id\":\"https:\\\/\\\/www.babcock-wanson.com\\\/pl\\\/produkty\\\/palniki-przemyslowe\\\/lnta-ta\\\/#breadcrumb\"},\"inLanguage\":\"pl-PL\",\"potentialAction\":[{\"@type\":\"ReadAction\",\"target\":[\"https:\\\/\\\/www.babcock-wanson.com\\\/pl\\\/produkty\\\/palniki-przemyslowe\\\/lnta-ta\\\/\"]}]},{\"@type\":\"ImageObject\",\"inLanguage\":\"pl-PL\",\"@id\":\"https:\\\/\\\/www.babcock-wanson.com\\\/pl\\\/produkty\\\/palniki-przemyslowe\\\/lnta-ta\\\/#primaryimage\",\"url\":\"https:\\\/\\\/www.babcock-wanson.com\\\/wp-content\\\/uploads\\\/2019\\\/02\\\/LNTA-TA-5.jpg\",\"contentUrl\":\"https:\\\/\\\/www.babcock-wanson.com\\\/wp-content\\\/uploads\\\/2019\\\/02\\\/LNTA-TA-5.jpg\",\"width\":600,\"height\":400},{\"@type\":\"BreadcrumbList\",\"@id\":\"https:\\\/\\\/www.babcock-wanson.com\\\/pl\\\/produkty\\\/palniki-przemyslowe\\\/lnta-ta\\\/#breadcrumb\",\"itemListElement\":[{\"@type\":\"ListItem\",\"position\":1,\"name\":\"Strona g\u0142\u00f3wna\",\"item\":\"https:\\\/\\\/www.babcock-wanson.com\\\/pl\\\/\"},{\"@type\":\"ListItem\",\"position\":2,\"name\":\"Produkty\",\"item\":\"https:\\\/\\\/www.babcock-wanson.com\\\/pl\\\/shop\\\/\"},{\"@type\":\"ListItem\",\"position\":3,\"name\":\"Palniki Przemys\u0142owe\",\"item\":\"https:\\\/\\\/www.babcock-wanson.com\\\/pl\\\/kategoria-produktu\\\/palniki-przemyslowe\\\/\"},{\"@type\":\"ListItem\",\"position\":4,\"name\":\"LNTA i TA\"}]},{\"@type\":\"WebSite\",\"@id\":\"https:\\\/\\\/www.babcock-wanson.com\\\/pl\\\/#website\",\"url\":\"https:\\\/\\\/www.babcock-wanson.com\\\/pl\\\/\",\"name\":\"Babcock Wanson\",\"description\":\"\",\"publisher\":{\"@id\":\"https:\\\/\\\/www.babcock-wanson.com\\\/pl\\\/#organization\"},\"potentialAction\":[{\"@type\":\"SearchAction\",\"target\":{\"@type\":\"EntryPoint\",\"urlTemplate\":\"https:\\\/\\\/www.babcock-wanson.com\\\/pl\\\/?s={search_term_string}\"},\"query-input\":{\"@type\":\"PropertyValueSpecification\",\"valueRequired\":true,\"valueName\":\"search_term_string\"}}],\"inLanguage\":\"pl-PL\"},{\"@type\":\"Organization\",\"@id\":\"https:\\\/\\\/www.babcock-wanson.com\\\/pl\\\/#organization\",\"name\":\"Babcock Wanson\",\"url\":\"https:\\\/\\\/www.babcock-wanson.com\\\/pl\\\/\",\"logo\":{\"@type\":\"ImageObject\",\"inLanguage\":\"pl-PL\",\"@id\":\"https:\\\/\\\/www.babcock-wanson.com\\\/pl\\\/#\\\/schema\\\/logo\\\/image\\\/\",\"url\":\"https:\\\/\\\/www.babcock-wanson.com\\\/wp-content\\\/uploads\\\/2024\\\/02\\\/Babcock-Wanson-1200x1200-1.png\",\"contentUrl\":\"https:\\\/\\\/www.babcock-wanson.com\\\/wp-content\\\/uploads\\\/2024\\\/02\\\/Babcock-Wanson-1200x1200-1.png\",\"width\":1200,\"height\":1200,\"caption\":\"Babcock Wanson\"},\"image\":{\"@id\":\"https:\\\/\\\/www.babcock-wanson.com\\\/pl\\\/#\\\/schema\\\/logo\\\/image\\\/\"},\"sameAs\":[\"https:\\\/\\\/www.linkedin.com\\\/company\\\/babcock-wanson\\\/\",\"https:\\\/\\\/www.youtube.com\\\/channel\\\/UCtxl25VieBBsP2kYmtlyv7A\"]}]}<\/script>\n<!-- \/ Yoast SEO Premium plugin. -->","yoast_head_json":{"title":"LNTA i TA - Babcock Wanson","description":"Palniki z\u00a0wymuszonym ci\u0105giem LNTA i\u00a0TA s\u0105 cz\u0119\u015bci\u0105 sukcesu firmy Babcock Wanson w\u00a0dziedzinie kot\u0142\u00f3w przemys\u0142owych.","robots":{"index":"index","follow":"follow","max-snippet":"max-snippet:-1","max-image-preview":"max-image-preview:large","max-video-preview":"max-video-preview:-1"},"canonical":"https:\/\/www.babcock-wanson.com\/pl\/produkty\/palniki-przemyslowe\/lnta-ta\/","og_locale":"pl_PL","og_type":"article","og_title":"LNTA i TA","og_description":"Palniki z\u00a0wymuszonym ci\u0105giem LNTA i\u00a0TA s\u0105 cz\u0119\u015bci\u0105 sukcesu firmy Babcock Wanson w\u00a0dziedzinie kot\u0142\u00f3w przemys\u0142owych.","og_url":"https:\/\/www.babcock-wanson.com\/pl\/produkty\/palniki-przemyslowe\/lnta-ta\/","og_site_name":"Babcock Wanson","article_modified_time":"2021-11-08T16:19:42+00:00","og_image":[{"width":600,"height":400,"url":"https:\/\/www.babcock-wanson.com\/wp-content\/uploads\/2019\/02\/LNTA-TA-5.jpg","type":"image\/jpeg"}],"twitter_card":"summary_large_image","twitter_misc":{"Est. reading time":"1 minuta"},"schema":{"@context":"https:\/\/schema.org","@graph":[{"@type":"WebPage","@id":"https:\/\/www.babcock-wanson.com\/pl\/produkty\/palniki-przemyslowe\/lnta-ta\/","url":"https:\/\/www.babcock-wanson.com\/pl\/produkty\/palniki-przemyslowe\/lnta-ta\/","name":"LNTA i TA - Babcock Wanson","isPartOf":{"@id":"https:\/\/www.babcock-wanson.com\/pl\/#website"},"primaryImageOfPage":{"@id":"https:\/\/www.babcock-wanson.com\/pl\/produkty\/palniki-przemyslowe\/lnta-ta\/#primaryimage"},"image":{"@id":"https:\/\/www.babcock-wanson.com\/pl\/produkty\/palniki-przemyslowe\/lnta-ta\/#primaryimage"},"thumbnailUrl":"https:\/\/www.babcock-wanson.com\/wp-content\/uploads\/2019\/02\/LNTA-TA-5.jpg","datePublished":"2019-02-11T15:39:42+00:00","dateModified":"2021-11-08T16:19:42+00:00","description":"Palniki z\u00a0wymuszonym ci\u0105giem LNTA i\u00a0TA s\u0105 cz\u0119\u015bci\u0105 sukcesu firmy Babcock Wanson w\u00a0dziedzinie kot\u0142\u00f3w przemys\u0142owych.","breadcrumb":{"@id":"https:\/\/www.babcock-wanson.com\/pl\/produkty\/palniki-przemyslowe\/lnta-ta\/#breadcrumb"},"inLanguage":"pl-PL","potentialAction":[{"@type":"ReadAction","target":["https:\/\/www.babcock-wanson.com\/pl\/produkty\/palniki-przemyslowe\/lnta-ta\/"]}]},{"@type":"ImageObject","inLanguage":"pl-PL","@id":"https:\/\/www.babcock-wanson.com\/pl\/produkty\/palniki-przemyslowe\/lnta-ta\/#primaryimage","url":"https:\/\/www.babcock-wanson.com\/wp-content\/uploads\/2019\/02\/LNTA-TA-5.jpg","contentUrl":"https:\/\/www.babcock-wanson.com\/wp-content\/uploads\/2019\/02\/LNTA-TA-5.jpg","width":600,"height":400},{"@type":"BreadcrumbList","@id":"https:\/\/www.babcock-wanson.com\/pl\/produkty\/palniki-przemyslowe\/lnta-ta\/#breadcrumb","itemListElement":[{"@type":"ListItem","position":1,"name":"Strona g\u0142\u00f3wna","item":"https:\/\/www.babcock-wanson.com\/pl\/"},{"@type":"ListItem","position":2,"name":"Produkty","item":"https:\/\/www.babcock-wanson.com\/pl\/shop\/"},{"@type":"ListItem","position":3,"name":"Palniki Przemys\u0142owe","item":"https:\/\/www.babcock-wanson.com\/pl\/kategoria-produktu\/palniki-przemyslowe\/"},{"@type":"ListItem","position":4,"name":"LNTA i TA"}]},{"@type":"WebSite","@id":"https:\/\/www.babcock-wanson.com\/pl\/#website","url":"https:\/\/www.babcock-wanson.com\/pl\/","name":"Babcock Wanson","description":"","publisher":{"@id":"https:\/\/www.babcock-wanson.com\/pl\/#organization"},"potentialAction":[{"@type":"SearchAction","target":{"@type":"EntryPoint","urlTemplate":"https:\/\/www.babcock-wanson.com\/pl\/?s={search_term_string}"},"query-input":{"@type":"PropertyValueSpecification","valueRequired":true,"valueName":"search_term_string"}}],"inLanguage":"pl-PL"},{"@type":"Organization","@id":"https:\/\/www.babcock-wanson.com\/pl\/#organization","name":"Babcock Wanson","url":"https:\/\/www.babcock-wanson.com\/pl\/","logo":{"@type":"ImageObject","inLanguage":"pl-PL","@id":"https:\/\/www.babcock-wanson.com\/pl\/#\/schema\/logo\/image\/","url":"https:\/\/www.babcock-wanson.com\/wp-content\/uploads\/2024\/02\/Babcock-Wanson-1200x1200-1.png","contentUrl":"https:\/\/www.babcock-wanson.com\/wp-content\/uploads\/2024\/02\/Babcock-Wanson-1200x1200-1.png","width":1200,"height":1200,"caption":"Babcock Wanson"},"image":{"@id":"https:\/\/www.babcock-wanson.com\/pl\/#\/schema\/logo\/image\/"},"sameAs":["https:\/\/www.linkedin.com\/company\/babcock-wanson\/","https:\/\/www.youtube.com\/channel\/UCtxl25VieBBsP2kYmtlyv7A"]}]}},"jetpack_sharing_enabled":true,"_links":{"self":[{"href":"https:\/\/www.babcock-wanson.com\/pl\/wp-json\/wp\/v2\/product\/36867","targetHints":{"allow":["GET"]}}],"collection":[{"href":"https:\/\/www.babcock-wanson.com\/pl\/wp-json\/wp\/v2\/product"}],"about":[{"href":"https:\/\/www.babcock-wanson.com\/pl\/wp-json\/wp\/v2\/types\/product"}],"replies":[{"embeddable":true,"href":"https:\/\/www.babcock-wanson.com\/pl\/wp-json\/wp\/v2\/comments?post=36867"}],"wp:featuredmedia":[{"embeddable":true,"href":"https:\/\/www.babcock-wanson.com\/pl\/wp-json\/wp\/v2\/media\/36870"}],"wp:attachment":[{"href":"https:\/\/www.babcock-wanson.com\/pl\/wp-json\/wp\/v2\/media?parent=36867"}],"wp:term":[{"taxonomy":"product_brand","embeddable":true,"href":"https:\/\/www.babcock-wanson.com\/pl\/wp-json\/wp\/v2\/product_brand?post=36867"},{"taxonomy":"product_cat","embeddable":true,"href":"https:\/\/www.babcock-wanson.com\/pl\/wp-json\/wp\/v2\/product_cat?post=36867"},{"taxonomy":"product_tag","embeddable":true,"href":"https:\/\/www.babcock-wanson.com\/pl\/wp-json\/wp\/v2\/product_tag?post=36867"}],"curies":[{"name":"wp","href":"https:\/\/api.w.org\/{rel}","templated":true}]}}