{"id":36871,"date":"2019-02-11T15:39:40","date_gmt":"2019-02-11T15:39:40","guid":{"rendered":"https:\/\/www.babcock-wanson.com\/products\/bez-kategorii\/optimo\/"},"modified":"2020-11-06T10:01:32","modified_gmt":"2020-11-06T10:01:32","slug":"optimo","status":"publish","type":"product","link":"https:\/\/www.babcock-wanson.com\/pl\/produkty\/palniki-przemyslowe\/optimo\/","title":{"rendered":"OPTIMO"},"content":{"rendered":"<div class=\"vgblk-rw-wrapper limit-wrapper\">\r\n<h3>Palniki OPTIMO z\u00a0ci\u0105giem wymuszonym<\/h3>\r\n<ul>\r\n<li>Dost\u0119pne paliwo: Gaz ziemny, gaz p\u0142ynny, olej nap\u0119dowy, \u015brednie i\u00a0ci\u0119\u017ckie oleje opa\u0142owe oraz inne paliwa na \u017c\u0105danie<\/li>\r\n<li>Palniki OPTIMO 1, 2, 3\u00a0i 4\u00a0oferuj\u0105 szeroki zakres mocy: od 700\u00a0kW do 12,5\u00a0MW<\/li>\r\n<li>Zintegrowane elementy, w\u00a0tym wentylator powietrza do spalania z\u00a0nap\u0119dem o\u00a0zmiennej pr\u0119dko\u015bci.<\/li>\r\n<li>Solidna spawana stalowa konstrukcja obudowy.<\/li>\r\n<li>Wymienny wentylator, doskonale zoptymalizowany i\u00a0dobrany do charakterystyki palnik\u00f3w.<\/li>\r\n<li>Niski poziom ha\u0142asu roboczego.<\/li>\r\n<li>Wysokowydajna g\u0142owica spalania NOx &lt;\u00a0100\u00a0mg\/Nm\u00b3 (gaz ziemny &#8211; suche gazy spalinowe i\u00a03% O2).<\/li>\r\n<li>Du\u017cy port podgl\u0105du p\u0142omienia u\u0142atwia ustawienie i\u00a0konserwacj\u0119 palnika.<\/li>\r\n<li>W\u00a0pe\u0142ni cyfrowe sterowanie procesem spalania gwarantuje wydajn\u0105 prac\u0119.<\/li>\r\n<\/ul>\r\n<\/div><!-- .vgblk-rw-wrapper -->","protected":false},"excerpt":{"rendered":"<p>Palniki z\u00a0serii OPTIMO to palniki z\u00a0ci\u0105giem wymuszonym. To najwa\u017cniejsze elementy asortymentu Babcock Wanson, kt\u00f3re oferuj\u0105 szeroki zakres mocy i\u00a0obs\u0142ugi paliw, a\u00a0jednocze\u015bnie charakteryzuj\u0105 si\u0119 bardzo wysok\u0105 sprawno\u015bci\u0105 energetyczn\u0105 i\u00a0ekologiczn\u0105:<\/p>\n","protected":false},"featured_media":36876,"comment_status":"closed","ping_status":"closed","template":"","meta":{"_acf_changed":false,"_relevanssi_hide_post":"","_relevanssi_hide_content":"","_relevanssi_pin_for_all":"","_relevanssi_pin_keywords":"","_relevanssi_unpin_keywords":"","_relevanssi_related_keywords":"","_relevanssi_related_include_ids":"","_relevanssi_related_exclude_ids":"","_relevanssi_related_no_append":"","_relevanssi_related_not_related":"","_relevanssi_related_posts":"","_relevanssi_noindex_reason":""},"product_brand":[],"product_cat":[6409],"product_tag":[],"class_list":{"0":"post-36871","1":"product","2":"type-product","3":"status-publish","4":"has-post-thumbnail","6":"product_cat-palniki-przemyslowe","8":"first","9":"instock","10":"shipping-taxable","11":"product-type-simple"},"acf":[],"yoast_head":"<!-- This site is optimized with the Yoast SEO Premium plugin v27.1 (Yoast SEO v27.1.1) - https:\/\/yoast.com\/product\/yoast-seo-premium-wordpress\/ -->\n<title>OPTIMO - Babcock Wanson<\/title>\n<meta name=\"description\" content=\"Palniki z\u00a0serii OPTIMO to palniki z\u00a0ci\u0105giem wymuszonym. To najwa\u017cniejsze elementy asortymentu Babcock Wanson, kt\u00f3re oferuj\u0105 szeroki zakres mocy i\u00a0obs\u0142ugi paliw, a\u00a0jednocze\u015bnie charakteryzuj\u0105 si\u0119 bardzo wysok\u0105 sprawno\u015bci\u0105 energetyczn\u0105 i\u00a0ekologiczn\u0105\" \/>\n<meta name=\"robots\" content=\"index, follow, max-snippet:-1, max-image-preview:large, max-video-preview:-1\" \/>\n<link rel=\"canonical\" href=\"https:\/\/www.babcock-wanson.com\/pl\/produkty\/palniki-przemyslowe\/optimo\/\" \/>\n<meta property=\"og:locale\" content=\"pl_PL\" \/>\n<meta property=\"og:type\" content=\"article\" \/>\n<meta property=\"og:title\" content=\"OPTIMO\" \/>\n<meta property=\"og:description\" content=\"Palniki z\u00a0serii OPTIMO to palniki z\u00a0ci\u0105giem wymuszonym. To najwa\u017cniejsze elementy asortymentu Babcock Wanson, kt\u00f3re oferuj\u0105 szeroki zakres mocy i\u00a0obs\u0142ugi paliw, a\u00a0jednocze\u015bnie charakteryzuj\u0105 si\u0119 bardzo wysok\u0105 sprawno\u015bci\u0105 energetyczn\u0105 i\u00a0ekologiczn\u0105\" \/>\n<meta property=\"og:url\" content=\"https:\/\/www.babcock-wanson.com\/pl\/produkty\/palniki-przemyslowe\/optimo\/\" \/>\n<meta property=\"og:site_name\" content=\"Babcock Wanson\" \/>\n<meta property=\"article:modified_time\" content=\"2020-11-06T10:01:32+00:00\" \/>\n<meta property=\"og:image\" content=\"https:\/\/www.babcock-wanson.com\/wp-content\/uploads\/2019\/02\/optimo-1.jpg\" \/>\n\t<meta property=\"og:image:width\" content=\"600\" \/>\n\t<meta property=\"og:image:height\" content=\"400\" \/>\n\t<meta property=\"og:image:type\" content=\"image\/jpeg\" \/>\n<meta name=\"twitter:card\" content=\"summary_large_image\" \/>\n<meta name=\"twitter:label1\" content=\"Est. reading time\" \/>\n\t<meta name=\"twitter:data1\" content=\"1 minuta\" \/>\n<script type=\"application\/ld+json\" class=\"yoast-schema-graph\">{\"@context\":\"https:\/\/schema.org\",\"@graph\":[{\"@type\":\"WebPage\",\"@id\":\"https:\/\/www.babcock-wanson.com\/pl\/produkty\/palniki-przemyslowe\/optimo\/\",\"url\":\"https:\/\/www.babcock-wanson.com\/pl\/produkty\/palniki-przemyslowe\/optimo\/\",\"name\":\"OPTIMO - Babcock Wanson\",\"isPartOf\":{\"@id\":\"https:\/\/www.babcock-wanson.com\/pl\/#website\"},\"primaryImageOfPage\":{\"@id\":\"https:\/\/www.babcock-wanson.com\/pl\/produkty\/palniki-przemyslowe\/optimo\/#primaryimage\"},\"image\":{\"@id\":\"https:\/\/www.babcock-wanson.com\/pl\/produkty\/palniki-przemyslowe\/optimo\/#primaryimage\"},\"thumbnailUrl\":\"https:\/\/www.babcock-wanson.com\/wp-content\/uploads\/2019\/02\/optimo-1.jpg\",\"datePublished\":\"2019-02-11T15:39:40+00:00\",\"dateModified\":\"2020-11-06T10:01:32+00:00\",\"description\":\"Palniki z\u00a0serii OPTIMO to palniki z\u00a0ci\u0105giem wymuszonym. To najwa\u017cniejsze elementy asortymentu Babcock Wanson, kt\u00f3re oferuj\u0105 szeroki zakres mocy i\u00a0obs\u0142ugi paliw, a\u00a0jednocze\u015bnie charakteryzuj\u0105 si\u0119 bardzo wysok\u0105 sprawno\u015bci\u0105 energetyczn\u0105 i\u00a0ekologiczn\u0105\",\"breadcrumb\":{\"@id\":\"https:\/\/www.babcock-wanson.com\/pl\/produkty\/palniki-przemyslowe\/optimo\/#breadcrumb\"},\"inLanguage\":\"pl-PL\",\"potentialAction\":[{\"@type\":\"ReadAction\",\"target\":[\"https:\/\/www.babcock-wanson.com\/pl\/produkty\/palniki-przemyslowe\/optimo\/\"]}]},{\"@type\":\"ImageObject\",\"inLanguage\":\"pl-PL\",\"@id\":\"https:\/\/www.babcock-wanson.com\/pl\/produkty\/palniki-przemyslowe\/optimo\/#primaryimage\",\"url\":\"https:\/\/www.babcock-wanson.com\/wp-content\/uploads\/2019\/02\/optimo-1.jpg\",\"contentUrl\":\"https:\/\/www.babcock-wanson.com\/wp-content\/uploads\/2019\/02\/optimo-1.jpg\",\"width\":600,\"height\":400},{\"@type\":\"BreadcrumbList\",\"@id\":\"https:\/\/www.babcock-wanson.com\/pl\/produkty\/palniki-przemyslowe\/optimo\/#breadcrumb\",\"itemListElement\":[{\"@type\":\"ListItem\",\"position\":1,\"name\":\"Strona g\u0142\u00f3wna\",\"item\":\"https:\/\/www.babcock-wanson.com\/pl\/\"},{\"@type\":\"ListItem\",\"position\":2,\"name\":\"Produkty\",\"item\":\"https:\/\/www.babcock-wanson.com\/pl\/shop\/\"},{\"@type\":\"ListItem\",\"position\":3,\"name\":\"Palniki Przemys\u0142owe\",\"item\":\"https:\/\/www.babcock-wanson.com\/pl\/kategoria-produktu\/palniki-przemyslowe\/\"},{\"@type\":\"ListItem\",\"position\":4,\"name\":\"OPTIMO\"}]},{\"@type\":\"WebSite\",\"@id\":\"https:\/\/www.babcock-wanson.com\/pl\/#website\",\"url\":\"https:\/\/www.babcock-wanson.com\/pl\/\",\"name\":\"Babcock Wanson\",\"description\":\"\",\"publisher\":{\"@id\":\"https:\/\/www.babcock-wanson.com\/pl\/#organization\"},\"potentialAction\":[{\"@type\":\"SearchAction\",\"target\":{\"@type\":\"EntryPoint\",\"urlTemplate\":\"https:\/\/www.babcock-wanson.com\/pl\/?s={search_term_string}\"},\"query-input\":{\"@type\":\"PropertyValueSpecification\",\"valueRequired\":true,\"valueName\":\"search_term_string\"}}],\"inLanguage\":\"pl-PL\"},{\"@type\":\"Organization\",\"@id\":\"https:\/\/www.babcock-wanson.com\/pl\/#organization\",\"name\":\"Babcock Wanson\",\"url\":\"https:\/\/www.babcock-wanson.com\/pl\/\",\"logo\":{\"@type\":\"ImageObject\",\"inLanguage\":\"pl-PL\",\"@id\":\"https:\/\/www.babcock-wanson.com\/pl\/#\/schema\/logo\/image\/\",\"url\":\"https:\/\/www.babcock-wanson.com\/wp-content\/uploads\/2024\/02\/Babcock-Wanson-1200x1200-1.png\",\"contentUrl\":\"https:\/\/www.babcock-wanson.com\/wp-content\/uploads\/2024\/02\/Babcock-Wanson-1200x1200-1.png\",\"width\":1200,\"height\":1200,\"caption\":\"Babcock Wanson\"},\"image\":{\"@id\":\"https:\/\/www.babcock-wanson.com\/pl\/#\/schema\/logo\/image\/\"},\"sameAs\":[\"https:\/\/www.linkedin.com\/company\/babcock-wanson\/\",\"https:\/\/www.youtube.com\/channel\/UCtxl25VieBBsP2kYmtlyv7A\"]}]}<\/script>\n<!-- \/ Yoast SEO Premium plugin. -->","yoast_head_json":{"title":"OPTIMO - Babcock Wanson","description":"Palniki z\u00a0serii OPTIMO to palniki z\u00a0ci\u0105giem wymuszonym. To najwa\u017cniejsze elementy asortymentu Babcock Wanson, kt\u00f3re oferuj\u0105 szeroki zakres mocy i\u00a0obs\u0142ugi paliw, a\u00a0jednocze\u015bnie charakteryzuj\u0105 si\u0119 bardzo wysok\u0105 sprawno\u015bci\u0105 energetyczn\u0105 i\u00a0ekologiczn\u0105","robots":{"index":"index","follow":"follow","max-snippet":"max-snippet:-1","max-image-preview":"max-image-preview:large","max-video-preview":"max-video-preview:-1"},"canonical":"https:\/\/www.babcock-wanson.com\/pl\/produkty\/palniki-przemyslowe\/optimo\/","og_locale":"pl_PL","og_type":"article","og_title":"OPTIMO","og_description":"Palniki z\u00a0serii OPTIMO to palniki z\u00a0ci\u0105giem wymuszonym. To najwa\u017cniejsze elementy asortymentu Babcock Wanson, kt\u00f3re oferuj\u0105 szeroki zakres mocy i\u00a0obs\u0142ugi paliw, a\u00a0jednocze\u015bnie charakteryzuj\u0105 si\u0119 bardzo wysok\u0105 sprawno\u015bci\u0105 energetyczn\u0105 i\u00a0ekologiczn\u0105","og_url":"https:\/\/www.babcock-wanson.com\/pl\/produkty\/palniki-przemyslowe\/optimo\/","og_site_name":"Babcock Wanson","article_modified_time":"2020-11-06T10:01:32+00:00","og_image":[{"width":600,"height":400,"url":"https:\/\/www.babcock-wanson.com\/wp-content\/uploads\/2019\/02\/optimo-1.jpg","type":"image\/jpeg"}],"twitter_card":"summary_large_image","twitter_misc":{"Est. reading time":"1 minuta"},"schema":{"@context":"https:\/\/schema.org","@graph":[{"@type":"WebPage","@id":"https:\/\/www.babcock-wanson.com\/pl\/produkty\/palniki-przemyslowe\/optimo\/","url":"https:\/\/www.babcock-wanson.com\/pl\/produkty\/palniki-przemyslowe\/optimo\/","name":"OPTIMO - Babcock Wanson","isPartOf":{"@id":"https:\/\/www.babcock-wanson.com\/pl\/#website"},"primaryImageOfPage":{"@id":"https:\/\/www.babcock-wanson.com\/pl\/produkty\/palniki-przemyslowe\/optimo\/#primaryimage"},"image":{"@id":"https:\/\/www.babcock-wanson.com\/pl\/produkty\/palniki-przemyslowe\/optimo\/#primaryimage"},"thumbnailUrl":"https:\/\/www.babcock-wanson.com\/wp-content\/uploads\/2019\/02\/optimo-1.jpg","datePublished":"2019-02-11T15:39:40+00:00","dateModified":"2020-11-06T10:01:32+00:00","description":"Palniki z\u00a0serii OPTIMO to palniki z\u00a0ci\u0105giem wymuszonym. To najwa\u017cniejsze elementy asortymentu Babcock Wanson, kt\u00f3re oferuj\u0105 szeroki zakres mocy i\u00a0obs\u0142ugi paliw, a\u00a0jednocze\u015bnie charakteryzuj\u0105 si\u0119 bardzo wysok\u0105 sprawno\u015bci\u0105 energetyczn\u0105 i\u00a0ekologiczn\u0105","breadcrumb":{"@id":"https:\/\/www.babcock-wanson.com\/pl\/produkty\/palniki-przemyslowe\/optimo\/#breadcrumb"},"inLanguage":"pl-PL","potentialAction":[{"@type":"ReadAction","target":["https:\/\/www.babcock-wanson.com\/pl\/produkty\/palniki-przemyslowe\/optimo\/"]}]},{"@type":"ImageObject","inLanguage":"pl-PL","@id":"https:\/\/www.babcock-wanson.com\/pl\/produkty\/palniki-przemyslowe\/optimo\/#primaryimage","url":"https:\/\/www.babcock-wanson.com\/wp-content\/uploads\/2019\/02\/optimo-1.jpg","contentUrl":"https:\/\/www.babcock-wanson.com\/wp-content\/uploads\/2019\/02\/optimo-1.jpg","width":600,"height":400},{"@type":"BreadcrumbList","@id":"https:\/\/www.babcock-wanson.com\/pl\/produkty\/palniki-przemyslowe\/optimo\/#breadcrumb","itemListElement":[{"@type":"ListItem","position":1,"name":"Strona g\u0142\u00f3wna","item":"https:\/\/www.babcock-wanson.com\/pl\/"},{"@type":"ListItem","position":2,"name":"Produkty","item":"https:\/\/www.babcock-wanson.com\/pl\/shop\/"},{"@type":"ListItem","position":3,"name":"Palniki Przemys\u0142owe","item":"https:\/\/www.babcock-wanson.com\/pl\/kategoria-produktu\/palniki-przemyslowe\/"},{"@type":"ListItem","position":4,"name":"OPTIMO"}]},{"@type":"WebSite","@id":"https:\/\/www.babcock-wanson.com\/pl\/#website","url":"https:\/\/www.babcock-wanson.com\/pl\/","name":"Babcock Wanson","description":"","publisher":{"@id":"https:\/\/www.babcock-wanson.com\/pl\/#organization"},"potentialAction":[{"@type":"SearchAction","target":{"@type":"EntryPoint","urlTemplate":"https:\/\/www.babcock-wanson.com\/pl\/?s={search_term_string}"},"query-input":{"@type":"PropertyValueSpecification","valueRequired":true,"valueName":"search_term_string"}}],"inLanguage":"pl-PL"},{"@type":"Organization","@id":"https:\/\/www.babcock-wanson.com\/pl\/#organization","name":"Babcock Wanson","url":"https:\/\/www.babcock-wanson.com\/pl\/","logo":{"@type":"ImageObject","inLanguage":"pl-PL","@id":"https:\/\/www.babcock-wanson.com\/pl\/#\/schema\/logo\/image\/","url":"https:\/\/www.babcock-wanson.com\/wp-content\/uploads\/2024\/02\/Babcock-Wanson-1200x1200-1.png","contentUrl":"https:\/\/www.babcock-wanson.com\/wp-content\/uploads\/2024\/02\/Babcock-Wanson-1200x1200-1.png","width":1200,"height":1200,"caption":"Babcock Wanson"},"image":{"@id":"https:\/\/www.babcock-wanson.com\/pl\/#\/schema\/logo\/image\/"},"sameAs":["https:\/\/www.linkedin.com\/company\/babcock-wanson\/","https:\/\/www.youtube.com\/channel\/UCtxl25VieBBsP2kYmtlyv7A"]}]}},"jetpack_sharing_enabled":true,"_links":{"self":[{"href":"https:\/\/www.babcock-wanson.com\/pl\/wp-json\/wp\/v2\/product\/36871","targetHints":{"allow":["GET"]}}],"collection":[{"href":"https:\/\/www.babcock-wanson.com\/pl\/wp-json\/wp\/v2\/product"}],"about":[{"href":"https:\/\/www.babcock-wanson.com\/pl\/wp-json\/wp\/v2\/types\/product"}],"replies":[{"embeddable":true,"href":"https:\/\/www.babcock-wanson.com\/pl\/wp-json\/wp\/v2\/comments?post=36871"}],"wp:featuredmedia":[{"embeddable":true,"href":"https:\/\/www.babcock-wanson.com\/pl\/wp-json\/wp\/v2\/media\/36876"}],"wp:attachment":[{"href":"https:\/\/www.babcock-wanson.com\/pl\/wp-json\/wp\/v2\/media?parent=36871"}],"wp:term":[{"taxonomy":"product_brand","embeddable":true,"href":"https:\/\/www.babcock-wanson.com\/pl\/wp-json\/wp\/v2\/product_brand?post=36871"},{"taxonomy":"product_cat","embeddable":true,"href":"https:\/\/www.babcock-wanson.com\/pl\/wp-json\/wp\/v2\/product_cat?post=36871"},{"taxonomy":"product_tag","embeddable":true,"href":"https:\/\/www.babcock-wanson.com\/pl\/wp-json\/wp\/v2\/product_tag?post=36871"}],"curies":[{"name":"wp","href":"https:\/\/api.w.org\/{rel}","templated":true}]}}