{"id":36882,"date":"2018-09-19T12:36:14","date_gmt":"2018-09-19T11:36:14","guid":{"rendered":"https:\/\/www.babcock-wanson.com\/products\/bez-kategorii\/recuperative-oxidisers\/"},"modified":"2021-11-08T13:22:24","modified_gmt":"2021-11-08T13:22:24","slug":"dopalacze-rekuperacyjne","status":"publish","type":"product","link":"https:\/\/www.babcock-wanson.com\/pl\/produkty\/dopalacze-termiczne\/dopalacze-rekuperacyjne\/","title":{"rendered":"Dopalacze rekuperacyjne"},"content":{"rendered":"<div class=\"vgblk-rw-wrapper limit-wrapper\">\r\n<h3>Zasada dzia\u0142ania<\/h3>\r\n<p>Zanieczyszczone gazy s\u0105 podgrzewane do wysokiej temperatury \u2013 zwykle powy\u017cej 800\u00b0C \u2013 w\u00a0komorze spalania przez 0,6\u20132,0\u00a0sekundy, aby w\u00a0pe\u0142ni je utleni\u0107 przed odprowadzeniem do atmosfery. Dzi\u0119ki zastosowaniu modu\u0142\u00f3w odzysku ciep\u0142a energia jest odzyskiwana ze strumienia spalin w\u00a0celu ponownego wykorzystania w\u00a0procesie lub w\u00a0innym miejscu, co pozwala zmniejszy\u0107 ca\u0142kowite koszty eksploatacji.<\/p>\r\n<p>Instalacja dopalacza rekuperacyjnego obejmuje zwykle nast\u0119puj\u0105ce elementy:<\/p>\r\n<ul>\r\n<li>Sterowany inwerterowo wentylator do przesy\u0142u gaz\u00f3w wylotowych<\/li>\r\n<li>Podgrzewacz powietrza wylotowego<\/li>\r\n<li>Dopalacz<\/li>\r\n<li>Panel sterowania do regulacji systemu ze sterownikiem\u00a0PLC i\u00a0panelem interfejsu operatora (HMI)<\/li>\r\n<li>Modu\u0142y odzysku ciep\u0142a, kt\u00f3re mog\u0105 odzyskiwa\u0107 ciep\u0142o do oleju termicznego, pary, gor\u0105cej wody lub wody pod ci\u015bnieniem i\/lub powietrza o\u00a0wysokiej temperaturze<\/li>\r\n<\/ul>\r\n<h3>Zalety dopalaczy rekuperacyjnych<\/h3>\r\n<ul>\r\n<li>Ci\u0105g\u0142a kontrola emisji<\/li>\r\n<li>Proste sterowanie i\u00a0zarz\u0105dzanie<\/li>\r\n<li>Szybki rozruch<\/li>\r\n<li>Odzyskiwanie du\u017cej ilo\u015bci energii<\/li>\r\n<li>Bezpiecze\u0144stwo i\u00a0niezawodno\u015b\u0107 z\u00a0pe\u0142nym audytem zagro\u017ce\u0144<\/li>\r\n<li>Zakres roboczy od\u00a0500 do 30\u00a0000\u00a0Nm\u00b3\/godz.<\/li>\r\n<\/ul>\r\n<p>&nbsp;<\/p>\r\n<\/div><!-- .vgblk-rw-wrapper -->","protected":false},"excerpt":{"rendered":"<p>Dopalacze rekuperacyjne s\u0105 przeznaczone do proces\u00f3w przemys\u0142owych, w kt\u00f3rych wyst\u0119puje nie tylko zapotrzebowanie na energi\u0119, ale tak\u017ce na dopalanie gaz\u00f3w wylotowych. Te rodzaje <a href=\"https:\/\/www.babcock-wanson.com\/pl\/kategoria-produktu\/dopalacze-termiczne\/\" target=\"_blank\" rel=\"noopener\">dopalaczy termicznych<\/a> nadaj\u0105 si\u0119 g\u0142\u00f3wnie do stosowania przy wy\u017cszych st\u0119\u017ceniach LZO (lotnych zwi\u0105zk\u00f3w organicznych) i ni\u017cszych przep\u0142ywach gaz\u00f3w wylotowych.<\/p>\n","protected":false},"featured_media":35665,"comment_status":"closed","ping_status":"closed","template":"","meta":{"_acf_changed":false,"_relevanssi_hide_post":"","_relevanssi_hide_content":"","_relevanssi_pin_for_all":"","_relevanssi_pin_keywords":"","_relevanssi_unpin_keywords":"","_relevanssi_related_keywords":"","_relevanssi_related_include_ids":"","_relevanssi_related_exclude_ids":"","_relevanssi_related_no_append":"","_relevanssi_related_not_related":"","_relevanssi_related_posts":"","_relevanssi_noindex_reason":""},"product_brand":[],"product_cat":[6411],"product_tag":[],"class_list":{"0":"post-36882","1":"product","2":"type-product","3":"status-publish","4":"has-post-thumbnail","6":"product_cat-dopalacze-termiczne","8":"first","9":"instock","10":"shipping-taxable","11":"product-type-simple"},"acf":[],"yoast_head":"<!-- This site is optimized with the Yoast SEO Premium plugin v27.4 (Yoast SEO v27.4) - https:\/\/yoast.com\/product\/yoast-seo-premium-wordpress\/ -->\n<title>Dopalacze rekuperacyjne - Babcock Wanson<\/title>\n<meta name=\"description\" content=\"Dopalacze rekuperacyjne s\u0105 przeznaczone do proces\u00f3w przemys\u0142owych, w kt\u00f3rych wyst\u0119puje nie tylko zapotrzebowanie na energi\u0119, ale tak\u017ce na dopalanie gaz\u00f3w wylotowych.\" \/>\n<meta name=\"robots\" content=\"index, follow, max-snippet:-1, max-image-preview:large, max-video-preview:-1\" \/>\n<link rel=\"canonical\" href=\"https:\/\/www.babcock-wanson.com\/pl\/produkty\/dopalacze-termiczne\/dopalacze-rekuperacyjne\/\" \/>\n<meta property=\"og:locale\" content=\"pl_PL\" \/>\n<meta property=\"og:type\" content=\"article\" \/>\n<meta property=\"og:title\" content=\"Dopalacze rekuperacyjne\" \/>\n<meta property=\"og:description\" content=\"Dopalacze rekuperacyjne s\u0105 przeznaczone do proces\u00f3w przemys\u0142owych, w kt\u00f3rych wyst\u0119puje nie tylko zapotrzebowanie na energi\u0119, ale tak\u017ce na dopalanie gaz\u00f3w wylotowych.\" \/>\n<meta property=\"og:url\" content=\"https:\/\/www.babcock-wanson.com\/pl\/produkty\/dopalacze-termiczne\/dopalacze-rekuperacyjne\/\" \/>\n<meta property=\"og:site_name\" content=\"Babcock Wanson\" \/>\n<meta property=\"article:modified_time\" content=\"2021-11-08T13:22:24+00:00\" \/>\n<meta property=\"og:image\" content=\"https:\/\/www.babcock-wanson.com\/wp-content\/uploads\/2018\/09\/Recuperative-Oxidisers-2.jpg\" \/>\n\t<meta property=\"og:image:width\" content=\"600\" \/>\n\t<meta property=\"og:image:height\" content=\"400\" \/>\n\t<meta property=\"og:image:type\" content=\"image\/jpeg\" \/>\n<meta name=\"twitter:card\" content=\"summary_large_image\" \/>\n<meta name=\"twitter:label1\" content=\"Est. reading time\" \/>\n\t<meta name=\"twitter:data1\" content=\"1 minuta\" \/>\n<script type=\"application\/ld+json\" class=\"yoast-schema-graph\">{\"@context\":\"https:\\\/\\\/schema.org\",\"@graph\":[{\"@type\":\"WebPage\",\"@id\":\"https:\\\/\\\/www.babcock-wanson.com\\\/pl\\\/produkty\\\/dopalacze-termiczne\\\/dopalacze-rekuperacyjne\\\/\",\"url\":\"https:\\\/\\\/www.babcock-wanson.com\\\/pl\\\/produkty\\\/dopalacze-termiczne\\\/dopalacze-rekuperacyjne\\\/\",\"name\":\"Dopalacze rekuperacyjne - Babcock Wanson\",\"isPartOf\":{\"@id\":\"https:\\\/\\\/www.babcock-wanson.com\\\/pl\\\/#website\"},\"primaryImageOfPage\":{\"@id\":\"https:\\\/\\\/www.babcock-wanson.com\\\/pl\\\/produkty\\\/dopalacze-termiczne\\\/dopalacze-rekuperacyjne\\\/#primaryimage\"},\"image\":{\"@id\":\"https:\\\/\\\/www.babcock-wanson.com\\\/pl\\\/produkty\\\/dopalacze-termiczne\\\/dopalacze-rekuperacyjne\\\/#primaryimage\"},\"thumbnailUrl\":\"https:\\\/\\\/www.babcock-wanson.com\\\/wp-content\\\/uploads\\\/2018\\\/09\\\/Recuperative-Oxidisers-2.jpg\",\"datePublished\":\"2018-09-19T11:36:14+00:00\",\"dateModified\":\"2021-11-08T13:22:24+00:00\",\"description\":\"Dopalacze rekuperacyjne s\u0105 przeznaczone do proces\u00f3w przemys\u0142owych, w kt\u00f3rych wyst\u0119puje nie tylko zapotrzebowanie na energi\u0119, ale tak\u017ce na dopalanie gaz\u00f3w wylotowych.\",\"breadcrumb\":{\"@id\":\"https:\\\/\\\/www.babcock-wanson.com\\\/pl\\\/produkty\\\/dopalacze-termiczne\\\/dopalacze-rekuperacyjne\\\/#breadcrumb\"},\"inLanguage\":\"pl-PL\",\"potentialAction\":[{\"@type\":\"ReadAction\",\"target\":[\"https:\\\/\\\/www.babcock-wanson.com\\\/pl\\\/produkty\\\/dopalacze-termiczne\\\/dopalacze-rekuperacyjne\\\/\"]}]},{\"@type\":\"ImageObject\",\"inLanguage\":\"pl-PL\",\"@id\":\"https:\\\/\\\/www.babcock-wanson.com\\\/pl\\\/produkty\\\/dopalacze-termiczne\\\/dopalacze-rekuperacyjne\\\/#primaryimage\",\"url\":\"https:\\\/\\\/www.babcock-wanson.com\\\/wp-content\\\/uploads\\\/2018\\\/09\\\/Recuperative-Oxidisers-2.jpg\",\"contentUrl\":\"https:\\\/\\\/www.babcock-wanson.com\\\/wp-content\\\/uploads\\\/2018\\\/09\\\/Recuperative-Oxidisers-2.jpg\",\"width\":600,\"height\":400,\"caption\":\"Dopalacze rekuperacyjne\"},{\"@type\":\"BreadcrumbList\",\"@id\":\"https:\\\/\\\/www.babcock-wanson.com\\\/pl\\\/produkty\\\/dopalacze-termiczne\\\/dopalacze-rekuperacyjne\\\/#breadcrumb\",\"itemListElement\":[{\"@type\":\"ListItem\",\"position\":1,\"name\":\"Strona g\u0142\u00f3wna\",\"item\":\"https:\\\/\\\/www.babcock-wanson.com\\\/pl\\\/\"},{\"@type\":\"ListItem\",\"position\":2,\"name\":\"Produkty\",\"item\":\"https:\\\/\\\/www.babcock-wanson.com\\\/pl\\\/shop\\\/\"},{\"@type\":\"ListItem\",\"position\":3,\"name\":\"Dopalacze Termiczne\",\"item\":\"https:\\\/\\\/www.babcock-wanson.com\\\/pl\\\/kategoria-produktu\\\/dopalacze-termiczne\\\/\"},{\"@type\":\"ListItem\",\"position\":4,\"name\":\"Dopalacze rekuperacyjne\"}]},{\"@type\":\"WebSite\",\"@id\":\"https:\\\/\\\/www.babcock-wanson.com\\\/pl\\\/#website\",\"url\":\"https:\\\/\\\/www.babcock-wanson.com\\\/pl\\\/\",\"name\":\"Babcock Wanson\",\"description\":\"\",\"publisher\":{\"@id\":\"https:\\\/\\\/www.babcock-wanson.com\\\/pl\\\/#organization\"},\"potentialAction\":[{\"@type\":\"SearchAction\",\"target\":{\"@type\":\"EntryPoint\",\"urlTemplate\":\"https:\\\/\\\/www.babcock-wanson.com\\\/pl\\\/?s={search_term_string}\"},\"query-input\":{\"@type\":\"PropertyValueSpecification\",\"valueRequired\":true,\"valueName\":\"search_term_string\"}}],\"inLanguage\":\"pl-PL\"},{\"@type\":\"Organization\",\"@id\":\"https:\\\/\\\/www.babcock-wanson.com\\\/pl\\\/#organization\",\"name\":\"Babcock Wanson\",\"url\":\"https:\\\/\\\/www.babcock-wanson.com\\\/pl\\\/\",\"logo\":{\"@type\":\"ImageObject\",\"inLanguage\":\"pl-PL\",\"@id\":\"https:\\\/\\\/www.babcock-wanson.com\\\/pl\\\/#\\\/schema\\\/logo\\\/image\\\/\",\"url\":\"https:\\\/\\\/www.babcock-wanson.com\\\/wp-content\\\/uploads\\\/2024\\\/02\\\/Babcock-Wanson-1200x1200-1.png\",\"contentUrl\":\"https:\\\/\\\/www.babcock-wanson.com\\\/wp-content\\\/uploads\\\/2024\\\/02\\\/Babcock-Wanson-1200x1200-1.png\",\"width\":1200,\"height\":1200,\"caption\":\"Babcock Wanson\"},\"image\":{\"@id\":\"https:\\\/\\\/www.babcock-wanson.com\\\/pl\\\/#\\\/schema\\\/logo\\\/image\\\/\"},\"sameAs\":[\"https:\\\/\\\/www.linkedin.com\\\/company\\\/babcock-wanson\\\/\",\"https:\\\/\\\/www.youtube.com\\\/channel\\\/UCtxl25VieBBsP2kYmtlyv7A\"]}]}<\/script>\n<!-- \/ Yoast SEO Premium plugin. -->","yoast_head_json":{"title":"Dopalacze rekuperacyjne - Babcock Wanson","description":"Dopalacze rekuperacyjne s\u0105 przeznaczone do proces\u00f3w przemys\u0142owych, w kt\u00f3rych wyst\u0119puje nie tylko zapotrzebowanie na energi\u0119, ale tak\u017ce na dopalanie gaz\u00f3w wylotowych.","robots":{"index":"index","follow":"follow","max-snippet":"max-snippet:-1","max-image-preview":"max-image-preview:large","max-video-preview":"max-video-preview:-1"},"canonical":"https:\/\/www.babcock-wanson.com\/pl\/produkty\/dopalacze-termiczne\/dopalacze-rekuperacyjne\/","og_locale":"pl_PL","og_type":"article","og_title":"Dopalacze rekuperacyjne","og_description":"Dopalacze rekuperacyjne s\u0105 przeznaczone do proces\u00f3w przemys\u0142owych, w kt\u00f3rych wyst\u0119puje nie tylko zapotrzebowanie na energi\u0119, ale tak\u017ce na dopalanie gaz\u00f3w wylotowych.","og_url":"https:\/\/www.babcock-wanson.com\/pl\/produkty\/dopalacze-termiczne\/dopalacze-rekuperacyjne\/","og_site_name":"Babcock Wanson","article_modified_time":"2021-11-08T13:22:24+00:00","og_image":[{"width":600,"height":400,"url":"https:\/\/www.babcock-wanson.com\/wp-content\/uploads\/2018\/09\/Recuperative-Oxidisers-2.jpg","type":"image\/jpeg"}],"twitter_card":"summary_large_image","twitter_misc":{"Est. reading time":"1 minuta"},"schema":{"@context":"https:\/\/schema.org","@graph":[{"@type":"WebPage","@id":"https:\/\/www.babcock-wanson.com\/pl\/produkty\/dopalacze-termiczne\/dopalacze-rekuperacyjne\/","url":"https:\/\/www.babcock-wanson.com\/pl\/produkty\/dopalacze-termiczne\/dopalacze-rekuperacyjne\/","name":"Dopalacze rekuperacyjne - Babcock Wanson","isPartOf":{"@id":"https:\/\/www.babcock-wanson.com\/pl\/#website"},"primaryImageOfPage":{"@id":"https:\/\/www.babcock-wanson.com\/pl\/produkty\/dopalacze-termiczne\/dopalacze-rekuperacyjne\/#primaryimage"},"image":{"@id":"https:\/\/www.babcock-wanson.com\/pl\/produkty\/dopalacze-termiczne\/dopalacze-rekuperacyjne\/#primaryimage"},"thumbnailUrl":"https:\/\/www.babcock-wanson.com\/wp-content\/uploads\/2018\/09\/Recuperative-Oxidisers-2.jpg","datePublished":"2018-09-19T11:36:14+00:00","dateModified":"2021-11-08T13:22:24+00:00","description":"Dopalacze rekuperacyjne s\u0105 przeznaczone do proces\u00f3w przemys\u0142owych, w kt\u00f3rych wyst\u0119puje nie tylko zapotrzebowanie na energi\u0119, ale tak\u017ce na dopalanie gaz\u00f3w wylotowych.","breadcrumb":{"@id":"https:\/\/www.babcock-wanson.com\/pl\/produkty\/dopalacze-termiczne\/dopalacze-rekuperacyjne\/#breadcrumb"},"inLanguage":"pl-PL","potentialAction":[{"@type":"ReadAction","target":["https:\/\/www.babcock-wanson.com\/pl\/produkty\/dopalacze-termiczne\/dopalacze-rekuperacyjne\/"]}]},{"@type":"ImageObject","inLanguage":"pl-PL","@id":"https:\/\/www.babcock-wanson.com\/pl\/produkty\/dopalacze-termiczne\/dopalacze-rekuperacyjne\/#primaryimage","url":"https:\/\/www.babcock-wanson.com\/wp-content\/uploads\/2018\/09\/Recuperative-Oxidisers-2.jpg","contentUrl":"https:\/\/www.babcock-wanson.com\/wp-content\/uploads\/2018\/09\/Recuperative-Oxidisers-2.jpg","width":600,"height":400,"caption":"Dopalacze rekuperacyjne"},{"@type":"BreadcrumbList","@id":"https:\/\/www.babcock-wanson.com\/pl\/produkty\/dopalacze-termiczne\/dopalacze-rekuperacyjne\/#breadcrumb","itemListElement":[{"@type":"ListItem","position":1,"name":"Strona g\u0142\u00f3wna","item":"https:\/\/www.babcock-wanson.com\/pl\/"},{"@type":"ListItem","position":2,"name":"Produkty","item":"https:\/\/www.babcock-wanson.com\/pl\/shop\/"},{"@type":"ListItem","position":3,"name":"Dopalacze Termiczne","item":"https:\/\/www.babcock-wanson.com\/pl\/kategoria-produktu\/dopalacze-termiczne\/"},{"@type":"ListItem","position":4,"name":"Dopalacze rekuperacyjne"}]},{"@type":"WebSite","@id":"https:\/\/www.babcock-wanson.com\/pl\/#website","url":"https:\/\/www.babcock-wanson.com\/pl\/","name":"Babcock Wanson","description":"","publisher":{"@id":"https:\/\/www.babcock-wanson.com\/pl\/#organization"},"potentialAction":[{"@type":"SearchAction","target":{"@type":"EntryPoint","urlTemplate":"https:\/\/www.babcock-wanson.com\/pl\/?s={search_term_string}"},"query-input":{"@type":"PropertyValueSpecification","valueRequired":true,"valueName":"search_term_string"}}],"inLanguage":"pl-PL"},{"@type":"Organization","@id":"https:\/\/www.babcock-wanson.com\/pl\/#organization","name":"Babcock Wanson","url":"https:\/\/www.babcock-wanson.com\/pl\/","logo":{"@type":"ImageObject","inLanguage":"pl-PL","@id":"https:\/\/www.babcock-wanson.com\/pl\/#\/schema\/logo\/image\/","url":"https:\/\/www.babcock-wanson.com\/wp-content\/uploads\/2024\/02\/Babcock-Wanson-1200x1200-1.png","contentUrl":"https:\/\/www.babcock-wanson.com\/wp-content\/uploads\/2024\/02\/Babcock-Wanson-1200x1200-1.png","width":1200,"height":1200,"caption":"Babcock Wanson"},"image":{"@id":"https:\/\/www.babcock-wanson.com\/pl\/#\/schema\/logo\/image\/"},"sameAs":["https:\/\/www.linkedin.com\/company\/babcock-wanson\/","https:\/\/www.youtube.com\/channel\/UCtxl25VieBBsP2kYmtlyv7A"]}]}},"jetpack_sharing_enabled":true,"_links":{"self":[{"href":"https:\/\/www.babcock-wanson.com\/pl\/wp-json\/wp\/v2\/product\/36882","targetHints":{"allow":["GET"]}}],"collection":[{"href":"https:\/\/www.babcock-wanson.com\/pl\/wp-json\/wp\/v2\/product"}],"about":[{"href":"https:\/\/www.babcock-wanson.com\/pl\/wp-json\/wp\/v2\/types\/product"}],"replies":[{"embeddable":true,"href":"https:\/\/www.babcock-wanson.com\/pl\/wp-json\/wp\/v2\/comments?post=36882"}],"wp:featuredmedia":[{"embeddable":true,"href":"https:\/\/www.babcock-wanson.com\/pl\/wp-json\/wp\/v2\/media\/35665"}],"wp:attachment":[{"href":"https:\/\/www.babcock-wanson.com\/pl\/wp-json\/wp\/v2\/media?parent=36882"}],"wp:term":[{"taxonomy":"product_brand","embeddable":true,"href":"https:\/\/www.babcock-wanson.com\/pl\/wp-json\/wp\/v2\/product_brand?post=36882"},{"taxonomy":"product_cat","embeddable":true,"href":"https:\/\/www.babcock-wanson.com\/pl\/wp-json\/wp\/v2\/product_cat?post=36882"},{"taxonomy":"product_tag","embeddable":true,"href":"https:\/\/www.babcock-wanson.com\/pl\/wp-json\/wp\/v2\/product_tag?post=36882"}],"curies":[{"name":"wp","href":"https:\/\/api.w.org\/{rel}","templated":true}]}}