{"id":36885,"date":"2018-09-19T12:36:12","date_gmt":"2018-09-19T11:36:12","guid":{"rendered":"https:\/\/www.babcock-wanson.com\/products\/bez-kategorii\/regenerative-oxidisers\/"},"modified":"2021-11-08T01:54:24","modified_gmt":"2021-11-08T01:54:24","slug":"dopalacze-regeneracyjne","status":"publish","type":"product","link":"https:\/\/www.babcock-wanson.com\/pl\/produkty\/dopalacze-termiczne\/dopalacze-regeneracyjne\/","title":{"rendered":"Dopalacze regeneracyjne"},"content":{"rendered":"<div class=\"vgblk-rw-wrapper limit-wrapper\">\r\n<h3>Zasada dzia\u0142ania<\/h3>\r\n<p>Powietrze zawieraj\u0105ce LZO z\u00a0procesu jest przesy\u0142ane do dopalacza za pomoc\u0105 sterowanego silnikiem wentylatora o\u00a0zmiennej pr\u0119dko\u015bci obrotowej. Gazy wylotowe s\u0105 podgrzewane w\u00a0wie\u017cy wej\u015bciowej, przepuszczane przez komor\u0119 spalania i\u00a0ch\u0142odzone w\u00a0wie\u017cy wyj\u015bciowej, z\u00a0kt\u00f3rych ka\u017cda wype\u0142niona jest specjalnym materia\u0142em ceramicznym.<\/p>\r\n<p>Aby osi\u0105gn\u0105\u0107 najlepsze termiczne utlenianie LZO, musz\u0105 by\u0107 spe\u0142nione nast\u0119puj\u0105ce warunki:<\/p>\r\n<ul>\r\n<li>Temperatura od\u00a0750 do\u00a0950\u00b0C<\/li>\r\n<li>Czas przebywania gaz\u00f3w wylotowych w\u00a0komorze spalania od\u00a00,6\u00a0s do 1\u00a0s<\/li>\r\n<li>Zapewniona odpowiednia turbulencja w\u00a0celu skutecznego zmieszania gaz\u00f3w wylotowych i\u00a0tlenu<\/li>\r\n<\/ul>\r\n<p>Regeneracyjny dopalacz termiczny zwykle obejmuje:<\/p>\r\n<ul>\r\n<li>Wentylator gaz\u00f3w wylotowych z\u00a0automatycznym systemem sterowania<\/li>\r\n<li>Wie\u017ce akumulacyjne ciep\u0142a wype\u0142nione materia\u0142em ceramicznym (2\u00a0wie\u017ce, 3\u00a0wie\u017ce lub 5\u00a0wie\u017c w\u00a0zale\u017cno\u015bci od kryteri\u00f3w dzia\u0142ania)<\/li>\r\n<li>System automatycznych zawor\u00f3w rozprowadzaj\u0105cych gazy wylotowe przez wie\u017ce (zaprojektowany i\u00a0wyprodukowany przez Babcock Wanson)<\/li>\r\n<li>Komora spalania z\u00a0co najmniej jednym modulowanym automatycznym palnikiem gazowo-paliwowym<\/li>\r\n<li>Panel sterowania sterownika\u00a0PLC i\u00a0panel interfejsu operatora (HMI)<\/li>\r\n<\/ul>\r\n<h3>Zalety dopalaczy regeneracyjnych<\/h3>\r\n<ul>\r\n<li>Skuteczno\u015b\u0107 jak w\u00a0rekuperacyjnych <a href=\"https:\/\/www.babcock-wanson.com\/pl\/kategoria-produktu\/dopalacze-termiczne\/\" target=\"_blank\" rel=\"noopener\">dopalaczach termicznych<\/a>, ale z\u00a0ni\u017csz\u0105 emisj\u0105 NOx<\/li>\r\n<li>Nadaj\u0105 si\u0119 do strumieni spalin o\u00a0wysokim przep\u0142ywie i\u00a0niskiej zawarto\u015bci LZO<\/li>\r\n<li>Ci\u0105g\u0142a kontrola emisji<\/li>\r\n<li>Prosta obs\u0142uga<\/li>\r\n<li>Ni\u017csze wymogi w\u00a0zakresie konserwacji<\/li>\r\n<li>Zmniejszone zu\u017cycie gazu\/paliwa: dopalacz regeneracyjny mo\u017ce osi\u0105gn\u0105\u0107 warunki autotermiczne przy bardzo niskim st\u0119\u017ceniu LZO<\/li>\r\n<li>Niezale\u017cna instalacja, kt\u00f3ry nie wytwarza ciep\u0142a odpadowego ani ciep\u0142a wymagaj\u0105cego p\u00f3\u017aniejszego odzysku<\/li>\r\n<li>Wydajno\u015b\u0107 od 1000 do 150\u00a0000\u00a0Nm\u00b3\/godz.<\/li>\r\n<\/ul>\r\n<\/div><!-- .vgblk-rw-wrapper -->","protected":false},"excerpt":{"rendered":"<p>Dopalacze regeneracyjne s\u0105 stosowane wsz\u0119dzie tam, gdzie nie ma potrzeby <a href=\"https:\/\/www.babcock-wanson.com\/pl\/kategoria-produktu\/systemy-odzysku-ciepla\/\" target=\"_blank\" rel=\"noopener\">odzysku ciep\u0142a<\/a> albo gdzie ilo\u015b\u0107 ciep\u0142a jest zbyt ma\u0142a, aby uzasadni\u0107 zastosowanie rekuperacyjnego dopalacza termicznego. Nadaj\u0105 si\u0119 one r\u00f3wnie\u017c dobrze do proces\u00f3w, w\u00a0kt\u00f3rych odprowadzana jest du\u017ca ilo\u015bci spalin przy stosunkowo niskiej zawarto\u015bci lotnych zwi\u0105zk\u00f3w organicznych (LZO).<\/p>\n","protected":false},"featured_media":35658,"comment_status":"closed","ping_status":"closed","template":"","meta":{"_acf_changed":false,"_relevanssi_hide_post":"","_relevanssi_hide_content":"","_relevanssi_pin_for_all":"","_relevanssi_pin_keywords":"","_relevanssi_unpin_keywords":"","_relevanssi_related_keywords":"","_relevanssi_related_include_ids":"","_relevanssi_related_exclude_ids":"","_relevanssi_related_no_append":"","_relevanssi_related_not_related":"","_relevanssi_related_posts":"","_relevanssi_noindex_reason":""},"product_brand":[],"product_cat":[6411],"product_tag":[],"class_list":{"0":"post-36885","1":"product","2":"type-product","3":"status-publish","4":"has-post-thumbnail","6":"product_cat-dopalacze-termiczne","8":"first","9":"instock","10":"shipping-taxable","11":"product-type-simple"},"acf":[],"yoast_head":"<!-- This site is optimized with the Yoast SEO Premium plugin v27.4 (Yoast SEO v27.4) - https:\/\/yoast.com\/product\/yoast-seo-premium-wordpress\/ -->\n<title>Dopalacze regeneracyjne - Babcock Wanson<\/title>\n<meta name=\"description\" content=\"Dopalacze regeneracyjne s\u0105 stosowane wsz\u0119dzie tam, gdzie nie ma potrzeby odzysku ciep\u0142a albo gdzie ilo\u015b\u0107 ciep\u0142a jest zbyt ma\u0142a, aby uzasadni\u0107 zastosowanie rekuperacyjnego dopalacza termicznego.\" \/>\n<meta name=\"robots\" content=\"index, follow, max-snippet:-1, max-image-preview:large, max-video-preview:-1\" \/>\n<link rel=\"canonical\" href=\"https:\/\/www.babcock-wanson.com\/pl\/produkty\/dopalacze-termiczne\/dopalacze-regeneracyjne\/\" \/>\n<meta property=\"og:locale\" content=\"pl_PL\" \/>\n<meta property=\"og:type\" content=\"article\" \/>\n<meta property=\"og:title\" content=\"Dopalacze regeneracyjne\" \/>\n<meta property=\"og:description\" content=\"Dopalacze regeneracyjne s\u0105 stosowane wsz\u0119dzie tam, gdzie nie ma potrzeby odzysku ciep\u0142a albo gdzie ilo\u015b\u0107 ciep\u0142a jest zbyt ma\u0142a, aby uzasadni\u0107 zastosowanie rekuperacyjnego dopalacza termicznego.\" \/>\n<meta property=\"og:url\" content=\"https:\/\/www.babcock-wanson.com\/pl\/produkty\/dopalacze-termiczne\/dopalacze-regeneracyjne\/\" \/>\n<meta property=\"og:site_name\" content=\"Babcock Wanson\" \/>\n<meta property=\"article:modified_time\" content=\"2021-11-08T01:54:24+00:00\" \/>\n<meta property=\"og:image\" content=\"https:\/\/www.babcock-wanson.com\/wp-content\/uploads\/2018\/09\/Regenerative-Oxidisers-12.jpg\" \/>\n\t<meta property=\"og:image:width\" content=\"600\" \/>\n\t<meta property=\"og:image:height\" content=\"400\" \/>\n\t<meta property=\"og:image:type\" content=\"image\/jpeg\" \/>\n<meta name=\"twitter:card\" content=\"summary_large_image\" \/>\n<meta name=\"twitter:label1\" content=\"Est. reading time\" \/>\n\t<meta name=\"twitter:data1\" content=\"1 minuta\" \/>\n<script type=\"application\/ld+json\" class=\"yoast-schema-graph\">{\"@context\":\"https:\\\/\\\/schema.org\",\"@graph\":[{\"@type\":\"WebPage\",\"@id\":\"https:\\\/\\\/www.babcock-wanson.com\\\/pl\\\/produkty\\\/dopalacze-termiczne\\\/dopalacze-regeneracyjne\\\/\",\"url\":\"https:\\\/\\\/www.babcock-wanson.com\\\/pl\\\/produkty\\\/dopalacze-termiczne\\\/dopalacze-regeneracyjne\\\/\",\"name\":\"Dopalacze regeneracyjne - Babcock Wanson\",\"isPartOf\":{\"@id\":\"https:\\\/\\\/www.babcock-wanson.com\\\/pl\\\/#website\"},\"primaryImageOfPage\":{\"@id\":\"https:\\\/\\\/www.babcock-wanson.com\\\/pl\\\/produkty\\\/dopalacze-termiczne\\\/dopalacze-regeneracyjne\\\/#primaryimage\"},\"image\":{\"@id\":\"https:\\\/\\\/www.babcock-wanson.com\\\/pl\\\/produkty\\\/dopalacze-termiczne\\\/dopalacze-regeneracyjne\\\/#primaryimage\"},\"thumbnailUrl\":\"https:\\\/\\\/www.babcock-wanson.com\\\/wp-content\\\/uploads\\\/2018\\\/09\\\/Regenerative-Oxidisers-12.jpg\",\"datePublished\":\"2018-09-19T11:36:12+00:00\",\"dateModified\":\"2021-11-08T01:54:24+00:00\",\"description\":\"Dopalacze regeneracyjne s\u0105 stosowane wsz\u0119dzie tam, gdzie nie ma potrzeby odzysku ciep\u0142a albo gdzie ilo\u015b\u0107 ciep\u0142a jest zbyt ma\u0142a, aby uzasadni\u0107 zastosowanie rekuperacyjnego dopalacza termicznego.\",\"breadcrumb\":{\"@id\":\"https:\\\/\\\/www.babcock-wanson.com\\\/pl\\\/produkty\\\/dopalacze-termiczne\\\/dopalacze-regeneracyjne\\\/#breadcrumb\"},\"inLanguage\":\"pl-PL\",\"potentialAction\":[{\"@type\":\"ReadAction\",\"target\":[\"https:\\\/\\\/www.babcock-wanson.com\\\/pl\\\/produkty\\\/dopalacze-termiczne\\\/dopalacze-regeneracyjne\\\/\"]}]},{\"@type\":\"ImageObject\",\"inLanguage\":\"pl-PL\",\"@id\":\"https:\\\/\\\/www.babcock-wanson.com\\\/pl\\\/produkty\\\/dopalacze-termiczne\\\/dopalacze-regeneracyjne\\\/#primaryimage\",\"url\":\"https:\\\/\\\/www.babcock-wanson.com\\\/wp-content\\\/uploads\\\/2018\\\/09\\\/Regenerative-Oxidisers-12.jpg\",\"contentUrl\":\"https:\\\/\\\/www.babcock-wanson.com\\\/wp-content\\\/uploads\\\/2018\\\/09\\\/Regenerative-Oxidisers-12.jpg\",\"width\":600,\"height\":400,\"caption\":\"Dopalacze regeneracyjne\"},{\"@type\":\"BreadcrumbList\",\"@id\":\"https:\\\/\\\/www.babcock-wanson.com\\\/pl\\\/produkty\\\/dopalacze-termiczne\\\/dopalacze-regeneracyjne\\\/#breadcrumb\",\"itemListElement\":[{\"@type\":\"ListItem\",\"position\":1,\"name\":\"Strona g\u0142\u00f3wna\",\"item\":\"https:\\\/\\\/www.babcock-wanson.com\\\/pl\\\/\"},{\"@type\":\"ListItem\",\"position\":2,\"name\":\"Produkty\",\"item\":\"https:\\\/\\\/www.babcock-wanson.com\\\/pl\\\/shop\\\/\"},{\"@type\":\"ListItem\",\"position\":3,\"name\":\"Dopalacze Termiczne\",\"item\":\"https:\\\/\\\/www.babcock-wanson.com\\\/pl\\\/kategoria-produktu\\\/dopalacze-termiczne\\\/\"},{\"@type\":\"ListItem\",\"position\":4,\"name\":\"Dopalacze regeneracyjne\"}]},{\"@type\":\"WebSite\",\"@id\":\"https:\\\/\\\/www.babcock-wanson.com\\\/pl\\\/#website\",\"url\":\"https:\\\/\\\/www.babcock-wanson.com\\\/pl\\\/\",\"name\":\"Babcock Wanson\",\"description\":\"\",\"publisher\":{\"@id\":\"https:\\\/\\\/www.babcock-wanson.com\\\/pl\\\/#organization\"},\"potentialAction\":[{\"@type\":\"SearchAction\",\"target\":{\"@type\":\"EntryPoint\",\"urlTemplate\":\"https:\\\/\\\/www.babcock-wanson.com\\\/pl\\\/?s={search_term_string}\"},\"query-input\":{\"@type\":\"PropertyValueSpecification\",\"valueRequired\":true,\"valueName\":\"search_term_string\"}}],\"inLanguage\":\"pl-PL\"},{\"@type\":\"Organization\",\"@id\":\"https:\\\/\\\/www.babcock-wanson.com\\\/pl\\\/#organization\",\"name\":\"Babcock Wanson\",\"url\":\"https:\\\/\\\/www.babcock-wanson.com\\\/pl\\\/\",\"logo\":{\"@type\":\"ImageObject\",\"inLanguage\":\"pl-PL\",\"@id\":\"https:\\\/\\\/www.babcock-wanson.com\\\/pl\\\/#\\\/schema\\\/logo\\\/image\\\/\",\"url\":\"https:\\\/\\\/www.babcock-wanson.com\\\/wp-content\\\/uploads\\\/2024\\\/02\\\/Babcock-Wanson-1200x1200-1.png\",\"contentUrl\":\"https:\\\/\\\/www.babcock-wanson.com\\\/wp-content\\\/uploads\\\/2024\\\/02\\\/Babcock-Wanson-1200x1200-1.png\",\"width\":1200,\"height\":1200,\"caption\":\"Babcock Wanson\"},\"image\":{\"@id\":\"https:\\\/\\\/www.babcock-wanson.com\\\/pl\\\/#\\\/schema\\\/logo\\\/image\\\/\"},\"sameAs\":[\"https:\\\/\\\/www.linkedin.com\\\/company\\\/babcock-wanson\\\/\",\"https:\\\/\\\/www.youtube.com\\\/channel\\\/UCtxl25VieBBsP2kYmtlyv7A\"]}]}<\/script>\n<!-- \/ Yoast SEO Premium plugin. -->","yoast_head_json":{"title":"Dopalacze regeneracyjne - Babcock Wanson","description":"Dopalacze regeneracyjne s\u0105 stosowane wsz\u0119dzie tam, gdzie nie ma potrzeby odzysku ciep\u0142a albo gdzie ilo\u015b\u0107 ciep\u0142a jest zbyt ma\u0142a, aby uzasadni\u0107 zastosowanie rekuperacyjnego dopalacza termicznego.","robots":{"index":"index","follow":"follow","max-snippet":"max-snippet:-1","max-image-preview":"max-image-preview:large","max-video-preview":"max-video-preview:-1"},"canonical":"https:\/\/www.babcock-wanson.com\/pl\/produkty\/dopalacze-termiczne\/dopalacze-regeneracyjne\/","og_locale":"pl_PL","og_type":"article","og_title":"Dopalacze regeneracyjne","og_description":"Dopalacze regeneracyjne s\u0105 stosowane wsz\u0119dzie tam, gdzie nie ma potrzeby odzysku ciep\u0142a albo gdzie ilo\u015b\u0107 ciep\u0142a jest zbyt ma\u0142a, aby uzasadni\u0107 zastosowanie rekuperacyjnego dopalacza termicznego.","og_url":"https:\/\/www.babcock-wanson.com\/pl\/produkty\/dopalacze-termiczne\/dopalacze-regeneracyjne\/","og_site_name":"Babcock Wanson","article_modified_time":"2021-11-08T01:54:24+00:00","og_image":[{"width":600,"height":400,"url":"https:\/\/www.babcock-wanson.com\/wp-content\/uploads\/2018\/09\/Regenerative-Oxidisers-12.jpg","type":"image\/jpeg"}],"twitter_card":"summary_large_image","twitter_misc":{"Est. reading time":"1 minuta"},"schema":{"@context":"https:\/\/schema.org","@graph":[{"@type":"WebPage","@id":"https:\/\/www.babcock-wanson.com\/pl\/produkty\/dopalacze-termiczne\/dopalacze-regeneracyjne\/","url":"https:\/\/www.babcock-wanson.com\/pl\/produkty\/dopalacze-termiczne\/dopalacze-regeneracyjne\/","name":"Dopalacze regeneracyjne - Babcock Wanson","isPartOf":{"@id":"https:\/\/www.babcock-wanson.com\/pl\/#website"},"primaryImageOfPage":{"@id":"https:\/\/www.babcock-wanson.com\/pl\/produkty\/dopalacze-termiczne\/dopalacze-regeneracyjne\/#primaryimage"},"image":{"@id":"https:\/\/www.babcock-wanson.com\/pl\/produkty\/dopalacze-termiczne\/dopalacze-regeneracyjne\/#primaryimage"},"thumbnailUrl":"https:\/\/www.babcock-wanson.com\/wp-content\/uploads\/2018\/09\/Regenerative-Oxidisers-12.jpg","datePublished":"2018-09-19T11:36:12+00:00","dateModified":"2021-11-08T01:54:24+00:00","description":"Dopalacze regeneracyjne s\u0105 stosowane wsz\u0119dzie tam, gdzie nie ma potrzeby odzysku ciep\u0142a albo gdzie ilo\u015b\u0107 ciep\u0142a jest zbyt ma\u0142a, aby uzasadni\u0107 zastosowanie rekuperacyjnego dopalacza termicznego.","breadcrumb":{"@id":"https:\/\/www.babcock-wanson.com\/pl\/produkty\/dopalacze-termiczne\/dopalacze-regeneracyjne\/#breadcrumb"},"inLanguage":"pl-PL","potentialAction":[{"@type":"ReadAction","target":["https:\/\/www.babcock-wanson.com\/pl\/produkty\/dopalacze-termiczne\/dopalacze-regeneracyjne\/"]}]},{"@type":"ImageObject","inLanguage":"pl-PL","@id":"https:\/\/www.babcock-wanson.com\/pl\/produkty\/dopalacze-termiczne\/dopalacze-regeneracyjne\/#primaryimage","url":"https:\/\/www.babcock-wanson.com\/wp-content\/uploads\/2018\/09\/Regenerative-Oxidisers-12.jpg","contentUrl":"https:\/\/www.babcock-wanson.com\/wp-content\/uploads\/2018\/09\/Regenerative-Oxidisers-12.jpg","width":600,"height":400,"caption":"Dopalacze regeneracyjne"},{"@type":"BreadcrumbList","@id":"https:\/\/www.babcock-wanson.com\/pl\/produkty\/dopalacze-termiczne\/dopalacze-regeneracyjne\/#breadcrumb","itemListElement":[{"@type":"ListItem","position":1,"name":"Strona g\u0142\u00f3wna","item":"https:\/\/www.babcock-wanson.com\/pl\/"},{"@type":"ListItem","position":2,"name":"Produkty","item":"https:\/\/www.babcock-wanson.com\/pl\/shop\/"},{"@type":"ListItem","position":3,"name":"Dopalacze Termiczne","item":"https:\/\/www.babcock-wanson.com\/pl\/kategoria-produktu\/dopalacze-termiczne\/"},{"@type":"ListItem","position":4,"name":"Dopalacze regeneracyjne"}]},{"@type":"WebSite","@id":"https:\/\/www.babcock-wanson.com\/pl\/#website","url":"https:\/\/www.babcock-wanson.com\/pl\/","name":"Babcock Wanson","description":"","publisher":{"@id":"https:\/\/www.babcock-wanson.com\/pl\/#organization"},"potentialAction":[{"@type":"SearchAction","target":{"@type":"EntryPoint","urlTemplate":"https:\/\/www.babcock-wanson.com\/pl\/?s={search_term_string}"},"query-input":{"@type":"PropertyValueSpecification","valueRequired":true,"valueName":"search_term_string"}}],"inLanguage":"pl-PL"},{"@type":"Organization","@id":"https:\/\/www.babcock-wanson.com\/pl\/#organization","name":"Babcock Wanson","url":"https:\/\/www.babcock-wanson.com\/pl\/","logo":{"@type":"ImageObject","inLanguage":"pl-PL","@id":"https:\/\/www.babcock-wanson.com\/pl\/#\/schema\/logo\/image\/","url":"https:\/\/www.babcock-wanson.com\/wp-content\/uploads\/2024\/02\/Babcock-Wanson-1200x1200-1.png","contentUrl":"https:\/\/www.babcock-wanson.com\/wp-content\/uploads\/2024\/02\/Babcock-Wanson-1200x1200-1.png","width":1200,"height":1200,"caption":"Babcock Wanson"},"image":{"@id":"https:\/\/www.babcock-wanson.com\/pl\/#\/schema\/logo\/image\/"},"sameAs":["https:\/\/www.linkedin.com\/company\/babcock-wanson\/","https:\/\/www.youtube.com\/channel\/UCtxl25VieBBsP2kYmtlyv7A"]}]}},"jetpack_sharing_enabled":true,"_links":{"self":[{"href":"https:\/\/www.babcock-wanson.com\/pl\/wp-json\/wp\/v2\/product\/36885","targetHints":{"allow":["GET"]}}],"collection":[{"href":"https:\/\/www.babcock-wanson.com\/pl\/wp-json\/wp\/v2\/product"}],"about":[{"href":"https:\/\/www.babcock-wanson.com\/pl\/wp-json\/wp\/v2\/types\/product"}],"replies":[{"embeddable":true,"href":"https:\/\/www.babcock-wanson.com\/pl\/wp-json\/wp\/v2\/comments?post=36885"}],"wp:featuredmedia":[{"embeddable":true,"href":"https:\/\/www.babcock-wanson.com\/pl\/wp-json\/wp\/v2\/media\/35658"}],"wp:attachment":[{"href":"https:\/\/www.babcock-wanson.com\/pl\/wp-json\/wp\/v2\/media?parent=36885"}],"wp:term":[{"taxonomy":"product_brand","embeddable":true,"href":"https:\/\/www.babcock-wanson.com\/pl\/wp-json\/wp\/v2\/product_brand?post=36885"},{"taxonomy":"product_cat","embeddable":true,"href":"https:\/\/www.babcock-wanson.com\/pl\/wp-json\/wp\/v2\/product_cat?post=36885"},{"taxonomy":"product_tag","embeddable":true,"href":"https:\/\/www.babcock-wanson.com\/pl\/wp-json\/wp\/v2\/product_tag?post=36885"}],"curies":[{"name":"wp","href":"https:\/\/api.w.org\/{rel}","templated":true}]}}