{"id":36897,"date":"2018-09-19T12:36:08","date_gmt":"2018-09-19T11:36:08","guid":{"rendered":"https:\/\/www.babcock-wanson.com\/products\/bez-kategorii\/deodorising-oxidisers\/"},"modified":"2020-11-06T10:24:49","modified_gmt":"2020-11-06T10:24:49","slug":"dopalacze-dezodoryzujace","status":"publish","type":"product","link":"https:\/\/www.babcock-wanson.com\/pl\/produkty\/dopalacze-termiczne\/dopalacze-dezodoryzujace\/","title":{"rendered":"Dopalacze dezodoryzuj\u0105ce"},"content":{"rendered":"<div class=\"vgblk-rw-wrapper limit-wrapper\">\r\n<h3>Zasada dzia\u0142ania<\/h3>\r\n<p>Zapachy s\u0105 zwykle przetwarzane w\u00a0temperaturze do 950\u00b0C przez oko\u0142o 0,8\u00a0sekundy. Kocio\u0142 z\u00a0odzyskiem ciep\u0142a odzyskuje energi\u0119 ze strumienia gaz\u00f3w spalinowych i\u00a0wprowadza j\u0105 z\u00a0powrotem do procesu wykorzystuj\u0105cego par\u0119 lub olej termiczny. Czasy przebywania s\u0105 dostosowywane do procesu i\u00a0lokalnych przepis\u00f3w.<\/p>\r\n<h3>Do czego najlepiej nadaj\u0105 si\u0119 dopalacze dezodoryzuj\u0105ce?<\/h3>\r\n<p>Zastosowania przemys\u0142owe s\u0105 zr\u00f3\u017cnicowane i\u00a0obejmuj\u0105:<\/p>\r\n<ul>\r\n<li>Procesy sma\u017cenia przemys\u0142owego<\/li>\r\n<li>Przetwarzanie mi\u0119sa<\/li>\r\n<li>Utylizacja odpad\u00f3w zwierz\u0119cych<\/li>\r\n<li>Pra\u017cenie kawy i\u00a0j\u0119czmienia<\/li>\r\n<li>Wulkanizacja i\u00a0formowanie gumy<\/li>\r\n<\/ul>\r\n<h3>Zalety dopalaczy dezodoryzuj\u0105cych<\/h3>\r\n<ul>\r\n<li>Og\u00f3lna sprawno\u015b\u0107 systemu ponad 99%<\/li>\r\n<li>Doskona\u0142a skuteczno\u015b\u0107 redukcji nieprzyjemnych zapach\u00f3w<\/li>\r\n<li>Mo\u017cliwo\u015b\u0107 wykorzystania \u0142oju zwierz\u0119cego jako paliwa podstawowego, z\u00a0olejem opa\u0142owym lub gazem ziemnym jako paliwem pomocniczym<\/li>\r\n<li>Optymalizacja koszt\u00f3w inwestycyjnych i\u00a0operacyjnych<\/li>\r\n<\/ul>\r\n<\/div><!-- .vgblk-rw-wrapper -->","protected":false},"excerpt":{"rendered":"<p>Dopalacze dezodoryzuj\u0105ce firmy Babcock Wanson s\u0105 dobrze znane na ca\u0142ym \u015bwiecie jako najlepsza dost\u0119pna technologia redukcji zapach\u00f3w generowanych przez r\u00f3\u017cne procesy produkcyjne. S\u0105 one projektowane specjalnie w tym celu i dostosowywane do specyficznych wymaga\u0144 ka\u017cdego procesu przemys\u0142owego.<\/p>\n","protected":false},"featured_media":36904,"comment_status":"closed","ping_status":"closed","template":"","meta":{"_acf_changed":false,"_relevanssi_hide_post":"","_relevanssi_hide_content":"","_relevanssi_pin_for_all":"","_relevanssi_pin_keywords":"","_relevanssi_unpin_keywords":"","_relevanssi_related_keywords":"","_relevanssi_related_include_ids":"","_relevanssi_related_exclude_ids":"","_relevanssi_related_no_append":"","_relevanssi_related_not_related":"","_relevanssi_related_posts":"","_relevanssi_noindex_reason":""},"product_brand":[],"product_cat":[6411],"product_tag":[],"class_list":{"0":"post-36897","1":"product","2":"type-product","3":"status-publish","4":"has-post-thumbnail","6":"product_cat-dopalacze-termiczne","8":"first","9":"instock","10":"shipping-taxable","11":"product-type-simple"},"acf":[],"yoast_head":"<!-- This site is optimized with the Yoast SEO Premium plugin v27.4 (Yoast SEO v27.4) - https:\/\/yoast.com\/product\/yoast-seo-premium-wordpress\/ -->\n<title>Dopalacze dezodoryzuj\u0105ce - Babcock Wanson<\/title>\n<meta name=\"description\" content=\"Dopalacze dezodoryzuj\u0105ce firmy Babcock Wanson s\u0105 dobrze znane na ca\u0142ym \u015bwiecie jako najlepsza dost\u0119pna technologia redukcji zapach\u00f3w generowanych przez r\u00f3\u017cne procesy produkcyjne.\" \/>\n<meta name=\"robots\" content=\"index, follow, max-snippet:-1, max-image-preview:large, max-video-preview:-1\" \/>\n<link rel=\"canonical\" href=\"https:\/\/www.babcock-wanson.com\/pl\/produkty\/dopalacze-termiczne\/dopalacze-dezodoryzujace\/\" \/>\n<meta property=\"og:locale\" content=\"pl_PL\" \/>\n<meta property=\"og:type\" content=\"article\" \/>\n<meta property=\"og:title\" content=\"Dopalacze dezodoryzuj\u0105ce\" \/>\n<meta property=\"og:description\" content=\"Dopalacze dezodoryzuj\u0105ce firmy Babcock Wanson s\u0105 dobrze znane na ca\u0142ym \u015bwiecie jako najlepsza dost\u0119pna technologia redukcji zapach\u00f3w generowanych przez r\u00f3\u017cne procesy produkcyjne.\" \/>\n<meta property=\"og:url\" content=\"https:\/\/www.babcock-wanson.com\/pl\/produkty\/dopalacze-termiczne\/dopalacze-dezodoryzujace\/\" \/>\n<meta property=\"og:site_name\" content=\"Babcock Wanson\" \/>\n<meta property=\"article:modified_time\" content=\"2020-11-06T10:24:49+00:00\" \/>\n<meta property=\"og:image\" content=\"https:\/\/www.babcock-wanson.com\/wp-content\/uploads\/2018\/09\/Deodorising-Oxidisers-5.jpg\" \/>\n\t<meta property=\"og:image:width\" content=\"600\" \/>\n\t<meta property=\"og:image:height\" content=\"400\" \/>\n\t<meta property=\"og:image:type\" content=\"image\/jpeg\" \/>\n<meta name=\"twitter:card\" content=\"summary_large_image\" \/>\n<meta name=\"twitter:label1\" content=\"Est. reading time\" \/>\n\t<meta name=\"twitter:data1\" content=\"1 minuta\" \/>\n<script type=\"application\/ld+json\" class=\"yoast-schema-graph\">{\"@context\":\"https:\\\/\\\/schema.org\",\"@graph\":[{\"@type\":\"WebPage\",\"@id\":\"https:\\\/\\\/www.babcock-wanson.com\\\/pl\\\/produkty\\\/dopalacze-termiczne\\\/dopalacze-dezodoryzujace\\\/\",\"url\":\"https:\\\/\\\/www.babcock-wanson.com\\\/pl\\\/produkty\\\/dopalacze-termiczne\\\/dopalacze-dezodoryzujace\\\/\",\"name\":\"Dopalacze dezodoryzuj\u0105ce - Babcock Wanson\",\"isPartOf\":{\"@id\":\"https:\\\/\\\/www.babcock-wanson.com\\\/pl\\\/#website\"},\"primaryImageOfPage\":{\"@id\":\"https:\\\/\\\/www.babcock-wanson.com\\\/pl\\\/produkty\\\/dopalacze-termiczne\\\/dopalacze-dezodoryzujace\\\/#primaryimage\"},\"image\":{\"@id\":\"https:\\\/\\\/www.babcock-wanson.com\\\/pl\\\/produkty\\\/dopalacze-termiczne\\\/dopalacze-dezodoryzujace\\\/#primaryimage\"},\"thumbnailUrl\":\"https:\\\/\\\/www.babcock-wanson.com\\\/wp-content\\\/uploads\\\/2018\\\/09\\\/Deodorising-Oxidisers-5.jpg\",\"datePublished\":\"2018-09-19T11:36:08+00:00\",\"dateModified\":\"2020-11-06T10:24:49+00:00\",\"description\":\"Dopalacze dezodoryzuj\u0105ce firmy Babcock Wanson s\u0105 dobrze znane na ca\u0142ym \u015bwiecie jako najlepsza dost\u0119pna technologia redukcji zapach\u00f3w generowanych przez r\u00f3\u017cne procesy produkcyjne.\",\"breadcrumb\":{\"@id\":\"https:\\\/\\\/www.babcock-wanson.com\\\/pl\\\/produkty\\\/dopalacze-termiczne\\\/dopalacze-dezodoryzujace\\\/#breadcrumb\"},\"inLanguage\":\"pl-PL\",\"potentialAction\":[{\"@type\":\"ReadAction\",\"target\":[\"https:\\\/\\\/www.babcock-wanson.com\\\/pl\\\/produkty\\\/dopalacze-termiczne\\\/dopalacze-dezodoryzujace\\\/\"]}]},{\"@type\":\"ImageObject\",\"inLanguage\":\"pl-PL\",\"@id\":\"https:\\\/\\\/www.babcock-wanson.com\\\/pl\\\/produkty\\\/dopalacze-termiczne\\\/dopalacze-dezodoryzujace\\\/#primaryimage\",\"url\":\"https:\\\/\\\/www.babcock-wanson.com\\\/wp-content\\\/uploads\\\/2018\\\/09\\\/Deodorising-Oxidisers-5.jpg\",\"contentUrl\":\"https:\\\/\\\/www.babcock-wanson.com\\\/wp-content\\\/uploads\\\/2018\\\/09\\\/Deodorising-Oxidisers-5.jpg\",\"width\":600,\"height\":400},{\"@type\":\"BreadcrumbList\",\"@id\":\"https:\\\/\\\/www.babcock-wanson.com\\\/pl\\\/produkty\\\/dopalacze-termiczne\\\/dopalacze-dezodoryzujace\\\/#breadcrumb\",\"itemListElement\":[{\"@type\":\"ListItem\",\"position\":1,\"name\":\"Strona g\u0142\u00f3wna\",\"item\":\"https:\\\/\\\/www.babcock-wanson.com\\\/pl\\\/\"},{\"@type\":\"ListItem\",\"position\":2,\"name\":\"Produkty\",\"item\":\"https:\\\/\\\/www.babcock-wanson.com\\\/pl\\\/shop\\\/\"},{\"@type\":\"ListItem\",\"position\":3,\"name\":\"Dopalacze Termiczne\",\"item\":\"https:\\\/\\\/www.babcock-wanson.com\\\/pl\\\/kategoria-produktu\\\/dopalacze-termiczne\\\/\"},{\"@type\":\"ListItem\",\"position\":4,\"name\":\"Dopalacze dezodoryzuj\u0105ce\"}]},{\"@type\":\"WebSite\",\"@id\":\"https:\\\/\\\/www.babcock-wanson.com\\\/pl\\\/#website\",\"url\":\"https:\\\/\\\/www.babcock-wanson.com\\\/pl\\\/\",\"name\":\"Babcock Wanson\",\"description\":\"\",\"publisher\":{\"@id\":\"https:\\\/\\\/www.babcock-wanson.com\\\/pl\\\/#organization\"},\"potentialAction\":[{\"@type\":\"SearchAction\",\"target\":{\"@type\":\"EntryPoint\",\"urlTemplate\":\"https:\\\/\\\/www.babcock-wanson.com\\\/pl\\\/?s={search_term_string}\"},\"query-input\":{\"@type\":\"PropertyValueSpecification\",\"valueRequired\":true,\"valueName\":\"search_term_string\"}}],\"inLanguage\":\"pl-PL\"},{\"@type\":\"Organization\",\"@id\":\"https:\\\/\\\/www.babcock-wanson.com\\\/pl\\\/#organization\",\"name\":\"Babcock Wanson\",\"url\":\"https:\\\/\\\/www.babcock-wanson.com\\\/pl\\\/\",\"logo\":{\"@type\":\"ImageObject\",\"inLanguage\":\"pl-PL\",\"@id\":\"https:\\\/\\\/www.babcock-wanson.com\\\/pl\\\/#\\\/schema\\\/logo\\\/image\\\/\",\"url\":\"https:\\\/\\\/www.babcock-wanson.com\\\/wp-content\\\/uploads\\\/2024\\\/02\\\/Babcock-Wanson-1200x1200-1.png\",\"contentUrl\":\"https:\\\/\\\/www.babcock-wanson.com\\\/wp-content\\\/uploads\\\/2024\\\/02\\\/Babcock-Wanson-1200x1200-1.png\",\"width\":1200,\"height\":1200,\"caption\":\"Babcock Wanson\"},\"image\":{\"@id\":\"https:\\\/\\\/www.babcock-wanson.com\\\/pl\\\/#\\\/schema\\\/logo\\\/image\\\/\"},\"sameAs\":[\"https:\\\/\\\/www.linkedin.com\\\/company\\\/babcock-wanson\\\/\",\"https:\\\/\\\/www.youtube.com\\\/channel\\\/UCtxl25VieBBsP2kYmtlyv7A\"]}]}<\/script>\n<!-- \/ Yoast SEO Premium plugin. -->","yoast_head_json":{"title":"Dopalacze dezodoryzuj\u0105ce - Babcock Wanson","description":"Dopalacze dezodoryzuj\u0105ce firmy Babcock Wanson s\u0105 dobrze znane na ca\u0142ym \u015bwiecie jako najlepsza dost\u0119pna technologia redukcji zapach\u00f3w generowanych przez r\u00f3\u017cne procesy produkcyjne.","robots":{"index":"index","follow":"follow","max-snippet":"max-snippet:-1","max-image-preview":"max-image-preview:large","max-video-preview":"max-video-preview:-1"},"canonical":"https:\/\/www.babcock-wanson.com\/pl\/produkty\/dopalacze-termiczne\/dopalacze-dezodoryzujace\/","og_locale":"pl_PL","og_type":"article","og_title":"Dopalacze dezodoryzuj\u0105ce","og_description":"Dopalacze dezodoryzuj\u0105ce firmy Babcock Wanson s\u0105 dobrze znane na ca\u0142ym \u015bwiecie jako najlepsza dost\u0119pna technologia redukcji zapach\u00f3w generowanych przez r\u00f3\u017cne procesy produkcyjne.","og_url":"https:\/\/www.babcock-wanson.com\/pl\/produkty\/dopalacze-termiczne\/dopalacze-dezodoryzujace\/","og_site_name":"Babcock Wanson","article_modified_time":"2020-11-06T10:24:49+00:00","og_image":[{"width":600,"height":400,"url":"https:\/\/www.babcock-wanson.com\/wp-content\/uploads\/2018\/09\/Deodorising-Oxidisers-5.jpg","type":"image\/jpeg"}],"twitter_card":"summary_large_image","twitter_misc":{"Est. reading time":"1 minuta"},"schema":{"@context":"https:\/\/schema.org","@graph":[{"@type":"WebPage","@id":"https:\/\/www.babcock-wanson.com\/pl\/produkty\/dopalacze-termiczne\/dopalacze-dezodoryzujace\/","url":"https:\/\/www.babcock-wanson.com\/pl\/produkty\/dopalacze-termiczne\/dopalacze-dezodoryzujace\/","name":"Dopalacze dezodoryzuj\u0105ce - Babcock Wanson","isPartOf":{"@id":"https:\/\/www.babcock-wanson.com\/pl\/#website"},"primaryImageOfPage":{"@id":"https:\/\/www.babcock-wanson.com\/pl\/produkty\/dopalacze-termiczne\/dopalacze-dezodoryzujace\/#primaryimage"},"image":{"@id":"https:\/\/www.babcock-wanson.com\/pl\/produkty\/dopalacze-termiczne\/dopalacze-dezodoryzujace\/#primaryimage"},"thumbnailUrl":"https:\/\/www.babcock-wanson.com\/wp-content\/uploads\/2018\/09\/Deodorising-Oxidisers-5.jpg","datePublished":"2018-09-19T11:36:08+00:00","dateModified":"2020-11-06T10:24:49+00:00","description":"Dopalacze dezodoryzuj\u0105ce firmy Babcock Wanson s\u0105 dobrze znane na ca\u0142ym \u015bwiecie jako najlepsza dost\u0119pna technologia redukcji zapach\u00f3w generowanych przez r\u00f3\u017cne procesy produkcyjne.","breadcrumb":{"@id":"https:\/\/www.babcock-wanson.com\/pl\/produkty\/dopalacze-termiczne\/dopalacze-dezodoryzujace\/#breadcrumb"},"inLanguage":"pl-PL","potentialAction":[{"@type":"ReadAction","target":["https:\/\/www.babcock-wanson.com\/pl\/produkty\/dopalacze-termiczne\/dopalacze-dezodoryzujace\/"]}]},{"@type":"ImageObject","inLanguage":"pl-PL","@id":"https:\/\/www.babcock-wanson.com\/pl\/produkty\/dopalacze-termiczne\/dopalacze-dezodoryzujace\/#primaryimage","url":"https:\/\/www.babcock-wanson.com\/wp-content\/uploads\/2018\/09\/Deodorising-Oxidisers-5.jpg","contentUrl":"https:\/\/www.babcock-wanson.com\/wp-content\/uploads\/2018\/09\/Deodorising-Oxidisers-5.jpg","width":600,"height":400},{"@type":"BreadcrumbList","@id":"https:\/\/www.babcock-wanson.com\/pl\/produkty\/dopalacze-termiczne\/dopalacze-dezodoryzujace\/#breadcrumb","itemListElement":[{"@type":"ListItem","position":1,"name":"Strona g\u0142\u00f3wna","item":"https:\/\/www.babcock-wanson.com\/pl\/"},{"@type":"ListItem","position":2,"name":"Produkty","item":"https:\/\/www.babcock-wanson.com\/pl\/shop\/"},{"@type":"ListItem","position":3,"name":"Dopalacze Termiczne","item":"https:\/\/www.babcock-wanson.com\/pl\/kategoria-produktu\/dopalacze-termiczne\/"},{"@type":"ListItem","position":4,"name":"Dopalacze dezodoryzuj\u0105ce"}]},{"@type":"WebSite","@id":"https:\/\/www.babcock-wanson.com\/pl\/#website","url":"https:\/\/www.babcock-wanson.com\/pl\/","name":"Babcock Wanson","description":"","publisher":{"@id":"https:\/\/www.babcock-wanson.com\/pl\/#organization"},"potentialAction":[{"@type":"SearchAction","target":{"@type":"EntryPoint","urlTemplate":"https:\/\/www.babcock-wanson.com\/pl\/?s={search_term_string}"},"query-input":{"@type":"PropertyValueSpecification","valueRequired":true,"valueName":"search_term_string"}}],"inLanguage":"pl-PL"},{"@type":"Organization","@id":"https:\/\/www.babcock-wanson.com\/pl\/#organization","name":"Babcock Wanson","url":"https:\/\/www.babcock-wanson.com\/pl\/","logo":{"@type":"ImageObject","inLanguage":"pl-PL","@id":"https:\/\/www.babcock-wanson.com\/pl\/#\/schema\/logo\/image\/","url":"https:\/\/www.babcock-wanson.com\/wp-content\/uploads\/2024\/02\/Babcock-Wanson-1200x1200-1.png","contentUrl":"https:\/\/www.babcock-wanson.com\/wp-content\/uploads\/2024\/02\/Babcock-Wanson-1200x1200-1.png","width":1200,"height":1200,"caption":"Babcock Wanson"},"image":{"@id":"https:\/\/www.babcock-wanson.com\/pl\/#\/schema\/logo\/image\/"},"sameAs":["https:\/\/www.linkedin.com\/company\/babcock-wanson\/","https:\/\/www.youtube.com\/channel\/UCtxl25VieBBsP2kYmtlyv7A"]}]}},"jetpack_sharing_enabled":true,"_links":{"self":[{"href":"https:\/\/www.babcock-wanson.com\/pl\/wp-json\/wp\/v2\/product\/36897","targetHints":{"allow":["GET"]}}],"collection":[{"href":"https:\/\/www.babcock-wanson.com\/pl\/wp-json\/wp\/v2\/product"}],"about":[{"href":"https:\/\/www.babcock-wanson.com\/pl\/wp-json\/wp\/v2\/types\/product"}],"replies":[{"embeddable":true,"href":"https:\/\/www.babcock-wanson.com\/pl\/wp-json\/wp\/v2\/comments?post=36897"}],"wp:featuredmedia":[{"embeddable":true,"href":"https:\/\/www.babcock-wanson.com\/pl\/wp-json\/wp\/v2\/media\/36904"}],"wp:attachment":[{"href":"https:\/\/www.babcock-wanson.com\/pl\/wp-json\/wp\/v2\/media?parent=36897"}],"wp:term":[{"taxonomy":"product_brand","embeddable":true,"href":"https:\/\/www.babcock-wanson.com\/pl\/wp-json\/wp\/v2\/product_brand?post=36897"},{"taxonomy":"product_cat","embeddable":true,"href":"https:\/\/www.babcock-wanson.com\/pl\/wp-json\/wp\/v2\/product_cat?post=36897"},{"taxonomy":"product_tag","embeddable":true,"href":"https:\/\/www.babcock-wanson.com\/pl\/wp-json\/wp\/v2\/product_tag?post=36897"}],"curies":[{"name":"wp","href":"https:\/\/api.w.org\/{rel}","templated":true}]}}