{"id":36905,"date":"2018-09-19T12:36:05","date_gmt":"2018-09-19T11:36:05","guid":{"rendered":"https:\/\/www.babcock-wanson.com\/products\/bez-kategorii\/roto-concentrator\/"},"modified":"2020-11-06T10:25:12","modified_gmt":"2020-11-06T10:25:12","slug":"koncentrator-obrotowy","status":"publish","type":"product","link":"https:\/\/www.babcock-wanson.com\/pl\/produkty\/dopalacze-termiczne\/koncentrator-obrotowy\/","title":{"rendered":"Koncentrator obrotowy"},"content":{"rendered":"<div class=\"vgblk-rw-wrapper limit-wrapper\">\r\n<h3>Projektowanie i\u00a0obs\u0142uga<\/h3>\r\n<p>Ko\u0142o obrotowe ma struktur\u0119 plastra miodu, uformowan\u0105 przez matryc\u0119 zawieraj\u0105c\u0105 zeolity. Zeolity to mikroporowate materia\u0142y glinokrzemianowe, kt\u00f3re zapewniaj\u0105 bardzo du\u017c\u0105 powierzchni\u0119 do adsorpcji LZO. Koncentrator obrotowy obraca si\u0119 ze zmienn\u0105 pr\u0119dko\u015bci\u0105, zwykle od\u00a01 do 3\u00a0obr.\/godz., zale\u017cnie od wymog\u00f3w procesu.<\/p>\r\n<p>Przez ko\u0142o koncentratora i\u00a0dalej do komina przechodzi od\u00a090 do\u00a095% gaz\u00f3w wylotowych procesu, przy czym LZO s\u0105 tymczasowo adsorbowane na zeolit.<\/p>\r\n<p>Pozosta\u0142e 5\u201310% przep\u0142ywu jest podgrzewane i\u00a0przepuszczane przez sekcj\u0119 ko\u0142a koncentratora. Tam ciep\u0142o sprawia, \u017ce LZO desorbuj\u0105 si\u0119 z\u00a0matrycy zeolitowej, przywracaj\u0105c j\u0105, po etapie sch\u0142odzenia, do stanu umo\u017cliwiaj\u0105cego kontynuowanie cyklu. Ten bardziej skoncentrowany strumie\u0144 jest nast\u0119pnie obrabiany w\u00a0dopalaczu (zwykle w\u00a0dopalaczu regeneracyjnym, kt\u00f3ry cz\u0119sto mo\u017ce pracowa\u0107 w\u00a0trybie automatycznym), umieszczonym za koncentratorem obrotowym. Pozwala to znacznie zmniejszy\u0107 lub nawet wyeliminowa\u0107 paliwo pomocnicze, wymagane do obr\u00f3bki ca\u0142ego strumienia przep\u0142ywu procesowego.<\/p>\r\n<h3>Zalety<\/h3>\r\n<ul>\r\n<li>W\u00a0bardzo ekonomiczny spos\u00f3b obs\u0142uguje du\u017ce ilo\u015bci powietrza wylotowego o\u00a0r\u00f3\u017cnorodnej zwarto\u015bci LZO<\/li>\r\n<li>Poziom redukcji &gt;\u00a098%<\/li>\r\n<li>Wyg\u0142adzanie szczyt\u00f3w st\u0119\u017cenia LZO zapewnia bardzo dobre emisje<\/li>\r\n<li>Niskie zu\u017cycie energii<\/li>\r\n<li>Co najmniej 10-krotne zmniejszenie rozmiaru dopalacza regeneracyjnego dla wymaganego przep\u0142ywu procesu<\/li>\r\n<li>Wytrzyma\u0142a konstrukcja ko\u0142a (brak konieczno\u015bci okresowej wymiany)<\/li>\r\n<li>System operacyjny przyjazny dla u\u017cytkownika<\/li>\r\n<li>Niskie koszty utrzymania<\/li>\r\n<li>Mniejsze zapotrzebowanie na miejsce w\u00a0por\u00f3wnaniu z\u00a0innymi technologiami<\/li>\r\n<\/ul>\r\n<\/div><!-- .vgblk-rw-wrapper -->","protected":false},"excerpt":{"rendered":"<p>Typowym zadaniem tego urz\u0105dzenia jest przetwarzanie przep\u0142yw\u00f3w procesowych o\u00a0nat\u0119\u017ceniu od\u00a025\u00a0000 do 300\u00a0000\u00a0Nm3\/godz., o\u00a0niskiej zawarto\u015bci lotnych zwi\u0105zk\u00f3w organicznych (LZO). Koncentrator obrotowy to w\u00a0rzeczywisto\u015bci zeolitowe ko\u0142o obrotowe, kt\u00f3re tymczasowo adsorbuje LZO na specjaln\u0105 matryc\u0119, usuwaj\u0105c je ze strumienia gaz\u00f3w wylotowych. Zapewnia to znacznie ni\u017cszy przep\u0142yw strumienia bogatego w\u00a0LZO, kierowanego do obr\u00f3bki przez tradycyjne techniki dopalania. Urz\u0105dzenie to jest \u0142atwe w\u00a0obs\u0142udze, bardzo skuteczne w\u00a0redukcji emisji LZO, bezpieczne i\u00a0bardzo ekonomiczne w\u00a0por\u00f3wnaniu z\u00a0takimi innymi technologiami, jak filtracja z\u00a0w\u0119glem aktywnym.<\/p>\n","protected":false},"featured_media":36910,"comment_status":"closed","ping_status":"closed","template":"","meta":{"_acf_changed":false,"_relevanssi_hide_post":"","_relevanssi_hide_content":"","_relevanssi_pin_for_all":"","_relevanssi_pin_keywords":"","_relevanssi_unpin_keywords":"","_relevanssi_related_keywords":"","_relevanssi_related_include_ids":"","_relevanssi_related_exclude_ids":"","_relevanssi_related_no_append":"","_relevanssi_related_not_related":"","_relevanssi_related_posts":"","_relevanssi_noindex_reason":""},"product_brand":[],"product_cat":[6411],"product_tag":[],"class_list":{"0":"post-36905","1":"product","2":"type-product","3":"status-publish","4":"has-post-thumbnail","6":"product_cat-dopalacze-termiczne","8":"first","9":"instock","10":"shipping-taxable","11":"product-type-simple"},"acf":[],"yoast_head":"<!-- This site is optimized with the Yoast SEO Premium plugin v27.4 (Yoast SEO v27.4) - https:\/\/yoast.com\/product\/yoast-seo-premium-wordpress\/ -->\n<title>Koncentrator obrotowy - Babcock Wanson<\/title>\n<meta name=\"description\" content=\"Koncentrator obrotowy to w\u00a0rzeczywisto\u015bci zeolitowe ko\u0142o obrotowe, kt\u00f3re tymczasowo adsorbuje LZO na specjaln\u0105 matryc\u0119, usuwaj\u0105c je ze strumienia gaz\u00f3w wylotowych.\" \/>\n<meta name=\"robots\" content=\"index, follow, max-snippet:-1, max-image-preview:large, max-video-preview:-1\" \/>\n<link rel=\"canonical\" href=\"https:\/\/www.babcock-wanson.com\/pl\/produkty\/dopalacze-termiczne\/koncentrator-obrotowy\/\" \/>\n<meta property=\"og:locale\" content=\"pl_PL\" \/>\n<meta property=\"og:type\" content=\"article\" \/>\n<meta property=\"og:title\" content=\"Koncentrator obrotowy\" \/>\n<meta property=\"og:description\" content=\"Koncentrator obrotowy to w\u00a0rzeczywisto\u015bci zeolitowe ko\u0142o obrotowe, kt\u00f3re tymczasowo adsorbuje LZO na specjaln\u0105 matryc\u0119, usuwaj\u0105c je ze strumienia gaz\u00f3w wylotowych.\" \/>\n<meta property=\"og:url\" content=\"https:\/\/www.babcock-wanson.com\/pl\/produkty\/dopalacze-termiczne\/koncentrator-obrotowy\/\" \/>\n<meta property=\"og:site_name\" content=\"Babcock Wanson\" \/>\n<meta property=\"article:modified_time\" content=\"2020-11-06T10:25:12+00:00\" \/>\n<meta property=\"og:image\" content=\"https:\/\/www.babcock-wanson.com\/wp-content\/uploads\/2018\/09\/roto-concentrator-2.png\" \/>\n\t<meta property=\"og:image:width\" content=\"600\" \/>\n\t<meta property=\"og:image:height\" content=\"400\" \/>\n\t<meta property=\"og:image:type\" content=\"image\/png\" \/>\n<meta name=\"twitter:card\" content=\"summary_large_image\" \/>\n<meta name=\"twitter:label1\" content=\"Est. reading time\" \/>\n\t<meta name=\"twitter:data1\" content=\"1 minuta\" \/>\n<script type=\"application\/ld+json\" class=\"yoast-schema-graph\">{\"@context\":\"https:\\\/\\\/schema.org\",\"@graph\":[{\"@type\":\"WebPage\",\"@id\":\"https:\\\/\\\/www.babcock-wanson.com\\\/pl\\\/produkty\\\/dopalacze-termiczne\\\/koncentrator-obrotowy\\\/\",\"url\":\"https:\\\/\\\/www.babcock-wanson.com\\\/pl\\\/produkty\\\/dopalacze-termiczne\\\/koncentrator-obrotowy\\\/\",\"name\":\"Koncentrator obrotowy - Babcock Wanson\",\"isPartOf\":{\"@id\":\"https:\\\/\\\/www.babcock-wanson.com\\\/pl\\\/#website\"},\"primaryImageOfPage\":{\"@id\":\"https:\\\/\\\/www.babcock-wanson.com\\\/pl\\\/produkty\\\/dopalacze-termiczne\\\/koncentrator-obrotowy\\\/#primaryimage\"},\"image\":{\"@id\":\"https:\\\/\\\/www.babcock-wanson.com\\\/pl\\\/produkty\\\/dopalacze-termiczne\\\/koncentrator-obrotowy\\\/#primaryimage\"},\"thumbnailUrl\":\"https:\\\/\\\/www.babcock-wanson.com\\\/wp-content\\\/uploads\\\/2018\\\/09\\\/roto-concentrator-2.png\",\"datePublished\":\"2018-09-19T11:36:05+00:00\",\"dateModified\":\"2020-11-06T10:25:12+00:00\",\"description\":\"Koncentrator obrotowy to w\u00a0rzeczywisto\u015bci zeolitowe ko\u0142o obrotowe, kt\u00f3re tymczasowo adsorbuje LZO na specjaln\u0105 matryc\u0119, usuwaj\u0105c je ze strumienia gaz\u00f3w wylotowych.\",\"breadcrumb\":{\"@id\":\"https:\\\/\\\/www.babcock-wanson.com\\\/pl\\\/produkty\\\/dopalacze-termiczne\\\/koncentrator-obrotowy\\\/#breadcrumb\"},\"inLanguage\":\"pl-PL\",\"potentialAction\":[{\"@type\":\"ReadAction\",\"target\":[\"https:\\\/\\\/www.babcock-wanson.com\\\/pl\\\/produkty\\\/dopalacze-termiczne\\\/koncentrator-obrotowy\\\/\"]}]},{\"@type\":\"ImageObject\",\"inLanguage\":\"pl-PL\",\"@id\":\"https:\\\/\\\/www.babcock-wanson.com\\\/pl\\\/produkty\\\/dopalacze-termiczne\\\/koncentrator-obrotowy\\\/#primaryimage\",\"url\":\"https:\\\/\\\/www.babcock-wanson.com\\\/wp-content\\\/uploads\\\/2018\\\/09\\\/roto-concentrator-2.png\",\"contentUrl\":\"https:\\\/\\\/www.babcock-wanson.com\\\/wp-content\\\/uploads\\\/2018\\\/09\\\/roto-concentrator-2.png\",\"width\":600,\"height\":400},{\"@type\":\"BreadcrumbList\",\"@id\":\"https:\\\/\\\/www.babcock-wanson.com\\\/pl\\\/produkty\\\/dopalacze-termiczne\\\/koncentrator-obrotowy\\\/#breadcrumb\",\"itemListElement\":[{\"@type\":\"ListItem\",\"position\":1,\"name\":\"Strona g\u0142\u00f3wna\",\"item\":\"https:\\\/\\\/www.babcock-wanson.com\\\/pl\\\/\"},{\"@type\":\"ListItem\",\"position\":2,\"name\":\"Produkty\",\"item\":\"https:\\\/\\\/www.babcock-wanson.com\\\/pl\\\/shop\\\/\"},{\"@type\":\"ListItem\",\"position\":3,\"name\":\"Dopalacze Termiczne\",\"item\":\"https:\\\/\\\/www.babcock-wanson.com\\\/pl\\\/kategoria-produktu\\\/dopalacze-termiczne\\\/\"},{\"@type\":\"ListItem\",\"position\":4,\"name\":\"Koncentrator obrotowy\"}]},{\"@type\":\"WebSite\",\"@id\":\"https:\\\/\\\/www.babcock-wanson.com\\\/pl\\\/#website\",\"url\":\"https:\\\/\\\/www.babcock-wanson.com\\\/pl\\\/\",\"name\":\"Babcock Wanson\",\"description\":\"\",\"publisher\":{\"@id\":\"https:\\\/\\\/www.babcock-wanson.com\\\/pl\\\/#organization\"},\"potentialAction\":[{\"@type\":\"SearchAction\",\"target\":{\"@type\":\"EntryPoint\",\"urlTemplate\":\"https:\\\/\\\/www.babcock-wanson.com\\\/pl\\\/?s={search_term_string}\"},\"query-input\":{\"@type\":\"PropertyValueSpecification\",\"valueRequired\":true,\"valueName\":\"search_term_string\"}}],\"inLanguage\":\"pl-PL\"},{\"@type\":\"Organization\",\"@id\":\"https:\\\/\\\/www.babcock-wanson.com\\\/pl\\\/#organization\",\"name\":\"Babcock Wanson\",\"url\":\"https:\\\/\\\/www.babcock-wanson.com\\\/pl\\\/\",\"logo\":{\"@type\":\"ImageObject\",\"inLanguage\":\"pl-PL\",\"@id\":\"https:\\\/\\\/www.babcock-wanson.com\\\/pl\\\/#\\\/schema\\\/logo\\\/image\\\/\",\"url\":\"https:\\\/\\\/www.babcock-wanson.com\\\/wp-content\\\/uploads\\\/2024\\\/02\\\/Babcock-Wanson-1200x1200-1.png\",\"contentUrl\":\"https:\\\/\\\/www.babcock-wanson.com\\\/wp-content\\\/uploads\\\/2024\\\/02\\\/Babcock-Wanson-1200x1200-1.png\",\"width\":1200,\"height\":1200,\"caption\":\"Babcock Wanson\"},\"image\":{\"@id\":\"https:\\\/\\\/www.babcock-wanson.com\\\/pl\\\/#\\\/schema\\\/logo\\\/image\\\/\"},\"sameAs\":[\"https:\\\/\\\/www.linkedin.com\\\/company\\\/babcock-wanson\\\/\",\"https:\\\/\\\/www.youtube.com\\\/channel\\\/UCtxl25VieBBsP2kYmtlyv7A\"]}]}<\/script>\n<!-- \/ Yoast SEO Premium plugin. -->","yoast_head_json":{"title":"Koncentrator obrotowy - Babcock Wanson","description":"Koncentrator obrotowy to w\u00a0rzeczywisto\u015bci zeolitowe ko\u0142o obrotowe, kt\u00f3re tymczasowo adsorbuje LZO na specjaln\u0105 matryc\u0119, usuwaj\u0105c je ze strumienia gaz\u00f3w wylotowych.","robots":{"index":"index","follow":"follow","max-snippet":"max-snippet:-1","max-image-preview":"max-image-preview:large","max-video-preview":"max-video-preview:-1"},"canonical":"https:\/\/www.babcock-wanson.com\/pl\/produkty\/dopalacze-termiczne\/koncentrator-obrotowy\/","og_locale":"pl_PL","og_type":"article","og_title":"Koncentrator obrotowy","og_description":"Koncentrator obrotowy to w\u00a0rzeczywisto\u015bci zeolitowe ko\u0142o obrotowe, kt\u00f3re tymczasowo adsorbuje LZO na specjaln\u0105 matryc\u0119, usuwaj\u0105c je ze strumienia gaz\u00f3w wylotowych.","og_url":"https:\/\/www.babcock-wanson.com\/pl\/produkty\/dopalacze-termiczne\/koncentrator-obrotowy\/","og_site_name":"Babcock Wanson","article_modified_time":"2020-11-06T10:25:12+00:00","og_image":[{"width":600,"height":400,"url":"https:\/\/www.babcock-wanson.com\/wp-content\/uploads\/2018\/09\/roto-concentrator-2.png","type":"image\/png"}],"twitter_card":"summary_large_image","twitter_misc":{"Est. reading time":"1 minuta"},"schema":{"@context":"https:\/\/schema.org","@graph":[{"@type":"WebPage","@id":"https:\/\/www.babcock-wanson.com\/pl\/produkty\/dopalacze-termiczne\/koncentrator-obrotowy\/","url":"https:\/\/www.babcock-wanson.com\/pl\/produkty\/dopalacze-termiczne\/koncentrator-obrotowy\/","name":"Koncentrator obrotowy - Babcock Wanson","isPartOf":{"@id":"https:\/\/www.babcock-wanson.com\/pl\/#website"},"primaryImageOfPage":{"@id":"https:\/\/www.babcock-wanson.com\/pl\/produkty\/dopalacze-termiczne\/koncentrator-obrotowy\/#primaryimage"},"image":{"@id":"https:\/\/www.babcock-wanson.com\/pl\/produkty\/dopalacze-termiczne\/koncentrator-obrotowy\/#primaryimage"},"thumbnailUrl":"https:\/\/www.babcock-wanson.com\/wp-content\/uploads\/2018\/09\/roto-concentrator-2.png","datePublished":"2018-09-19T11:36:05+00:00","dateModified":"2020-11-06T10:25:12+00:00","description":"Koncentrator obrotowy to w\u00a0rzeczywisto\u015bci zeolitowe ko\u0142o obrotowe, kt\u00f3re tymczasowo adsorbuje LZO na specjaln\u0105 matryc\u0119, usuwaj\u0105c je ze strumienia gaz\u00f3w wylotowych.","breadcrumb":{"@id":"https:\/\/www.babcock-wanson.com\/pl\/produkty\/dopalacze-termiczne\/koncentrator-obrotowy\/#breadcrumb"},"inLanguage":"pl-PL","potentialAction":[{"@type":"ReadAction","target":["https:\/\/www.babcock-wanson.com\/pl\/produkty\/dopalacze-termiczne\/koncentrator-obrotowy\/"]}]},{"@type":"ImageObject","inLanguage":"pl-PL","@id":"https:\/\/www.babcock-wanson.com\/pl\/produkty\/dopalacze-termiczne\/koncentrator-obrotowy\/#primaryimage","url":"https:\/\/www.babcock-wanson.com\/wp-content\/uploads\/2018\/09\/roto-concentrator-2.png","contentUrl":"https:\/\/www.babcock-wanson.com\/wp-content\/uploads\/2018\/09\/roto-concentrator-2.png","width":600,"height":400},{"@type":"BreadcrumbList","@id":"https:\/\/www.babcock-wanson.com\/pl\/produkty\/dopalacze-termiczne\/koncentrator-obrotowy\/#breadcrumb","itemListElement":[{"@type":"ListItem","position":1,"name":"Strona g\u0142\u00f3wna","item":"https:\/\/www.babcock-wanson.com\/pl\/"},{"@type":"ListItem","position":2,"name":"Produkty","item":"https:\/\/www.babcock-wanson.com\/pl\/shop\/"},{"@type":"ListItem","position":3,"name":"Dopalacze Termiczne","item":"https:\/\/www.babcock-wanson.com\/pl\/kategoria-produktu\/dopalacze-termiczne\/"},{"@type":"ListItem","position":4,"name":"Koncentrator obrotowy"}]},{"@type":"WebSite","@id":"https:\/\/www.babcock-wanson.com\/pl\/#website","url":"https:\/\/www.babcock-wanson.com\/pl\/","name":"Babcock Wanson","description":"","publisher":{"@id":"https:\/\/www.babcock-wanson.com\/pl\/#organization"},"potentialAction":[{"@type":"SearchAction","target":{"@type":"EntryPoint","urlTemplate":"https:\/\/www.babcock-wanson.com\/pl\/?s={search_term_string}"},"query-input":{"@type":"PropertyValueSpecification","valueRequired":true,"valueName":"search_term_string"}}],"inLanguage":"pl-PL"},{"@type":"Organization","@id":"https:\/\/www.babcock-wanson.com\/pl\/#organization","name":"Babcock Wanson","url":"https:\/\/www.babcock-wanson.com\/pl\/","logo":{"@type":"ImageObject","inLanguage":"pl-PL","@id":"https:\/\/www.babcock-wanson.com\/pl\/#\/schema\/logo\/image\/","url":"https:\/\/www.babcock-wanson.com\/wp-content\/uploads\/2024\/02\/Babcock-Wanson-1200x1200-1.png","contentUrl":"https:\/\/www.babcock-wanson.com\/wp-content\/uploads\/2024\/02\/Babcock-Wanson-1200x1200-1.png","width":1200,"height":1200,"caption":"Babcock Wanson"},"image":{"@id":"https:\/\/www.babcock-wanson.com\/pl\/#\/schema\/logo\/image\/"},"sameAs":["https:\/\/www.linkedin.com\/company\/babcock-wanson\/","https:\/\/www.youtube.com\/channel\/UCtxl25VieBBsP2kYmtlyv7A"]}]}},"jetpack_sharing_enabled":true,"_links":{"self":[{"href":"https:\/\/www.babcock-wanson.com\/pl\/wp-json\/wp\/v2\/product\/36905","targetHints":{"allow":["GET"]}}],"collection":[{"href":"https:\/\/www.babcock-wanson.com\/pl\/wp-json\/wp\/v2\/product"}],"about":[{"href":"https:\/\/www.babcock-wanson.com\/pl\/wp-json\/wp\/v2\/types\/product"}],"replies":[{"embeddable":true,"href":"https:\/\/www.babcock-wanson.com\/pl\/wp-json\/wp\/v2\/comments?post=36905"}],"wp:featuredmedia":[{"embeddable":true,"href":"https:\/\/www.babcock-wanson.com\/pl\/wp-json\/wp\/v2\/media\/36910"}],"wp:attachment":[{"href":"https:\/\/www.babcock-wanson.com\/pl\/wp-json\/wp\/v2\/media?parent=36905"}],"wp:term":[{"taxonomy":"product_brand","embeddable":true,"href":"https:\/\/www.babcock-wanson.com\/pl\/wp-json\/wp\/v2\/product_brand?post=36905"},{"taxonomy":"product_cat","embeddable":true,"href":"https:\/\/www.babcock-wanson.com\/pl\/wp-json\/wp\/v2\/product_cat?post=36905"},{"taxonomy":"product_tag","embeddable":true,"href":"https:\/\/www.babcock-wanson.com\/pl\/wp-json\/wp\/v2\/product_tag?post=36905"}],"curies":[{"name":"wp","href":"https:\/\/api.w.org\/{rel}","templated":true}]}}