{"id":36916,"date":"2019-03-25T09:21:55","date_gmt":"2019-03-25T09:21:55","guid":{"rendered":"https:\/\/www.babcock-wanson.com\/products\/bez-kategorii\/demineralisation-by-resin-exchange\/"},"modified":"2025-06-23T15:55:03","modified_gmt":"2025-06-23T14:55:03","slug":"demineralizacja-za-pomoca-zywicy-jonowymiennej","status":"publish","type":"product","link":"https:\/\/www.babcock-wanson.com\/pl\/produkty\/systemy-uzdatniania-wody\/demineralizacja-za-pomoca-zywicy-jonowymiennej\/","title":{"rendered":"Demineralizacja za pomoc\u0105 \u017cywicy jonowymiennej"},"content":{"rendered":"<div class=\"vgblk-rw-wrapper limit-wrapper\">\r\n<h3>Demineralizacja HRW\u00a9 za pomoc\u0105 \u017cywicy jonowymiennej \u2013 zastosowanie<\/h3>\r\n<ul>\r\n<li>Zasilanie kot\u0142a \u2013 poniewa\u017c woda jest odparowywana w\u00a0kotle parowym, rozpuszczone minera\u0142y mog\u0105 wytr\u0105ca\u0107 si\u0119 i\u00a0osadza\u0107 na powierzchniach grzewczych. Sole te mog\u0105 mie\u0107 w\u0142a\u015bciwo\u015bci korozyjne, a\u00a0osad na powierzchniach wymiany ciep\u0142a zmniejsza skuteczno\u015b\u0107 transferu ciep\u0142a. To mo\u017ce powodowa\u0107 co najmniej zmniejszenie wydajno\u015bci, a\u00a0cz\u0119sto nawet prowadzi\u0107 do uszkodzenia sprz\u0119tu i\u00a0do jego ewentualnej awarii. W\u00a0procesie HRW\u00a9 wytwarzana jest czysta woda zasilaj\u0105ca kocio\u0142, co eliminuje ryzyko strat energii, zmniejsza koszty chemicznej obr\u00f3bki ko\u0144cowej oraz zapewnia dost\u0119pno\u015b\u0107 i\u00a0bezpieczn\u0105 prac\u0119 kot\u0142a.<\/li>\r\n<li>Woda technologiczna \u2013 demineralizacja wody to cz\u0119sto preferowany proces produkcji wody procesowej w\u00a0przemy\u015ble spo\u017cywczym i\u00a0napoj\u00f3w, w\u00a0hutnictwie itp.<\/li>\r\n<li>Wody techniczne \u2013 woda techniczna produkowana w\u00a0procesie demineralizacji jest niezb\u0119dna jako woda do mycia turbin, woda ch\u0142odz\u0105ca do silnik\u00f3w i\u00a0woda wtryskowa do mieszania z\u00a0paliwem w\u00a0celu zmniejszenia emisji NOx i\u00a0CO2 w\u00a0procesach morskich i\u00a0offshore oraz w\u00a0kogeneracji itp.<\/li>\r\n<\/ul>\r\n<h3>Demineralizacja HRW\u00a9 za pomoc\u0105 \u017cywicy jonowymiennej \u2013 zalety<\/h3>\r\n<p>Proces zwi\u0105zany z\u00a0regeneracj\u0105 zawiesinow\u0105 i\u00a0przeciwpr\u0105dow\u0105 ma wiele zalet pod wzgl\u0119dem zu\u017cycia odczynnik\u00f3w regeneracyjnych i\u00a0jako\u015bci produkowanej wody:<\/p>\r\n<ul>\r\n<li>Uzyskanie niskiej przewodno\u015bci i\u00a0sta\u0142ej jako\u015bci wody w\u00a0ca\u0142ym cyklu<\/li>\r\n<li>W\u00a0pe\u0142ni zautomatyzowane urz\u0105dzenia i\u00a0konfigurowalny programowalny sterownik logiczny (PLC, Programmable Logic Controller) do zarz\u0105dzania bezpiecze\u0144stwem i\u00a0alarmami<\/li>\r\n<li>Brak faz p\u0142ukania wstecznego<\/li>\r\n<li>Znaczna redukcja obj\u0119to\u015bci wody u\u017cytkowej i\u00a0odprowadzanych \u015bciek\u00f3w<\/li>\r\n<li>Skr\u00f3cenie czasu regeneracji<\/li>\r\n<li>Zmniejszone zu\u017cycie odczynnika (od\u00a030% do 40%)<\/li>\r\n<li>Zredukowana wielko\u015b\u0107 instalacji<\/li>\r\n<\/ul>\r\n<\/div><!-- .vgblk-rw-wrapper -->","protected":false},"excerpt":{"rendered":"<p>Sprz\u0119t dostosowany do potrzeb klienta<\/p>\n<p>Demineralizacja za pomoc\u0105 \u017cywicy jonowymiennej to technologia oczyszczania wody, kt\u00f3ra usuwa rozpuszczone jony z wody i zast\u0119puje je innymi jonami o takim samym lub podobnym \u0142adunku elektrycznym (wod\u00f3r H+ lub wodorotlenek OH-) w celu uzyskania czystej wody. Typowe usuwane kationy to wap\u0144 (Ca++), magnez (Mg++), s\u00f3d (Na+), potas (K+) i \u017celazo (Fe++). Typowe usuwane aniony to dwuw\u0119glan (HCO3-), chlorek (Cl-), siarczan (SO4-), azotan (NO3-) i krzemionka (SiO2). Wydajno\u015b\u0107 procesu demineralizacji zale\u017cy od stanu wody wlotowej, konstrukcji uk\u0142adu (strumie\u0144 wsp\u00f3lny lub przeciwny), rodzaju u\u017cytej \u017cywicy oraz typu i st\u0119\u017cenia czynnika regeneruj\u0105cego. W procesach przemys\u0142owych metoda demineralizacji jest stosowana zwykle wtedy, gdy wymagana jest bardzo niska zawarto\u015b\u0107 soli rozpuszczonej w wodzie procesowej lub w wodzie zasilaj\u0105cej kocio\u0142.<\/p>\n<p>Firma Babcock Wanson opracowa\u0142a proces HRW\u00a9 bazuj\u0105cy na procesie regeneracji przeciwpr\u0105dowej. W\u00a0zale\u017cno\u015bci od dalszych wymaga\u0144 proces ten usuwa sole (i\u00a0krzemionk\u0119) poprzez zastosowanie kationowych i\u00a0anionowych wymiennik\u00f3w \u017cywicowanych jako obr\u00f3bki wst\u0119pnej oraz wymiennika mieszankowego jako obr\u00f3bki wyko\u0144czeniowej. Takie rozwi\u0105zania pozwala uzyska\u0107 wysokiej jako\u015bci wod\u0119 o\u00a0bardzo niskiej zawarto\u015bci minera\u0142\u00f3w i\u00a0niskiej przewodno\u015bci.<\/p>\n","protected":false},"featured_media":36921,"comment_status":"closed","ping_status":"closed","template":"","meta":{"_acf_changed":false,"_relevanssi_hide_post":"","_relevanssi_hide_content":"","_relevanssi_pin_for_all":"","_relevanssi_pin_keywords":"","_relevanssi_unpin_keywords":"","_relevanssi_related_keywords":"","_relevanssi_related_include_ids":"","_relevanssi_related_exclude_ids":"","_relevanssi_related_no_append":"","_relevanssi_related_not_related":"","_relevanssi_related_posts":"","_relevanssi_noindex_reason":""},"product_brand":[],"product_cat":[6410],"product_tag":[],"class_list":{"0":"post-36916","1":"product","2":"type-product","3":"status-publish","4":"has-post-thumbnail","6":"product_cat-systemy-uzdatniania-wody","8":"first","9":"instock","10":"shipping-taxable","11":"product-type-simple"},"acf":[],"yoast_head":"<!-- This site is optimized with the Yoast SEO Premium plugin v27.4 (Yoast SEO v27.4) - https:\/\/yoast.com\/product\/yoast-seo-premium-wordpress\/ -->\n<title>Demineralizacja za pomoc\u0105 \u017cywicy jonowymiennej - Babcock Wanson<\/title>\n<meta name=\"description\" content=\"Demineralizacja za pomoc\u0105 \u017cywicy jonowymiennej to technologia oczyszczania wody.\" \/>\n<meta name=\"robots\" content=\"index, follow, max-snippet:-1, max-image-preview:large, max-video-preview:-1\" \/>\n<link rel=\"canonical\" href=\"https:\/\/www.babcock-wanson.com\/pl\/produkty\/systemy-uzdatniania-wody\/demineralizacja-za-pomoca-zywicy-jonowymiennej\/\" \/>\n<meta property=\"og:locale\" content=\"pl_PL\" \/>\n<meta property=\"og:type\" content=\"article\" \/>\n<meta property=\"og:title\" content=\"Demineralizacja za pomoc\u0105 \u017cywicy jonowymiennej\" \/>\n<meta property=\"og:description\" content=\"Demineralizacja za pomoc\u0105 \u017cywicy jonowymiennej to technologia oczyszczania wody.\" \/>\n<meta property=\"og:url\" content=\"https:\/\/www.babcock-wanson.com\/pl\/produkty\/systemy-uzdatniania-wody\/demineralizacja-za-pomoca-zywicy-jonowymiennej\/\" \/>\n<meta property=\"og:site_name\" content=\"Babcock Wanson\" \/>\n<meta property=\"article:modified_time\" content=\"2025-06-23T14:55:03+00:00\" \/>\n<meta property=\"og:image\" content=\"https:\/\/www.babcock-wanson.com\/wp-content\/uploads\/2019\/03\/demineralisation-resin-exchange-4.jpg\" \/>\n\t<meta property=\"og:image:width\" content=\"600\" \/>\n\t<meta property=\"og:image:height\" content=\"400\" \/>\n\t<meta property=\"og:image:type\" content=\"image\/jpeg\" \/>\n<meta name=\"twitter:card\" content=\"summary_large_image\" \/>\n<meta name=\"twitter:label1\" content=\"Est. reading time\" \/>\n\t<meta name=\"twitter:data1\" content=\"2 minuty\" \/>\n<script type=\"application\/ld+json\" class=\"yoast-schema-graph\">{\"@context\":\"https:\\\/\\\/schema.org\",\"@graph\":[{\"@type\":\"WebPage\",\"@id\":\"https:\\\/\\\/www.babcock-wanson.com\\\/pl\\\/produkty\\\/systemy-uzdatniania-wody\\\/demineralizacja-za-pomoca-zywicy-jonowymiennej\\\/\",\"url\":\"https:\\\/\\\/www.babcock-wanson.com\\\/pl\\\/produkty\\\/systemy-uzdatniania-wody\\\/demineralizacja-za-pomoca-zywicy-jonowymiennej\\\/\",\"name\":\"Demineralizacja za pomoc\u0105 \u017cywicy jonowymiennej - Babcock Wanson\",\"isPartOf\":{\"@id\":\"https:\\\/\\\/www.babcock-wanson.com\\\/pl\\\/#website\"},\"primaryImageOfPage\":{\"@id\":\"https:\\\/\\\/www.babcock-wanson.com\\\/pl\\\/produkty\\\/systemy-uzdatniania-wody\\\/demineralizacja-za-pomoca-zywicy-jonowymiennej\\\/#primaryimage\"},\"image\":{\"@id\":\"https:\\\/\\\/www.babcock-wanson.com\\\/pl\\\/produkty\\\/systemy-uzdatniania-wody\\\/demineralizacja-za-pomoca-zywicy-jonowymiennej\\\/#primaryimage\"},\"thumbnailUrl\":\"https:\\\/\\\/www.babcock-wanson.com\\\/wp-content\\\/uploads\\\/2019\\\/03\\\/demineralisation-resin-exchange-4.jpg\",\"datePublished\":\"2019-03-25T09:21:55+00:00\",\"dateModified\":\"2025-06-23T14:55:03+00:00\",\"description\":\"Demineralizacja za pomoc\u0105 \u017cywicy jonowymiennej to technologia oczyszczania wody.\",\"breadcrumb\":{\"@id\":\"https:\\\/\\\/www.babcock-wanson.com\\\/pl\\\/produkty\\\/systemy-uzdatniania-wody\\\/demineralizacja-za-pomoca-zywicy-jonowymiennej\\\/#breadcrumb\"},\"inLanguage\":\"pl-PL\",\"potentialAction\":[{\"@type\":\"ReadAction\",\"target\":[\"https:\\\/\\\/www.babcock-wanson.com\\\/pl\\\/produkty\\\/systemy-uzdatniania-wody\\\/demineralizacja-za-pomoca-zywicy-jonowymiennej\\\/\"]}]},{\"@type\":\"ImageObject\",\"inLanguage\":\"pl-PL\",\"@id\":\"https:\\\/\\\/www.babcock-wanson.com\\\/pl\\\/produkty\\\/systemy-uzdatniania-wody\\\/demineralizacja-za-pomoca-zywicy-jonowymiennej\\\/#primaryimage\",\"url\":\"https:\\\/\\\/www.babcock-wanson.com\\\/wp-content\\\/uploads\\\/2019\\\/03\\\/demineralisation-resin-exchange-4.jpg\",\"contentUrl\":\"https:\\\/\\\/www.babcock-wanson.com\\\/wp-content\\\/uploads\\\/2019\\\/03\\\/demineralisation-resin-exchange-4.jpg\",\"width\":600,\"height\":400},{\"@type\":\"BreadcrumbList\",\"@id\":\"https:\\\/\\\/www.babcock-wanson.com\\\/pl\\\/produkty\\\/systemy-uzdatniania-wody\\\/demineralizacja-za-pomoca-zywicy-jonowymiennej\\\/#breadcrumb\",\"itemListElement\":[{\"@type\":\"ListItem\",\"position\":1,\"name\":\"Strona g\u0142\u00f3wna\",\"item\":\"https:\\\/\\\/www.babcock-wanson.com\\\/pl\\\/\"},{\"@type\":\"ListItem\",\"position\":2,\"name\":\"Produkty\",\"item\":\"https:\\\/\\\/www.babcock-wanson.com\\\/pl\\\/shop\\\/\"},{\"@type\":\"ListItem\",\"position\":3,\"name\":\"Systemy Uzdatniania Wody\",\"item\":\"https:\\\/\\\/www.babcock-wanson.com\\\/pl\\\/kategoria-produktu\\\/systemy-uzdatniania-wody\\\/\"},{\"@type\":\"ListItem\",\"position\":4,\"name\":\"Demineralizacja za pomoc\u0105 \u017cywicy jonowymiennej\"}]},{\"@type\":\"WebSite\",\"@id\":\"https:\\\/\\\/www.babcock-wanson.com\\\/pl\\\/#website\",\"url\":\"https:\\\/\\\/www.babcock-wanson.com\\\/pl\\\/\",\"name\":\"Babcock Wanson\",\"description\":\"\",\"publisher\":{\"@id\":\"https:\\\/\\\/www.babcock-wanson.com\\\/pl\\\/#organization\"},\"potentialAction\":[{\"@type\":\"SearchAction\",\"target\":{\"@type\":\"EntryPoint\",\"urlTemplate\":\"https:\\\/\\\/www.babcock-wanson.com\\\/pl\\\/?s={search_term_string}\"},\"query-input\":{\"@type\":\"PropertyValueSpecification\",\"valueRequired\":true,\"valueName\":\"search_term_string\"}}],\"inLanguage\":\"pl-PL\"},{\"@type\":\"Organization\",\"@id\":\"https:\\\/\\\/www.babcock-wanson.com\\\/pl\\\/#organization\",\"name\":\"Babcock Wanson\",\"url\":\"https:\\\/\\\/www.babcock-wanson.com\\\/pl\\\/\",\"logo\":{\"@type\":\"ImageObject\",\"inLanguage\":\"pl-PL\",\"@id\":\"https:\\\/\\\/www.babcock-wanson.com\\\/pl\\\/#\\\/schema\\\/logo\\\/image\\\/\",\"url\":\"https:\\\/\\\/www.babcock-wanson.com\\\/wp-content\\\/uploads\\\/2024\\\/02\\\/Babcock-Wanson-1200x1200-1.png\",\"contentUrl\":\"https:\\\/\\\/www.babcock-wanson.com\\\/wp-content\\\/uploads\\\/2024\\\/02\\\/Babcock-Wanson-1200x1200-1.png\",\"width\":1200,\"height\":1200,\"caption\":\"Babcock Wanson\"},\"image\":{\"@id\":\"https:\\\/\\\/www.babcock-wanson.com\\\/pl\\\/#\\\/schema\\\/logo\\\/image\\\/\"},\"sameAs\":[\"https:\\\/\\\/www.linkedin.com\\\/company\\\/babcock-wanson\\\/\",\"https:\\\/\\\/www.youtube.com\\\/channel\\\/UCtxl25VieBBsP2kYmtlyv7A\"]}]}<\/script>\n<!-- \/ Yoast SEO Premium plugin. -->","yoast_head_json":{"title":"Demineralizacja za pomoc\u0105 \u017cywicy jonowymiennej - Babcock Wanson","description":"Demineralizacja za pomoc\u0105 \u017cywicy jonowymiennej to technologia oczyszczania wody.","robots":{"index":"index","follow":"follow","max-snippet":"max-snippet:-1","max-image-preview":"max-image-preview:large","max-video-preview":"max-video-preview:-1"},"canonical":"https:\/\/www.babcock-wanson.com\/pl\/produkty\/systemy-uzdatniania-wody\/demineralizacja-za-pomoca-zywicy-jonowymiennej\/","og_locale":"pl_PL","og_type":"article","og_title":"Demineralizacja za pomoc\u0105 \u017cywicy jonowymiennej","og_description":"Demineralizacja za pomoc\u0105 \u017cywicy jonowymiennej to technologia oczyszczania wody.","og_url":"https:\/\/www.babcock-wanson.com\/pl\/produkty\/systemy-uzdatniania-wody\/demineralizacja-za-pomoca-zywicy-jonowymiennej\/","og_site_name":"Babcock Wanson","article_modified_time":"2025-06-23T14:55:03+00:00","og_image":[{"width":600,"height":400,"url":"https:\/\/www.babcock-wanson.com\/wp-content\/uploads\/2019\/03\/demineralisation-resin-exchange-4.jpg","type":"image\/jpeg"}],"twitter_card":"summary_large_image","twitter_misc":{"Est. reading time":"2 minuty"},"schema":{"@context":"https:\/\/schema.org","@graph":[{"@type":"WebPage","@id":"https:\/\/www.babcock-wanson.com\/pl\/produkty\/systemy-uzdatniania-wody\/demineralizacja-za-pomoca-zywicy-jonowymiennej\/","url":"https:\/\/www.babcock-wanson.com\/pl\/produkty\/systemy-uzdatniania-wody\/demineralizacja-za-pomoca-zywicy-jonowymiennej\/","name":"Demineralizacja za pomoc\u0105 \u017cywicy jonowymiennej - Babcock Wanson","isPartOf":{"@id":"https:\/\/www.babcock-wanson.com\/pl\/#website"},"primaryImageOfPage":{"@id":"https:\/\/www.babcock-wanson.com\/pl\/produkty\/systemy-uzdatniania-wody\/demineralizacja-za-pomoca-zywicy-jonowymiennej\/#primaryimage"},"image":{"@id":"https:\/\/www.babcock-wanson.com\/pl\/produkty\/systemy-uzdatniania-wody\/demineralizacja-za-pomoca-zywicy-jonowymiennej\/#primaryimage"},"thumbnailUrl":"https:\/\/www.babcock-wanson.com\/wp-content\/uploads\/2019\/03\/demineralisation-resin-exchange-4.jpg","datePublished":"2019-03-25T09:21:55+00:00","dateModified":"2025-06-23T14:55:03+00:00","description":"Demineralizacja za pomoc\u0105 \u017cywicy jonowymiennej to technologia oczyszczania wody.","breadcrumb":{"@id":"https:\/\/www.babcock-wanson.com\/pl\/produkty\/systemy-uzdatniania-wody\/demineralizacja-za-pomoca-zywicy-jonowymiennej\/#breadcrumb"},"inLanguage":"pl-PL","potentialAction":[{"@type":"ReadAction","target":["https:\/\/www.babcock-wanson.com\/pl\/produkty\/systemy-uzdatniania-wody\/demineralizacja-za-pomoca-zywicy-jonowymiennej\/"]}]},{"@type":"ImageObject","inLanguage":"pl-PL","@id":"https:\/\/www.babcock-wanson.com\/pl\/produkty\/systemy-uzdatniania-wody\/demineralizacja-za-pomoca-zywicy-jonowymiennej\/#primaryimage","url":"https:\/\/www.babcock-wanson.com\/wp-content\/uploads\/2019\/03\/demineralisation-resin-exchange-4.jpg","contentUrl":"https:\/\/www.babcock-wanson.com\/wp-content\/uploads\/2019\/03\/demineralisation-resin-exchange-4.jpg","width":600,"height":400},{"@type":"BreadcrumbList","@id":"https:\/\/www.babcock-wanson.com\/pl\/produkty\/systemy-uzdatniania-wody\/demineralizacja-za-pomoca-zywicy-jonowymiennej\/#breadcrumb","itemListElement":[{"@type":"ListItem","position":1,"name":"Strona g\u0142\u00f3wna","item":"https:\/\/www.babcock-wanson.com\/pl\/"},{"@type":"ListItem","position":2,"name":"Produkty","item":"https:\/\/www.babcock-wanson.com\/pl\/shop\/"},{"@type":"ListItem","position":3,"name":"Systemy Uzdatniania Wody","item":"https:\/\/www.babcock-wanson.com\/pl\/kategoria-produktu\/systemy-uzdatniania-wody\/"},{"@type":"ListItem","position":4,"name":"Demineralizacja za pomoc\u0105 \u017cywicy jonowymiennej"}]},{"@type":"WebSite","@id":"https:\/\/www.babcock-wanson.com\/pl\/#website","url":"https:\/\/www.babcock-wanson.com\/pl\/","name":"Babcock Wanson","description":"","publisher":{"@id":"https:\/\/www.babcock-wanson.com\/pl\/#organization"},"potentialAction":[{"@type":"SearchAction","target":{"@type":"EntryPoint","urlTemplate":"https:\/\/www.babcock-wanson.com\/pl\/?s={search_term_string}"},"query-input":{"@type":"PropertyValueSpecification","valueRequired":true,"valueName":"search_term_string"}}],"inLanguage":"pl-PL"},{"@type":"Organization","@id":"https:\/\/www.babcock-wanson.com\/pl\/#organization","name":"Babcock Wanson","url":"https:\/\/www.babcock-wanson.com\/pl\/","logo":{"@type":"ImageObject","inLanguage":"pl-PL","@id":"https:\/\/www.babcock-wanson.com\/pl\/#\/schema\/logo\/image\/","url":"https:\/\/www.babcock-wanson.com\/wp-content\/uploads\/2024\/02\/Babcock-Wanson-1200x1200-1.png","contentUrl":"https:\/\/www.babcock-wanson.com\/wp-content\/uploads\/2024\/02\/Babcock-Wanson-1200x1200-1.png","width":1200,"height":1200,"caption":"Babcock Wanson"},"image":{"@id":"https:\/\/www.babcock-wanson.com\/pl\/#\/schema\/logo\/image\/"},"sameAs":["https:\/\/www.linkedin.com\/company\/babcock-wanson\/","https:\/\/www.youtube.com\/channel\/UCtxl25VieBBsP2kYmtlyv7A"]}]}},"jetpack_sharing_enabled":true,"_links":{"self":[{"href":"https:\/\/www.babcock-wanson.com\/pl\/wp-json\/wp\/v2\/product\/36916","targetHints":{"allow":["GET"]}}],"collection":[{"href":"https:\/\/www.babcock-wanson.com\/pl\/wp-json\/wp\/v2\/product"}],"about":[{"href":"https:\/\/www.babcock-wanson.com\/pl\/wp-json\/wp\/v2\/types\/product"}],"replies":[{"embeddable":true,"href":"https:\/\/www.babcock-wanson.com\/pl\/wp-json\/wp\/v2\/comments?post=36916"}],"wp:featuredmedia":[{"embeddable":true,"href":"https:\/\/www.babcock-wanson.com\/pl\/wp-json\/wp\/v2\/media\/36921"}],"wp:attachment":[{"href":"https:\/\/www.babcock-wanson.com\/pl\/wp-json\/wp\/v2\/media?parent=36916"}],"wp:term":[{"taxonomy":"product_brand","embeddable":true,"href":"https:\/\/www.babcock-wanson.com\/pl\/wp-json\/wp\/v2\/product_brand?post=36916"},{"taxonomy":"product_cat","embeddable":true,"href":"https:\/\/www.babcock-wanson.com\/pl\/wp-json\/wp\/v2\/product_cat?post=36916"},{"taxonomy":"product_tag","embeddable":true,"href":"https:\/\/www.babcock-wanson.com\/pl\/wp-json\/wp\/v2\/product_tag?post=36916"}],"curies":[{"name":"wp","href":"https:\/\/api.w.org\/{rel}","templated":true}]}}