{"id":36926,"date":"2018-09-19T13:42:09","date_gmt":"2018-09-19T12:42:09","guid":{"rendered":"https:\/\/www.babcock-wanson.com\/products\/bez-kategorii\/filtration\/"},"modified":"2022-01-05T16:13:20","modified_gmt":"2022-01-05T16:13:20","slug":"filtracja","status":"publish","type":"product","link":"https:\/\/www.babcock-wanson.com\/pl\/produkty\/systemy-uzdatniania-wody\/filtracja\/","title":{"rendered":"Filtracja"},"content":{"rendered":"<div class=\"vgblk-rw-wrapper limit-wrapper\">\r\n<h3>Zastosowania filtracyjne w\u00a0przemy\u015ble<\/h3>\r\n<ul>\r\n<li>Woda technologiczna<\/li>\r\n<li>W\u00a0celu uzyskania wody wysokiej jako\u015bci filtracja mo\u017ce usuwa\u0107 zawiesiny olejowe, cia\u0142a sta\u0142e i\u00a0inne zanieczyszczenia.<\/li>\r\n<li>Woda pitna<\/li>\r\n<li>Woda zasilaj\u0105ca kocio\u0142<\/li>\r\n<li>Kot\u0142y parowe wymagaj\u0105 wysokiej jako\u015bci wody zasilaj\u0105cej, aby wyeliminowa\u0107 ryzyko korozji i\u00a0zapobiega\u0107 osadzaniu si\u0119 kamienia na zwil\u017conych powierzchniach kot\u0142a. Filtracja jest r\u00f3wnie\u017c konieczna w\u00a0przypadku obr\u00f3bki wst\u0119pnej przed ultrafiltracj\u0105 (filtracj\u0105 molekularn\u0105) lub odwr\u00f3con\u0105 osmoz\u0105.<\/li>\r\n<li>Obr\u00f3bka wst\u0119pna system\u00f3w wymiany jonowej w\u00a0obwodach ch\u0142odz\u0105cych.<\/li>\r\n<\/ul>\r\n<h3>Wszechstronny i\u00a0kompletny asortyment<\/h3>\r\n<ul>\r\n<li>Nasza szeroka gama system\u00f3w filtracyjnych pozwala nam dostosowa\u0107 si\u0119 do wymaga\u0144 lokalnych, a\u00a0jednocze\u015bnie optymalizuje koszty eksploatacji i\u00a0konserwacji.<\/li>\r\n<li>Kompaktowe konstrukcje montowane na paletach cz\u0119sto wymagaj\u0105 mniejszej powierzchni pod\u0142ogi ni\u017c konwencjonalne instalacje montowane na miejscu.<\/li>\r\n<\/ul>\r\n<h3>Prosta instalacja i\u00a0konserwacja<\/h3>\r\n<ul>\r\n<li>W\u00a0pe\u0142ni zintegrowany i\u00a0fabrycznie przetestowany system sterowania gwarantuje prosty monta\u017c u\u00a0klienta.<\/li>\r\n<li>System filtracji mo\u017ce by\u0107 dostosowany do wody o\u00a0zmiennym st\u0119\u017ceniu wlotowym.<\/li>\r\n<li>Proces mycia mo\u017cna dopasowa\u0107 do indywidualnych potrzeb w\u00a0zale\u017cno\u015bci od czasu, obj\u0119to\u015bci i\u00a0r\u00f3\u017cnicy ci\u015bnie\u0144.<\/li>\r\n<li>Mycie mo\u017ce by\u0107 wykonywane przy u\u017cyciu przeciwpr\u0105dowej wody surowej lub wody filtrowanej.<\/li>\r\n<\/ul>\r\n<h3>Niezawodno\u015b\u0107 i\u00a0bezpiecze\u0144stwo urz\u0105dze\u0144<\/h3>\r\n<ul>\r\n<li>W\u00a0celu dostosowania sposobu oczyszczania do konkretnych potrzeb firma Babcock Wanson w\u00a0pe\u0142ni uwzgl\u0119dnia charakterystyk\u0119 wody surowej, typ kot\u0142a, jako\u015b\u0107 wody procesowej, zwrot kondensatu, jako\u015b\u0107 produkowanej pary oraz inne parametry instalacji.<\/li>\r\n<li>Nasze umowy na konserwacj\u0119 obejmuj\u0105 coroczny przegl\u0105d ulepsze\u0144 jako\u015bci i\u00a0szczeg\u00f3\u0142ow\u0105 kontrol\u0119 koszt\u00f3w.<\/li>\r\n<\/ul>\r\n<h2>Filtracja<\/h2>\r\n<h3>Duplex &#8211; 2750\/2850\/3150 &#8211; FMC &#8211; S\/D<\/h3>\r\n<table>\r\n<tbody>\r\n<tr>\r\n<th>Duplex Model<\/th>\r\n<th>\u00a0<\/th>\r\n<th>1450<\/th>\r\n<th>1665<\/th>\r\n<th>1865<\/th>\r\n<th>2160<\/th>\r\n<th>2469<\/th>\r\n<th>3072<\/th>\r\n<th>3672<\/th>\r\n<th>4272<\/th>\r\n<\/tr>\r\n<tr>\r\n<th>Maksymalny Przep\u0142yw*<\/th>\r\n<th>(m\u00b3\/h)<\/th>\r\n<td>1.5<\/td>\r\n<td>2.0<\/td>\r\n<td>2.8<\/td>\r\n<td>3.6<\/td>\r\n<td>4.6<\/td>\r\n<td>7.2<\/td>\r\n<td>10.4<\/td>\r\n<td>14.0<\/td>\r\n<\/tr>\r\n<tr>\r\n<th>\u015arednica (A)<\/th>\r\n<th>mm<\/th>\r\n<td>268<\/td>\r\n<td>406<\/td>\r\n<td>469<\/td>\r\n<td>552<\/td>\r\n<td>610<\/td>\r\n<td>770<\/td>\r\n<td>927<\/td>\r\n<td>1074<\/td>\r\n<\/tr>\r\n<tr>\r\n<th>Wysoko\u015b\u0107 (B)<\/th>\r\n<th>mm<\/th>\r\n<td>1815<\/td>\r\n<td>1802<\/td>\r\n<td>1896<\/td>\r\n<td>1795<\/td>\r\n<td>2040<\/td>\r\n<td>2502<\/td>\r\n<td>2559<\/td>\r\n<td>2669<\/td>\r\n<\/tr>\r\n<\/tbody>\r\n<\/table>\r\n<h3>Triplex &#8211; F &#8211; ECO &#8211; MV &#8211; T &#8211; S<\/h3>\r\n<table>\r\n<tbody>\r\n<tr>\r\n<th>Triplex Model<\/th>\r\n<th>\u00a0<\/th>\r\n<th>18<\/th>\r\n<th>21<\/th>\r\n<th>24<\/th>\r\n<th>30<\/th>\r\n<th>36<\/th>\r\n<th>42<\/th>\r\n<th>48<\/th>\r\n<th>63<\/th>\r\n<\/tr>\r\n<tr>\r\n<th>Maksymalny Przep\u0142yw*<\/th>\r\n<th>(m\u00b3\/h)<\/th>\r\n<td>7.77<\/td>\r\n<td>10.77<\/td>\r\n<td>13.14<\/td>\r\n<td>20.94<\/td>\r\n<td>30.36<\/td>\r\n<td>40.74<\/td>\r\n<td>52.59<\/td>\r\n<td>93.06<\/td>\r\n<\/tr>\r\n<tr>\r\n<th>\u015arednica (A)<\/th>\r\n<th>mm<\/th>\r\n<td>469<\/td>\r\n<td>552<\/td>\r\n<td>610<\/td>\r\n<td>770<\/td>\r\n<td>927<\/td>\r\n<td>1074<\/td>\r\n<td>1220<\/td>\r\n<td>1623<\/td>\r\n<\/tr>\r\n<tr>\r\n<th>Wysoko\u015b\u0107 (B)<\/th>\r\n<th>mm<\/th>\r\n<td>2300<\/td>\r\n<td>2300<\/td>\r\n<td>2400<\/td>\r\n<td>2500<\/td>\r\n<td>2500<\/td>\r\n<td>2600<\/td>\r\n<td>2700<\/td>\r\n<td>2800<\/td>\r\n<\/tr>\r\n<\/tbody>\r\n<\/table>\r\n<p>*Maksymalna wydajno\u015b\u0107 przy filtracji 15 m3\/h<\/p>\r\n<\/div><!-- .vgblk-rw-wrapper -->","protected":false},"excerpt":{"rendered":"<p><b>Standardowo: duplex lub triplex. Przep\u0142yw wody od 1\u00a0do 93 m3\/godz.<br \/><\/b><b>Indywidualnie: dostosowane do wymaga\u0144 zak\u0142adu<\/b><\/p>\n<p>Firma Babcock Wanson, specjalizuj\u0105ca si\u0119 w\u00a0rozwi\u0105zaniach dla kot\u0142owni i\u00a0w\u00a0<a href=\"https:\/\/www.babcock-wanson.com\/pl\/kategoria-produktu\/systemy-uzdatniania-wody\/\" target=\"_blank\" rel=\"noopener\">uzdatnianiu wody<\/a>, oferuje szerok\u0105 gam\u0119 przemys\u0142owych system\u00f3w filtracji wody. Nasz zesp\u00f3\u0142 jest gotowy do zaprojektowania i\u00a0zainstalowania najbardziej wydajnego i\u00a0ekonomicznego sprz\u0119tu do ka\u017cdego zastosowania. Aby spe\u0142ni\u0107 wymagania docelowego procesu, ka\u017cdy system filtracji jest wyj\u0105tkowy i\u00a0budowany na indywidualne zam\u00f3wienie.<\/p>\n<p>W\u00a0zale\u017cno\u015bci od w\u0142a\u015bciwo\u015bci fizykochemicznych i\u00a0mikrobiologicznych wody surowej oraz od po\u017c\u0105danej jako\u015bci wody ko\u0144cowej stosowane s\u0105 r\u00f3\u017cne media filtracyjne. Filtracja piaskowa\/Silex jest zwykle stosowana do usuwania z\u00a0wody du\u017cych cz\u0105stek o\u00a0wielko\u015bci do 25\u00a0\u00b5m. Podw\u00f3jne z\u0142o\u017ce hydro-antracyt\/Silex umo\u017cliwia lepsze zatrzymanie zawiesiny cia\u0142 sta\u0142ych. Filtracja z\u00a0w\u0119glem aktywnym jest stosowana g\u0142\u00f3wnie do usuwania substancji organicznych, metali ci\u0119\u017ckich, substancji chlorowcowanych, takich jak chlor, pestycyd\u00f3w i\u00a0zwi\u0105zk\u00f3w, kt\u00f3re mog\u0105 powodowa\u0107 upo\u015bledzenie smaku lub nieprzyjemny zapach.<\/p>\n<p>Firma Babcock Wanson zaprojektowa\u0142a filtry wielozaworowe typu simpleks, kt\u00f3re mog\u0105 pracowa\u0107 w\u00a0uk\u0142adzie duplex, triplex i\u00a0multiplex. Elektroniczne jednostki steruj\u0105ce z\u00a0obrotowymi rozdzielaczami po\u0142\u0105czonymi przewodami komunikacyjnymi z\u00a0ka\u017cd\u0105 sekcj\u0105. Programowanie takiej jednostki steruj\u0105cej umo\u017cliwia prac\u0119 naprzemienn\u0105 lub r\u00f3wnoleg\u0142\u0105.<\/p>\n","protected":false},"featured_media":36927,"comment_status":"closed","ping_status":"closed","template":"","meta":{"_acf_changed":false,"_relevanssi_hide_post":"","_relevanssi_hide_content":"","_relevanssi_pin_for_all":"","_relevanssi_pin_keywords":"","_relevanssi_unpin_keywords":"","_relevanssi_related_keywords":"","_relevanssi_related_include_ids":"","_relevanssi_related_exclude_ids":"","_relevanssi_related_no_append":"","_relevanssi_related_not_related":"","_relevanssi_related_posts":"","_relevanssi_noindex_reason":""},"product_brand":[],"product_cat":[6410],"product_tag":[],"class_list":{"0":"post-36926","1":"product","2":"type-product","3":"status-publish","4":"has-post-thumbnail","6":"product_cat-systemy-uzdatniania-wody","8":"first","9":"instock","10":"shipping-taxable","11":"product-type-simple"},"acf":[],"yoast_head":"<!-- This site is optimized with the Yoast SEO Premium plugin v27.1 (Yoast SEO v27.1.1) - https:\/\/yoast.com\/product\/yoast-seo-premium-wordpress\/ -->\n<title>Filtracja - Babcock Wanson<\/title>\n<meta name=\"description\" content=\"Firma Babcock Wanson, specjalizuj\u0105ca si\u0119 w\u00a0rozwi\u0105zaniach dla kot\u0142owni i\u00a0w\u00a0uzdatnianiu wody, oferuje szerok\u0105 gam\u0119 przemys\u0142owych system\u00f3w filtracji wody.\" \/>\n<meta name=\"robots\" content=\"index, follow, max-snippet:-1, max-image-preview:large, max-video-preview:-1\" \/>\n<link rel=\"canonical\" href=\"https:\/\/www.babcock-wanson.com\/pl\/produkty\/systemy-uzdatniania-wody\/filtracja\/\" \/>\n<meta property=\"og:locale\" content=\"pl_PL\" \/>\n<meta property=\"og:type\" content=\"article\" \/>\n<meta property=\"og:title\" content=\"Filtracja\" \/>\n<meta property=\"og:description\" content=\"Firma Babcock Wanson, specjalizuj\u0105ca si\u0119 w\u00a0rozwi\u0105zaniach dla kot\u0142owni i\u00a0w\u00a0uzdatnianiu wody, oferuje szerok\u0105 gam\u0119 przemys\u0142owych system\u00f3w filtracji wody.\" \/>\n<meta property=\"og:url\" content=\"https:\/\/www.babcock-wanson.com\/pl\/produkty\/systemy-uzdatniania-wody\/filtracja\/\" \/>\n<meta property=\"og:site_name\" content=\"Babcock Wanson\" \/>\n<meta property=\"article:modified_time\" content=\"2022-01-05T16:13:20+00:00\" \/>\n<meta property=\"og:image\" content=\"https:\/\/www.babcock-wanson.com\/wp-content\/uploads\/2018\/09\/Filtration-2.jpg\" \/>\n\t<meta property=\"og:image:width\" content=\"600\" \/>\n\t<meta property=\"og:image:height\" content=\"400\" \/>\n\t<meta property=\"og:image:type\" content=\"image\/jpeg\" \/>\n<meta name=\"twitter:card\" content=\"summary_large_image\" \/>\n<meta name=\"twitter:label1\" content=\"Est. reading time\" \/>\n\t<meta name=\"twitter:data1\" content=\"2 minuty\" \/>\n<script type=\"application\/ld+json\" class=\"yoast-schema-graph\">{\"@context\":\"https:\/\/schema.org\",\"@graph\":[{\"@type\":\"WebPage\",\"@id\":\"https:\/\/www.babcock-wanson.com\/pl\/produkty\/systemy-uzdatniania-wody\/filtracja\/\",\"url\":\"https:\/\/www.babcock-wanson.com\/pl\/produkty\/systemy-uzdatniania-wody\/filtracja\/\",\"name\":\"Filtracja - Babcock Wanson\",\"isPartOf\":{\"@id\":\"https:\/\/www.babcock-wanson.com\/pl\/#website\"},\"primaryImageOfPage\":{\"@id\":\"https:\/\/www.babcock-wanson.com\/pl\/produkty\/systemy-uzdatniania-wody\/filtracja\/#primaryimage\"},\"image\":{\"@id\":\"https:\/\/www.babcock-wanson.com\/pl\/produkty\/systemy-uzdatniania-wody\/filtracja\/#primaryimage\"},\"thumbnailUrl\":\"https:\/\/www.babcock-wanson.com\/wp-content\/uploads\/2018\/09\/Filtration-2.jpg\",\"datePublished\":\"2018-09-19T12:42:09+00:00\",\"dateModified\":\"2022-01-05T16:13:20+00:00\",\"description\":\"Firma Babcock Wanson, specjalizuj\u0105ca si\u0119 w\u00a0rozwi\u0105zaniach dla kot\u0142owni i\u00a0w\u00a0uzdatnianiu wody, oferuje szerok\u0105 gam\u0119 przemys\u0142owych system\u00f3w filtracji wody.\",\"breadcrumb\":{\"@id\":\"https:\/\/www.babcock-wanson.com\/pl\/produkty\/systemy-uzdatniania-wody\/filtracja\/#breadcrumb\"},\"inLanguage\":\"pl-PL\",\"potentialAction\":[{\"@type\":\"ReadAction\",\"target\":[\"https:\/\/www.babcock-wanson.com\/pl\/produkty\/systemy-uzdatniania-wody\/filtracja\/\"]}]},{\"@type\":\"ImageObject\",\"inLanguage\":\"pl-PL\",\"@id\":\"https:\/\/www.babcock-wanson.com\/pl\/produkty\/systemy-uzdatniania-wody\/filtracja\/#primaryimage\",\"url\":\"https:\/\/www.babcock-wanson.com\/wp-content\/uploads\/2018\/09\/Filtration-2.jpg\",\"contentUrl\":\"https:\/\/www.babcock-wanson.com\/wp-content\/uploads\/2018\/09\/Filtration-2.jpg\",\"width\":600,\"height\":400},{\"@type\":\"BreadcrumbList\",\"@id\":\"https:\/\/www.babcock-wanson.com\/pl\/produkty\/systemy-uzdatniania-wody\/filtracja\/#breadcrumb\",\"itemListElement\":[{\"@type\":\"ListItem\",\"position\":1,\"name\":\"Strona g\u0142\u00f3wna\",\"item\":\"https:\/\/www.babcock-wanson.com\/pl\/\"},{\"@type\":\"ListItem\",\"position\":2,\"name\":\"Produkty\",\"item\":\"https:\/\/www.babcock-wanson.com\/pl\/shop\/\"},{\"@type\":\"ListItem\",\"position\":3,\"name\":\"Systemy Uzdatniania Wody\",\"item\":\"https:\/\/www.babcock-wanson.com\/pl\/kategoria-produktu\/systemy-uzdatniania-wody\/\"},{\"@type\":\"ListItem\",\"position\":4,\"name\":\"Filtracja\"}]},{\"@type\":\"WebSite\",\"@id\":\"https:\/\/www.babcock-wanson.com\/pl\/#website\",\"url\":\"https:\/\/www.babcock-wanson.com\/pl\/\",\"name\":\"Babcock Wanson\",\"description\":\"\",\"publisher\":{\"@id\":\"https:\/\/www.babcock-wanson.com\/pl\/#organization\"},\"potentialAction\":[{\"@type\":\"SearchAction\",\"target\":{\"@type\":\"EntryPoint\",\"urlTemplate\":\"https:\/\/www.babcock-wanson.com\/pl\/?s={search_term_string}\"},\"query-input\":{\"@type\":\"PropertyValueSpecification\",\"valueRequired\":true,\"valueName\":\"search_term_string\"}}],\"inLanguage\":\"pl-PL\"},{\"@type\":\"Organization\",\"@id\":\"https:\/\/www.babcock-wanson.com\/pl\/#organization\",\"name\":\"Babcock Wanson\",\"url\":\"https:\/\/www.babcock-wanson.com\/pl\/\",\"logo\":{\"@type\":\"ImageObject\",\"inLanguage\":\"pl-PL\",\"@id\":\"https:\/\/www.babcock-wanson.com\/pl\/#\/schema\/logo\/image\/\",\"url\":\"https:\/\/www.babcock-wanson.com\/wp-content\/uploads\/2024\/02\/Babcock-Wanson-1200x1200-1.png\",\"contentUrl\":\"https:\/\/www.babcock-wanson.com\/wp-content\/uploads\/2024\/02\/Babcock-Wanson-1200x1200-1.png\",\"width\":1200,\"height\":1200,\"caption\":\"Babcock Wanson\"},\"image\":{\"@id\":\"https:\/\/www.babcock-wanson.com\/pl\/#\/schema\/logo\/image\/\"},\"sameAs\":[\"https:\/\/www.linkedin.com\/company\/babcock-wanson\/\",\"https:\/\/www.youtube.com\/channel\/UCtxl25VieBBsP2kYmtlyv7A\"]}]}<\/script>\n<!-- \/ Yoast SEO Premium plugin. -->","yoast_head_json":{"title":"Filtracja - Babcock Wanson","description":"Firma Babcock Wanson, specjalizuj\u0105ca si\u0119 w\u00a0rozwi\u0105zaniach dla kot\u0142owni i\u00a0w\u00a0uzdatnianiu wody, oferuje szerok\u0105 gam\u0119 przemys\u0142owych system\u00f3w filtracji wody.","robots":{"index":"index","follow":"follow","max-snippet":"max-snippet:-1","max-image-preview":"max-image-preview:large","max-video-preview":"max-video-preview:-1"},"canonical":"https:\/\/www.babcock-wanson.com\/pl\/produkty\/systemy-uzdatniania-wody\/filtracja\/","og_locale":"pl_PL","og_type":"article","og_title":"Filtracja","og_description":"Firma Babcock Wanson, specjalizuj\u0105ca si\u0119 w\u00a0rozwi\u0105zaniach dla kot\u0142owni i\u00a0w\u00a0uzdatnianiu wody, oferuje szerok\u0105 gam\u0119 przemys\u0142owych system\u00f3w filtracji wody.","og_url":"https:\/\/www.babcock-wanson.com\/pl\/produkty\/systemy-uzdatniania-wody\/filtracja\/","og_site_name":"Babcock Wanson","article_modified_time":"2022-01-05T16:13:20+00:00","og_image":[{"width":600,"height":400,"url":"https:\/\/www.babcock-wanson.com\/wp-content\/uploads\/2018\/09\/Filtration-2.jpg","type":"image\/jpeg"}],"twitter_card":"summary_large_image","twitter_misc":{"Est. reading time":"2 minuty"},"schema":{"@context":"https:\/\/schema.org","@graph":[{"@type":"WebPage","@id":"https:\/\/www.babcock-wanson.com\/pl\/produkty\/systemy-uzdatniania-wody\/filtracja\/","url":"https:\/\/www.babcock-wanson.com\/pl\/produkty\/systemy-uzdatniania-wody\/filtracja\/","name":"Filtracja - Babcock Wanson","isPartOf":{"@id":"https:\/\/www.babcock-wanson.com\/pl\/#website"},"primaryImageOfPage":{"@id":"https:\/\/www.babcock-wanson.com\/pl\/produkty\/systemy-uzdatniania-wody\/filtracja\/#primaryimage"},"image":{"@id":"https:\/\/www.babcock-wanson.com\/pl\/produkty\/systemy-uzdatniania-wody\/filtracja\/#primaryimage"},"thumbnailUrl":"https:\/\/www.babcock-wanson.com\/wp-content\/uploads\/2018\/09\/Filtration-2.jpg","datePublished":"2018-09-19T12:42:09+00:00","dateModified":"2022-01-05T16:13:20+00:00","description":"Firma Babcock Wanson, specjalizuj\u0105ca si\u0119 w\u00a0rozwi\u0105zaniach dla kot\u0142owni i\u00a0w\u00a0uzdatnianiu wody, oferuje szerok\u0105 gam\u0119 przemys\u0142owych system\u00f3w filtracji wody.","breadcrumb":{"@id":"https:\/\/www.babcock-wanson.com\/pl\/produkty\/systemy-uzdatniania-wody\/filtracja\/#breadcrumb"},"inLanguage":"pl-PL","potentialAction":[{"@type":"ReadAction","target":["https:\/\/www.babcock-wanson.com\/pl\/produkty\/systemy-uzdatniania-wody\/filtracja\/"]}]},{"@type":"ImageObject","inLanguage":"pl-PL","@id":"https:\/\/www.babcock-wanson.com\/pl\/produkty\/systemy-uzdatniania-wody\/filtracja\/#primaryimage","url":"https:\/\/www.babcock-wanson.com\/wp-content\/uploads\/2018\/09\/Filtration-2.jpg","contentUrl":"https:\/\/www.babcock-wanson.com\/wp-content\/uploads\/2018\/09\/Filtration-2.jpg","width":600,"height":400},{"@type":"BreadcrumbList","@id":"https:\/\/www.babcock-wanson.com\/pl\/produkty\/systemy-uzdatniania-wody\/filtracja\/#breadcrumb","itemListElement":[{"@type":"ListItem","position":1,"name":"Strona g\u0142\u00f3wna","item":"https:\/\/www.babcock-wanson.com\/pl\/"},{"@type":"ListItem","position":2,"name":"Produkty","item":"https:\/\/www.babcock-wanson.com\/pl\/shop\/"},{"@type":"ListItem","position":3,"name":"Systemy Uzdatniania Wody","item":"https:\/\/www.babcock-wanson.com\/pl\/kategoria-produktu\/systemy-uzdatniania-wody\/"},{"@type":"ListItem","position":4,"name":"Filtracja"}]},{"@type":"WebSite","@id":"https:\/\/www.babcock-wanson.com\/pl\/#website","url":"https:\/\/www.babcock-wanson.com\/pl\/","name":"Babcock Wanson","description":"","publisher":{"@id":"https:\/\/www.babcock-wanson.com\/pl\/#organization"},"potentialAction":[{"@type":"SearchAction","target":{"@type":"EntryPoint","urlTemplate":"https:\/\/www.babcock-wanson.com\/pl\/?s={search_term_string}"},"query-input":{"@type":"PropertyValueSpecification","valueRequired":true,"valueName":"search_term_string"}}],"inLanguage":"pl-PL"},{"@type":"Organization","@id":"https:\/\/www.babcock-wanson.com\/pl\/#organization","name":"Babcock Wanson","url":"https:\/\/www.babcock-wanson.com\/pl\/","logo":{"@type":"ImageObject","inLanguage":"pl-PL","@id":"https:\/\/www.babcock-wanson.com\/pl\/#\/schema\/logo\/image\/","url":"https:\/\/www.babcock-wanson.com\/wp-content\/uploads\/2024\/02\/Babcock-Wanson-1200x1200-1.png","contentUrl":"https:\/\/www.babcock-wanson.com\/wp-content\/uploads\/2024\/02\/Babcock-Wanson-1200x1200-1.png","width":1200,"height":1200,"caption":"Babcock Wanson"},"image":{"@id":"https:\/\/www.babcock-wanson.com\/pl\/#\/schema\/logo\/image\/"},"sameAs":["https:\/\/www.linkedin.com\/company\/babcock-wanson\/","https:\/\/www.youtube.com\/channel\/UCtxl25VieBBsP2kYmtlyv7A"]}]}},"jetpack_sharing_enabled":true,"_links":{"self":[{"href":"https:\/\/www.babcock-wanson.com\/pl\/wp-json\/wp\/v2\/product\/36926","targetHints":{"allow":["GET"]}}],"collection":[{"href":"https:\/\/www.babcock-wanson.com\/pl\/wp-json\/wp\/v2\/product"}],"about":[{"href":"https:\/\/www.babcock-wanson.com\/pl\/wp-json\/wp\/v2\/types\/product"}],"replies":[{"embeddable":true,"href":"https:\/\/www.babcock-wanson.com\/pl\/wp-json\/wp\/v2\/comments?post=36926"}],"wp:featuredmedia":[{"embeddable":true,"href":"https:\/\/www.babcock-wanson.com\/pl\/wp-json\/wp\/v2\/media\/36927"}],"wp:attachment":[{"href":"https:\/\/www.babcock-wanson.com\/pl\/wp-json\/wp\/v2\/media?parent=36926"}],"wp:term":[{"taxonomy":"product_brand","embeddable":true,"href":"https:\/\/www.babcock-wanson.com\/pl\/wp-json\/wp\/v2\/product_brand?post=36926"},{"taxonomy":"product_cat","embeddable":true,"href":"https:\/\/www.babcock-wanson.com\/pl\/wp-json\/wp\/v2\/product_cat?post=36926"},{"taxonomy":"product_tag","embeddable":true,"href":"https:\/\/www.babcock-wanson.com\/pl\/wp-json\/wp\/v2\/product_tag?post=36926"}],"curies":[{"name":"wp","href":"https:\/\/api.w.org\/{rel}","templated":true}]}}