{"id":36929,"date":"2018-09-19T13:42:06","date_gmt":"2018-09-19T12:42:06","guid":{"rendered":"https:\/\/www.babcock-wanson.com\/products\/bez-kategorii\/industrial-water-softening\/"},"modified":"2025-08-27T15:51:46","modified_gmt":"2025-08-27T14:51:46","slug":"zmiekczanie-wody-przemyslowej","status":"publish","type":"product","link":"https:\/\/www.babcock-wanson.com\/pl\/produkty\/systemy-uzdatniania-wody\/zmiekczanie-wody-przemyslowej\/","title":{"rendered":"Zmi\u0119kczanie wody przemys\u0142owej"},"content":{"rendered":"<div class=\"vgblk-rw-wrapper limit-wrapper\">\r\n<h3>Urz\u0105dzenia do zmi\u0119kczania wody przemys\u0142owej<\/h3>\r\n<p>Urz\u0105dzenia do zmi\u0119kczania wody firmy Babcock Wanson wykorzystuj\u0105 proces wymiany jonowej. Polega on na wymianie wymienionych wcze\u015bniej kation\u00f3w z\u00a0bardziej rozpuszczalnymi zwi\u0105zkami na bazie sodu (Na+) i\u00a0odbywa si\u0119 w\u00a0wype\u0142nionym \u017cywic\u0105 zbiorniku ci\u015bnieniowym. Po\u0142\u0105czenie \u017cywicy z\u00a0solank\u0105 (NaCl) powoduje na\u0142adowanie \u017cywicy kationami Na+, kt\u00f3re s\u0105 nast\u0119pnie wymieniane z\u00a0kationami Ca+ i\u00a0Mg+. Po wyczerpaniu rezerwy kation\u00f3w Na+ konieczny jest proces regeneracji w\u00a0celu ponownego na\u0142adowania \u017cywicy.<\/p>\r\n<p>Babcock Wanson oferuje zmi\u0119kczacze r\u00f3\u017cnorodnych rozmiar\u00f3w do ma\u0142ych i\u00a0\u015brednich kot\u0142\u00f3w. Zmi\u0119kczacze s\u0105 przeznaczone do pracy w\u00a0r\u00f3\u017cnych ga\u0142\u0119ziach przemys\u0142u. W\u00a0ramach bezpo\u015bredniego u\u017cycia wody mi\u0119kkiej w\u00a0przemy\u015ble spo\u017cywczym i\u00a0napoj\u00f3w mo\u017cemy dostarczy\u0107 \u017cywice bezpieczne dla \u017cywno\u015bci.<\/p>\r\n<h3>Ni\u017csze koszty eksploatacji<\/h3>\r\n<p>W\u00a0przypadku zmi\u0119kczaczy wody o\u00a0du\u017cej pojemno\u015bci firma Babcock Wanson oferuje regeneracj\u0119 przeciwpr\u0105dow\u0105 i\u00a0\u201ezablokowane\u201d z\u0142o\u017ce \u017cywicy (blokowanie zapobiega up\u0142ynnieniu z\u0142o\u017ca \u017cywicy).<\/p>\r\n<p>Regeneracja przeciwpr\u0105dowa wykorzystuje nisk\u0105 dawk\u0119 soli, dzi\u0119ki czemu zapewnia od 30 do 40% redukcji zu\u017cycia soli oraz ponad 50% redukcj\u0119 zu\u017cycia wody u\u017cytkowej. Mimo \u017ce wdro\u017cenie tej technologii wymaga bardziej zaawansowanej instalacji pod wzgl\u0119dem budowy i\u00a0eksploatacji, co skutkuje wy\u017cszymi kosztami inwestycyjnymi w\u00a0por\u00f3wnaniu z\u00a0konwencjonalnym systemem regeneracji, zwrot z\u00a0inwestycji przychodzi szybko ze wzgl\u0119du na oszcz\u0119dno\u015bci w\u00a0zu\u017cyciu soli i\u00a0wody.<\/p>\r\n<h3>Wysoka sprawno\u015b\u0107<\/h3>\r\n<p>Dzi\u0119ki do\u015bwiadczeniu w\u00a0zakresie spe\u0142niania specyficznych wymaga\u0144 dotycz\u0105cych <a href=\"https:\/\/www.babcock-wanson.com\/pl\/kategoria-produktu\/systemy-uzdatniania-wody\/\" target=\"_blank\" rel=\"noopener\">uzdatniania wody<\/a> w\u00a0kot\u0142owni Babcock Wanson rozumie wymagania dotycz\u0105ce jako\u015bci, wytrzyma\u0142o\u015bci i\u00a0niezawodno\u015bci urz\u0105dze\u0144 zmi\u0119kczaj\u0105cych. Sterownik PLC i\u00a0ekran interfejsu HMI, kt\u00f3re s\u0105 oferowane w\u00a0naszych zmi\u0119kczaczach o\u00a0najwi\u0119kszej pojemno\u015bci, zapewniaj\u0105 du\u017c\u0105 elastyczno\u015b\u0107, minimaln\u0105 konserwacj\u0119 i\u00a0\u0142atwe monitorowanie.<\/p>\r\n<h3>\u0141atwo\u015b\u0107 obs\u0142ugi<\/h3>\r\n<p>W\u00a0przypadku wi\u0119kszych system\u00f3w, w\u00a0kt\u00f3rych zbiornik solanki utrzymywany przez lokalnego operatora jest uwa\u017cany za niewystarczaj\u0105cy, oraz w\u00a0celu zmniejszenia ogranicze\u0144 roboczych zwi\u0105zanych z\u00a0kosztami regeneracji soli i\u00a0jej wdra\u017cania zmi\u0119kczacze wody Babcock Wanson s\u0105 cz\u0119sto wyposa\u017cone w\u00a0system nasycania solanki. Zasila on w\u00a0solank\u0119 przygotowan\u0105 z\u00a0soli dostarczanej luzem z\u00a0du\u017cego zbiornika magazynowego, cz\u0119sto znajduj\u0105cego si\u0119 poza uk\u0142adem zmi\u0119kczacza. Proces regeneracji mo\u017ce by\u0107 zarz\u0105dzany metod\u0105 obj\u0119to\u015bciow\u0105 (miernik) lub chronometryczn\u0105 (licznik czasu) z\u00a0uwzgl\u0119dnieniem obj\u0119to\u015bci oczyszczanej wody. Konserwacja i\u00a0serwis posprzeda\u017cny zmi\u0119kczacza i\u00a0zwi\u0105zanego z\u00a0nim sprz\u0119tu zapewnia mi\u0119dzynarodowa sie\u0107 Babcock Wanson oraz lokalni in\u017cynierowie serwisowi.<\/p>\r\n<h3>Pe\u0142ny zakres wyposa\u017cenia<\/h3>\r\n<ul>\r\n<li>Przep\u0142yw wody od 1\u00a0do 20 m3\/godz.<\/li>\r\n<li>Konfiguracja Simplex lub Duplex, z\u00a0mo\u017cliwo\u015bci\u0105 rozbudowy zgodnie ze zmieniaj\u0105cymi si\u0119 potrzebami klient\u00f3w<\/li>\r\n<li>Wyposa\u017cony w\u00a0zawory z\u00a0br\u0105zu oraz zawory \u201eNoryl\u201d, aby zapewni\u0107 zgodno\u015b\u0107 z\u00a0wszystkimi zastosowaniami przemys\u0142owymi<\/li>\r\n<li>Zakres dostawy obejmuje odpowiedni zbiornik solanki<\/li>\r\n<\/ul>\r\n<\/div><!-- .vgblk-rw-wrapper -->","protected":false},"excerpt":{"rendered":"<p><b>Przep\u0142yw wody od 0,125\u00a0do 20 m3\/godz.<br \/><\/b><b>Obj\u0119to\u015b\u0107 \u017cywicy od\u00a025 do 550\u00a0litr\u00f3w<\/b><\/p>\n<p>Firma Babcock Wanson dostarcza szerok\u0105 gam\u0119 urz\u0105dze\u0144 do zmi\u0119kczania wody dla przemys\u0142u przetw\u00f3rczego. Bazuj\u0105c na ponad 60-letnim do\u015bwiadczeniu, firma Babcock Wanson zainstalowa\u0142a tysi\u0105ce zmi\u0119kczaczy wody i\u00a0zwi\u0105zanych z\u00a0nimi urz\u0105dze\u0144, ze szczeg\u00f3lnym uwzgl\u0119dnieniem uzdatniania wody dla kot\u0142\u00f3w parowych.<\/p>\n<p>Zmi\u0119kczanie wody to proces usuwania kation\u00f3w wapnia (Ca+), magnezu (Mg+) i\u00a0innych kation\u00f3w metali z\u00a0wody surowej. Te rozpuszczone w\u00a0wodzie pierwiastki musz\u0105 zosta\u0107 oczyszczone przed wprowadzeniem ich do urz\u0105dze\u0144 procesowych, takich jak kot\u0142y parowe i\u00a0obiegi zamkni\u0119te (wymienniki ciep\u0142a, rury i\u00a0armatura), poniewa\u017c mniej rozpuszczalne zwi\u0105zki wytr\u0105caj\u0105 si\u0119 wraz z\u00a0ciep\u0142em, tworz\u0105c z\u0142ogi lub osady, kt\u00f3re mog\u0105 wp\u0142ywa\u0107 na transfer ciep\u0142a i\u00a0prowadzi\u0107 do spadku efektywno\u015bci, przegrzania powierzchni wymiany lub awarii obwod\u00f3w.<\/p>\n","protected":false},"featured_media":36933,"comment_status":"closed","ping_status":"closed","template":"","meta":{"_acf_changed":false,"_relevanssi_hide_post":"","_relevanssi_hide_content":"","_relevanssi_pin_for_all":"","_relevanssi_pin_keywords":"","_relevanssi_unpin_keywords":"","_relevanssi_related_keywords":"","_relevanssi_related_include_ids":"","_relevanssi_related_exclude_ids":"","_relevanssi_related_no_append":"","_relevanssi_related_not_related":"","_relevanssi_related_posts":"","_relevanssi_noindex_reason":""},"product_brand":[],"product_cat":[6410],"product_tag":[],"class_list":{"0":"post-36929","1":"product","2":"type-product","3":"status-publish","4":"has-post-thumbnail","6":"product_cat-systemy-uzdatniania-wody","8":"first","9":"instock","10":"shipping-taxable","11":"product-type-simple"},"acf":[],"yoast_head":"<!-- This site is optimized with the Yoast SEO Premium plugin v27.4 (Yoast SEO v27.4) - https:\/\/yoast.com\/product\/yoast-seo-premium-wordpress\/ -->\n<title>Zmi\u0119kczanie wody przemys\u0142owej - Babcock Wanson<\/title>\n<meta name=\"description\" content=\"Firma Babcock Wanson dostarcza szerok\u0105 gam\u0119 urz\u0105dze\u0144 do zmi\u0119kczania wody dla przemys\u0142u przetw\u00f3rczego.\" \/>\n<meta name=\"robots\" content=\"index, follow, max-snippet:-1, max-image-preview:large, max-video-preview:-1\" \/>\n<link rel=\"canonical\" href=\"https:\/\/www.babcock-wanson.com\/pl\/produkty\/systemy-uzdatniania-wody\/zmiekczanie-wody-przemyslowej\/\" \/>\n<meta property=\"og:locale\" content=\"pl_PL\" \/>\n<meta property=\"og:type\" content=\"article\" \/>\n<meta property=\"og:title\" content=\"Zmi\u0119kczanie wody przemys\u0142owej\" \/>\n<meta property=\"og:description\" content=\"Firma Babcock Wanson dostarcza szerok\u0105 gam\u0119 urz\u0105dze\u0144 do zmi\u0119kczania wody dla przemys\u0142u przetw\u00f3rczego.\" \/>\n<meta property=\"og:url\" content=\"https:\/\/www.babcock-wanson.com\/pl\/produkty\/systemy-uzdatniania-wody\/zmiekczanie-wody-przemyslowej\/\" \/>\n<meta property=\"og:site_name\" content=\"Babcock Wanson\" \/>\n<meta property=\"article:modified_time\" content=\"2025-08-27T14:51:46+00:00\" \/>\n<meta property=\"og:image\" content=\"https:\/\/www.babcock-wanson.com\/wp-content\/uploads\/2018\/09\/industrial-water-softening-1.jpg\" \/>\n\t<meta property=\"og:image:width\" content=\"600\" \/>\n\t<meta property=\"og:image:height\" content=\"400\" \/>\n\t<meta property=\"og:image:type\" content=\"image\/jpeg\" \/>\n<meta name=\"twitter:card\" content=\"summary_large_image\" \/>\n<meta name=\"twitter:label1\" content=\"Est. reading time\" \/>\n\t<meta name=\"twitter:data1\" content=\"2 minuty\" \/>\n<script type=\"application\/ld+json\" class=\"yoast-schema-graph\">{\"@context\":\"https:\\\/\\\/schema.org\",\"@graph\":[{\"@type\":\"WebPage\",\"@id\":\"https:\\\/\\\/www.babcock-wanson.com\\\/pl\\\/produkty\\\/systemy-uzdatniania-wody\\\/zmiekczanie-wody-przemyslowej\\\/\",\"url\":\"https:\\\/\\\/www.babcock-wanson.com\\\/pl\\\/produkty\\\/systemy-uzdatniania-wody\\\/zmiekczanie-wody-przemyslowej\\\/\",\"name\":\"Zmi\u0119kczanie wody przemys\u0142owej - Babcock Wanson\",\"isPartOf\":{\"@id\":\"https:\\\/\\\/www.babcock-wanson.com\\\/pl\\\/#website\"},\"primaryImageOfPage\":{\"@id\":\"https:\\\/\\\/www.babcock-wanson.com\\\/pl\\\/produkty\\\/systemy-uzdatniania-wody\\\/zmiekczanie-wody-przemyslowej\\\/#primaryimage\"},\"image\":{\"@id\":\"https:\\\/\\\/www.babcock-wanson.com\\\/pl\\\/produkty\\\/systemy-uzdatniania-wody\\\/zmiekczanie-wody-przemyslowej\\\/#primaryimage\"},\"thumbnailUrl\":\"https:\\\/\\\/www.babcock-wanson.com\\\/wp-content\\\/uploads\\\/2018\\\/09\\\/industrial-water-softening-1.jpg\",\"datePublished\":\"2018-09-19T12:42:06+00:00\",\"dateModified\":\"2025-08-27T14:51:46+00:00\",\"description\":\"Firma Babcock Wanson dostarcza szerok\u0105 gam\u0119 urz\u0105dze\u0144 do zmi\u0119kczania wody dla przemys\u0142u przetw\u00f3rczego.\",\"breadcrumb\":{\"@id\":\"https:\\\/\\\/www.babcock-wanson.com\\\/pl\\\/produkty\\\/systemy-uzdatniania-wody\\\/zmiekczanie-wody-przemyslowej\\\/#breadcrumb\"},\"inLanguage\":\"pl-PL\",\"potentialAction\":[{\"@type\":\"ReadAction\",\"target\":[\"https:\\\/\\\/www.babcock-wanson.com\\\/pl\\\/produkty\\\/systemy-uzdatniania-wody\\\/zmiekczanie-wody-przemyslowej\\\/\"]}]},{\"@type\":\"ImageObject\",\"inLanguage\":\"pl-PL\",\"@id\":\"https:\\\/\\\/www.babcock-wanson.com\\\/pl\\\/produkty\\\/systemy-uzdatniania-wody\\\/zmiekczanie-wody-przemyslowej\\\/#primaryimage\",\"url\":\"https:\\\/\\\/www.babcock-wanson.com\\\/wp-content\\\/uploads\\\/2018\\\/09\\\/industrial-water-softening-1.jpg\",\"contentUrl\":\"https:\\\/\\\/www.babcock-wanson.com\\\/wp-content\\\/uploads\\\/2018\\\/09\\\/industrial-water-softening-1.jpg\",\"width\":600,\"height\":400},{\"@type\":\"BreadcrumbList\",\"@id\":\"https:\\\/\\\/www.babcock-wanson.com\\\/pl\\\/produkty\\\/systemy-uzdatniania-wody\\\/zmiekczanie-wody-przemyslowej\\\/#breadcrumb\",\"itemListElement\":[{\"@type\":\"ListItem\",\"position\":1,\"name\":\"Strona g\u0142\u00f3wna\",\"item\":\"https:\\\/\\\/www.babcock-wanson.com\\\/pl\\\/\"},{\"@type\":\"ListItem\",\"position\":2,\"name\":\"Produkty\",\"item\":\"https:\\\/\\\/www.babcock-wanson.com\\\/pl\\\/shop\\\/\"},{\"@type\":\"ListItem\",\"position\":3,\"name\":\"Systemy Uzdatniania Wody\",\"item\":\"https:\\\/\\\/www.babcock-wanson.com\\\/pl\\\/kategoria-produktu\\\/systemy-uzdatniania-wody\\\/\"},{\"@type\":\"ListItem\",\"position\":4,\"name\":\"Zmi\u0119kczanie wody przemys\u0142owej\"}]},{\"@type\":\"WebSite\",\"@id\":\"https:\\\/\\\/www.babcock-wanson.com\\\/pl\\\/#website\",\"url\":\"https:\\\/\\\/www.babcock-wanson.com\\\/pl\\\/\",\"name\":\"Babcock Wanson\",\"description\":\"\",\"publisher\":{\"@id\":\"https:\\\/\\\/www.babcock-wanson.com\\\/pl\\\/#organization\"},\"potentialAction\":[{\"@type\":\"SearchAction\",\"target\":{\"@type\":\"EntryPoint\",\"urlTemplate\":\"https:\\\/\\\/www.babcock-wanson.com\\\/pl\\\/?s={search_term_string}\"},\"query-input\":{\"@type\":\"PropertyValueSpecification\",\"valueRequired\":true,\"valueName\":\"search_term_string\"}}],\"inLanguage\":\"pl-PL\"},{\"@type\":\"Organization\",\"@id\":\"https:\\\/\\\/www.babcock-wanson.com\\\/pl\\\/#organization\",\"name\":\"Babcock Wanson\",\"url\":\"https:\\\/\\\/www.babcock-wanson.com\\\/pl\\\/\",\"logo\":{\"@type\":\"ImageObject\",\"inLanguage\":\"pl-PL\",\"@id\":\"https:\\\/\\\/www.babcock-wanson.com\\\/pl\\\/#\\\/schema\\\/logo\\\/image\\\/\",\"url\":\"https:\\\/\\\/www.babcock-wanson.com\\\/wp-content\\\/uploads\\\/2024\\\/02\\\/Babcock-Wanson-1200x1200-1.png\",\"contentUrl\":\"https:\\\/\\\/www.babcock-wanson.com\\\/wp-content\\\/uploads\\\/2024\\\/02\\\/Babcock-Wanson-1200x1200-1.png\",\"width\":1200,\"height\":1200,\"caption\":\"Babcock Wanson\"},\"image\":{\"@id\":\"https:\\\/\\\/www.babcock-wanson.com\\\/pl\\\/#\\\/schema\\\/logo\\\/image\\\/\"},\"sameAs\":[\"https:\\\/\\\/www.linkedin.com\\\/company\\\/babcock-wanson\\\/\",\"https:\\\/\\\/www.youtube.com\\\/channel\\\/UCtxl25VieBBsP2kYmtlyv7A\"]}]}<\/script>\n<!-- \/ Yoast SEO Premium plugin. -->","yoast_head_json":{"title":"Zmi\u0119kczanie wody przemys\u0142owej - Babcock Wanson","description":"Firma Babcock Wanson dostarcza szerok\u0105 gam\u0119 urz\u0105dze\u0144 do zmi\u0119kczania wody dla przemys\u0142u przetw\u00f3rczego.","robots":{"index":"index","follow":"follow","max-snippet":"max-snippet:-1","max-image-preview":"max-image-preview:large","max-video-preview":"max-video-preview:-1"},"canonical":"https:\/\/www.babcock-wanson.com\/pl\/produkty\/systemy-uzdatniania-wody\/zmiekczanie-wody-przemyslowej\/","og_locale":"pl_PL","og_type":"article","og_title":"Zmi\u0119kczanie wody przemys\u0142owej","og_description":"Firma Babcock Wanson dostarcza szerok\u0105 gam\u0119 urz\u0105dze\u0144 do zmi\u0119kczania wody dla przemys\u0142u przetw\u00f3rczego.","og_url":"https:\/\/www.babcock-wanson.com\/pl\/produkty\/systemy-uzdatniania-wody\/zmiekczanie-wody-przemyslowej\/","og_site_name":"Babcock Wanson","article_modified_time":"2025-08-27T14:51:46+00:00","og_image":[{"width":600,"height":400,"url":"https:\/\/www.babcock-wanson.com\/wp-content\/uploads\/2018\/09\/industrial-water-softening-1.jpg","type":"image\/jpeg"}],"twitter_card":"summary_large_image","twitter_misc":{"Est. reading time":"2 minuty"},"schema":{"@context":"https:\/\/schema.org","@graph":[{"@type":"WebPage","@id":"https:\/\/www.babcock-wanson.com\/pl\/produkty\/systemy-uzdatniania-wody\/zmiekczanie-wody-przemyslowej\/","url":"https:\/\/www.babcock-wanson.com\/pl\/produkty\/systemy-uzdatniania-wody\/zmiekczanie-wody-przemyslowej\/","name":"Zmi\u0119kczanie wody przemys\u0142owej - Babcock Wanson","isPartOf":{"@id":"https:\/\/www.babcock-wanson.com\/pl\/#website"},"primaryImageOfPage":{"@id":"https:\/\/www.babcock-wanson.com\/pl\/produkty\/systemy-uzdatniania-wody\/zmiekczanie-wody-przemyslowej\/#primaryimage"},"image":{"@id":"https:\/\/www.babcock-wanson.com\/pl\/produkty\/systemy-uzdatniania-wody\/zmiekczanie-wody-przemyslowej\/#primaryimage"},"thumbnailUrl":"https:\/\/www.babcock-wanson.com\/wp-content\/uploads\/2018\/09\/industrial-water-softening-1.jpg","datePublished":"2018-09-19T12:42:06+00:00","dateModified":"2025-08-27T14:51:46+00:00","description":"Firma Babcock Wanson dostarcza szerok\u0105 gam\u0119 urz\u0105dze\u0144 do zmi\u0119kczania wody dla przemys\u0142u przetw\u00f3rczego.","breadcrumb":{"@id":"https:\/\/www.babcock-wanson.com\/pl\/produkty\/systemy-uzdatniania-wody\/zmiekczanie-wody-przemyslowej\/#breadcrumb"},"inLanguage":"pl-PL","potentialAction":[{"@type":"ReadAction","target":["https:\/\/www.babcock-wanson.com\/pl\/produkty\/systemy-uzdatniania-wody\/zmiekczanie-wody-przemyslowej\/"]}]},{"@type":"ImageObject","inLanguage":"pl-PL","@id":"https:\/\/www.babcock-wanson.com\/pl\/produkty\/systemy-uzdatniania-wody\/zmiekczanie-wody-przemyslowej\/#primaryimage","url":"https:\/\/www.babcock-wanson.com\/wp-content\/uploads\/2018\/09\/industrial-water-softening-1.jpg","contentUrl":"https:\/\/www.babcock-wanson.com\/wp-content\/uploads\/2018\/09\/industrial-water-softening-1.jpg","width":600,"height":400},{"@type":"BreadcrumbList","@id":"https:\/\/www.babcock-wanson.com\/pl\/produkty\/systemy-uzdatniania-wody\/zmiekczanie-wody-przemyslowej\/#breadcrumb","itemListElement":[{"@type":"ListItem","position":1,"name":"Strona g\u0142\u00f3wna","item":"https:\/\/www.babcock-wanson.com\/pl\/"},{"@type":"ListItem","position":2,"name":"Produkty","item":"https:\/\/www.babcock-wanson.com\/pl\/shop\/"},{"@type":"ListItem","position":3,"name":"Systemy Uzdatniania Wody","item":"https:\/\/www.babcock-wanson.com\/pl\/kategoria-produktu\/systemy-uzdatniania-wody\/"},{"@type":"ListItem","position":4,"name":"Zmi\u0119kczanie wody przemys\u0142owej"}]},{"@type":"WebSite","@id":"https:\/\/www.babcock-wanson.com\/pl\/#website","url":"https:\/\/www.babcock-wanson.com\/pl\/","name":"Babcock Wanson","description":"","publisher":{"@id":"https:\/\/www.babcock-wanson.com\/pl\/#organization"},"potentialAction":[{"@type":"SearchAction","target":{"@type":"EntryPoint","urlTemplate":"https:\/\/www.babcock-wanson.com\/pl\/?s={search_term_string}"},"query-input":{"@type":"PropertyValueSpecification","valueRequired":true,"valueName":"search_term_string"}}],"inLanguage":"pl-PL"},{"@type":"Organization","@id":"https:\/\/www.babcock-wanson.com\/pl\/#organization","name":"Babcock Wanson","url":"https:\/\/www.babcock-wanson.com\/pl\/","logo":{"@type":"ImageObject","inLanguage":"pl-PL","@id":"https:\/\/www.babcock-wanson.com\/pl\/#\/schema\/logo\/image\/","url":"https:\/\/www.babcock-wanson.com\/wp-content\/uploads\/2024\/02\/Babcock-Wanson-1200x1200-1.png","contentUrl":"https:\/\/www.babcock-wanson.com\/wp-content\/uploads\/2024\/02\/Babcock-Wanson-1200x1200-1.png","width":1200,"height":1200,"caption":"Babcock Wanson"},"image":{"@id":"https:\/\/www.babcock-wanson.com\/pl\/#\/schema\/logo\/image\/"},"sameAs":["https:\/\/www.linkedin.com\/company\/babcock-wanson\/","https:\/\/www.youtube.com\/channel\/UCtxl25VieBBsP2kYmtlyv7A"]}]}},"jetpack_sharing_enabled":true,"_links":{"self":[{"href":"https:\/\/www.babcock-wanson.com\/pl\/wp-json\/wp\/v2\/product\/36929","targetHints":{"allow":["GET"]}}],"collection":[{"href":"https:\/\/www.babcock-wanson.com\/pl\/wp-json\/wp\/v2\/product"}],"about":[{"href":"https:\/\/www.babcock-wanson.com\/pl\/wp-json\/wp\/v2\/types\/product"}],"replies":[{"embeddable":true,"href":"https:\/\/www.babcock-wanson.com\/pl\/wp-json\/wp\/v2\/comments?post=36929"}],"wp:featuredmedia":[{"embeddable":true,"href":"https:\/\/www.babcock-wanson.com\/pl\/wp-json\/wp\/v2\/media\/36933"}],"wp:attachment":[{"href":"https:\/\/www.babcock-wanson.com\/pl\/wp-json\/wp\/v2\/media?parent=36929"}],"wp:term":[{"taxonomy":"product_brand","embeddable":true,"href":"https:\/\/www.babcock-wanson.com\/pl\/wp-json\/wp\/v2\/product_brand?post=36929"},{"taxonomy":"product_cat","embeddable":true,"href":"https:\/\/www.babcock-wanson.com\/pl\/wp-json\/wp\/v2\/product_cat?post=36929"},{"taxonomy":"product_tag","embeddable":true,"href":"https:\/\/www.babcock-wanson.com\/pl\/wp-json\/wp\/v2\/product_tag?post=36929"}],"curies":[{"name":"wp","href":"https:\/\/api.w.org\/{rel}","templated":true}]}}