{"id":36938,"date":"2018-09-19T13:42:01","date_gmt":"2018-09-19T12:42:01","guid":{"rendered":"https:\/\/www.babcock-wanson.com\/products\/bez-kategorii\/water-treatment-products\/"},"modified":"2022-01-06T09:51:53","modified_gmt":"2022-01-06T09:51:53","slug":"produkty-do-uzdatniania-wody","status":"publish","type":"product","link":"https:\/\/www.babcock-wanson.com\/pl\/produkty\/systemy-uzdatniania-wody\/produkty-do-uzdatniania-wody\/","title":{"rendered":"Produkty do uzdatniania wody"},"content":{"rendered":"<div class=\"vgblk-rw-wrapper limit-wrapper\">\n<div class=\"grid-1-2\">\n<h3>Zastosowania produkt\u00f3w do uzdatniania wody<\/h3>\n<ul>\n<li>Kocio\u0142 zasilaj\u0105cy i\u00a0uzdatnianie kondensatu \u2013 produkty do uzdatniania wody firmy Babcock Wanson opracowano w\u00a0celu ochrony kot\u0142\u00f3w i\u00a0obieg\u00f3w wodnych\/parowych przed ryzykiem korozji i\u00a0osadzania si\u0119 kamienia. Firma Babcock Wanson dostarcza kompletne rozwi\u0105zania uzdatniania pary wodnej i\u00a0kondensatu, takie jak kondycjonery osad\u00f3w, poch\u0142aniacze tlenu, inhibitory PH i\u00a0pianotw\u00f3rcze itp. Gwarantuj\u0105 one wysok\u0105 jako\u015b\u0107 pary i\u00a0zapobiegaj\u0105 korozji.<\/li>\n<li>Produkcja gor\u0105cej i\u00a0przegrzanej wody.<\/li>\n<li>Ciep\u0142a woda do zastosowa\u0144 sanitarnych i\u00a0opieki zdrowotnej.<\/li>\n<li>Produkcja lodu spo\u017cywczego.<\/li>\n<li>Pasteryzacja i\u00a0sterylizacja w\u00a0przemy\u015ble spo\u017cywczym i\u00a0napoj\u00f3w \u2013 firma Babcock Wanson dostarcza przyjazne \u015brodowisku \u015brodki chemiczne, kt\u00f3re s\u0105 zatwierdzone przez organizacj\u0119 FDA (Food and Drugs Administration). W\u00a0por\u00f3wnaniu z\u00a0powszechnie stosowanymi \u015brodkami chemicznymi nasze innowacyjne produkty dostosowane do potrzeb klienta oferuj\u0105 istotne zalety w\u00a0zakresie bezpiecznej obs\u0142ugi.<\/li>\n<\/ul>\n<\/div>\n<div class=\"grid-1-2 last\">\n<ul>\n<li>Obwody ch\u0142odz\u0105ce, takie jak odparowuj\u0105ce ch\u0142odnie kominowe \u2013 prawid\u0142owe uzdatnianie wody w\u00a0obwodzie ch\u0142odz\u0105cym ma zasadnicze znaczenie dla zapewnienia skutecznego dzia\u0142ania i\u00a0unikni\u0119cia ska\u017cenia bakteriologicznego wywo\u0142anego przez Legionella pneumophila.<\/li>\n<li>Babcock Wanson mo\u017ce wdro\u017cy\u0107 \u015brodki zapobiegawcze i\u00a0zaradcze w\u00a0celu zwalczania potencjalnego osadzania si\u0119 bakterii: usuwanie istniej\u0105cych osad\u00f3w i\u00a0kontrolowanie zanieczyszcze\u0144 za po\u015brednictwem \u015brodk\u00f3w dezynfekuj\u0105cych, dyspergator\u00f3w oraz \u015brodk\u00f3w zapobiegania korozji i\u00a0usuwania kamienia.<\/li>\n<li>Proces membranowy \u2013 w\u00a0procesach membranowych mo\u017cna stosowa\u0107 takie \u015brodki zapobiegawcze lub rekultywacyjne, jak ultrafiltracja czy demineralizacja poprzez odwr\u00f3con\u0105 osmoz\u0119. Produkty przeciwdzia\u0142aj\u0105ce tworzeniu si\u0119 kamienia nadaj\u0105 si\u0119 do usuwania chloru, konserwacji membran i\u00a0czyszczenia.<\/li>\n<\/ul>\n<\/div>\n<\/div>\n<p><!-- .vgblk-rw-wrapper --><\/p>\n","protected":false},"excerpt":{"rendered":"<p>Efektywno\u015b\u0107 energetyczna, efektywno\u015b\u0107 operacyjna, ochrona \u015brodowiska naturalnego<\/p>\n<p>Babcock Wanson oferuje rozwi\u0105zania w\u00a0zakresie <a href=\"https:\/\/www.babcock-wanson.com\/pl\/kategoria-produktu\/systemy-uzdatniania-wody\/\" target=\"_blank\" rel=\"noopener\">uzdatniania wody<\/a> do wszystkich zastosowa\u0144 przemys\u0142owych, umo\u017cliwiaj\u0105c mi\u0119dzy innymi osi\u0105gni\u0119cie odpowiedniej jako\u015bci wody.<\/p>\n<p>Doskonale wykwalifikowani i\u00a0profesjonalni chemicy z\u00a0firmy Babcock Wanson dbaj\u0105 o\u00a0odpowiednie procedury obchodzenia si\u0119 z\u00a0substancjami i\u00a0za ich testowanie, tak aby zapewni\u0107 klientom najlepsze produkty do zastosowa\u0144 przemys\u0142owych.<\/p>\n<p>Ka\u017cdy produkt jest obliczany i\u00a0wymiarowany zgodnie ze specyficznymi wymaganiami konkretnego zak\u0142adu. Te produkty do kondycjonowania s\u0105 gotowe i\u00a0\u0142atwe do stosowania bezpo\u015brednio z\u00a0beczki. Jednocze\u015bnie zmniejszaj\u0105 ryzyko zwi\u0105zane z\u00a0obchodzeniem si\u0119 ze skoncentrowanymi substancjami chemicznymi. Przezroczyste opakowanie umo\u017cliwia \u0142atwe monitorowanie zu\u017cycia.<\/p>\n<p>Firma Babcock Wanson stosuje aktywne podej\u015bcie do eksploatacji instalacji, poniewa\u017c nieustannie monitoruje jako\u015b\u0107 wody i\u00a0kondycjonuje zu\u017cycie produkt\u00f3w. W\u00a0celu zapewnienia prawid\u0142owego dozowania dost\u0119pne s\u0105 r\u00f3wnie\u017c urz\u0105dzenia dozuj\u0105ce \u015brodki chemiczne.<\/p>\n","protected":false},"featured_media":36939,"comment_status":"closed","ping_status":"closed","template":"","meta":{"_acf_changed":false,"_relevanssi_hide_post":"","_relevanssi_hide_content":"","_relevanssi_pin_for_all":"","_relevanssi_pin_keywords":"","_relevanssi_unpin_keywords":"","_relevanssi_related_keywords":"","_relevanssi_related_include_ids":"","_relevanssi_related_exclude_ids":"","_relevanssi_related_no_append":"","_relevanssi_related_not_related":"","_relevanssi_related_posts":"","_relevanssi_noindex_reason":""},"product_brand":[],"product_cat":[6410],"product_tag":[],"class_list":{"0":"post-36938","1":"product","2":"type-product","3":"status-publish","4":"has-post-thumbnail","6":"product_cat-systemy-uzdatniania-wody","8":"first","9":"instock","10":"shipping-taxable","11":"product-type-simple"},"acf":[],"yoast_head":"<!-- This site is optimized with the Yoast SEO Premium plugin v27.1 (Yoast SEO v27.1.1) - https:\/\/yoast.com\/product\/yoast-seo-premium-wordpress\/ -->\n<title>Produkty do uzdatniania wody - Babcock Wanson<\/title>\n<meta name=\"description\" content=\"Babcock Wanson oferuje rozwi\u0105zania w\u00a0zakresie uzdatniania wody do wszystkich zastosowa\u0144 przemys\u0142owych, umo\u017cliwiaj\u0105c mi\u0119dzy innymi osi\u0105gni\u0119cie odpowiedniej jako\u015bci wody.\" \/>\n<meta name=\"robots\" content=\"index, follow, max-snippet:-1, max-image-preview:large, max-video-preview:-1\" \/>\n<link rel=\"canonical\" href=\"https:\/\/www.babcock-wanson.com\/pl\/produkty\/systemy-uzdatniania-wody\/produkty-do-uzdatniania-wody\/\" \/>\n<meta property=\"og:locale\" content=\"pl_PL\" \/>\n<meta property=\"og:type\" content=\"article\" \/>\n<meta property=\"og:title\" content=\"Produkty do uzdatniania wody\" \/>\n<meta property=\"og:description\" content=\"Babcock Wanson oferuje rozwi\u0105zania w\u00a0zakresie uzdatniania wody do wszystkich zastosowa\u0144 przemys\u0142owych, umo\u017cliwiaj\u0105c mi\u0119dzy innymi osi\u0105gni\u0119cie odpowiedniej jako\u015bci wody.\" \/>\n<meta property=\"og:url\" content=\"https:\/\/www.babcock-wanson.com\/pl\/produkty\/systemy-uzdatniania-wody\/produkty-do-uzdatniania-wody\/\" \/>\n<meta property=\"og:site_name\" content=\"Babcock Wanson\" \/>\n<meta property=\"article:modified_time\" content=\"2022-01-06T09:51:53+00:00\" \/>\n<meta property=\"og:image\" content=\"https:\/\/www.babcock-wanson.com\/wp-content\/uploads\/2018\/09\/water-treatment-products-1.jpg\" \/>\n\t<meta property=\"og:image:width\" content=\"600\" \/>\n\t<meta property=\"og:image:height\" content=\"400\" \/>\n\t<meta property=\"og:image:type\" content=\"image\/jpeg\" \/>\n<meta name=\"twitter:card\" content=\"summary_large_image\" \/>\n<meta name=\"twitter:label1\" content=\"Est. reading time\" \/>\n\t<meta name=\"twitter:data1\" content=\"1 minuta\" \/>\n<script type=\"application\/ld+json\" class=\"yoast-schema-graph\">{\"@context\":\"https:\/\/schema.org\",\"@graph\":[{\"@type\":\"WebPage\",\"@id\":\"https:\/\/www.babcock-wanson.com\/pl\/produkty\/systemy-uzdatniania-wody\/produkty-do-uzdatniania-wody\/\",\"url\":\"https:\/\/www.babcock-wanson.com\/pl\/produkty\/systemy-uzdatniania-wody\/produkty-do-uzdatniania-wody\/\",\"name\":\"Produkty do uzdatniania wody - Babcock Wanson\",\"isPartOf\":{\"@id\":\"https:\/\/www.babcock-wanson.com\/pl\/#website\"},\"primaryImageOfPage\":{\"@id\":\"https:\/\/www.babcock-wanson.com\/pl\/produkty\/systemy-uzdatniania-wody\/produkty-do-uzdatniania-wody\/#primaryimage\"},\"image\":{\"@id\":\"https:\/\/www.babcock-wanson.com\/pl\/produkty\/systemy-uzdatniania-wody\/produkty-do-uzdatniania-wody\/#primaryimage\"},\"thumbnailUrl\":\"https:\/\/www.babcock-wanson.com\/wp-content\/uploads\/2018\/09\/water-treatment-products-1.jpg\",\"datePublished\":\"2018-09-19T12:42:01+00:00\",\"dateModified\":\"2022-01-06T09:51:53+00:00\",\"description\":\"Babcock Wanson oferuje rozwi\u0105zania w\u00a0zakresie uzdatniania wody do wszystkich zastosowa\u0144 przemys\u0142owych, umo\u017cliwiaj\u0105c mi\u0119dzy innymi osi\u0105gni\u0119cie odpowiedniej jako\u015bci wody.\",\"breadcrumb\":{\"@id\":\"https:\/\/www.babcock-wanson.com\/pl\/produkty\/systemy-uzdatniania-wody\/produkty-do-uzdatniania-wody\/#breadcrumb\"},\"inLanguage\":\"pl-PL\",\"potentialAction\":[{\"@type\":\"ReadAction\",\"target\":[\"https:\/\/www.babcock-wanson.com\/pl\/produkty\/systemy-uzdatniania-wody\/produkty-do-uzdatniania-wody\/\"]}]},{\"@type\":\"ImageObject\",\"inLanguage\":\"pl-PL\",\"@id\":\"https:\/\/www.babcock-wanson.com\/pl\/produkty\/systemy-uzdatniania-wody\/produkty-do-uzdatniania-wody\/#primaryimage\",\"url\":\"https:\/\/www.babcock-wanson.com\/wp-content\/uploads\/2018\/09\/water-treatment-products-1.jpg\",\"contentUrl\":\"https:\/\/www.babcock-wanson.com\/wp-content\/uploads\/2018\/09\/water-treatment-products-1.jpg\",\"width\":600,\"height\":400},{\"@type\":\"BreadcrumbList\",\"@id\":\"https:\/\/www.babcock-wanson.com\/pl\/produkty\/systemy-uzdatniania-wody\/produkty-do-uzdatniania-wody\/#breadcrumb\",\"itemListElement\":[{\"@type\":\"ListItem\",\"position\":1,\"name\":\"Strona g\u0142\u00f3wna\",\"item\":\"https:\/\/www.babcock-wanson.com\/pl\/\"},{\"@type\":\"ListItem\",\"position\":2,\"name\":\"Produkty\",\"item\":\"https:\/\/www.babcock-wanson.com\/pl\/shop\/\"},{\"@type\":\"ListItem\",\"position\":3,\"name\":\"Systemy Uzdatniania Wody\",\"item\":\"https:\/\/www.babcock-wanson.com\/pl\/kategoria-produktu\/systemy-uzdatniania-wody\/\"},{\"@type\":\"ListItem\",\"position\":4,\"name\":\"Produkty do uzdatniania wody\"}]},{\"@type\":\"WebSite\",\"@id\":\"https:\/\/www.babcock-wanson.com\/pl\/#website\",\"url\":\"https:\/\/www.babcock-wanson.com\/pl\/\",\"name\":\"Babcock Wanson\",\"description\":\"\",\"publisher\":{\"@id\":\"https:\/\/www.babcock-wanson.com\/pl\/#organization\"},\"potentialAction\":[{\"@type\":\"SearchAction\",\"target\":{\"@type\":\"EntryPoint\",\"urlTemplate\":\"https:\/\/www.babcock-wanson.com\/pl\/?s={search_term_string}\"},\"query-input\":{\"@type\":\"PropertyValueSpecification\",\"valueRequired\":true,\"valueName\":\"search_term_string\"}}],\"inLanguage\":\"pl-PL\"},{\"@type\":\"Organization\",\"@id\":\"https:\/\/www.babcock-wanson.com\/pl\/#organization\",\"name\":\"Babcock Wanson\",\"url\":\"https:\/\/www.babcock-wanson.com\/pl\/\",\"logo\":{\"@type\":\"ImageObject\",\"inLanguage\":\"pl-PL\",\"@id\":\"https:\/\/www.babcock-wanson.com\/pl\/#\/schema\/logo\/image\/\",\"url\":\"https:\/\/www.babcock-wanson.com\/wp-content\/uploads\/2024\/02\/Babcock-Wanson-1200x1200-1.png\",\"contentUrl\":\"https:\/\/www.babcock-wanson.com\/wp-content\/uploads\/2024\/02\/Babcock-Wanson-1200x1200-1.png\",\"width\":1200,\"height\":1200,\"caption\":\"Babcock Wanson\"},\"image\":{\"@id\":\"https:\/\/www.babcock-wanson.com\/pl\/#\/schema\/logo\/image\/\"},\"sameAs\":[\"https:\/\/www.linkedin.com\/company\/babcock-wanson\/\",\"https:\/\/www.youtube.com\/channel\/UCtxl25VieBBsP2kYmtlyv7A\"]}]}<\/script>\n<!-- \/ Yoast SEO Premium plugin. -->","yoast_head_json":{"title":"Produkty do uzdatniania wody - Babcock Wanson","description":"Babcock Wanson oferuje rozwi\u0105zania w\u00a0zakresie uzdatniania wody do wszystkich zastosowa\u0144 przemys\u0142owych, umo\u017cliwiaj\u0105c mi\u0119dzy innymi osi\u0105gni\u0119cie odpowiedniej jako\u015bci wody.","robots":{"index":"index","follow":"follow","max-snippet":"max-snippet:-1","max-image-preview":"max-image-preview:large","max-video-preview":"max-video-preview:-1"},"canonical":"https:\/\/www.babcock-wanson.com\/pl\/produkty\/systemy-uzdatniania-wody\/produkty-do-uzdatniania-wody\/","og_locale":"pl_PL","og_type":"article","og_title":"Produkty do uzdatniania wody","og_description":"Babcock Wanson oferuje rozwi\u0105zania w\u00a0zakresie uzdatniania wody do wszystkich zastosowa\u0144 przemys\u0142owych, umo\u017cliwiaj\u0105c mi\u0119dzy innymi osi\u0105gni\u0119cie odpowiedniej jako\u015bci wody.","og_url":"https:\/\/www.babcock-wanson.com\/pl\/produkty\/systemy-uzdatniania-wody\/produkty-do-uzdatniania-wody\/","og_site_name":"Babcock Wanson","article_modified_time":"2022-01-06T09:51:53+00:00","og_image":[{"width":600,"height":400,"url":"https:\/\/www.babcock-wanson.com\/wp-content\/uploads\/2018\/09\/water-treatment-products-1.jpg","type":"image\/jpeg"}],"twitter_card":"summary_large_image","twitter_misc":{"Est. reading time":"1 minuta"},"schema":{"@context":"https:\/\/schema.org","@graph":[{"@type":"WebPage","@id":"https:\/\/www.babcock-wanson.com\/pl\/produkty\/systemy-uzdatniania-wody\/produkty-do-uzdatniania-wody\/","url":"https:\/\/www.babcock-wanson.com\/pl\/produkty\/systemy-uzdatniania-wody\/produkty-do-uzdatniania-wody\/","name":"Produkty do uzdatniania wody - Babcock Wanson","isPartOf":{"@id":"https:\/\/www.babcock-wanson.com\/pl\/#website"},"primaryImageOfPage":{"@id":"https:\/\/www.babcock-wanson.com\/pl\/produkty\/systemy-uzdatniania-wody\/produkty-do-uzdatniania-wody\/#primaryimage"},"image":{"@id":"https:\/\/www.babcock-wanson.com\/pl\/produkty\/systemy-uzdatniania-wody\/produkty-do-uzdatniania-wody\/#primaryimage"},"thumbnailUrl":"https:\/\/www.babcock-wanson.com\/wp-content\/uploads\/2018\/09\/water-treatment-products-1.jpg","datePublished":"2018-09-19T12:42:01+00:00","dateModified":"2022-01-06T09:51:53+00:00","description":"Babcock Wanson oferuje rozwi\u0105zania w\u00a0zakresie uzdatniania wody do wszystkich zastosowa\u0144 przemys\u0142owych, umo\u017cliwiaj\u0105c mi\u0119dzy innymi osi\u0105gni\u0119cie odpowiedniej jako\u015bci wody.","breadcrumb":{"@id":"https:\/\/www.babcock-wanson.com\/pl\/produkty\/systemy-uzdatniania-wody\/produkty-do-uzdatniania-wody\/#breadcrumb"},"inLanguage":"pl-PL","potentialAction":[{"@type":"ReadAction","target":["https:\/\/www.babcock-wanson.com\/pl\/produkty\/systemy-uzdatniania-wody\/produkty-do-uzdatniania-wody\/"]}]},{"@type":"ImageObject","inLanguage":"pl-PL","@id":"https:\/\/www.babcock-wanson.com\/pl\/produkty\/systemy-uzdatniania-wody\/produkty-do-uzdatniania-wody\/#primaryimage","url":"https:\/\/www.babcock-wanson.com\/wp-content\/uploads\/2018\/09\/water-treatment-products-1.jpg","contentUrl":"https:\/\/www.babcock-wanson.com\/wp-content\/uploads\/2018\/09\/water-treatment-products-1.jpg","width":600,"height":400},{"@type":"BreadcrumbList","@id":"https:\/\/www.babcock-wanson.com\/pl\/produkty\/systemy-uzdatniania-wody\/produkty-do-uzdatniania-wody\/#breadcrumb","itemListElement":[{"@type":"ListItem","position":1,"name":"Strona g\u0142\u00f3wna","item":"https:\/\/www.babcock-wanson.com\/pl\/"},{"@type":"ListItem","position":2,"name":"Produkty","item":"https:\/\/www.babcock-wanson.com\/pl\/shop\/"},{"@type":"ListItem","position":3,"name":"Systemy Uzdatniania Wody","item":"https:\/\/www.babcock-wanson.com\/pl\/kategoria-produktu\/systemy-uzdatniania-wody\/"},{"@type":"ListItem","position":4,"name":"Produkty do uzdatniania wody"}]},{"@type":"WebSite","@id":"https:\/\/www.babcock-wanson.com\/pl\/#website","url":"https:\/\/www.babcock-wanson.com\/pl\/","name":"Babcock Wanson","description":"","publisher":{"@id":"https:\/\/www.babcock-wanson.com\/pl\/#organization"},"potentialAction":[{"@type":"SearchAction","target":{"@type":"EntryPoint","urlTemplate":"https:\/\/www.babcock-wanson.com\/pl\/?s={search_term_string}"},"query-input":{"@type":"PropertyValueSpecification","valueRequired":true,"valueName":"search_term_string"}}],"inLanguage":"pl-PL"},{"@type":"Organization","@id":"https:\/\/www.babcock-wanson.com\/pl\/#organization","name":"Babcock Wanson","url":"https:\/\/www.babcock-wanson.com\/pl\/","logo":{"@type":"ImageObject","inLanguage":"pl-PL","@id":"https:\/\/www.babcock-wanson.com\/pl\/#\/schema\/logo\/image\/","url":"https:\/\/www.babcock-wanson.com\/wp-content\/uploads\/2024\/02\/Babcock-Wanson-1200x1200-1.png","contentUrl":"https:\/\/www.babcock-wanson.com\/wp-content\/uploads\/2024\/02\/Babcock-Wanson-1200x1200-1.png","width":1200,"height":1200,"caption":"Babcock Wanson"},"image":{"@id":"https:\/\/www.babcock-wanson.com\/pl\/#\/schema\/logo\/image\/"},"sameAs":["https:\/\/www.linkedin.com\/company\/babcock-wanson\/","https:\/\/www.youtube.com\/channel\/UCtxl25VieBBsP2kYmtlyv7A"]}]}},"jetpack_sharing_enabled":true,"_links":{"self":[{"href":"https:\/\/www.babcock-wanson.com\/pl\/wp-json\/wp\/v2\/product\/36938","targetHints":{"allow":["GET"]}}],"collection":[{"href":"https:\/\/www.babcock-wanson.com\/pl\/wp-json\/wp\/v2\/product"}],"about":[{"href":"https:\/\/www.babcock-wanson.com\/pl\/wp-json\/wp\/v2\/types\/product"}],"replies":[{"embeddable":true,"href":"https:\/\/www.babcock-wanson.com\/pl\/wp-json\/wp\/v2\/comments?post=36938"}],"wp:featuredmedia":[{"embeddable":true,"href":"https:\/\/www.babcock-wanson.com\/pl\/wp-json\/wp\/v2\/media\/36939"}],"wp:attachment":[{"href":"https:\/\/www.babcock-wanson.com\/pl\/wp-json\/wp\/v2\/media?parent=36938"}],"wp:term":[{"taxonomy":"product_brand","embeddable":true,"href":"https:\/\/www.babcock-wanson.com\/pl\/wp-json\/wp\/v2\/product_brand?post=36938"},{"taxonomy":"product_cat","embeddable":true,"href":"https:\/\/www.babcock-wanson.com\/pl\/wp-json\/wp\/v2\/product_cat?post=36938"},{"taxonomy":"product_tag","embeddable":true,"href":"https:\/\/www.babcock-wanson.com\/pl\/wp-json\/wp\/v2\/product_tag?post=36938"}],"curies":[{"name":"wp","href":"https:\/\/api.w.org\/{rel}","templated":true}]}}