{"id":36944,"date":"2018-09-19T13:42:00","date_gmt":"2018-09-19T12:42:00","guid":{"rendered":"https:\/\/www.babcock-wanson.com\/products\/bez-kategorii\/other-materials\/"},"modified":"2025-04-15T14:39:11","modified_gmt":"2025-04-15T13:39:11","slug":"inne-materialy","status":"publish","type":"product","link":"https:\/\/www.babcock-wanson.com\/pl\/produkty\/systemy-uzdatniania-wody\/inne-materialy\/","title":{"rendered":"Inne materia\u0142y"},"content":{"rendered":"<div class=\"vgblk-rw-wrapper limit-wrapper\">\r\n<h3>UF (ultrafiltracja)<\/h3>\r\n<p>Ultrafiltracja to rodzaj wst\u0119pnego uzdatniania wody, w\u00a0kt\u00f3rej do oddzielania drobnych cz\u0105stek sta\u0142ych od wody s\u0105 wykorzystywane membrany. Seria urz\u0105dze\u0144 CLARIFILTER firmy Babcock Wanson wykorzystuje specjalnie zaprojektowane membrany ultrafiltracyjne, umo\u017cliwiaj\u0105ce usuwanie bardzo drobnych cz\u0105stek o\u00a0wielko\u015bci od 0,1\u00a0\u00b5m do 0,001\u00a0\u00b5m.<\/p>\r\n<p>Urz\u0105dzenia CLARIFILTER s\u0105 montowane na paletach i\u00a0zawieraj\u0105 nast\u0119puj\u0105ce elementy:<\/p>\r\n<ul>\r\n<li>Modu\u0142y ultrafiltracji<\/li>\r\n<li>Pompa recyrkulacyjna<\/li>\r\n<li>Automatyczne urz\u0105dzenia do czyszczenia membran<\/li>\r\n<li>Urz\u0105dzenia nastawcze, kontrolne i\u00a0zabezpieczaj\u0105ce<\/li>\r\n<li>Szafa sterownicza<\/li>\r\n<\/ul>\r\n<p>Urz\u0105dzenie zapewnia ci\u0105g\u0142y i\u00a0sta\u0142y przep\u0142yw przefiltrowanej wody. Wymagania stawiane przez t\u0119 kompaktow\u0105 i\u00a0wytrzyma\u0142\u0105 instalacj\u0119 to zaledwie po\u0142owa tego, co w\u00a0przypadku konwencjonalnych urz\u0105dze\u0144.<\/p>\r\n<h3>EDI (elektrodejonizacja)<\/h3>\r\n<p>EDI to po\u0142\u0105czenie wymiany jonowej z\u00a0wykorzystaniem \u017cywicy, selektywnej technologii membranowej i\u00a0przep\u0142ywu pr\u0105du elektrycznego, zaprojektowane w\u00a0celu uzyskania wyj\u0105tkowej i\u00a0skutecznej demineralizacji wody. Jony zatrzymane tymczasowo przez \u017cywice s\u0105 przenoszone do strumienia odrzut\u00f3w za pomoc\u0105 \u0142adunku elektrycznego.<\/p>\r\n<p>Proces EDI wytwarza wysokiej jako\u015bci wod\u0119 zdemineralizowan\u0105 bez zastosowania produkt\u00f3w chemicznych. System EDI firmy Babcock Wanson zaprojektowano z\u00a0my\u015bl\u0105 o\u00a0szybkiej instalacji i\u00a0prostej konserwacji.<\/p>\r\n<p>G\u0142\u00f3wne zalety sprz\u0119tu:<\/p>\r\n<ul>\r\n<li>Ci\u0105g\u0142a produkcja wody wysokiej jako\u015bci<\/li>\r\n<li>Brak konieczno\u015bci stosowania produkt\u00f3w chemicznych, konserwacji urz\u0105dze\u0144 dozuj\u0105cych i\u00a0utylizacji odpad\u00f3w, co przek\u0142ada si\u0119 na przyjazno\u015b\u0107 \u015brodowisku<\/li>\r\n<li>Mo\u017cliwo\u015b\u0107 ci\u0105g\u0142ej pracy ze wzgl\u0119du na spos\u00f3b, w\u00a0jaki jony s\u0105 przenoszone do strumienia odrzut\u00f3w, eliminuj\u0105cy faz\u0119 regeneracji \u017cywicy<\/li>\r\n<li>Urz\u0105dzenie jest montowane na palecie, ma niewielkie rozmiary i\u00a0jest gotowe do \u0142atwej instalacji w\u00a0miejscu docelowym<\/li>\r\n<li>Prosta obs\u0142uga i\u00a0zu\u017cycie zaledwie 0,5\u00a0kW\/m\u00b3 czystej wody<\/li>\r\n<\/ul>\r\n<h3>Dealkalizacja za pomoc\u0105 \u017cywicy jonowymiennej<\/h3>\r\n<p>Rozwi\u0105zanie dostosowane do ka\u017cdych wymaga\u0144<\/p>\r\n<p>Dealkalizacja to technologia oczyszczania polegaj\u0105ca na usuwaniu jon\u00f3w alkalicznych z\u00a0wody. Alkaliczno\u015b\u0107 (zasadowo\u015b\u0107) wody to wa\u017cny czynnik w\u00a0produkcji pary i\u00a0w\u00a0wielu systemach przetw\u00f3rstwa, na przyk\u0142ad w\u00a0bran\u017cy tekstyli\u00f3w, spo\u017cywczej i\u00a0napoj\u00f3w. Parametr ten nale\u017cy kontrolowa\u0107 w\u00a0celu zmniejszenia koszt\u00f3w eksploatacji i\u00a0przedmuchiwania.<\/p>\r\n<p>Firma Babcock Wanson opracowa\u0142a szerok\u0105 gam\u0119 urz\u0105dze\u0144 do dealkalizacji, kt\u00f3re umo\u017cliwiaj\u0105 uzdatnianie wody kot\u0142owej i\u00a0procesowej oraz s\u0105 dostosowane do specyficznych potrzeb klient\u00f3w. Urz\u0105dzenia do dealkalizacji zawieraj\u0105 \u017cywic\u0119 kationowymienn\u0105 s\u0142abej zasady, kt\u00f3ra wymienia cz\u0119\u015b\u0107 wodoru (H+) na wap\u0144 (Ca2+) i\u00a0magnez (Mg2+) w\u00a0celu uzyskania wody o\u00a0bardzo niskiej alkaliczno\u015bci.<\/p>\r\n<p>Nasi eksperci ds. <a href=\"https:\/\/www.babcock-wanson.com\/pl\/kategoria-produktu\/systemy-uzdatniania-wody\/\" target=\"_blank\" rel=\"noopener\">uzdatniania wody<\/a> s\u0105 w\u00a0stanie analizowa\u0107 jako\u015b\u0107 wody surowej i\u00a0parametry pracy zar\u00f3wno w\u00a0przypadku wody kot\u0142owej, jak i\u00a0procesowej, oraz zaproponowa\u0107 najbardziej odpowiednie urz\u0105dzenia do instalacji przemys\u0142owych.<\/p>\r\n<h3>Zastosowanie dealkalizacji w\u00a0przemy\u015ble<\/h3>\r\n<ul>\r\n<li><b>Oczyszczanie wody procesowej<\/b> &#8211; dealkalizacja pozwala uzyska\u0107 wod\u0119 wysokiej jako\u015bci, kt\u00f3ra mo\u017ce by\u0107 wykorzystywana do produkcji wody procesowej, na przyk\u0142ad w\u00a0przemy\u015ble spo\u017cywczym i\u00a0napoj\u00f3w.<\/li>\r\n<li><b>Oczyszczanie wsadu kot\u0142a <\/b>&#8211; oczyszczona woda z\u00a0procesu dealkalizacji charakteryzuje si\u0119 niskim st\u0119\u017ceniem soli wodorow\u0119glanowych, wapniowych i\u00a0magnezowych, dlatego mo\u017ce by\u0107 wykorzystywana jako woda zasilaj\u0105ca kocio\u0142. Reakcja wymiany \u017cywicy karboksylowej generuje ditlenek w\u0119gla (CO2), kt\u00f3ry mo\u017ce by\u0107 usuni\u0119ty w\u00a0trakcie uzdatniania poprzez likwidacj\u0119 w\u00a0<a href=\"https:\/\/www.babcock-wanson.com\/pl\/produkty\/systemy-uzdatniania-wody\/odgazowanie-termiczne\/\" target=\"_blank\" rel=\"noopener\">odgazowywaczu atmosferycznym<\/a> lub zebranie do wykorzystania w\u00a0innym procesie.<\/li>\r\n<\/ul>\r\n<p>Prosta konserwacja &#8211; po osi\u0105gni\u0119ciu nasycenia wymienniki dealkalizacyjne s\u0105 regenerowane przez kolejne przej\u015bcia roztworu kwasu solnego. Regeneracja wymiennik\u00f3w odbywa si\u0119 automatycznie.<\/p>\r\n<p>Niewielkie rozmiary &#8211; kompaktowa konstrukcja urz\u0105dze\u0144 dealkalizacyjnych zapewnia prost\u0105 instalacj\u0119 i\u00a0zmniejsza wymogi dotycz\u0105ce zajmowanej powierzchni.<\/p>\r\n<\/div><!-- .vgblk-rw-wrapper -->","protected":false},"excerpt":{"rendered":"<p>Babcock Wanson oferuje szerok\u0105 gam\u0119 urz\u0105dze\u0144 do uzdatniania wody do wszystkich zastosowa\u0144.<\/p>\n","protected":false},"featured_media":36951,"comment_status":"closed","ping_status":"closed","template":"","meta":{"_acf_changed":false,"_relevanssi_hide_post":"","_relevanssi_hide_content":"","_relevanssi_pin_for_all":"","_relevanssi_pin_keywords":"","_relevanssi_unpin_keywords":"","_relevanssi_related_keywords":"","_relevanssi_related_include_ids":"","_relevanssi_related_exclude_ids":"","_relevanssi_related_no_append":"","_relevanssi_related_not_related":"","_relevanssi_related_posts":"","_relevanssi_noindex_reason":""},"product_brand":[],"product_cat":[6410],"product_tag":[],"class_list":{"0":"post-36944","1":"product","2":"type-product","3":"status-publish","4":"has-post-thumbnail","6":"product_cat-systemy-uzdatniania-wody","8":"first","9":"instock","10":"shipping-taxable","11":"product-type-simple"},"acf":[],"yoast_head":"<!-- This site is optimized with the Yoast SEO Premium plugin v27.4 (Yoast SEO v27.4) - https:\/\/yoast.com\/product\/yoast-seo-premium-wordpress\/ -->\n<title>Inne materia\u0142y - Babcock Wanson<\/title>\n<meta name=\"description\" content=\"Babcock Wanson oferuje szerok\u0105 gam\u0119 urz\u0105dze\u0144 do uzdatniania wody do wszystkich zastosowa\u0144.\" \/>\n<meta name=\"robots\" content=\"index, follow, max-snippet:-1, max-image-preview:large, max-video-preview:-1\" \/>\n<link rel=\"canonical\" href=\"https:\/\/www.babcock-wanson.com\/pl\/produkty\/systemy-uzdatniania-wody\/inne-materialy\/\" \/>\n<meta property=\"og:locale\" content=\"pl_PL\" \/>\n<meta property=\"og:type\" content=\"article\" \/>\n<meta property=\"og:title\" content=\"Inne materia\u0142y\" \/>\n<meta property=\"og:description\" content=\"Babcock Wanson oferuje szerok\u0105 gam\u0119 urz\u0105dze\u0144 do uzdatniania wody do wszystkich zastosowa\u0144.\" \/>\n<meta property=\"og:url\" content=\"https:\/\/www.babcock-wanson.com\/pl\/produkty\/systemy-uzdatniania-wody\/inne-materialy\/\" \/>\n<meta property=\"og:site_name\" content=\"Babcock Wanson\" \/>\n<meta property=\"article:modified_time\" content=\"2025-04-15T13:39:11+00:00\" \/>\n<meta property=\"og:image\" content=\"https:\/\/www.babcock-wanson.com\/wp-content\/uploads\/2018\/09\/other-industrial-water-treatment-materials-5.jpg\" \/>\n\t<meta property=\"og:image:width\" content=\"600\" \/>\n\t<meta property=\"og:image:height\" content=\"400\" \/>\n\t<meta property=\"og:image:type\" content=\"image\/jpeg\" \/>\n<meta name=\"twitter:card\" content=\"summary_large_image\" \/>\n<meta name=\"twitter:label1\" content=\"Est. reading time\" \/>\n\t<meta name=\"twitter:data1\" content=\"4 minuty\" \/>\n<script type=\"application\/ld+json\" class=\"yoast-schema-graph\">{\"@context\":\"https:\\\/\\\/schema.org\",\"@graph\":[{\"@type\":\"WebPage\",\"@id\":\"https:\\\/\\\/www.babcock-wanson.com\\\/pl\\\/produkty\\\/systemy-uzdatniania-wody\\\/inne-materialy\\\/\",\"url\":\"https:\\\/\\\/www.babcock-wanson.com\\\/pl\\\/produkty\\\/systemy-uzdatniania-wody\\\/inne-materialy\\\/\",\"name\":\"Inne materia\u0142y - Babcock Wanson\",\"isPartOf\":{\"@id\":\"https:\\\/\\\/www.babcock-wanson.com\\\/pl\\\/#website\"},\"primaryImageOfPage\":{\"@id\":\"https:\\\/\\\/www.babcock-wanson.com\\\/pl\\\/produkty\\\/systemy-uzdatniania-wody\\\/inne-materialy\\\/#primaryimage\"},\"image\":{\"@id\":\"https:\\\/\\\/www.babcock-wanson.com\\\/pl\\\/produkty\\\/systemy-uzdatniania-wody\\\/inne-materialy\\\/#primaryimage\"},\"thumbnailUrl\":\"https:\\\/\\\/www.babcock-wanson.com\\\/wp-content\\\/uploads\\\/2018\\\/09\\\/other-industrial-water-treatment-materials-5.jpg\",\"datePublished\":\"2018-09-19T12:42:00+00:00\",\"dateModified\":\"2025-04-15T13:39:11+00:00\",\"description\":\"Babcock Wanson oferuje szerok\u0105 gam\u0119 urz\u0105dze\u0144 do uzdatniania wody do wszystkich zastosowa\u0144.\",\"breadcrumb\":{\"@id\":\"https:\\\/\\\/www.babcock-wanson.com\\\/pl\\\/produkty\\\/systemy-uzdatniania-wody\\\/inne-materialy\\\/#breadcrumb\"},\"inLanguage\":\"pl-PL\",\"potentialAction\":[{\"@type\":\"ReadAction\",\"target\":[\"https:\\\/\\\/www.babcock-wanson.com\\\/pl\\\/produkty\\\/systemy-uzdatniania-wody\\\/inne-materialy\\\/\"]}]},{\"@type\":\"ImageObject\",\"inLanguage\":\"pl-PL\",\"@id\":\"https:\\\/\\\/www.babcock-wanson.com\\\/pl\\\/produkty\\\/systemy-uzdatniania-wody\\\/inne-materialy\\\/#primaryimage\",\"url\":\"https:\\\/\\\/www.babcock-wanson.com\\\/wp-content\\\/uploads\\\/2018\\\/09\\\/other-industrial-water-treatment-materials-5.jpg\",\"contentUrl\":\"https:\\\/\\\/www.babcock-wanson.com\\\/wp-content\\\/uploads\\\/2018\\\/09\\\/other-industrial-water-treatment-materials-5.jpg\",\"width\":600,\"height\":400},{\"@type\":\"BreadcrumbList\",\"@id\":\"https:\\\/\\\/www.babcock-wanson.com\\\/pl\\\/produkty\\\/systemy-uzdatniania-wody\\\/inne-materialy\\\/#breadcrumb\",\"itemListElement\":[{\"@type\":\"ListItem\",\"position\":1,\"name\":\"Strona g\u0142\u00f3wna\",\"item\":\"https:\\\/\\\/www.babcock-wanson.com\\\/pl\\\/\"},{\"@type\":\"ListItem\",\"position\":2,\"name\":\"Produkty\",\"item\":\"https:\\\/\\\/www.babcock-wanson.com\\\/pl\\\/shop\\\/\"},{\"@type\":\"ListItem\",\"position\":3,\"name\":\"Systemy Uzdatniania Wody\",\"item\":\"https:\\\/\\\/www.babcock-wanson.com\\\/pl\\\/kategoria-produktu\\\/systemy-uzdatniania-wody\\\/\"},{\"@type\":\"ListItem\",\"position\":4,\"name\":\"Inne materia\u0142y\"}]},{\"@type\":\"WebSite\",\"@id\":\"https:\\\/\\\/www.babcock-wanson.com\\\/pl\\\/#website\",\"url\":\"https:\\\/\\\/www.babcock-wanson.com\\\/pl\\\/\",\"name\":\"Babcock Wanson\",\"description\":\"\",\"publisher\":{\"@id\":\"https:\\\/\\\/www.babcock-wanson.com\\\/pl\\\/#organization\"},\"potentialAction\":[{\"@type\":\"SearchAction\",\"target\":{\"@type\":\"EntryPoint\",\"urlTemplate\":\"https:\\\/\\\/www.babcock-wanson.com\\\/pl\\\/?s={search_term_string}\"},\"query-input\":{\"@type\":\"PropertyValueSpecification\",\"valueRequired\":true,\"valueName\":\"search_term_string\"}}],\"inLanguage\":\"pl-PL\"},{\"@type\":\"Organization\",\"@id\":\"https:\\\/\\\/www.babcock-wanson.com\\\/pl\\\/#organization\",\"name\":\"Babcock Wanson\",\"url\":\"https:\\\/\\\/www.babcock-wanson.com\\\/pl\\\/\",\"logo\":{\"@type\":\"ImageObject\",\"inLanguage\":\"pl-PL\",\"@id\":\"https:\\\/\\\/www.babcock-wanson.com\\\/pl\\\/#\\\/schema\\\/logo\\\/image\\\/\",\"url\":\"https:\\\/\\\/www.babcock-wanson.com\\\/wp-content\\\/uploads\\\/2024\\\/02\\\/Babcock-Wanson-1200x1200-1.png\",\"contentUrl\":\"https:\\\/\\\/www.babcock-wanson.com\\\/wp-content\\\/uploads\\\/2024\\\/02\\\/Babcock-Wanson-1200x1200-1.png\",\"width\":1200,\"height\":1200,\"caption\":\"Babcock Wanson\"},\"image\":{\"@id\":\"https:\\\/\\\/www.babcock-wanson.com\\\/pl\\\/#\\\/schema\\\/logo\\\/image\\\/\"},\"sameAs\":[\"https:\\\/\\\/www.linkedin.com\\\/company\\\/babcock-wanson\\\/\",\"https:\\\/\\\/www.youtube.com\\\/channel\\\/UCtxl25VieBBsP2kYmtlyv7A\"]}]}<\/script>\n<!-- \/ Yoast SEO Premium plugin. -->","yoast_head_json":{"title":"Inne materia\u0142y - Babcock Wanson","description":"Babcock Wanson oferuje szerok\u0105 gam\u0119 urz\u0105dze\u0144 do uzdatniania wody do wszystkich zastosowa\u0144.","robots":{"index":"index","follow":"follow","max-snippet":"max-snippet:-1","max-image-preview":"max-image-preview:large","max-video-preview":"max-video-preview:-1"},"canonical":"https:\/\/www.babcock-wanson.com\/pl\/produkty\/systemy-uzdatniania-wody\/inne-materialy\/","og_locale":"pl_PL","og_type":"article","og_title":"Inne materia\u0142y","og_description":"Babcock Wanson oferuje szerok\u0105 gam\u0119 urz\u0105dze\u0144 do uzdatniania wody do wszystkich zastosowa\u0144.","og_url":"https:\/\/www.babcock-wanson.com\/pl\/produkty\/systemy-uzdatniania-wody\/inne-materialy\/","og_site_name":"Babcock Wanson","article_modified_time":"2025-04-15T13:39:11+00:00","og_image":[{"width":600,"height":400,"url":"https:\/\/www.babcock-wanson.com\/wp-content\/uploads\/2018\/09\/other-industrial-water-treatment-materials-5.jpg","type":"image\/jpeg"}],"twitter_card":"summary_large_image","twitter_misc":{"Est. reading time":"4 minuty"},"schema":{"@context":"https:\/\/schema.org","@graph":[{"@type":"WebPage","@id":"https:\/\/www.babcock-wanson.com\/pl\/produkty\/systemy-uzdatniania-wody\/inne-materialy\/","url":"https:\/\/www.babcock-wanson.com\/pl\/produkty\/systemy-uzdatniania-wody\/inne-materialy\/","name":"Inne materia\u0142y - Babcock Wanson","isPartOf":{"@id":"https:\/\/www.babcock-wanson.com\/pl\/#website"},"primaryImageOfPage":{"@id":"https:\/\/www.babcock-wanson.com\/pl\/produkty\/systemy-uzdatniania-wody\/inne-materialy\/#primaryimage"},"image":{"@id":"https:\/\/www.babcock-wanson.com\/pl\/produkty\/systemy-uzdatniania-wody\/inne-materialy\/#primaryimage"},"thumbnailUrl":"https:\/\/www.babcock-wanson.com\/wp-content\/uploads\/2018\/09\/other-industrial-water-treatment-materials-5.jpg","datePublished":"2018-09-19T12:42:00+00:00","dateModified":"2025-04-15T13:39:11+00:00","description":"Babcock Wanson oferuje szerok\u0105 gam\u0119 urz\u0105dze\u0144 do uzdatniania wody do wszystkich zastosowa\u0144.","breadcrumb":{"@id":"https:\/\/www.babcock-wanson.com\/pl\/produkty\/systemy-uzdatniania-wody\/inne-materialy\/#breadcrumb"},"inLanguage":"pl-PL","potentialAction":[{"@type":"ReadAction","target":["https:\/\/www.babcock-wanson.com\/pl\/produkty\/systemy-uzdatniania-wody\/inne-materialy\/"]}]},{"@type":"ImageObject","inLanguage":"pl-PL","@id":"https:\/\/www.babcock-wanson.com\/pl\/produkty\/systemy-uzdatniania-wody\/inne-materialy\/#primaryimage","url":"https:\/\/www.babcock-wanson.com\/wp-content\/uploads\/2018\/09\/other-industrial-water-treatment-materials-5.jpg","contentUrl":"https:\/\/www.babcock-wanson.com\/wp-content\/uploads\/2018\/09\/other-industrial-water-treatment-materials-5.jpg","width":600,"height":400},{"@type":"BreadcrumbList","@id":"https:\/\/www.babcock-wanson.com\/pl\/produkty\/systemy-uzdatniania-wody\/inne-materialy\/#breadcrumb","itemListElement":[{"@type":"ListItem","position":1,"name":"Strona g\u0142\u00f3wna","item":"https:\/\/www.babcock-wanson.com\/pl\/"},{"@type":"ListItem","position":2,"name":"Produkty","item":"https:\/\/www.babcock-wanson.com\/pl\/shop\/"},{"@type":"ListItem","position":3,"name":"Systemy Uzdatniania Wody","item":"https:\/\/www.babcock-wanson.com\/pl\/kategoria-produktu\/systemy-uzdatniania-wody\/"},{"@type":"ListItem","position":4,"name":"Inne materia\u0142y"}]},{"@type":"WebSite","@id":"https:\/\/www.babcock-wanson.com\/pl\/#website","url":"https:\/\/www.babcock-wanson.com\/pl\/","name":"Babcock Wanson","description":"","publisher":{"@id":"https:\/\/www.babcock-wanson.com\/pl\/#organization"},"potentialAction":[{"@type":"SearchAction","target":{"@type":"EntryPoint","urlTemplate":"https:\/\/www.babcock-wanson.com\/pl\/?s={search_term_string}"},"query-input":{"@type":"PropertyValueSpecification","valueRequired":true,"valueName":"search_term_string"}}],"inLanguage":"pl-PL"},{"@type":"Organization","@id":"https:\/\/www.babcock-wanson.com\/pl\/#organization","name":"Babcock Wanson","url":"https:\/\/www.babcock-wanson.com\/pl\/","logo":{"@type":"ImageObject","inLanguage":"pl-PL","@id":"https:\/\/www.babcock-wanson.com\/pl\/#\/schema\/logo\/image\/","url":"https:\/\/www.babcock-wanson.com\/wp-content\/uploads\/2024\/02\/Babcock-Wanson-1200x1200-1.png","contentUrl":"https:\/\/www.babcock-wanson.com\/wp-content\/uploads\/2024\/02\/Babcock-Wanson-1200x1200-1.png","width":1200,"height":1200,"caption":"Babcock Wanson"},"image":{"@id":"https:\/\/www.babcock-wanson.com\/pl\/#\/schema\/logo\/image\/"},"sameAs":["https:\/\/www.linkedin.com\/company\/babcock-wanson\/","https:\/\/www.youtube.com\/channel\/UCtxl25VieBBsP2kYmtlyv7A"]}]}},"jetpack_sharing_enabled":true,"_links":{"self":[{"href":"https:\/\/www.babcock-wanson.com\/pl\/wp-json\/wp\/v2\/product\/36944","targetHints":{"allow":["GET"]}}],"collection":[{"href":"https:\/\/www.babcock-wanson.com\/pl\/wp-json\/wp\/v2\/product"}],"about":[{"href":"https:\/\/www.babcock-wanson.com\/pl\/wp-json\/wp\/v2\/types\/product"}],"replies":[{"embeddable":true,"href":"https:\/\/www.babcock-wanson.com\/pl\/wp-json\/wp\/v2\/comments?post=36944"}],"wp:featuredmedia":[{"embeddable":true,"href":"https:\/\/www.babcock-wanson.com\/pl\/wp-json\/wp\/v2\/media\/36951"}],"wp:attachment":[{"href":"https:\/\/www.babcock-wanson.com\/pl\/wp-json\/wp\/v2\/media?parent=36944"}],"wp:term":[{"taxonomy":"product_brand","embeddable":true,"href":"https:\/\/www.babcock-wanson.com\/pl\/wp-json\/wp\/v2\/product_brand?post=36944"},{"taxonomy":"product_cat","embeddable":true,"href":"https:\/\/www.babcock-wanson.com\/pl\/wp-json\/wp\/v2\/product_cat?post=36944"},{"taxonomy":"product_tag","embeddable":true,"href":"https:\/\/www.babcock-wanson.com\/pl\/wp-json\/wp\/v2\/product_tag?post=36944"}],"curies":[{"name":"wp","href":"https:\/\/api.w.org\/{rel}","templated":true}]}}