{"id":45117,"date":"2023-01-25T13:27:27","date_gmt":"2023-01-25T13:27:27","guid":{"rendered":"https:\/\/www.babcock-wanson.com\/products\/bez-kategorii\/e-vap\/"},"modified":"2023-04-06T09:39:13","modified_gmt":"2023-04-06T08:39:13","slug":"e-vap","status":"publish","type":"product","link":"https:\/\/www.babcock-wanson.com\/pl\/produkty\/wytwornice-pary\/e-vap\/","title":{"rendered":"E-VAP"},"content":{"rendered":"<div class=\"vgblk-rw-wrapper limit-wrapper\">\n<h3>Elastyczne rozwi\u0105zanie<\/h3>\n<ul>\n<li>Poziomy przep\u0142ywowy generator pary EVAP zosta\u0142 zaprojektowany z my\u015bl\u0105 o zastosowaniu w r\u00f3\u017cnych bran\u017cach przemys\u0142owych oraz w szerokim zakresie ci\u015bnie\u0144 roboczych.<\/li>\n<li>Wyd\u0142u\u017cone dzia\u0142anie bezobs\u0142ugowe pozwala spe\u0142ni\u0107 wymagania operacyjne w miejscu obs\u0142ugi.<\/li>\n<li>Mo\u017cna stosowa\u0107 go z wi\u0119kszo\u015bci\u0105 paliw p\u0142ynnych i gazowych.<\/li>\n<li>Niska pojemno\u015b\u0107 wodna przek\u0142ada si\u0119 na bezpieczn\u0105 prac\u0119.<\/li>\n<li>Redukcja strat powodowanych wydmuchem.<\/li>\n<li>Recyrkulacja spalin zapewnia zgodno\u015b\u0107 z przepisami w zakresie emisji.<\/li>\n<\/ul>\n<p>&nbsp;<\/p>\n<h3>\u0141atwa obs\u0142uga<\/h3>\n<ul>\n<li>Para dost\u0119pna w ci\u0105gu 5-15 minut ze stanu zimnego.<\/li>\n<li>Proste wymagania dotycz\u0105ce jako\u015bci wody i uzdatniania.<\/li>\n<li>Zredukowana ilo\u015b\u0107 przegl\u0105d\u00f3w i inspekcji.<\/li>\n<li>Niskie koszty utrzymania i d\u0142uga \u017cywotno\u015b\u0107.<\/li>\n<li>Cyfrowa obs\u0142uga za pomoc\u0105 panelu dotykowego.<\/li>\n<li>Mniejsza powierzchnia w por\u00f3wnaniu z tradycyjnymi kot\u0142ami p\u0142omieni\u00f3wkowymi.<\/li>\n<li>W pe\u0142ni modulowane sterowanie elektroniczne pozwala zaoszcz\u0119dzi\u0107 energi\u0119 i zwi\u0119kszy\u0107 wydajno\u015b\u0107.<\/li>\n<li>Funkcja automatycznego startu i stopu oraz opcje pe\u0142nej kontroli sekwencyjnej.<\/li>\n<li>Specjalna pompa wody z ograniczon\u0105 i prost\u0105 obs\u0142ug\u0105.<\/li>\n<\/ul>\n<p>&nbsp;<\/p>\n<h3>Wysoka wydajno\u015b\u0107<\/h3>\n<ul>\n<li>Niski \u015blad w\u0119glowy przy wysokiej wydajno\u015bci oznacza niewielk\u0105 utrat\u0119 ciep\u0142a oraz niskie zu\u017cycie paliw.<\/li>\n<li>Najni\u017csze mo\u017cliwe zu\u017cycie energii elektrycznej.<\/li>\n<li>Wysoka sprawno\u015b\u0107 spalania i pracy urz\u0105dzenia.<\/li>\n<li>Ma\u0142a pojemno\u015b\u0107 wodna to oszcz\u0119dno\u015b\u0107 energii przy ka\u017cdym uruchomieniu.<\/li>\n<\/ul>\n<p>&nbsp;<\/p>\n<h3>Pe\u0142na gama wyposa\u017cenia dodatkowego i us\u0142ug<\/h3>\n<ul>\n<li>Zbiorniki wody zasilaj\u0105cej i uk\u0142ady zasilania.<\/li>\n<li>Ekonomizery do zwi\u0119kszenia sprawno\u015bci.<\/li>\n<li>Monitorowanie przewodno\u015bci wody zasilaj\u0105cej i automatyczne odmulanie.<\/li>\n<li>Urz\u0105dzenia pomocnicze i wymienniki ciep\u0142a.<\/li>\n<li>Projekt instalacji i us\u0142ugi monta\u017cowe \u201epod klucz\u201d.<\/li>\n<li>Rozwi\u0105zania w zakresie uzdatniania wody i wsparcie Babcock Wanson.<\/li>\n<li>Uruchomienie i serwis posprzeda\u017cowy.<\/li>\n<\/ul>\n<p>&nbsp;<\/p>\n<p>&nbsp;<\/p>\n<p>&nbsp;<\/p>\n<h2>E-VAP Szybki wytwornice pary<\/h2>\n<div class=\"table-responsive\">\n<table style=\"height: 368px\" width=\"1071\">\n<tbody>\n<tr>\n<th class=\"bg-primary text-white\">E-VAP<\/th>\n<th class=\"bg-primary text-white\">Model<\/th>\n<th>1700<\/th>\n<th>2700<\/th>\n<th>3700<\/th>\n<th>5700<\/th>\n<\/tr>\n<tr>\n<th>Produkcja pary (1)<\/th>\n<th>Kg\/h<\/th>\n<td>1700<\/td>\n<td>2700<\/td>\n<td>3700<\/td>\n<td>5700<\/td>\n<\/tr>\n<tr>\n<th>Moc wyj\u015bciowa<\/th>\n<th>kW<\/th>\n<td>1186<\/td>\n<td>1884<\/td>\n<td>2581<\/td>\n<td>3977<\/td>\n<\/tr>\n<tr class=\"table-secondary\">\n<th class=\"bg-secondary text-white\">Szeroko\u015b\u0107 A (2)<\/th>\n<th class=\"bg-secondary text-white\">mm<\/th>\n<td>1860<\/td>\n<td>2090<\/td>\n<td>2280<\/td>\n<td>2770<\/td>\n<\/tr>\n<tr class=\"table-dark\">\n<th class=\"bg-dark text-white\">D\u0142ugo\u015b\u0107 B (2)<\/th>\n<th class=\"bg-dark text-white\">mm<\/th>\n<td>3540<\/td>\n<td>4730<\/td>\n<td>4780<\/td>\n<td>5790<\/td>\n<\/tr>\n<tr class=\"table-primary\">\n<th class=\"bg-primary text-white\">Wysoko\u015b\u0107 C (z ekonomizerem) (2)<\/th>\n<th class=\"bg-primary text-white\">mm<\/th>\n<td>2240<\/td>\n<td>2440<\/td>\n<td>2550<\/td>\n<td>2880<\/td>\n<\/tr>\n<tr>\n<th>Masa &#8211; pe\u0142na w\u0119\u017cownica<\/th>\n<th>Kg<\/th>\n<td>3000<\/td>\n<td>4850<\/td>\n<td>5300<\/td>\n<td>10500<\/td>\n<\/tr>\n<\/tbody>\n<\/table>\n<\/div>\n<p>(1) Produkcj\u0119 pary podano dla pary o ci\u015bnieniu 10 barg oraz doprowadzanej wody o temperaturze 80\u00b0C.<br \/>\n(2) Podane wymiary odpowiadaj\u0105 standardowej konstrukcji o ci\u015bnieniu 12 barg (wy\u017csze ci\u015bnienia dost\u0119pne s\u0105 na \u017c\u0105danie).<\/p><\/div>\n<p><!-- .vgblk-rw-wrapper --><\/p>\n","protected":false},"excerpt":{"rendered":"<p><strong>Produkcja pary od 1700 kg\/h do 5700 kg\/h<\/strong><\/p>\n<p>Wytwornica pary E-VAP jest poziomym, wieloci\u0105gowym generatorem pary z w\u0119\u017cownic\u0105, opracowany dzi\u0119ki wieloletniemu do\u015bwiadczeniu firmy Babcock Wanson zar\u00f3wno w dziedzinie projektowania, jak i produkcji urz\u0105dze\u0144 do wytwarzania pary. Pozioma konstrukcja urz\u0105dzenia E-VAP umo\u017cliwia \u0142atwy dost\u0119p do wszystkich komponent\u00f3w w celu ich obs\u0142ugi i konserwacji.<\/p>\n","protected":false},"featured_media":44499,"comment_status":"closed","ping_status":"closed","template":"","meta":{"_acf_changed":false,"_relevanssi_hide_post":"","_relevanssi_hide_content":"","_relevanssi_pin_for_all":"","_relevanssi_pin_keywords":"","_relevanssi_unpin_keywords":"","_relevanssi_related_keywords":"","_relevanssi_related_include_ids":"","_relevanssi_related_exclude_ids":"","_relevanssi_related_no_append":"","_relevanssi_related_not_related":"","_relevanssi_related_posts":"","_relevanssi_noindex_reason":""},"product_brand":[],"product_cat":[6412],"product_tag":[],"class_list":{"0":"post-45117","1":"product","2":"type-product","3":"status-publish","4":"has-post-thumbnail","6":"product_cat-wytwornice-pary","8":"first","9":"instock","10":"shipping-taxable","11":"product-type-simple"},"acf":[],"yoast_head":"<!-- This site is optimized with the Yoast SEO Premium plugin v27.4 (Yoast SEO v27.4) - https:\/\/yoast.com\/product\/yoast-seo-premium-wordpress\/ -->\n<title>E-VAP - Babcock Wanson<\/title>\n<meta name=\"description\" content=\"The Babcock Wanson E-VAP rapid steaming generator is a coil boiler capable of producing from 1700 Kg\/H to 5700 Kg\/H of steam.Babcock Wanson Szybki wytwornice pary E-VAP jest kot\u0142em w\u0119\u017cownicowym zdolnym do wytwarzania od 1700 Kg\/H do 5700 Kg\/H pary.\" \/>\n<meta name=\"robots\" content=\"index, follow, max-snippet:-1, max-image-preview:large, max-video-preview:-1\" \/>\n<link rel=\"canonical\" href=\"https:\/\/www.babcock-wanson.com\/pl\/produkty\/wytwornice-pary\/e-vap\/\" \/>\n<meta property=\"og:locale\" content=\"pl_PL\" \/>\n<meta property=\"og:type\" content=\"article\" \/>\n<meta property=\"og:title\" content=\"E-VAP\" \/>\n<meta property=\"og:description\" content=\"The Babcock Wanson E-VAP rapid steaming generator is a coil boiler capable of producing from 1700 Kg\/H to 5700 Kg\/H of steam.Babcock Wanson Szybki wytwornice pary E-VAP jest kot\u0142em w\u0119\u017cownicowym zdolnym do wytwarzania od 1700 Kg\/H do 5700 Kg\/H pary.\" \/>\n<meta property=\"og:url\" content=\"https:\/\/www.babcock-wanson.com\/pl\/produkty\/wytwornice-pary\/e-vap\/\" \/>\n<meta property=\"og:site_name\" content=\"Babcock Wanson\" \/>\n<meta property=\"article:modified_time\" content=\"2023-04-06T08:39:13+00:00\" \/>\n<meta property=\"og:image\" content=\"https:\/\/www.babcock-wanson.com\/wp-content\/uploads\/2023\/01\/eVAP_ProductPage_2.jpg\" \/>\n\t<meta property=\"og:image:width\" content=\"600\" \/>\n\t<meta property=\"og:image:height\" content=\"399\" \/>\n\t<meta property=\"og:image:type\" content=\"image\/jpeg\" \/>\n<meta name=\"twitter:card\" content=\"summary_large_image\" \/>\n<meta name=\"twitter:label1\" content=\"Est. reading time\" \/>\n\t<meta name=\"twitter:data1\" content=\"2 minuty\" \/>\n<script type=\"application\/ld+json\" class=\"yoast-schema-graph\">{\"@context\":\"https:\\\/\\\/schema.org\",\"@graph\":[{\"@type\":\"WebPage\",\"@id\":\"https:\\\/\\\/www.babcock-wanson.com\\\/pl\\\/produkty\\\/wytwornice-pary\\\/e-vap\\\/\",\"url\":\"https:\\\/\\\/www.babcock-wanson.com\\\/pl\\\/produkty\\\/wytwornice-pary\\\/e-vap\\\/\",\"name\":\"E-VAP - Babcock Wanson\",\"isPartOf\":{\"@id\":\"https:\\\/\\\/www.babcock-wanson.com\\\/pl\\\/#website\"},\"primaryImageOfPage\":{\"@id\":\"https:\\\/\\\/www.babcock-wanson.com\\\/pl\\\/produkty\\\/wytwornice-pary\\\/e-vap\\\/#primaryimage\"},\"image\":{\"@id\":\"https:\\\/\\\/www.babcock-wanson.com\\\/pl\\\/produkty\\\/wytwornice-pary\\\/e-vap\\\/#primaryimage\"},\"thumbnailUrl\":\"https:\\\/\\\/www.babcock-wanson.com\\\/wp-content\\\/uploads\\\/2023\\\/01\\\/eVAP_ProductPage_2.jpg\",\"datePublished\":\"2023-01-25T13:27:27+00:00\",\"dateModified\":\"2023-04-06T08:39:13+00:00\",\"description\":\"The Babcock Wanson E-VAP rapid steaming generator is a coil boiler capable of producing from 1700 Kg\\\/H to 5700 Kg\\\/H of steam.Babcock Wanson Szybki wytwornice pary E-VAP jest kot\u0142em w\u0119\u017cownicowym zdolnym do wytwarzania od 1700 Kg\\\/H do 5700 Kg\\\/H pary.\",\"breadcrumb\":{\"@id\":\"https:\\\/\\\/www.babcock-wanson.com\\\/pl\\\/produkty\\\/wytwornice-pary\\\/e-vap\\\/#breadcrumb\"},\"inLanguage\":\"pl-PL\",\"potentialAction\":[{\"@type\":\"ReadAction\",\"target\":[\"https:\\\/\\\/www.babcock-wanson.com\\\/pl\\\/produkty\\\/wytwornice-pary\\\/e-vap\\\/\"]}]},{\"@type\":\"ImageObject\",\"inLanguage\":\"pl-PL\",\"@id\":\"https:\\\/\\\/www.babcock-wanson.com\\\/pl\\\/produkty\\\/wytwornice-pary\\\/e-vap\\\/#primaryimage\",\"url\":\"https:\\\/\\\/www.babcock-wanson.com\\\/wp-content\\\/uploads\\\/2023\\\/01\\\/eVAP_ProductPage_2.jpg\",\"contentUrl\":\"https:\\\/\\\/www.babcock-wanson.com\\\/wp-content\\\/uploads\\\/2023\\\/01\\\/eVAP_ProductPage_2.jpg\",\"width\":600,\"height\":399,\"caption\":\"Babcock Wanson Italia\"},{\"@type\":\"BreadcrumbList\",\"@id\":\"https:\\\/\\\/www.babcock-wanson.com\\\/pl\\\/produkty\\\/wytwornice-pary\\\/e-vap\\\/#breadcrumb\",\"itemListElement\":[{\"@type\":\"ListItem\",\"position\":1,\"name\":\"Strona g\u0142\u00f3wna\",\"item\":\"https:\\\/\\\/www.babcock-wanson.com\\\/pl\\\/\"},{\"@type\":\"ListItem\",\"position\":2,\"name\":\"Produkty\",\"item\":\"https:\\\/\\\/www.babcock-wanson.com\\\/pl\\\/shop\\\/\"},{\"@type\":\"ListItem\",\"position\":3,\"name\":\"Wytwornice Pary\",\"item\":\"https:\\\/\\\/www.babcock-wanson.com\\\/pl\\\/kategoria-produktu\\\/wytwornice-pary\\\/\"},{\"@type\":\"ListItem\",\"position\":4,\"name\":\"E-VAP\"}]},{\"@type\":\"WebSite\",\"@id\":\"https:\\\/\\\/www.babcock-wanson.com\\\/pl\\\/#website\",\"url\":\"https:\\\/\\\/www.babcock-wanson.com\\\/pl\\\/\",\"name\":\"Babcock Wanson\",\"description\":\"\",\"publisher\":{\"@id\":\"https:\\\/\\\/www.babcock-wanson.com\\\/pl\\\/#organization\"},\"potentialAction\":[{\"@type\":\"SearchAction\",\"target\":{\"@type\":\"EntryPoint\",\"urlTemplate\":\"https:\\\/\\\/www.babcock-wanson.com\\\/pl\\\/?s={search_term_string}\"},\"query-input\":{\"@type\":\"PropertyValueSpecification\",\"valueRequired\":true,\"valueName\":\"search_term_string\"}}],\"inLanguage\":\"pl-PL\"},{\"@type\":\"Organization\",\"@id\":\"https:\\\/\\\/www.babcock-wanson.com\\\/pl\\\/#organization\",\"name\":\"Babcock Wanson\",\"url\":\"https:\\\/\\\/www.babcock-wanson.com\\\/pl\\\/\",\"logo\":{\"@type\":\"ImageObject\",\"inLanguage\":\"pl-PL\",\"@id\":\"https:\\\/\\\/www.babcock-wanson.com\\\/pl\\\/#\\\/schema\\\/logo\\\/image\\\/\",\"url\":\"https:\\\/\\\/www.babcock-wanson.com\\\/wp-content\\\/uploads\\\/2024\\\/02\\\/Babcock-Wanson-1200x1200-1.png\",\"contentUrl\":\"https:\\\/\\\/www.babcock-wanson.com\\\/wp-content\\\/uploads\\\/2024\\\/02\\\/Babcock-Wanson-1200x1200-1.png\",\"width\":1200,\"height\":1200,\"caption\":\"Babcock Wanson\"},\"image\":{\"@id\":\"https:\\\/\\\/www.babcock-wanson.com\\\/pl\\\/#\\\/schema\\\/logo\\\/image\\\/\"},\"sameAs\":[\"https:\\\/\\\/www.linkedin.com\\\/company\\\/babcock-wanson\\\/\",\"https:\\\/\\\/www.youtube.com\\\/channel\\\/UCtxl25VieBBsP2kYmtlyv7A\"]}]}<\/script>\n<!-- \/ Yoast SEO Premium plugin. -->","yoast_head_json":{"title":"E-VAP - Babcock Wanson","description":"The Babcock Wanson E-VAP rapid steaming generator is a coil boiler capable of producing from 1700 Kg\/H to 5700 Kg\/H of steam.Babcock Wanson Szybki wytwornice pary E-VAP jest kot\u0142em w\u0119\u017cownicowym zdolnym do wytwarzania od 1700 Kg\/H do 5700 Kg\/H pary.","robots":{"index":"index","follow":"follow","max-snippet":"max-snippet:-1","max-image-preview":"max-image-preview:large","max-video-preview":"max-video-preview:-1"},"canonical":"https:\/\/www.babcock-wanson.com\/pl\/produkty\/wytwornice-pary\/e-vap\/","og_locale":"pl_PL","og_type":"article","og_title":"E-VAP","og_description":"The Babcock Wanson E-VAP rapid steaming generator is a coil boiler capable of producing from 1700 Kg\/H to 5700 Kg\/H of steam.Babcock Wanson Szybki wytwornice pary E-VAP jest kot\u0142em w\u0119\u017cownicowym zdolnym do wytwarzania od 1700 Kg\/H do 5700 Kg\/H pary.","og_url":"https:\/\/www.babcock-wanson.com\/pl\/produkty\/wytwornice-pary\/e-vap\/","og_site_name":"Babcock Wanson","article_modified_time":"2023-04-06T08:39:13+00:00","og_image":[{"width":600,"height":399,"url":"https:\/\/www.babcock-wanson.com\/wp-content\/uploads\/2023\/01\/eVAP_ProductPage_2.jpg","type":"image\/jpeg"}],"twitter_card":"summary_large_image","twitter_misc":{"Est. reading time":"2 minuty"},"schema":{"@context":"https:\/\/schema.org","@graph":[{"@type":"WebPage","@id":"https:\/\/www.babcock-wanson.com\/pl\/produkty\/wytwornice-pary\/e-vap\/","url":"https:\/\/www.babcock-wanson.com\/pl\/produkty\/wytwornice-pary\/e-vap\/","name":"E-VAP - Babcock Wanson","isPartOf":{"@id":"https:\/\/www.babcock-wanson.com\/pl\/#website"},"primaryImageOfPage":{"@id":"https:\/\/www.babcock-wanson.com\/pl\/produkty\/wytwornice-pary\/e-vap\/#primaryimage"},"image":{"@id":"https:\/\/www.babcock-wanson.com\/pl\/produkty\/wytwornice-pary\/e-vap\/#primaryimage"},"thumbnailUrl":"https:\/\/www.babcock-wanson.com\/wp-content\/uploads\/2023\/01\/eVAP_ProductPage_2.jpg","datePublished":"2023-01-25T13:27:27+00:00","dateModified":"2023-04-06T08:39:13+00:00","description":"The Babcock Wanson E-VAP rapid steaming generator is a coil boiler capable of producing from 1700 Kg\/H to 5700 Kg\/H of steam.Babcock Wanson Szybki wytwornice pary E-VAP jest kot\u0142em w\u0119\u017cownicowym zdolnym do wytwarzania od 1700 Kg\/H do 5700 Kg\/H pary.","breadcrumb":{"@id":"https:\/\/www.babcock-wanson.com\/pl\/produkty\/wytwornice-pary\/e-vap\/#breadcrumb"},"inLanguage":"pl-PL","potentialAction":[{"@type":"ReadAction","target":["https:\/\/www.babcock-wanson.com\/pl\/produkty\/wytwornice-pary\/e-vap\/"]}]},{"@type":"ImageObject","inLanguage":"pl-PL","@id":"https:\/\/www.babcock-wanson.com\/pl\/produkty\/wytwornice-pary\/e-vap\/#primaryimage","url":"https:\/\/www.babcock-wanson.com\/wp-content\/uploads\/2023\/01\/eVAP_ProductPage_2.jpg","contentUrl":"https:\/\/www.babcock-wanson.com\/wp-content\/uploads\/2023\/01\/eVAP_ProductPage_2.jpg","width":600,"height":399,"caption":"Babcock Wanson Italia"},{"@type":"BreadcrumbList","@id":"https:\/\/www.babcock-wanson.com\/pl\/produkty\/wytwornice-pary\/e-vap\/#breadcrumb","itemListElement":[{"@type":"ListItem","position":1,"name":"Strona g\u0142\u00f3wna","item":"https:\/\/www.babcock-wanson.com\/pl\/"},{"@type":"ListItem","position":2,"name":"Produkty","item":"https:\/\/www.babcock-wanson.com\/pl\/shop\/"},{"@type":"ListItem","position":3,"name":"Wytwornice Pary","item":"https:\/\/www.babcock-wanson.com\/pl\/kategoria-produktu\/wytwornice-pary\/"},{"@type":"ListItem","position":4,"name":"E-VAP"}]},{"@type":"WebSite","@id":"https:\/\/www.babcock-wanson.com\/pl\/#website","url":"https:\/\/www.babcock-wanson.com\/pl\/","name":"Babcock Wanson","description":"","publisher":{"@id":"https:\/\/www.babcock-wanson.com\/pl\/#organization"},"potentialAction":[{"@type":"SearchAction","target":{"@type":"EntryPoint","urlTemplate":"https:\/\/www.babcock-wanson.com\/pl\/?s={search_term_string}"},"query-input":{"@type":"PropertyValueSpecification","valueRequired":true,"valueName":"search_term_string"}}],"inLanguage":"pl-PL"},{"@type":"Organization","@id":"https:\/\/www.babcock-wanson.com\/pl\/#organization","name":"Babcock Wanson","url":"https:\/\/www.babcock-wanson.com\/pl\/","logo":{"@type":"ImageObject","inLanguage":"pl-PL","@id":"https:\/\/www.babcock-wanson.com\/pl\/#\/schema\/logo\/image\/","url":"https:\/\/www.babcock-wanson.com\/wp-content\/uploads\/2024\/02\/Babcock-Wanson-1200x1200-1.png","contentUrl":"https:\/\/www.babcock-wanson.com\/wp-content\/uploads\/2024\/02\/Babcock-Wanson-1200x1200-1.png","width":1200,"height":1200,"caption":"Babcock Wanson"},"image":{"@id":"https:\/\/www.babcock-wanson.com\/pl\/#\/schema\/logo\/image\/"},"sameAs":["https:\/\/www.linkedin.com\/company\/babcock-wanson\/","https:\/\/www.youtube.com\/channel\/UCtxl25VieBBsP2kYmtlyv7A"]}]}},"jetpack_sharing_enabled":true,"_links":{"self":[{"href":"https:\/\/www.babcock-wanson.com\/pl\/wp-json\/wp\/v2\/product\/45117","targetHints":{"allow":["GET"]}}],"collection":[{"href":"https:\/\/www.babcock-wanson.com\/pl\/wp-json\/wp\/v2\/product"}],"about":[{"href":"https:\/\/www.babcock-wanson.com\/pl\/wp-json\/wp\/v2\/types\/product"}],"replies":[{"embeddable":true,"href":"https:\/\/www.babcock-wanson.com\/pl\/wp-json\/wp\/v2\/comments?post=45117"}],"wp:featuredmedia":[{"embeddable":true,"href":"https:\/\/www.babcock-wanson.com\/pl\/wp-json\/wp\/v2\/media\/44499"}],"wp:attachment":[{"href":"https:\/\/www.babcock-wanson.com\/pl\/wp-json\/wp\/v2\/media?parent=45117"}],"wp:term":[{"taxonomy":"product_brand","embeddable":true,"href":"https:\/\/www.babcock-wanson.com\/pl\/wp-json\/wp\/v2\/product_brand?post=45117"},{"taxonomy":"product_cat","embeddable":true,"href":"https:\/\/www.babcock-wanson.com\/pl\/wp-json\/wp\/v2\/product_cat?post=45117"},{"taxonomy":"product_tag","embeddable":true,"href":"https:\/\/www.babcock-wanson.com\/pl\/wp-json\/wp\/v2\/product_tag?post=45117"}],"curies":[{"name":"wp","href":"https:\/\/api.w.org\/{rel}","templated":true}]}}