{"id":29193,"date":"2020-07-21T16:18:14","date_gmt":"2020-07-21T15:18:14","guid":{"rendered":"https:\/\/www.babcock-wanson.com\/perfil-da-empresa\/historia\/"},"modified":"2026-01-26T16:46:00","modified_gmt":"2026-01-26T16:46:00","slug":"historia","status":"publish","type":"page","link":"https:\/\/www.babcock-wanson.com\/pt-pt\/perfil-da-empresa\/historia\/","title":{"rendered":"Hist\u00f3ria"},"content":{"rendered":"<div class=\"vgblk-rw-wrapper limit-wrapper\">\n<h2>\n\tA <strong>Babcock Wanson<\/strong> em contante evolu\u00e7\u00e3o\n\t<\/h2>\n\t<p>Ao longo de muitos anos de produ\u00e7\u00e3o, a Babcock Wanson adquiriu uma extensa experi\u00eancia, atrav\u00e9s da integra\u00e7\u00e3o de marcas com provas dadas, como Parent, Babcock, Bloctherm, Duquenne, Fluidothermus, Seum, Lardet, Goemine, Cobra, Vapor e Safmat.<\/p>\n<h2>\n\tPrimeiros passos\n\t<\/h2>\n\t<strong>1898<\/strong>\u00a0Funda\u00e7\u00e3o da empresa de constru\u00e7\u00e3o francesa Babcock &amp; Wilcox, formada a partir de uma empresa de produ\u00e7\u00e3o de energia de origem americana.<br \/>\n<strong>1929<\/strong> L\u00e9on Wanson cria a Wanson Company (originalmente chamada C.M.T. \u2212 Constru\u00e7\u00e3o de Equipamentos T\u00e9rmicos).\n<h2>\n\tConstruindo as funda\u00e7\u00f5es\n\t<\/h2>\n\t<strong>1931<\/strong> L\u00e9on Wanson e o seu grande amigo Alfred Parent, escolhem um bisonte como s\u00edmbolo corporativo, para refletir a envergadura e a energia da empresa.<br \/>\n<strong>1951<\/strong> Alfred Parent cria a Parent Company, com sede em N\u00e9rac (Lot-et-Garonne, Fran\u00e7a).\n<h2>\n\tExpans\u00e3o para o Reino Unido\n\t<\/h2>\n\t<strong>1956<\/strong> Cria\u00e7\u00e3o da Wanson Company, no Reino Unido, mais tarde designada de Babcock Wanson UK.<br \/>\n<strong>1987<\/strong> A Parent Company \u00e9 integrada no Grupo Wanson.<br \/>\n<strong>1988<\/strong> Cria\u00e7\u00e3o da Babcock Entreprise, atrav\u00e9s da fus\u00e3o da divis\u00e3o de caldeiras da Babcock &amp; Wilcox e da Lardet Babcock Company.\n<h2>\n\tPer\u00edodo no grupo CNIM\n\t<\/h2>\n\t<strong>1989<\/strong> A Babcock Entreprise passa a ser uma filial com capital detido a 100% pelo Grupo CNIM.<br \/>\n<strong>1990<\/strong> Aquisi\u00e7\u00e3o da Wanson pela CNIM e cria\u00e7\u00e3o da Babcock Wanson, atrav\u00e9s da fus\u00e3o com atividades da Babcock.\n<h2>\n\tAlargamento na Europa\n\t<\/h2>\n\t<strong>1992<\/strong> O Grupo CNIM adquire a Italwanson, que passa a designar-se Babcock Wanson Italiana.<br \/>\n<strong>1998<\/strong> O Grupo CNIM cria uma filial na Europa Central, CNIM Babcock Central Europe, que, mais tarde, passa a designar-se Babcock Wanson Polska.<br \/>\n<strong>2008<\/strong> A CYP Babcock Wanson muda de marca, para Babcock Wanson Espa\u00f1a.\n<h2>\n\tA independ\u00eancia da Babcock Wanson\n\t<\/h2>\n\t<strong>2016<\/strong> A Babcock Wanson torna-se independente do Grupo CNIM, com o apoio do FCDE (Fonds de Consolidation et de D\u00e9veloppement des Entreprises &#8211; Fundo de Consolida\u00e7\u00e3o e Desenvolvimento das Empresas) e muda de marca, com um foco mais internacional.<br \/>\n<strong>2017<\/strong> A Babcock Wanson adquire a holandesa Reputabel Warmtetechniek.<br \/>\n<strong>2020<\/strong> O grupo Babcock-Wanson solidifica a sua estrat\u00e9gia de proximidade ao cliente com a aquisi\u00e7\u00e3o da empresa Maes na B\u00e9lgica.<br \/>\n<strong>2021<\/strong> Kart\u00e9sia torna-se o novo accionista maiorit\u00e1rio da Babcock Wanson no lugar do F.C.D.E.<br \/>\n<strong>2021<\/strong> A Babcock Wanson lan\u00e7a a sua pol\u00edtica de crescimento externo. 3 novas empresas juntam-se ao grupo: Thermigas (Fran\u00e7a), Steam Plant Engineering (Reino Unido) e Standard Fasel (Holanda).\n<h2>\n\tBabcock Wanson Group\n\t<\/h2>\n\t<strong>2022 :<\/strong> A pol\u00edtica de crescimento e aquisi\u00e7\u00e3o da Babcock Wanson leva \u00e0 cria\u00e7\u00e3o do <strong>Babcock Wanson Group<\/strong>, estruturado em torno de 5 divis\u00f5es: Caldeiras e Queimadores, Tratamento de Ar, Tratamento de \u00c1gua, Solu\u00e7\u00f5es Ambientais, Servi\u00e7os<br \/>\n<strong>2022: <\/strong>A Donau Carbon Technologies junta-se ao Babcock Wanson Group, refor\u00e7ando a sua oferta de solu\u00e7\u00f5es ambientais.<br \/>\n<strong>2022: <\/strong>A Parat, um dos principais intervenientes na \u00e1rea das caldeiras de el\u00e9ctrodos, junta-se ao Babcock Wanson Group.<br \/>\n<strong>2023: <\/strong>A PBS Power Equipements, fabricante checo de caldeiras e queimadores, junta-se ao Babcock Wanson Group.<br \/>\n<strong>2024 :<\/strong> O Grupo Babcock Wanson entra no mercado alem\u00e3o com a aquisi\u00e7\u00e3o do Grupo VKK, conhecido pela sua especializa\u00e7\u00e3o em tecnologia de caldeiras industriais.\n<h3>\n\t\t\t<a href=\"https:\/\/www.babcock-wanson-group.com\/\" title=\"A Babcock Wanson Group compreende atualmente, as seguintes unidades de neg\u00f3cio:\" target=\"_blank\" rel=\"noopener\">\n\tA Babcock Wanson Group compreende atualmente, as seguintes unidades de neg\u00f3cio:\n\t\t\t<\/a>\n\t<\/h3>\n\t<ul>\n<li>\n<h5>Babcock Wanson (Fran\u00e7a)<\/h5>\n<\/li>\n<li>\n<h5>Thermigas (Fran\u00e7a)<\/h5>\n<\/li>\n<li>\n<h5>Babcock Wanson Italiana (It\u00e1lia)<\/h5>\n<\/li>\n<li>\n<h5>Donau Carbon Technologies SRL (It\u00e1lia)<\/h5>\n<\/li>\n<li>\n<h5>Reputabel Warmtetechniek (Holanda)<\/h5>\n<\/li>\n<li>\n<h5>Standard Fasel (Holanda)<\/h5>\n<\/li>\n<li>\n<h5>VKK Standard Kessel K\u00f6then Group (Alemanha)<\/h5>\n<\/li>\n<li>\n<h5>Parat Halvorsen AS (Noruega)<\/h5>\n<\/li>\n<li>\n<h5>Maes BVBA (B\u00e9lgica)<\/h5>\n<\/li>\n<li>\n<h5>PBS Power Equipements (Rep\u00fablica Checa)<\/h5>\n<\/li>\n<li>\n<h5>Babcock Wanson Polska (Pol\u00f3nia)<\/h5>\n<\/li>\n<li>\n<h5>Babcock Wanson Portugal Unip. Lda. (Portugal)<\/h5>\n<\/li>\n<li>\n<h5>Babcock Wanson Espa\u00f1a (Spain)<\/h5>\n<\/li>\n<li>\n<h5>Babcock Wanson Espa\u00f1a (Espanha)<\/h5>\n<\/li>\n<li>\n<h5>Babcock Wanson UK (Reino Unido)<\/h5>\n<\/li>\n<li>\n<h5>Steam Plant Engineering Ltd (Reino Unido)<\/h5>\n<\/li>\n<li>\n<h5>Babcock Wanson USA LLC (EUA)<\/h5>\n<\/li>\n<\/ul>\n<h5>Caso pretenda entrar em contacto connosco atrav\u00e9s da localiza\u00e7\u00e3o, visite por favor a <a href=\"https:\/\/www.babcock-wanson.com\/pt-pt\/contacte-nos\/localizacoes\/\">respectiva p\u00e1gina<\/a>.<\/h5>\n\n<\/div><!-- .vgblk-rw-wrapper -->","protected":false},"excerpt":{"rendered":"<p>A Babcock Wanson em contante evolu\u00e7\u00e3o Ao longo de muitos anos de produ\u00e7\u00e3o, a Babcock Wanson adquiriu uma extensa experi\u00eancia, atrav\u00e9s da integra\u00e7\u00e3o de marcas com provas dadas, como Parent, Babcock, Bloctherm, Duquenne, Fluidothermus, Seum, Lardet, Goemine, Cobra, Vapor e Safmat. Primeiros passos 1898\u00a0Funda\u00e7\u00e3o da empresa de constru\u00e7\u00e3o francesa Babcock &amp; Wilcox, formada a partir&#8230;<\/p>\n","protected":false},"author":1,"featured_media":0,"parent":29143,"menu_order":13,"comment_status":"closed","ping_status":"closed","template":"","meta":{"_acf_changed":false,"_relevanssi_hide_post":"","_relevanssi_hide_content":"","_relevanssi_pin_for_all":"","_relevanssi_pin_keywords":"","_relevanssi_unpin_keywords":"","_relevanssi_related_keywords":"","_relevanssi_related_include_ids":"","_relevanssi_related_exclude_ids":"","_relevanssi_related_no_append":"","_relevanssi_related_not_related":"","_relevanssi_related_posts":"","_relevanssi_noindex_reason":"","footnotes":""},"class_list":["post-29193","page","type-page","status-publish","hentry"],"acf":[],"yoast_head":"<!-- This site is optimized with the Yoast SEO Premium plugin v27.1 (Yoast SEO v27.1.1) - https:\/\/yoast.com\/product\/yoast-seo-premium-wordpress\/ -->\n<title>Hist\u00f3ria - Babcock Wanson<\/title>\n<meta name=\"description\" content=\"O Babcock Wanson de hoje foi constru\u00eddo sobre funda\u00e7\u00f5es que datam de 1898. Visite-nos hoje para ler sobre a nossa hist\u00f3ria, e como o podemos ajudar\" \/>\n<meta name=\"robots\" content=\"index, follow, max-snippet:-1, max-image-preview:large, max-video-preview:-1\" \/>\n<link rel=\"canonical\" href=\"https:\/\/www.babcock-wanson.com\/pt-pt\/perfil-da-empresa\/historia\/\" \/>\n<meta property=\"og:locale\" content=\"pt_PT\" \/>\n<meta property=\"og:type\" content=\"article\" \/>\n<meta property=\"og:title\" content=\"Hist\u00f3ria\" \/>\n<meta property=\"og:description\" content=\"O Babcock Wanson de hoje foi constru\u00eddo sobre funda\u00e7\u00f5es que datam de 1898. Visite-nos hoje para ler sobre a nossa hist\u00f3ria, e como o podemos ajudar\" \/>\n<meta property=\"og:url\" content=\"https:\/\/www.babcock-wanson.com\/pt-pt\/perfil-da-empresa\/historia\/\" \/>\n<meta property=\"og:site_name\" content=\"Babcock Wanson\" \/>\n<meta property=\"article:modified_time\" content=\"2026-01-26T16:46:00+00:00\" \/>\n<meta property=\"og:image\" content=\"https:\/\/www.babcock-wanson.com\/wp-content\/uploads\/2024\/02\/Babcock-Wanson-1200x1200-1.png\" \/>\n\t<meta property=\"og:image:width\" content=\"1200\" \/>\n\t<meta property=\"og:image:height\" content=\"1200\" \/>\n\t<meta property=\"og:image:type\" content=\"image\/png\" \/>\n<meta name=\"twitter:card\" content=\"summary_large_image\" \/>\n<meta name=\"twitter:label1\" content=\"Est. reading time\" \/>\n\t<meta name=\"twitter:data1\" content=\"3 minutos\" \/>\n<script type=\"application\/ld+json\" class=\"yoast-schema-graph\">{\"@context\":\"https:\/\/schema.org\",\"@graph\":[{\"@type\":\"WebPage\",\"@id\":\"https:\/\/www.babcock-wanson.com\/pt-pt\/perfil-da-empresa\/historia\/\",\"url\":\"https:\/\/www.babcock-wanson.com\/pt-pt\/perfil-da-empresa\/historia\/\",\"name\":\"Hist\u00f3ria - Babcock Wanson\",\"isPartOf\":{\"@id\":\"https:\/\/www.babcock-wanson.com\/pt-pt\/#website\"},\"datePublished\":\"2020-07-21T15:18:14+00:00\",\"dateModified\":\"2026-01-26T16:46:00+00:00\",\"description\":\"O Babcock Wanson de hoje foi constru\u00eddo sobre funda\u00e7\u00f5es que datam de 1898. Visite-nos hoje para ler sobre a nossa hist\u00f3ria, e como o podemos ajudar\",\"breadcrumb\":{\"@id\":\"https:\/\/www.babcock-wanson.com\/pt-pt\/perfil-da-empresa\/historia\/#breadcrumb\"},\"inLanguage\":\"pt-PT\",\"potentialAction\":[{\"@type\":\"ReadAction\",\"target\":[\"https:\/\/www.babcock-wanson.com\/pt-pt\/perfil-da-empresa\/historia\/\"]}]},{\"@type\":\"BreadcrumbList\",\"@id\":\"https:\/\/www.babcock-wanson.com\/pt-pt\/perfil-da-empresa\/historia\/#breadcrumb\",\"itemListElement\":[{\"@type\":\"ListItem\",\"position\":1,\"name\":\"Inicio\",\"item\":\"https:\/\/www.babcock-wanson.com\/pt-pt\/\"},{\"@type\":\"ListItem\",\"position\":2,\"name\":\"Perfil da empresa\",\"item\":\"https:\/\/www.babcock-wanson.com\/pt-pt\/perfil-da-empresa\/\"},{\"@type\":\"ListItem\",\"position\":3,\"name\":\"Hist\u00f3ria\"}]},{\"@type\":\"WebSite\",\"@id\":\"https:\/\/www.babcock-wanson.com\/pt-pt\/#website\",\"url\":\"https:\/\/www.babcock-wanson.com\/pt-pt\/\",\"name\":\"Babcock Wanson\",\"description\":\"\",\"publisher\":{\"@id\":\"https:\/\/www.babcock-wanson.com\/pt-pt\/#organization\"},\"potentialAction\":[{\"@type\":\"SearchAction\",\"target\":{\"@type\":\"EntryPoint\",\"urlTemplate\":\"https:\/\/www.babcock-wanson.com\/pt-pt\/?s={search_term_string}\"},\"query-input\":{\"@type\":\"PropertyValueSpecification\",\"valueRequired\":true,\"valueName\":\"search_term_string\"}}],\"inLanguage\":\"pt-PT\"},{\"@type\":\"Organization\",\"@id\":\"https:\/\/www.babcock-wanson.com\/pt-pt\/#organization\",\"name\":\"Babcock Wanson\",\"url\":\"https:\/\/www.babcock-wanson.com\/pt-pt\/\",\"logo\":{\"@type\":\"ImageObject\",\"inLanguage\":\"pt-PT\",\"@id\":\"https:\/\/www.babcock-wanson.com\/pt-pt\/#\/schema\/logo\/image\/\",\"url\":\"https:\/\/www.babcock-wanson.com\/wp-content\/uploads\/2024\/02\/Babcock-Wanson-1200x1200-1.png\",\"contentUrl\":\"https:\/\/www.babcock-wanson.com\/wp-content\/uploads\/2024\/02\/Babcock-Wanson-1200x1200-1.png\",\"width\":1200,\"height\":1200,\"caption\":\"Babcock Wanson\"},\"image\":{\"@id\":\"https:\/\/www.babcock-wanson.com\/pt-pt\/#\/schema\/logo\/image\/\"},\"sameAs\":[\"https:\/\/www.linkedin.com\/company\/babcock-wanson\/\",\"https:\/\/www.youtube.com\/channel\/UCtxl25VieBBsP2kYmtlyv7A\"]}]}<\/script>\n<!-- \/ Yoast SEO Premium plugin. -->","yoast_head_json":{"title":"Hist\u00f3ria - Babcock Wanson","description":"O Babcock Wanson de hoje foi constru\u00eddo sobre funda\u00e7\u00f5es que datam de 1898. Visite-nos hoje para ler sobre a nossa hist\u00f3ria, e como o podemos ajudar","robots":{"index":"index","follow":"follow","max-snippet":"max-snippet:-1","max-image-preview":"max-image-preview:large","max-video-preview":"max-video-preview:-1"},"canonical":"https:\/\/www.babcock-wanson.com\/pt-pt\/perfil-da-empresa\/historia\/","og_locale":"pt_PT","og_type":"article","og_title":"Hist\u00f3ria","og_description":"O Babcock Wanson de hoje foi constru\u00eddo sobre funda\u00e7\u00f5es que datam de 1898. Visite-nos hoje para ler sobre a nossa hist\u00f3ria, e como o podemos ajudar","og_url":"https:\/\/www.babcock-wanson.com\/pt-pt\/perfil-da-empresa\/historia\/","og_site_name":"Babcock Wanson","article_modified_time":"2026-01-26T16:46:00+00:00","og_image":[{"width":1200,"height":1200,"url":"https:\/\/www.babcock-wanson.com\/wp-content\/uploads\/2024\/02\/Babcock-Wanson-1200x1200-1.png","type":"image\/png"}],"twitter_card":"summary_large_image","twitter_misc":{"Est. reading time":"3 minutos"},"schema":{"@context":"https:\/\/schema.org","@graph":[{"@type":"WebPage","@id":"https:\/\/www.babcock-wanson.com\/pt-pt\/perfil-da-empresa\/historia\/","url":"https:\/\/www.babcock-wanson.com\/pt-pt\/perfil-da-empresa\/historia\/","name":"Hist\u00f3ria - Babcock Wanson","isPartOf":{"@id":"https:\/\/www.babcock-wanson.com\/pt-pt\/#website"},"datePublished":"2020-07-21T15:18:14+00:00","dateModified":"2026-01-26T16:46:00+00:00","description":"O Babcock Wanson de hoje foi constru\u00eddo sobre funda\u00e7\u00f5es que datam de 1898. Visite-nos hoje para ler sobre a nossa hist\u00f3ria, e como o podemos ajudar","breadcrumb":{"@id":"https:\/\/www.babcock-wanson.com\/pt-pt\/perfil-da-empresa\/historia\/#breadcrumb"},"inLanguage":"pt-PT","potentialAction":[{"@type":"ReadAction","target":["https:\/\/www.babcock-wanson.com\/pt-pt\/perfil-da-empresa\/historia\/"]}]},{"@type":"BreadcrumbList","@id":"https:\/\/www.babcock-wanson.com\/pt-pt\/perfil-da-empresa\/historia\/#breadcrumb","itemListElement":[{"@type":"ListItem","position":1,"name":"Inicio","item":"https:\/\/www.babcock-wanson.com\/pt-pt\/"},{"@type":"ListItem","position":2,"name":"Perfil da empresa","item":"https:\/\/www.babcock-wanson.com\/pt-pt\/perfil-da-empresa\/"},{"@type":"ListItem","position":3,"name":"Hist\u00f3ria"}]},{"@type":"WebSite","@id":"https:\/\/www.babcock-wanson.com\/pt-pt\/#website","url":"https:\/\/www.babcock-wanson.com\/pt-pt\/","name":"Babcock Wanson","description":"","publisher":{"@id":"https:\/\/www.babcock-wanson.com\/pt-pt\/#organization"},"potentialAction":[{"@type":"SearchAction","target":{"@type":"EntryPoint","urlTemplate":"https:\/\/www.babcock-wanson.com\/pt-pt\/?s={search_term_string}"},"query-input":{"@type":"PropertyValueSpecification","valueRequired":true,"valueName":"search_term_string"}}],"inLanguage":"pt-PT"},{"@type":"Organization","@id":"https:\/\/www.babcock-wanson.com\/pt-pt\/#organization","name":"Babcock Wanson","url":"https:\/\/www.babcock-wanson.com\/pt-pt\/","logo":{"@type":"ImageObject","inLanguage":"pt-PT","@id":"https:\/\/www.babcock-wanson.com\/pt-pt\/#\/schema\/logo\/image\/","url":"https:\/\/www.babcock-wanson.com\/wp-content\/uploads\/2024\/02\/Babcock-Wanson-1200x1200-1.png","contentUrl":"https:\/\/www.babcock-wanson.com\/wp-content\/uploads\/2024\/02\/Babcock-Wanson-1200x1200-1.png","width":1200,"height":1200,"caption":"Babcock Wanson"},"image":{"@id":"https:\/\/www.babcock-wanson.com\/pt-pt\/#\/schema\/logo\/image\/"},"sameAs":["https:\/\/www.linkedin.com\/company\/babcock-wanson\/","https:\/\/www.youtube.com\/channel\/UCtxl25VieBBsP2kYmtlyv7A"]}]}},"jetpack_sharing_enabled":true,"_links":{"self":[{"href":"https:\/\/www.babcock-wanson.com\/pt-pt\/wp-json\/wp\/v2\/pages\/29193","targetHints":{"allow":["GET"]}}],"collection":[{"href":"https:\/\/www.babcock-wanson.com\/pt-pt\/wp-json\/wp\/v2\/pages"}],"about":[{"href":"https:\/\/www.babcock-wanson.com\/pt-pt\/wp-json\/wp\/v2\/types\/page"}],"author":[{"embeddable":true,"href":"https:\/\/www.babcock-wanson.com\/pt-pt\/wp-json\/wp\/v2\/users\/1"}],"replies":[{"embeddable":true,"href":"https:\/\/www.babcock-wanson.com\/pt-pt\/wp-json\/wp\/v2\/comments?post=29193"}],"version-history":[{"count":9,"href":"https:\/\/www.babcock-wanson.com\/pt-pt\/wp-json\/wp\/v2\/pages\/29193\/revisions"}],"predecessor-version":[{"id":53453,"href":"https:\/\/www.babcock-wanson.com\/pt-pt\/wp-json\/wp\/v2\/pages\/29193\/revisions\/53453"}],"up":[{"embeddable":true,"href":"https:\/\/www.babcock-wanson.com\/pt-pt\/wp-json\/wp\/v2\/pages\/29143"}],"wp:attachment":[{"href":"https:\/\/www.babcock-wanson.com\/pt-pt\/wp-json\/wp\/v2\/media?parent=29193"}],"curies":[{"name":"wp","href":"https:\/\/api.w.org\/{rel}","templated":true}]}}