{"id":29249,"date":"2020-07-22T09:11:35","date_gmt":"2020-07-22T08:11:35","guid":{"rendered":"https:\/\/www.babcock-wanson.com\/perfil-da-empresa\/sustentabilidade\/"},"modified":"2023-11-28T15:24:00","modified_gmt":"2023-11-28T15:24:00","slug":"sustentabilidade","status":"publish","type":"page","link":"https:\/\/www.babcock-wanson.com\/pt-pt\/perfil-da-empresa\/sustentabilidade\/","title":{"rendered":"Sustentabilidade"},"content":{"rendered":"<div class=\"vgblk-rw-wrapper limit-wrapper\">\n<h2>\n\tA Babcock Wanson est\u00e1 totalmente empenhada em incorporar a sustentabilidade na nossa estrat\u00e9gia comercial global. O objetivo \u00e9 ajudar os nossos clientes a atingirem as suas metas ambientais.\n\t<\/h2>\n<h3>\n\tImpacto ambiental\n\t<\/h3>\n\t<p>As nossas funcionalidades amigas do ambiente, s\u00e3o essenciais para ajudar os nossos clientes a reduzirem o seu impacto ambiental.<\/p>\n<h3>\n\tEfici\u00eancia energ\u00e9tica\n\t<\/h3>\n\t<p>Disponibilizamos v\u00e1rias op\u00e7\u00f5es de otimiza\u00e7\u00e3o e trabalhamos com os nossos clientes industriais, para mostrar as potenciais poupan\u00e7as.<\/p>\n<h3>\n\tConformidade com os regulamentos\n\t<\/h3>\n\t<p>As caldeiras da Babcock Wanson respeitam e muitas vezes, excedem os regulamentos de desempenho atuais.<\/p>\n<h3>\n\tEconomia circular\n\t<\/h3>\n\t<p>Procuramos trabalhar com fornecedores locais de bens e servi\u00e7os sempre que pratic\u00e1vel, para reduzir as dist\u00e2ncias de transporte de todos os materiais.<\/p>\n<h2>\n\tEfici\u00eancia energ\u00e9tica\n\t<\/h2>\n\t<p>Um dos fatores essenciais para alcan\u00e7ar n\u00edveis elevados de efici\u00eancia energ\u00e9tica dos sistemas \u00e9 a capacidade dos produtos Babcock Wanson, funcionarem a alta temperatura, num circuito fechado de energia simples, t\u00e3o completo quando pratic\u00e1vel. Esta abordagem, permite otimizar a transfer\u00eancia de energia, para a obten\u00e7\u00e3o de efici\u00eancia at\u00e9 97% (consoante o produto e as condi\u00e7\u00f5es de funcionamento), em todo o intervalo de modula\u00e7\u00e3o da caldeira.<\/p>\n<p>A Babcock Wanson disponibiliza in\u00fameras op\u00e7\u00f5es de otimiza\u00e7\u00e3o e trabalha com os seus clientes industriais, para mostrar as potenciais poupan\u00e7as e real\u00e7ar as melhores solu\u00e7\u00f5es, para as suas aplica\u00e7\u00f5es.<\/p>\n\t\t\t\t\t\t\t99%\t\t\t\t\n\t\t\t<style>\n\t\t\t\t.fl-node- .fl-number-bars-container {\n\t\t\t\t\tbackground-color: var( --vamtam-accent-color-7 );\n\t\t\t\t}\n\t\t\t\t.fl-node- .fl-number-bar {\n\t\t\t\t\tbackground-color: var( --vamtam-accent-color-1 );\n\t\t\t\t}\n\t\t\t<\/style>\n\t<p>Efici\u00eancia t\u00edpica das novas caldeiras el\u00e9ctricas<\/p>\n\t\t\t\t\t\t\t95%\t\t\t\t\n\t\t\t<style>\n\t\t\t\t.fl-node- .fl-number-bars-container {\n\t\t\t\t\tbackground-color: var( --vamtam-accent-color-7 );\n\t\t\t\t}\n\t\t\t\t.fl-node- .fl-number-bar {\n\t\t\t\t\tbackground-color: var( --vamtam-accent-color-1 );\n\t\t\t\t}\n\t\t\t<\/style>\n\t<p>Efici\u00eancia t\u00edpica das novas caldeiras a g\u00e1s<\/p>\n\t\t\t\t\t\t\t75%\t\t\t\t\n\t\t\t<style>\n\t\t\t\t.fl-node- .fl-number-bars-container {\n\t\t\t\t\tbackground-color: var( --vamtam-accent-color-7 );\n\t\t\t\t}\n\t\t\t\t.fl-node- .fl-number-bar {\n\t\t\t\t\tbackground-color: var( --vamtam-accent-color-1 );\n\t\t\t\t}\n\t\t\t<\/style>\n\t<p>Aumento t\u00edpico da taxa de descarga gra\u00e7as \u00e0 osmose inversa<\/p>\n\t\t\t\t\t\t\t<img loading=\"lazy\" decoding=\"async\" src=\"https:\/\/www.babcock-wanson.com\/wp-content\/uploads\/2019\/02\/boiler-management-training-1.jpg\" alt=\"caldeiraria-gest\u00e3o-forma\u00e7\u00e3o\" itemprop=\"image\" height=\"400\" width=\"600\" title=\"caldeiraria-gest\u00e3o-forma\u00e7\u00e3o-1\" onerror=\"this.style.display='none'\"  sizes=\"auto, (max-width: 768px) 100vw, 100vw\" srcset=\"https:\/\/www.babcock-wanson.com\/wp-content\/uploads\/2019\/02\/boiler-management-training-1.jpg 600w, https:\/\/www.babcock-wanson.com\/wp-content\/uploads\/2019\/02\/boiler-management-training-1-300x200.jpg 300w, https:\/\/www.babcock-wanson.com\/wp-content\/uploads\/2019\/02\/boiler-management-training-1-420x280.jpg 420w, https:\/\/www.babcock-wanson.com\/wp-content\/uploads\/2019\/02\/boiler-management-training-1-315x210.jpg 315w\" \/>\t\t\t\t\t\t\t\n<h2>\n\t\tConformidade e regulamenta\u00e7\u00e3o\n\t<\/h2>\n\t<p>As caldeiras da Babcock Wanson respeitam e muitas vezes excedem, os regulamentos de desempenho atuais<\/p>\n<p>A Babcock Wanson trabalha igualmente com o Carbon Trust, para otimizar a utiliza\u00e7\u00e3o da energia, com sistemas de aquecimento de fluido t\u00e9rmico de alta qualidade.\u00a0 O Carbon Trust \u00e9 uma entidade internacional especializada e independente, parceira de organiza\u00e7\u00f5es de topo, que as ajuda a contribuir e beneficiar de um futuro mais sustent\u00e1vel, atrav\u00e9s da redu\u00e7\u00e3o do carbono, de estrat\u00e9gias para a efici\u00eancia dos recursos e da comercializa\u00e7\u00e3o de tecnologias, com baixa produ\u00e7\u00e3o de carbono.<\/p>\n<p>DEMOXYA \u00e9 um projeto da Babcock Wanson financiado pela ADEME, a Ag\u00eancia de Gest\u00e3o Ambiental e Energ\u00e9tica francesa, no \u00e2mbito de um concurso para apresenta\u00e7\u00e3o de projetos destinados a apoiar programas de investiga\u00e7\u00e3o e desenvolvimento, que visam melhorar a qualidade do ar em espa\u00e7os interiores e exteriores. O nome do projeto significa &#8220;D\u00e9veloppement et d\u00e9monstration de br\u00fbleurs \u00e0 tr\u00e8s faibles \u00e9missions d&#8217;oxydes d&#8217;azote&#8221; (ou seja, Desenvolvimento e demonstra\u00e7\u00e3o de queimadores, com capacidade de gerar emiss\u00f5es muito baixas de \u00f3xidos de azoto).<\/p>\n<h2>\n\t\tEfici\u00eancia de custos e de tempo\n\t<\/h2>\n\t<p>Para ajudar a identificar eventuais redu\u00e7\u00f5es de custos e potenciais melhorias na opera\u00e7\u00e3o e &#8220;condu\u00e7\u00e3o&#8221; de uma central t\u00e9rmica, a Babcock Wanson desenvolveu uma ferramenta de an\u00e1lise de salas de caldeiras, capaz de quantificar poss\u00edveis poupan\u00e7as de combust\u00edvel, antes do investimento. Esta ferramenta considera todos os par\u00e2metros de opera\u00e7\u00e3o da sala de caldeiras, desde o <a href=\"https:\/\/www.babcock-wanson.com\/pt-pt\/categoria-produto\/tratamento-de-agua-industrial\/\">tratamento de \u00e1gua<\/a> at\u00e9 \u00e0 entrada de combust\u00edvel, passando pelas emiss\u00f5es dos gases de combust\u00e3o.<\/p>\n<p>Todos os produtos da Babcock Wanson, s\u00e3o concebidos para um funcionamento f\u00e1cil e os nossos clientes beneficiam de um controlo dos custos associados.<\/p>\n\t\t\t\t\t\t\t<img loading=\"lazy\" decoding=\"async\" src=\"https:\/\/www.babcock-wanson.com\/wp-content\/uploads\/2019\/02\/industrial-boiler-after-sales-service-2.jpg\" alt=\"servi\u00e7o de p\u00f3s-venda de caldeiras industriais\" itemprop=\"image\" height=\"400\" width=\"600\" title=\"servi\u00e7o de p\u00f3s-venda de caldeiras industriais-2\" onerror=\"this.style.display='none'\"  sizes=\"auto, (max-width: 768px) 100vw, 100vw\" srcset=\"https:\/\/www.babcock-wanson.com\/wp-content\/uploads\/2019\/02\/industrial-boiler-after-sales-service-2.jpg 600w, https:\/\/www.babcock-wanson.com\/wp-content\/uploads\/2019\/02\/industrial-boiler-after-sales-service-2-300x200.jpg 300w, https:\/\/www.babcock-wanson.com\/wp-content\/uploads\/2019\/02\/industrial-boiler-after-sales-service-2-420x280.jpg 420w, https:\/\/www.babcock-wanson.com\/wp-content\/uploads\/2019\/02\/industrial-boiler-after-sales-service-2-315x210.jpg 315w\" \/>\t\t\t\t\t\t\t\n\t\t\t\t\t\t\t<img loading=\"lazy\" decoding=\"async\" src=\"https:\/\/www.babcock-wanson.com\/wp-content\/uploads\/2018\/09\/Regenerative-Oxidisers-4.jpg\" alt=\"Oxidadores de regenera\u00e7\u00e3o\" itemprop=\"image\" height=\"400\" width=\"600\" title=\"Oxidadores de regenera\u00e7\u00e3o (4)\" onerror=\"this.style.display='none'\"  sizes=\"auto, (max-width: 768px) 100vw, 100vw\" srcset=\"https:\/\/www.babcock-wanson.com\/wp-content\/uploads\/2018\/09\/Regenerative-Oxidisers-4.jpg 600w, https:\/\/www.babcock-wanson.com\/wp-content\/uploads\/2018\/09\/Regenerative-Oxidisers-4-300x200.jpg 300w, https:\/\/www.babcock-wanson.com\/wp-content\/uploads\/2018\/09\/Regenerative-Oxidisers-4-420x280.jpg 420w, https:\/\/www.babcock-wanson.com\/wp-content\/uploads\/2018\/09\/Regenerative-Oxidisers-4-315x210.jpg 315w\" \/>\t\t\t\t\t\t\t\n<h2>\n\t\tRedu\u00e7\u00e3o de NOx e emiss\u00f5es\n\t<\/h2>\n\t<p>A efici\u00eancia energ\u00e9tica n\u00e3o \u00e9 a \u00fanica vantagem dos produtos da Babcock Wanson: as funcionalidades amigas do ambiente, s\u00e3o igualmente essenciais, para ajudar os industriais a reduzirem o seu impacto ambiental.<\/p>\n<p>Os \u00f3xidos de azoto (abreviados como NOx), t\u00eam impactos significativos na sa\u00fade e no ambiente. Produzidos em unidades de combust\u00e3o, as emiss\u00f5es de NOx contribuem para a acidifica\u00e7\u00e3o de ambientes naturais, a polui\u00e7\u00e3o fotoqu\u00edmica (intensifica\u00e7\u00e3o de neblinas poluentes) e a eutrofiza\u00e7\u00e3o (degrada\u00e7\u00e3o de ambientes aqu\u00e1ticos, devido a um crescimento excessivo de plantas).<\/p>\n<p>A equipa de engenheiros de combust\u00e3o da Babcock Wanson, tem como objetivo continuar a reduzir as emiss\u00f5es de NOx resultantes da combust\u00e3o, bem como melhorar a efici\u00eancia energ\u00e9tica, atrav\u00e9s de um aumento no intervalo de modula\u00e7\u00e3o dos nossos queimadores. Quanto mais pr\u00f3ximo o rendimento do queimador estiver enquadrado com a necessidade processual, menos perdas ir\u00e3o existir e mais eficiente ser\u00e1 o processo na sua globalidade.<\/p>\n<p>Ao fornecer solu\u00e7\u00f5es de elevada efici\u00eancia, consegue-se tamb\u00e9m reduzir as emiss\u00f5es de CO2.<\/p>\n<h2>\n\t\tEconomia circular\n\t<\/h2>\n\t<p>A Babcock Wanson procura trabalhar com fornecedores locais de bens e servi\u00e7os, sempre que pratic\u00e1vel.<\/p>\n<p>Procuramos igualmente reduzir as dist\u00e2ncias com o transporte de todos os materiais entregues nas nossas unidades de fabrico.<\/p>\n<p>A Babcock Wanson segue estes objetivos e ao faz\u00ea-lo, trabalha afincadamente para respeitar o ambiente.\u00a0 O nosso objetivo \u00e9 promover uma economia circular, que reduza o impacto ambiental associado \u00e0 vida \u00fatil e ao fabrico, de todos os nossos produtos.<\/p>\n\t\t\t\t\t\t\t<img loading=\"lazy\" decoding=\"async\" src=\"https:\/\/www.babcock-wanson.com\/wp-content\/uploads\/2018\/08\/HTV-Indirect-Process-Air-Heaters-4.jpg\" alt=\"Aquecedor de ar para processos indiretos\" itemprop=\"image\" height=\"400\" width=\"600\" title=\"Aquecedor de ar para processos indiretos (4)\" onerror=\"this.style.display='none'\"  sizes=\"auto, (max-width: 768px) 100vw, 100vw\" srcset=\"https:\/\/www.babcock-wanson.com\/wp-content\/uploads\/2018\/08\/HTV-Indirect-Process-Air-Heaters-4.jpg 600w, https:\/\/www.babcock-wanson.com\/wp-content\/uploads\/2018\/08\/HTV-Indirect-Process-Air-Heaters-4-300x200.jpg 300w, https:\/\/www.babcock-wanson.com\/wp-content\/uploads\/2018\/08\/HTV-Indirect-Process-Air-Heaters-4-420x280.jpg 420w, https:\/\/www.babcock-wanson.com\/wp-content\/uploads\/2018\/08\/HTV-Indirect-Process-Air-Heaters-4-315x210.jpg 315w\" \/>\t\t\t\t\t\t\t\n<h3>\n\tCada vez mais limpos e verdes\n\t<\/h3>\n\t<p>Uma maior compreens\u00e3o e melhoramento ao n\u00edvel da tecnologia, dar-nos-\u00e1 a oportunidade de melhorar o modo como trabalhamos e minimizar o nosso impacto ambiental, de uma forma mais inteligente e ponderada.<\/p>\n\t<a href=\"https:\/\/www.babcock-wanson.com\/pt-pt\/contacte-nos\/\" target=\"_self\" role=\"button\" rel=\"noopener\">\n\t\t\t\t\tSolicitar mais informa\u00e7\u00f5es\n\t<\/a>\n<h3>\n\tIniciativas &#8220;Smarter Green&#8221;\n\t<\/h3>\n\t<p>O nosso programa &#8220;Smarter Green&#8221;, responde aos impactos chave que as nossas opera\u00e7\u00f5es t\u00eam no ambiente, incluindo o impacto das altera\u00e7\u00f5es clim\u00e1ticas no nosso neg\u00f3cio e a uso de energia.<\/p>\n\t<a href=\"https:\/\/www.babcock-wanson.com\/pt-pt\/contacte-nos\/\" target=\"_self\" role=\"button\" rel=\"noopener\">\n\t\t\t\t\tSolicitar mais informa\u00e7\u00f5es\n\t<\/a>\n\n<\/div><!-- .vgblk-rw-wrapper -->","protected":false},"excerpt":{"rendered":"<p>A Babcock Wanson est\u00e1 totalmente empenhada em incorporar a sustentabilidade na nossa estrat\u00e9gia comercial global. O objetivo \u00e9 ajudar os nossos clientes a atingirem as suas metas ambientais. Impacto ambiental As nossas funcionalidades amigas do ambiente, s\u00e3o essenciais para ajudar os nossos clientes a reduzirem o seu impacto ambiental. Efici\u00eancia energ\u00e9tica Disponibilizamos v\u00e1rias op\u00e7\u00f5es de&#8230;<\/p>\n","protected":false},"author":1,"featured_media":0,"parent":29143,"menu_order":0,"comment_status":"closed","ping_status":"closed","template":"","meta":{"_acf_changed":false,"_relevanssi_hide_post":"","_relevanssi_hide_content":"","_relevanssi_pin_for_all":"","_relevanssi_pin_keywords":"","_relevanssi_unpin_keywords":"","_relevanssi_related_keywords":"","_relevanssi_related_include_ids":"","_relevanssi_related_exclude_ids":"","_relevanssi_related_no_append":"","_relevanssi_related_not_related":"","_relevanssi_related_posts":"","_relevanssi_noindex_reason":"","footnotes":""},"class_list":["post-29249","page","type-page","status-publish","hentry"],"acf":[],"yoast_head":"<!-- This site is optimized with the Yoast SEO Premium plugin v27.4 (Yoast SEO v27.4) - https:\/\/yoast.com\/product\/yoast-seo-premium-wordpress\/ -->\n<title>Sustentabilidade - Babcock Wanson<\/title>\n<meta name=\"description\" content=\"A Babcock Wanson est\u00e1 totalmente empenhada em incorporar a sustentabilidade na nossa estrat\u00e9gia comercial global.\" \/>\n<meta name=\"robots\" content=\"index, follow, max-snippet:-1, max-image-preview:large, max-video-preview:-1\" \/>\n<link rel=\"canonical\" href=\"https:\/\/www.babcock-wanson.com\/pt-pt\/perfil-da-empresa\/sustentabilidade\/\" \/>\n<meta property=\"og:locale\" content=\"pt_PT\" \/>\n<meta property=\"og:type\" content=\"article\" \/>\n<meta property=\"og:title\" content=\"Sustentabilidade\" \/>\n<meta property=\"og:description\" content=\"A Babcock Wanson est\u00e1 totalmente empenhada em incorporar a sustentabilidade na nossa estrat\u00e9gia comercial global.\" \/>\n<meta property=\"og:url\" content=\"https:\/\/www.babcock-wanson.com\/pt-pt\/perfil-da-empresa\/sustentabilidade\/\" \/>\n<meta property=\"og:site_name\" content=\"Babcock Wanson\" \/>\n<meta property=\"article:modified_time\" content=\"2023-11-28T15:24:00+00:00\" \/>\n<meta property=\"og:image\" content=\"https:\/\/www.babcock-wanson.com\/wp-content\/uploads\/2019\/02\/boiler-management-training-1.jpg\" \/>\n<meta name=\"twitter:card\" content=\"summary_large_image\" \/>\n<meta name=\"twitter:label1\" content=\"Est. reading time\" \/>\n\t<meta name=\"twitter:data1\" content=\"5 minutos\" \/>\n<script type=\"application\/ld+json\" class=\"yoast-schema-graph\">{\"@context\":\"https:\\\/\\\/schema.org\",\"@graph\":[{\"@type\":\"WebPage\",\"@id\":\"https:\\\/\\\/www.babcock-wanson.com\\\/pt-pt\\\/perfil-da-empresa\\\/sustentabilidade\\\/\",\"url\":\"https:\\\/\\\/www.babcock-wanson.com\\\/pt-pt\\\/perfil-da-empresa\\\/sustentabilidade\\\/\",\"name\":\"Sustentabilidade - Babcock Wanson\",\"isPartOf\":{\"@id\":\"https:\\\/\\\/www.babcock-wanson.com\\\/pt-pt\\\/#website\"},\"primaryImageOfPage\":{\"@id\":\"https:\\\/\\\/www.babcock-wanson.com\\\/pt-pt\\\/perfil-da-empresa\\\/sustentabilidade\\\/#primaryimage\"},\"image\":{\"@id\":\"https:\\\/\\\/www.babcock-wanson.com\\\/pt-pt\\\/perfil-da-empresa\\\/sustentabilidade\\\/#primaryimage\"},\"thumbnailUrl\":\"https:\\\/\\\/www.babcock-wanson.com\\\/wp-content\\\/uploads\\\/2019\\\/02\\\/boiler-management-training-1.jpg\",\"datePublished\":\"2020-07-22T08:11:35+00:00\",\"dateModified\":\"2023-11-28T15:24:00+00:00\",\"description\":\"A Babcock Wanson est\u00e1 totalmente empenhada em incorporar a sustentabilidade na nossa estrat\u00e9gia comercial global.\",\"breadcrumb\":{\"@id\":\"https:\\\/\\\/www.babcock-wanson.com\\\/pt-pt\\\/perfil-da-empresa\\\/sustentabilidade\\\/#breadcrumb\"},\"inLanguage\":\"pt-PT\",\"potentialAction\":[{\"@type\":\"ReadAction\",\"target\":[\"https:\\\/\\\/www.babcock-wanson.com\\\/pt-pt\\\/perfil-da-empresa\\\/sustentabilidade\\\/\"]}]},{\"@type\":\"ImageObject\",\"inLanguage\":\"pt-PT\",\"@id\":\"https:\\\/\\\/www.babcock-wanson.com\\\/pt-pt\\\/perfil-da-empresa\\\/sustentabilidade\\\/#primaryimage\",\"url\":\"https:\\\/\\\/www.babcock-wanson.com\\\/wp-content\\\/uploads\\\/2019\\\/02\\\/boiler-management-training-1.jpg\",\"contentUrl\":\"https:\\\/\\\/www.babcock-wanson.com\\\/wp-content\\\/uploads\\\/2019\\\/02\\\/boiler-management-training-1.jpg\"},{\"@type\":\"BreadcrumbList\",\"@id\":\"https:\\\/\\\/www.babcock-wanson.com\\\/pt-pt\\\/perfil-da-empresa\\\/sustentabilidade\\\/#breadcrumb\",\"itemListElement\":[{\"@type\":\"ListItem\",\"position\":1,\"name\":\"Inicio\",\"item\":\"https:\\\/\\\/www.babcock-wanson.com\\\/pt-pt\\\/\"},{\"@type\":\"ListItem\",\"position\":2,\"name\":\"Perfil da empresa\",\"item\":\"https:\\\/\\\/www.babcock-wanson.com\\\/pt-pt\\\/perfil-da-empresa\\\/\"},{\"@type\":\"ListItem\",\"position\":3,\"name\":\"Sustentabilidade\"}]},{\"@type\":\"WebSite\",\"@id\":\"https:\\\/\\\/www.babcock-wanson.com\\\/pt-pt\\\/#website\",\"url\":\"https:\\\/\\\/www.babcock-wanson.com\\\/pt-pt\\\/\",\"name\":\"Babcock Wanson\",\"description\":\"\",\"publisher\":{\"@id\":\"https:\\\/\\\/www.babcock-wanson.com\\\/pt-pt\\\/#organization\"},\"potentialAction\":[{\"@type\":\"SearchAction\",\"target\":{\"@type\":\"EntryPoint\",\"urlTemplate\":\"https:\\\/\\\/www.babcock-wanson.com\\\/pt-pt\\\/?s={search_term_string}\"},\"query-input\":{\"@type\":\"PropertyValueSpecification\",\"valueRequired\":true,\"valueName\":\"search_term_string\"}}],\"inLanguage\":\"pt-PT\"},{\"@type\":\"Organization\",\"@id\":\"https:\\\/\\\/www.babcock-wanson.com\\\/pt-pt\\\/#organization\",\"name\":\"Babcock Wanson\",\"url\":\"https:\\\/\\\/www.babcock-wanson.com\\\/pt-pt\\\/\",\"logo\":{\"@type\":\"ImageObject\",\"inLanguage\":\"pt-PT\",\"@id\":\"https:\\\/\\\/www.babcock-wanson.com\\\/pt-pt\\\/#\\\/schema\\\/logo\\\/image\\\/\",\"url\":\"https:\\\/\\\/www.babcock-wanson.com\\\/wp-content\\\/uploads\\\/2024\\\/02\\\/Babcock-Wanson-1200x1200-1.png\",\"contentUrl\":\"https:\\\/\\\/www.babcock-wanson.com\\\/wp-content\\\/uploads\\\/2024\\\/02\\\/Babcock-Wanson-1200x1200-1.png\",\"width\":1200,\"height\":1200,\"caption\":\"Babcock Wanson\"},\"image\":{\"@id\":\"https:\\\/\\\/www.babcock-wanson.com\\\/pt-pt\\\/#\\\/schema\\\/logo\\\/image\\\/\"},\"sameAs\":[\"https:\\\/\\\/www.linkedin.com\\\/company\\\/babcock-wanson\\\/\",\"https:\\\/\\\/www.youtube.com\\\/channel\\\/UCtxl25VieBBsP2kYmtlyv7A\"]}]}<\/script>\n<!-- \/ Yoast SEO Premium plugin. -->","yoast_head_json":{"title":"Sustentabilidade - Babcock Wanson","description":"A Babcock Wanson est\u00e1 totalmente empenhada em incorporar a sustentabilidade na nossa estrat\u00e9gia comercial global.","robots":{"index":"index","follow":"follow","max-snippet":"max-snippet:-1","max-image-preview":"max-image-preview:large","max-video-preview":"max-video-preview:-1"},"canonical":"https:\/\/www.babcock-wanson.com\/pt-pt\/perfil-da-empresa\/sustentabilidade\/","og_locale":"pt_PT","og_type":"article","og_title":"Sustentabilidade","og_description":"A Babcock Wanson est\u00e1 totalmente empenhada em incorporar a sustentabilidade na nossa estrat\u00e9gia comercial global.","og_url":"https:\/\/www.babcock-wanson.com\/pt-pt\/perfil-da-empresa\/sustentabilidade\/","og_site_name":"Babcock Wanson","article_modified_time":"2023-11-28T15:24:00+00:00","og_image":[{"url":"https:\/\/www.babcock-wanson.com\/wp-content\/uploads\/2019\/02\/boiler-management-training-1.jpg","type":"","width":"","height":""}],"twitter_card":"summary_large_image","twitter_misc":{"Est. reading time":"5 minutos"},"schema":{"@context":"https:\/\/schema.org","@graph":[{"@type":"WebPage","@id":"https:\/\/www.babcock-wanson.com\/pt-pt\/perfil-da-empresa\/sustentabilidade\/","url":"https:\/\/www.babcock-wanson.com\/pt-pt\/perfil-da-empresa\/sustentabilidade\/","name":"Sustentabilidade - Babcock Wanson","isPartOf":{"@id":"https:\/\/www.babcock-wanson.com\/pt-pt\/#website"},"primaryImageOfPage":{"@id":"https:\/\/www.babcock-wanson.com\/pt-pt\/perfil-da-empresa\/sustentabilidade\/#primaryimage"},"image":{"@id":"https:\/\/www.babcock-wanson.com\/pt-pt\/perfil-da-empresa\/sustentabilidade\/#primaryimage"},"thumbnailUrl":"https:\/\/www.babcock-wanson.com\/wp-content\/uploads\/2019\/02\/boiler-management-training-1.jpg","datePublished":"2020-07-22T08:11:35+00:00","dateModified":"2023-11-28T15:24:00+00:00","description":"A Babcock Wanson est\u00e1 totalmente empenhada em incorporar a sustentabilidade na nossa estrat\u00e9gia comercial global.","breadcrumb":{"@id":"https:\/\/www.babcock-wanson.com\/pt-pt\/perfil-da-empresa\/sustentabilidade\/#breadcrumb"},"inLanguage":"pt-PT","potentialAction":[{"@type":"ReadAction","target":["https:\/\/www.babcock-wanson.com\/pt-pt\/perfil-da-empresa\/sustentabilidade\/"]}]},{"@type":"ImageObject","inLanguage":"pt-PT","@id":"https:\/\/www.babcock-wanson.com\/pt-pt\/perfil-da-empresa\/sustentabilidade\/#primaryimage","url":"https:\/\/www.babcock-wanson.com\/wp-content\/uploads\/2019\/02\/boiler-management-training-1.jpg","contentUrl":"https:\/\/www.babcock-wanson.com\/wp-content\/uploads\/2019\/02\/boiler-management-training-1.jpg"},{"@type":"BreadcrumbList","@id":"https:\/\/www.babcock-wanson.com\/pt-pt\/perfil-da-empresa\/sustentabilidade\/#breadcrumb","itemListElement":[{"@type":"ListItem","position":1,"name":"Inicio","item":"https:\/\/www.babcock-wanson.com\/pt-pt\/"},{"@type":"ListItem","position":2,"name":"Perfil da empresa","item":"https:\/\/www.babcock-wanson.com\/pt-pt\/perfil-da-empresa\/"},{"@type":"ListItem","position":3,"name":"Sustentabilidade"}]},{"@type":"WebSite","@id":"https:\/\/www.babcock-wanson.com\/pt-pt\/#website","url":"https:\/\/www.babcock-wanson.com\/pt-pt\/","name":"Babcock Wanson","description":"","publisher":{"@id":"https:\/\/www.babcock-wanson.com\/pt-pt\/#organization"},"potentialAction":[{"@type":"SearchAction","target":{"@type":"EntryPoint","urlTemplate":"https:\/\/www.babcock-wanson.com\/pt-pt\/?s={search_term_string}"},"query-input":{"@type":"PropertyValueSpecification","valueRequired":true,"valueName":"search_term_string"}}],"inLanguage":"pt-PT"},{"@type":"Organization","@id":"https:\/\/www.babcock-wanson.com\/pt-pt\/#organization","name":"Babcock Wanson","url":"https:\/\/www.babcock-wanson.com\/pt-pt\/","logo":{"@type":"ImageObject","inLanguage":"pt-PT","@id":"https:\/\/www.babcock-wanson.com\/pt-pt\/#\/schema\/logo\/image\/","url":"https:\/\/www.babcock-wanson.com\/wp-content\/uploads\/2024\/02\/Babcock-Wanson-1200x1200-1.png","contentUrl":"https:\/\/www.babcock-wanson.com\/wp-content\/uploads\/2024\/02\/Babcock-Wanson-1200x1200-1.png","width":1200,"height":1200,"caption":"Babcock Wanson"},"image":{"@id":"https:\/\/www.babcock-wanson.com\/pt-pt\/#\/schema\/logo\/image\/"},"sameAs":["https:\/\/www.linkedin.com\/company\/babcock-wanson\/","https:\/\/www.youtube.com\/channel\/UCtxl25VieBBsP2kYmtlyv7A"]}]}},"jetpack_sharing_enabled":true,"_links":{"self":[{"href":"https:\/\/www.babcock-wanson.com\/pt-pt\/wp-json\/wp\/v2\/pages\/29249","targetHints":{"allow":["GET"]}}],"collection":[{"href":"https:\/\/www.babcock-wanson.com\/pt-pt\/wp-json\/wp\/v2\/pages"}],"about":[{"href":"https:\/\/www.babcock-wanson.com\/pt-pt\/wp-json\/wp\/v2\/types\/page"}],"author":[{"embeddable":true,"href":"https:\/\/www.babcock-wanson.com\/pt-pt\/wp-json\/wp\/v2\/users\/1"}],"replies":[{"embeddable":true,"href":"https:\/\/www.babcock-wanson.com\/pt-pt\/wp-json\/wp\/v2\/comments?post=29249"}],"version-history":[{"count":2,"href":"https:\/\/www.babcock-wanson.com\/pt-pt\/wp-json\/wp\/v2\/pages\/29249\/revisions"}],"predecessor-version":[{"id":46729,"href":"https:\/\/www.babcock-wanson.com\/pt-pt\/wp-json\/wp\/v2\/pages\/29249\/revisions\/46729"}],"up":[{"embeddable":true,"href":"https:\/\/www.babcock-wanson.com\/pt-pt\/wp-json\/wp\/v2\/pages\/29143"}],"wp:attachment":[{"href":"https:\/\/www.babcock-wanson.com\/pt-pt\/wp-json\/wp\/v2\/media?parent=29249"}],"curies":[{"name":"wp","href":"https:\/\/api.w.org\/{rel}","templated":true}]}}