{"id":29431,"date":"2020-07-22T09:31:29","date_gmt":"2020-07-22T08:31:29","guid":{"rendered":"https:\/\/www.babcock-wanson.com\/contacte-nos\/localizacoes\/"},"modified":"2022-03-16T10:50:45","modified_gmt":"2022-03-16T10:50:45","slug":"localizacoes","status":"publish","type":"page","link":"https:\/\/www.babcock-wanson.com\/pt-pt\/contacte-nos\/localizacoes\/","title":{"rendered":"Localiza\u00e7\u00f5es"},"content":{"rendered":"<div class=\"vgblk-rw-wrapper limit-wrapper\"><h3>\n\tB\u00e9lgica\n\t<\/h3>\n\t<strong>Maes BVBA<br \/>\nSede Central\u00a0<\/strong><br \/>\nIndustriedijk 2<br \/>\n2300 Turnhout<br \/>\nBELGIUM\n\t<strong>Telefone :<\/strong>+32 14 45 08 31<br \/>\n<strong>Email :<\/strong>\u00a0<a href=\"mailto:info@maes-bvba.com\">info@maes-bvba.com<\/a><br \/>\n<strong>Sito web :<\/strong>\u00a0<a href=\"http:\/\/www.maes.biz\" target=\"_blank\" rel=\"noopener\">http:\/\/www.maes.biz<\/a>\n\t<p><img loading=\"lazy\" decoding=\"async\" src=\"https:\/\/www.babcock-wanson.com\/wp-content\/uploads\/2020\/10\/antwerp-belguim.jpg\" alt=\"\" width=\"300\" height=\"200\" \/><\/p>\n<h3>\n\tFran\u00e7a\n\t<\/h3>\n\t<strong>Babcock Wanson<br \/>\nSede Central <\/strong><br \/>\n106-110 rue du Petit-Le-Roy<br \/>\n94669 Chevilly-Larue Cedex<br \/>\nFRANCE\n\t<strong>Babcock Wanson<br \/>\nF\u00e1brica \u00a0<\/strong><br \/>\n7 boulevard Alfred Parent \u2013 BP 52<br \/>\n47600 N\u00e9rac<br \/>\nFRANCE\n\t<strong>Telefone :<\/strong> +33 1 49 78 44 00<br \/>\n<strong>Fax :<\/strong> +33 1 46 86 14 16<br \/>\n<strong>Email :<\/strong>\u00a0<a href=\"mailto:commercial@babcock-wanson.com\">commercial@babcock-wanson.com<\/a><br \/>\n<strong>Sito web :<\/strong>\u00a0<a href=\"http:\/\/www.babcock-wanson.fr\/\" target=\"_blank\" rel=\"noopener\">www.babcock-wanson.fr<\/a>\n\t<strong>Telefone :<\/strong> +33 5 53 65 19 00<br \/>\n<strong>Fax :<\/strong> +33 5 53 65 17 33<br \/>\n<strong>Email :<\/strong>\u00a0<a href=\"mailto:commercial@babcock-wanson.fr\">commercial@babcock-wanson.fr<\/a><br \/>\n<strong>Sito web :<\/strong>\u00a0<a href=\"http:\/\/www.babcock-wanson.fr\/\" target=\"_blank\" rel=\"noopener\">www.babcock-wanson.fr<\/a>\n\t<p><img loading=\"lazy\" decoding=\"async\" src=\"\/wp-content\/uploads\/2018\/09\/Babcock-Wanson-Paris-France.png\" alt=\"Babcock Wanson Paris France\" width=\"300\" height=\"200\" \/><\/p>\n<h3>\n\tIt\u00e1lia\n\t<\/h3>\n\t<strong>Babcock Wanson Italiana<br \/>\nSede Central &amp; F\u00e1brica <\/strong><br \/>\nVia Roma 147<br \/>\n20873 Cavenago di Brianza &#8211; Monza Brianza<br \/>\nITALY\n\t<strong>Telefone:<\/strong> +39 02 95 91 21<br \/>\n<strong>Fax:<\/strong> +39 02 95 01 92 52<br \/>\n<strong>Email:<\/strong> <a href=\"mailto:bwi@babcock-wanson.com\">bwi@babcock-wanson.com<\/a><br \/>\n<strong>Website:<\/strong>\u00a0<a href=\"http:\/\/www.babcock-wanson.it\/\" target=\"_blank\" rel=\"noopener\">www.babcock-wanson.it<\/a>\n\t<p><img loading=\"lazy\" decoding=\"async\" src=\"\/wp-content\/uploads\/2018\/09\/Babcock-Wanson-Milan-Italy.png\" alt=\"Babcock Wanson Milan-Italy\" width=\"300\" height=\"200\" \/><\/p>\n<h3>\n\tPa\u00edses Baixos\n\t<\/h3>\n\t<strong>Reputabel Warmtetechniek B.V.<br \/>\nSede Central <\/strong><br \/>\nHanzestraat 5<br \/>\n7622 AX Borne<br \/>\nNETHERLANDS\n\t<strong>Telefone:<\/strong> +31 294 415 950<br \/>\n<strong>Email:<\/strong>\u00a0<a href=\"mailto:info@reputabel.nl\">info@reputabel.nl\u00a0<\/a><br \/>\n<strong>Website:<\/strong>\u00a0<a href=\"http:\/\/www.reputabel.nl\/\" target=\"_blank\" rel=\"noopener\">www.reputabel.nl<\/a>\n<p>&nbsp;<\/p>\n\t<p><img loading=\"lazy\" decoding=\"async\" src=\"\/wp-content\/uploads\/2018\/09\/Babcock-Wanson-Amsterdam-NL.png\" alt=\"Babcock Wanson Amsterdam-NL\" width=\"300\" height=\"200\" \/><\/p>\n<h3>\n\tPol\u00f3nia\n\t<\/h3>\n\t<strong>Babcock Wanson Polska Sp. z o.o.<\/strong><br \/>\nul. Kosciuski 1c<br \/>\n44-100 GLIWICE<br \/>\nPOLAND\n\t<strong>Telefone:<\/strong> +48 32 230 6894<br \/>\n<strong>Email:<\/strong>\u00a0<a href=\"mailto:info.pl@babcock-wanson.com\">info.pl@babcock-wanson.com<\/a><br \/>\n<strong>Website:<\/strong>\u00a0<a href=\"http:\/\/www.babcock-wanson.pl\/\" target=\"_blank\" rel=\"noopener\">www.babcock-wanson.pl<\/a>\n\t<p><img loading=\"lazy\" decoding=\"async\" src=\"\/wp-content\/uploads\/2018\/09\/Babcock-Wanson-Gliwice.png\" alt=\"Babcock Wanson Gliwice Poland\" width=\"300\" height=\"201\" \/><\/p>\n<h3>\n\tPortugal\n\t<\/h3>\n\t<strong>Babcock-Wanson Portugal Unip. Lda.<\/strong><br \/>\n<strong>Sede<\/strong><br \/>\nRua Gon\u00e7alves Zarco,<br \/>\n1843 \/ 1867 Salas B e J<br \/>\n4450-685 MATOSINHOS<br \/>\nPORTUGAL\n\t<strong>Babcock-Wanson Portugal Unip. Lda. <\/strong><br \/>\n<strong>Filial<\/strong><br \/>\nRua Prof Dr Jorge Mineiro 16, 1\u00b0B,<br \/>\nQueluz de Baixo<br \/>\n2730-146 Barcarena<br \/>\nPORTUGAL\n\t<strong>Telefone:<\/strong> +351 229 999 490<br \/>\n<strong>Fax:<\/strong> +351 229 999 659<br \/>\n<strong>Email:<\/strong>\u00a0<a href=\"mailto:bwc@babcock-wanson.com\">bwc@babcock-wanson.com<\/a><br \/>\n<strong>Website:<\/strong>\u00a0<a href=\"http:\/\/www.babcock-wanson.pt\" target=\"_blank\" rel=\"noopener\">www.babcock-wanson.pt<\/a>\n\t<strong>Telefone:<\/strong> +351 216 036 002<br \/>\n<strong>Telefone 2:<\/strong> +351 218 049 017<br \/>\n<strong>Email:<\/strong>\u00a0<a href=\"mailto:bwc@babcock-wanson.com\">bwc@babcock-wanson.com<\/a><br \/>\n<strong>Website :<\/strong>\u00a0<a href=\"http:\/\/www.babcock-wanson.pt\" target=\"_blank\" rel=\"noopener\">www.babcock-wanson.pt<\/a>\n\t<p><img loading=\"lazy\" decoding=\"async\" src=\"https:\/\/www.babcock-wanson.com\/wp-content\/uploads\/2019\/04\/lisbon-BW-300x200.jpg\" alt=\"lisbon-BW\" width=\"300\" height=\"200\" \/><\/p>\n<h3>\n\tEspanha\n\t<\/h3>\n\t<strong>Babcock Wanson Espa\u00f1a<\/strong><br \/>\nCarretera Bilbao-Plentzia, 31<br \/>\nEdificio Inbisa \u2013 Planta 1a \u2013 Dpto 107<br \/>\n48950 Erandio (Vizcaya)<br \/>\nSPAIN\n\t<strong>Telefone:<\/strong> +34 94 452 30 36<br \/>\n<strong>Fax:<\/strong> +34 94 452 30 54<br \/>\n<strong>Email:<\/strong>\u00a0<a href=\"mailto:comercial@babcock-wanson.com\">comercial@babcock-wanson.com<\/a><br \/>\n<strong>Website:<\/strong>\u00a0<a href=\"http:\/\/www.babcock-wanson.es\" target=\"_blank\" rel=\"noopener\">www.babcock-wanson.es<\/a>\n\t<p><img loading=\"lazy\" decoding=\"async\" src=\"\/wp-content\/uploads\/2018\/09\/Babcock-Wanson-Bilbo-Spain.png\" alt=\"Babcock Wanson Bilbo-Spain\" width=\"300\" height=\"200\" \/><\/p>\n<h3>\n\tTun\u00edsia\n\t<\/h3>\n\t<strong>Babcock Wanson Tunisie<\/strong><br \/>\n<strong>Sede &amp; F\u00e0brica<\/strong><br \/>\nRoute Ezzahra<br \/>\nCit\u00e9 El Ouilija<br \/>\nRADES BEN AROUS<br \/>\nTUNISIA\n\t<strong>Telefone:<\/strong> +216 52 356 356<br \/>\n<strong>Email:<\/strong>\u00a0<a href=\"mailto:international.service@babcock-wanson.com\">international.service@babcock-wanson.com<\/a><br \/>\n<strong>Website:<\/strong>\u00a0<a href=\"http:\/\/www.babcock-wanson.fr\" target=\"_blank\" rel=\"noopener\">www.babcock-wanson.fr<\/a>\n\t<p><img loading=\"lazy\" decoding=\"async\" src=\"\/wp-content\/uploads\/2018\/09\/Babcock-Wanson-Tunis.png\" alt=\"Babcock Wanson Tunis\" width=\"300\" height=\"200\" \/><\/p>\n<h3>\n\tReino Unido\n\t<\/h3>\n\t<strong>Babcock Wanson UK Ltd<\/strong><br \/>\nElstree Way 7<br \/>\nBorehamwood<br \/>\nHERTFORDSHIRE WD6 1SA<br \/>\nUNITED KINGDOM\n\t<strong>Telefone:<\/strong> +44 208 953 7111<br \/>\n<strong>Fax:<\/strong> +44 208 207 5177<br \/>\n<strong>Email:<\/strong>\u00a0<a href=\"mailto:info@babcock-wanson.co.uk\">info@babcock-wanson.co.uk <\/a><br \/>\n<strong>Website:<\/strong> <a href=\"https:\/\/www.babcock-wanson.com\" target=\"_blank\" rel=\"noopener\">www.babcock-wanson.com<\/a>\n\t<p><img loading=\"lazy\" decoding=\"async\" src=\"\/wp-content\/uploads\/2018\/09\/Babcock-Wanson-London-UK.png\" alt=\"Babcock Wanson London-UK\" width=\"300\" height=\"200\" \/><\/p>\n<h3>\n\tEUA\n\t<\/h3>\n\t<strong>Babcock Wanson USA LLC<\/strong><br \/>\n9505N Congress Avenue<br \/>\nKansas City,<br \/>\n64153 MO Missouri<br \/>\nU.S.A.\n\t<strong>Representado por :<\/strong><br \/>\nScan American Corporation<br \/>\n<strong>Telefone:<\/strong> +1 816 880 9321<br \/>\n<strong>Telefone 2:<\/strong> +1 800 427 6498 Ext. 15 ou 16<br \/>\n<strong>Email:<\/strong>\u00a0<a href=\"mailto:cparker@scanamcorp.com\">Mr. Charlie PARKER <\/a><br \/>\n<strong>Email 2:<\/strong>\u00a0<a href=\"mailto:achabino@scanamcorp.com\">Mr. Aaron CHABINO<\/a>\n\t<p><img loading=\"lazy\" decoding=\"async\" src=\"\/wp-content\/uploads\/2018\/09\/Babcock-Wanson-Kansas-USA.png\" alt=\"Babcock Wanson Kansas-USA\" width=\"300\" height=\"200\" \/><\/p>\n<\/div><!-- .vgblk-rw-wrapper -->","protected":false},"excerpt":{"rendered":"<p>B\u00e9lgica Maes BVBA Sede Central\u00a0 Industriedijk 2 2300 Turnhout BELGIUM Telefone :+32 14 45 08 31 Email :\u00a0info@maes-bvba.com Sito web :\u00a0http:\/\/www.maes.biz Fran\u00e7a Babcock Wanson Sede Central 106-110 rue du Petit-Le-Roy 94669 Chevilly-Larue Cedex FRANCE Babcock Wanson F\u00e1brica \u00a0 7 boulevard Alfred Parent \u2013 BP 52 47600 N\u00e9rac FRANCE Telefone : +33 1 49 78 44&#8230;<\/p>\n","protected":false},"author":1,"featured_media":0,"parent":29274,"menu_order":0,"comment_status":"closed","ping_status":"closed","template":"","meta":{"_acf_changed":false,"_relevanssi_hide_post":"","_relevanssi_hide_content":"","_relevanssi_pin_for_all":"","_relevanssi_pin_keywords":"","_relevanssi_unpin_keywords":"","_relevanssi_related_keywords":"","_relevanssi_related_include_ids":"","_relevanssi_related_exclude_ids":"","_relevanssi_related_no_append":"","_relevanssi_related_not_related":"","_relevanssi_related_posts":"","_relevanssi_noindex_reason":"","footnotes":""},"class_list":["post-29431","page","type-page","status-publish","hentry"],"acf":[],"yoast_head":"<!-- This site is optimized with the Yoast SEO Premium plugin v27.4 (Yoast SEO v27.4) - https:\/\/yoast.com\/product\/yoast-seo-premium-wordpress\/ -->\n<title>Localiza\u00e7\u00f5es - Babcock Wanson<\/title>\n<meta name=\"description\" content=\"Babcock Wanson tem locais em toda a Europa, Norte de \u00c1frica, e Am\u00e9rica do Norte. Visite-nos para ver a sua localiza\u00e7\u00e3o mais pr\u00f3xima\" \/>\n<meta name=\"robots\" content=\"index, follow, max-snippet:-1, max-image-preview:large, max-video-preview:-1\" \/>\n<link rel=\"canonical\" href=\"https:\/\/www.babcock-wanson.com\/pt-pt\/contacte-nos\/localizacoes\/\" \/>\n<meta property=\"og:locale\" content=\"pt_PT\" \/>\n<meta property=\"og:type\" content=\"article\" \/>\n<meta property=\"og:title\" content=\"Localiza\u00e7\u00f5es\" \/>\n<meta property=\"og:description\" content=\"Babcock Wanson tem locais em toda a Europa, Norte de \u00c1frica, e Am\u00e9rica do Norte. Visite-nos para ver a sua localiza\u00e7\u00e3o mais pr\u00f3xima\" \/>\n<meta property=\"og:url\" content=\"https:\/\/www.babcock-wanson.com\/pt-pt\/contacte-nos\/localizacoes\/\" \/>\n<meta property=\"og:site_name\" content=\"Babcock Wanson\" \/>\n<meta property=\"article:modified_time\" content=\"2022-03-16T10:50:45+00:00\" \/>\n<meta property=\"og:image\" content=\"https:\/\/www.babcock-wanson.com\/wp-content\/uploads\/2020\/10\/antwerp-belguim.jpg\" \/>\n<meta name=\"twitter:card\" content=\"summary_large_image\" \/>\n<meta name=\"twitter:label1\" content=\"Est. reading time\" \/>\n\t<meta name=\"twitter:data1\" content=\"2 minutos\" \/>\n<script type=\"application\/ld+json\" class=\"yoast-schema-graph\">{\"@context\":\"https:\\\/\\\/schema.org\",\"@graph\":[{\"@type\":\"WebPage\",\"@id\":\"https:\\\/\\\/www.babcock-wanson.com\\\/pt-pt\\\/contacte-nos\\\/localizacoes\\\/\",\"url\":\"https:\\\/\\\/www.babcock-wanson.com\\\/pt-pt\\\/contacte-nos\\\/localizacoes\\\/\",\"name\":\"Localiza\u00e7\u00f5es - Babcock Wanson\",\"isPartOf\":{\"@id\":\"https:\\\/\\\/www.babcock-wanson.com\\\/pt-pt\\\/#website\"},\"primaryImageOfPage\":{\"@id\":\"https:\\\/\\\/www.babcock-wanson.com\\\/pt-pt\\\/contacte-nos\\\/localizacoes\\\/#primaryimage\"},\"image\":{\"@id\":\"https:\\\/\\\/www.babcock-wanson.com\\\/pt-pt\\\/contacte-nos\\\/localizacoes\\\/#primaryimage\"},\"thumbnailUrl\":\"https:\\\/\\\/www.babcock-wanson.com\\\/wp-content\\\/uploads\\\/2020\\\/10\\\/antwerp-belguim.jpg\",\"datePublished\":\"2020-07-22T08:31:29+00:00\",\"dateModified\":\"2022-03-16T10:50:45+00:00\",\"description\":\"Babcock Wanson tem locais em toda a Europa, Norte de \u00c1frica, e Am\u00e9rica do Norte. Visite-nos para ver a sua localiza\u00e7\u00e3o mais pr\u00f3xima\",\"breadcrumb\":{\"@id\":\"https:\\\/\\\/www.babcock-wanson.com\\\/pt-pt\\\/contacte-nos\\\/localizacoes\\\/#breadcrumb\"},\"inLanguage\":\"pt-PT\",\"potentialAction\":[{\"@type\":\"ReadAction\",\"target\":[\"https:\\\/\\\/www.babcock-wanson.com\\\/pt-pt\\\/contacte-nos\\\/localizacoes\\\/\"]}]},{\"@type\":\"ImageObject\",\"inLanguage\":\"pt-PT\",\"@id\":\"https:\\\/\\\/www.babcock-wanson.com\\\/pt-pt\\\/contacte-nos\\\/localizacoes\\\/#primaryimage\",\"url\":\"https:\\\/\\\/www.babcock-wanson.com\\\/wp-content\\\/uploads\\\/2020\\\/10\\\/antwerp-belguim.jpg\",\"contentUrl\":\"https:\\\/\\\/www.babcock-wanson.com\\\/wp-content\\\/uploads\\\/2020\\\/10\\\/antwerp-belguim.jpg\"},{\"@type\":\"BreadcrumbList\",\"@id\":\"https:\\\/\\\/www.babcock-wanson.com\\\/pt-pt\\\/contacte-nos\\\/localizacoes\\\/#breadcrumb\",\"itemListElement\":[{\"@type\":\"ListItem\",\"position\":1,\"name\":\"Inicio\",\"item\":\"https:\\\/\\\/www.babcock-wanson.com\\\/pt-pt\\\/\"},{\"@type\":\"ListItem\",\"position\":2,\"name\":\"Contacte-nos\",\"item\":\"https:\\\/\\\/www.babcock-wanson.com\\\/pt-pt\\\/contacte-nos\\\/\"},{\"@type\":\"ListItem\",\"position\":3,\"name\":\"Localiza\u00e7\u00f5es\"}]},{\"@type\":\"WebSite\",\"@id\":\"https:\\\/\\\/www.babcock-wanson.com\\\/pt-pt\\\/#website\",\"url\":\"https:\\\/\\\/www.babcock-wanson.com\\\/pt-pt\\\/\",\"name\":\"Babcock Wanson\",\"description\":\"\",\"publisher\":{\"@id\":\"https:\\\/\\\/www.babcock-wanson.com\\\/pt-pt\\\/#organization\"},\"potentialAction\":[{\"@type\":\"SearchAction\",\"target\":{\"@type\":\"EntryPoint\",\"urlTemplate\":\"https:\\\/\\\/www.babcock-wanson.com\\\/pt-pt\\\/?s={search_term_string}\"},\"query-input\":{\"@type\":\"PropertyValueSpecification\",\"valueRequired\":true,\"valueName\":\"search_term_string\"}}],\"inLanguage\":\"pt-PT\"},{\"@type\":\"Organization\",\"@id\":\"https:\\\/\\\/www.babcock-wanson.com\\\/pt-pt\\\/#organization\",\"name\":\"Babcock Wanson\",\"url\":\"https:\\\/\\\/www.babcock-wanson.com\\\/pt-pt\\\/\",\"logo\":{\"@type\":\"ImageObject\",\"inLanguage\":\"pt-PT\",\"@id\":\"https:\\\/\\\/www.babcock-wanson.com\\\/pt-pt\\\/#\\\/schema\\\/logo\\\/image\\\/\",\"url\":\"https:\\\/\\\/www.babcock-wanson.com\\\/wp-content\\\/uploads\\\/2024\\\/02\\\/Babcock-Wanson-1200x1200-1.png\",\"contentUrl\":\"https:\\\/\\\/www.babcock-wanson.com\\\/wp-content\\\/uploads\\\/2024\\\/02\\\/Babcock-Wanson-1200x1200-1.png\",\"width\":1200,\"height\":1200,\"caption\":\"Babcock Wanson\"},\"image\":{\"@id\":\"https:\\\/\\\/www.babcock-wanson.com\\\/pt-pt\\\/#\\\/schema\\\/logo\\\/image\\\/\"},\"sameAs\":[\"https:\\\/\\\/www.linkedin.com\\\/company\\\/babcock-wanson\\\/\",\"https:\\\/\\\/www.youtube.com\\\/channel\\\/UCtxl25VieBBsP2kYmtlyv7A\"]}]}<\/script>\n<!-- \/ Yoast SEO Premium plugin. -->","yoast_head_json":{"title":"Localiza\u00e7\u00f5es - Babcock Wanson","description":"Babcock Wanson tem locais em toda a Europa, Norte de \u00c1frica, e Am\u00e9rica do Norte. Visite-nos para ver a sua localiza\u00e7\u00e3o mais pr\u00f3xima","robots":{"index":"index","follow":"follow","max-snippet":"max-snippet:-1","max-image-preview":"max-image-preview:large","max-video-preview":"max-video-preview:-1"},"canonical":"https:\/\/www.babcock-wanson.com\/pt-pt\/contacte-nos\/localizacoes\/","og_locale":"pt_PT","og_type":"article","og_title":"Localiza\u00e7\u00f5es","og_description":"Babcock Wanson tem locais em toda a Europa, Norte de \u00c1frica, e Am\u00e9rica do Norte. Visite-nos para ver a sua localiza\u00e7\u00e3o mais pr\u00f3xima","og_url":"https:\/\/www.babcock-wanson.com\/pt-pt\/contacte-nos\/localizacoes\/","og_site_name":"Babcock Wanson","article_modified_time":"2022-03-16T10:50:45+00:00","og_image":[{"url":"https:\/\/www.babcock-wanson.com\/wp-content\/uploads\/2020\/10\/antwerp-belguim.jpg","type":"","width":"","height":""}],"twitter_card":"summary_large_image","twitter_misc":{"Est. reading time":"2 minutos"},"schema":{"@context":"https:\/\/schema.org","@graph":[{"@type":"WebPage","@id":"https:\/\/www.babcock-wanson.com\/pt-pt\/contacte-nos\/localizacoes\/","url":"https:\/\/www.babcock-wanson.com\/pt-pt\/contacte-nos\/localizacoes\/","name":"Localiza\u00e7\u00f5es - Babcock Wanson","isPartOf":{"@id":"https:\/\/www.babcock-wanson.com\/pt-pt\/#website"},"primaryImageOfPage":{"@id":"https:\/\/www.babcock-wanson.com\/pt-pt\/contacte-nos\/localizacoes\/#primaryimage"},"image":{"@id":"https:\/\/www.babcock-wanson.com\/pt-pt\/contacte-nos\/localizacoes\/#primaryimage"},"thumbnailUrl":"https:\/\/www.babcock-wanson.com\/wp-content\/uploads\/2020\/10\/antwerp-belguim.jpg","datePublished":"2020-07-22T08:31:29+00:00","dateModified":"2022-03-16T10:50:45+00:00","description":"Babcock Wanson tem locais em toda a Europa, Norte de \u00c1frica, e Am\u00e9rica do Norte. Visite-nos para ver a sua localiza\u00e7\u00e3o mais pr\u00f3xima","breadcrumb":{"@id":"https:\/\/www.babcock-wanson.com\/pt-pt\/contacte-nos\/localizacoes\/#breadcrumb"},"inLanguage":"pt-PT","potentialAction":[{"@type":"ReadAction","target":["https:\/\/www.babcock-wanson.com\/pt-pt\/contacte-nos\/localizacoes\/"]}]},{"@type":"ImageObject","inLanguage":"pt-PT","@id":"https:\/\/www.babcock-wanson.com\/pt-pt\/contacte-nos\/localizacoes\/#primaryimage","url":"https:\/\/www.babcock-wanson.com\/wp-content\/uploads\/2020\/10\/antwerp-belguim.jpg","contentUrl":"https:\/\/www.babcock-wanson.com\/wp-content\/uploads\/2020\/10\/antwerp-belguim.jpg"},{"@type":"BreadcrumbList","@id":"https:\/\/www.babcock-wanson.com\/pt-pt\/contacte-nos\/localizacoes\/#breadcrumb","itemListElement":[{"@type":"ListItem","position":1,"name":"Inicio","item":"https:\/\/www.babcock-wanson.com\/pt-pt\/"},{"@type":"ListItem","position":2,"name":"Contacte-nos","item":"https:\/\/www.babcock-wanson.com\/pt-pt\/contacte-nos\/"},{"@type":"ListItem","position":3,"name":"Localiza\u00e7\u00f5es"}]},{"@type":"WebSite","@id":"https:\/\/www.babcock-wanson.com\/pt-pt\/#website","url":"https:\/\/www.babcock-wanson.com\/pt-pt\/","name":"Babcock Wanson","description":"","publisher":{"@id":"https:\/\/www.babcock-wanson.com\/pt-pt\/#organization"},"potentialAction":[{"@type":"SearchAction","target":{"@type":"EntryPoint","urlTemplate":"https:\/\/www.babcock-wanson.com\/pt-pt\/?s={search_term_string}"},"query-input":{"@type":"PropertyValueSpecification","valueRequired":true,"valueName":"search_term_string"}}],"inLanguage":"pt-PT"},{"@type":"Organization","@id":"https:\/\/www.babcock-wanson.com\/pt-pt\/#organization","name":"Babcock Wanson","url":"https:\/\/www.babcock-wanson.com\/pt-pt\/","logo":{"@type":"ImageObject","inLanguage":"pt-PT","@id":"https:\/\/www.babcock-wanson.com\/pt-pt\/#\/schema\/logo\/image\/","url":"https:\/\/www.babcock-wanson.com\/wp-content\/uploads\/2024\/02\/Babcock-Wanson-1200x1200-1.png","contentUrl":"https:\/\/www.babcock-wanson.com\/wp-content\/uploads\/2024\/02\/Babcock-Wanson-1200x1200-1.png","width":1200,"height":1200,"caption":"Babcock Wanson"},"image":{"@id":"https:\/\/www.babcock-wanson.com\/pt-pt\/#\/schema\/logo\/image\/"},"sameAs":["https:\/\/www.linkedin.com\/company\/babcock-wanson\/","https:\/\/www.youtube.com\/channel\/UCtxl25VieBBsP2kYmtlyv7A"]}]}},"jetpack_sharing_enabled":true,"_links":{"self":[{"href":"https:\/\/www.babcock-wanson.com\/pt-pt\/wp-json\/wp\/v2\/pages\/29431","targetHints":{"allow":["GET"]}}],"collection":[{"href":"https:\/\/www.babcock-wanson.com\/pt-pt\/wp-json\/wp\/v2\/pages"}],"about":[{"href":"https:\/\/www.babcock-wanson.com\/pt-pt\/wp-json\/wp\/v2\/types\/page"}],"author":[{"embeddable":true,"href":"https:\/\/www.babcock-wanson.com\/pt-pt\/wp-json\/wp\/v2\/users\/1"}],"replies":[{"embeddable":true,"href":"https:\/\/www.babcock-wanson.com\/pt-pt\/wp-json\/wp\/v2\/comments?post=29431"}],"version-history":[{"count":7,"href":"https:\/\/www.babcock-wanson.com\/pt-pt\/wp-json\/wp\/v2\/pages\/29431\/revisions"}],"predecessor-version":[{"id":42038,"href":"https:\/\/www.babcock-wanson.com\/pt-pt\/wp-json\/wp\/v2\/pages\/29431\/revisions\/42038"}],"up":[{"embeddable":true,"href":"https:\/\/www.babcock-wanson.com\/pt-pt\/wp-json\/wp\/v2\/pages\/29274"}],"wp:attachment":[{"href":"https:\/\/www.babcock-wanson.com\/pt-pt\/wp-json\/wp\/v2\/media?parent=29431"}],"curies":[{"name":"wp","href":"https:\/\/api.w.org\/{rel}","templated":true}]}}