{"id":29435,"date":"2020-07-22T09:42:42","date_gmt":"2020-07-22T08:42:42","guid":{"rendered":"https:\/\/www.babcock-wanson.com\/mencoes-legais\/"},"modified":"2023-04-06T12:27:00","modified_gmt":"2023-04-06T11:27:00","slug":"mencoes-legais","status":"publish","type":"page","link":"https:\/\/www.babcock-wanson.com\/pt-pt\/mencoes-legais\/","title":{"rendered":"Men\u00e7\u00f5es legais"},"content":{"rendered":"<div class=\"vgblk-rw-wrapper limit-wrapper\">\n\t<h2><strong>TERMS AND CONDITIONS OF USE<\/strong><\/h2>\n<p><strong>\u00a0<\/strong><\/p>\n<p>Welcome to the website <a href=\"https:\/\/www.babcock-wanson.com\">https:\/\/www.babcock-wanson.com<\/a> (the &#8220;Website&#8221;). By connecting to the Website, you acknowledge that you have read, understood and accepted without limitation or reservation these Terms and Conditions of Use and the <a href=\"https:\/\/www.total.com\/en\/privacy\">Personal Data &amp; Cookies Policy<\/a>.<\/p>\n<p>&nbsp;<\/p>\n<p><strong><u>Legal information<\/u><\/strong><\/p>\n<p>&nbsp;<\/p>\n<p>The company publishing the Website is:<\/p>\n<p>&nbsp;<\/p>\n<p>ALDEBARAN BW<\/p>\n<p>Simplified joint stock company (\u201csoci\u00e9t\u00e9 par actions simplifi\u00e9e\u201d) incorporated and organized under the laws of France with a capital of 13,055,750.00 euros.<\/p>\n<p>Registered with the Trade and Companies Register of Cr\u00e9teil under No. 819\u00a0891 581.<\/p>\n<p>Head office: 106-11- Rue du Lieutenant Petit Le Roy, 94669 Chevilly Larue Cedex, France.<\/p>\n<p>Publication director: International Marketing Department<\/p>\n<p>Phone number: +33 (0)1 49 78 44 59<\/p>\n<p>E-mail: planoizelee@babcock-wanson.com<\/p>\n<p>&nbsp;<\/p>\n<p>The Website designer and developer is:<\/p>\n<p>&nbsp;<\/p>\n<p>STRATEGIES ONLINE Limited<\/p>\n<p>Private limited company incorporated and organized under the laws of United Kingdom under No. 9038596.<\/p>\n<p>Head office: A2 Building R1010 Cody Technology Park, Ively Road, Farnborough, England, GU14 0LX.<\/p>\n<p>Phone number: +44 (0) 1276 701 227<\/p>\n<p>E-mail: <a href=\"mailto:drs@strategies.co.uk\">drs@strategies.co.uk<\/a><\/p>\n<p>&nbsp;<\/p>\n<p>The host of the Website is:<\/p>\n<p>&nbsp;<\/p>\n<p>DATUM DATACENTRES Limited<\/p>\n<p>Private limited company incorporated and organized under the laws of United Kingdom under No. 7954217.<\/p>\n<p>Head office: Cody Technology Park, Old Ively Road, Farnborough, United Kingdom, GU14 0LX.<\/p>\n<p>Phone number: +44 (0)1252 391980<\/p>\n<p>E-Mail: <a href=\"mailto:info@datum.co.uk\">info@datum.co.uk<\/a><\/p>\n<p>&nbsp;<\/p>\n<p>ALDEBARAN BW publishing this Website is the holding company of the BABCOCK WANSON group.<\/p>\n<p>The companies within the BABCOCK WANSON group have their own legal existence and independent legal status.<\/p>\n<p>&nbsp;<\/p>\n<p>\u201cBABCOCK WANSON\u201d and \u201cBABCOCK WANSON Group\u201d are used in this Website for convenience where references are generally made to ALDEBARAN BW and its subsidiaries. It cannot be inferred from these expressions that ALDEBARAN BW or any of its subsidiaries are involved in the business and management of any other company of the BABCOCK WANSON group.<\/p>\n<p>&nbsp;<\/p>\n<p>&nbsp;<\/p>\n<p><strong><u>Intellectual Property and other applicable conditions<\/u><\/strong><\/p>\n<p>&nbsp;<\/p>\n<p><strong>The purpose of this Website is to provide personal information to users. No commercial use of the data presented, in whole or in part, is authorised without the prior written consent of BABCOCK WANSON.<\/strong><\/p>\n<p>&nbsp;<\/p>\n<p>The presentation and content of the Website taken together as one work is owned by BABCOK WANSON and is protected by current legislation on intellectual property and copyright.<\/p>\n<p>&nbsp;<\/p>\n<p>The graphical elements, photographs, pictures, texts, animated sequences with or without sound, and other documents presented on the Website are subject to the laws of intellectual property &amp; copyright and are owned either by BABCOCK WANSON or by third parties having granted BABCOCK WANSON a authorization for their use, reproduction and representation.<\/p>\n<p>&nbsp;<\/p>\n<p>Accordingly, all reproduction, representation, adaptation, translation or transformation, in whole or in part, are forbidden otherwise than with the prior written consent of BABCOCK WANSON.<\/p>\n<p>The content of the web site may be copied for personal and private use only. For other purposes, its reproduction, in part or in whole, without the prior written consent of BABCOCK WANSON is strictly forbidden, except for the requirements of the press. In all cases, authorized duplication of information stored in this Website must cite the source and make adequate references as to proprietary.<\/p>\n<p>&nbsp;<\/p>\n<p>The names of the companies within the BABCOCK WANSON Group, the name BABCOCK WANSON, the logo BABCOCK WANSON, the products and brands quoted on the Website are the property of BABCOCK WANSON or of one of the companies within the BABCOCK WANSON group or are subject to rights to use, duplicate or represent\/communicate to the public that have been granted to such.<\/p>\n<p>Any reproduction, use or modification of them without the prior written consent of BABCOCK WANSON may constitute an infringement of BABCOCK WANSON&#8217;s rights.<\/p>\n<p>&nbsp;<\/p>\n<p>Each visitor of the Website providing information grants BABCOCK WANSON all transferable rights concerning said information and authorizes BABCOCK WANSON to make use of such. Information provided by visitors shall be deemed not confidential. In case the information provided is personal data as defined by applicable law, it will be processed in accordance with BABCOCK WANSON\u2019s <a href=\"https:\/\/www.total.com\/en\/privacy\">Personal Data Policy<\/a>, which applies to this Website.<\/p>\n<p>&nbsp;<\/p>\n<p><strong>To the extent permitted by applicable law, the BABCOCK WANSON Website and its content are made accessible on an &#8220;as is&#8221; and &#8220;as available&#8221; basis. <\/strong><\/p>\n<p><strong>\u00a0<\/strong><\/p>\n<p><strong>BABCOCK WANSON gives no warranty nor represents, without limitation, that (i) this service and its supporting elements will meet the Website user\u2019s requirements, (ii) the same will be uninterrupted, timely, or default and error free, (iii) the result that may be displayed through the web site will be accurate, up to date or reliable, (iv) the quality of any data, information or other material obtained will meet your expectations and that such data, information and other material will be default or error free, or that any errors will be corrected.<\/strong><\/p>\n<p><strong>\u00a0<\/strong><\/p>\n<p><strong>Access to and use of the BABCOCK WANSON web site are therefore made at your sole risks. In no event, shall BABCOCK WANSON, subsequent, successors and assignees be liable in this respect for any damage arising out or in connection with access, use or unavailability of BABCOCK WANSON web site.<\/strong><\/p>\n<p>&nbsp;<\/p>\n<p>BABCOCK WANSON may modify the information contained in this Website at any time<\/p>\n<p>&nbsp;<\/p>\n<p>BABCOCK WANSON formally declines any liability as to the content of websites to which it provides links<\/p>\n<p>&nbsp;<\/p>\n<p>Each visitor of this Website must: (i) have the ability and means required to access the Website and use it; (ii) control that the IT configuration used does not contain any virus and that it is in full working order; (iii) keep confidential and is consequently liable for the use and security of access codes and passwords that BABCOCK WANSON may send to access specific sections. BABCOCK WANSON reserves the right to suspend access to the Website in the event of fraudulent use or attempts at fraudulent use of said access.<\/p>\n<p>&nbsp;<\/p>\n<p>BABCOCK WANSON may update these Terms and Conditions of Use of the Website at any time. Consequently, you are invited to regularly refer to the latest Terms and Conditions of Use in effect. These general conditions of use of the Website are subject to applicable laws.<\/p>\n<p>&nbsp;<\/p>\n<p>You may direct all questions concerning conditions of use of the Website by e-mail via our <a href=\"http:\/\/www.total.com\/fr\/formulaire-de-contact\">contact form<\/a> or by post to the following address:<\/p>\n<p>&nbsp;<\/p>\n<p>ALDEBARAN BW<\/p>\n<p>International Marketing Department<\/p>\n<p>106-110 rue du Lieutenant Petit Le Roy<\/p>\n<p>94669 Chevilly Larue cedex<\/p>\n<p>France<\/p>\n<\/div><!-- .vgblk-rw-wrapper -->","protected":false},"excerpt":{"rendered":"<p>TERMS AND CONDITIONS OF USE \u00a0 Welcome to the website https:\/\/www.babcock-wanson.com (the &#8220;Website&#8221;). By connecting to the Website, you acknowledge that you have read, understood and accepted without limitation or reservation these Terms and Conditions of Use and the Personal Data &amp; Cookies Policy. &nbsp; Legal information &nbsp; The company publishing the Website is: &nbsp;&#8230;<\/p>\n","protected":false},"author":1,"featured_media":0,"parent":0,"menu_order":0,"comment_status":"closed","ping_status":"closed","template":"","meta":{"_acf_changed":false,"_relevanssi_hide_post":"","_relevanssi_hide_content":"","_relevanssi_pin_for_all":"","_relevanssi_pin_keywords":"","_relevanssi_unpin_keywords":"","_relevanssi_related_keywords":"","_relevanssi_related_include_ids":"","_relevanssi_related_exclude_ids":"","_relevanssi_related_no_append":"","_relevanssi_related_not_related":"","_relevanssi_related_posts":"","_relevanssi_noindex_reason":"","footnotes":""},"class_list":["post-29435","page","type-page","status-publish","hentry"],"acf":[],"yoast_head":"<!-- This site is optimized with the Yoast SEO Premium plugin v27.4 (Yoast SEO v27.4) - https:\/\/yoast.com\/product\/yoast-seo-premium-wordpress\/ -->\n<title>Men\u00e7\u00f5es legais - Babcock Wanson<\/title>\n<meta name=\"description\" content=\"Na Babcock Wanson fazemos um esfor\u00e7o para assegurar que os nossos termos e condi\u00e7\u00f5es sejam claros e acess\u00edveis. Clique aqui para ver os termos e condi\u00e7\u00f5es.\" \/>\n<meta name=\"robots\" content=\"index, follow, max-snippet:-1, max-image-preview:large, max-video-preview:-1\" \/>\n<link rel=\"canonical\" href=\"https:\/\/www.babcock-wanson.com\/pt-pt\/mencoes-legais\/\" \/>\n<meta property=\"og:locale\" content=\"pt_PT\" \/>\n<meta property=\"og:type\" content=\"article\" \/>\n<meta property=\"og:title\" content=\"Men\u00e7\u00f5es legais\" \/>\n<meta property=\"og:description\" content=\"Na Babcock Wanson fazemos um esfor\u00e7o para assegurar que os nossos termos e condi\u00e7\u00f5es sejam claros e acess\u00edveis. Clique aqui para ver os termos e condi\u00e7\u00f5es.\" \/>\n<meta property=\"og:url\" content=\"https:\/\/www.babcock-wanson.com\/pt-pt\/mencoes-legais\/\" \/>\n<meta property=\"og:site_name\" content=\"Babcock Wanson\" \/>\n<meta property=\"article:modified_time\" content=\"2023-04-06T11:27:00+00:00\" \/>\n<meta property=\"og:image\" content=\"https:\/\/www.babcock-wanson.com\/wp-content\/uploads\/2024\/02\/Babcock-Wanson-1200x1200-1.png\" \/>\n\t<meta property=\"og:image:width\" content=\"1200\" \/>\n\t<meta property=\"og:image:height\" content=\"1200\" \/>\n\t<meta property=\"og:image:type\" content=\"image\/png\" \/>\n<meta name=\"twitter:card\" content=\"summary_large_image\" \/>\n<meta name=\"twitter:label1\" content=\"Est. reading time\" \/>\n\t<meta name=\"twitter:data1\" content=\"5 minutos\" \/>\n<script type=\"application\/ld+json\" class=\"yoast-schema-graph\">{\"@context\":\"https:\\\/\\\/schema.org\",\"@graph\":[{\"@type\":\"WebPage\",\"@id\":\"https:\\\/\\\/www.babcock-wanson.com\\\/pt-pt\\\/mencoes-legais\\\/\",\"url\":\"https:\\\/\\\/www.babcock-wanson.com\\\/pt-pt\\\/mencoes-legais\\\/\",\"name\":\"Men\u00e7\u00f5es legais - Babcock Wanson\",\"isPartOf\":{\"@id\":\"https:\\\/\\\/www.babcock-wanson.com\\\/pt-pt\\\/#website\"},\"datePublished\":\"2020-07-22T08:42:42+00:00\",\"dateModified\":\"2023-04-06T11:27:00+00:00\",\"description\":\"Na Babcock Wanson fazemos um esfor\u00e7o para assegurar que os nossos termos e condi\u00e7\u00f5es sejam claros e acess\u00edveis. Clique aqui para ver os termos e condi\u00e7\u00f5es.\",\"breadcrumb\":{\"@id\":\"https:\\\/\\\/www.babcock-wanson.com\\\/pt-pt\\\/mencoes-legais\\\/#breadcrumb\"},\"inLanguage\":\"pt-PT\",\"potentialAction\":[{\"@type\":\"ReadAction\",\"target\":[\"https:\\\/\\\/www.babcock-wanson.com\\\/pt-pt\\\/mencoes-legais\\\/\"]}]},{\"@type\":\"BreadcrumbList\",\"@id\":\"https:\\\/\\\/www.babcock-wanson.com\\\/pt-pt\\\/mencoes-legais\\\/#breadcrumb\",\"itemListElement\":[{\"@type\":\"ListItem\",\"position\":1,\"name\":\"Inicio\",\"item\":\"https:\\\/\\\/www.babcock-wanson.com\\\/pt-pt\\\/\"},{\"@type\":\"ListItem\",\"position\":2,\"name\":\"Men\u00e7\u00f5es legais\"}]},{\"@type\":\"WebSite\",\"@id\":\"https:\\\/\\\/www.babcock-wanson.com\\\/pt-pt\\\/#website\",\"url\":\"https:\\\/\\\/www.babcock-wanson.com\\\/pt-pt\\\/\",\"name\":\"Babcock Wanson\",\"description\":\"\",\"publisher\":{\"@id\":\"https:\\\/\\\/www.babcock-wanson.com\\\/pt-pt\\\/#organization\"},\"potentialAction\":[{\"@type\":\"SearchAction\",\"target\":{\"@type\":\"EntryPoint\",\"urlTemplate\":\"https:\\\/\\\/www.babcock-wanson.com\\\/pt-pt\\\/?s={search_term_string}\"},\"query-input\":{\"@type\":\"PropertyValueSpecification\",\"valueRequired\":true,\"valueName\":\"search_term_string\"}}],\"inLanguage\":\"pt-PT\"},{\"@type\":\"Organization\",\"@id\":\"https:\\\/\\\/www.babcock-wanson.com\\\/pt-pt\\\/#organization\",\"name\":\"Babcock Wanson\",\"url\":\"https:\\\/\\\/www.babcock-wanson.com\\\/pt-pt\\\/\",\"logo\":{\"@type\":\"ImageObject\",\"inLanguage\":\"pt-PT\",\"@id\":\"https:\\\/\\\/www.babcock-wanson.com\\\/pt-pt\\\/#\\\/schema\\\/logo\\\/image\\\/\",\"url\":\"https:\\\/\\\/www.babcock-wanson.com\\\/wp-content\\\/uploads\\\/2024\\\/02\\\/Babcock-Wanson-1200x1200-1.png\",\"contentUrl\":\"https:\\\/\\\/www.babcock-wanson.com\\\/wp-content\\\/uploads\\\/2024\\\/02\\\/Babcock-Wanson-1200x1200-1.png\",\"width\":1200,\"height\":1200,\"caption\":\"Babcock Wanson\"},\"image\":{\"@id\":\"https:\\\/\\\/www.babcock-wanson.com\\\/pt-pt\\\/#\\\/schema\\\/logo\\\/image\\\/\"},\"sameAs\":[\"https:\\\/\\\/www.linkedin.com\\\/company\\\/babcock-wanson\\\/\",\"https:\\\/\\\/www.youtube.com\\\/channel\\\/UCtxl25VieBBsP2kYmtlyv7A\"]}]}<\/script>\n<!-- \/ Yoast SEO Premium plugin. -->","yoast_head_json":{"title":"Men\u00e7\u00f5es legais - Babcock Wanson","description":"Na Babcock Wanson fazemos um esfor\u00e7o para assegurar que os nossos termos e condi\u00e7\u00f5es sejam claros e acess\u00edveis. Clique aqui para ver os termos e condi\u00e7\u00f5es.","robots":{"index":"index","follow":"follow","max-snippet":"max-snippet:-1","max-image-preview":"max-image-preview:large","max-video-preview":"max-video-preview:-1"},"canonical":"https:\/\/www.babcock-wanson.com\/pt-pt\/mencoes-legais\/","og_locale":"pt_PT","og_type":"article","og_title":"Men\u00e7\u00f5es legais","og_description":"Na Babcock Wanson fazemos um esfor\u00e7o para assegurar que os nossos termos e condi\u00e7\u00f5es sejam claros e acess\u00edveis. Clique aqui para ver os termos e condi\u00e7\u00f5es.","og_url":"https:\/\/www.babcock-wanson.com\/pt-pt\/mencoes-legais\/","og_site_name":"Babcock Wanson","article_modified_time":"2023-04-06T11:27:00+00:00","og_image":[{"width":1200,"height":1200,"url":"https:\/\/www.babcock-wanson.com\/wp-content\/uploads\/2024\/02\/Babcock-Wanson-1200x1200-1.png","type":"image\/png"}],"twitter_card":"summary_large_image","twitter_misc":{"Est. reading time":"5 minutos"},"schema":{"@context":"https:\/\/schema.org","@graph":[{"@type":"WebPage","@id":"https:\/\/www.babcock-wanson.com\/pt-pt\/mencoes-legais\/","url":"https:\/\/www.babcock-wanson.com\/pt-pt\/mencoes-legais\/","name":"Men\u00e7\u00f5es legais - Babcock Wanson","isPartOf":{"@id":"https:\/\/www.babcock-wanson.com\/pt-pt\/#website"},"datePublished":"2020-07-22T08:42:42+00:00","dateModified":"2023-04-06T11:27:00+00:00","description":"Na Babcock Wanson fazemos um esfor\u00e7o para assegurar que os nossos termos e condi\u00e7\u00f5es sejam claros e acess\u00edveis. Clique aqui para ver os termos e condi\u00e7\u00f5es.","breadcrumb":{"@id":"https:\/\/www.babcock-wanson.com\/pt-pt\/mencoes-legais\/#breadcrumb"},"inLanguage":"pt-PT","potentialAction":[{"@type":"ReadAction","target":["https:\/\/www.babcock-wanson.com\/pt-pt\/mencoes-legais\/"]}]},{"@type":"BreadcrumbList","@id":"https:\/\/www.babcock-wanson.com\/pt-pt\/mencoes-legais\/#breadcrumb","itemListElement":[{"@type":"ListItem","position":1,"name":"Inicio","item":"https:\/\/www.babcock-wanson.com\/pt-pt\/"},{"@type":"ListItem","position":2,"name":"Men\u00e7\u00f5es legais"}]},{"@type":"WebSite","@id":"https:\/\/www.babcock-wanson.com\/pt-pt\/#website","url":"https:\/\/www.babcock-wanson.com\/pt-pt\/","name":"Babcock Wanson","description":"","publisher":{"@id":"https:\/\/www.babcock-wanson.com\/pt-pt\/#organization"},"potentialAction":[{"@type":"SearchAction","target":{"@type":"EntryPoint","urlTemplate":"https:\/\/www.babcock-wanson.com\/pt-pt\/?s={search_term_string}"},"query-input":{"@type":"PropertyValueSpecification","valueRequired":true,"valueName":"search_term_string"}}],"inLanguage":"pt-PT"},{"@type":"Organization","@id":"https:\/\/www.babcock-wanson.com\/pt-pt\/#organization","name":"Babcock Wanson","url":"https:\/\/www.babcock-wanson.com\/pt-pt\/","logo":{"@type":"ImageObject","inLanguage":"pt-PT","@id":"https:\/\/www.babcock-wanson.com\/pt-pt\/#\/schema\/logo\/image\/","url":"https:\/\/www.babcock-wanson.com\/wp-content\/uploads\/2024\/02\/Babcock-Wanson-1200x1200-1.png","contentUrl":"https:\/\/www.babcock-wanson.com\/wp-content\/uploads\/2024\/02\/Babcock-Wanson-1200x1200-1.png","width":1200,"height":1200,"caption":"Babcock Wanson"},"image":{"@id":"https:\/\/www.babcock-wanson.com\/pt-pt\/#\/schema\/logo\/image\/"},"sameAs":["https:\/\/www.linkedin.com\/company\/babcock-wanson\/","https:\/\/www.youtube.com\/channel\/UCtxl25VieBBsP2kYmtlyv7A"]}]}},"jetpack_sharing_enabled":true,"_links":{"self":[{"href":"https:\/\/www.babcock-wanson.com\/pt-pt\/wp-json\/wp\/v2\/pages\/29435","targetHints":{"allow":["GET"]}}],"collection":[{"href":"https:\/\/www.babcock-wanson.com\/pt-pt\/wp-json\/wp\/v2\/pages"}],"about":[{"href":"https:\/\/www.babcock-wanson.com\/pt-pt\/wp-json\/wp\/v2\/types\/page"}],"author":[{"embeddable":true,"href":"https:\/\/www.babcock-wanson.com\/pt-pt\/wp-json\/wp\/v2\/users\/1"}],"replies":[{"embeddable":true,"href":"https:\/\/www.babcock-wanson.com\/pt-pt\/wp-json\/wp\/v2\/comments?post=29435"}],"version-history":[{"count":1,"href":"https:\/\/www.babcock-wanson.com\/pt-pt\/wp-json\/wp\/v2\/pages\/29435\/revisions"}],"predecessor-version":[{"id":45132,"href":"https:\/\/www.babcock-wanson.com\/pt-pt\/wp-json\/wp\/v2\/pages\/29435\/revisions\/45132"}],"wp:attachment":[{"href":"https:\/\/www.babcock-wanson.com\/pt-pt\/wp-json\/wp\/v2\/media?parent=29435"}],"curies":[{"name":"wp","href":"https:\/\/api.w.org\/{rel}","templated":true}]}}