{"id":29636,"date":"2020-07-22T10:53:03","date_gmt":"2020-07-22T09:53:03","guid":{"rendered":"https:\/\/www.babcock-wanson.com\/servicos\/aluguer-de-caldeiras\/"},"modified":"2025-01-28T16:13:59","modified_gmt":"2025-01-28T16:13:59","slug":"aluguer-de-caldeiras","status":"publish","type":"page","link":"https:\/\/www.babcock-wanson.com\/pt-pt\/servicos\/aluguer-de-caldeiras\/","title":{"rendered":"Aluguer de Caldeiras"},"content":{"rendered":"<div class=\"vgblk-rw-wrapper limit-wrapper\">\n<h2>\n\tTemos a <strong>caldeira de que necessita<\/strong>\n\t<\/h2>\n\t<p>A Babcock Wanson disponibiliza uma vasta gama de caldeiras para aluguer, que satisfazem as necessidades dos nossos clientes, seja qual for a situa\u00e7\u00e3o.<\/p>\n<p>Tipos de caldeiras, de 90 kW a 12 000 kW:<\/p>\n<ul>\n<li>Caldeiras de vapor<\/li>\n<li><a href=\"https:\/\/www.babcock-wanson.com\/pt-pt\/categoria-produto\/caldeiras-de-vaporizacao-rapida\/\">Caldeiras de vaporiza\u00e7\u00e3o r\u00e1pida<\/a><\/li>\n<li><a href=\"https:\/\/www.babcock-wanson.com\/pt-pt\/categoria-produto\/caldeiras-de-fluido-termico\/\">Caldeiras de fluido t\u00e9rmico<\/a><\/li>\n<li>Caldeiras contentorizadas<\/li>\n<li>Caldeiras montadas sobre patins<\/li>\n<\/ul>\n<p>As nossas caldeiras para aluguer, s\u00e3o os modelos mais recentes totalmente autom\u00e1ticos, muitas vezes novos em folha, todos eles inspecionados por entidades acreditadas. Temos mais de 200 caldeiras e salas de caldeiras m\u00f3veis dispon\u00edveis para aluguer, incluindo caldeiras montadas sobre patins ou em contentores, prontas para liga\u00e7\u00e3o imediata.<\/p>\n<p>Disponibilizamos tamb\u00e9m o aluguer de outros equipamentos, como unidades de <a href=\"https:\/\/www.babcock-wanson.com\/pt-pt\/categoria-produto\/tratamento-de-agua-industrial\/\">tratamento de \u00e1gua<\/a> m\u00f3veis, <a href=\"https:\/\/www.babcock-wanson.com\/pt-pt\/produtos\/tratamento-de-agua-industrial\/descalcificador-industrial\/\">descalcificadores<\/a>, reservat\u00f3rios para armazenamento de combust\u00edvel, geradores e conex\u00f5es flex\u00edveis para interliga\u00e7\u00e3o.<\/p>\n<h3>\n\tPorqu\u00ea <strong>alugar uma caldeira<\/strong>?\n\t<\/h3>\n\t<p>O aluguer de caldeiras \u00e9 uma solu\u00e7\u00e3o c\u00f3moda, flex\u00edvel e rent\u00e1vel de curto a m\u00e9dio prazo para os requisitos de aumento do calor resultantes de necessidades sazonais, trabalhos na sala de caldeiras, requisitos de seguran\u00e7a adicional, encerramento planeado\/n\u00e3o planeado ou qualquer outra conting\u00eancia.<\/p>\n<p>Podemos fornecer caldeiras em patins ou contentores para qualquer localiza\u00e7\u00e3o na Europa e no norte de \u00c1frica.\u00a0 Os nossos t\u00e9cnicos podem organizar a instala\u00e7\u00e3o da caldeira e o respetivo comissionamento, bem como prestar assist\u00eancia t\u00e9cnica e <a href=\"https:\/\/www.babcock-wanson.com\/pt-pt\/servicos\/formacao-em-conducao-de-caldeiras\/\">forma\u00e7\u00e3o<\/a> do pessoal para m\u00e1xima comodidade, se necess\u00e1rio.<\/p>\n<p>Com o servi\u00e7o de aluguer de caldeiras da Babcock Wanson obt\u00e9m o seguinte:<\/p>\n<ul>\n<li>Inexist\u00eancia de restri\u00e7\u00f5es fixas em termos de regulamentos de engenharia civil ou de constru\u00e7\u00e3o<\/li>\n<li>Facilidade de transporte para dimens\u00f5es padr\u00f5es (s\u00e3o utilizados contentores padr\u00f5es para o transporte rodovi\u00e1rio normal)<\/li>\n<li>Instala\u00e7\u00e3o, liga\u00e7\u00e3o e arranque muito r\u00e1pidos<\/li>\n<li>Custos controlados, com possibilidade de financiamento integral<\/li>\n<li>Sala de caldeiras pr\u00e9-fabricada, equipada e testada, com garantia do fabricante<\/li>\n<\/ul>\n<p>&nbsp;<\/p>\n<h3>Visite o nosso s\u00edtio Web dedicado ao aluguer: <a href=\"https:\/\/www.babcock-wanson-rental.com\" target=\"_blank\" rel=\"noopener\">https:\/\/www.babcock-wanson-rental.com<\/a><\/h3>\n<h5>\n\tN\u00d3S TAMB\u00c9M TEMOS \n\t<\/h5>\n<h2>\n\t<strong>Servi\u00e7os<\/strong> Complementares <br \/>\n\t<\/h2>\n<h4>\n\t\t\t<a href=\"https:\/\/www.babcock-wanson.com\/pt-pt\/servicos\/aluguer-de-caldeiras\/\" title=\"Aluguer de Caldeiras\" target=\"_self\">\n\tAluguer de Caldeiras\n\t\t\t<\/a>\n\t<\/h4>\n\t<p>A <strong>Babcock Wanson<\/strong> disponibiliza em regime de aluguer, de uma vasta gama de caldeiras, para ir ao encontro das suas necessidades de energia, seja qual for a situa\u00e7\u00e3o<\/p>\n<h4>\n\t\t\t<a href=\"https:\/\/www.babcock-wanson.com\/pt-pt\/servicos\/formacao-sobre-caldeiras\/\" title=\"Forma\u00e7\u00e3o em condu\u00e7\u00e3o de caldeiras\" target=\"_self\">\n\tForma\u00e7\u00e3o em condu\u00e7\u00e3o de caldeiras\n\t\t\t<\/a>\n\t<\/h4>\n\t<p>Para o ajudar a tirar o m\u00e1ximo partido do(s) seu(s) equipamento(s), a <strong>Babcock Wanson<\/strong> disponibiliza um vasto leque de op\u00e7\u00f5es de forma\u00e7\u00e3o.<\/p>\n<h4>\n\t\t\t<a href=\"https:\/\/www.babcock-wanson.com\/pt-pt\/servicos\/recondicionamento-e-atualizacao\/otimizacao-da-casa-das-caldeiras\/\" title=\"Otimiza\u00e7\u00e3o da \"casa das caldeiras\"\" target=\"_self\">\n\tOtimiza\u00e7\u00e3o da &#8220;casa das caldeiras&#8221;\n\t\t\t<\/a>\n\t<\/h4>\n\t<p>Os engenheiros da <strong>Babcock Wanson<\/strong>, elaboram um relat\u00f3rio pormenorizado, de como pode melhorar funcionamento e maximizar a efici\u00eancia global.<\/p>\n\n<\/div><!-- .vgblk-rw-wrapper -->","protected":false},"excerpt":{"rendered":"<p>Temos a caldeira de que necessita A Babcock Wanson disponibiliza uma vasta gama de caldeiras para aluguer, que satisfazem as necessidades dos nossos clientes, seja qual for a situa\u00e7\u00e3o. Tipos de caldeiras, de 90 kW a 12 000 kW: Caldeiras de vapor Caldeiras de vaporiza\u00e7\u00e3o r\u00e1pida Caldeiras de fluido t\u00e9rmico Caldeiras contentorizadas Caldeiras montadas sobre&#8230;<\/p>\n","protected":false},"author":1,"featured_media":0,"parent":29494,"menu_order":0,"comment_status":"closed","ping_status":"closed","template":"","meta":{"_acf_changed":false,"_relevanssi_hide_post":"","_relevanssi_hide_content":"","_relevanssi_pin_for_all":"","_relevanssi_pin_keywords":"","_relevanssi_unpin_keywords":"","_relevanssi_related_keywords":"","_relevanssi_related_include_ids":"","_relevanssi_related_exclude_ids":"","_relevanssi_related_no_append":"","_relevanssi_related_not_related":"","_relevanssi_related_posts":"","_relevanssi_noindex_reason":"","footnotes":""},"class_list":["post-29636","page","type-page","status-publish","hentry"],"acf":[],"yoast_head":"<!-- This site is optimized with the Yoast SEO Premium plugin v27.4 (Yoast SEO v27.4) - https:\/\/yoast.com\/product\/yoast-seo-premium-wordpress\/ -->\n<title>Aluguer de Caldeiras - Babcock Wanson<\/title>\n<meta name=\"description\" content=\"A Babcock Wanson disponibiliza uma vasta gama de caldeiras para aluguer, que satisfazem as necessidades dos nossos clientes, seja qual for a situa\u00e7\u00e3o.\" \/>\n<meta name=\"robots\" content=\"index, follow, max-snippet:-1, max-image-preview:large, max-video-preview:-1\" \/>\n<link rel=\"canonical\" href=\"https:\/\/www.babcock-wanson.com\/pt-pt\/servicos\/aluguer-de-caldeiras\/\" \/>\n<meta property=\"og:locale\" content=\"pt_PT\" \/>\n<meta property=\"og:type\" content=\"article\" \/>\n<meta property=\"og:title\" content=\"Aluguer de Caldeiras\" \/>\n<meta property=\"og:description\" content=\"A Babcock Wanson disponibiliza uma vasta gama de caldeiras para aluguer, que satisfazem as necessidades dos nossos clientes, seja qual for a situa\u00e7\u00e3o.\" \/>\n<meta property=\"og:url\" content=\"https:\/\/www.babcock-wanson.com\/pt-pt\/servicos\/aluguer-de-caldeiras\/\" \/>\n<meta property=\"og:site_name\" content=\"Babcock Wanson\" \/>\n<meta property=\"article:modified_time\" content=\"2025-01-28T16:13:59+00:00\" \/>\n<meta property=\"og:image\" content=\"https:\/\/www.babcock-wanson.com\/wp-content\/uploads\/2024\/02\/Babcock-Wanson-1200x1200-1.png\" \/>\n\t<meta property=\"og:image:width\" content=\"1200\" \/>\n\t<meta property=\"og:image:height\" content=\"1200\" \/>\n\t<meta property=\"og:image:type\" content=\"image\/png\" \/>\n<meta name=\"twitter:card\" content=\"summary_large_image\" \/>\n<meta name=\"twitter:label1\" content=\"Est. reading time\" \/>\n\t<meta name=\"twitter:data1\" content=\"2 minutos\" \/>\n<script type=\"application\/ld+json\" class=\"yoast-schema-graph\">{\"@context\":\"https:\\\/\\\/schema.org\",\"@graph\":[{\"@type\":\"WebPage\",\"@id\":\"https:\\\/\\\/www.babcock-wanson.com\\\/pt-pt\\\/servicos\\\/aluguer-de-caldeiras\\\/\",\"url\":\"https:\\\/\\\/www.babcock-wanson.com\\\/pt-pt\\\/servicos\\\/aluguer-de-caldeiras\\\/\",\"name\":\"Aluguer de Caldeiras - Babcock Wanson\",\"isPartOf\":{\"@id\":\"https:\\\/\\\/www.babcock-wanson.com\\\/pt-pt\\\/#website\"},\"datePublished\":\"2020-07-22T09:53:03+00:00\",\"dateModified\":\"2025-01-28T16:13:59+00:00\",\"description\":\"A Babcock Wanson disponibiliza uma vasta gama de caldeiras para aluguer, que satisfazem as necessidades dos nossos clientes, seja qual for a situa\u00e7\u00e3o.\",\"breadcrumb\":{\"@id\":\"https:\\\/\\\/www.babcock-wanson.com\\\/pt-pt\\\/servicos\\\/aluguer-de-caldeiras\\\/#breadcrumb\"},\"inLanguage\":\"pt-PT\",\"potentialAction\":[{\"@type\":\"ReadAction\",\"target\":[\"https:\\\/\\\/www.babcock-wanson.com\\\/pt-pt\\\/servicos\\\/aluguer-de-caldeiras\\\/\"]}]},{\"@type\":\"BreadcrumbList\",\"@id\":\"https:\\\/\\\/www.babcock-wanson.com\\\/pt-pt\\\/servicos\\\/aluguer-de-caldeiras\\\/#breadcrumb\",\"itemListElement\":[{\"@type\":\"ListItem\",\"position\":1,\"name\":\"Inicio\",\"item\":\"https:\\\/\\\/www.babcock-wanson.com\\\/pt-pt\\\/\"},{\"@type\":\"ListItem\",\"position\":2,\"name\":\"Servi\u00e7os\",\"item\":\"https:\\\/\\\/www.babcock-wanson.com\\\/pt-pt\\\/servicos\\\/\"},{\"@type\":\"ListItem\",\"position\":3,\"name\":\"Aluguer de Caldeiras\"}]},{\"@type\":\"WebSite\",\"@id\":\"https:\\\/\\\/www.babcock-wanson.com\\\/pt-pt\\\/#website\",\"url\":\"https:\\\/\\\/www.babcock-wanson.com\\\/pt-pt\\\/\",\"name\":\"Babcock Wanson\",\"description\":\"\",\"publisher\":{\"@id\":\"https:\\\/\\\/www.babcock-wanson.com\\\/pt-pt\\\/#organization\"},\"potentialAction\":[{\"@type\":\"SearchAction\",\"target\":{\"@type\":\"EntryPoint\",\"urlTemplate\":\"https:\\\/\\\/www.babcock-wanson.com\\\/pt-pt\\\/?s={search_term_string}\"},\"query-input\":{\"@type\":\"PropertyValueSpecification\",\"valueRequired\":true,\"valueName\":\"search_term_string\"}}],\"inLanguage\":\"pt-PT\"},{\"@type\":\"Organization\",\"@id\":\"https:\\\/\\\/www.babcock-wanson.com\\\/pt-pt\\\/#organization\",\"name\":\"Babcock Wanson\",\"url\":\"https:\\\/\\\/www.babcock-wanson.com\\\/pt-pt\\\/\",\"logo\":{\"@type\":\"ImageObject\",\"inLanguage\":\"pt-PT\",\"@id\":\"https:\\\/\\\/www.babcock-wanson.com\\\/pt-pt\\\/#\\\/schema\\\/logo\\\/image\\\/\",\"url\":\"https:\\\/\\\/www.babcock-wanson.com\\\/wp-content\\\/uploads\\\/2024\\\/02\\\/Babcock-Wanson-1200x1200-1.png\",\"contentUrl\":\"https:\\\/\\\/www.babcock-wanson.com\\\/wp-content\\\/uploads\\\/2024\\\/02\\\/Babcock-Wanson-1200x1200-1.png\",\"width\":1200,\"height\":1200,\"caption\":\"Babcock Wanson\"},\"image\":{\"@id\":\"https:\\\/\\\/www.babcock-wanson.com\\\/pt-pt\\\/#\\\/schema\\\/logo\\\/image\\\/\"},\"sameAs\":[\"https:\\\/\\\/www.linkedin.com\\\/company\\\/babcock-wanson\\\/\",\"https:\\\/\\\/www.youtube.com\\\/channel\\\/UCtxl25VieBBsP2kYmtlyv7A\"]}]}<\/script>\n<!-- \/ Yoast SEO Premium plugin. -->","yoast_head_json":{"title":"Aluguer de Caldeiras - Babcock Wanson","description":"A Babcock Wanson disponibiliza uma vasta gama de caldeiras para aluguer, que satisfazem as necessidades dos nossos clientes, seja qual for a situa\u00e7\u00e3o.","robots":{"index":"index","follow":"follow","max-snippet":"max-snippet:-1","max-image-preview":"max-image-preview:large","max-video-preview":"max-video-preview:-1"},"canonical":"https:\/\/www.babcock-wanson.com\/pt-pt\/servicos\/aluguer-de-caldeiras\/","og_locale":"pt_PT","og_type":"article","og_title":"Aluguer de Caldeiras","og_description":"A Babcock Wanson disponibiliza uma vasta gama de caldeiras para aluguer, que satisfazem as necessidades dos nossos clientes, seja qual for a situa\u00e7\u00e3o.","og_url":"https:\/\/www.babcock-wanson.com\/pt-pt\/servicos\/aluguer-de-caldeiras\/","og_site_name":"Babcock Wanson","article_modified_time":"2025-01-28T16:13:59+00:00","og_image":[{"width":1200,"height":1200,"url":"https:\/\/www.babcock-wanson.com\/wp-content\/uploads\/2024\/02\/Babcock-Wanson-1200x1200-1.png","type":"image\/png"}],"twitter_card":"summary_large_image","twitter_misc":{"Est. reading time":"2 minutos"},"schema":{"@context":"https:\/\/schema.org","@graph":[{"@type":"WebPage","@id":"https:\/\/www.babcock-wanson.com\/pt-pt\/servicos\/aluguer-de-caldeiras\/","url":"https:\/\/www.babcock-wanson.com\/pt-pt\/servicos\/aluguer-de-caldeiras\/","name":"Aluguer de Caldeiras - Babcock Wanson","isPartOf":{"@id":"https:\/\/www.babcock-wanson.com\/pt-pt\/#website"},"datePublished":"2020-07-22T09:53:03+00:00","dateModified":"2025-01-28T16:13:59+00:00","description":"A Babcock Wanson disponibiliza uma vasta gama de caldeiras para aluguer, que satisfazem as necessidades dos nossos clientes, seja qual for a situa\u00e7\u00e3o.","breadcrumb":{"@id":"https:\/\/www.babcock-wanson.com\/pt-pt\/servicos\/aluguer-de-caldeiras\/#breadcrumb"},"inLanguage":"pt-PT","potentialAction":[{"@type":"ReadAction","target":["https:\/\/www.babcock-wanson.com\/pt-pt\/servicos\/aluguer-de-caldeiras\/"]}]},{"@type":"BreadcrumbList","@id":"https:\/\/www.babcock-wanson.com\/pt-pt\/servicos\/aluguer-de-caldeiras\/#breadcrumb","itemListElement":[{"@type":"ListItem","position":1,"name":"Inicio","item":"https:\/\/www.babcock-wanson.com\/pt-pt\/"},{"@type":"ListItem","position":2,"name":"Servi\u00e7os","item":"https:\/\/www.babcock-wanson.com\/pt-pt\/servicos\/"},{"@type":"ListItem","position":3,"name":"Aluguer de Caldeiras"}]},{"@type":"WebSite","@id":"https:\/\/www.babcock-wanson.com\/pt-pt\/#website","url":"https:\/\/www.babcock-wanson.com\/pt-pt\/","name":"Babcock Wanson","description":"","publisher":{"@id":"https:\/\/www.babcock-wanson.com\/pt-pt\/#organization"},"potentialAction":[{"@type":"SearchAction","target":{"@type":"EntryPoint","urlTemplate":"https:\/\/www.babcock-wanson.com\/pt-pt\/?s={search_term_string}"},"query-input":{"@type":"PropertyValueSpecification","valueRequired":true,"valueName":"search_term_string"}}],"inLanguage":"pt-PT"},{"@type":"Organization","@id":"https:\/\/www.babcock-wanson.com\/pt-pt\/#organization","name":"Babcock Wanson","url":"https:\/\/www.babcock-wanson.com\/pt-pt\/","logo":{"@type":"ImageObject","inLanguage":"pt-PT","@id":"https:\/\/www.babcock-wanson.com\/pt-pt\/#\/schema\/logo\/image\/","url":"https:\/\/www.babcock-wanson.com\/wp-content\/uploads\/2024\/02\/Babcock-Wanson-1200x1200-1.png","contentUrl":"https:\/\/www.babcock-wanson.com\/wp-content\/uploads\/2024\/02\/Babcock-Wanson-1200x1200-1.png","width":1200,"height":1200,"caption":"Babcock Wanson"},"image":{"@id":"https:\/\/www.babcock-wanson.com\/pt-pt\/#\/schema\/logo\/image\/"},"sameAs":["https:\/\/www.linkedin.com\/company\/babcock-wanson\/","https:\/\/www.youtube.com\/channel\/UCtxl25VieBBsP2kYmtlyv7A"]}]}},"jetpack_sharing_enabled":true,"_links":{"self":[{"href":"https:\/\/www.babcock-wanson.com\/pt-pt\/wp-json\/wp\/v2\/pages\/29636","targetHints":{"allow":["GET"]}}],"collection":[{"href":"https:\/\/www.babcock-wanson.com\/pt-pt\/wp-json\/wp\/v2\/pages"}],"about":[{"href":"https:\/\/www.babcock-wanson.com\/pt-pt\/wp-json\/wp\/v2\/types\/page"}],"author":[{"embeddable":true,"href":"https:\/\/www.babcock-wanson.com\/pt-pt\/wp-json\/wp\/v2\/users\/1"}],"replies":[{"embeddable":true,"href":"https:\/\/www.babcock-wanson.com\/pt-pt\/wp-json\/wp\/v2\/comments?post=29636"}],"version-history":[{"count":2,"href":"https:\/\/www.babcock-wanson.com\/pt-pt\/wp-json\/wp\/v2\/pages\/29636\/revisions"}],"predecessor-version":[{"id":50732,"href":"https:\/\/www.babcock-wanson.com\/pt-pt\/wp-json\/wp\/v2\/pages\/29636\/revisions\/50732"}],"up":[{"embeddable":true,"href":"https:\/\/www.babcock-wanson.com\/pt-pt\/wp-json\/wp\/v2\/pages\/29494"}],"wp:attachment":[{"href":"https:\/\/www.babcock-wanson.com\/pt-pt\/wp-json\/wp\/v2\/media?parent=29636"}],"curies":[{"name":"wp","href":"https:\/\/api.w.org\/{rel}","templated":true}]}}