{"id":29761,"date":"2020-07-22T13:54:39","date_gmt":"2020-07-22T12:54:39","guid":{"rendered":"https:\/\/www.babcock-wanson.com\/recursos\/brochuras\/"},"modified":"2024-05-24T14:31:20","modified_gmt":"2024-05-24T13:31:20","slug":"brochuras","status":"publish","type":"page","link":"https:\/\/www.babcock-wanson.com\/pt-pt\/recursos\/brochuras\/","title":{"rendered":"Brochuras"},"content":{"rendered":"<div class=\"vgblk-rw-wrapper limit-wrapper\">\n\n\t<h2>O compromisso da <strong>Babcock Wanson<\/strong>, com a qualidade vai muito al\u00e9m do produto.<\/h2>\n<h4>Our range of services are designed to ensure you receive the best after sales support possible, whether you simply need a replacement part through to a maintenance service contract or training, right up to a complete boiler room refurbishment.<\/h4>\n\t<h4>O nosso leque de servi\u00e7os, foi pensado para garantir, que recebe o melhor suporte p\u00f3s-venda poss\u00edvel e que os seus equipamentos da Babcock Wanson, funcionam com a m\u00e1xima efici\u00eancia durante o m\u00e1ximo de tempo poss\u00edvel, com per\u00edodos de inatividade m\u00ednimos.<\/h4>\n<h4>Temos uma sele\u00e7\u00e3o de brochuras dispon\u00edveis para descarga. Para transferir o documento PDF de que necessita, basta clicar na hiperliga\u00e7\u00e3o abaixo.<\/h4>\n<h3>\n\tBrochuras\n\t<\/h3>\n\t<h4>Caldeiras de fluido t\u00e9rmico<\/h4>\n<ul>\n<li><a href=\"https:\/\/www.babcock-wanson.com\/wp-content\/uploads\/2020\/08\/Brochura_Caldeiras-de-fluido-t\u00e9rmico_TPC-B.pdf\" target=\"_blank\" rel=\"noopener\">Caldeiras de fluido t\u00e9rmico TPC-B (PDF)<\/a><\/li>\n<li><a href=\"https:\/\/www.babcock-wanson.com\/wp-content\/uploads\/2020\/08\/Brochura_Caldeiras-de-fluido-t\u00e9rmico_EPC-ES-e-HRV.pdf\" target=\"_blank\" rel=\"noopener\">Caldeiras de fluido t\u00e9rmico EPC-ES \u00a0(PDF)<\/a><\/li>\n<\/ul>\n\t<h4>Aquecedores de ar industrial<\/h4>\n<ul>\n<li><a href=\"https:\/\/www.babcock-wanson.com\/wp-content\/uploads\/2020\/07\/Brochure_Industri\u00eble-procesluchtverwarmer-1.pdf\" target=\"_blank\" rel=\"noopener\">Aquecedores de ar industrial (PDF)<\/a><\/li>\n<\/ul>\n\t<h4>Caldeiras el\u00e9tricas industriais<\/h4>\n<ul>\n<li><a href=\"https:\/\/www.babcock-wanson.com\/wp-content\/uploads\/2021\/11\/Caldeiras-eletricas-industriais-e-Pack-Otubro-2021-Issue-2.pdf\" target=\"_blank\" rel=\"noopener\">Caldeiras el\u00e9tricas industriais e-Pack (PDF)<\/a><\/li>\n<\/ul>\n\t<h4>Caldeiras de vaporiza\u00e7\u00e3o r\u00e1pida<\/h4>\n<ul>\n<li><a href=\"https:\/\/www.babcock-wanson.com\/wp-content\/uploads\/2020\/08\/Brochura_Caldeiras-de-vaporiza\u00e7\u00e3o-r\u00e1pida_VAP-Premium.pdf\" target=\"_blank\" rel=\"noopener\">Caldeiras de vaporiza\u00e7\u00e3o r\u00e1pida VAP Premium (PDF)<\/a><\/li>\n<li><a href=\"\/wp-content\/uploads\/2019\/12\/VAP_RR_Rapid_Steam_Generator.pdf\" target=\"_blank\" rel=\"noopener\">Caldeiras de vaporiza\u00e7\u00e3o r\u00e1pida VAP RR (PDF)<\/a><\/li>\n<\/ul>\n\t<h4>Caldeiras de tubos de fumo<\/h4>\n<ul>\n<li><a href=\"https:\/\/www.babcock-wanson.com\/wp-content\/uploads\/2020\/08\/Brochura-Caldeiras-de-tubos-de-fumo-NBWB-Aug-2021-issue-2.pdf\" target=\"_blank\" rel=\"noopener\">Caldeiras de tubos de fumo NBWB (PDF)<\/a><\/li>\n<li><a href=\"https:\/\/www.babcock-wanson.com\/wp-content\/uploads\/2020\/08\/Brochura_-Caldeiras-de-vapor-tubos-de-fumo_BWR.pdf\" target=\"_blank\" rel=\"noopener\">Caldeiras de tubos de fumo BWR (PDF)<\/a><\/li>\n<li><a href=\"https:\/\/www.babcock-wanson.com\/wp-content\/uploads\/2020\/08\/BWD-Caldeira-de-tubos-de-fumo-PT-Aug-2021-issue-2-no-cropmarks.pdf\" target=\"_blank\" rel=\"noopener\">Caldeiras de tubos de fumo BWD (PDF)<\/a><\/li>\n<li><a href=\"https:\/\/www.babcock-wanson.com\/wp-content\/uploads\/2020\/10\/caldeira-de-tubos-de-fumo_STEAMPACK-REV2.pdf\" target=\"_blank\" rel=\"noopener\"> Caldeiras de tubos de fumo SteamPack (PDF)<\/a><\/li>\n<li><a href=\"https:\/\/www.babcock-wanson.com\/wp-content\/uploads\/2023\/10\/Caldeiras-de-tubos-de-fumo-Powerpack-Maio-2024-issue-1.pdf\" target=\"_blank\" rel=\"noopener\">Caldeiras de tubos de fumo PowerPack (PDF)<\/a><\/li>\n<li><a href=\"https:\/\/www.babcock-wanson.com\/wp-content\/uploads\/2019\/03\/TwinPack-Caldeiras-de-fornalha-dupla-PT-Sep-2021-issue-1.pdf\" target=\"_blank\" rel=\"noopener\"> Caldeiras de tubos de fumo TwinPack (PDF)<\/a><\/li>\n<\/ul>\n<h5>\n\tN\u00d3S TAMB\u00c9M TEMOS \n\t<\/h5>\n<h2>\n\t<strong>Servi\u00e7os<\/strong> Complementares <br \/>\n\t<\/h2>\n<h4>\n\t\t\t<a href=\"https:\/\/www.babcock-wanson.com\/pt-pt\/servicos\/aluguer-de-caldeiras\/\" title=\"Aluguer de Caldeiras\" target=\"_self\" rel=\"noopener\">\n\tAluguer de Caldeiras\n\t\t\t<\/a>\n\t<\/h4>\n\t<p>A <strong>Babcock Wanson<\/strong> disponibiliza em regime de aluguer, de uma vasta gama de caldeiras, para ir ao encontro das suas necessidades de energia, seja qual for a situa\u00e7\u00e3o<\/p>\n\t<a href=\"https:\/\/www.babcock-wanson.com\/pt-pt\/servicos\/aluguer-de-caldeiras\/\" target=\"_self\" role=\"button\" rel=\"noopener\">\n\t\t\t\t\tSaiba mais\n\t<\/a>\n<h4>\n\t\t\t<a href=\"https:\/\/www.babcock-wanson.com\/pt-pt\/servicos\/formacao-sobre-caldeiras\/\" title=\"Forma\u00e7\u00e3o em Opera\u00e7\u00e3o\" target=\"_self\" rel=\"noopener\">\n\tForma\u00e7\u00e3o em Opera\u00e7\u00e3o\n\t\t\t<\/a>\n\t<\/h4>\n\t<p>Para o ajudar a tirar o m\u00e1ximo partido do(s) seu(s) equipamento(s), a <strong>Babcock Wanson<\/strong> disponibiliza um vasto leque de op\u00e7\u00f5es de forma\u00e7\u00e3o.<\/p>\n\t<a href=\"https:\/\/www.babcock-wanson.com\/pt-pt\/servicos\/formacao-sobre-caldeiras\/\" target=\"_self\" role=\"button\" rel=\"noopener\">\n\t\t\t\t\tSaiba mais\n\t<\/a>\n<h4>\n\t\t\t<a href=\"https:\/\/www.babcock-wanson.com\/pt-pt\/servicos\/recondicinamento-e-atualizacao\/otimizacao-da-casa-das-caldeiras\/\" title=\"Otimiza\u00e7\u00e3o da central t\u00e9rmica\" target=\"_self\" rel=\"noopener\">\n\tOtimiza\u00e7\u00e3o da central t\u00e9rmica\n\t\t\t<\/a>\n\t<\/h4>\n\t<p>Os engenheiros da <strong>Babcock Wanson<\/strong>, elaboram um relat\u00f3rio pormenorizado, de como pode melhorar funcionamento e maximizar a efici\u00eancia global.<\/p>\n\t<a href=\"https:\/\/www.babcock-wanson.com\/pt-pt\/servicos\/recondicinamento-e-atualizacao\/otimizacao-da-casa-das-caldeiras\/\" target=\"_self\" role=\"button\" rel=\"noopener\">\n\t\t\t\t\tSaiba mais\n\t<\/a>\n<h4>\n\t\t\t<a href=\"https:\/\/www.babcock-wanson.com\/pt-pt\/contacte-nos\/\" title=\"Necessita de assist\u00eancia?\" target=\"_self\" rel=\"noopener\">\n\tNecessita de assist\u00eancia?\n\t\t\t<\/a>\n\t<\/h4>\n\t<p>Para obter assist\u00eancia pr\u00e9-venda ou p\u00f3s-venda, contacte a <strong>Babcock Wanson<\/strong> mais pr\u00f3xima da sua <a href=\"https:\/\/www.babcock-wanson.com\/pt-pt\/contacte-nos\/localizacoes\/\">localiza\u00e7\u00e3o geogr\u00e1fica<\/a>.<\/p>\n\t<a href=\"https:\/\/www.babcock-wanson.com\/pt-pt\/contacte-nos\/localizacoes\/\" target=\"_self\" role=\"button\" rel=\"noopener\">\n\t\t\t\t\tSaiba mais\n\t<\/a>\n<h2>\n\tLigue-me de <b>volta&#8230;<\/b>\n\t<\/h2>\n<h4>\n\tTodos os aspectos no design, organiza\u00e7\u00e3o e servi\u00e7os dos nossos produtos, s\u00e3o orientados para as necessidades dos nossos clientes.\n\t<\/h4>\n\tAviso: Este conte\u00fado necessita do JavaScript.\n        <!-- That data is being printed as a workaround to page builders reordering the order of the scripts loaded-->\n        \n<\/div><!-- .vgblk-rw-wrapper -->","protected":false},"excerpt":{"rendered":"<p>O compromisso da Babcock Wanson, com a qualidade vai muito al\u00e9m do produto. Our range of services are designed to ensure you receive the best after sales support possible, whether you simply need a replacement part through to a maintenance service contract or training, right up to a complete boiler room refurbishment. O nosso leque&#8230;<\/p>\n","protected":false},"author":1,"featured_media":0,"parent":29738,"menu_order":0,"comment_status":"closed","ping_status":"closed","template":"","meta":{"_acf_changed":false,"_relevanssi_hide_post":"","_relevanssi_hide_content":"","_relevanssi_pin_for_all":"","_relevanssi_pin_keywords":"","_relevanssi_unpin_keywords":"","_relevanssi_related_keywords":"","_relevanssi_related_include_ids":"","_relevanssi_related_exclude_ids":"","_relevanssi_related_no_append":"","_relevanssi_related_not_related":"","_relevanssi_related_posts":"","_relevanssi_noindex_reason":"","footnotes":""},"class_list":["post-29761","page","type-page","status-publish","hentry"],"acf":[],"yoast_head":"<!-- This site is optimized with the Yoast SEO Premium plugin v27.4 (Yoast SEO v27.4) - https:\/\/yoast.com\/product\/yoast-seo-premium-wordpress\/ -->\n<title>Brochuras - Babcock Wanson<\/title>\n<meta name=\"description\" content=\"Temos uma sele\u00e7\u00e3o de brochuras dispon\u00edveis para descarga. Para transferir o documento PDF de que necessita, basta clicar na hiperliga\u00e7\u00e3o abaixo.\" \/>\n<meta name=\"robots\" content=\"index, follow, max-snippet:-1, max-image-preview:large, max-video-preview:-1\" \/>\n<link rel=\"canonical\" href=\"https:\/\/www.babcock-wanson.com\/pt-pt\/recursos\/brochuras\/\" \/>\n<meta property=\"og:locale\" content=\"pt_PT\" \/>\n<meta property=\"og:type\" content=\"article\" \/>\n<meta property=\"og:title\" content=\"Brochuras\" \/>\n<meta property=\"og:description\" content=\"Temos uma sele\u00e7\u00e3o de brochuras dispon\u00edveis para descarga. Para transferir o documento PDF de que necessita, basta clicar na hiperliga\u00e7\u00e3o abaixo.\" \/>\n<meta property=\"og:url\" content=\"https:\/\/www.babcock-wanson.com\/pt-pt\/recursos\/brochuras\/\" \/>\n<meta property=\"og:site_name\" content=\"Babcock Wanson\" \/>\n<meta property=\"article:modified_time\" content=\"2024-05-24T13:31:20+00:00\" \/>\n<meta property=\"og:image\" content=\"https:\/\/www.babcock-wanson.com\/wp-content\/uploads\/2024\/02\/Babcock-Wanson-1200x1200-1.png\" \/>\n\t<meta property=\"og:image:width\" content=\"1200\" \/>\n\t<meta property=\"og:image:height\" content=\"1200\" \/>\n\t<meta property=\"og:image:type\" content=\"image\/png\" \/>\n<meta name=\"twitter:card\" content=\"summary_large_image\" \/>\n<meta name=\"twitter:label1\" content=\"Est. reading time\" \/>\n\t<meta name=\"twitter:data1\" content=\"2 minutos\" \/>\n<script type=\"application\/ld+json\" class=\"yoast-schema-graph\">{\"@context\":\"https:\\\/\\\/schema.org\",\"@graph\":[{\"@type\":\"WebPage\",\"@id\":\"https:\\\/\\\/www.babcock-wanson.com\\\/pt-pt\\\/recursos\\\/brochuras\\\/\",\"url\":\"https:\\\/\\\/www.babcock-wanson.com\\\/pt-pt\\\/recursos\\\/brochuras\\\/\",\"name\":\"Brochuras - Babcock Wanson\",\"isPartOf\":{\"@id\":\"https:\\\/\\\/www.babcock-wanson.com\\\/pt-pt\\\/#website\"},\"datePublished\":\"2020-07-22T12:54:39+00:00\",\"dateModified\":\"2024-05-24T13:31:20+00:00\",\"description\":\"Temos uma sele\u00e7\u00e3o de brochuras dispon\u00edveis para descarga. Para transferir o documento PDF de que necessita, basta clicar na hiperliga\u00e7\u00e3o abaixo.\",\"breadcrumb\":{\"@id\":\"https:\\\/\\\/www.babcock-wanson.com\\\/pt-pt\\\/recursos\\\/brochuras\\\/#breadcrumb\"},\"inLanguage\":\"pt-PT\",\"potentialAction\":[{\"@type\":\"ReadAction\",\"target\":[\"https:\\\/\\\/www.babcock-wanson.com\\\/pt-pt\\\/recursos\\\/brochuras\\\/\"]}]},{\"@type\":\"BreadcrumbList\",\"@id\":\"https:\\\/\\\/www.babcock-wanson.com\\\/pt-pt\\\/recursos\\\/brochuras\\\/#breadcrumb\",\"itemListElement\":[{\"@type\":\"ListItem\",\"position\":1,\"name\":\"Inicio\",\"item\":\"https:\\\/\\\/www.babcock-wanson.com\\\/pt-pt\\\/\"},{\"@type\":\"ListItem\",\"position\":2,\"name\":\"Recursos\",\"item\":\"https:\\\/\\\/www.babcock-wanson.com\\\/pt-pt\\\/recursos\\\/\"},{\"@type\":\"ListItem\",\"position\":3,\"name\":\"Brochuras\"}]},{\"@type\":\"WebSite\",\"@id\":\"https:\\\/\\\/www.babcock-wanson.com\\\/pt-pt\\\/#website\",\"url\":\"https:\\\/\\\/www.babcock-wanson.com\\\/pt-pt\\\/\",\"name\":\"Babcock Wanson\",\"description\":\"\",\"publisher\":{\"@id\":\"https:\\\/\\\/www.babcock-wanson.com\\\/pt-pt\\\/#organization\"},\"potentialAction\":[{\"@type\":\"SearchAction\",\"target\":{\"@type\":\"EntryPoint\",\"urlTemplate\":\"https:\\\/\\\/www.babcock-wanson.com\\\/pt-pt\\\/?s={search_term_string}\"},\"query-input\":{\"@type\":\"PropertyValueSpecification\",\"valueRequired\":true,\"valueName\":\"search_term_string\"}}],\"inLanguage\":\"pt-PT\"},{\"@type\":\"Organization\",\"@id\":\"https:\\\/\\\/www.babcock-wanson.com\\\/pt-pt\\\/#organization\",\"name\":\"Babcock Wanson\",\"url\":\"https:\\\/\\\/www.babcock-wanson.com\\\/pt-pt\\\/\",\"logo\":{\"@type\":\"ImageObject\",\"inLanguage\":\"pt-PT\",\"@id\":\"https:\\\/\\\/www.babcock-wanson.com\\\/pt-pt\\\/#\\\/schema\\\/logo\\\/image\\\/\",\"url\":\"https:\\\/\\\/www.babcock-wanson.com\\\/wp-content\\\/uploads\\\/2024\\\/02\\\/Babcock-Wanson-1200x1200-1.png\",\"contentUrl\":\"https:\\\/\\\/www.babcock-wanson.com\\\/wp-content\\\/uploads\\\/2024\\\/02\\\/Babcock-Wanson-1200x1200-1.png\",\"width\":1200,\"height\":1200,\"caption\":\"Babcock Wanson\"},\"image\":{\"@id\":\"https:\\\/\\\/www.babcock-wanson.com\\\/pt-pt\\\/#\\\/schema\\\/logo\\\/image\\\/\"},\"sameAs\":[\"https:\\\/\\\/www.linkedin.com\\\/company\\\/babcock-wanson\\\/\",\"https:\\\/\\\/www.youtube.com\\\/channel\\\/UCtxl25VieBBsP2kYmtlyv7A\"]}]}<\/script>\n<!-- \/ Yoast SEO Premium plugin. -->","yoast_head_json":{"title":"Brochuras - Babcock Wanson","description":"Temos uma sele\u00e7\u00e3o de brochuras dispon\u00edveis para descarga. Para transferir o documento PDF de que necessita, basta clicar na hiperliga\u00e7\u00e3o abaixo.","robots":{"index":"index","follow":"follow","max-snippet":"max-snippet:-1","max-image-preview":"max-image-preview:large","max-video-preview":"max-video-preview:-1"},"canonical":"https:\/\/www.babcock-wanson.com\/pt-pt\/recursos\/brochuras\/","og_locale":"pt_PT","og_type":"article","og_title":"Brochuras","og_description":"Temos uma sele\u00e7\u00e3o de brochuras dispon\u00edveis para descarga. Para transferir o documento PDF de que necessita, basta clicar na hiperliga\u00e7\u00e3o abaixo.","og_url":"https:\/\/www.babcock-wanson.com\/pt-pt\/recursos\/brochuras\/","og_site_name":"Babcock Wanson","article_modified_time":"2024-05-24T13:31:20+00:00","og_image":[{"width":1200,"height":1200,"url":"https:\/\/www.babcock-wanson.com\/wp-content\/uploads\/2024\/02\/Babcock-Wanson-1200x1200-1.png","type":"image\/png"}],"twitter_card":"summary_large_image","twitter_misc":{"Est. reading time":"2 minutos"},"schema":{"@context":"https:\/\/schema.org","@graph":[{"@type":"WebPage","@id":"https:\/\/www.babcock-wanson.com\/pt-pt\/recursos\/brochuras\/","url":"https:\/\/www.babcock-wanson.com\/pt-pt\/recursos\/brochuras\/","name":"Brochuras - Babcock Wanson","isPartOf":{"@id":"https:\/\/www.babcock-wanson.com\/pt-pt\/#website"},"datePublished":"2020-07-22T12:54:39+00:00","dateModified":"2024-05-24T13:31:20+00:00","description":"Temos uma sele\u00e7\u00e3o de brochuras dispon\u00edveis para descarga. Para transferir o documento PDF de que necessita, basta clicar na hiperliga\u00e7\u00e3o abaixo.","breadcrumb":{"@id":"https:\/\/www.babcock-wanson.com\/pt-pt\/recursos\/brochuras\/#breadcrumb"},"inLanguage":"pt-PT","potentialAction":[{"@type":"ReadAction","target":["https:\/\/www.babcock-wanson.com\/pt-pt\/recursos\/brochuras\/"]}]},{"@type":"BreadcrumbList","@id":"https:\/\/www.babcock-wanson.com\/pt-pt\/recursos\/brochuras\/#breadcrumb","itemListElement":[{"@type":"ListItem","position":1,"name":"Inicio","item":"https:\/\/www.babcock-wanson.com\/pt-pt\/"},{"@type":"ListItem","position":2,"name":"Recursos","item":"https:\/\/www.babcock-wanson.com\/pt-pt\/recursos\/"},{"@type":"ListItem","position":3,"name":"Brochuras"}]},{"@type":"WebSite","@id":"https:\/\/www.babcock-wanson.com\/pt-pt\/#website","url":"https:\/\/www.babcock-wanson.com\/pt-pt\/","name":"Babcock Wanson","description":"","publisher":{"@id":"https:\/\/www.babcock-wanson.com\/pt-pt\/#organization"},"potentialAction":[{"@type":"SearchAction","target":{"@type":"EntryPoint","urlTemplate":"https:\/\/www.babcock-wanson.com\/pt-pt\/?s={search_term_string}"},"query-input":{"@type":"PropertyValueSpecification","valueRequired":true,"valueName":"search_term_string"}}],"inLanguage":"pt-PT"},{"@type":"Organization","@id":"https:\/\/www.babcock-wanson.com\/pt-pt\/#organization","name":"Babcock Wanson","url":"https:\/\/www.babcock-wanson.com\/pt-pt\/","logo":{"@type":"ImageObject","inLanguage":"pt-PT","@id":"https:\/\/www.babcock-wanson.com\/pt-pt\/#\/schema\/logo\/image\/","url":"https:\/\/www.babcock-wanson.com\/wp-content\/uploads\/2024\/02\/Babcock-Wanson-1200x1200-1.png","contentUrl":"https:\/\/www.babcock-wanson.com\/wp-content\/uploads\/2024\/02\/Babcock-Wanson-1200x1200-1.png","width":1200,"height":1200,"caption":"Babcock Wanson"},"image":{"@id":"https:\/\/www.babcock-wanson.com\/pt-pt\/#\/schema\/logo\/image\/"},"sameAs":["https:\/\/www.linkedin.com\/company\/babcock-wanson\/","https:\/\/www.youtube.com\/channel\/UCtxl25VieBBsP2kYmtlyv7A"]}]}},"jetpack_sharing_enabled":true,"_links":{"self":[{"href":"https:\/\/www.babcock-wanson.com\/pt-pt\/wp-json\/wp\/v2\/pages\/29761","targetHints":{"allow":["GET"]}}],"collection":[{"href":"https:\/\/www.babcock-wanson.com\/pt-pt\/wp-json\/wp\/v2\/pages"}],"about":[{"href":"https:\/\/www.babcock-wanson.com\/pt-pt\/wp-json\/wp\/v2\/types\/page"}],"author":[{"embeddable":true,"href":"https:\/\/www.babcock-wanson.com\/pt-pt\/wp-json\/wp\/v2\/users\/1"}],"replies":[{"embeddable":true,"href":"https:\/\/www.babcock-wanson.com\/pt-pt\/wp-json\/wp\/v2\/comments?post=29761"}],"version-history":[{"count":10,"href":"https:\/\/www.babcock-wanson.com\/pt-pt\/wp-json\/wp\/v2\/pages\/29761\/revisions"}],"predecessor-version":[{"id":48326,"href":"https:\/\/www.babcock-wanson.com\/pt-pt\/wp-json\/wp\/v2\/pages\/29761\/revisions\/48326"}],"up":[{"embeddable":true,"href":"https:\/\/www.babcock-wanson.com\/pt-pt\/wp-json\/wp\/v2\/pages\/29738"}],"wp:attachment":[{"href":"https:\/\/www.babcock-wanson.com\/pt-pt\/wp-json\/wp\/v2\/media?parent=29761"}],"curies":[{"name":"wp","href":"https:\/\/api.w.org\/{rel}","templated":true}]}}