{"id":29777,"date":"2020-07-22T15:50:47","date_gmt":"2020-07-22T14:50:47","guid":{"rendered":"https:\/\/www.babcock-wanson.com\/carreiras\/"},"modified":"2023-07-07T13:37:12","modified_gmt":"2023-07-07T12:37:12","slug":"carreiras","status":"publish","type":"page","link":"https:\/\/www.babcock-wanson.com\/pt-pt\/carreiras\/","title":{"rendered":"Carreiras"},"content":{"rendered":"<div class=\"vgblk-rw-wrapper limit-wrapper\">\n\t<h3>Simultaneamente fornecedor de servi\u00e7os e fabricante, a Babcock Wanson, comercializa os seus pr\u00f3prios produtos e \u00e9 atualmente, reconhecida como um importante agente internacional, no dom\u00ednio de centrais t\u00e9rmicas industriais.<\/h3>\n<h4>A nossa posi\u00e7\u00e3o \u00fanica na ind\u00fastria, permite-nos oferecer uma ampla variedade de cargos.<\/h4>\n\t<h4>A Babcock Wanson, fornece todas as solu\u00e7\u00f5es de caldeiras, queimadores, <a href=\"https:\/\/www.babcock-wanson.com\/pt-pt\/categoria-produto\/tratamento-de-agua-industrial\/\">tratamento de \u00e1gua<\/a>, sistemas de controlo e regula\u00e7\u00e3o, assist\u00eancia operacional, acompanhamento regulamentar, gest\u00e3o de energia, manuten\u00e7\u00e3o, auditoria, <a>forma\u00e7\u00e3o<\/a> e aluguer, numa abordagem global de efici\u00eancia energ\u00e9tica.<\/h4>\n<h4>Desde t\u00e9cnico e comercial, at\u00e9 assist\u00eancia, seja qual for o seu perfil, a Babcock Wanson tem um lugar para si.<\/h4>\n<h4>Descubra as nossas profiss\u00f5es!<\/h4>\n\t\t\t\t\t\t\t<img decoding=\"async\" src=\"https:\/\/www.babcock-wanson.com\/wp-content\/uploads\/2023\/07\/0.jpg\" alt=\"\" \/>\n\t<blockquote>\n<h5><em>Junte-se \u00e0 nossa equipa de mulheres e homens dedicados, que est\u00e3o constantemente a progredir e evoluir num ambiente de conv\u00edvio!<\/em><\/h5>\n<\/blockquote>\n<p><strong>Astrid Manquin, <\/strong>Diretor de Recursos Humanos<\/p>\n<h2>\n\t<b>Profiss\u00f5es<\/b> na Babcock Wanson\n\t<\/h2>\n\t\t\t\t<a href=\"https:\/\/www.babcock-wanson.com\/pt-pt\/carreiras\/projetos-e-produtos\/\" target=\"_self\" title=\"CALDEIRA DE TUBO DE INC\u00caNDIO NBWB 150 PREMIUM\" rel=\"noopener\">\n\t\t\t\t\t\t\t<img loading=\"lazy\" decoding=\"async\" src=\"https:\/\/www.babcock-wanson.com\/wp-content\/uploads\/2019\/04\/iStock-682443590-1.jpg\" alt=\"CALDEIRA DE TUBO DE INC\u00caNDIO NBWB 150 PREMIUM\" height=\"304\" width=\"271\" data-link-type=\"url\" title=\"Beautiful girl at factory in a vest and helmet smiling going for a handshake\" data-srcset=\"https:\/\/www.babcock-wanson.com\/wp-content\/uploads\/2019\/04\/iStock-682443590-1.jpg 271w, https:\/\/www.babcock-wanson.com\/wp-content\/uploads\/2019\/04\/iStock-682443590-1-267x300.jpg 267w\" \/>\t\t\t\t\t\t<\/a>\n<h5>\n\t\t\t<a href=\"https:\/\/www.babcock-wanson.com\/pt-pt\/carreiras\/projetos-e-produtos\/\" title=\"Projetos e Produtos\" target=\"_self\" rel=\"noopener\">\n\tProjetos e Produtos\n\t\t\t<\/a>\n\t<\/h5>\n\t\t\t\t<a href=\"https:\/\/www.babcock-wanson.com\/pt-pt\/carreiras\/vendas\/\" target=\"_self\" title=\"CALDEIRA DE TUBO DE INC\u00caNDIO NBWB 150 PREMIUM\" rel=\"noopener\">\n\t\t\t\t\t\t\t<img loading=\"lazy\" decoding=\"async\" src=\"https:\/\/www.babcock-wanson.com\/wp-content\/uploads\/2019\/04\/iStock-672506870-1.jpg\" alt=\"CALDEIRA DE TUBO DE INC\u00caNDIO NBWB 150 PREMIUM\" height=\"304\" width=\"271\" data-link-type=\"url\" title=\"Close-up of a smiling businessman with smart phone\" data-srcset=\"https:\/\/www.babcock-wanson.com\/wp-content\/uploads\/2019\/04\/iStock-672506870-1.jpg 271w, https:\/\/www.babcock-wanson.com\/wp-content\/uploads\/2019\/04\/iStock-672506870-1-267x300.jpg 267w\" \/>\t\t\t\t\t\t<\/a>\n<h5>\n\t\t\t<a href=\"https:\/\/www.babcock-wanson.com\/pt-pt\/carreiras\/vendas\/\" title=\"Vendas\" target=\"_self\" rel=\"noopener\">\n\tVendas\n\t\t\t<\/a>\n\t<\/h5>\n\t\t\t\t<a href=\"https:\/\/www.babcock-wanson.com\/pt-pt\/carreiras\/servicos\/\" target=\"_self\" title=\"CALDEIRA DE TUBO DE INC\u00caNDIO NBWB 150 PREMIUM\" rel=\"noopener\">\n\t\t\t\t\t\t\t<img loading=\"lazy\" decoding=\"async\" src=\"https:\/\/www.babcock-wanson.com\/wp-content\/uploads\/2019\/04\/iStock-531159761-1.jpg\" alt=\"CALDEIRA DE TUBO DE INC\u00caNDIO NBWB 150 PREMIUM\" height=\"304\" width=\"271\" data-link-type=\"url\" title=\"asian engineer working in factory\" data-srcset=\"https:\/\/www.babcock-wanson.com\/wp-content\/uploads\/2019\/04\/iStock-531159761-1.jpg 271w, https:\/\/www.babcock-wanson.com\/wp-content\/uploads\/2019\/04\/iStock-531159761-1-267x300.jpg 267w\" \/>\t\t\t\t\t\t<\/a>\n<h5>\n\t\t\t<a href=\"https:\/\/www.babcock-wanson.com\/pt-pt\/carreiras\/servicos\/\" title=\"Servi\u00e7os\" target=\"_self\" rel=\"noopener\">\n\tServi\u00e7os\n\t\t\t<\/a>\n\t<\/h5>\n\t\t\t\t<a href=\"https:\/\/www.babcock-wanson.com\/pt-pt\/carreiras\/fabrico\/\" target=\"_self\" title=\"CALDEIRA DE TUBO DE INC\u00caNDIO NBWB 150 PREMIUM\" rel=\"noopener\">\n\t\t\t\t\t\t\t<img loading=\"lazy\" decoding=\"async\" src=\"https:\/\/www.babcock-wanson.com\/wp-content\/uploads\/2019\/04\/iStock-896264102-1.jpg\" alt=\"CALDEIRA DE TUBO DE INC\u00caNDIO NBWB 150 PREMIUM\" height=\"304\" width=\"271\" data-link-type=\"url\" title=\"Steel factory supervisor with clipboard\" data-srcset=\"https:\/\/www.babcock-wanson.com\/wp-content\/uploads\/2019\/04\/iStock-896264102-1.jpg 271w, https:\/\/www.babcock-wanson.com\/wp-content\/uploads\/2019\/04\/iStock-896264102-1-267x300.jpg 267w\" \/>\t\t\t\t\t\t<\/a>\n<h5>\n\t\t\t<a href=\"https:\/\/www.babcock-wanson.com\/pt-pt\/carreiras\/fabrico\/\" title=\"Fabrico\" target=\"_self\" rel=\"noopener\">\n\tFabrico\n\t\t\t<\/a>\n\t<\/h5>\n\t\t\t\t<a href=\"https:\/\/www.babcock-wanson.com\/pt-pt\/carreiras\/equipa-de-apoio\/\" target=\"_self\" title=\"CALDEIRA DE TUBO DE INC\u00caNDIO NBWB 150 PREMIUM\" rel=\"noopener\">\n\t\t\t\t\t\t\t<img loading=\"lazy\" decoding=\"async\" src=\"https:\/\/www.babcock-wanson.com\/wp-content\/uploads\/2019\/04\/iStock-912491876-1.jpg\" alt=\"CALDEIRA DE TUBO DE INC\u00caNDIO NBWB 150 PREMIUM\" height=\"304\" width=\"271\" data-link-type=\"url\" title=\"Taking calls and inquiries\" data-srcset=\"https:\/\/www.babcock-wanson.com\/wp-content\/uploads\/2019\/04\/iStock-912491876-1.jpg 271w, https:\/\/www.babcock-wanson.com\/wp-content\/uploads\/2019\/04\/iStock-912491876-1-267x300.jpg 267w\" \/>\t\t\t\t\t\t<\/a>\n<h5>\n\t\t\t<a href=\"https:\/\/www.babcock-wanson.com\/pt-pt\/carreiras\/equipa-de-apoio\/\" title=\" Equipa de Apoio\" target=\"_self\" rel=\"noopener\">\n\t Equipa de Apoio\n\t\t\t<\/a>\n\t<\/h5>\n\t\n\t\n\t\n<h2>\n\t<strong>Vagas<\/strong> globais actuais\n\t<\/h2>\n<h2>\n\t5 boas raz\u00f5es para <strong>se juntar a n\u00f3s<\/strong>\n\t<\/h2>\n<h3>\n\t1.Uma <strong>empresa<\/strong> em r\u00e1pido crescimento\n\t<\/h3>\n\t<p>A Babcock Wanson tem vindo a crescer h\u00e1 v\u00e1rios anos<\/p>\n<ul>\n<li>Expans\u00e3o internacional e crescimento externo<\/li>\n<li>70 novos colaboradores juntaram-se a n\u00f3s em 2018<\/li>\n<li>Inova\u00e7\u00f5es, digitaliza\u00e7\u00e3o e projetos inovadores<\/li>\n<\/ul>\n\t<h5>Crescimento anual superior a 5% e vendas de mais de 105 milh\u00f5es de euros<\/h5>\n<h3>\n\t2.Um ambiente de trabalho estimulante\n\t<\/h3>\n\t<p>A nossa posi\u00e7\u00e3o \u00fanica no mercado, oferece-lhe profiss\u00f5es valiosas e permite-lhe participar em projetos variados, em termos de especificidade t\u00e9cnica, dimens\u00e3o e localiza\u00e7\u00e3o.<\/p>\n<ul>\n<li>Um vasto leque de profiss\u00f5es: I&amp;D, gabinete de design, projetos, vendas, etc.<\/li>\n<li>Interven\u00e7\u00e3o em toda a cadeia de vida \u00fatil do produto<\/li>\n<li>Autonomia e responsabilidades nas suas miss\u00f5es, com o apoio especializado dos seus colegas<\/li>\n<\/ul>\n\t<h5>Grande diversidade de clientes: desde empresas muito pequenas at\u00e9 empresas do \u00edndice CAC 40<\/h5>\n<h3>\n\t3.  Uma <strong>aventura humana<\/strong> enriquecedora e \u00fanica\n\t<\/h3>\n\t<p>Na Babcock Wanson existe uma forte cultura empresarial, um verdadeiro esp\u00edrito de fam\u00edlia e um forte sentido de perten\u00e7a.<\/p>\n<ul>\n<li>Equipas apaixonadas<\/li>\n<li>Gest\u00e3o baseada na comunidade<\/li>\n<li>Ambiente amistoso (Saint Eloi, semin\u00e1rios, etc.)<\/li>\n<\/ul>\n\t<h5>Colaboradores leais, com uma taxa de rota\u00e7\u00e3o baixa: 5%<\/h5>\n<h3>\n\t4.Uma <strong>pol\u00edtica de remunera\u00e7\u00e3o<\/strong> din\u00e2mica\n\t<\/h3>\n\t<p>Uma pol\u00edtica de sal\u00e1rios e benef\u00edcios atrativa e apreciada (pode variar consoante a ag\u00eancia).<\/p>\n<ul>\n<li>RTT, seguro mutualista e de previd\u00eancia de qualidade, vales de refei\u00e7\u00f5es, pacotes de refei\u00e7\u00f5es, b\u00f3nus de transporte<\/li>\n<li>Uma Comiss\u00e3o de Trabalhadores ativa<\/li>\n<li>Gest\u00e3o baseada na comunidade<\/li>\n<\/ul>\n\t<h5>Revis\u00e3o anual do sal\u00e1rio, 13.\u00ba m\u00eas, partilha de lucros e acordo de incentivos<\/h5>\n<h3>\n\t5.Uma <strong>carreira<\/strong> em crescimento\n\t<\/h3>\n\t<p>Desenvolva as suas compet\u00eancias e revele a sua carreira.<\/p>\n<ul>\n<li>Mais de 4% do montante anual dos sal\u00e1rios s\u00e3o dedicados \u00e0 forma\u00e7\u00e3o e dois ter\u00e7os dos nossos colaboradores, t\u00eam forma\u00e7\u00e3o (em Fran\u00e7a)<\/li>\n<li>A Babcock Wanson \u00e9 uma organiza\u00e7\u00e3o de forma\u00e7\u00e3o reconhecida para os nossos clientes. Oferecemos tamb\u00e9m cursos dedicados para os nossos colaboradores.<\/li>\n<\/ul>\n\t<h5>Uma pol\u00edtica de mobilidade interna ativa &gt;&gt;<\/h5>\n<h3>\n\t<strong>Testemunhos de empregados<\/strong>\n\t<\/h3>\n\t\t\tFabrice\n\t\t<strong><i><img loading=\"lazy\" decoding=\"async\" src=\"https:\/\/www.babcock-wanson.com\/wp-content\/uploads\/2019\/11\/Fabrice.jpg\" alt=\"\" width=\"150\" height=\"185\" \/>Fran\u00e7a<\/i><\/strong>\n<strong><i>Engenheiro de Manuten\u00e7\u00e3o <\/i> <i>\u2192<\/i><i> Gestor de \u00c1rea <\/i><i>\u2192<\/i><i> Gestor Regional (Oeste)\n<\/i><\/strong>\nA mudan\u00e7a de cargo dentro da empresa \u00e9 muito incentivada e muitos dos nossos colaboradores t\u00eam uma bela evolu\u00e7\u00e3o na carreira.Entrei para a Babcock Wanson em junho de 1996, como t\u00e9cnico de assist\u00eancia a clientes na Regi\u00e3o Oeste.\nEm janeiro de 2001, durante o processo de reorganiza\u00e7\u00e3o das regi\u00f5es \u201cVenda 2000\u201d, apresentei a minha candidatura ao cargo, ent\u00e3o em vias de cria\u00e7\u00e3o, de Gestor do setor da Bretanha.\nEsta abordagem foi motivada pela vontade de dar uma orienta\u00e7\u00e3o comercial \u00e0 minha carreira.\nAp\u00f3s dez anos de atividade no setor, interessei-me por gest\u00e3o e fiz forma\u00e7\u00e3o.\nAl\u00e9m disso, quando o cargo de Gestor Regional Oeste abriu, candidatei-me e assumi essas fun\u00e7\u00f5es em agosto de 2015.\nEste percurso, composto por tr\u00eas profiss\u00f5es dentro da BW, permitiu-me satisfazer as minhas aspira\u00e7\u00f5es de mudan\u00e7a e evolu\u00e7\u00e3o.\nPara tal, beneficiei de um processo de recrutamento que presta especial aten\u00e7\u00e3o, \u00e0s candidaturas internas.\n\t\t\tRaoul\n\t\t<i><img loading=\"lazy\" decoding=\"async\" src=\"https:\/\/www.babcock-wanson.com\/wp-content\/uploads\/2019\/11\/Raoul.jpg\" alt=\"\" width=\"150\" height=\"182\" \/><strong>Fran\u00e7a<\/strong><\/i>\n<strong><i>Engenheiro de Manuten\u00e7\u00e3o <\/i> <i>\u2192<\/i><i> Gestor de Vendas <\/i><i>\u2192<\/i><\/strong><i><strong> Gestor de \u00c1rea<\/strong>\n<\/i>\nEntrei para a Babcock Wanson em junho de 2007, como T\u00e9cnico de Assist\u00eancia a Clientes na regi\u00e3o Paris Centro Norte. Nessa altura eu estava longe de suspeitar o que a\u00ed viria&#8230;\nAp\u00f3s v\u00e1rios anos nesse cargo, manifestei a minha vontade de mobilidade e, em 2015, por ocasi\u00e3o de uma aposenta\u00e7\u00e3o, tive a oportunidade de aceder ao cargo de Gestor de Vendas.\nIsso permitiu-me descobrir uma nova profiss\u00e3o e sobretudo, ficar com uma vis\u00e3o mais ampla de todas as atividades do Grupo. Aprendi e evolu\u00ed para este cargo e 4 anos mais tarde, o meu Gestor Regional ofereceu-me o cargo que ocupo hoje, o de Gestor de Setor. Este \u00e9 um novo desafio para mim, que me faz sair da minha zona de conforto \u2212 e eu gosto particularmente disso!\n\t\t\tBarbara\n\t\t<i><img loading=\"lazy\" decoding=\"async\" src=\"https:\/\/www.babcock-wanson.com\/wp-content\/uploads\/2019\/11\/Barbara.jpg\" alt=\"\" width=\"150\" height=\"197\" \/><strong>It\u00e1lia<\/strong><\/i>\n<strong><i>Gabinete de Controlo de Gest\u00e3o <\/i><i>\u2192<\/i><i> Engenheira de Manuten\u00e7\u00e3\u00a0<\/i>\u2192<\/strong><i><strong> Gestora de Produ\u00e7\u00e3o<\/strong>\n<\/i>\nIniciei a minha aventura na Babcock em 2006, como rec\u00e9m-licenciada, no gabinete de controlo de gest\u00e3o, que nessa altura, fazia parte da \u00e1rea industrial.\nA partir da\u00ed, iniciei a minha variada experi\u00eancia, sendo respons\u00e1vel pela manuten\u00e7\u00e3o da f\u00e1brica e maquinaria e posteriormente, pelo servi\u00e7o de preven\u00e7\u00e3o e prote\u00e7\u00e3o. Ao longo dos anos, as v\u00e1rias tarefas permitiram-me manter um contacto permanente com o cora\u00e7\u00e3o pulsante da empresa, a oficina, onde os nossos oper\u00e1rios transformam mat\u00e9rias-primas em produtos acabados todos os dias, com paix\u00e3o e empenho. Por fim, em 2015, no seguimento de uma reorganiza\u00e7\u00e3o interna, passei a fazer parte desse cora\u00e7\u00e3o, ocupando-me do planeamento da produ\u00e7\u00e3o, at\u00e9 que em 2018 me tornei gestora de produ\u00e7\u00e3o.\nA flexibilidade e o dinamismo s\u00e3o obrigat\u00f3rios, mas \u00e9 a\u00ed que reside a beleza disto tudo!\n<h2>\n\tUm olhar ao interior. <br><b>Babcock Wanson<b><\/b>\n\t<\/h2>\n\t\t\t600+\n\tcolaboradores, em toda a Europa<br \/>\ne no resto do mundo\n\t\t\t100+\n\tpa\u00edses servidos pelas nossas<br \/>\nequipas a n\u00edvel global\n<\/div><!-- .vgblk-rw-wrapper -->","protected":false},"excerpt":{"rendered":"<p>Simultaneamente fornecedor de servi\u00e7os e fabricante, a Babcock Wanson, comercializa os seus pr\u00f3prios produtos e \u00e9 atualmente, reconhecida como um importante agente internacional, no dom\u00ednio de centrais t\u00e9rmicas industriais. A nossa posi\u00e7\u00e3o \u00fanica na ind\u00fastria, permite-nos oferecer uma ampla variedade de cargos. A Babcock Wanson, fornece todas as solu\u00e7\u00f5es de caldeiras, queimadores, tratamento de \u00e1gua,&#8230;<\/p>\n","protected":false},"author":1,"featured_media":0,"parent":0,"menu_order":0,"comment_status":"closed","ping_status":"closed","template":"","meta":{"_acf_changed":false,"_relevanssi_hide_post":"","_relevanssi_hide_content":"","_relevanssi_pin_for_all":"","_relevanssi_pin_keywords":"","_relevanssi_unpin_keywords":"","_relevanssi_related_keywords":"","_relevanssi_related_include_ids":"","_relevanssi_related_exclude_ids":"","_relevanssi_related_no_append":"","_relevanssi_related_not_related":"","_relevanssi_related_posts":"","_relevanssi_noindex_reason":"","footnotes":""},"class_list":["post-29777","page","type-page","status-publish","hentry"],"acf":[],"yoast_head":"<!-- This site is optimized with the Yoast SEO Premium plugin v27.4 (Yoast SEO v27.4) - https:\/\/yoast.com\/product\/yoast-seo-premium-wordpress\/ -->\n<title>Carreiras - Babcock Wanson<\/title>\n<meta name=\"description\" content=\"Carreiras na Babcock Wanson. Junte-se \u00e0 nossa equipa de mulheres e homens dedicados, que est\u00e3o constantemente a progredir e evoluir num ambiente de conv\u00edvio!\" \/>\n<meta name=\"robots\" content=\"index, follow, max-snippet:-1, max-image-preview:large, max-video-preview:-1\" \/>\n<link rel=\"canonical\" href=\"https:\/\/www.babcock-wanson.com\/pt-pt\/carreiras\/\" \/>\n<meta property=\"og:locale\" content=\"pt_PT\" \/>\n<meta property=\"og:type\" content=\"article\" \/>\n<meta property=\"og:title\" content=\"Carreiras\" \/>\n<meta property=\"og:description\" content=\"Carreiras na Babcock Wanson. Junte-se \u00e0 nossa equipa de mulheres e homens dedicados, que est\u00e3o constantemente a progredir e evoluir num ambiente de conv\u00edvio!\" \/>\n<meta property=\"og:url\" content=\"https:\/\/www.babcock-wanson.com\/pt-pt\/carreiras\/\" \/>\n<meta property=\"og:site_name\" content=\"Babcock Wanson\" \/>\n<meta property=\"article:modified_time\" content=\"2023-07-07T12:37:12+00:00\" \/>\n<meta property=\"og:image\" content=\"https:\/\/www.babcock-wanson.com\/wp-content\/uploads\/2023\/07\/0.jpg\" \/>\n<meta name=\"twitter:card\" content=\"summary_large_image\" \/>\n<meta name=\"twitter:label1\" content=\"Est. reading time\" \/>\n\t<meta name=\"twitter:data1\" content=\"5 minutos\" \/>\n<script type=\"application\/ld+json\" class=\"yoast-schema-graph\">{\"@context\":\"https:\\\/\\\/schema.org\",\"@graph\":[{\"@type\":\"WebPage\",\"@id\":\"https:\\\/\\\/www.babcock-wanson.com\\\/pt-pt\\\/carreiras\\\/\",\"url\":\"https:\\\/\\\/www.babcock-wanson.com\\\/pt-pt\\\/carreiras\\\/\",\"name\":\"Carreiras - Babcock Wanson\",\"isPartOf\":{\"@id\":\"https:\\\/\\\/www.babcock-wanson.com\\\/pt-pt\\\/#website\"},\"primaryImageOfPage\":{\"@id\":\"https:\\\/\\\/www.babcock-wanson.com\\\/pt-pt\\\/carreiras\\\/#primaryimage\"},\"image\":{\"@id\":\"https:\\\/\\\/www.babcock-wanson.com\\\/pt-pt\\\/carreiras\\\/#primaryimage\"},\"thumbnailUrl\":\"https:\\\/\\\/www.babcock-wanson.com\\\/wp-content\\\/uploads\\\/2023\\\/07\\\/0.jpg\",\"datePublished\":\"2020-07-22T14:50:47+00:00\",\"dateModified\":\"2023-07-07T12:37:12+00:00\",\"description\":\"Carreiras na Babcock Wanson. Junte-se \u00e0 nossa equipa de mulheres e homens dedicados, que est\u00e3o constantemente a progredir e evoluir num ambiente de conv\u00edvio!\",\"breadcrumb\":{\"@id\":\"https:\\\/\\\/www.babcock-wanson.com\\\/pt-pt\\\/carreiras\\\/#breadcrumb\"},\"inLanguage\":\"pt-PT\",\"potentialAction\":[{\"@type\":\"ReadAction\",\"target\":[\"https:\\\/\\\/www.babcock-wanson.com\\\/pt-pt\\\/carreiras\\\/\"]}]},{\"@type\":\"ImageObject\",\"inLanguage\":\"pt-PT\",\"@id\":\"https:\\\/\\\/www.babcock-wanson.com\\\/pt-pt\\\/carreiras\\\/#primaryimage\",\"url\":\"https:\\\/\\\/www.babcock-wanson.com\\\/wp-content\\\/uploads\\\/2023\\\/07\\\/0.jpg\",\"contentUrl\":\"https:\\\/\\\/www.babcock-wanson.com\\\/wp-content\\\/uploads\\\/2023\\\/07\\\/0.jpg\"},{\"@type\":\"BreadcrumbList\",\"@id\":\"https:\\\/\\\/www.babcock-wanson.com\\\/pt-pt\\\/carreiras\\\/#breadcrumb\",\"itemListElement\":[{\"@type\":\"ListItem\",\"position\":1,\"name\":\"Inicio\",\"item\":\"https:\\\/\\\/www.babcock-wanson.com\\\/pt-pt\\\/\"},{\"@type\":\"ListItem\",\"position\":2,\"name\":\"Carreiras\"}]},{\"@type\":\"WebSite\",\"@id\":\"https:\\\/\\\/www.babcock-wanson.com\\\/pt-pt\\\/#website\",\"url\":\"https:\\\/\\\/www.babcock-wanson.com\\\/pt-pt\\\/\",\"name\":\"Babcock Wanson\",\"description\":\"\",\"publisher\":{\"@id\":\"https:\\\/\\\/www.babcock-wanson.com\\\/pt-pt\\\/#organization\"},\"potentialAction\":[{\"@type\":\"SearchAction\",\"target\":{\"@type\":\"EntryPoint\",\"urlTemplate\":\"https:\\\/\\\/www.babcock-wanson.com\\\/pt-pt\\\/?s={search_term_string}\"},\"query-input\":{\"@type\":\"PropertyValueSpecification\",\"valueRequired\":true,\"valueName\":\"search_term_string\"}}],\"inLanguage\":\"pt-PT\"},{\"@type\":\"Organization\",\"@id\":\"https:\\\/\\\/www.babcock-wanson.com\\\/pt-pt\\\/#organization\",\"name\":\"Babcock Wanson\",\"url\":\"https:\\\/\\\/www.babcock-wanson.com\\\/pt-pt\\\/\",\"logo\":{\"@type\":\"ImageObject\",\"inLanguage\":\"pt-PT\",\"@id\":\"https:\\\/\\\/www.babcock-wanson.com\\\/pt-pt\\\/#\\\/schema\\\/logo\\\/image\\\/\",\"url\":\"https:\\\/\\\/www.babcock-wanson.com\\\/wp-content\\\/uploads\\\/2024\\\/02\\\/Babcock-Wanson-1200x1200-1.png\",\"contentUrl\":\"https:\\\/\\\/www.babcock-wanson.com\\\/wp-content\\\/uploads\\\/2024\\\/02\\\/Babcock-Wanson-1200x1200-1.png\",\"width\":1200,\"height\":1200,\"caption\":\"Babcock Wanson\"},\"image\":{\"@id\":\"https:\\\/\\\/www.babcock-wanson.com\\\/pt-pt\\\/#\\\/schema\\\/logo\\\/image\\\/\"},\"sameAs\":[\"https:\\\/\\\/www.linkedin.com\\\/company\\\/babcock-wanson\\\/\",\"https:\\\/\\\/www.youtube.com\\\/channel\\\/UCtxl25VieBBsP2kYmtlyv7A\"]}]}<\/script>\n<!-- \/ Yoast SEO Premium plugin. -->","yoast_head_json":{"title":"Carreiras - Babcock Wanson","description":"Carreiras na Babcock Wanson. Junte-se \u00e0 nossa equipa de mulheres e homens dedicados, que est\u00e3o constantemente a progredir e evoluir num ambiente de conv\u00edvio!","robots":{"index":"index","follow":"follow","max-snippet":"max-snippet:-1","max-image-preview":"max-image-preview:large","max-video-preview":"max-video-preview:-1"},"canonical":"https:\/\/www.babcock-wanson.com\/pt-pt\/carreiras\/","og_locale":"pt_PT","og_type":"article","og_title":"Carreiras","og_description":"Carreiras na Babcock Wanson. Junte-se \u00e0 nossa equipa de mulheres e homens dedicados, que est\u00e3o constantemente a progredir e evoluir num ambiente de conv\u00edvio!","og_url":"https:\/\/www.babcock-wanson.com\/pt-pt\/carreiras\/","og_site_name":"Babcock Wanson","article_modified_time":"2023-07-07T12:37:12+00:00","og_image":[{"url":"https:\/\/www.babcock-wanson.com\/wp-content\/uploads\/2023\/07\/0.jpg","type":"","width":"","height":""}],"twitter_card":"summary_large_image","twitter_misc":{"Est. reading time":"5 minutos"},"schema":{"@context":"https:\/\/schema.org","@graph":[{"@type":"WebPage","@id":"https:\/\/www.babcock-wanson.com\/pt-pt\/carreiras\/","url":"https:\/\/www.babcock-wanson.com\/pt-pt\/carreiras\/","name":"Carreiras - Babcock Wanson","isPartOf":{"@id":"https:\/\/www.babcock-wanson.com\/pt-pt\/#website"},"primaryImageOfPage":{"@id":"https:\/\/www.babcock-wanson.com\/pt-pt\/carreiras\/#primaryimage"},"image":{"@id":"https:\/\/www.babcock-wanson.com\/pt-pt\/carreiras\/#primaryimage"},"thumbnailUrl":"https:\/\/www.babcock-wanson.com\/wp-content\/uploads\/2023\/07\/0.jpg","datePublished":"2020-07-22T14:50:47+00:00","dateModified":"2023-07-07T12:37:12+00:00","description":"Carreiras na Babcock Wanson. Junte-se \u00e0 nossa equipa de mulheres e homens dedicados, que est\u00e3o constantemente a progredir e evoluir num ambiente de conv\u00edvio!","breadcrumb":{"@id":"https:\/\/www.babcock-wanson.com\/pt-pt\/carreiras\/#breadcrumb"},"inLanguage":"pt-PT","potentialAction":[{"@type":"ReadAction","target":["https:\/\/www.babcock-wanson.com\/pt-pt\/carreiras\/"]}]},{"@type":"ImageObject","inLanguage":"pt-PT","@id":"https:\/\/www.babcock-wanson.com\/pt-pt\/carreiras\/#primaryimage","url":"https:\/\/www.babcock-wanson.com\/wp-content\/uploads\/2023\/07\/0.jpg","contentUrl":"https:\/\/www.babcock-wanson.com\/wp-content\/uploads\/2023\/07\/0.jpg"},{"@type":"BreadcrumbList","@id":"https:\/\/www.babcock-wanson.com\/pt-pt\/carreiras\/#breadcrumb","itemListElement":[{"@type":"ListItem","position":1,"name":"Inicio","item":"https:\/\/www.babcock-wanson.com\/pt-pt\/"},{"@type":"ListItem","position":2,"name":"Carreiras"}]},{"@type":"WebSite","@id":"https:\/\/www.babcock-wanson.com\/pt-pt\/#website","url":"https:\/\/www.babcock-wanson.com\/pt-pt\/","name":"Babcock Wanson","description":"","publisher":{"@id":"https:\/\/www.babcock-wanson.com\/pt-pt\/#organization"},"potentialAction":[{"@type":"SearchAction","target":{"@type":"EntryPoint","urlTemplate":"https:\/\/www.babcock-wanson.com\/pt-pt\/?s={search_term_string}"},"query-input":{"@type":"PropertyValueSpecification","valueRequired":true,"valueName":"search_term_string"}}],"inLanguage":"pt-PT"},{"@type":"Organization","@id":"https:\/\/www.babcock-wanson.com\/pt-pt\/#organization","name":"Babcock Wanson","url":"https:\/\/www.babcock-wanson.com\/pt-pt\/","logo":{"@type":"ImageObject","inLanguage":"pt-PT","@id":"https:\/\/www.babcock-wanson.com\/pt-pt\/#\/schema\/logo\/image\/","url":"https:\/\/www.babcock-wanson.com\/wp-content\/uploads\/2024\/02\/Babcock-Wanson-1200x1200-1.png","contentUrl":"https:\/\/www.babcock-wanson.com\/wp-content\/uploads\/2024\/02\/Babcock-Wanson-1200x1200-1.png","width":1200,"height":1200,"caption":"Babcock Wanson"},"image":{"@id":"https:\/\/www.babcock-wanson.com\/pt-pt\/#\/schema\/logo\/image\/"},"sameAs":["https:\/\/www.linkedin.com\/company\/babcock-wanson\/","https:\/\/www.youtube.com\/channel\/UCtxl25VieBBsP2kYmtlyv7A"]}]}},"jetpack_sharing_enabled":true,"_links":{"self":[{"href":"https:\/\/www.babcock-wanson.com\/pt-pt\/wp-json\/wp\/v2\/pages\/29777","targetHints":{"allow":["GET"]}}],"collection":[{"href":"https:\/\/www.babcock-wanson.com\/pt-pt\/wp-json\/wp\/v2\/pages"}],"about":[{"href":"https:\/\/www.babcock-wanson.com\/pt-pt\/wp-json\/wp\/v2\/types\/page"}],"author":[{"embeddable":true,"href":"https:\/\/www.babcock-wanson.com\/pt-pt\/wp-json\/wp\/v2\/users\/1"}],"replies":[{"embeddable":true,"href":"https:\/\/www.babcock-wanson.com\/pt-pt\/wp-json\/wp\/v2\/comments?post=29777"}],"version-history":[{"count":9,"href":"https:\/\/www.babcock-wanson.com\/pt-pt\/wp-json\/wp\/v2\/pages\/29777\/revisions"}],"predecessor-version":[{"id":45842,"href":"https:\/\/www.babcock-wanson.com\/pt-pt\/wp-json\/wp\/v2\/pages\/29777\/revisions\/45842"}],"wp:attachment":[{"href":"https:\/\/www.babcock-wanson.com\/pt-pt\/wp-json\/wp\/v2\/media?parent=29777"}],"curies":[{"name":"wp","href":"https:\/\/api.w.org\/{rel}","templated":true}]}}