{"id":30316,"date":"2020-07-22T23:19:18","date_gmt":"2020-07-22T22:19:18","guid":{"rendered":"https:\/\/www.babcock-wanson.com\/our-industries\/borracha-plasticos-compositos\/"},"modified":"2021-08-12T09:54:04","modified_gmt":"2021-08-12T08:54:04","slug":"borracha-plasticos-compositos","status":"publish","type":"page","link":"https:\/\/www.babcock-wanson.com\/pt-pt\/industrias\/borracha-plasticos-compositos\/","title":{"rendered":"Borracha, pl\u00e1sticos &amp; comp\u00f3sitos"},"content":{"rendered":"","protected":false},"excerpt":{"rendered":"","protected":false},"author":1,"featured_media":0,"parent":29072,"menu_order":0,"comment_status":"closed","ping_status":"closed","template":"","meta":{"_acf_changed":false,"_relevanssi_hide_post":"","_relevanssi_hide_content":"","_relevanssi_pin_for_all":"","_relevanssi_pin_keywords":"","_relevanssi_unpin_keywords":"","_relevanssi_related_keywords":"","_relevanssi_related_include_ids":"","_relevanssi_related_exclude_ids":"","_relevanssi_related_no_append":"","_relevanssi_related_not_related":"","_relevanssi_related_posts":"","_relevanssi_noindex_reason":"","footnotes":""},"class_list":["post-30316","page","type-page","status-publish","hentry"],"acf":[],"yoast_head":"<!-- This site is optimized with the Yoast SEO Premium plugin v27.1 (Yoast SEO v27.1.1) - https:\/\/yoast.com\/product\/yoast-seo-premium-wordpress\/ -->\n<title>Caldeiras na ind\u00fastria da borracha, pl\u00e1sticos &amp; comp\u00f3sitos - Babcock Wanson<\/title>\n<meta name=\"description\" content=\"As nossas caldeiras de indsutry de borracha, pl\u00e1stico e comp\u00f3sitos s\u00e3o concebidas para funcionar sob as elevadas press\u00f5es de processo exigidas nesta ind\u00fastria.\" \/>\n<meta name=\"robots\" content=\"index, follow, max-snippet:-1, max-image-preview:large, max-video-preview:-1\" \/>\n<link rel=\"canonical\" href=\"https:\/\/www.babcock-wanson.com\/pt-pt\/industrias\/borracha-plasticos-compositos\/\" \/>\n<meta property=\"og:locale\" content=\"pt_PT\" \/>\n<meta property=\"og:type\" content=\"article\" \/>\n<meta property=\"og:title\" content=\"Borracha, pl\u00e1sticos &amp; comp\u00f3sitos\" \/>\n<meta property=\"og:description\" content=\"As nossas caldeiras de indsutry de borracha, pl\u00e1stico e comp\u00f3sitos s\u00e3o concebidas para funcionar sob as elevadas press\u00f5es de processo exigidas nesta ind\u00fastria.\" \/>\n<meta property=\"og:url\" content=\"https:\/\/www.babcock-wanson.com\/pt-pt\/industrias\/borracha-plasticos-compositos\/\" \/>\n<meta property=\"og:site_name\" content=\"Babcock Wanson\" \/>\n<meta property=\"article:modified_time\" content=\"2021-08-12T08:54:04+00:00\" \/>\n<meta property=\"og:image\" content=\"https:\/\/www.babcock-wanson.com\/wp-content\/uploads\/2024\/02\/Babcock-Wanson-1200x1200-1.png\" \/>\n\t<meta property=\"og:image:width\" content=\"1200\" \/>\n\t<meta property=\"og:image:height\" content=\"1200\" \/>\n\t<meta property=\"og:image:type\" content=\"image\/png\" \/>\n<meta name=\"twitter:card\" content=\"summary_large_image\" \/>\n<script type=\"application\/ld+json\" class=\"yoast-schema-graph\">{\"@context\":\"https:\/\/schema.org\",\"@graph\":[{\"@type\":\"WebPage\",\"@id\":\"https:\/\/www.babcock-wanson.com\/pt-pt\/industrias\/borracha-plasticos-compositos\/\",\"url\":\"https:\/\/www.babcock-wanson.com\/pt-pt\/industrias\/borracha-plasticos-compositos\/\",\"name\":\"Caldeiras na ind\u00fastria da borracha, pl\u00e1sticos & comp\u00f3sitos - Babcock Wanson\",\"isPartOf\":{\"@id\":\"https:\/\/www.babcock-wanson.com\/pt-pt\/#website\"},\"datePublished\":\"2020-07-22T22:19:18+00:00\",\"dateModified\":\"2021-08-12T08:54:04+00:00\",\"description\":\"As nossas caldeiras de indsutry de borracha, pl\u00e1stico e comp\u00f3sitos s\u00e3o concebidas para funcionar sob as elevadas press\u00f5es de processo exigidas nesta ind\u00fastria.\",\"breadcrumb\":{\"@id\":\"https:\/\/www.babcock-wanson.com\/pt-pt\/industrias\/borracha-plasticos-compositos\/#breadcrumb\"},\"inLanguage\":\"pt-PT\",\"potentialAction\":[{\"@type\":\"ReadAction\",\"target\":[\"https:\/\/www.babcock-wanson.com\/pt-pt\/industrias\/borracha-plasticos-compositos\/\"]}]},{\"@type\":\"BreadcrumbList\",\"@id\":\"https:\/\/www.babcock-wanson.com\/pt-pt\/industrias\/borracha-plasticos-compositos\/#breadcrumb\",\"itemListElement\":[{\"@type\":\"ListItem\",\"position\":1,\"name\":\"Inicio\",\"item\":\"https:\/\/www.babcock-wanson.com\/pt-pt\/\"},{\"@type\":\"ListItem\",\"position\":2,\"name\":\"Ind\u00fastrias\",\"item\":\"https:\/\/www.babcock-wanson.com\/pt-pt\/industrias\/\"},{\"@type\":\"ListItem\",\"position\":3,\"name\":\"Borracha, pl\u00e1sticos &amp; comp\u00f3sitos\"}]},{\"@type\":\"WebSite\",\"@id\":\"https:\/\/www.babcock-wanson.com\/pt-pt\/#website\",\"url\":\"https:\/\/www.babcock-wanson.com\/pt-pt\/\",\"name\":\"Babcock Wanson\",\"description\":\"\",\"publisher\":{\"@id\":\"https:\/\/www.babcock-wanson.com\/pt-pt\/#organization\"},\"potentialAction\":[{\"@type\":\"SearchAction\",\"target\":{\"@type\":\"EntryPoint\",\"urlTemplate\":\"https:\/\/www.babcock-wanson.com\/pt-pt\/?s={search_term_string}\"},\"query-input\":{\"@type\":\"PropertyValueSpecification\",\"valueRequired\":true,\"valueName\":\"search_term_string\"}}],\"inLanguage\":\"pt-PT\"},{\"@type\":\"Organization\",\"@id\":\"https:\/\/www.babcock-wanson.com\/pt-pt\/#organization\",\"name\":\"Babcock Wanson\",\"url\":\"https:\/\/www.babcock-wanson.com\/pt-pt\/\",\"logo\":{\"@type\":\"ImageObject\",\"inLanguage\":\"pt-PT\",\"@id\":\"https:\/\/www.babcock-wanson.com\/pt-pt\/#\/schema\/logo\/image\/\",\"url\":\"https:\/\/www.babcock-wanson.com\/wp-content\/uploads\/2024\/02\/Babcock-Wanson-1200x1200-1.png\",\"contentUrl\":\"https:\/\/www.babcock-wanson.com\/wp-content\/uploads\/2024\/02\/Babcock-Wanson-1200x1200-1.png\",\"width\":1200,\"height\":1200,\"caption\":\"Babcock Wanson\"},\"image\":{\"@id\":\"https:\/\/www.babcock-wanson.com\/pt-pt\/#\/schema\/logo\/image\/\"},\"sameAs\":[\"https:\/\/www.linkedin.com\/company\/babcock-wanson\/\",\"https:\/\/www.youtube.com\/channel\/UCtxl25VieBBsP2kYmtlyv7A\"]}]}<\/script>\n<!-- \/ Yoast SEO Premium plugin. -->","yoast_head_json":{"title":"Caldeiras na ind\u00fastria da borracha, pl\u00e1sticos & comp\u00f3sitos - Babcock Wanson","description":"As nossas caldeiras de indsutry de borracha, pl\u00e1stico e comp\u00f3sitos s\u00e3o concebidas para funcionar sob as elevadas press\u00f5es de processo exigidas nesta ind\u00fastria.","robots":{"index":"index","follow":"follow","max-snippet":"max-snippet:-1","max-image-preview":"max-image-preview:large","max-video-preview":"max-video-preview:-1"},"canonical":"https:\/\/www.babcock-wanson.com\/pt-pt\/industrias\/borracha-plasticos-compositos\/","og_locale":"pt_PT","og_type":"article","og_title":"Borracha, pl\u00e1sticos &amp; comp\u00f3sitos","og_description":"As nossas caldeiras de indsutry de borracha, pl\u00e1stico e comp\u00f3sitos s\u00e3o concebidas para funcionar sob as elevadas press\u00f5es de processo exigidas nesta ind\u00fastria.","og_url":"https:\/\/www.babcock-wanson.com\/pt-pt\/industrias\/borracha-plasticos-compositos\/","og_site_name":"Babcock Wanson","article_modified_time":"2021-08-12T08:54:04+00:00","og_image":[{"width":1200,"height":1200,"url":"https:\/\/www.babcock-wanson.com\/wp-content\/uploads\/2024\/02\/Babcock-Wanson-1200x1200-1.png","type":"image\/png"}],"twitter_card":"summary_large_image","schema":{"@context":"https:\/\/schema.org","@graph":[{"@type":"WebPage","@id":"https:\/\/www.babcock-wanson.com\/pt-pt\/industrias\/borracha-plasticos-compositos\/","url":"https:\/\/www.babcock-wanson.com\/pt-pt\/industrias\/borracha-plasticos-compositos\/","name":"Caldeiras na ind\u00fastria da borracha, pl\u00e1sticos & comp\u00f3sitos - Babcock Wanson","isPartOf":{"@id":"https:\/\/www.babcock-wanson.com\/pt-pt\/#website"},"datePublished":"2020-07-22T22:19:18+00:00","dateModified":"2021-08-12T08:54:04+00:00","description":"As nossas caldeiras de indsutry de borracha, pl\u00e1stico e comp\u00f3sitos s\u00e3o concebidas para funcionar sob as elevadas press\u00f5es de processo exigidas nesta ind\u00fastria.","breadcrumb":{"@id":"https:\/\/www.babcock-wanson.com\/pt-pt\/industrias\/borracha-plasticos-compositos\/#breadcrumb"},"inLanguage":"pt-PT","potentialAction":[{"@type":"ReadAction","target":["https:\/\/www.babcock-wanson.com\/pt-pt\/industrias\/borracha-plasticos-compositos\/"]}]},{"@type":"BreadcrumbList","@id":"https:\/\/www.babcock-wanson.com\/pt-pt\/industrias\/borracha-plasticos-compositos\/#breadcrumb","itemListElement":[{"@type":"ListItem","position":1,"name":"Inicio","item":"https:\/\/www.babcock-wanson.com\/pt-pt\/"},{"@type":"ListItem","position":2,"name":"Ind\u00fastrias","item":"https:\/\/www.babcock-wanson.com\/pt-pt\/industrias\/"},{"@type":"ListItem","position":3,"name":"Borracha, pl\u00e1sticos &amp; comp\u00f3sitos"}]},{"@type":"WebSite","@id":"https:\/\/www.babcock-wanson.com\/pt-pt\/#website","url":"https:\/\/www.babcock-wanson.com\/pt-pt\/","name":"Babcock Wanson","description":"","publisher":{"@id":"https:\/\/www.babcock-wanson.com\/pt-pt\/#organization"},"potentialAction":[{"@type":"SearchAction","target":{"@type":"EntryPoint","urlTemplate":"https:\/\/www.babcock-wanson.com\/pt-pt\/?s={search_term_string}"},"query-input":{"@type":"PropertyValueSpecification","valueRequired":true,"valueName":"search_term_string"}}],"inLanguage":"pt-PT"},{"@type":"Organization","@id":"https:\/\/www.babcock-wanson.com\/pt-pt\/#organization","name":"Babcock Wanson","url":"https:\/\/www.babcock-wanson.com\/pt-pt\/","logo":{"@type":"ImageObject","inLanguage":"pt-PT","@id":"https:\/\/www.babcock-wanson.com\/pt-pt\/#\/schema\/logo\/image\/","url":"https:\/\/www.babcock-wanson.com\/wp-content\/uploads\/2024\/02\/Babcock-Wanson-1200x1200-1.png","contentUrl":"https:\/\/www.babcock-wanson.com\/wp-content\/uploads\/2024\/02\/Babcock-Wanson-1200x1200-1.png","width":1200,"height":1200,"caption":"Babcock Wanson"},"image":{"@id":"https:\/\/www.babcock-wanson.com\/pt-pt\/#\/schema\/logo\/image\/"},"sameAs":["https:\/\/www.linkedin.com\/company\/babcock-wanson\/","https:\/\/www.youtube.com\/channel\/UCtxl25VieBBsP2kYmtlyv7A"]}]}},"jetpack_sharing_enabled":true,"_links":{"self":[{"href":"https:\/\/www.babcock-wanson.com\/pt-pt\/wp-json\/wp\/v2\/pages\/30316","targetHints":{"allow":["GET"]}}],"collection":[{"href":"https:\/\/www.babcock-wanson.com\/pt-pt\/wp-json\/wp\/v2\/pages"}],"about":[{"href":"https:\/\/www.babcock-wanson.com\/pt-pt\/wp-json\/wp\/v2\/types\/page"}],"author":[{"embeddable":true,"href":"https:\/\/www.babcock-wanson.com\/pt-pt\/wp-json\/wp\/v2\/users\/1"}],"replies":[{"embeddable":true,"href":"https:\/\/www.babcock-wanson.com\/pt-pt\/wp-json\/wp\/v2\/comments?post=30316"}],"version-history":[{"count":1,"href":"https:\/\/www.babcock-wanson.com\/pt-pt\/wp-json\/wp\/v2\/pages\/30316\/revisions"}],"predecessor-version":[{"id":31237,"href":"https:\/\/www.babcock-wanson.com\/pt-pt\/wp-json\/wp\/v2\/pages\/30316\/revisions\/31237"}],"up":[{"embeddable":true,"href":"https:\/\/www.babcock-wanson.com\/pt-pt\/wp-json\/wp\/v2\/pages\/29072"}],"wp:attachment":[{"href":"https:\/\/www.babcock-wanson.com\/pt-pt\/wp-json\/wp\/v2\/media?parent=30316"}],"curies":[{"name":"wp","href":"https:\/\/api.w.org\/{rel}","templated":true}]}}