{"id":30456,"date":"2018-08-15T10:36:04","date_gmt":"2018-08-15T09:36:04","guid":{"rendered":"https:\/\/www.babcock-wanson.com\/products\/sem%20categoria\/bwd-series\/"},"modified":"2021-09-15T16:14:19","modified_gmt":"2021-09-15T15:14:19","slug":"bwd","status":"publish","type":"product","link":"https:\/\/www.babcock-wanson.com\/pt-pt\/produtos\/caldeiras-de-tubos-de-fumo-vapor\/bwd\/","title":{"rendered":"BWD"},"content":{"rendered":"<div class=\"vgblk-rw-wrapper limit-wrapper\">\r\n<h3>Baixo consumo de combust\u00edvel<\/h3>\r\n<ul>\r\n<li>A correspond\u00eancia perfeita entre a caldeira e o queimador assegura um funcionamento fi\u00e1vel e eficiente. Podem ser obtidas efici\u00eancias acima de 95%, se houver um economizador e um <a href=\"https:\/\/www.babcock-wanson.com\/pt-pt\/categoria-produto\/sistemas-de-recuperacao\/\">sistema de recupera\u00e7\u00e3o de calor<\/a> Babcock Wanson adequados.<\/li>\r\n<li>A elevada efici\u00eancia t\u00e9rmica consistente em todo o intervalo de alimenta\u00e7\u00e3o \u00e9 uma carater\u00edstica fundamental. O controlo com micromodula\u00e7\u00e3o digital, com a geometria da cabe\u00e7a do queimador concebida especificamente para se adequar \u00e0 caldeira BWD, significa um controlo preciso do excesso de ar e os mais baixos custos de opera\u00e7\u00e3o pratic\u00e1veis.<\/li>\r\n<li>O consumo de energia el\u00e9trica pode ser reduzido em 30% a 50%, atrav\u00e9s da utiliza\u00e7\u00e3o do controlo de velocidade vari\u00e1vel para o ventilador do ar de combust\u00e3o e a bomba da \u00e1gua de alimenta\u00e7\u00e3o, quando especificado.<\/li>\r\n<\/ul>\r\n<h3>Custos de opera\u00e7\u00e3o reduzidos<\/h3>\r\n<ul>\r\n<li>Fabrico robusto, para uma vida \u00fatil longa<\/li>\r\n<li>O acesso direto \u00e0 c\u00e2mara de invers\u00e3o e a facilidade de inspe\u00e7\u00e3o do tubo simplificam a inspe\u00e7\u00e3o obrigat\u00f3ria<\/li>\r\n<li>As paredes exteriores da c\u00e2mara de invers\u00e3o dos gases de combust\u00e3o s\u00e3o arrefecidas a \u00e1gua e garantem uma elevada efici\u00eancia, sem necessidade de tirantes na fornalha, que podem ser um ponto fraco nas caldeiras tradicionais do tipo \u201cwet-back\u201d.<\/li>\r\n<li>As op\u00e7\u00f5es de equipamento padr\u00e3o incluem controlos totalmente aprovados, para um funcionamento com presen\u00e7a permanente de operador, com supervis\u00e3o local, ou sem qualquer presen\u00e7a permanente de operador, incluindo o sistema operativo Babcock Wanson BW720.<\/li>\r\n<\/ul>\r\n<h3>Porqu\u00ea escolher a caldeira de vapor BWD?<\/h3>\r\n<ul>\r\n<li>Efici\u00eancia: queimadores com baixas emiss\u00f5es de NOx<\/li>\r\n<li>Elevada modula\u00e7\u00e3o do queimador<\/li>\r\n<li>Acesso simples, para facilidade de manuten\u00e7\u00e3o<\/li>\r\n<li>Design robusto, para uma vida \u00fatil longa<\/li>\r\n<li><a href=\"https:\/\/www.babcock-wanson.com\/pt-pt\/produtos\/sistemas-de-recuperacao\/economiser\/\">Economizadores de gases de combust\u00e3o<\/a> e de condensa\u00e7\u00e3o<\/li>\r\n<li>Pr\u00e9-aquecedores do ar de combust\u00e3o<\/li>\r\n<li>Op\u00e7\u00f5es de alimenta\u00e7\u00e3o com biocombust\u00edvel e combust\u00edveis mistos<\/li>\r\n<li>Op\u00e7\u00f5es de compensa\u00e7\u00e3o de O2 e CO<\/li>\r\n<li>Aut\u00f3noma e de f\u00e1cil utiliza\u00e7\u00e3o<\/li>\r\n<li>Solu\u00e7\u00f5es completas em sistemas de vapor<\/li>\r\n<\/ul>\r\n<h2>Caracter\u00edsticas<\/h2>\r\n<table>\r\n<tbody>\r\n<tr>\r\n<th>BWD<\/th>\r\n<th>modelo<\/th>\r\n<th>15<\/th>\r\n<th>20<\/th>\r\n<th>25<\/th>\r\n<th>30<\/th>\r\n<th>35<\/th>\r\n<th>40<\/th>\r\n<th>50<\/th>\r\n<th>60<\/th>\r\n<th>70<\/th>\r\n<th>80<\/th>\r\n<\/tr>\r\n<tr>\r\n<th>Capacidade de produ\u00e7\u00e3o (1)<\/th>\r\n<th>Kg\/h<\/th>\r\n<td>1500<\/td>\r\n<td>2000<\/td>\r\n<td>2500<\/td>\r\n<td>3000<\/td>\r\n<td>3500<\/td>\r\n<td>4000<\/td>\r\n<td>5000<\/td>\r\n<td>6000<\/td>\r\n<td>7000<\/td>\r\n<td>8000<\/td>\r\n<\/tr>\r\n<tr>\r\n<th>Pot\u00eancia T\u00e9rmica (1)<\/th>\r\n<th>kW<\/th>\r\n<td>2025<\/td>\r\n<td>1366<\/td>\r\n<td>1707<\/td>\r\n<td>2049<\/td>\r\n<td>2390<\/td>\r\n<td>2732<\/td>\r\n<td>3415<\/td>\r\n<td>4097<\/td>\r\n<td>4780<\/td>\r\n<td>5445<\/td>\r\n<\/tr>\r\n<tr>\r\n<th>Largura A (2)<\/th>\r\n<th>mm<\/th>\r\n<td>2145<\/td>\r\n<td>2145<\/td>\r\n<td>2230<\/td>\r\n<td>2230<\/td>\r\n<td>2360<\/td>\r\n<td>2360<\/td>\r\n<td>2660<\/td>\r\n<td>2660<\/td>\r\n<td>2890<\/td>\r\n<td>2890<\/td>\r\n<\/tr>\r\n<tr>\r\n<th>Comprimento B (2)<\/th>\r\n<th>mm<\/th>\r\n<td>4630<\/td>\r\n<td>4630<\/td>\r\n<td>5950<\/td>\r\n<td>5950<\/td>\r\n<td>6980<\/td>\r\n<td>6980<\/td>\r\n<td>8030<\/td>\r\n<td>8030<\/td>\r\n<td>8640<\/td>\r\n<td>8640<\/td>\r\n<\/tr>\r\n<tr>\r\n<th>Altura C (2)<\/th>\r\n<th>mm<\/th>\r\n<td>2450<\/td>\r\n<td>2450<\/td>\r\n<td>2630<\/td>\r\n<td>2630<\/td>\r\n<td>2730<\/td>\r\n<td>2730<\/td>\r\n<td>3090<\/td>\r\n<td>3090<\/td>\r\n<td>3515<\/td>\r\n<td>3515<\/td>\r\n<\/tr>\r\n<tr>\r\n<th>Peso (completamente cheia)<\/th>\r\n<th>Kg<\/th>\r\n<td>10200<\/td>\r\n<td>10200<\/td>\r\n<td>12500<\/td>\r\n<td>12500<\/td>\r\n<td>16300<\/td>\r\n<td>16300<\/td>\r\n<td>24800<\/td>\r\n<td>24800<\/td>\r\n<td>33700<\/td>\r\n<td>33700<\/td>\r\n<\/tr>\r\n<\/tbody>\r\n<\/table>\r\n<p>(1) A 15 barg e \u00e1gua de alimenta\u00e7\u00e3o a 80\u00b0C<\/p>\r\n<p>(2) As dimens\u00f5es gerais incluem o queimador ajustado e a caldeira montada<\/p>\r\n<\/div><!-- .vgblk-rw-wrapper -->","protected":false},"excerpt":{"rendered":"<p><strong>Produ\u00e7\u00e3o de vapor de 1 500 kg\/h a 8 000 kg\/h<\/strong> <br \/>A s\u00e9rie de <a href=\"https:\/\/www.babcock-wanson.com\/pt-pt\/categoria-produto\/caldeiras-de-tubos-de-fumo-vapor\/\">caldeiras de vapor de tubos de fumo<\/a> BWD, possuem uma estrutura de tr\u00eas passagens e usa uma fornalha orientada coaxialmente, de modo a garantir uma distribui\u00e7\u00e3o ideal da tens\u00e3o mec\u00e2nica durante o funcionamento. Esta \u00e9 uma carater\u00edstica fundamental para as caldeiras que funcionam com uma carga de vapor baixa ou vari\u00e1vel e assegura uma vida \u00fatil longa dos equipamentos. Fornece vapor seco de alta qualidade, devido ao espa\u00e7o generoso e separador integrado para o vapor.<\/p>\n","protected":false},"featured_media":29932,"comment_status":"closed","ping_status":"closed","template":"","meta":{"_acf_changed":false,"_relevanssi_hide_post":"","_relevanssi_hide_content":"","_relevanssi_pin_for_all":"","_relevanssi_pin_keywords":"","_relevanssi_unpin_keywords":"","_relevanssi_related_keywords":"","_relevanssi_related_include_ids":"","_relevanssi_related_exclude_ids":"","_relevanssi_related_no_append":"","_relevanssi_related_not_related":"","_relevanssi_related_posts":"","_relevanssi_noindex_reason":""},"product_brand":[],"product_cat":[5174,5172],"product_tag":[],"class_list":{"0":"post-30456","1":"product","2":"type-product","3":"status-publish","4":"has-post-thumbnail","6":"product_cat-caldeiras-de-tubos-de-fumo-vapor","7":"product_cat-caldeiras-industriais","9":"first","10":"instock","11":"shipping-taxable","12":"product-type-simple"},"acf":[],"yoast_head":"<!-- This site is optimized with the Yoast SEO Premium plugin v27.4 (Yoast SEO v27.4) - https:\/\/yoast.com\/product\/yoast-seo-premium-wordpress\/ -->\n<title>BWD Series Fire Tube Steam Boilers<\/title>\n<meta name=\"description\" content=\"Caldeiras de vapor da s\u00e9rie BWD. Com uma estrutura de 3 passagens e fornalhas orientadas coaxialmente, garantem a distribui\u00e7\u00e3o ideal da tens\u00e3o mec\u00e2nica durante o funcionamento\" \/>\n<meta name=\"robots\" content=\"index, follow, max-snippet:-1, max-image-preview:large, max-video-preview:-1\" \/>\n<link rel=\"canonical\" href=\"https:\/\/www.babcock-wanson.com\/pt-pt\/produtos\/caldeiras-de-tubos-de-fumo-vapor\/bwd\/\" \/>\n<meta property=\"og:locale\" content=\"pt_PT\" \/>\n<meta property=\"og:type\" content=\"article\" \/>\n<meta property=\"og:title\" content=\"BWD\" \/>\n<meta property=\"og:description\" content=\"Caldeiras de vapor da s\u00e9rie BWD. Com uma estrutura de 3 passagens e fornalhas orientadas coaxialmente, garantem a distribui\u00e7\u00e3o ideal da tens\u00e3o mec\u00e2nica durante o funcionamento\" \/>\n<meta property=\"og:url\" content=\"https:\/\/www.babcock-wanson.com\/pt-pt\/produtos\/caldeiras-de-tubos-de-fumo-vapor\/bwd\/\" \/>\n<meta property=\"og:site_name\" content=\"Babcock Wanson\" \/>\n<meta property=\"article:modified_time\" content=\"2021-09-15T15:14:19+00:00\" \/>\n<meta property=\"og:image\" content=\"https:\/\/www.babcock-wanson.com\/wp-content\/uploads\/2018\/08\/BWD-Fire-Tube-Boilers-4.png\" \/>\n\t<meta property=\"og:image:width\" content=\"600\" \/>\n\t<meta property=\"og:image:height\" content=\"400\" \/>\n\t<meta property=\"og:image:type\" content=\"image\/png\" \/>\n<meta name=\"twitter:card\" content=\"summary_large_image\" \/>\n<meta name=\"twitter:label1\" content=\"Est. reading time\" \/>\n\t<meta name=\"twitter:data1\" content=\"2 minutos\" \/>\n<script type=\"application\/ld+json\" class=\"yoast-schema-graph\">{\"@context\":\"https:\\\/\\\/schema.org\",\"@graph\":[{\"@type\":\"WebPage\",\"@id\":\"https:\\\/\\\/www.babcock-wanson.com\\\/pt-pt\\\/produtos\\\/caldeiras-de-tubos-de-fumo-vapor\\\/bwd\\\/\",\"url\":\"https:\\\/\\\/www.babcock-wanson.com\\\/pt-pt\\\/produtos\\\/caldeiras-de-tubos-de-fumo-vapor\\\/bwd\\\/\",\"name\":\"BWD Series Fire Tube Steam Boilers\",\"isPartOf\":{\"@id\":\"https:\\\/\\\/www.babcock-wanson.com\\\/pt-pt\\\/#website\"},\"primaryImageOfPage\":{\"@id\":\"https:\\\/\\\/www.babcock-wanson.com\\\/pt-pt\\\/produtos\\\/caldeiras-de-tubos-de-fumo-vapor\\\/bwd\\\/#primaryimage\"},\"image\":{\"@id\":\"https:\\\/\\\/www.babcock-wanson.com\\\/pt-pt\\\/produtos\\\/caldeiras-de-tubos-de-fumo-vapor\\\/bwd\\\/#primaryimage\"},\"thumbnailUrl\":\"https:\\\/\\\/www.babcock-wanson.com\\\/wp-content\\\/uploads\\\/2018\\\/08\\\/BWD-Fire-Tube-Boilers-4.png\",\"datePublished\":\"2018-08-15T09:36:04+00:00\",\"dateModified\":\"2021-09-15T15:14:19+00:00\",\"description\":\"Caldeiras de vapor da s\u00e9rie BWD. Com uma estrutura de 3 passagens e fornalhas orientadas coaxialmente, garantem a distribui\u00e7\u00e3o ideal da tens\u00e3o mec\u00e2nica durante o funcionamento\",\"breadcrumb\":{\"@id\":\"https:\\\/\\\/www.babcock-wanson.com\\\/pt-pt\\\/produtos\\\/caldeiras-de-tubos-de-fumo-vapor\\\/bwd\\\/#breadcrumb\"},\"inLanguage\":\"pt-PT\",\"potentialAction\":[{\"@type\":\"ReadAction\",\"target\":[\"https:\\\/\\\/www.babcock-wanson.com\\\/pt-pt\\\/produtos\\\/caldeiras-de-tubos-de-fumo-vapor\\\/bwd\\\/\"]}]},{\"@type\":\"ImageObject\",\"inLanguage\":\"pt-PT\",\"@id\":\"https:\\\/\\\/www.babcock-wanson.com\\\/pt-pt\\\/produtos\\\/caldeiras-de-tubos-de-fumo-vapor\\\/bwd\\\/#primaryimage\",\"url\":\"https:\\\/\\\/www.babcock-wanson.com\\\/wp-content\\\/uploads\\\/2018\\\/08\\\/BWD-Fire-Tube-Boilers-4.png\",\"contentUrl\":\"https:\\\/\\\/www.babcock-wanson.com\\\/wp-content\\\/uploads\\\/2018\\\/08\\\/BWD-Fire-Tube-Boilers-4.png\",\"width\":600,\"height\":400,\"caption\":\"BWD Caldeiras de tubos de fumo\"},{\"@type\":\"BreadcrumbList\",\"@id\":\"https:\\\/\\\/www.babcock-wanson.com\\\/pt-pt\\\/produtos\\\/caldeiras-de-tubos-de-fumo-vapor\\\/bwd\\\/#breadcrumb\",\"itemListElement\":[{\"@type\":\"ListItem\",\"position\":1,\"name\":\"Inicio\",\"item\":\"https:\\\/\\\/www.babcock-wanson.com\\\/pt-pt\\\/\"},{\"@type\":\"ListItem\",\"position\":2,\"name\":\"Produtos\",\"item\":\"https:\\\/\\\/www.babcock-wanson.com\\\/pt-pt\\\/shop\\\/\"},{\"@type\":\"ListItem\",\"position\":3,\"name\":\"Caldeiras de tubos de fumo\",\"item\":\"https:\\\/\\\/www.babcock-wanson.com\\\/pt-pt\\\/categoria-produto\\\/caldeiras-de-tubos-de-fumo-vapor\\\/\"},{\"@type\":\"ListItem\",\"position\":4,\"name\":\"BWD\"}]},{\"@type\":\"WebSite\",\"@id\":\"https:\\\/\\\/www.babcock-wanson.com\\\/pt-pt\\\/#website\",\"url\":\"https:\\\/\\\/www.babcock-wanson.com\\\/pt-pt\\\/\",\"name\":\"Babcock Wanson\",\"description\":\"\",\"publisher\":{\"@id\":\"https:\\\/\\\/www.babcock-wanson.com\\\/pt-pt\\\/#organization\"},\"potentialAction\":[{\"@type\":\"SearchAction\",\"target\":{\"@type\":\"EntryPoint\",\"urlTemplate\":\"https:\\\/\\\/www.babcock-wanson.com\\\/pt-pt\\\/?s={search_term_string}\"},\"query-input\":{\"@type\":\"PropertyValueSpecification\",\"valueRequired\":true,\"valueName\":\"search_term_string\"}}],\"inLanguage\":\"pt-PT\"},{\"@type\":\"Organization\",\"@id\":\"https:\\\/\\\/www.babcock-wanson.com\\\/pt-pt\\\/#organization\",\"name\":\"Babcock Wanson\",\"url\":\"https:\\\/\\\/www.babcock-wanson.com\\\/pt-pt\\\/\",\"logo\":{\"@type\":\"ImageObject\",\"inLanguage\":\"pt-PT\",\"@id\":\"https:\\\/\\\/www.babcock-wanson.com\\\/pt-pt\\\/#\\\/schema\\\/logo\\\/image\\\/\",\"url\":\"https:\\\/\\\/www.babcock-wanson.com\\\/wp-content\\\/uploads\\\/2024\\\/02\\\/Babcock-Wanson-1200x1200-1.png\",\"contentUrl\":\"https:\\\/\\\/www.babcock-wanson.com\\\/wp-content\\\/uploads\\\/2024\\\/02\\\/Babcock-Wanson-1200x1200-1.png\",\"width\":1200,\"height\":1200,\"caption\":\"Babcock Wanson\"},\"image\":{\"@id\":\"https:\\\/\\\/www.babcock-wanson.com\\\/pt-pt\\\/#\\\/schema\\\/logo\\\/image\\\/\"},\"sameAs\":[\"https:\\\/\\\/www.linkedin.com\\\/company\\\/babcock-wanson\\\/\",\"https:\\\/\\\/www.youtube.com\\\/channel\\\/UCtxl25VieBBsP2kYmtlyv7A\"]}]}<\/script>\n<!-- \/ Yoast SEO Premium plugin. -->","yoast_head_json":{"title":"BWD Series Fire Tube Steam Boilers","description":"Caldeiras de vapor da s\u00e9rie BWD. Com uma estrutura de 3 passagens e fornalhas orientadas coaxialmente, garantem a distribui\u00e7\u00e3o ideal da tens\u00e3o mec\u00e2nica durante o funcionamento","robots":{"index":"index","follow":"follow","max-snippet":"max-snippet:-1","max-image-preview":"max-image-preview:large","max-video-preview":"max-video-preview:-1"},"canonical":"https:\/\/www.babcock-wanson.com\/pt-pt\/produtos\/caldeiras-de-tubos-de-fumo-vapor\/bwd\/","og_locale":"pt_PT","og_type":"article","og_title":"BWD","og_description":"Caldeiras de vapor da s\u00e9rie BWD. Com uma estrutura de 3 passagens e fornalhas orientadas coaxialmente, garantem a distribui\u00e7\u00e3o ideal da tens\u00e3o mec\u00e2nica durante o funcionamento","og_url":"https:\/\/www.babcock-wanson.com\/pt-pt\/produtos\/caldeiras-de-tubos-de-fumo-vapor\/bwd\/","og_site_name":"Babcock Wanson","article_modified_time":"2021-09-15T15:14:19+00:00","og_image":[{"width":600,"height":400,"url":"https:\/\/www.babcock-wanson.com\/wp-content\/uploads\/2018\/08\/BWD-Fire-Tube-Boilers-4.png","type":"image\/png"}],"twitter_card":"summary_large_image","twitter_misc":{"Est. reading time":"2 minutos"},"schema":{"@context":"https:\/\/schema.org","@graph":[{"@type":"WebPage","@id":"https:\/\/www.babcock-wanson.com\/pt-pt\/produtos\/caldeiras-de-tubos-de-fumo-vapor\/bwd\/","url":"https:\/\/www.babcock-wanson.com\/pt-pt\/produtos\/caldeiras-de-tubos-de-fumo-vapor\/bwd\/","name":"BWD Series Fire Tube Steam Boilers","isPartOf":{"@id":"https:\/\/www.babcock-wanson.com\/pt-pt\/#website"},"primaryImageOfPage":{"@id":"https:\/\/www.babcock-wanson.com\/pt-pt\/produtos\/caldeiras-de-tubos-de-fumo-vapor\/bwd\/#primaryimage"},"image":{"@id":"https:\/\/www.babcock-wanson.com\/pt-pt\/produtos\/caldeiras-de-tubos-de-fumo-vapor\/bwd\/#primaryimage"},"thumbnailUrl":"https:\/\/www.babcock-wanson.com\/wp-content\/uploads\/2018\/08\/BWD-Fire-Tube-Boilers-4.png","datePublished":"2018-08-15T09:36:04+00:00","dateModified":"2021-09-15T15:14:19+00:00","description":"Caldeiras de vapor da s\u00e9rie BWD. Com uma estrutura de 3 passagens e fornalhas orientadas coaxialmente, garantem a distribui\u00e7\u00e3o ideal da tens\u00e3o mec\u00e2nica durante o funcionamento","breadcrumb":{"@id":"https:\/\/www.babcock-wanson.com\/pt-pt\/produtos\/caldeiras-de-tubos-de-fumo-vapor\/bwd\/#breadcrumb"},"inLanguage":"pt-PT","potentialAction":[{"@type":"ReadAction","target":["https:\/\/www.babcock-wanson.com\/pt-pt\/produtos\/caldeiras-de-tubos-de-fumo-vapor\/bwd\/"]}]},{"@type":"ImageObject","inLanguage":"pt-PT","@id":"https:\/\/www.babcock-wanson.com\/pt-pt\/produtos\/caldeiras-de-tubos-de-fumo-vapor\/bwd\/#primaryimage","url":"https:\/\/www.babcock-wanson.com\/wp-content\/uploads\/2018\/08\/BWD-Fire-Tube-Boilers-4.png","contentUrl":"https:\/\/www.babcock-wanson.com\/wp-content\/uploads\/2018\/08\/BWD-Fire-Tube-Boilers-4.png","width":600,"height":400,"caption":"BWD Caldeiras de tubos de fumo"},{"@type":"BreadcrumbList","@id":"https:\/\/www.babcock-wanson.com\/pt-pt\/produtos\/caldeiras-de-tubos-de-fumo-vapor\/bwd\/#breadcrumb","itemListElement":[{"@type":"ListItem","position":1,"name":"Inicio","item":"https:\/\/www.babcock-wanson.com\/pt-pt\/"},{"@type":"ListItem","position":2,"name":"Produtos","item":"https:\/\/www.babcock-wanson.com\/pt-pt\/shop\/"},{"@type":"ListItem","position":3,"name":"Caldeiras de tubos de fumo","item":"https:\/\/www.babcock-wanson.com\/pt-pt\/categoria-produto\/caldeiras-de-tubos-de-fumo-vapor\/"},{"@type":"ListItem","position":4,"name":"BWD"}]},{"@type":"WebSite","@id":"https:\/\/www.babcock-wanson.com\/pt-pt\/#website","url":"https:\/\/www.babcock-wanson.com\/pt-pt\/","name":"Babcock Wanson","description":"","publisher":{"@id":"https:\/\/www.babcock-wanson.com\/pt-pt\/#organization"},"potentialAction":[{"@type":"SearchAction","target":{"@type":"EntryPoint","urlTemplate":"https:\/\/www.babcock-wanson.com\/pt-pt\/?s={search_term_string}"},"query-input":{"@type":"PropertyValueSpecification","valueRequired":true,"valueName":"search_term_string"}}],"inLanguage":"pt-PT"},{"@type":"Organization","@id":"https:\/\/www.babcock-wanson.com\/pt-pt\/#organization","name":"Babcock Wanson","url":"https:\/\/www.babcock-wanson.com\/pt-pt\/","logo":{"@type":"ImageObject","inLanguage":"pt-PT","@id":"https:\/\/www.babcock-wanson.com\/pt-pt\/#\/schema\/logo\/image\/","url":"https:\/\/www.babcock-wanson.com\/wp-content\/uploads\/2024\/02\/Babcock-Wanson-1200x1200-1.png","contentUrl":"https:\/\/www.babcock-wanson.com\/wp-content\/uploads\/2024\/02\/Babcock-Wanson-1200x1200-1.png","width":1200,"height":1200,"caption":"Babcock Wanson"},"image":{"@id":"https:\/\/www.babcock-wanson.com\/pt-pt\/#\/schema\/logo\/image\/"},"sameAs":["https:\/\/www.linkedin.com\/company\/babcock-wanson\/","https:\/\/www.youtube.com\/channel\/UCtxl25VieBBsP2kYmtlyv7A"]}]}},"jetpack_sharing_enabled":true,"_links":{"self":[{"href":"https:\/\/www.babcock-wanson.com\/pt-pt\/wp-json\/wp\/v2\/product\/30456","targetHints":{"allow":["GET"]}}],"collection":[{"href":"https:\/\/www.babcock-wanson.com\/pt-pt\/wp-json\/wp\/v2\/product"}],"about":[{"href":"https:\/\/www.babcock-wanson.com\/pt-pt\/wp-json\/wp\/v2\/types\/product"}],"replies":[{"embeddable":true,"href":"https:\/\/www.babcock-wanson.com\/pt-pt\/wp-json\/wp\/v2\/comments?post=30456"}],"wp:featuredmedia":[{"embeddable":true,"href":"https:\/\/www.babcock-wanson.com\/pt-pt\/wp-json\/wp\/v2\/media\/29932"}],"wp:attachment":[{"href":"https:\/\/www.babcock-wanson.com\/pt-pt\/wp-json\/wp\/v2\/media?parent=30456"}],"wp:term":[{"taxonomy":"product_brand","embeddable":true,"href":"https:\/\/www.babcock-wanson.com\/pt-pt\/wp-json\/wp\/v2\/product_brand?post=30456"},{"taxonomy":"product_cat","embeddable":true,"href":"https:\/\/www.babcock-wanson.com\/pt-pt\/wp-json\/wp\/v2\/product_cat?post=30456"},{"taxonomy":"product_tag","embeddable":true,"href":"https:\/\/www.babcock-wanson.com\/pt-pt\/wp-json\/wp\/v2\/product_tag?post=30456"}],"curies":[{"name":"wp","href":"https:\/\/api.w.org\/{rel}","templated":true}]}}