{"id":30460,"date":"2018-08-15T10:32:59","date_gmt":"2018-08-15T09:32:59","guid":{"rendered":"https:\/\/www.babcock-wanson.com\/products\/sem%20categoria\/nbwb-series\/"},"modified":"2021-11-08T01:46:21","modified_gmt":"2021-11-08T01:46:21","slug":"nbwb","status":"publish","type":"product","link":"https:\/\/www.babcock-wanson.com\/pt-pt\/produtos\/caldeiras-de-tubos-de-fumo-vapor\/nbwb\/","title":{"rendered":"NBWB"},"content":{"rendered":"<div class=\"vgblk-rw-wrapper limit-wrapper\">\r\n<h3>Baixo consumo de combust\u00edvel<\/h3>\r\n<ul>\r\n<li>Totalmente otimizada e altamente eficiente na op\u00e7\u00e3o padr\u00e3o, devido \u00e0 utiliza\u00e7\u00e3o de an\u00e9is helicoidais nos tubos de fumo, que direcionam os gases de combust\u00e3o para um movimento em turbilh\u00e3o.<\/li>\r\n<li>Podem ser obtidas efici\u00eancias de 95% ou mais, quando equipadas com um economizador e um <a href=\"https:\/\/www.babcock-wanson.com\/pt-pt\/categoria-produto\/sistemas-de-recuperacao\/\">sistema de recupera\u00e7\u00e3o de calor<\/a> Babcock Wanson adequados.<\/li>\r\n<li>O consumo de energia el\u00e9trica pode ser reduzido em 30% a 50%, atrav\u00e9s da utiliza\u00e7\u00e3o do controlo de velocidade vari\u00e1vel no ventilador do ar de combust\u00e3o e na bomba da \u00e1gua de alimenta\u00e7\u00e3o, quando especificado.<\/li>\r\n<\/ul>\r\n<h3>Custos de opera\u00e7\u00e3o reduzidos<\/h3>\r\n<ul>\r\n<li>Fabrico robusto, para uma vida \u00fatil longa<\/li>\r\n<li>Facilidade de acesso, para inspe\u00e7\u00e3o e manuten\u00e7\u00e3o simplificadas.<\/li>\r\n<li>As op\u00e7\u00f5es incluem controlos completamente aprovados para o funcionamento com pessoal permanente, com supervis\u00e3o no local, ou sem pessoal permanente, para um funcionamento econ\u00f3mico e facilidade de utiliza\u00e7\u00e3o.<\/li>\r\n<\/ul>\r\n<h3>Porqu\u00ea escolher a caldeira de vapor NBWB?<\/h3>\r\n<ul>\r\n<li>Elevada efici\u00eancia: queimadores com baixas emiss\u00f5es de NOx<\/li>\r\n<li>Elevada modula\u00e7\u00e3o do queimador<\/li>\r\n<li>Acesso simples, para facilidade de manuten\u00e7\u00e3o<\/li>\r\n<li>Design robusto, para uma longa vida \u00fatil<\/li>\r\n<li><a href=\"https:\/\/www.babcock-wanson.com\/pt-pt\/produtos\/sistemas-de-recuperacao\/economiser\/\">Economizadores dos gases de combust\u00e3o<\/a><\/li>\r\n<li>Op\u00e7\u00f5es de alimenta\u00e7\u00e3o a g\u00e1s natural, GPL ou combust\u00edveis l\u00edquidos ligeiros<\/li>\r\n<li>Op\u00e7\u00f5es de alimenta\u00e7\u00e3o com biocombust\u00edvel<\/li>\r\n<li>Op\u00e7\u00f5es de compensa\u00e7\u00e3o de O2 e CO<\/li>\r\n<li>Aut\u00f3noma e de f\u00e1cil utiliza\u00e7\u00e3o<\/li>\r\n<li>Solu\u00e7\u00f5es completas em sistemas de vapor<\/li>\r\n<\/ul>\r\n<h2>Caracter\u00edsticas<\/h2>\r\n<table>\r\n<tbody>\r\n<tr>\r\n<th>NBWB<\/th>\r\n<th>modelo<\/th>\r\n<th>25<\/th>\r\n<th>43<\/th>\r\n<th>65<\/th>\r\n<th>100<\/th>\r\n<th>150<\/th>\r\n<th>200<\/th>\r\n<th>250<\/th>\r\n<\/tr>\r\n<tr>\r\n<th>Capacidade de produ\u00e7\u00e3o (1)<\/th>\r\n<th>Kg\/h<\/th>\r\n<td>250<\/td>\r\n<td>430<\/td>\r\n<td>650<\/td>\r\n<td>1000<\/td>\r\n<td>1500<\/td>\r\n<td>2000<\/td>\r\n<td>2500<\/td>\r\n<\/tr>\r\n<tr>\r\n<th>Pot\u00eancia T\u00e9rmica (1)<\/th>\r\n<th>kW<\/th>\r\n<td>176<\/td>\r\n<td>303<\/td>\r\n<td>457<\/td>\r\n<td>703<\/td>\r\n<td>1055<\/td>\r\n<td>1407<\/td>\r\n<td>1758<\/td>\r\n<\/tr>\r\n<tr>\r\n<th>Largura A (2)<\/th>\r\n<th>mm<\/th>\r\n<td>1390<\/td>\r\n<td>1470<\/td>\r\n<td>1520<\/td>\r\n<td>1680<\/td>\r\n<td>1750<\/td>\r\n<td>1790<\/td>\r\n<td>1950<\/td>\r\n<\/tr>\r\n<tr>\r\n<th>Comprimento B (2)<\/th>\r\n<th>mm<\/th>\r\n<td>3090<\/td>\r\n<td>3280<\/td>\r\n<td>3380<\/td>\r\n<td>4240<\/td>\r\n<td>4300<\/td>\r\n<td>4710<\/td>\r\n<td>4980<\/td>\r\n<\/tr>\r\n<tr>\r\n<th>Altura C (2)<\/th>\r\n<th>mm<\/th>\r\n<td>1640<\/td>\r\n<td>1730<\/td>\r\n<td>1800<\/td>\r\n<td>1980<\/td>\r\n<td>2070<\/td>\r\n<td>220<\/td>\r\n<td>2270<\/td>\r\n<\/tr>\r\n<tr>\r\n<th>Peso (completamente cheia)<\/th>\r\n<th>Kg<\/th>\r\n<td>2300<\/td>\r\n<td>2820<\/td>\r\n<td>3250<\/td>\r\n<td>5070<\/td>\r\n<td>5870<\/td>\r\n<td>6870<\/td>\r\n<td>7470<\/td>\r\n<\/tr>\r\n<\/tbody>\r\n<\/table>\r\n<p>(1) A 10 barg e \u00e1gua de alimenta\u00e7\u00e3o a 60\u00b0C<\/p>\r\n<p>(2) As dimens\u00f5es gerais incluem o queimador ajustado e a caldeira montada<\/p>\r\n<h2><\/h2><\/div><!-- .vgblk-rw-wrapper -->","protected":false},"excerpt":{"rendered":"<p><strong>Produ\u00e7\u00e3o de vapor de 250 kg\/h a 2 500 kg\/h<\/strong> <br \/>A s\u00e9rie de <a href=\"https:\/\/www.babcock-wanson.com\/pt-pt\/categoria-produto\/caldeiras-de-tubos-de-fumo-vapor\/\">caldeiras de vapor de tubos de fumo<\/a> NBWB, fornece aos utilizadores, vapor seco de alta qualidade at\u00e9 2 500 kg\/h, ao mesmo tempo que mant\u00e9m um baixo consumo de combust\u00edvel e reduzidos custos de opera\u00e7\u00e3o.<\/p>\n","protected":false},"featured_media":29879,"comment_status":"closed","ping_status":"closed","template":"","meta":{"_acf_changed":false,"_relevanssi_hide_post":"","_relevanssi_hide_content":"","_relevanssi_pin_for_all":"","_relevanssi_pin_keywords":"","_relevanssi_unpin_keywords":"","_relevanssi_related_keywords":"","_relevanssi_related_include_ids":"","_relevanssi_related_exclude_ids":"","_relevanssi_related_no_append":"","_relevanssi_related_not_related":"","_relevanssi_related_posts":"","_relevanssi_noindex_reason":""},"product_brand":[],"product_cat":[5174,5172],"product_tag":[],"class_list":{"0":"post-30460","1":"product","2":"type-product","3":"status-publish","4":"has-post-thumbnail","6":"product_cat-caldeiras-de-tubos-de-fumo-vapor","7":"product_cat-caldeiras-industriais","9":"first","10":"instock","11":"shipping-taxable","12":"product-type-simple"},"acf":[],"yoast_head":"<!-- This site is optimized with the Yoast SEO Premium plugin v27.1 (Yoast SEO v27.1.1) - https:\/\/yoast.com\/product\/yoast-seo-premium-wordpress\/ -->\n<title>NBWB Series Fire Tube Steam Boilers<\/title>\n<meta name=\"description\" content=\"As caldeiras de vapor de tubos de fumo NBWB, fornecem vapor seco de alta qualidade at\u00e9 2500 kg\/h, t\u00eam um baixo consumo e reduzidos custos de opera\u00e7\u00e3o. Clique para saber mais\" \/>\n<meta name=\"robots\" content=\"index, follow, max-snippet:-1, max-image-preview:large, max-video-preview:-1\" \/>\n<link rel=\"canonical\" href=\"https:\/\/www.babcock-wanson.com\/pt-pt\/produtos\/caldeiras-de-tubos-de-fumo-vapor\/nbwb\/\" \/>\n<meta property=\"og:locale\" content=\"pt_PT\" \/>\n<meta property=\"og:type\" content=\"article\" \/>\n<meta property=\"og:title\" content=\"NBWB\" \/>\n<meta property=\"og:description\" content=\"As caldeiras de vapor de tubos de fumo NBWB, fornecem vapor seco de alta qualidade at\u00e9 2500 kg\/h, t\u00eam um baixo consumo e reduzidos custos de opera\u00e7\u00e3o. Clique para saber mais\" \/>\n<meta property=\"og:url\" content=\"https:\/\/www.babcock-wanson.com\/pt-pt\/produtos\/caldeiras-de-tubos-de-fumo-vapor\/nbwb\/\" \/>\n<meta property=\"og:site_name\" content=\"Babcock Wanson\" \/>\n<meta property=\"article:modified_time\" content=\"2021-11-08T01:46:21+00:00\" \/>\n<meta property=\"og:image\" content=\"https:\/\/www.babcock-wanson.com\/wp-content\/uploads\/2018\/08\/NBWB-Fire-Tube-Boiler-3.png\" \/>\n\t<meta property=\"og:image:width\" content=\"600\" \/>\n\t<meta property=\"og:image:height\" content=\"400\" \/>\n\t<meta property=\"og:image:type\" content=\"image\/png\" \/>\n<meta name=\"twitter:card\" content=\"summary_large_image\" \/>\n<meta name=\"twitter:label1\" content=\"Est. reading time\" \/>\n\t<meta name=\"twitter:data1\" content=\"2 minutos\" \/>\n<script type=\"application\/ld+json\" class=\"yoast-schema-graph\">{\"@context\":\"https:\/\/schema.org\",\"@graph\":[{\"@type\":\"WebPage\",\"@id\":\"https:\/\/www.babcock-wanson.com\/pt-pt\/produtos\/caldeiras-de-tubos-de-fumo-vapor\/nbwb\/\",\"url\":\"https:\/\/www.babcock-wanson.com\/pt-pt\/produtos\/caldeiras-de-tubos-de-fumo-vapor\/nbwb\/\",\"name\":\"NBWB Series Fire Tube Steam Boilers\",\"isPartOf\":{\"@id\":\"https:\/\/www.babcock-wanson.com\/pt-pt\/#website\"},\"primaryImageOfPage\":{\"@id\":\"https:\/\/www.babcock-wanson.com\/pt-pt\/produtos\/caldeiras-de-tubos-de-fumo-vapor\/nbwb\/#primaryimage\"},\"image\":{\"@id\":\"https:\/\/www.babcock-wanson.com\/pt-pt\/produtos\/caldeiras-de-tubos-de-fumo-vapor\/nbwb\/#primaryimage\"},\"thumbnailUrl\":\"https:\/\/www.babcock-wanson.com\/wp-content\/uploads\/2018\/08\/NBWB-Fire-Tube-Boiler-3.png\",\"datePublished\":\"2018-08-15T09:32:59+00:00\",\"dateModified\":\"2021-11-08T01:46:21+00:00\",\"description\":\"As caldeiras de vapor de tubos de fumo NBWB, fornecem vapor seco de alta qualidade at\u00e9 2500 kg\/h, t\u00eam um baixo consumo e reduzidos custos de opera\u00e7\u00e3o. Clique para saber mais\",\"breadcrumb\":{\"@id\":\"https:\/\/www.babcock-wanson.com\/pt-pt\/produtos\/caldeiras-de-tubos-de-fumo-vapor\/nbwb\/#breadcrumb\"},\"inLanguage\":\"pt-PT\",\"potentialAction\":[{\"@type\":\"ReadAction\",\"target\":[\"https:\/\/www.babcock-wanson.com\/pt-pt\/produtos\/caldeiras-de-tubos-de-fumo-vapor\/nbwb\/\"]}]},{\"@type\":\"ImageObject\",\"inLanguage\":\"pt-PT\",\"@id\":\"https:\/\/www.babcock-wanson.com\/pt-pt\/produtos\/caldeiras-de-tubos-de-fumo-vapor\/nbwb\/#primaryimage\",\"url\":\"https:\/\/www.babcock-wanson.com\/wp-content\/uploads\/2018\/08\/NBWB-Fire-Tube-Boiler-3.png\",\"contentUrl\":\"https:\/\/www.babcock-wanson.com\/wp-content\/uploads\/2018\/08\/NBWB-Fire-Tube-Boiler-3.png\",\"width\":600,\"height\":400,\"caption\":\"NBWB Caldeiras-de-tubos-de fumo\"},{\"@type\":\"BreadcrumbList\",\"@id\":\"https:\/\/www.babcock-wanson.com\/pt-pt\/produtos\/caldeiras-de-tubos-de-fumo-vapor\/nbwb\/#breadcrumb\",\"itemListElement\":[{\"@type\":\"ListItem\",\"position\":1,\"name\":\"Inicio\",\"item\":\"https:\/\/www.babcock-wanson.com\/pt-pt\/\"},{\"@type\":\"ListItem\",\"position\":2,\"name\":\"Produtos\",\"item\":\"https:\/\/www.babcock-wanson.com\/pt-pt\/shop\/\"},{\"@type\":\"ListItem\",\"position\":3,\"name\":\"Caldeiras de tubos de fumo\",\"item\":\"https:\/\/www.babcock-wanson.com\/pt-pt\/categoria-produto\/caldeiras-de-tubos-de-fumo-vapor\/\"},{\"@type\":\"ListItem\",\"position\":4,\"name\":\"NBWB\"}]},{\"@type\":\"WebSite\",\"@id\":\"https:\/\/www.babcock-wanson.com\/pt-pt\/#website\",\"url\":\"https:\/\/www.babcock-wanson.com\/pt-pt\/\",\"name\":\"Babcock Wanson\",\"description\":\"\",\"publisher\":{\"@id\":\"https:\/\/www.babcock-wanson.com\/pt-pt\/#organization\"},\"potentialAction\":[{\"@type\":\"SearchAction\",\"target\":{\"@type\":\"EntryPoint\",\"urlTemplate\":\"https:\/\/www.babcock-wanson.com\/pt-pt\/?s={search_term_string}\"},\"query-input\":{\"@type\":\"PropertyValueSpecification\",\"valueRequired\":true,\"valueName\":\"search_term_string\"}}],\"inLanguage\":\"pt-PT\"},{\"@type\":\"Organization\",\"@id\":\"https:\/\/www.babcock-wanson.com\/pt-pt\/#organization\",\"name\":\"Babcock Wanson\",\"url\":\"https:\/\/www.babcock-wanson.com\/pt-pt\/\",\"logo\":{\"@type\":\"ImageObject\",\"inLanguage\":\"pt-PT\",\"@id\":\"https:\/\/www.babcock-wanson.com\/pt-pt\/#\/schema\/logo\/image\/\",\"url\":\"https:\/\/www.babcock-wanson.com\/wp-content\/uploads\/2024\/02\/Babcock-Wanson-1200x1200-1.png\",\"contentUrl\":\"https:\/\/www.babcock-wanson.com\/wp-content\/uploads\/2024\/02\/Babcock-Wanson-1200x1200-1.png\",\"width\":1200,\"height\":1200,\"caption\":\"Babcock Wanson\"},\"image\":{\"@id\":\"https:\/\/www.babcock-wanson.com\/pt-pt\/#\/schema\/logo\/image\/\"},\"sameAs\":[\"https:\/\/www.linkedin.com\/company\/babcock-wanson\/\",\"https:\/\/www.youtube.com\/channel\/UCtxl25VieBBsP2kYmtlyv7A\"]}]}<\/script>\n<!-- \/ Yoast SEO Premium plugin. -->","yoast_head_json":{"title":"NBWB Series Fire Tube Steam Boilers","description":"As caldeiras de vapor de tubos de fumo NBWB, fornecem vapor seco de alta qualidade at\u00e9 2500 kg\/h, t\u00eam um baixo consumo e reduzidos custos de opera\u00e7\u00e3o. Clique para saber mais","robots":{"index":"index","follow":"follow","max-snippet":"max-snippet:-1","max-image-preview":"max-image-preview:large","max-video-preview":"max-video-preview:-1"},"canonical":"https:\/\/www.babcock-wanson.com\/pt-pt\/produtos\/caldeiras-de-tubos-de-fumo-vapor\/nbwb\/","og_locale":"pt_PT","og_type":"article","og_title":"NBWB","og_description":"As caldeiras de vapor de tubos de fumo NBWB, fornecem vapor seco de alta qualidade at\u00e9 2500 kg\/h, t\u00eam um baixo consumo e reduzidos custos de opera\u00e7\u00e3o. Clique para saber mais","og_url":"https:\/\/www.babcock-wanson.com\/pt-pt\/produtos\/caldeiras-de-tubos-de-fumo-vapor\/nbwb\/","og_site_name":"Babcock Wanson","article_modified_time":"2021-11-08T01:46:21+00:00","og_image":[{"width":600,"height":400,"url":"https:\/\/www.babcock-wanson.com\/wp-content\/uploads\/2018\/08\/NBWB-Fire-Tube-Boiler-3.png","type":"image\/png"}],"twitter_card":"summary_large_image","twitter_misc":{"Est. reading time":"2 minutos"},"schema":{"@context":"https:\/\/schema.org","@graph":[{"@type":"WebPage","@id":"https:\/\/www.babcock-wanson.com\/pt-pt\/produtos\/caldeiras-de-tubos-de-fumo-vapor\/nbwb\/","url":"https:\/\/www.babcock-wanson.com\/pt-pt\/produtos\/caldeiras-de-tubos-de-fumo-vapor\/nbwb\/","name":"NBWB Series Fire Tube Steam Boilers","isPartOf":{"@id":"https:\/\/www.babcock-wanson.com\/pt-pt\/#website"},"primaryImageOfPage":{"@id":"https:\/\/www.babcock-wanson.com\/pt-pt\/produtos\/caldeiras-de-tubos-de-fumo-vapor\/nbwb\/#primaryimage"},"image":{"@id":"https:\/\/www.babcock-wanson.com\/pt-pt\/produtos\/caldeiras-de-tubos-de-fumo-vapor\/nbwb\/#primaryimage"},"thumbnailUrl":"https:\/\/www.babcock-wanson.com\/wp-content\/uploads\/2018\/08\/NBWB-Fire-Tube-Boiler-3.png","datePublished":"2018-08-15T09:32:59+00:00","dateModified":"2021-11-08T01:46:21+00:00","description":"As caldeiras de vapor de tubos de fumo NBWB, fornecem vapor seco de alta qualidade at\u00e9 2500 kg\/h, t\u00eam um baixo consumo e reduzidos custos de opera\u00e7\u00e3o. Clique para saber mais","breadcrumb":{"@id":"https:\/\/www.babcock-wanson.com\/pt-pt\/produtos\/caldeiras-de-tubos-de-fumo-vapor\/nbwb\/#breadcrumb"},"inLanguage":"pt-PT","potentialAction":[{"@type":"ReadAction","target":["https:\/\/www.babcock-wanson.com\/pt-pt\/produtos\/caldeiras-de-tubos-de-fumo-vapor\/nbwb\/"]}]},{"@type":"ImageObject","inLanguage":"pt-PT","@id":"https:\/\/www.babcock-wanson.com\/pt-pt\/produtos\/caldeiras-de-tubos-de-fumo-vapor\/nbwb\/#primaryimage","url":"https:\/\/www.babcock-wanson.com\/wp-content\/uploads\/2018\/08\/NBWB-Fire-Tube-Boiler-3.png","contentUrl":"https:\/\/www.babcock-wanson.com\/wp-content\/uploads\/2018\/08\/NBWB-Fire-Tube-Boiler-3.png","width":600,"height":400,"caption":"NBWB Caldeiras-de-tubos-de fumo"},{"@type":"BreadcrumbList","@id":"https:\/\/www.babcock-wanson.com\/pt-pt\/produtos\/caldeiras-de-tubos-de-fumo-vapor\/nbwb\/#breadcrumb","itemListElement":[{"@type":"ListItem","position":1,"name":"Inicio","item":"https:\/\/www.babcock-wanson.com\/pt-pt\/"},{"@type":"ListItem","position":2,"name":"Produtos","item":"https:\/\/www.babcock-wanson.com\/pt-pt\/shop\/"},{"@type":"ListItem","position":3,"name":"Caldeiras de tubos de fumo","item":"https:\/\/www.babcock-wanson.com\/pt-pt\/categoria-produto\/caldeiras-de-tubos-de-fumo-vapor\/"},{"@type":"ListItem","position":4,"name":"NBWB"}]},{"@type":"WebSite","@id":"https:\/\/www.babcock-wanson.com\/pt-pt\/#website","url":"https:\/\/www.babcock-wanson.com\/pt-pt\/","name":"Babcock Wanson","description":"","publisher":{"@id":"https:\/\/www.babcock-wanson.com\/pt-pt\/#organization"},"potentialAction":[{"@type":"SearchAction","target":{"@type":"EntryPoint","urlTemplate":"https:\/\/www.babcock-wanson.com\/pt-pt\/?s={search_term_string}"},"query-input":{"@type":"PropertyValueSpecification","valueRequired":true,"valueName":"search_term_string"}}],"inLanguage":"pt-PT"},{"@type":"Organization","@id":"https:\/\/www.babcock-wanson.com\/pt-pt\/#organization","name":"Babcock Wanson","url":"https:\/\/www.babcock-wanson.com\/pt-pt\/","logo":{"@type":"ImageObject","inLanguage":"pt-PT","@id":"https:\/\/www.babcock-wanson.com\/pt-pt\/#\/schema\/logo\/image\/","url":"https:\/\/www.babcock-wanson.com\/wp-content\/uploads\/2024\/02\/Babcock-Wanson-1200x1200-1.png","contentUrl":"https:\/\/www.babcock-wanson.com\/wp-content\/uploads\/2024\/02\/Babcock-Wanson-1200x1200-1.png","width":1200,"height":1200,"caption":"Babcock Wanson"},"image":{"@id":"https:\/\/www.babcock-wanson.com\/pt-pt\/#\/schema\/logo\/image\/"},"sameAs":["https:\/\/www.linkedin.com\/company\/babcock-wanson\/","https:\/\/www.youtube.com\/channel\/UCtxl25VieBBsP2kYmtlyv7A"]}]}},"jetpack_sharing_enabled":true,"_links":{"self":[{"href":"https:\/\/www.babcock-wanson.com\/pt-pt\/wp-json\/wp\/v2\/product\/30460","targetHints":{"allow":["GET"]}}],"collection":[{"href":"https:\/\/www.babcock-wanson.com\/pt-pt\/wp-json\/wp\/v2\/product"}],"about":[{"href":"https:\/\/www.babcock-wanson.com\/pt-pt\/wp-json\/wp\/v2\/types\/product"}],"replies":[{"embeddable":true,"href":"https:\/\/www.babcock-wanson.com\/pt-pt\/wp-json\/wp\/v2\/comments?post=30460"}],"wp:featuredmedia":[{"embeddable":true,"href":"https:\/\/www.babcock-wanson.com\/pt-pt\/wp-json\/wp\/v2\/media\/29879"}],"wp:attachment":[{"href":"https:\/\/www.babcock-wanson.com\/pt-pt\/wp-json\/wp\/v2\/media?parent=30460"}],"wp:term":[{"taxonomy":"product_brand","embeddable":true,"href":"https:\/\/www.babcock-wanson.com\/pt-pt\/wp-json\/wp\/v2\/product_brand?post=30460"},{"taxonomy":"product_cat","embeddable":true,"href":"https:\/\/www.babcock-wanson.com\/pt-pt\/wp-json\/wp\/v2\/product_cat?post=30460"},{"taxonomy":"product_tag","embeddable":true,"href":"https:\/\/www.babcock-wanson.com\/pt-pt\/wp-json\/wp\/v2\/product_tag?post=30460"}],"curies":[{"name":"wp","href":"https:\/\/api.w.org\/{rel}","templated":true}]}}