{"id":30581,"date":"2018-05-24T15:09:39","date_gmt":"2018-05-24T14:09:39","guid":{"rendered":"https:\/\/www.babcock-wanson.com\/products\/sem%20categoria\/vap-series\/"},"modified":"2021-05-05T14:37:01","modified_gmt":"2021-05-05T13:37:01","slug":"vap","status":"publish","type":"product","link":"https:\/\/www.babcock-wanson.com\/pt-pt\/produtos\/caldeiras-de-vaporizacao-rapida\/vap\/","title":{"rendered":"VAP"},"content":{"rendered":"<div class=\"vgblk-rw-wrapper limit-wrapper\">\r\n<h2>Caracter\u00edsticas da s\u00e9rie Premium<\/h2>\r\n<table>\r\n<tbody>\r\n<tr>\r\n<th>VAP Premium<\/th>\r\n<th>modelo<\/th>\r\n<th>250 RR<\/th>\r\n<th>400 RR<\/th>\r\n<th>600 RR<\/th>\r\n<th>900 RR<\/th>\r\n<th>1200 RR<\/th>\r\n<th>1500 RR<\/th>\r\n<\/tr>\r\n<tr>\r\n<th>Capacidade de produ\u00e7\u00e3o (1)<\/th>\r\n<th>Kg\/h<\/th>\r\n<td>250<\/td>\r\n<td>400<\/td>\r\n<td>600<\/td>\r\n<td>900<\/td>\r\n<td>1200<\/td>\r\n<td>1500<\/td>\r\n<\/tr>\r\n<tr>\r\n<th>Pot\u00eancia T\u00e9rmica (1)<\/th>\r\n<th>kW<\/th>\r\n<td>175<\/td>\r\n<td>280<\/td>\r\n<td>419<\/td>\r\n<td>628<\/td>\r\n<td>838<\/td>\r\n<td>1047<\/td>\r\n<\/tr>\r\n<tr>\r\n<th>Largura A (2)<\/th>\r\n<th>mm<\/th>\r\n<td>1150<\/td>\r\n<td>1400<\/td>\r\n<td>1400<\/td>\r\n<td>1600<\/td>\r\n<td>1750<\/td>\r\n<td>2000<\/td>\r\n<\/tr>\r\n<tr>\r\n<th>Comprimento B (2)<\/th>\r\n<th>mm<\/th>\r\n<td>1150<\/td>\r\n<td>1400<\/td>\r\n<td>1400<\/td>\r\n<td>1600<\/td>\r\n<td>2000<\/td>\r\n<td>2200<\/td>\r\n<\/tr>\r\n<tr>\r\n<th>Altura C (2)<\/th>\r\n<th>mm<\/th>\r\n<td>1800<\/td>\r\n<td>2100<\/td>\r\n<td>2100<\/td>\r\n<td>2300<\/td>\r\n<td>2400<\/td>\r\n<td>2700<\/td>\r\n<\/tr>\r\n<tr>\r\n<th>Peso (completamente cheia)<\/th>\r\n<th>Kg<\/th>\r\n<td>350<\/td>\r\n<td>600<\/td>\r\n<td>700<\/td>\r\n<td>950<\/td>\r\n<td>1350<\/td>\r\n<td>1700<\/td>\r\n<\/tr>\r\n<\/tbody>\r\n<\/table>\r\n<p>(1) Todos os d\u00e9bitos de vapor indicados, s\u00e3o para uma \u00e1gua de alimenta\u00e7\u00e3o a 80\u00b0C<\/p>\r\n<p>(2) Press\u00e3o m\u00e1xima de trabalho de 12 barg (para press\u00f5es mais altas, apenas via projeto)<\/p>\r\n<h2>Caracter\u00edsticas da s\u00e9rie Standard<\/h2>\r\n<table width=\"669\" cellspacing=\"0\" cellpadding=\"3\">\r\n<tbody>\r\n<tr>\r\n<th>Modelo<\/th>\r\n<th>150<\/th>\r\n<th>250<\/th>\r\n<th>400<\/th>\r\n<th>600<\/th>\r\n<th>900<\/th>\r\n<th>1200<\/th>\r\n<th>1500<\/th>\r\n<th>2000<\/th>\r\n<th>2500<\/th>\r\n<th>3500<\/th>\r\n<th>4250<\/th>\r\n<th>5000<\/th>\r\n<th>7000<\/th>\r\n<\/tr>\r\n<tr>\r\n<th>Capacidade de produ\u00e7\u00e3o (kg\/h) (1)<\/th>\r\n<td>150<\/td>\r\n<td>250<\/td>\r\n<td>400<\/td>\r\n<td>600<\/td>\r\n<td>900<\/td>\r\n<td>1200<\/td>\r\n<td>1500<\/td>\r\n<td>2000<\/td>\r\n<td>2500<\/td>\r\n<td>3500<\/td>\r\n<td>4250<\/td>\r\n<td>5000<\/td>\r\n<td>7000<\/td>\r\n<\/tr>\r\n<tr>\r\n<th>Pot\u00eancia T\u00e9rmica (kW) (1)<\/th>\r\n<td>106<\/td>\r\n<td>176<\/td>\r\n<td>281<\/td>\r\n<td>423<\/td>\r\n<td>635<\/td>\r\n<td>846<\/td>\r\n<td>1055<\/td>\r\n<td>1410<\/td>\r\n<td>1760<\/td>\r\n<td>2468<\/td>\r\n<td>2996<\/td>\r\n<td>3520<\/td>\r\n<td>\u00a0<\/td>\r\n<\/tr>\r\n<\/tbody>\r\n<\/table>\r\n<p>(1) Todos os d\u00e9bitos de vapor indicados, s\u00e3o para uma \u00e1gua de alimenta\u00e7\u00e3o a 80\u00b0C<\/p>\r\n<h2>Caracter\u00edsticas da s\u00e9rie VAP RR<\/h2>\r\n<table>\r\n<tbody>\r\n<tr>\r\n<th>VAP RR<\/th>\r\n<th>modelo<\/th>\r\n<th>1500 RR<\/th>\r\n<th>2000 RR<\/th>\r\n<th>2500 RR<\/th>\r\n<th>3500 RR<\/th>\r\n<th>4250 RR<\/th>\r\n<th>5000 RR<\/th>\r\n<th>7000 RR<\/th>\r\n<\/tr>\r\n<tr>\r\n<th>Capacidade de produ\u00e7\u00e3o<\/th>\r\n<th>Kg\/h<\/th>\r\n<td>1500<\/td>\r\n<td>2000<\/td>\r\n<td>2500<\/td>\r\n<td>3500<\/td>\r\n<td>4250<\/td>\r\n<td>5000<\/td>\r\n<td>7000<\/td>\r\n<\/tr>\r\n<tr>\r\n<th>Pot\u00eancia T\u00e9rmica<\/th>\r\n<th>kW<\/th>\r\n<td>1047<\/td>\r\n<td>1396<\/td>\r\n<td>1745<\/td>\r\n<td>2443<\/td>\r\n<td>2966<\/td>\r\n<td>3490<\/td>\r\n<td>4886<\/td>\r\n<\/tr>\r\n<tr>\r\n<th>Largura A<\/th>\r\n<th>mm<\/th>\r\n<td>1700<\/td>\r\n<td>1900<\/td>\r\n<td>2000<\/td>\r\n<td>2300<\/td>\r\n<td>2400<\/td>\r\n<td>2600<\/td>\r\n<td>2850<\/td>\r\n<\/tr>\r\n<tr>\r\n<th>Comprimento B (standard)<\/th>\r\n<th>mm<\/th>\r\n<td>2100<\/td>\r\n<td>2450<\/td>\r\n<td>2450<\/td>\r\n<td>2900<\/td>\r\n<td>2900<\/td>\r\n<td>3150<\/td>\r\n<td>3850<\/td>\r\n<\/tr>\r\n<tr>\r\n<th>Comprimento C (with optional<br \/>economiser)<\/th>\r\n<th>mm<\/th>\r\n<td>2800<\/td>\r\n<td>3580<\/td>\r\n<td>3650<\/td>\r\n<td>4200<\/td>\r\n<td>3900<\/td>\r\n<td>4200<\/td>\r\n<td>5100<\/td>\r\n<\/tr>\r\n<tr>\r\n<th>Altura\u00a0D<\/th>\r\n<th>mm<\/th>\r\n<td>2900<\/td>\r\n<td>3280<\/td>\r\n<td>3702<\/td>\r\n<td>3800<\/td>\r\n<td>4200<\/td>\r\n<td>4800<\/td>\r\n<td>4530<\/td>\r\n<\/tr>\r\n<tr>\r\n<th>Peso (completamente cheia)<\/th>\r\n<th>Kg<\/th>\r\n<td>2600<\/td>\r\n<td>3000<\/td>\r\n<td>3500<\/td>\r\n<td>5200<\/td>\r\n<td>6900<\/td>\r\n<td>7700<\/td>\r\n<td>10500<\/td>\r\n<\/tr>\r\n<\/tbody>\r\n<\/table>\r\n<p>(1) Todos os d\u00e9bitos de vapor indicados, s\u00e3o para uma \u00e1gua de alimenta\u00e7\u00e3o a 80\u00b0C<\/p>\r\n<p>(2) Press\u00e3o m\u00e1xima de trabalho de 12 barg (para press\u00f5es mais altas, apenas via projeto)<\/p>\r\n<\/div><!-- .vgblk-rw-wrapper -->","protected":false},"excerpt":{"rendered":"<p>As caldeiras de vapor de serpentina VAP, possuem quatro passagens de gases, mais uma para pr\u00e9-aquecer o ar de combust\u00e3o integrado, para uma elevada efici\u00eancia operacional. Com disponibilidade de vapor em apenas tr\u00eas minutos ap\u00f3s o arranque a frio e um baixo volume de \u00e1gua sob press\u00e3o, as caldeiras VAP combinam efici\u00eancia com seguran\u00e7a, mesmo com uma press\u00e3o de servi\u00e7o elevada.<\/p>\n<h3>Carater\u00edsticas da s\u00e9rie VAP<\/h3>\n<ul>\n<li>Emiss\u00f5es em conformidade com os regulamentos europeus<\/li>\n<li>Fabrico robusto, sem grande vaso de press\u00e3o<\/li>\n<li>Disponibilidade de vapor em apenas tr\u00eas minutos ap\u00f3s o arranque a frio\u00a0<\/li>\n<li>Baixo volume de \u00e1gua sob press\u00e3o, para seguran\u00e7a mesmo a muito alta press\u00e3o<\/li>\n<li>F\u00e1cil de instalar junto ao utilizador de vapor, resultando em custos com tubagem reduzidos<\/li>\n<li>Muito compacto<\/li>\n<li>Fabricado num pacote completo, incluindo um queimador, bomba da \u00e1gua de alimenta\u00e7\u00e3o e painel de controlo da Babcock Wanson, com todos os componentes cablados e testados na nossa f\u00e1brica<\/li>\n<\/ul>\n","protected":false},"featured_media":38838,"comment_status":"closed","ping_status":"closed","template":"","meta":{"_acf_changed":false,"_relevanssi_hide_post":"","_relevanssi_hide_content":"","_relevanssi_pin_for_all":"","_relevanssi_pin_keywords":"","_relevanssi_unpin_keywords":"","_relevanssi_related_keywords":"","_relevanssi_related_include_ids":"","_relevanssi_related_exclude_ids":"","_relevanssi_related_no_append":"","_relevanssi_related_not_related":"","_relevanssi_related_posts":"","_relevanssi_noindex_reason":""},"product_brand":[],"product_cat":[5173,5172],"product_tag":[],"class_list":{"0":"post-30581","1":"product","2":"type-product","3":"status-publish","4":"has-post-thumbnail","6":"product_cat-caldeiras-de-vaporizacao-rapida","7":"product_cat-caldeiras-industriais","9":"first","10":"instock","11":"shipping-taxable","12":"product-type-simple"},"acf":[],"yoast_head":"<!-- This site is optimized with the Yoast SEO Premium plugin v27.4 (Yoast SEO v27.4) - https:\/\/yoast.com\/product\/yoast-seo-premium-wordpress\/ -->\n<title>VAP Series Coil Type Steam Boilers - Babcock Wanson<\/title>\n<meta name=\"description\" content=\"Caldeira de serpentina modelo VAP. Com quatro passagens de g\u00e1s, mais uma para pr\u00e9-aquecimento do ar, disponibiliza vapor em apenas tr\u00eas minutos e combina efici\u00eancia e seguran\u00e7a\" \/>\n<meta name=\"robots\" content=\"index, follow, max-snippet:-1, max-image-preview:large, max-video-preview:-1\" \/>\n<link rel=\"canonical\" href=\"https:\/\/www.babcock-wanson.com\/pt-pt\/produtos\/caldeiras-de-vaporizacao-rapida\/vap\/\" \/>\n<meta property=\"og:locale\" content=\"pt_PT\" \/>\n<meta property=\"og:type\" content=\"article\" \/>\n<meta property=\"og:title\" content=\"VAP\" \/>\n<meta property=\"og:description\" content=\"Caldeira de serpentina modelo VAP. Com quatro passagens de g\u00e1s, mais uma para pr\u00e9-aquecimento do ar, disponibiliza vapor em apenas tr\u00eas minutos e combina efici\u00eancia e seguran\u00e7a\" \/>\n<meta property=\"og:url\" content=\"https:\/\/www.babcock-wanson.com\/pt-pt\/produtos\/caldeiras-de-vaporizacao-rapida\/vap\/\" \/>\n<meta property=\"og:site_name\" content=\"Babcock Wanson\" \/>\n<meta property=\"article:modified_time\" content=\"2021-05-05T13:37:01+00:00\" \/>\n<meta property=\"og:image\" content=\"https:\/\/www.babcock-wanson.com\/wp-content\/uploads\/2018\/05\/VAP-Series-Product-Image.jpg\" \/>\n\t<meta property=\"og:image:width\" content=\"600\" \/>\n\t<meta property=\"og:image:height\" content=\"400\" \/>\n\t<meta property=\"og:image:type\" content=\"image\/jpeg\" \/>\n<meta name=\"twitter:card\" content=\"summary_large_image\" \/>\n<meta name=\"twitter:label1\" content=\"Est. reading time\" \/>\n\t<meta name=\"twitter:data1\" content=\"1 minuto\" \/>\n<script type=\"application\/ld+json\" class=\"yoast-schema-graph\">{\"@context\":\"https:\\\/\\\/schema.org\",\"@graph\":[{\"@type\":\"WebPage\",\"@id\":\"https:\\\/\\\/www.babcock-wanson.com\\\/pt-pt\\\/produtos\\\/caldeiras-de-vaporizacao-rapida\\\/vap\\\/\",\"url\":\"https:\\\/\\\/www.babcock-wanson.com\\\/pt-pt\\\/produtos\\\/caldeiras-de-vaporizacao-rapida\\\/vap\\\/\",\"name\":\"VAP Series Coil Type Steam Boilers - Babcock Wanson\",\"isPartOf\":{\"@id\":\"https:\\\/\\\/www.babcock-wanson.com\\\/pt-pt\\\/#website\"},\"primaryImageOfPage\":{\"@id\":\"https:\\\/\\\/www.babcock-wanson.com\\\/pt-pt\\\/produtos\\\/caldeiras-de-vaporizacao-rapida\\\/vap\\\/#primaryimage\"},\"image\":{\"@id\":\"https:\\\/\\\/www.babcock-wanson.com\\\/pt-pt\\\/produtos\\\/caldeiras-de-vaporizacao-rapida\\\/vap\\\/#primaryimage\"},\"thumbnailUrl\":\"https:\\\/\\\/www.babcock-wanson.com\\\/wp-content\\\/uploads\\\/2018\\\/05\\\/VAP-Series-Product-Image.jpg\",\"datePublished\":\"2018-05-24T14:09:39+00:00\",\"dateModified\":\"2021-05-05T13:37:01+00:00\",\"description\":\"Caldeira de serpentina modelo VAP. Com quatro passagens de g\u00e1s, mais uma para pr\u00e9-aquecimento do ar, disponibiliza vapor em apenas tr\u00eas minutos e combina efici\u00eancia e seguran\u00e7a\",\"breadcrumb\":{\"@id\":\"https:\\\/\\\/www.babcock-wanson.com\\\/pt-pt\\\/produtos\\\/caldeiras-de-vaporizacao-rapida\\\/vap\\\/#breadcrumb\"},\"inLanguage\":\"pt-PT\",\"potentialAction\":[{\"@type\":\"ReadAction\",\"target\":[\"https:\\\/\\\/www.babcock-wanson.com\\\/pt-pt\\\/produtos\\\/caldeiras-de-vaporizacao-rapida\\\/vap\\\/\"]}]},{\"@type\":\"ImageObject\",\"inLanguage\":\"pt-PT\",\"@id\":\"https:\\\/\\\/www.babcock-wanson.com\\\/pt-pt\\\/produtos\\\/caldeiras-de-vaporizacao-rapida\\\/vap\\\/#primaryimage\",\"url\":\"https:\\\/\\\/www.babcock-wanson.com\\\/wp-content\\\/uploads\\\/2018\\\/05\\\/VAP-Series-Product-Image.jpg\",\"contentUrl\":\"https:\\\/\\\/www.babcock-wanson.com\\\/wp-content\\\/uploads\\\/2018\\\/05\\\/VAP-Series-Product-Image.jpg\",\"width\":600,\"height\":400,\"caption\":\"Imagem do produto da s\u00e9rie VAP\"},{\"@type\":\"BreadcrumbList\",\"@id\":\"https:\\\/\\\/www.babcock-wanson.com\\\/pt-pt\\\/produtos\\\/caldeiras-de-vaporizacao-rapida\\\/vap\\\/#breadcrumb\",\"itemListElement\":[{\"@type\":\"ListItem\",\"position\":1,\"name\":\"Inicio\",\"item\":\"https:\\\/\\\/www.babcock-wanson.com\\\/pt-pt\\\/\"},{\"@type\":\"ListItem\",\"position\":2,\"name\":\"Produtos\",\"item\":\"https:\\\/\\\/www.babcock-wanson.com\\\/pt-pt\\\/shop\\\/\"},{\"@type\":\"ListItem\",\"position\":3,\"name\":\"Caldeiras de vaporiza\u00e7\u00e3o r\u00e1pida\",\"item\":\"https:\\\/\\\/www.babcock-wanson.com\\\/pt-pt\\\/categoria-produto\\\/caldeiras-de-vaporizacao-rapida\\\/\"},{\"@type\":\"ListItem\",\"position\":4,\"name\":\"VAP\"}]},{\"@type\":\"WebSite\",\"@id\":\"https:\\\/\\\/www.babcock-wanson.com\\\/pt-pt\\\/#website\",\"url\":\"https:\\\/\\\/www.babcock-wanson.com\\\/pt-pt\\\/\",\"name\":\"Babcock Wanson\",\"description\":\"\",\"publisher\":{\"@id\":\"https:\\\/\\\/www.babcock-wanson.com\\\/pt-pt\\\/#organization\"},\"potentialAction\":[{\"@type\":\"SearchAction\",\"target\":{\"@type\":\"EntryPoint\",\"urlTemplate\":\"https:\\\/\\\/www.babcock-wanson.com\\\/pt-pt\\\/?s={search_term_string}\"},\"query-input\":{\"@type\":\"PropertyValueSpecification\",\"valueRequired\":true,\"valueName\":\"search_term_string\"}}],\"inLanguage\":\"pt-PT\"},{\"@type\":\"Organization\",\"@id\":\"https:\\\/\\\/www.babcock-wanson.com\\\/pt-pt\\\/#organization\",\"name\":\"Babcock Wanson\",\"url\":\"https:\\\/\\\/www.babcock-wanson.com\\\/pt-pt\\\/\",\"logo\":{\"@type\":\"ImageObject\",\"inLanguage\":\"pt-PT\",\"@id\":\"https:\\\/\\\/www.babcock-wanson.com\\\/pt-pt\\\/#\\\/schema\\\/logo\\\/image\\\/\",\"url\":\"https:\\\/\\\/www.babcock-wanson.com\\\/wp-content\\\/uploads\\\/2024\\\/02\\\/Babcock-Wanson-1200x1200-1.png\",\"contentUrl\":\"https:\\\/\\\/www.babcock-wanson.com\\\/wp-content\\\/uploads\\\/2024\\\/02\\\/Babcock-Wanson-1200x1200-1.png\",\"width\":1200,\"height\":1200,\"caption\":\"Babcock Wanson\"},\"image\":{\"@id\":\"https:\\\/\\\/www.babcock-wanson.com\\\/pt-pt\\\/#\\\/schema\\\/logo\\\/image\\\/\"},\"sameAs\":[\"https:\\\/\\\/www.linkedin.com\\\/company\\\/babcock-wanson\\\/\",\"https:\\\/\\\/www.youtube.com\\\/channel\\\/UCtxl25VieBBsP2kYmtlyv7A\"]}]}<\/script>\n<!-- \/ Yoast SEO Premium plugin. -->","yoast_head_json":{"title":"VAP Series Coil Type Steam Boilers - Babcock Wanson","description":"Caldeira de serpentina modelo VAP. Com quatro passagens de g\u00e1s, mais uma para pr\u00e9-aquecimento do ar, disponibiliza vapor em apenas tr\u00eas minutos e combina efici\u00eancia e seguran\u00e7a","robots":{"index":"index","follow":"follow","max-snippet":"max-snippet:-1","max-image-preview":"max-image-preview:large","max-video-preview":"max-video-preview:-1"},"canonical":"https:\/\/www.babcock-wanson.com\/pt-pt\/produtos\/caldeiras-de-vaporizacao-rapida\/vap\/","og_locale":"pt_PT","og_type":"article","og_title":"VAP","og_description":"Caldeira de serpentina modelo VAP. Com quatro passagens de g\u00e1s, mais uma para pr\u00e9-aquecimento do ar, disponibiliza vapor em apenas tr\u00eas minutos e combina efici\u00eancia e seguran\u00e7a","og_url":"https:\/\/www.babcock-wanson.com\/pt-pt\/produtos\/caldeiras-de-vaporizacao-rapida\/vap\/","og_site_name":"Babcock Wanson","article_modified_time":"2021-05-05T13:37:01+00:00","og_image":[{"width":600,"height":400,"url":"https:\/\/www.babcock-wanson.com\/wp-content\/uploads\/2018\/05\/VAP-Series-Product-Image.jpg","type":"image\/jpeg"}],"twitter_card":"summary_large_image","twitter_misc":{"Est. reading time":"1 minuto"},"schema":{"@context":"https:\/\/schema.org","@graph":[{"@type":"WebPage","@id":"https:\/\/www.babcock-wanson.com\/pt-pt\/produtos\/caldeiras-de-vaporizacao-rapida\/vap\/","url":"https:\/\/www.babcock-wanson.com\/pt-pt\/produtos\/caldeiras-de-vaporizacao-rapida\/vap\/","name":"VAP Series Coil Type Steam Boilers - Babcock Wanson","isPartOf":{"@id":"https:\/\/www.babcock-wanson.com\/pt-pt\/#website"},"primaryImageOfPage":{"@id":"https:\/\/www.babcock-wanson.com\/pt-pt\/produtos\/caldeiras-de-vaporizacao-rapida\/vap\/#primaryimage"},"image":{"@id":"https:\/\/www.babcock-wanson.com\/pt-pt\/produtos\/caldeiras-de-vaporizacao-rapida\/vap\/#primaryimage"},"thumbnailUrl":"https:\/\/www.babcock-wanson.com\/wp-content\/uploads\/2018\/05\/VAP-Series-Product-Image.jpg","datePublished":"2018-05-24T14:09:39+00:00","dateModified":"2021-05-05T13:37:01+00:00","description":"Caldeira de serpentina modelo VAP. Com quatro passagens de g\u00e1s, mais uma para pr\u00e9-aquecimento do ar, disponibiliza vapor em apenas tr\u00eas minutos e combina efici\u00eancia e seguran\u00e7a","breadcrumb":{"@id":"https:\/\/www.babcock-wanson.com\/pt-pt\/produtos\/caldeiras-de-vaporizacao-rapida\/vap\/#breadcrumb"},"inLanguage":"pt-PT","potentialAction":[{"@type":"ReadAction","target":["https:\/\/www.babcock-wanson.com\/pt-pt\/produtos\/caldeiras-de-vaporizacao-rapida\/vap\/"]}]},{"@type":"ImageObject","inLanguage":"pt-PT","@id":"https:\/\/www.babcock-wanson.com\/pt-pt\/produtos\/caldeiras-de-vaporizacao-rapida\/vap\/#primaryimage","url":"https:\/\/www.babcock-wanson.com\/wp-content\/uploads\/2018\/05\/VAP-Series-Product-Image.jpg","contentUrl":"https:\/\/www.babcock-wanson.com\/wp-content\/uploads\/2018\/05\/VAP-Series-Product-Image.jpg","width":600,"height":400,"caption":"Imagem do produto da s\u00e9rie VAP"},{"@type":"BreadcrumbList","@id":"https:\/\/www.babcock-wanson.com\/pt-pt\/produtos\/caldeiras-de-vaporizacao-rapida\/vap\/#breadcrumb","itemListElement":[{"@type":"ListItem","position":1,"name":"Inicio","item":"https:\/\/www.babcock-wanson.com\/pt-pt\/"},{"@type":"ListItem","position":2,"name":"Produtos","item":"https:\/\/www.babcock-wanson.com\/pt-pt\/shop\/"},{"@type":"ListItem","position":3,"name":"Caldeiras de vaporiza\u00e7\u00e3o r\u00e1pida","item":"https:\/\/www.babcock-wanson.com\/pt-pt\/categoria-produto\/caldeiras-de-vaporizacao-rapida\/"},{"@type":"ListItem","position":4,"name":"VAP"}]},{"@type":"WebSite","@id":"https:\/\/www.babcock-wanson.com\/pt-pt\/#website","url":"https:\/\/www.babcock-wanson.com\/pt-pt\/","name":"Babcock Wanson","description":"","publisher":{"@id":"https:\/\/www.babcock-wanson.com\/pt-pt\/#organization"},"potentialAction":[{"@type":"SearchAction","target":{"@type":"EntryPoint","urlTemplate":"https:\/\/www.babcock-wanson.com\/pt-pt\/?s={search_term_string}"},"query-input":{"@type":"PropertyValueSpecification","valueRequired":true,"valueName":"search_term_string"}}],"inLanguage":"pt-PT"},{"@type":"Organization","@id":"https:\/\/www.babcock-wanson.com\/pt-pt\/#organization","name":"Babcock Wanson","url":"https:\/\/www.babcock-wanson.com\/pt-pt\/","logo":{"@type":"ImageObject","inLanguage":"pt-PT","@id":"https:\/\/www.babcock-wanson.com\/pt-pt\/#\/schema\/logo\/image\/","url":"https:\/\/www.babcock-wanson.com\/wp-content\/uploads\/2024\/02\/Babcock-Wanson-1200x1200-1.png","contentUrl":"https:\/\/www.babcock-wanson.com\/wp-content\/uploads\/2024\/02\/Babcock-Wanson-1200x1200-1.png","width":1200,"height":1200,"caption":"Babcock Wanson"},"image":{"@id":"https:\/\/www.babcock-wanson.com\/pt-pt\/#\/schema\/logo\/image\/"},"sameAs":["https:\/\/www.linkedin.com\/company\/babcock-wanson\/","https:\/\/www.youtube.com\/channel\/UCtxl25VieBBsP2kYmtlyv7A"]}]}},"jetpack_sharing_enabled":true,"_links":{"self":[{"href":"https:\/\/www.babcock-wanson.com\/pt-pt\/wp-json\/wp\/v2\/product\/30581","targetHints":{"allow":["GET"]}}],"collection":[{"href":"https:\/\/www.babcock-wanson.com\/pt-pt\/wp-json\/wp\/v2\/product"}],"about":[{"href":"https:\/\/www.babcock-wanson.com\/pt-pt\/wp-json\/wp\/v2\/types\/product"}],"replies":[{"embeddable":true,"href":"https:\/\/www.babcock-wanson.com\/pt-pt\/wp-json\/wp\/v2\/comments?post=30581"}],"wp:featuredmedia":[{"embeddable":true,"href":"https:\/\/www.babcock-wanson.com\/pt-pt\/wp-json\/wp\/v2\/media\/38838"}],"wp:attachment":[{"href":"https:\/\/www.babcock-wanson.com\/pt-pt\/wp-json\/wp\/v2\/media?parent=30581"}],"wp:term":[{"taxonomy":"product_brand","embeddable":true,"href":"https:\/\/www.babcock-wanson.com\/pt-pt\/wp-json\/wp\/v2\/product_brand?post=30581"},{"taxonomy":"product_cat","embeddable":true,"href":"https:\/\/www.babcock-wanson.com\/pt-pt\/wp-json\/wp\/v2\/product_cat?post=30581"},{"taxonomy":"product_tag","embeddable":true,"href":"https:\/\/www.babcock-wanson.com\/pt-pt\/wp-json\/wp\/v2\/product_tag?post=30581"}],"curies":[{"name":"wp","href":"https:\/\/api.w.org\/{rel}","templated":true}]}}