{"id":30971,"date":"2018-11-27T16:17:22","date_gmt":"2018-11-27T16:17:22","guid":{"rendered":"https:\/\/www.babcock-wanson.com\/products\/sem%20categoria\/vap-el\/"},"modified":"2023-05-22T16:34:38","modified_gmt":"2023-05-22T15:34:38","slug":"vap-el","status":"publish","type":"product","link":"https:\/\/www.babcock-wanson.com\/pt-pt\/produtos\/caldeiras-eletricas-industriais\/vap-el\/","title":{"rendered":"VAP-EL"},"content":{"rendered":"<div class=\"vgblk-rw-wrapper limit-wrapper\">\r\n<h3>Instala\u00e7\u00e3o simples<\/h3>\r\n<ul>\r\n<li>A caldeira el\u00e9trica \u00e9 simples de instalar , n\u00e3o necessita de espa\u00e7o para o armazenamento de combust\u00edvel, tubagens de g\u00e1s, ou \u00f3rg\u00e3os adicionais para o controlo da press\u00e3o de alimenta\u00e7\u00e3o<\/li>\r\n<li>O fabrico \u00e9 robusto e assegura um funcionamento seguro e uma vida \u00fatil longa<\/li>\r\n<li>O sistema de controlo totalmente integrado e testado de f\u00e1brica permite um funcionamento simples e fi\u00e1vel<\/li>\r\n<li>Totalmente certificada pela Babcock Wanson em conformidade com a Diretiva Relativa a Equipamentos Sob Press\u00e3o (PED), para utiliza\u00e7\u00e3o em toda a Europa<\/li>\r\n<\/ul>\r\n<h3>Elevada efici\u00eancia<\/h3>\r\n<ul>\r\n<li>A caldeira arranca rapidamente ap\u00f3s solicita\u00e7\u00e3o e responde bem a mudan\u00e7as de carga. Pode ser produzido vapor numa quest\u00e3o de minutos, dependendo da capacidade da caldeira<\/li>\r\n<li>N\u00e3o h\u00e1 desperd\u00edcio de energia. A perda de calor no processo de aquecimento \u00e9 m\u00ednima<\/li>\r\n<li>Efici\u00eancia pr\u00f3xima dos 100%, apenas com perdas de calor m\u00ednimas<\/li>\r\n<\/ul>\r\n<h3>Ecol\u00f3gica<\/h3>\r\n<ul>\r\n<li>A caldeira el\u00e9trica n\u00e3o produz gases de combust\u00e3o e oferece vantagens ambientais substanciais e emiss\u00f5es totais muito baixas<\/li>\r\n<li>A caldeira el\u00e9trica \u00e9 silenciosa<\/li>\r\n<li>Controlo preciso da press\u00e3o do vapor, com entrada de pot\u00eancia multiest\u00e1gios e de modula\u00e7\u00e3o total<\/li>\r\n<\/ul>\r\n<h3>Gama completa de equipamentos auxiliares<\/h3>\r\n<ul>\r\n<li><a href=\"https:\/\/www.babcock-wanson.com\/pt-pt\/categoria-produto\/tratamento-de-agua-industrial\/\">Equipamentos para tratamento de \u00e1gua<\/a> e assist\u00eancia t\u00e9cnica<\/li>\r\n<li>Reservat\u00f3rios de \u00e1gua de alimenta\u00e7\u00e3o e <a href=\"https:\/\/www.babcock-wanson.com\/pt-pt\/produtos\/tratamento-de-agua-industrial\/desgaseificador-termico\/\">desgaseificadores t\u00e9rmicos<\/a> pressurizados e atmosf\u00e9ricos da Babcock Wanson<\/li>\r\n<li>Esta\u00e7\u00f5es de redu\u00e7\u00e3o de press\u00e3o e v\u00e1lvulas de controlo de vapor<\/li>\r\n<li>Servi\u00e7o completo de design e instala\u00e7\u00e3o \u201cchave na m\u00e3o\u201d<\/li>\r\n<li>Coloca\u00e7\u00e3o em funcionamento e servi\u00e7o <a href=\"https:\/\/www.babcock-wanson.com\/pt-pt\/servicos\/servico-de-pos-venda\/\">p\u00f3s-venda<\/a> completo<\/li>\r\n<\/ul>\r\n<h2>Caracter\u00edsticas<\/h2>\r\n<table>\r\n<tbody>\r\n<tr>\r\n<th>Modelo<br \/>VAP-EL<\/th>\r\n<th>Vapor (kg\/h) \u00e1gua a 70\u00b0C<\/th>\r\n<th>Press\u00e3o de vapor (bar)<\/th>\r\n<th>Pot\u00eancia T\u00e9rmica (kW)<\/th>\r\n<th>Capacidade de \u00e1gua (l)<\/th>\r\n<th>Peso (kg)<\/th>\r\n<th>Largura (mm)<\/th>\r\n<th>Altura (mm)<\/th>\r\n<th>Comprimento (mm)<\/th>\r\n<\/tr>\r\n<tr>\r\n<th>16<\/th>\r\n<td>20<\/td>\r\n<td>4.5<\/td>\r\n<td>15<\/td>\r\n<td>16<\/td>\r\n<td>72<\/td>\r\n<td>445<\/td>\r\n<td>983<\/td>\r\n<td>615<\/td>\r\n<\/tr>\r\n<tr>\r\n<th>24<\/th>\r\n<td>32<\/td>\r\n<td>4.5 or 7<\/td>\r\n<td>24<\/td>\r\n<td>24<\/td>\r\n<td>85<\/td>\r\n<td>586<\/td>\r\n<td>776<\/td>\r\n<td>752<\/td>\r\n<\/tr>\r\n<tr>\r\n<th>60<\/th>\r\n<td>80<\/td>\r\n<td>4.5, 7 or 8.5<\/td>\r\n<td>60<\/td>\r\n<td>55<\/td>\r\n<td>114<\/td>\r\n<td>835<\/td>\r\n<td>629<\/td>\r\n<td>844<\/td>\r\n<\/tr>\r\n<tr>\r\n<th>120<\/th>\r\n<td>160<\/td>\r\n<td>4.5, 7 or 8.5<\/td>\r\n<td>120<\/td>\r\n<td>2 x 55<\/td>\r\n<td>237<\/td>\r\n<td>1155<\/td>\r\n<td>1158<\/td>\r\n<td>948<\/td>\r\n<\/tr>\r\n<tr>\r\n<th>180<\/th>\r\n<td>240<\/td>\r\n<td>4.5, 7 or 8.5<\/td>\r\n<td>180<\/td>\r\n<td>3 x 55<\/td>\r\n<td>325<\/td>\r\n<td>1155<\/td>\r\n<td>1718<\/td>\r\n<td>948<\/td>\r\n<\/tr>\r\n<tr>\r\n<th>240<\/th>\r\n<td>320<\/td>\r\n<td>4.5, 7 or 8.5<\/td>\r\n<td>240<\/td>\r\n<td>4 x 55<\/td>\r\n<td>237 x 2<\/td>\r\n<td>1155 x 2<\/td>\r\n<td>1158<\/td>\r\n<td>948 x 2<\/td>\r\n<\/tr>\r\n<tr>\r\n<th>360<\/th>\r\n<td>480<\/td>\r\n<td>4.5, 7 or 8.5<\/td>\r\n<td>360<\/td>\r\n<td>6 x 55<\/td>\r\n<td>325 x 2<\/td>\r\n<td>1155 x 2<\/td>\r\n<td>1718<\/td>\r\n<td>948 x 2<\/td>\r\n<\/tr>\r\n<\/tbody>\r\n<\/table>\r\n<\/div><!-- .vgblk-rw-wrapper -->","protected":false},"excerpt":{"rendered":"<p><strong>De 16 a 360 kW \u2013 Corrente trif\u00e1sica de 400 V \u2013 50 Hz<\/strong> <br \/>A caldeira de vapor el\u00e9trica modelo VAP-EL utiliza energia el\u00e9trica para aquecer \u00e1gua e produzir vapor para o aquecimento de processos. A configura\u00e7\u00e3o de uma caldeira el\u00e9trica garante uma elevada efici\u00eancia e um processo de aquecimento acess\u00edvel. Este tipo de caldeira de vapor pode ser uma excelente solu\u00e7\u00e3o para satisfazer as suas necessidades de aquecimento de processos, sobretudo em locais onde a eletricidade est\u00e1 prontamente dispon\u00edvel e \u00e9 um recurso de baixo custo. Tamb\u00e9m \u00e9 pr\u00e1tica devido \u00e0s suas dimens\u00f5es totais, porque n\u00e3o necessita de muito espa\u00e7o para a instala\u00e7\u00e3o.<\/p>\n<p>A Babcock Wanson fornece uma vasta gama de solu\u00e7\u00f5es com caldeiras el\u00e9tricas, que podem ser adaptadas \u00e0s necessidades dos nossos clientes. A caldeira el\u00e9trica foi concebida para funcionar em diversas ind\u00fastrias de transforma\u00e7\u00e3o, como de transforma\u00e7\u00e3o de alimentos, secagem, produtos qu\u00edmicos, cosm\u00e9tica, produtos farmac\u00eauticos e alimentar \u2013 na verdade, qualquer ind\u00fastria que necessite de vapor e tenha uma fonte de energia el\u00e9trica econ\u00f3mica ou n\u00e3o possa utilizar uma caldeira tradicional alimentada a combust\u00edvel f\u00f3ssil.<\/p>\n<p>Press\u00e3o de servi\u00e7o m\u00e1xima padr\u00e3o de 4,5, 7 ou 8,5 barg, com press\u00f5es mais altas dispon\u00edveis a pedido.<\/p>\n","protected":false},"featured_media":41380,"comment_status":"closed","ping_status":"closed","template":"","meta":{"_acf_changed":false,"_relevanssi_hide_post":"","_relevanssi_hide_content":"","_relevanssi_pin_for_all":"","_relevanssi_pin_keywords":"","_relevanssi_unpin_keywords":"","_relevanssi_related_keywords":"","_relevanssi_related_include_ids":"","_relevanssi_related_exclude_ids":"","_relevanssi_related_no_append":"","_relevanssi_related_not_related":"","_relevanssi_related_posts":"","_relevanssi_noindex_reason":""},"product_brand":[],"product_cat":[5176,5172],"product_tag":[],"class_list":{"0":"post-30971","1":"product","2":"type-product","3":"status-publish","4":"has-post-thumbnail","6":"product_cat-caldeiras-eletricas-industriais","7":"product_cat-caldeiras-industriais","9":"first","10":"instock","11":"shipping-taxable","12":"product-type-simple"},"acf":[],"yoast_head":"<!-- This site is optimized with the Yoast SEO Premium plugin v27.4 (Yoast SEO v27.4) - https:\/\/yoast.com\/product\/yoast-seo-premium-wordpress\/ -->\n<title>VAP-EL - Babcock Wanson<\/title>\n<meta name=\"description\" content=\"Caldeiras El\u00e9ctricas s\u00e9rie VAP EL - A caldeira el\u00e9ctrica que se adapta \u00e1s suas necessidades. Conhe\u00e7a a nossa gama de caldeiras electricas\" \/>\n<meta name=\"robots\" content=\"index, follow, max-snippet:-1, max-image-preview:large, max-video-preview:-1\" \/>\n<link rel=\"canonical\" href=\"https:\/\/www.babcock-wanson.com\/pt-pt\/produtos\/caldeiras-eletricas-industriais\/vap-el\/\" \/>\n<meta property=\"og:locale\" content=\"pt_PT\" \/>\n<meta property=\"og:type\" content=\"article\" \/>\n<meta property=\"og:title\" content=\"VAP-EL\" \/>\n<meta property=\"og:description\" content=\"Caldeiras El\u00e9ctricas s\u00e9rie VAP EL - A caldeira el\u00e9ctrica que se adapta \u00e1s suas necessidades. Conhe\u00e7a a nossa gama de caldeiras electricas\" \/>\n<meta property=\"og:url\" content=\"https:\/\/www.babcock-wanson.com\/pt-pt\/produtos\/caldeiras-eletricas-industriais\/vap-el\/\" \/>\n<meta property=\"og:site_name\" content=\"Babcock Wanson\" \/>\n<meta property=\"article:modified_time\" content=\"2023-05-22T15:34:38+00:00\" \/>\n<meta property=\"og:image\" content=\"https:\/\/www.babcock-wanson.com\/wp-content\/uploads\/2021\/12\/VAP-El-Category_image_2021.jpg\" \/>\n\t<meta property=\"og:image:width\" content=\"600\" \/>\n\t<meta property=\"og:image:height\" content=\"400\" \/>\n\t<meta property=\"og:image:type\" content=\"image\/jpeg\" \/>\n<meta name=\"twitter:card\" content=\"summary_large_image\" \/>\n<meta name=\"twitter:label1\" content=\"Est. reading time\" \/>\n\t<meta name=\"twitter:data1\" content=\"2 minutos\" \/>\n<script type=\"application\/ld+json\" class=\"yoast-schema-graph\">{\"@context\":\"https:\\\/\\\/schema.org\",\"@graph\":[{\"@type\":\"WebPage\",\"@id\":\"https:\\\/\\\/www.babcock-wanson.com\\\/pt-pt\\\/produtos\\\/caldeiras-eletricas-industriais\\\/vap-el\\\/\",\"url\":\"https:\\\/\\\/www.babcock-wanson.com\\\/pt-pt\\\/produtos\\\/caldeiras-eletricas-industriais\\\/vap-el\\\/\",\"name\":\"VAP-EL - Babcock Wanson\",\"isPartOf\":{\"@id\":\"https:\\\/\\\/www.babcock-wanson.com\\\/pt-pt\\\/#website\"},\"primaryImageOfPage\":{\"@id\":\"https:\\\/\\\/www.babcock-wanson.com\\\/pt-pt\\\/produtos\\\/caldeiras-eletricas-industriais\\\/vap-el\\\/#primaryimage\"},\"image\":{\"@id\":\"https:\\\/\\\/www.babcock-wanson.com\\\/pt-pt\\\/produtos\\\/caldeiras-eletricas-industriais\\\/vap-el\\\/#primaryimage\"},\"thumbnailUrl\":\"https:\\\/\\\/www.babcock-wanson.com\\\/wp-content\\\/uploads\\\/2021\\\/12\\\/VAP-El-Category_image_2021.jpg\",\"datePublished\":\"2018-11-27T16:17:22+00:00\",\"dateModified\":\"2023-05-22T15:34:38+00:00\",\"description\":\"Caldeiras El\u00e9ctricas s\u00e9rie VAP EL - A caldeira el\u00e9ctrica que se adapta \u00e1s suas necessidades. Conhe\u00e7a a nossa gama de caldeiras electricas\",\"breadcrumb\":{\"@id\":\"https:\\\/\\\/www.babcock-wanson.com\\\/pt-pt\\\/produtos\\\/caldeiras-eletricas-industriais\\\/vap-el\\\/#breadcrumb\"},\"inLanguage\":\"pt-PT\",\"potentialAction\":[{\"@type\":\"ReadAction\",\"target\":[\"https:\\\/\\\/www.babcock-wanson.com\\\/pt-pt\\\/produtos\\\/caldeiras-eletricas-industriais\\\/vap-el\\\/\"]}]},{\"@type\":\"ImageObject\",\"inLanguage\":\"pt-PT\",\"@id\":\"https:\\\/\\\/www.babcock-wanson.com\\\/pt-pt\\\/produtos\\\/caldeiras-eletricas-industriais\\\/vap-el\\\/#primaryimage\",\"url\":\"https:\\\/\\\/www.babcock-wanson.com\\\/wp-content\\\/uploads\\\/2021\\\/12\\\/VAP-El-Category_image_2021.jpg\",\"contentUrl\":\"https:\\\/\\\/www.babcock-wanson.com\\\/wp-content\\\/uploads\\\/2021\\\/12\\\/VAP-El-Category_image_2021.jpg\",\"width\":600,\"height\":400,\"caption\":\"VAP El Category_image_2021\"},{\"@type\":\"BreadcrumbList\",\"@id\":\"https:\\\/\\\/www.babcock-wanson.com\\\/pt-pt\\\/produtos\\\/caldeiras-eletricas-industriais\\\/vap-el\\\/#breadcrumb\",\"itemListElement\":[{\"@type\":\"ListItem\",\"position\":1,\"name\":\"Inicio\",\"item\":\"https:\\\/\\\/www.babcock-wanson.com\\\/pt-pt\\\/\"},{\"@type\":\"ListItem\",\"position\":2,\"name\":\"Produtos\",\"item\":\"https:\\\/\\\/www.babcock-wanson.com\\\/pt-pt\\\/shop\\\/\"},{\"@type\":\"ListItem\",\"position\":3,\"name\":\"Caldeiras el\u00e9tricas industriais\",\"item\":\"https:\\\/\\\/www.babcock-wanson.com\\\/pt-pt\\\/categoria-produto\\\/caldeiras-eletricas-industriais\\\/\"},{\"@type\":\"ListItem\",\"position\":4,\"name\":\"VAP-EL\"}]},{\"@type\":\"WebSite\",\"@id\":\"https:\\\/\\\/www.babcock-wanson.com\\\/pt-pt\\\/#website\",\"url\":\"https:\\\/\\\/www.babcock-wanson.com\\\/pt-pt\\\/\",\"name\":\"Babcock Wanson\",\"description\":\"\",\"publisher\":{\"@id\":\"https:\\\/\\\/www.babcock-wanson.com\\\/pt-pt\\\/#organization\"},\"potentialAction\":[{\"@type\":\"SearchAction\",\"target\":{\"@type\":\"EntryPoint\",\"urlTemplate\":\"https:\\\/\\\/www.babcock-wanson.com\\\/pt-pt\\\/?s={search_term_string}\"},\"query-input\":{\"@type\":\"PropertyValueSpecification\",\"valueRequired\":true,\"valueName\":\"search_term_string\"}}],\"inLanguage\":\"pt-PT\"},{\"@type\":\"Organization\",\"@id\":\"https:\\\/\\\/www.babcock-wanson.com\\\/pt-pt\\\/#organization\",\"name\":\"Babcock Wanson\",\"url\":\"https:\\\/\\\/www.babcock-wanson.com\\\/pt-pt\\\/\",\"logo\":{\"@type\":\"ImageObject\",\"inLanguage\":\"pt-PT\",\"@id\":\"https:\\\/\\\/www.babcock-wanson.com\\\/pt-pt\\\/#\\\/schema\\\/logo\\\/image\\\/\",\"url\":\"https:\\\/\\\/www.babcock-wanson.com\\\/wp-content\\\/uploads\\\/2024\\\/02\\\/Babcock-Wanson-1200x1200-1.png\",\"contentUrl\":\"https:\\\/\\\/www.babcock-wanson.com\\\/wp-content\\\/uploads\\\/2024\\\/02\\\/Babcock-Wanson-1200x1200-1.png\",\"width\":1200,\"height\":1200,\"caption\":\"Babcock Wanson\"},\"image\":{\"@id\":\"https:\\\/\\\/www.babcock-wanson.com\\\/pt-pt\\\/#\\\/schema\\\/logo\\\/image\\\/\"},\"sameAs\":[\"https:\\\/\\\/www.linkedin.com\\\/company\\\/babcock-wanson\\\/\",\"https:\\\/\\\/www.youtube.com\\\/channel\\\/UCtxl25VieBBsP2kYmtlyv7A\"]}]}<\/script>\n<!-- \/ Yoast SEO Premium plugin. -->","yoast_head_json":{"title":"VAP-EL - Babcock Wanson","description":"Caldeiras El\u00e9ctricas s\u00e9rie VAP EL - A caldeira el\u00e9ctrica que se adapta \u00e1s suas necessidades. Conhe\u00e7a a nossa gama de caldeiras electricas","robots":{"index":"index","follow":"follow","max-snippet":"max-snippet:-1","max-image-preview":"max-image-preview:large","max-video-preview":"max-video-preview:-1"},"canonical":"https:\/\/www.babcock-wanson.com\/pt-pt\/produtos\/caldeiras-eletricas-industriais\/vap-el\/","og_locale":"pt_PT","og_type":"article","og_title":"VAP-EL","og_description":"Caldeiras El\u00e9ctricas s\u00e9rie VAP EL - A caldeira el\u00e9ctrica que se adapta \u00e1s suas necessidades. Conhe\u00e7a a nossa gama de caldeiras electricas","og_url":"https:\/\/www.babcock-wanson.com\/pt-pt\/produtos\/caldeiras-eletricas-industriais\/vap-el\/","og_site_name":"Babcock Wanson","article_modified_time":"2023-05-22T15:34:38+00:00","og_image":[{"width":600,"height":400,"url":"https:\/\/www.babcock-wanson.com\/wp-content\/uploads\/2021\/12\/VAP-El-Category_image_2021.jpg","type":"image\/jpeg"}],"twitter_card":"summary_large_image","twitter_misc":{"Est. reading time":"2 minutos"},"schema":{"@context":"https:\/\/schema.org","@graph":[{"@type":"WebPage","@id":"https:\/\/www.babcock-wanson.com\/pt-pt\/produtos\/caldeiras-eletricas-industriais\/vap-el\/","url":"https:\/\/www.babcock-wanson.com\/pt-pt\/produtos\/caldeiras-eletricas-industriais\/vap-el\/","name":"VAP-EL - Babcock Wanson","isPartOf":{"@id":"https:\/\/www.babcock-wanson.com\/pt-pt\/#website"},"primaryImageOfPage":{"@id":"https:\/\/www.babcock-wanson.com\/pt-pt\/produtos\/caldeiras-eletricas-industriais\/vap-el\/#primaryimage"},"image":{"@id":"https:\/\/www.babcock-wanson.com\/pt-pt\/produtos\/caldeiras-eletricas-industriais\/vap-el\/#primaryimage"},"thumbnailUrl":"https:\/\/www.babcock-wanson.com\/wp-content\/uploads\/2021\/12\/VAP-El-Category_image_2021.jpg","datePublished":"2018-11-27T16:17:22+00:00","dateModified":"2023-05-22T15:34:38+00:00","description":"Caldeiras El\u00e9ctricas s\u00e9rie VAP EL - A caldeira el\u00e9ctrica que se adapta \u00e1s suas necessidades. Conhe\u00e7a a nossa gama de caldeiras electricas","breadcrumb":{"@id":"https:\/\/www.babcock-wanson.com\/pt-pt\/produtos\/caldeiras-eletricas-industriais\/vap-el\/#breadcrumb"},"inLanguage":"pt-PT","potentialAction":[{"@type":"ReadAction","target":["https:\/\/www.babcock-wanson.com\/pt-pt\/produtos\/caldeiras-eletricas-industriais\/vap-el\/"]}]},{"@type":"ImageObject","inLanguage":"pt-PT","@id":"https:\/\/www.babcock-wanson.com\/pt-pt\/produtos\/caldeiras-eletricas-industriais\/vap-el\/#primaryimage","url":"https:\/\/www.babcock-wanson.com\/wp-content\/uploads\/2021\/12\/VAP-El-Category_image_2021.jpg","contentUrl":"https:\/\/www.babcock-wanson.com\/wp-content\/uploads\/2021\/12\/VAP-El-Category_image_2021.jpg","width":600,"height":400,"caption":"VAP El Category_image_2021"},{"@type":"BreadcrumbList","@id":"https:\/\/www.babcock-wanson.com\/pt-pt\/produtos\/caldeiras-eletricas-industriais\/vap-el\/#breadcrumb","itemListElement":[{"@type":"ListItem","position":1,"name":"Inicio","item":"https:\/\/www.babcock-wanson.com\/pt-pt\/"},{"@type":"ListItem","position":2,"name":"Produtos","item":"https:\/\/www.babcock-wanson.com\/pt-pt\/shop\/"},{"@type":"ListItem","position":3,"name":"Caldeiras el\u00e9tricas industriais","item":"https:\/\/www.babcock-wanson.com\/pt-pt\/categoria-produto\/caldeiras-eletricas-industriais\/"},{"@type":"ListItem","position":4,"name":"VAP-EL"}]},{"@type":"WebSite","@id":"https:\/\/www.babcock-wanson.com\/pt-pt\/#website","url":"https:\/\/www.babcock-wanson.com\/pt-pt\/","name":"Babcock Wanson","description":"","publisher":{"@id":"https:\/\/www.babcock-wanson.com\/pt-pt\/#organization"},"potentialAction":[{"@type":"SearchAction","target":{"@type":"EntryPoint","urlTemplate":"https:\/\/www.babcock-wanson.com\/pt-pt\/?s={search_term_string}"},"query-input":{"@type":"PropertyValueSpecification","valueRequired":true,"valueName":"search_term_string"}}],"inLanguage":"pt-PT"},{"@type":"Organization","@id":"https:\/\/www.babcock-wanson.com\/pt-pt\/#organization","name":"Babcock Wanson","url":"https:\/\/www.babcock-wanson.com\/pt-pt\/","logo":{"@type":"ImageObject","inLanguage":"pt-PT","@id":"https:\/\/www.babcock-wanson.com\/pt-pt\/#\/schema\/logo\/image\/","url":"https:\/\/www.babcock-wanson.com\/wp-content\/uploads\/2024\/02\/Babcock-Wanson-1200x1200-1.png","contentUrl":"https:\/\/www.babcock-wanson.com\/wp-content\/uploads\/2024\/02\/Babcock-Wanson-1200x1200-1.png","width":1200,"height":1200,"caption":"Babcock Wanson"},"image":{"@id":"https:\/\/www.babcock-wanson.com\/pt-pt\/#\/schema\/logo\/image\/"},"sameAs":["https:\/\/www.linkedin.com\/company\/babcock-wanson\/","https:\/\/www.youtube.com\/channel\/UCtxl25VieBBsP2kYmtlyv7A"]}]}},"jetpack_sharing_enabled":true,"_links":{"self":[{"href":"https:\/\/www.babcock-wanson.com\/pt-pt\/wp-json\/wp\/v2\/product\/30971","targetHints":{"allow":["GET"]}}],"collection":[{"href":"https:\/\/www.babcock-wanson.com\/pt-pt\/wp-json\/wp\/v2\/product"}],"about":[{"href":"https:\/\/www.babcock-wanson.com\/pt-pt\/wp-json\/wp\/v2\/types\/product"}],"replies":[{"embeddable":true,"href":"https:\/\/www.babcock-wanson.com\/pt-pt\/wp-json\/wp\/v2\/comments?post=30971"}],"wp:featuredmedia":[{"embeddable":true,"href":"https:\/\/www.babcock-wanson.com\/pt-pt\/wp-json\/wp\/v2\/media\/41380"}],"wp:attachment":[{"href":"https:\/\/www.babcock-wanson.com\/pt-pt\/wp-json\/wp\/v2\/media?parent=30971"}],"wp:term":[{"taxonomy":"product_brand","embeddable":true,"href":"https:\/\/www.babcock-wanson.com\/pt-pt\/wp-json\/wp\/v2\/product_brand?post=30971"},{"taxonomy":"product_cat","embeddable":true,"href":"https:\/\/www.babcock-wanson.com\/pt-pt\/wp-json\/wp\/v2\/product_cat?post=30971"},{"taxonomy":"product_tag","embeddable":true,"href":"https:\/\/www.babcock-wanson.com\/pt-pt\/wp-json\/wp\/v2\/product_tag?post=30971"}],"curies":[{"name":"wp","href":"https:\/\/api.w.org\/{rel}","templated":true}]}}