{"id":30984,"date":"2018-08-15T11:32:18","date_gmt":"2018-08-15T10:32:18","guid":{"rendered":"https:\/\/www.babcock-wanson.com\/products\/sem%20categoria\/tpc-b-series\/"},"modified":"2021-08-09T17:29:18","modified_gmt":"2021-08-09T16:29:18","slug":"tpc-b","status":"publish","type":"product","link":"https:\/\/www.babcock-wanson.com\/pt-pt\/produtos\/caldeiras-de-fluido-termico\/tpc-b\/","title":{"rendered":"TPC-B"},"content":{"rendered":"<div class=\"vgblk-rw-wrapper limit-wrapper\">\r\n<h3>Funcionamento fi\u00e1vel e simples<\/h3>\r\n<ul>\r\n<li>A TPC-B inclui uma caixa exterior integralmente refrigerada a ar, que funciona simultaneamente, como pr\u00e9-aquecedor do ar de combust\u00e3o\/<a href=\"https:\/\/www.babcock-wanson.com\/pt-pt\/produtos\/sistemas-de-recuperacao\/economiser\/\">economizador<\/a> e como barreira permanente entre os gases de combust\u00e3o quentes e a estrutura exterior. Esta carater\u00edstica assegura o funcionamento mais seguro e uma vida \u00fatil longa da caldeira.<\/li>\r\n<li>Sistema de controlo totalmente integrado e testado de f\u00e1brica, para uma instala\u00e7\u00e3o simples no local.<\/li>\r\n<\/ul>\r\n<h3>Ecol\u00f3gico<\/h3>\r\n<ul>\r\n<li>O queimador integral da Babcock Wanson assegura a utiliza\u00e7\u00e3o eficiente do combust\u00edvel, uma manuten\u00e7\u00e3o simples e o cumprimento das normas de emiss\u00f5es.<\/li>\r\n<li>O sistema de fluido t\u00e9rmico de elevada efici\u00eancia oferece vantagens ambientais e baixas emiss\u00f5es totais.<\/li>\r\n<\/ul>\r\n<h3>Gama completa de equipamentos auxiliares<\/h3>\r\n<ul>\r\n<li>Bombas de fluido de transfer\u00eancia de calor<\/li>\r\n<li>Reservat\u00f3rio combinado de desaera\u00e7\u00e3o e expans\u00e3o Babcock Wanson<\/li>\r\n<li>V\u00e1lvulas e controlos<\/li>\r\n<li>Auxiliares de sistema e permutadores de calor<\/li>\r\n<\/ul>\r\n<h2>Caracter\u00edsticas<\/h2>\r\n<table>\r\n<tbody>\r\n<tr>\r\n<th>TPC- B<\/th>\r\n<th>modelo<\/th>\r\n<th>100 B<\/th>\r\n<th>200 B<\/th>\r\n<th>400 B<\/th>\r\n<th>600 B<\/th>\r\n<th>1000 B<\/th>\r\n<th>1500 B<\/th>\r\n<th>2000 B<\/th>\r\n<th>2500 SC<\/th>\r\n<th>3000 SC<\/th>\r\n<th>3000 B<\/th>\r\n<th>4000 B<\/th>\r\n<th>5000 B<\/th>\r\n<th>6000 B<\/th>\r\n<\/tr>\r\n<tr>\r\n<th style=\"text-align: left\" rowspan=\"2\">\r\n<p>Pot\u00eancia<\/p>\r\n<\/th>\r\n<th>kcal\/h x 1000<\/th>\r\n<td>100<\/td>\r\n<td>200<\/td>\r\n<td>400<\/td>\r\n<td>600<\/td>\r\n<td>1000<\/td>\r\n<td>1500<\/td>\r\n<td>2000<\/td>\r\n<td>2500<\/td>\r\n<td>3000<\/td>\r\n<td>3000<\/td>\r\n<td>4000<\/td>\r\n<td>5000<\/td>\r\n<td>6000<\/td>\r\n<\/tr>\r\n<tr>\r\n<th>kW<\/th>\r\n<td>116<\/td>\r\n<td>232<\/td>\r\n<td>465<\/td>\r\n<td>698<\/td>\r\n<td>1163<\/td>\r\n<td>1745<\/td>\r\n<td>2326<\/td>\r\n<td>2908<\/td>\r\n<td>3489<\/td>\r\n<td>3489<\/td>\r\n<td>4652<\/td>\r\n<td>5815<\/td>\r\n<td>6978<\/td>\r\n<\/tr>\r\n<tr>\r\n<th>Largura A<\/th>\r\n<th>mm<\/th>\r\n<td>650<\/td>\r\n<td>650<\/td>\r\n<td>850<\/td>\r\n<td>1025<\/td>\r\n<td>1255<\/td>\r\n<td>1450<\/td>\r\n<td>1790<\/td>\r\n<td>2300<\/td>\r\n<td>2770<\/td>\r\n<td>2355<\/td>\r\n<td>2355<\/td>\r\n<td>2430<\/td>\r\n<td>2725<\/td>\r\n<\/tr>\r\n<tr>\r\n<th>Comprimento B<\/th>\r\n<th>mm<\/th>\r\n<td>1250<\/td>\r\n<td>1250<\/td>\r\n<td>1380<\/td>\r\n<td>1550<\/td>\r\n<td>2110<\/td>\r\n<td>2400<\/td>\r\n<td>2730<\/td>\r\n<td>3440<\/td>\r\n<td>3905<\/td>\r\n<td>3490<\/td>\r\n<td>3630<\/td>\r\n<td>3660<\/td>\r\n<td>3960<\/td>\r\n<\/tr>\r\n<tr>\r\n<th>Altura C<\/th>\r\n<th>mm<\/th>\r\n<td>1800<\/td>\r\n<td>1800<\/td>\r\n<td>1900<\/td>\r\n<td>1980<\/td>\r\n<td>2620<\/td>\r\n<td>3240<\/td>\r\n<td>3260<\/td>\r\n<td>3360<\/td>\r\n<td>3330<\/td>\r\n<td>4195<\/td>\r\n<td>5155<\/td>\r\n<td>5870<\/td>\r\n<td>6280<\/td>\r\n<\/tr>\r\n<\/tbody>\r\n<\/table>\r\n<\/div><!-- .vgblk-rw-wrapper -->","protected":false},"excerpt":{"rendered":"<p><strong>De 100 000 a 6 000 000 kCal\/h (116 a 6 978 kW)(116 to 6,978 kW)<\/strong> <br \/>A caldeira de fluido t\u00e9rmico TPC-B, caracteriza-se por apresentar m\u00faltiplas passagens dos gases de combust\u00e3o verticais e um longo pedigree, quer em termos de design, quer de fabrico. A configura\u00e7\u00e3o de alimenta\u00e7\u00e3o descendente assegura a expans\u00e3o sem tens\u00e3o e sem restri\u00e7\u00f5es das bobinas do aquecedor, durante o funcionamento normal. A caldeira foi concebida, para funcionar num leque diversificado de ind\u00fastrias e com uma ampla variedade de fluidos para transfer\u00eancia de calor. Podem ser usados v\u00e1rios combust\u00edveis l\u00edquidos ou gasosos.<\/p>\n","protected":false},"featured_media":29874,"comment_status":"closed","ping_status":"closed","template":"","meta":{"_acf_changed":false,"_relevanssi_hide_post":"","_relevanssi_hide_content":"","_relevanssi_pin_for_all":"","_relevanssi_pin_keywords":"","_relevanssi_unpin_keywords":"","_relevanssi_related_keywords":"","_relevanssi_related_include_ids":"","_relevanssi_related_exclude_ids":"","_relevanssi_related_no_append":"","_relevanssi_related_not_related":"","_relevanssi_related_posts":"","_relevanssi_noindex_reason":""},"product_brand":[],"product_cat":[5177],"product_tag":[],"class_list":{"0":"post-30984","1":"product","2":"type-product","3":"status-publish","4":"has-post-thumbnail","6":"product_cat-caldeiras-de-fluido-termico","8":"first","9":"instock","10":"shipping-taxable","11":"product-type-simple"},"acf":[],"yoast_head":"<!-- This site is optimized with the Yoast SEO Premium plugin v27.1 (Yoast SEO v27.1.1) - https:\/\/yoast.com\/product\/yoast-seo-premium-wordpress\/ -->\n<title>TPC-B Series Thermal Fluid Heaters - Babcock Wanson<\/title>\n<meta name=\"description\" content=\"A caldeira de flu\u00eddo t\u00e9rmico vertical TPC-B com m\u00faltiplas passagens tem um longo pedigree a n\u00edvel de design e constru\u00e7\u00e3o. Clique aqui para conhecer melhor este modelo de caldeira\" \/>\n<meta name=\"robots\" content=\"index, follow, max-snippet:-1, max-image-preview:large, max-video-preview:-1\" \/>\n<link rel=\"canonical\" href=\"https:\/\/www.babcock-wanson.com\/pt-pt\/produtos\/caldeiras-de-fluido-termico\/tpc-b\/\" \/>\n<meta property=\"og:locale\" content=\"pt_PT\" \/>\n<meta property=\"og:type\" content=\"article\" \/>\n<meta property=\"og:title\" content=\"TPC-B\" \/>\n<meta property=\"og:description\" content=\"A caldeira de flu\u00eddo t\u00e9rmico vertical TPC-B com m\u00faltiplas passagens tem um longo pedigree a n\u00edvel de design e constru\u00e7\u00e3o. Clique aqui para conhecer melhor este modelo de caldeira\" \/>\n<meta property=\"og:url\" content=\"https:\/\/www.babcock-wanson.com\/pt-pt\/produtos\/caldeiras-de-fluido-termico\/tpc-b\/\" \/>\n<meta property=\"og:site_name\" content=\"Babcock Wanson\" \/>\n<meta property=\"article:modified_time\" content=\"2021-08-09T16:29:18+00:00\" \/>\n<meta property=\"og:image\" content=\"https:\/\/www.babcock-wanson.com\/wp-content\/uploads\/2018\/08\/TC-B-Series-side-by-side.jpg\" \/>\n\t<meta property=\"og:image:width\" content=\"600\" \/>\n\t<meta property=\"og:image:height\" content=\"401\" \/>\n\t<meta property=\"og:image:type\" content=\"image\/jpeg\" \/>\n<meta name=\"twitter:card\" content=\"summary_large_image\" \/>\n<meta name=\"twitter:label1\" content=\"Est. reading time\" \/>\n\t<meta name=\"twitter:data1\" content=\"2 minutos\" \/>\n<script type=\"application\/ld+json\" class=\"yoast-schema-graph\">{\"@context\":\"https:\/\/schema.org\",\"@graph\":[{\"@type\":\"WebPage\",\"@id\":\"https:\/\/www.babcock-wanson.com\/pt-pt\/produtos\/caldeiras-de-fluido-termico\/tpc-b\/\",\"url\":\"https:\/\/www.babcock-wanson.com\/pt-pt\/produtos\/caldeiras-de-fluido-termico\/tpc-b\/\",\"name\":\"TPC-B Series Thermal Fluid Heaters - Babcock Wanson\",\"isPartOf\":{\"@id\":\"https:\/\/www.babcock-wanson.com\/pt-pt\/#website\"},\"primaryImageOfPage\":{\"@id\":\"https:\/\/www.babcock-wanson.com\/pt-pt\/produtos\/caldeiras-de-fluido-termico\/tpc-b\/#primaryimage\"},\"image\":{\"@id\":\"https:\/\/www.babcock-wanson.com\/pt-pt\/produtos\/caldeiras-de-fluido-termico\/tpc-b\/#primaryimage\"},\"thumbnailUrl\":\"https:\/\/www.babcock-wanson.com\/wp-content\/uploads\/2018\/08\/TC-B-Series-side-by-side.jpg\",\"datePublished\":\"2018-08-15T10:32:18+00:00\",\"dateModified\":\"2021-08-09T16:29:18+00:00\",\"description\":\"A caldeira de flu\u00eddo t\u00e9rmico vertical TPC-B com m\u00faltiplas passagens tem um longo pedigree a n\u00edvel de design e constru\u00e7\u00e3o. Clique aqui para conhecer melhor este modelo de caldeira\",\"breadcrumb\":{\"@id\":\"https:\/\/www.babcock-wanson.com\/pt-pt\/produtos\/caldeiras-de-fluido-termico\/tpc-b\/#breadcrumb\"},\"inLanguage\":\"pt-PT\",\"potentialAction\":[{\"@type\":\"ReadAction\",\"target\":[\"https:\/\/www.babcock-wanson.com\/pt-pt\/produtos\/caldeiras-de-fluido-termico\/tpc-b\/\"]}]},{\"@type\":\"ImageObject\",\"inLanguage\":\"pt-PT\",\"@id\":\"https:\/\/www.babcock-wanson.com\/pt-pt\/produtos\/caldeiras-de-fluido-termico\/tpc-b\/#primaryimage\",\"url\":\"https:\/\/www.babcock-wanson.com\/wp-content\/uploads\/2018\/08\/TC-B-Series-side-by-side.jpg\",\"contentUrl\":\"https:\/\/www.babcock-wanson.com\/wp-content\/uploads\/2018\/08\/TC-B-Series-side-by-side.jpg\",\"width\":600,\"height\":401},{\"@type\":\"BreadcrumbList\",\"@id\":\"https:\/\/www.babcock-wanson.com\/pt-pt\/produtos\/caldeiras-de-fluido-termico\/tpc-b\/#breadcrumb\",\"itemListElement\":[{\"@type\":\"ListItem\",\"position\":1,\"name\":\"Inicio\",\"item\":\"https:\/\/www.babcock-wanson.com\/pt-pt\/\"},{\"@type\":\"ListItem\",\"position\":2,\"name\":\"Produtos\",\"item\":\"https:\/\/www.babcock-wanson.com\/pt-pt\/shop\/\"},{\"@type\":\"ListItem\",\"position\":3,\"name\":\"Caldeiras de fluido t\u00e9rmico\",\"item\":\"https:\/\/www.babcock-wanson.com\/pt-pt\/categoria-produto\/caldeiras-de-fluido-termico\/\"},{\"@type\":\"ListItem\",\"position\":4,\"name\":\"TPC-B\"}]},{\"@type\":\"WebSite\",\"@id\":\"https:\/\/www.babcock-wanson.com\/pt-pt\/#website\",\"url\":\"https:\/\/www.babcock-wanson.com\/pt-pt\/\",\"name\":\"Babcock Wanson\",\"description\":\"\",\"publisher\":{\"@id\":\"https:\/\/www.babcock-wanson.com\/pt-pt\/#organization\"},\"potentialAction\":[{\"@type\":\"SearchAction\",\"target\":{\"@type\":\"EntryPoint\",\"urlTemplate\":\"https:\/\/www.babcock-wanson.com\/pt-pt\/?s={search_term_string}\"},\"query-input\":{\"@type\":\"PropertyValueSpecification\",\"valueRequired\":true,\"valueName\":\"search_term_string\"}}],\"inLanguage\":\"pt-PT\"},{\"@type\":\"Organization\",\"@id\":\"https:\/\/www.babcock-wanson.com\/pt-pt\/#organization\",\"name\":\"Babcock Wanson\",\"url\":\"https:\/\/www.babcock-wanson.com\/pt-pt\/\",\"logo\":{\"@type\":\"ImageObject\",\"inLanguage\":\"pt-PT\",\"@id\":\"https:\/\/www.babcock-wanson.com\/pt-pt\/#\/schema\/logo\/image\/\",\"url\":\"https:\/\/www.babcock-wanson.com\/wp-content\/uploads\/2024\/02\/Babcock-Wanson-1200x1200-1.png\",\"contentUrl\":\"https:\/\/www.babcock-wanson.com\/wp-content\/uploads\/2024\/02\/Babcock-Wanson-1200x1200-1.png\",\"width\":1200,\"height\":1200,\"caption\":\"Babcock Wanson\"},\"image\":{\"@id\":\"https:\/\/www.babcock-wanson.com\/pt-pt\/#\/schema\/logo\/image\/\"},\"sameAs\":[\"https:\/\/www.linkedin.com\/company\/babcock-wanson\/\",\"https:\/\/www.youtube.com\/channel\/UCtxl25VieBBsP2kYmtlyv7A\"]}]}<\/script>\n<!-- \/ Yoast SEO Premium plugin. -->","yoast_head_json":{"title":"TPC-B Series Thermal Fluid Heaters - Babcock Wanson","description":"A caldeira de flu\u00eddo t\u00e9rmico vertical TPC-B com m\u00faltiplas passagens tem um longo pedigree a n\u00edvel de design e constru\u00e7\u00e3o. Clique aqui para conhecer melhor este modelo de caldeira","robots":{"index":"index","follow":"follow","max-snippet":"max-snippet:-1","max-image-preview":"max-image-preview:large","max-video-preview":"max-video-preview:-1"},"canonical":"https:\/\/www.babcock-wanson.com\/pt-pt\/produtos\/caldeiras-de-fluido-termico\/tpc-b\/","og_locale":"pt_PT","og_type":"article","og_title":"TPC-B","og_description":"A caldeira de flu\u00eddo t\u00e9rmico vertical TPC-B com m\u00faltiplas passagens tem um longo pedigree a n\u00edvel de design e constru\u00e7\u00e3o. Clique aqui para conhecer melhor este modelo de caldeira","og_url":"https:\/\/www.babcock-wanson.com\/pt-pt\/produtos\/caldeiras-de-fluido-termico\/tpc-b\/","og_site_name":"Babcock Wanson","article_modified_time":"2021-08-09T16:29:18+00:00","og_image":[{"width":600,"height":401,"url":"https:\/\/www.babcock-wanson.com\/wp-content\/uploads\/2018\/08\/TC-B-Series-side-by-side.jpg","type":"image\/jpeg"}],"twitter_card":"summary_large_image","twitter_misc":{"Est. reading time":"2 minutos"},"schema":{"@context":"https:\/\/schema.org","@graph":[{"@type":"WebPage","@id":"https:\/\/www.babcock-wanson.com\/pt-pt\/produtos\/caldeiras-de-fluido-termico\/tpc-b\/","url":"https:\/\/www.babcock-wanson.com\/pt-pt\/produtos\/caldeiras-de-fluido-termico\/tpc-b\/","name":"TPC-B Series Thermal Fluid Heaters - Babcock Wanson","isPartOf":{"@id":"https:\/\/www.babcock-wanson.com\/pt-pt\/#website"},"primaryImageOfPage":{"@id":"https:\/\/www.babcock-wanson.com\/pt-pt\/produtos\/caldeiras-de-fluido-termico\/tpc-b\/#primaryimage"},"image":{"@id":"https:\/\/www.babcock-wanson.com\/pt-pt\/produtos\/caldeiras-de-fluido-termico\/tpc-b\/#primaryimage"},"thumbnailUrl":"https:\/\/www.babcock-wanson.com\/wp-content\/uploads\/2018\/08\/TC-B-Series-side-by-side.jpg","datePublished":"2018-08-15T10:32:18+00:00","dateModified":"2021-08-09T16:29:18+00:00","description":"A caldeira de flu\u00eddo t\u00e9rmico vertical TPC-B com m\u00faltiplas passagens tem um longo pedigree a n\u00edvel de design e constru\u00e7\u00e3o. Clique aqui para conhecer melhor este modelo de caldeira","breadcrumb":{"@id":"https:\/\/www.babcock-wanson.com\/pt-pt\/produtos\/caldeiras-de-fluido-termico\/tpc-b\/#breadcrumb"},"inLanguage":"pt-PT","potentialAction":[{"@type":"ReadAction","target":["https:\/\/www.babcock-wanson.com\/pt-pt\/produtos\/caldeiras-de-fluido-termico\/tpc-b\/"]}]},{"@type":"ImageObject","inLanguage":"pt-PT","@id":"https:\/\/www.babcock-wanson.com\/pt-pt\/produtos\/caldeiras-de-fluido-termico\/tpc-b\/#primaryimage","url":"https:\/\/www.babcock-wanson.com\/wp-content\/uploads\/2018\/08\/TC-B-Series-side-by-side.jpg","contentUrl":"https:\/\/www.babcock-wanson.com\/wp-content\/uploads\/2018\/08\/TC-B-Series-side-by-side.jpg","width":600,"height":401},{"@type":"BreadcrumbList","@id":"https:\/\/www.babcock-wanson.com\/pt-pt\/produtos\/caldeiras-de-fluido-termico\/tpc-b\/#breadcrumb","itemListElement":[{"@type":"ListItem","position":1,"name":"Inicio","item":"https:\/\/www.babcock-wanson.com\/pt-pt\/"},{"@type":"ListItem","position":2,"name":"Produtos","item":"https:\/\/www.babcock-wanson.com\/pt-pt\/shop\/"},{"@type":"ListItem","position":3,"name":"Caldeiras de fluido t\u00e9rmico","item":"https:\/\/www.babcock-wanson.com\/pt-pt\/categoria-produto\/caldeiras-de-fluido-termico\/"},{"@type":"ListItem","position":4,"name":"TPC-B"}]},{"@type":"WebSite","@id":"https:\/\/www.babcock-wanson.com\/pt-pt\/#website","url":"https:\/\/www.babcock-wanson.com\/pt-pt\/","name":"Babcock Wanson","description":"","publisher":{"@id":"https:\/\/www.babcock-wanson.com\/pt-pt\/#organization"},"potentialAction":[{"@type":"SearchAction","target":{"@type":"EntryPoint","urlTemplate":"https:\/\/www.babcock-wanson.com\/pt-pt\/?s={search_term_string}"},"query-input":{"@type":"PropertyValueSpecification","valueRequired":true,"valueName":"search_term_string"}}],"inLanguage":"pt-PT"},{"@type":"Organization","@id":"https:\/\/www.babcock-wanson.com\/pt-pt\/#organization","name":"Babcock Wanson","url":"https:\/\/www.babcock-wanson.com\/pt-pt\/","logo":{"@type":"ImageObject","inLanguage":"pt-PT","@id":"https:\/\/www.babcock-wanson.com\/pt-pt\/#\/schema\/logo\/image\/","url":"https:\/\/www.babcock-wanson.com\/wp-content\/uploads\/2024\/02\/Babcock-Wanson-1200x1200-1.png","contentUrl":"https:\/\/www.babcock-wanson.com\/wp-content\/uploads\/2024\/02\/Babcock-Wanson-1200x1200-1.png","width":1200,"height":1200,"caption":"Babcock Wanson"},"image":{"@id":"https:\/\/www.babcock-wanson.com\/pt-pt\/#\/schema\/logo\/image\/"},"sameAs":["https:\/\/www.linkedin.com\/company\/babcock-wanson\/","https:\/\/www.youtube.com\/channel\/UCtxl25VieBBsP2kYmtlyv7A"]}]}},"jetpack_sharing_enabled":true,"_links":{"self":[{"href":"https:\/\/www.babcock-wanson.com\/pt-pt\/wp-json\/wp\/v2\/product\/30984","targetHints":{"allow":["GET"]}}],"collection":[{"href":"https:\/\/www.babcock-wanson.com\/pt-pt\/wp-json\/wp\/v2\/product"}],"about":[{"href":"https:\/\/www.babcock-wanson.com\/pt-pt\/wp-json\/wp\/v2\/types\/product"}],"replies":[{"embeddable":true,"href":"https:\/\/www.babcock-wanson.com\/pt-pt\/wp-json\/wp\/v2\/comments?post=30984"}],"wp:featuredmedia":[{"embeddable":true,"href":"https:\/\/www.babcock-wanson.com\/pt-pt\/wp-json\/wp\/v2\/media\/29874"}],"wp:attachment":[{"href":"https:\/\/www.babcock-wanson.com\/pt-pt\/wp-json\/wp\/v2\/media?parent=30984"}],"wp:term":[{"taxonomy":"product_brand","embeddable":true,"href":"https:\/\/www.babcock-wanson.com\/pt-pt\/wp-json\/wp\/v2\/product_brand?post=30984"},{"taxonomy":"product_cat","embeddable":true,"href":"https:\/\/www.babcock-wanson.com\/pt-pt\/wp-json\/wp\/v2\/product_cat?post=30984"},{"taxonomy":"product_tag","embeddable":true,"href":"https:\/\/www.babcock-wanson.com\/pt-pt\/wp-json\/wp\/v2\/product_tag?post=30984"}],"curies":[{"name":"wp","href":"https:\/\/api.w.org\/{rel}","templated":true}]}}