{"id":30988,"date":"2018-08-15T11:32:15","date_gmt":"2018-08-15T10:32:15","guid":{"rendered":"https:\/\/www.babcock-wanson.com\/products\/sem%20categoria\/tpc-ln-series\/"},"modified":"2021-01-25T19:13:40","modified_gmt":"2021-01-25T19:13:40","slug":"tpc-ln","status":"publish","type":"product","link":"https:\/\/www.babcock-wanson.com\/pt-pt\/produtos\/caldeiras-de-fluido-termico\/tpc-ln\/","title":{"rendered":"TPC-LN"},"content":{"rendered":"<div class=\"vgblk-rw-wrapper limit-wrapper\">\r\n<h3>Funcionamento fi\u00e1vel e simples<\/h3>\r\n<ul>\r\n<li>A c\u00e2mara de combust\u00e3o da TPC-LN \u00e9 composta por serpentina helicoidais conc\u00eantricas, que formam as passagens dos gases. Esta estrutura simples e segura possui uma c\u00e2mara de combust\u00e3o muito generosa, resultando numa carga t\u00e9rmica baixa e em emiss\u00f5es reduzidas, al\u00e9m de uma vida \u00fatil prolongada.<\/li>\r\n<li>A TPC-LN \u00e9 fornecido pronto para liga\u00e7\u00e3o aos sistemas de circuito de fluido t\u00e9rmico, alimenta\u00e7\u00e3o de combust\u00edvel, pot\u00eancia e escape, permitindo uma instala\u00e7\u00e3o simples e r\u00e1pida.<\/li>\r\n<li>Est\u00e1 dispon\u00edvel uma op\u00e7\u00e3o nas unidades de maior dimens\u00e3o, para integrar gases de combust\u00e3o no pr\u00e9-aquecedor do ar de combust\u00e3o, de modo a otimizar a efici\u00eancia operacional sem afetar as emiss\u00f5es.<\/li>\r\n<li>A simplicidade de opera\u00e7\u00e3o e manuten\u00e7\u00e3o significa que o TPC-LN \u00e9 a escolha ideal para projetos com emiss\u00f5es muito baixas.<\/li>\r\n<\/ul>\r\n<h3>Ecol\u00f3gico<\/h3>\r\n<ul>\r\n<li>Os sistemas de fluido t\u00e9rmico de elevada efici\u00eancia oferecem vantagens ambientais e baixas emiss\u00f5es totais.<\/li>\r\n<li>Os sistemas de monitoriza\u00e7\u00e3o do fluxo integrados na estrutura do aquecedor asseguram um funcionamento fi\u00e1vel e sem complica\u00e7\u00f5es.<\/li>\r\n<li>A quantidade m\u00ednima de refrat\u00e1rios internos traduz-se num funcionamento e numa manuten\u00e7\u00e3o simples ao longo de um per\u00edodo de tempo alargado.<\/li>\r\n<li>Fabricado de acordo com as normas europeias.<\/li>\r\n<\/ul>\r\n<h3>Gama completa de equipamentos auxiliares<\/h3>\r\n<ul>\r\n<li>Bombas de fluido para transfer\u00eancia de calor.<\/li>\r\n<li>Reservat\u00f3rio combinado de desaera\u00e7\u00e3o e expans\u00e3o Babcock Wanson.<\/li>\r\n<li>V\u00e1lvulas e controlos do sistema.<\/li>\r\n<li>Auxiliares e permutadores de calor, al\u00e9m de projetos chave na m\u00e3o a pedido.<\/li>\r\n<\/ul>\r\n<h2>Caracter\u00edsticas<\/h2>\r\n<table>\r\n<tbody>\r\n<tr>\r\n<th>TPC-LN<\/th>\r\n<th>Modelo<\/th>\r\n<th>250<\/th>\r\n<th>450<\/th>\r\n<th>650<\/th>\r\n<th>850<\/th>\r\n<th>1250<\/th>\r\n<th>1650<\/th>\r\n<th>2050<\/th>\r\n<\/tr>\r\n<tr>\r\n<th>Output<\/th>\r\n<td>kW<\/td>\r\n<td>291<\/td>\r\n<td>523<\/td>\r\n<td>756<\/td>\r\n<td>988<\/td>\r\n<td>1,453<\/td>\r\n<td>1,919<\/td>\r\n<td>2,383<\/td>\r\n<\/tr>\r\n<tr>\r\n<th>Di\u00e2metro<\/th>\r\n<td>mm<\/td>\r\n<td>1,102<\/td>\r\n<td>1,298<\/td>\r\n<td>1,426<\/td>\r\n<td>1,413<\/td>\r\n<td>1,743<\/td>\r\n<td>2,285<\/td>\r\n<td>2,545<\/td>\r\n<\/tr>\r\n<tr>\r\n<th>Comprimento (com queimador)<\/th>\r\n<td>mm<\/td>\r\n<td>2,755<\/td>\r\n<td>3,070<\/td>\r\n<td>3,390<\/td>\r\n<td>3,885<\/td>\r\n<td>4,105<\/td>\r\n<td>4,560<\/td>\r\n<td>4,650<\/td>\r\n<\/tr>\r\n<\/tbody>\r\n<\/table>\r\n<p>* tamanhos adicionais at\u00e9 5,8 MW dispon\u00edveis a pedido<\/p>\r\n<\/div><!-- .vgblk-rw-wrapper -->","protected":false},"excerpt":{"rendered":"<p><strong>Pot\u00eancias de 250 000 a 2 050 000 kCal\/h (291 a 2 383 kW)<\/strong><br \/>A caldeira TPC-LN \u00e9 uma caldeira de m\u00faltiplas passagens dos gases de combust\u00e3o, concebida para funcionamento a g\u00e1s natural, GPL, fuel\u00f3leo leve e uma variedade de biocombust\u00edveis especializados. O design da TPC-LN emprega diferentes tipos de queimadores adequados a cada aplica\u00e7\u00e3o e \u00e9 fornecido com todos os sistemas de bloqueio de seguran\u00e7a e total controlo, para um funcionamento eficiente.<\/p>\n<p>Este tipo de caldeira da Babcock Wanson est\u00e1 dispon\u00edvel com orienta\u00e7\u00e3o horizontal ou vertical, pelo que \u00e9 adequado para praticamente qualquer tipo de local. Foi tamb\u00e9m concebido em conformidade com as normas mais restritivas relativas \u00e0s emiss\u00f5es de NOx e CO.<\/p>\n","protected":false},"featured_media":30993,"comment_status":"closed","ping_status":"closed","template":"","meta":{"_acf_changed":false,"_relevanssi_hide_post":"","_relevanssi_hide_content":"","_relevanssi_pin_for_all":"","_relevanssi_pin_keywords":"","_relevanssi_unpin_keywords":"","_relevanssi_related_keywords":"","_relevanssi_related_include_ids":"","_relevanssi_related_exclude_ids":"","_relevanssi_related_no_append":"","_relevanssi_related_not_related":"","_relevanssi_related_posts":"","_relevanssi_noindex_reason":""},"product_brand":[],"product_cat":[5177],"product_tag":[],"class_list":{"0":"post-30988","1":"product","2":"type-product","3":"status-publish","4":"has-post-thumbnail","6":"product_cat-caldeiras-de-fluido-termico","8":"first","9":"instock","10":"shipping-taxable","11":"product-type-simple"},"acf":[],"yoast_head":"<!-- This site is optimized with the Yoast SEO Premium plugin v27.4 (Yoast SEO v27.4) - https:\/\/yoast.com\/product\/yoast-seo-premium-wordpress\/ -->\n<title>TPC-LN Series Thermal Fluid Heaters - Babcock Wanson<\/title>\n<meta name=\"description\" content=\"A caldeira TPC-LN \u00e9 uma caldeira de m\u00faltiplas passagens dos gases de combust\u00e3o, concebida para funcionamento a g\u00e1s natural, GPL, fuel\u00f3leo e v\u00e1rios biocombust\u00edveis especializados\" \/>\n<meta name=\"robots\" content=\"index, follow, max-snippet:-1, max-image-preview:large, max-video-preview:-1\" \/>\n<link rel=\"canonical\" href=\"https:\/\/www.babcock-wanson.com\/pt-pt\/produtos\/caldeiras-de-fluido-termico\/tpc-ln\/\" \/>\n<meta property=\"og:locale\" content=\"pt_PT\" \/>\n<meta property=\"og:type\" content=\"article\" \/>\n<meta property=\"og:title\" content=\"TPC-LN\" \/>\n<meta property=\"og:description\" content=\"A caldeira TPC-LN \u00e9 uma caldeira de m\u00faltiplas passagens dos gases de combust\u00e3o, concebida para funcionamento a g\u00e1s natural, GPL, fuel\u00f3leo e v\u00e1rios biocombust\u00edveis especializados\" \/>\n<meta property=\"og:url\" content=\"https:\/\/www.babcock-wanson.com\/pt-pt\/produtos\/caldeiras-de-fluido-termico\/tpc-ln\/\" \/>\n<meta property=\"og:site_name\" content=\"Babcock Wanson\" \/>\n<meta property=\"article:modified_time\" content=\"2021-01-25T19:13:40+00:00\" \/>\n<meta property=\"og:image\" content=\"https:\/\/www.babcock-wanson.com\/wp-content\/uploads\/2018\/08\/tpc-ln-5.jpg\" \/>\n\t<meta property=\"og:image:width\" content=\"600\" \/>\n\t<meta property=\"og:image:height\" content=\"400\" \/>\n\t<meta property=\"og:image:type\" content=\"image\/jpeg\" \/>\n<meta name=\"twitter:card\" content=\"summary_large_image\" \/>\n<meta name=\"twitter:label1\" content=\"Est. reading time\" \/>\n\t<meta name=\"twitter:data1\" content=\"1 minuto\" \/>\n<script type=\"application\/ld+json\" class=\"yoast-schema-graph\">{\"@context\":\"https:\\\/\\\/schema.org\",\"@graph\":[{\"@type\":\"WebPage\",\"@id\":\"https:\\\/\\\/www.babcock-wanson.com\\\/pt-pt\\\/produtos\\\/caldeiras-de-fluido-termico\\\/tpc-ln\\\/\",\"url\":\"https:\\\/\\\/www.babcock-wanson.com\\\/pt-pt\\\/produtos\\\/caldeiras-de-fluido-termico\\\/tpc-ln\\\/\",\"name\":\"TPC-LN Series Thermal Fluid Heaters - Babcock Wanson\",\"isPartOf\":{\"@id\":\"https:\\\/\\\/www.babcock-wanson.com\\\/pt-pt\\\/#website\"},\"primaryImageOfPage\":{\"@id\":\"https:\\\/\\\/www.babcock-wanson.com\\\/pt-pt\\\/produtos\\\/caldeiras-de-fluido-termico\\\/tpc-ln\\\/#primaryimage\"},\"image\":{\"@id\":\"https:\\\/\\\/www.babcock-wanson.com\\\/pt-pt\\\/produtos\\\/caldeiras-de-fluido-termico\\\/tpc-ln\\\/#primaryimage\"},\"thumbnailUrl\":\"https:\\\/\\\/www.babcock-wanson.com\\\/wp-content\\\/uploads\\\/2018\\\/08\\\/tpc-ln-5.jpg\",\"datePublished\":\"2018-08-15T10:32:15+00:00\",\"dateModified\":\"2021-01-25T19:13:40+00:00\",\"description\":\"A caldeira TPC-LN \u00e9 uma caldeira de m\u00faltiplas passagens dos gases de combust\u00e3o, concebida para funcionamento a g\u00e1s natural, GPL, fuel\u00f3leo e v\u00e1rios biocombust\u00edveis especializados\",\"breadcrumb\":{\"@id\":\"https:\\\/\\\/www.babcock-wanson.com\\\/pt-pt\\\/produtos\\\/caldeiras-de-fluido-termico\\\/tpc-ln\\\/#breadcrumb\"},\"inLanguage\":\"pt-PT\",\"potentialAction\":[{\"@type\":\"ReadAction\",\"target\":[\"https:\\\/\\\/www.babcock-wanson.com\\\/pt-pt\\\/produtos\\\/caldeiras-de-fluido-termico\\\/tpc-ln\\\/\"]}]},{\"@type\":\"ImageObject\",\"inLanguage\":\"pt-PT\",\"@id\":\"https:\\\/\\\/www.babcock-wanson.com\\\/pt-pt\\\/produtos\\\/caldeiras-de-fluido-termico\\\/tpc-ln\\\/#primaryimage\",\"url\":\"https:\\\/\\\/www.babcock-wanson.com\\\/wp-content\\\/uploads\\\/2018\\\/08\\\/tpc-ln-5.jpg\",\"contentUrl\":\"https:\\\/\\\/www.babcock-wanson.com\\\/wp-content\\\/uploads\\\/2018\\\/08\\\/tpc-ln-5.jpg\",\"width\":600,\"height\":400,\"caption\":\"Aquecedor de fluido t\u00e9rmico TPC LN\"},{\"@type\":\"BreadcrumbList\",\"@id\":\"https:\\\/\\\/www.babcock-wanson.com\\\/pt-pt\\\/produtos\\\/caldeiras-de-fluido-termico\\\/tpc-ln\\\/#breadcrumb\",\"itemListElement\":[{\"@type\":\"ListItem\",\"position\":1,\"name\":\"Inicio\",\"item\":\"https:\\\/\\\/www.babcock-wanson.com\\\/pt-pt\\\/\"},{\"@type\":\"ListItem\",\"position\":2,\"name\":\"Produtos\",\"item\":\"https:\\\/\\\/www.babcock-wanson.com\\\/pt-pt\\\/shop\\\/\"},{\"@type\":\"ListItem\",\"position\":3,\"name\":\"Caldeiras de fluido t\u00e9rmico\",\"item\":\"https:\\\/\\\/www.babcock-wanson.com\\\/pt-pt\\\/categoria-produto\\\/caldeiras-de-fluido-termico\\\/\"},{\"@type\":\"ListItem\",\"position\":4,\"name\":\"TPC-LN\"}]},{\"@type\":\"WebSite\",\"@id\":\"https:\\\/\\\/www.babcock-wanson.com\\\/pt-pt\\\/#website\",\"url\":\"https:\\\/\\\/www.babcock-wanson.com\\\/pt-pt\\\/\",\"name\":\"Babcock Wanson\",\"description\":\"\",\"publisher\":{\"@id\":\"https:\\\/\\\/www.babcock-wanson.com\\\/pt-pt\\\/#organization\"},\"potentialAction\":[{\"@type\":\"SearchAction\",\"target\":{\"@type\":\"EntryPoint\",\"urlTemplate\":\"https:\\\/\\\/www.babcock-wanson.com\\\/pt-pt\\\/?s={search_term_string}\"},\"query-input\":{\"@type\":\"PropertyValueSpecification\",\"valueRequired\":true,\"valueName\":\"search_term_string\"}}],\"inLanguage\":\"pt-PT\"},{\"@type\":\"Organization\",\"@id\":\"https:\\\/\\\/www.babcock-wanson.com\\\/pt-pt\\\/#organization\",\"name\":\"Babcock Wanson\",\"url\":\"https:\\\/\\\/www.babcock-wanson.com\\\/pt-pt\\\/\",\"logo\":{\"@type\":\"ImageObject\",\"inLanguage\":\"pt-PT\",\"@id\":\"https:\\\/\\\/www.babcock-wanson.com\\\/pt-pt\\\/#\\\/schema\\\/logo\\\/image\\\/\",\"url\":\"https:\\\/\\\/www.babcock-wanson.com\\\/wp-content\\\/uploads\\\/2024\\\/02\\\/Babcock-Wanson-1200x1200-1.png\",\"contentUrl\":\"https:\\\/\\\/www.babcock-wanson.com\\\/wp-content\\\/uploads\\\/2024\\\/02\\\/Babcock-Wanson-1200x1200-1.png\",\"width\":1200,\"height\":1200,\"caption\":\"Babcock Wanson\"},\"image\":{\"@id\":\"https:\\\/\\\/www.babcock-wanson.com\\\/pt-pt\\\/#\\\/schema\\\/logo\\\/image\\\/\"},\"sameAs\":[\"https:\\\/\\\/www.linkedin.com\\\/company\\\/babcock-wanson\\\/\",\"https:\\\/\\\/www.youtube.com\\\/channel\\\/UCtxl25VieBBsP2kYmtlyv7A\"]}]}<\/script>\n<!-- \/ Yoast SEO Premium plugin. -->","yoast_head_json":{"title":"TPC-LN Series Thermal Fluid Heaters - Babcock Wanson","description":"A caldeira TPC-LN \u00e9 uma caldeira de m\u00faltiplas passagens dos gases de combust\u00e3o, concebida para funcionamento a g\u00e1s natural, GPL, fuel\u00f3leo e v\u00e1rios biocombust\u00edveis especializados","robots":{"index":"index","follow":"follow","max-snippet":"max-snippet:-1","max-image-preview":"max-image-preview:large","max-video-preview":"max-video-preview:-1"},"canonical":"https:\/\/www.babcock-wanson.com\/pt-pt\/produtos\/caldeiras-de-fluido-termico\/tpc-ln\/","og_locale":"pt_PT","og_type":"article","og_title":"TPC-LN","og_description":"A caldeira TPC-LN \u00e9 uma caldeira de m\u00faltiplas passagens dos gases de combust\u00e3o, concebida para funcionamento a g\u00e1s natural, GPL, fuel\u00f3leo e v\u00e1rios biocombust\u00edveis especializados","og_url":"https:\/\/www.babcock-wanson.com\/pt-pt\/produtos\/caldeiras-de-fluido-termico\/tpc-ln\/","og_site_name":"Babcock Wanson","article_modified_time":"2021-01-25T19:13:40+00:00","og_image":[{"width":600,"height":400,"url":"https:\/\/www.babcock-wanson.com\/wp-content\/uploads\/2018\/08\/tpc-ln-5.jpg","type":"image\/jpeg"}],"twitter_card":"summary_large_image","twitter_misc":{"Est. reading time":"1 minuto"},"schema":{"@context":"https:\/\/schema.org","@graph":[{"@type":"WebPage","@id":"https:\/\/www.babcock-wanson.com\/pt-pt\/produtos\/caldeiras-de-fluido-termico\/tpc-ln\/","url":"https:\/\/www.babcock-wanson.com\/pt-pt\/produtos\/caldeiras-de-fluido-termico\/tpc-ln\/","name":"TPC-LN Series Thermal Fluid Heaters - Babcock Wanson","isPartOf":{"@id":"https:\/\/www.babcock-wanson.com\/pt-pt\/#website"},"primaryImageOfPage":{"@id":"https:\/\/www.babcock-wanson.com\/pt-pt\/produtos\/caldeiras-de-fluido-termico\/tpc-ln\/#primaryimage"},"image":{"@id":"https:\/\/www.babcock-wanson.com\/pt-pt\/produtos\/caldeiras-de-fluido-termico\/tpc-ln\/#primaryimage"},"thumbnailUrl":"https:\/\/www.babcock-wanson.com\/wp-content\/uploads\/2018\/08\/tpc-ln-5.jpg","datePublished":"2018-08-15T10:32:15+00:00","dateModified":"2021-01-25T19:13:40+00:00","description":"A caldeira TPC-LN \u00e9 uma caldeira de m\u00faltiplas passagens dos gases de combust\u00e3o, concebida para funcionamento a g\u00e1s natural, GPL, fuel\u00f3leo e v\u00e1rios biocombust\u00edveis especializados","breadcrumb":{"@id":"https:\/\/www.babcock-wanson.com\/pt-pt\/produtos\/caldeiras-de-fluido-termico\/tpc-ln\/#breadcrumb"},"inLanguage":"pt-PT","potentialAction":[{"@type":"ReadAction","target":["https:\/\/www.babcock-wanson.com\/pt-pt\/produtos\/caldeiras-de-fluido-termico\/tpc-ln\/"]}]},{"@type":"ImageObject","inLanguage":"pt-PT","@id":"https:\/\/www.babcock-wanson.com\/pt-pt\/produtos\/caldeiras-de-fluido-termico\/tpc-ln\/#primaryimage","url":"https:\/\/www.babcock-wanson.com\/wp-content\/uploads\/2018\/08\/tpc-ln-5.jpg","contentUrl":"https:\/\/www.babcock-wanson.com\/wp-content\/uploads\/2018\/08\/tpc-ln-5.jpg","width":600,"height":400,"caption":"Aquecedor de fluido t\u00e9rmico TPC LN"},{"@type":"BreadcrumbList","@id":"https:\/\/www.babcock-wanson.com\/pt-pt\/produtos\/caldeiras-de-fluido-termico\/tpc-ln\/#breadcrumb","itemListElement":[{"@type":"ListItem","position":1,"name":"Inicio","item":"https:\/\/www.babcock-wanson.com\/pt-pt\/"},{"@type":"ListItem","position":2,"name":"Produtos","item":"https:\/\/www.babcock-wanson.com\/pt-pt\/shop\/"},{"@type":"ListItem","position":3,"name":"Caldeiras de fluido t\u00e9rmico","item":"https:\/\/www.babcock-wanson.com\/pt-pt\/categoria-produto\/caldeiras-de-fluido-termico\/"},{"@type":"ListItem","position":4,"name":"TPC-LN"}]},{"@type":"WebSite","@id":"https:\/\/www.babcock-wanson.com\/pt-pt\/#website","url":"https:\/\/www.babcock-wanson.com\/pt-pt\/","name":"Babcock Wanson","description":"","publisher":{"@id":"https:\/\/www.babcock-wanson.com\/pt-pt\/#organization"},"potentialAction":[{"@type":"SearchAction","target":{"@type":"EntryPoint","urlTemplate":"https:\/\/www.babcock-wanson.com\/pt-pt\/?s={search_term_string}"},"query-input":{"@type":"PropertyValueSpecification","valueRequired":true,"valueName":"search_term_string"}}],"inLanguage":"pt-PT"},{"@type":"Organization","@id":"https:\/\/www.babcock-wanson.com\/pt-pt\/#organization","name":"Babcock Wanson","url":"https:\/\/www.babcock-wanson.com\/pt-pt\/","logo":{"@type":"ImageObject","inLanguage":"pt-PT","@id":"https:\/\/www.babcock-wanson.com\/pt-pt\/#\/schema\/logo\/image\/","url":"https:\/\/www.babcock-wanson.com\/wp-content\/uploads\/2024\/02\/Babcock-Wanson-1200x1200-1.png","contentUrl":"https:\/\/www.babcock-wanson.com\/wp-content\/uploads\/2024\/02\/Babcock-Wanson-1200x1200-1.png","width":1200,"height":1200,"caption":"Babcock Wanson"},"image":{"@id":"https:\/\/www.babcock-wanson.com\/pt-pt\/#\/schema\/logo\/image\/"},"sameAs":["https:\/\/www.linkedin.com\/company\/babcock-wanson\/","https:\/\/www.youtube.com\/channel\/UCtxl25VieBBsP2kYmtlyv7A"]}]}},"jetpack_sharing_enabled":true,"_links":{"self":[{"href":"https:\/\/www.babcock-wanson.com\/pt-pt\/wp-json\/wp\/v2\/product\/30988","targetHints":{"allow":["GET"]}}],"collection":[{"href":"https:\/\/www.babcock-wanson.com\/pt-pt\/wp-json\/wp\/v2\/product"}],"about":[{"href":"https:\/\/www.babcock-wanson.com\/pt-pt\/wp-json\/wp\/v2\/types\/product"}],"replies":[{"embeddable":true,"href":"https:\/\/www.babcock-wanson.com\/pt-pt\/wp-json\/wp\/v2\/comments?post=30988"}],"wp:featuredmedia":[{"embeddable":true,"href":"https:\/\/www.babcock-wanson.com\/pt-pt\/wp-json\/wp\/v2\/media\/30993"}],"wp:attachment":[{"href":"https:\/\/www.babcock-wanson.com\/pt-pt\/wp-json\/wp\/v2\/media?parent=30988"}],"wp:term":[{"taxonomy":"product_brand","embeddable":true,"href":"https:\/\/www.babcock-wanson.com\/pt-pt\/wp-json\/wp\/v2\/product_brand?post=30988"},{"taxonomy":"product_cat","embeddable":true,"href":"https:\/\/www.babcock-wanson.com\/pt-pt\/wp-json\/wp\/v2\/product_cat?post=30988"},{"taxonomy":"product_tag","embeddable":true,"href":"https:\/\/www.babcock-wanson.com\/pt-pt\/wp-json\/wp\/v2\/product_tag?post=30988"}],"curies":[{"name":"wp","href":"https:\/\/api.w.org\/{rel}","templated":true}]}}