{"id":30994,"date":"2018-08-15T11:32:12","date_gmt":"2018-08-15T10:32:12","guid":{"rendered":"https:\/\/www.babcock-wanson.com\/products\/sem%20categoria\/epc-es-series\/"},"modified":"2021-01-25T19:14:43","modified_gmt":"2021-01-25T19:14:43","slug":"epc-es-serie","status":"publish","type":"product","link":"https:\/\/www.babcock-wanson.com\/pt-pt\/produtos\/caldeiras-de-fluido-termico\/epc-es-serie\/","title":{"rendered":"EPC-ES"},"content":{"rendered":"<div class=\"vgblk-rw-wrapper limit-wrapper\">\r\n<h3>Aquecimento de fluido t\u00e9rmico de elevada efici\u00eancia<\/h3>\r\n<ul>\r\n<li>O economizador integral de ar de combust\u00e3o\/gases de escape de dupla passagem assegura a elevada efici\u00eancia da opera\u00e7\u00e3o, sem necessidade de recupera\u00e7\u00e3o de calor externa \u2013 um funcionamento simples, seguro e fi\u00e1vel.<\/li>\r\n<li>O queimador Babcock Wanson, concebido para ser adequado \u00e0 c\u00e2mara de combust\u00e3o, oferece um funcionamento eficiente com ar de combust\u00e3o a alta temperatura.<\/li>\r\n<li>A alta velocidade do fluido t\u00e9rmico nas bobinas assegura uma vida \u00fatil longa dos equipamentos e do fluido.<\/li>\r\n<li>Sistema de controlo totalmente integrado e testado de f\u00e1brica, para uma instala\u00e7\u00e3o simples no local.<\/li>\r\n<\/ul>\r\n<h3>Ecol\u00f3gico<\/h3>\r\n<ul>\r\n<li>Fabrico com design comprovado, para garantir um baixo consumo de combust\u00edvel e facilidade de opera\u00e7\u00e3o.<\/li>\r\n<li>Os sistemas de fluido t\u00e9rmico de elevada efici\u00eancia, com fluxo reduzido de gases de escape, oferecem vantagens ambientais substanciais.<\/li>\r\n<\/ul>\r\n<h3>Gama completa de equipamentos auxiliares e servi\u00e7os<\/h3>\r\n<ul>\r\n<li>Bombas de fluido de transfer\u00eancia de calor<\/li>\r\n<li>Desaeradores e vasos de expans\u00e3o<\/li>\r\n<li>Reservat\u00f3rio combinado de desaera\u00e7\u00e3o e expans\u00e3o<\/li>\r\n<li>Circuitos e controlos secund\u00e1rios para utilizadores de calor<\/li>\r\n<\/ul>\r\n<h2>Caldeiras de fluido t\u00e9rmico EPC-ES<\/h2>\r\n<table>\r\n<tbody>\r\n<tr>\r\n<th>EPC-ES<\/th>\r\n<th>modelo<\/th>\r\n<th>1000 ES<\/th>\r\n<th>1500 ES<\/th>\r\n<th>2000 ES<\/th>\r\n<th>2500 ES<\/th>\r\n<th>3000 ES<\/th>\r\n<th>4000 HRV<\/th>\r\n<th>5000 HRV<\/th>\r\n<th>6000 HRV<\/th>\r\n<\/tr>\r\n<tr>\r\n<th rowspan=\"2\">Output<\/th>\r\n<th>kcal\/h x 1000<\/th>\r\n<td>1000<\/td>\r\n<td>1500<\/td>\r\n<td>2000<\/td>\r\n<td>2500<\/td>\r\n<td>3000<\/td>\r\n<td>4000<\/td>\r\n<td>5000<\/td>\r\n<td>6000<\/td>\r\n<\/tr>\r\n<tr>\r\n<th>kW<\/th>\r\n<td>1163<\/td>\r\n<td>1745<\/td>\r\n<td>2326<\/td>\r\n<td>2908<\/td>\r\n<td>3489<\/td>\r\n<td>4652<\/td>\r\n<td>5815<\/td>\r\n<td>6978<\/td>\r\n<\/tr>\r\n<tr>\r\n<th>Largura A<\/th>\r\n<th>mm<\/th>\r\n<td>1163<\/td>\r\n<td>1745<\/td>\r\n<td>2326<\/td>\r\n<td>2908<\/td>\r\n<td>3489<\/td>\r\n<td>4652<\/td>\r\n<td>5815<\/td>\r\n<td>6978<\/td>\r\n<\/tr>\r\n<tr>\r\n<th>Comprimento B<\/th>\r\n<th>mm<\/th>\r\n<td>1595<\/td>\r\n<td>1780<\/td>\r\n<td>2130<\/td>\r\n<td>2630<\/td>\r\n<td>2695<\/td>\r\n<td>2600<\/td>\r\n<td>3025<\/td>\r\n<td>3500<\/td>\r\n<\/tr>\r\n<tr>\r\n<th>Altura C<\/th>\r\n<th>mm<\/th>\r\n<td>2790<\/td>\r\n<td>3185<\/td>\r\n<td>3650<\/td>\r\n<td>4325<\/td>\r\n<td>4630<\/td>\r\n<td>6200<\/td>\r\n<td>6250<\/td>\r\n<td>6500<\/td>\r\n<\/tr>\r\n<\/tbody>\r\n<\/table>\r\n<\/div><!-- .vgblk-rw-wrapper -->","protected":false},"excerpt":{"rendered":"<p><strong>De 100 000 a 6 000 000 kCal\/h (1 163 a 6 978 kW)<\/strong> <br \/>O aquecedor EPC-ES da Babcock Wanson \u00e9 um aquecedor alimentado com multipassagem, com uma longa linhagem, quer em termos de design, quer de fabrico. A configura\u00e7\u00e3o vertical de alimenta\u00e7\u00e3o descendente assegura um funcionamento sem tens\u00e3o e a facilidade de expans\u00e3o da bobina do aquecedor e economizador integral. Ambas s\u00e3o carater\u00edsticas fundamentais para uma vida \u00fatil longa do equipamento. As gamas EPC-ES e HRV foram concebidas para funcionar num vasto leque de ind\u00fastrias e com diferentes fluidos de transfer\u00eancia de calor, tanto em sistemas abertos como nos pressurizados. Podem ser utilizados todos os tipos de combust\u00edveis l\u00edquidos ou gasosos.<\/p>\n","protected":false},"featured_media":29727,"comment_status":"closed","ping_status":"closed","template":"","meta":{"_acf_changed":false,"_relevanssi_hide_post":"","_relevanssi_hide_content":"","_relevanssi_pin_for_all":"","_relevanssi_pin_keywords":"","_relevanssi_unpin_keywords":"","_relevanssi_related_keywords":"","_relevanssi_related_include_ids":"","_relevanssi_related_exclude_ids":"","_relevanssi_related_no_append":"","_relevanssi_related_not_related":"","_relevanssi_related_posts":"","_relevanssi_noindex_reason":""},"product_brand":[],"product_cat":[5177],"product_tag":[],"class_list":{"0":"post-30994","1":"product","2":"type-product","3":"status-publish","4":"has-post-thumbnail","6":"product_cat-caldeiras-de-fluido-termico","8":"first","9":"instock","10":"shipping-taxable","11":"product-type-simple"},"acf":[],"yoast_head":"<!-- This site is optimized with the Yoast SEO Premium plugin v27.4 (Yoast SEO v27.4) - https:\/\/yoast.com\/product\/yoast-seo-premium-wordpress\/ -->\n<title>EPC-ES Series Thermal Fluid Heaters - Babcock Wanson<\/title>\n<meta name=\"description\" content=\"O aquecedor de ar EPC-ES da Babcock Wanson \u00e9 um aquecedor alimentado com multipassagem e configura\u00e7\u00e3o vertical. Pode utilizar todos os tipos de combust\u00edveis l\u00edquidos ou gasosos\" \/>\n<meta name=\"robots\" content=\"index, follow, max-snippet:-1, max-image-preview:large, max-video-preview:-1\" \/>\n<link rel=\"canonical\" href=\"https:\/\/www.babcock-wanson.com\/pt-pt\/produtos\/caldeiras-de-fluido-termico\/epc-es-serie\/\" \/>\n<meta property=\"og:locale\" content=\"pt_PT\" \/>\n<meta property=\"og:type\" content=\"article\" \/>\n<meta property=\"og:title\" content=\"EPC-ES\" \/>\n<meta property=\"og:description\" content=\"O aquecedor de ar EPC-ES da Babcock Wanson \u00e9 um aquecedor alimentado com multipassagem e configura\u00e7\u00e3o vertical. Pode utilizar todos os tipos de combust\u00edveis l\u00edquidos ou gasosos\" \/>\n<meta property=\"og:url\" content=\"https:\/\/www.babcock-wanson.com\/pt-pt\/produtos\/caldeiras-de-fluido-termico\/epc-es-serie\/\" \/>\n<meta property=\"og:site_name\" content=\"Babcock Wanson\" \/>\n<meta property=\"article:modified_time\" content=\"2021-01-25T19:14:43+00:00\" \/>\n<meta property=\"og:image\" content=\"https:\/\/www.babcock-wanson.com\/wp-content\/uploads\/2018\/08\/EPC-ES-Thermal-Fluid-Heater-2.png\" \/>\n\t<meta property=\"og:image:width\" content=\"600\" \/>\n\t<meta property=\"og:image:height\" content=\"400\" \/>\n\t<meta property=\"og:image:type\" content=\"image\/png\" \/>\n<meta name=\"twitter:card\" content=\"summary_large_image\" \/>\n<meta name=\"twitter:label1\" content=\"Est. reading time\" \/>\n\t<meta name=\"twitter:data1\" content=\"1 minuto\" \/>\n<script type=\"application\/ld+json\" class=\"yoast-schema-graph\">{\"@context\":\"https:\\\/\\\/schema.org\",\"@graph\":[{\"@type\":\"WebPage\",\"@id\":\"https:\\\/\\\/www.babcock-wanson.com\\\/pt-pt\\\/produtos\\\/caldeiras-de-fluido-termico\\\/epc-es-serie\\\/\",\"url\":\"https:\\\/\\\/www.babcock-wanson.com\\\/pt-pt\\\/produtos\\\/caldeiras-de-fluido-termico\\\/epc-es-serie\\\/\",\"name\":\"EPC-ES Series Thermal Fluid Heaters - Babcock Wanson\",\"isPartOf\":{\"@id\":\"https:\\\/\\\/www.babcock-wanson.com\\\/pt-pt\\\/#website\"},\"primaryImageOfPage\":{\"@id\":\"https:\\\/\\\/www.babcock-wanson.com\\\/pt-pt\\\/produtos\\\/caldeiras-de-fluido-termico\\\/epc-es-serie\\\/#primaryimage\"},\"image\":{\"@id\":\"https:\\\/\\\/www.babcock-wanson.com\\\/pt-pt\\\/produtos\\\/caldeiras-de-fluido-termico\\\/epc-es-serie\\\/#primaryimage\"},\"thumbnailUrl\":\"https:\\\/\\\/www.babcock-wanson.com\\\/wp-content\\\/uploads\\\/2018\\\/08\\\/EPC-ES-Thermal-Fluid-Heater-2.png\",\"datePublished\":\"2018-08-15T10:32:12+00:00\",\"dateModified\":\"2021-01-25T19:14:43+00:00\",\"description\":\"O aquecedor de ar EPC-ES da Babcock Wanson \u00e9 um aquecedor alimentado com multipassagem e configura\u00e7\u00e3o vertical. Pode utilizar todos os tipos de combust\u00edveis l\u00edquidos ou gasosos\",\"breadcrumb\":{\"@id\":\"https:\\\/\\\/www.babcock-wanson.com\\\/pt-pt\\\/produtos\\\/caldeiras-de-fluido-termico\\\/epc-es-serie\\\/#breadcrumb\"},\"inLanguage\":\"pt-PT\",\"potentialAction\":[{\"@type\":\"ReadAction\",\"target\":[\"https:\\\/\\\/www.babcock-wanson.com\\\/pt-pt\\\/produtos\\\/caldeiras-de-fluido-termico\\\/epc-es-serie\\\/\"]}]},{\"@type\":\"ImageObject\",\"inLanguage\":\"pt-PT\",\"@id\":\"https:\\\/\\\/www.babcock-wanson.com\\\/pt-pt\\\/produtos\\\/caldeiras-de-fluido-termico\\\/epc-es-serie\\\/#primaryimage\",\"url\":\"https:\\\/\\\/www.babcock-wanson.com\\\/wp-content\\\/uploads\\\/2018\\\/08\\\/EPC-ES-Thermal-Fluid-Heater-2.png\",\"contentUrl\":\"https:\\\/\\\/www.babcock-wanson.com\\\/wp-content\\\/uploads\\\/2018\\\/08\\\/EPC-ES-Thermal-Fluid-Heater-2.png\",\"width\":600,\"height\":400,\"caption\":\"Fotografia macro de fa\u00edscas. Excelente imagem de fundo para festa, celebra\u00e7\u00e3o ou tecnologia.\"},{\"@type\":\"BreadcrumbList\",\"@id\":\"https:\\\/\\\/www.babcock-wanson.com\\\/pt-pt\\\/produtos\\\/caldeiras-de-fluido-termico\\\/epc-es-serie\\\/#breadcrumb\",\"itemListElement\":[{\"@type\":\"ListItem\",\"position\":1,\"name\":\"Inicio\",\"item\":\"https:\\\/\\\/www.babcock-wanson.com\\\/pt-pt\\\/\"},{\"@type\":\"ListItem\",\"position\":2,\"name\":\"Produtos\",\"item\":\"https:\\\/\\\/www.babcock-wanson.com\\\/pt-pt\\\/shop\\\/\"},{\"@type\":\"ListItem\",\"position\":3,\"name\":\"Caldeiras de fluido t\u00e9rmico\",\"item\":\"https:\\\/\\\/www.babcock-wanson.com\\\/pt-pt\\\/categoria-produto\\\/caldeiras-de-fluido-termico\\\/\"},{\"@type\":\"ListItem\",\"position\":4,\"name\":\"EPC-ES\"}]},{\"@type\":\"WebSite\",\"@id\":\"https:\\\/\\\/www.babcock-wanson.com\\\/pt-pt\\\/#website\",\"url\":\"https:\\\/\\\/www.babcock-wanson.com\\\/pt-pt\\\/\",\"name\":\"Babcock Wanson\",\"description\":\"\",\"publisher\":{\"@id\":\"https:\\\/\\\/www.babcock-wanson.com\\\/pt-pt\\\/#organization\"},\"potentialAction\":[{\"@type\":\"SearchAction\",\"target\":{\"@type\":\"EntryPoint\",\"urlTemplate\":\"https:\\\/\\\/www.babcock-wanson.com\\\/pt-pt\\\/?s={search_term_string}\"},\"query-input\":{\"@type\":\"PropertyValueSpecification\",\"valueRequired\":true,\"valueName\":\"search_term_string\"}}],\"inLanguage\":\"pt-PT\"},{\"@type\":\"Organization\",\"@id\":\"https:\\\/\\\/www.babcock-wanson.com\\\/pt-pt\\\/#organization\",\"name\":\"Babcock Wanson\",\"url\":\"https:\\\/\\\/www.babcock-wanson.com\\\/pt-pt\\\/\",\"logo\":{\"@type\":\"ImageObject\",\"inLanguage\":\"pt-PT\",\"@id\":\"https:\\\/\\\/www.babcock-wanson.com\\\/pt-pt\\\/#\\\/schema\\\/logo\\\/image\\\/\",\"url\":\"https:\\\/\\\/www.babcock-wanson.com\\\/wp-content\\\/uploads\\\/2024\\\/02\\\/Babcock-Wanson-1200x1200-1.png\",\"contentUrl\":\"https:\\\/\\\/www.babcock-wanson.com\\\/wp-content\\\/uploads\\\/2024\\\/02\\\/Babcock-Wanson-1200x1200-1.png\",\"width\":1200,\"height\":1200,\"caption\":\"Babcock Wanson\"},\"image\":{\"@id\":\"https:\\\/\\\/www.babcock-wanson.com\\\/pt-pt\\\/#\\\/schema\\\/logo\\\/image\\\/\"},\"sameAs\":[\"https:\\\/\\\/www.linkedin.com\\\/company\\\/babcock-wanson\\\/\",\"https:\\\/\\\/www.youtube.com\\\/channel\\\/UCtxl25VieBBsP2kYmtlyv7A\"]}]}<\/script>\n<!-- \/ Yoast SEO Premium plugin. -->","yoast_head_json":{"title":"EPC-ES Series Thermal Fluid Heaters - Babcock Wanson","description":"O aquecedor de ar EPC-ES da Babcock Wanson \u00e9 um aquecedor alimentado com multipassagem e configura\u00e7\u00e3o vertical. Pode utilizar todos os tipos de combust\u00edveis l\u00edquidos ou gasosos","robots":{"index":"index","follow":"follow","max-snippet":"max-snippet:-1","max-image-preview":"max-image-preview:large","max-video-preview":"max-video-preview:-1"},"canonical":"https:\/\/www.babcock-wanson.com\/pt-pt\/produtos\/caldeiras-de-fluido-termico\/epc-es-serie\/","og_locale":"pt_PT","og_type":"article","og_title":"EPC-ES","og_description":"O aquecedor de ar EPC-ES da Babcock Wanson \u00e9 um aquecedor alimentado com multipassagem e configura\u00e7\u00e3o vertical. Pode utilizar todos os tipos de combust\u00edveis l\u00edquidos ou gasosos","og_url":"https:\/\/www.babcock-wanson.com\/pt-pt\/produtos\/caldeiras-de-fluido-termico\/epc-es-serie\/","og_site_name":"Babcock Wanson","article_modified_time":"2021-01-25T19:14:43+00:00","og_image":[{"width":600,"height":400,"url":"https:\/\/www.babcock-wanson.com\/wp-content\/uploads\/2018\/08\/EPC-ES-Thermal-Fluid-Heater-2.png","type":"image\/png"}],"twitter_card":"summary_large_image","twitter_misc":{"Est. reading time":"1 minuto"},"schema":{"@context":"https:\/\/schema.org","@graph":[{"@type":"WebPage","@id":"https:\/\/www.babcock-wanson.com\/pt-pt\/produtos\/caldeiras-de-fluido-termico\/epc-es-serie\/","url":"https:\/\/www.babcock-wanson.com\/pt-pt\/produtos\/caldeiras-de-fluido-termico\/epc-es-serie\/","name":"EPC-ES Series Thermal Fluid Heaters - Babcock Wanson","isPartOf":{"@id":"https:\/\/www.babcock-wanson.com\/pt-pt\/#website"},"primaryImageOfPage":{"@id":"https:\/\/www.babcock-wanson.com\/pt-pt\/produtos\/caldeiras-de-fluido-termico\/epc-es-serie\/#primaryimage"},"image":{"@id":"https:\/\/www.babcock-wanson.com\/pt-pt\/produtos\/caldeiras-de-fluido-termico\/epc-es-serie\/#primaryimage"},"thumbnailUrl":"https:\/\/www.babcock-wanson.com\/wp-content\/uploads\/2018\/08\/EPC-ES-Thermal-Fluid-Heater-2.png","datePublished":"2018-08-15T10:32:12+00:00","dateModified":"2021-01-25T19:14:43+00:00","description":"O aquecedor de ar EPC-ES da Babcock Wanson \u00e9 um aquecedor alimentado com multipassagem e configura\u00e7\u00e3o vertical. Pode utilizar todos os tipos de combust\u00edveis l\u00edquidos ou gasosos","breadcrumb":{"@id":"https:\/\/www.babcock-wanson.com\/pt-pt\/produtos\/caldeiras-de-fluido-termico\/epc-es-serie\/#breadcrumb"},"inLanguage":"pt-PT","potentialAction":[{"@type":"ReadAction","target":["https:\/\/www.babcock-wanson.com\/pt-pt\/produtos\/caldeiras-de-fluido-termico\/epc-es-serie\/"]}]},{"@type":"ImageObject","inLanguage":"pt-PT","@id":"https:\/\/www.babcock-wanson.com\/pt-pt\/produtos\/caldeiras-de-fluido-termico\/epc-es-serie\/#primaryimage","url":"https:\/\/www.babcock-wanson.com\/wp-content\/uploads\/2018\/08\/EPC-ES-Thermal-Fluid-Heater-2.png","contentUrl":"https:\/\/www.babcock-wanson.com\/wp-content\/uploads\/2018\/08\/EPC-ES-Thermal-Fluid-Heater-2.png","width":600,"height":400,"caption":"Fotografia macro de fa\u00edscas. Excelente imagem de fundo para festa, celebra\u00e7\u00e3o ou tecnologia."},{"@type":"BreadcrumbList","@id":"https:\/\/www.babcock-wanson.com\/pt-pt\/produtos\/caldeiras-de-fluido-termico\/epc-es-serie\/#breadcrumb","itemListElement":[{"@type":"ListItem","position":1,"name":"Inicio","item":"https:\/\/www.babcock-wanson.com\/pt-pt\/"},{"@type":"ListItem","position":2,"name":"Produtos","item":"https:\/\/www.babcock-wanson.com\/pt-pt\/shop\/"},{"@type":"ListItem","position":3,"name":"Caldeiras de fluido t\u00e9rmico","item":"https:\/\/www.babcock-wanson.com\/pt-pt\/categoria-produto\/caldeiras-de-fluido-termico\/"},{"@type":"ListItem","position":4,"name":"EPC-ES"}]},{"@type":"WebSite","@id":"https:\/\/www.babcock-wanson.com\/pt-pt\/#website","url":"https:\/\/www.babcock-wanson.com\/pt-pt\/","name":"Babcock Wanson","description":"","publisher":{"@id":"https:\/\/www.babcock-wanson.com\/pt-pt\/#organization"},"potentialAction":[{"@type":"SearchAction","target":{"@type":"EntryPoint","urlTemplate":"https:\/\/www.babcock-wanson.com\/pt-pt\/?s={search_term_string}"},"query-input":{"@type":"PropertyValueSpecification","valueRequired":true,"valueName":"search_term_string"}}],"inLanguage":"pt-PT"},{"@type":"Organization","@id":"https:\/\/www.babcock-wanson.com\/pt-pt\/#organization","name":"Babcock Wanson","url":"https:\/\/www.babcock-wanson.com\/pt-pt\/","logo":{"@type":"ImageObject","inLanguage":"pt-PT","@id":"https:\/\/www.babcock-wanson.com\/pt-pt\/#\/schema\/logo\/image\/","url":"https:\/\/www.babcock-wanson.com\/wp-content\/uploads\/2024\/02\/Babcock-Wanson-1200x1200-1.png","contentUrl":"https:\/\/www.babcock-wanson.com\/wp-content\/uploads\/2024\/02\/Babcock-Wanson-1200x1200-1.png","width":1200,"height":1200,"caption":"Babcock Wanson"},"image":{"@id":"https:\/\/www.babcock-wanson.com\/pt-pt\/#\/schema\/logo\/image\/"},"sameAs":["https:\/\/www.linkedin.com\/company\/babcock-wanson\/","https:\/\/www.youtube.com\/channel\/UCtxl25VieBBsP2kYmtlyv7A"]}]}},"jetpack_sharing_enabled":true,"_links":{"self":[{"href":"https:\/\/www.babcock-wanson.com\/pt-pt\/wp-json\/wp\/v2\/product\/30994","targetHints":{"allow":["GET"]}}],"collection":[{"href":"https:\/\/www.babcock-wanson.com\/pt-pt\/wp-json\/wp\/v2\/product"}],"about":[{"href":"https:\/\/www.babcock-wanson.com\/pt-pt\/wp-json\/wp\/v2\/types\/product"}],"replies":[{"embeddable":true,"href":"https:\/\/www.babcock-wanson.com\/pt-pt\/wp-json\/wp\/v2\/comments?post=30994"}],"wp:featuredmedia":[{"embeddable":true,"href":"https:\/\/www.babcock-wanson.com\/pt-pt\/wp-json\/wp\/v2\/media\/29727"}],"wp:attachment":[{"href":"https:\/\/www.babcock-wanson.com\/pt-pt\/wp-json\/wp\/v2\/media?parent=30994"}],"wp:term":[{"taxonomy":"product_brand","embeddable":true,"href":"https:\/\/www.babcock-wanson.com\/pt-pt\/wp-json\/wp\/v2\/product_brand?post=30994"},{"taxonomy":"product_cat","embeddable":true,"href":"https:\/\/www.babcock-wanson.com\/pt-pt\/wp-json\/wp\/v2\/product_cat?post=30994"},{"taxonomy":"product_tag","embeddable":true,"href":"https:\/\/www.babcock-wanson.com\/pt-pt\/wp-json\/wp\/v2\/product_tag?post=30994"}],"curies":[{"name":"wp","href":"https:\/\/api.w.org\/{rel}","templated":true}]}}