{"id":30999,"date":"2018-08-15T11:32:09","date_gmt":"2018-08-15T10:32:09","guid":{"rendered":"https:\/\/www.babcock-wanson.com\/products\/sem%20categoria\/epc-h-series\/"},"modified":"2021-01-25T19:15:38","modified_gmt":"2021-01-25T19:15:38","slug":"epc-h","status":"publish","type":"product","link":"https:\/\/www.babcock-wanson.com\/pt-pt\/produtos\/caldeiras-de-fluido-termico\/epc-h\/","title":{"rendered":"EPC-H"},"content":{"rendered":"<div class=\"vgblk-rw-wrapper limit-wrapper\">\r\n<h3>Elevada efici\u00eancia<\/h3>\r\n<p>A c\u00e2mara de combust\u00e3o foi concebida para cargas t\u00e9rmicas baixas e tem uma superf\u00edcie de troca de calor grande, o que resulta numa elevada efici\u00eancia t\u00e9rmica de at\u00e9 92%. O design da troca de calor resulta tamb\u00e9m numa queda de press\u00e3o otimizada do lado do fluido, reduzindo, assim, a necessidade de pot\u00eancia da bomba de circula\u00e7\u00e3o, o que \u00e9 importante para a otimiza\u00e7\u00e3o em sistemas de fluxo elevado.<\/p>\r\n<h3>Funcionamento fi\u00e1vel e simples<\/h3>\r\n<ul>\r\n<li>A EPC-H \u00e9 fornecida pronta para liga\u00e7\u00e3o aos sistemas do circuito de fluido t\u00e9rmico, alimenta\u00e7\u00e3o de combust\u00edvel, pot\u00eancia e escape, permitindo uma instala\u00e7\u00e3o simples e r\u00e1pida.<\/li>\r\n<li>O queimador Babcock Wanson \u00e9 robusto e com provas dadas e foi concebido em paralelo com o design da c\u00e2mara de combust\u00e3o e as passagens dos gases de combust\u00e3o. Com um funcionamento de elevada efici\u00eancia, este design otimizado resulta numa vida \u00fatil prolongada.<\/li>\r\n<li>Apesar do funcionamento com elevada pot\u00eancia, a EPC-H consegue cumprir com os requisitos ambientais mais exigentes relativos \u00e0s emiss\u00f5es de gases de escape.<\/li>\r\n<li>O sistema de monitoriza\u00e7\u00e3o do fluxo integrado na estrutura do aquecedor assegura uma vida \u00fatil do fluido fi\u00e1vel e sem complica\u00e7\u00f5es.<\/li>\r\n<li>A simplicidade de opera\u00e7\u00e3o e manuten\u00e7\u00e3o significa que o EPC-H \u00e9 a escolha ideal para projetos de maior exig\u00eancia e emiss\u00f5es muito baixas.<\/li>\r\n<\/ul>\r\n<h3>Ecol\u00f3gico<\/h3>\r\n<ul>\r\n<li>Fabricado segundo um design com provas dadas, para garantir um consumo de combust\u00edvel reduzido e uma opera\u00e7\u00e3o f\u00e1cil.<\/li>\r\n<li>A quantidade m\u00ednima de refrat\u00e1rios internos traduz-se num funcionamento e numa manuten\u00e7\u00e3o simples ao longo de um per\u00edodo de tempo alargado.<\/li>\r\n<li>Os sistemas de fluido t\u00e9rmico de elevada efici\u00eancia, com fluxo reduzido de gases de escape, oferecem vantagens ambientais substanciais.<\/li>\r\n<\/ul>\r\n<h3>Gama completa de equipamentos auxiliares<\/h3>\r\n<ul>\r\n<li>Fabricado segundo um design com provas dadas, para garantir um consumo de combust\u00edvel reduzido e uma opera\u00e7\u00e3o f\u00e1cil.<\/li>\r\n<li>A quantidade m\u00ednima de refrat\u00e1rios internos traduz-se num funcionamento e numa manuten\u00e7\u00e3o simples ao longo de um per\u00edodo de tempo alargado.<\/li>\r\n<li>Os sistemas de fluido t\u00e9rmico de elevada efici\u00eancia, com fluxo reduzido de gases de escape, oferecem vantagens ambientais substanciais.<\/li>\r\n<\/ul>\r\n<h2>Caracter\u00edsticas<\/h2>\r\n<table>\r\n<tbody>\r\n<tr>\r\n<th>EPC-H<\/th>\r\n<th>Modelo<\/th>\r\n<th>2000<\/th>\r\n<th>3000<\/th>\r\n<th>4000<\/th>\r\n<th>5000<\/th>\r\n<th>6000<\/th>\r\n<th>7000<\/th>\r\n<th>8000<\/th>\r\n<th>10000<\/th>\r\n<th>12000<\/th>\r\n<\/tr>\r\n<tr>\r\n<th rowspan=\"2\">Pot\u00eancia<\/th>\r\n<th>kCal\/hx1000<\/th>\r\n<td>2000<\/td>\r\n<td>3000<\/td>\r\n<td>4000<\/td>\r\n<td>5000<\/td>\r\n<td>6000<\/td>\r\n<td>7000<\/td>\r\n<td>8000<\/td>\r\n<td>10000<\/td>\r\n<td>12000<\/td>\r\n<\/tr>\r\n<tr>\r\n<th>\u00a0<\/th>\r\n<th>Kw<\/th>\r\n<td>2326<\/td>\r\n<td>3488<\/td>\r\n<td>4651<\/td>\r\n<td>5814<\/td>\r\n<td>6977<\/td>\r\n<td>8140<\/td>\r\n<td>9302<\/td>\r\n<td>11628<\/td>\r\n<td>13953<\/td>\r\n<\/tr>\r\n<tr>\r\n<th>Largura<\/th>\r\n<th>mm<\/th>\r\n<td>2368<\/td>\r\n<td>2472<\/td>\r\n<td>2668<\/td>\r\n<td>2768<\/td>\r\n<td>3096<\/td>\r\n<td>3268<\/td>\r\n<td>3268<\/td>\r\n<td>3668<\/td>\r\n<td>3668<\/td>\r\n<\/tr>\r\n<tr>\r\n<th>Comprimento<\/th>\r\n<th>mm<\/th>\r\n<td>5744<\/td>\r\n<td>6557<\/td>\r\n<td>6921<\/td>\r\n<td>7191<\/td>\r\n<td>7391<\/td>\r\n<td>8450<\/td>\r\n<td>9058<\/td>\r\n<td>9595<\/td>\r\n<td>9595<\/td>\r\n<\/tr>\r\n<tr>\r\n<th>Altura<\/th>\r\n<th>mm<\/th>\r\n<td>2413<\/td>\r\n<td>2543<\/td>\r\n<td>2795<\/td>\r\n<td>2901<\/td>\r\n<td>3216<\/td>\r\n<td>3462<\/td>\r\n<td>3512<\/td>\r\n<td>3797<\/td>\r\n<td>4091<\/td>\r\n<\/tr>\r\n<\/tbody>\r\n<\/table>\r\n<\/div><!-- .vgblk-rw-wrapper -->","protected":false},"excerpt":{"rendered":"<p><strong>Pot\u00eancias de 2 000 000 a 12 000 000 kCal\/h (2 326 a 13 953 kW)<\/strong> <br \/>A caldeira EPC-H da Babcock Wanson, caracteriza-se por apresentar m\u00faltiplas passagens horizontais dos gases de combust\u00e3o, de fabrico tubular, concebido para um funcionamento de elevada efici\u00eancia com g\u00e1s natural, GPL, combust\u00edveis l\u00edquidos ligeiros e uma variedade de biocombust\u00edveis especializados. A caldeira EPC-H foi concebido para se adequar a um vasto leque de ind\u00fastrias de transforma\u00e7\u00e3o e ter um funcionamento eficiente, simples, seguro e fi\u00e1vel.<\/p>\n","protected":false},"featured_media":30183,"comment_status":"closed","ping_status":"closed","template":"","meta":{"_acf_changed":false,"_relevanssi_hide_post":"","_relevanssi_hide_content":"","_relevanssi_pin_for_all":"","_relevanssi_pin_keywords":"","_relevanssi_unpin_keywords":"","_relevanssi_related_keywords":"","_relevanssi_related_include_ids":"","_relevanssi_related_exclude_ids":"","_relevanssi_related_no_append":"","_relevanssi_related_not_related":"","_relevanssi_related_posts":"","_relevanssi_noindex_reason":""},"product_brand":[],"product_cat":[5177],"product_tag":[],"class_list":{"0":"post-30999","1":"product","2":"type-product","3":"status-publish","4":"has-post-thumbnail","6":"product_cat-caldeiras-de-fluido-termico","8":"first","9":"instock","10":"shipping-taxable","11":"product-type-simple"},"acf":[],"yoast_head":"<!-- This site is optimized with the Yoast SEO Premium plugin v27.4 (Yoast SEO v27.4) - https:\/\/yoast.com\/product\/yoast-seo-premium-wordpress\/ -->\n<title>EPC-H Series Thermal Fluid Heaters - Babcock Wanson<\/title>\n<meta name=\"description\" content=\"A caldeira EPC-H foi concebida para se adequar a um vasto leque de ind\u00fastrias de transforma\u00e7\u00e3o, tem um funcionamento eficiente, simples, seguro e fi\u00e1vel. Saiba mais aqui\" \/>\n<meta name=\"robots\" content=\"index, follow, max-snippet:-1, max-image-preview:large, max-video-preview:-1\" \/>\n<link rel=\"canonical\" href=\"https:\/\/www.babcock-wanson.com\/pt-pt\/produtos\/caldeiras-de-fluido-termico\/epc-h\/\" \/>\n<meta property=\"og:locale\" content=\"pt_PT\" \/>\n<meta property=\"og:type\" content=\"article\" \/>\n<meta property=\"og:title\" content=\"EPC-H\" \/>\n<meta property=\"og:description\" content=\"A caldeira EPC-H foi concebida para se adequar a um vasto leque de ind\u00fastrias de transforma\u00e7\u00e3o, tem um funcionamento eficiente, simples, seguro e fi\u00e1vel. Saiba mais aqui\" \/>\n<meta property=\"og:url\" content=\"https:\/\/www.babcock-wanson.com\/pt-pt\/produtos\/caldeiras-de-fluido-termico\/epc-h\/\" \/>\n<meta property=\"og:site_name\" content=\"Babcock Wanson\" \/>\n<meta property=\"article:modified_time\" content=\"2021-01-25T19:15:38+00:00\" \/>\n<meta property=\"og:image\" content=\"https:\/\/www.babcock-wanson.com\/wp-content\/uploads\/2018\/08\/EPC-H-Thermal-Fluid-Heater-3.jpg\" \/>\n\t<meta property=\"og:image:width\" content=\"600\" \/>\n\t<meta property=\"og:image:height\" content=\"400\" \/>\n\t<meta property=\"og:image:type\" content=\"image\/jpeg\" \/>\n<meta name=\"twitter:card\" content=\"summary_large_image\" \/>\n<meta name=\"twitter:label1\" content=\"Est. reading time\" \/>\n\t<meta name=\"twitter:data1\" content=\"2 minutos\" \/>\n<script type=\"application\/ld+json\" class=\"yoast-schema-graph\">{\"@context\":\"https:\\\/\\\/schema.org\",\"@graph\":[{\"@type\":\"WebPage\",\"@id\":\"https:\\\/\\\/www.babcock-wanson.com\\\/pt-pt\\\/produtos\\\/caldeiras-de-fluido-termico\\\/epc-h\\\/\",\"url\":\"https:\\\/\\\/www.babcock-wanson.com\\\/pt-pt\\\/produtos\\\/caldeiras-de-fluido-termico\\\/epc-h\\\/\",\"name\":\"EPC-H Series Thermal Fluid Heaters - Babcock Wanson\",\"isPartOf\":{\"@id\":\"https:\\\/\\\/www.babcock-wanson.com\\\/pt-pt\\\/#website\"},\"primaryImageOfPage\":{\"@id\":\"https:\\\/\\\/www.babcock-wanson.com\\\/pt-pt\\\/produtos\\\/caldeiras-de-fluido-termico\\\/epc-h\\\/#primaryimage\"},\"image\":{\"@id\":\"https:\\\/\\\/www.babcock-wanson.com\\\/pt-pt\\\/produtos\\\/caldeiras-de-fluido-termico\\\/epc-h\\\/#primaryimage\"},\"thumbnailUrl\":\"https:\\\/\\\/www.babcock-wanson.com\\\/wp-content\\\/uploads\\\/2018\\\/08\\\/EPC-H-Thermal-Fluid-Heater-3.jpg\",\"datePublished\":\"2018-08-15T10:32:09+00:00\",\"dateModified\":\"2021-01-25T19:15:38+00:00\",\"description\":\"A caldeira EPC-H foi concebida para se adequar a um vasto leque de ind\u00fastrias de transforma\u00e7\u00e3o, tem um funcionamento eficiente, simples, seguro e fi\u00e1vel. Saiba mais aqui\",\"breadcrumb\":{\"@id\":\"https:\\\/\\\/www.babcock-wanson.com\\\/pt-pt\\\/produtos\\\/caldeiras-de-fluido-termico\\\/epc-h\\\/#breadcrumb\"},\"inLanguage\":\"pt-PT\",\"potentialAction\":[{\"@type\":\"ReadAction\",\"target\":[\"https:\\\/\\\/www.babcock-wanson.com\\\/pt-pt\\\/produtos\\\/caldeiras-de-fluido-termico\\\/epc-h\\\/\"]}]},{\"@type\":\"ImageObject\",\"inLanguage\":\"pt-PT\",\"@id\":\"https:\\\/\\\/www.babcock-wanson.com\\\/pt-pt\\\/produtos\\\/caldeiras-de-fluido-termico\\\/epc-h\\\/#primaryimage\",\"url\":\"https:\\\/\\\/www.babcock-wanson.com\\\/wp-content\\\/uploads\\\/2018\\\/08\\\/EPC-H-Thermal-Fluid-Heater-3.jpg\",\"contentUrl\":\"https:\\\/\\\/www.babcock-wanson.com\\\/wp-content\\\/uploads\\\/2018\\\/08\\\/EPC-H-Thermal-Fluid-Heater-3.jpg\",\"width\":600,\"height\":400,\"caption\":\"Sobreposi\u00e7\u00e3o de n\u00e9voa realista de nuvens de fumo de gelo seco perfeita para compor suas fotos. Basta inseri-lo e alterar seu modo de mesclagem para a tela ou adicionar.\"},{\"@type\":\"BreadcrumbList\",\"@id\":\"https:\\\/\\\/www.babcock-wanson.com\\\/pt-pt\\\/produtos\\\/caldeiras-de-fluido-termico\\\/epc-h\\\/#breadcrumb\",\"itemListElement\":[{\"@type\":\"ListItem\",\"position\":1,\"name\":\"Inicio\",\"item\":\"https:\\\/\\\/www.babcock-wanson.com\\\/pt-pt\\\/\"},{\"@type\":\"ListItem\",\"position\":2,\"name\":\"Produtos\",\"item\":\"https:\\\/\\\/www.babcock-wanson.com\\\/pt-pt\\\/shop\\\/\"},{\"@type\":\"ListItem\",\"position\":3,\"name\":\"Caldeiras de fluido t\u00e9rmico\",\"item\":\"https:\\\/\\\/www.babcock-wanson.com\\\/pt-pt\\\/categoria-produto\\\/caldeiras-de-fluido-termico\\\/\"},{\"@type\":\"ListItem\",\"position\":4,\"name\":\"EPC-H\"}]},{\"@type\":\"WebSite\",\"@id\":\"https:\\\/\\\/www.babcock-wanson.com\\\/pt-pt\\\/#website\",\"url\":\"https:\\\/\\\/www.babcock-wanson.com\\\/pt-pt\\\/\",\"name\":\"Babcock Wanson\",\"description\":\"\",\"publisher\":{\"@id\":\"https:\\\/\\\/www.babcock-wanson.com\\\/pt-pt\\\/#organization\"},\"potentialAction\":[{\"@type\":\"SearchAction\",\"target\":{\"@type\":\"EntryPoint\",\"urlTemplate\":\"https:\\\/\\\/www.babcock-wanson.com\\\/pt-pt\\\/?s={search_term_string}\"},\"query-input\":{\"@type\":\"PropertyValueSpecification\",\"valueRequired\":true,\"valueName\":\"search_term_string\"}}],\"inLanguage\":\"pt-PT\"},{\"@type\":\"Organization\",\"@id\":\"https:\\\/\\\/www.babcock-wanson.com\\\/pt-pt\\\/#organization\",\"name\":\"Babcock Wanson\",\"url\":\"https:\\\/\\\/www.babcock-wanson.com\\\/pt-pt\\\/\",\"logo\":{\"@type\":\"ImageObject\",\"inLanguage\":\"pt-PT\",\"@id\":\"https:\\\/\\\/www.babcock-wanson.com\\\/pt-pt\\\/#\\\/schema\\\/logo\\\/image\\\/\",\"url\":\"https:\\\/\\\/www.babcock-wanson.com\\\/wp-content\\\/uploads\\\/2024\\\/02\\\/Babcock-Wanson-1200x1200-1.png\",\"contentUrl\":\"https:\\\/\\\/www.babcock-wanson.com\\\/wp-content\\\/uploads\\\/2024\\\/02\\\/Babcock-Wanson-1200x1200-1.png\",\"width\":1200,\"height\":1200,\"caption\":\"Babcock Wanson\"},\"image\":{\"@id\":\"https:\\\/\\\/www.babcock-wanson.com\\\/pt-pt\\\/#\\\/schema\\\/logo\\\/image\\\/\"},\"sameAs\":[\"https:\\\/\\\/www.linkedin.com\\\/company\\\/babcock-wanson\\\/\",\"https:\\\/\\\/www.youtube.com\\\/channel\\\/UCtxl25VieBBsP2kYmtlyv7A\"]}]}<\/script>\n<!-- \/ Yoast SEO Premium plugin. -->","yoast_head_json":{"title":"EPC-H Series Thermal Fluid Heaters - Babcock Wanson","description":"A caldeira EPC-H foi concebida para se adequar a um vasto leque de ind\u00fastrias de transforma\u00e7\u00e3o, tem um funcionamento eficiente, simples, seguro e fi\u00e1vel. Saiba mais aqui","robots":{"index":"index","follow":"follow","max-snippet":"max-snippet:-1","max-image-preview":"max-image-preview:large","max-video-preview":"max-video-preview:-1"},"canonical":"https:\/\/www.babcock-wanson.com\/pt-pt\/produtos\/caldeiras-de-fluido-termico\/epc-h\/","og_locale":"pt_PT","og_type":"article","og_title":"EPC-H","og_description":"A caldeira EPC-H foi concebida para se adequar a um vasto leque de ind\u00fastrias de transforma\u00e7\u00e3o, tem um funcionamento eficiente, simples, seguro e fi\u00e1vel. Saiba mais aqui","og_url":"https:\/\/www.babcock-wanson.com\/pt-pt\/produtos\/caldeiras-de-fluido-termico\/epc-h\/","og_site_name":"Babcock Wanson","article_modified_time":"2021-01-25T19:15:38+00:00","og_image":[{"width":600,"height":400,"url":"https:\/\/www.babcock-wanson.com\/wp-content\/uploads\/2018\/08\/EPC-H-Thermal-Fluid-Heater-3.jpg","type":"image\/jpeg"}],"twitter_card":"summary_large_image","twitter_misc":{"Est. reading time":"2 minutos"},"schema":{"@context":"https:\/\/schema.org","@graph":[{"@type":"WebPage","@id":"https:\/\/www.babcock-wanson.com\/pt-pt\/produtos\/caldeiras-de-fluido-termico\/epc-h\/","url":"https:\/\/www.babcock-wanson.com\/pt-pt\/produtos\/caldeiras-de-fluido-termico\/epc-h\/","name":"EPC-H Series Thermal Fluid Heaters - Babcock Wanson","isPartOf":{"@id":"https:\/\/www.babcock-wanson.com\/pt-pt\/#website"},"primaryImageOfPage":{"@id":"https:\/\/www.babcock-wanson.com\/pt-pt\/produtos\/caldeiras-de-fluido-termico\/epc-h\/#primaryimage"},"image":{"@id":"https:\/\/www.babcock-wanson.com\/pt-pt\/produtos\/caldeiras-de-fluido-termico\/epc-h\/#primaryimage"},"thumbnailUrl":"https:\/\/www.babcock-wanson.com\/wp-content\/uploads\/2018\/08\/EPC-H-Thermal-Fluid-Heater-3.jpg","datePublished":"2018-08-15T10:32:09+00:00","dateModified":"2021-01-25T19:15:38+00:00","description":"A caldeira EPC-H foi concebida para se adequar a um vasto leque de ind\u00fastrias de transforma\u00e7\u00e3o, tem um funcionamento eficiente, simples, seguro e fi\u00e1vel. Saiba mais aqui","breadcrumb":{"@id":"https:\/\/www.babcock-wanson.com\/pt-pt\/produtos\/caldeiras-de-fluido-termico\/epc-h\/#breadcrumb"},"inLanguage":"pt-PT","potentialAction":[{"@type":"ReadAction","target":["https:\/\/www.babcock-wanson.com\/pt-pt\/produtos\/caldeiras-de-fluido-termico\/epc-h\/"]}]},{"@type":"ImageObject","inLanguage":"pt-PT","@id":"https:\/\/www.babcock-wanson.com\/pt-pt\/produtos\/caldeiras-de-fluido-termico\/epc-h\/#primaryimage","url":"https:\/\/www.babcock-wanson.com\/wp-content\/uploads\/2018\/08\/EPC-H-Thermal-Fluid-Heater-3.jpg","contentUrl":"https:\/\/www.babcock-wanson.com\/wp-content\/uploads\/2018\/08\/EPC-H-Thermal-Fluid-Heater-3.jpg","width":600,"height":400,"caption":"Sobreposi\u00e7\u00e3o de n\u00e9voa realista de nuvens de fumo de gelo seco perfeita para compor suas fotos. Basta inseri-lo e alterar seu modo de mesclagem para a tela ou adicionar."},{"@type":"BreadcrumbList","@id":"https:\/\/www.babcock-wanson.com\/pt-pt\/produtos\/caldeiras-de-fluido-termico\/epc-h\/#breadcrumb","itemListElement":[{"@type":"ListItem","position":1,"name":"Inicio","item":"https:\/\/www.babcock-wanson.com\/pt-pt\/"},{"@type":"ListItem","position":2,"name":"Produtos","item":"https:\/\/www.babcock-wanson.com\/pt-pt\/shop\/"},{"@type":"ListItem","position":3,"name":"Caldeiras de fluido t\u00e9rmico","item":"https:\/\/www.babcock-wanson.com\/pt-pt\/categoria-produto\/caldeiras-de-fluido-termico\/"},{"@type":"ListItem","position":4,"name":"EPC-H"}]},{"@type":"WebSite","@id":"https:\/\/www.babcock-wanson.com\/pt-pt\/#website","url":"https:\/\/www.babcock-wanson.com\/pt-pt\/","name":"Babcock Wanson","description":"","publisher":{"@id":"https:\/\/www.babcock-wanson.com\/pt-pt\/#organization"},"potentialAction":[{"@type":"SearchAction","target":{"@type":"EntryPoint","urlTemplate":"https:\/\/www.babcock-wanson.com\/pt-pt\/?s={search_term_string}"},"query-input":{"@type":"PropertyValueSpecification","valueRequired":true,"valueName":"search_term_string"}}],"inLanguage":"pt-PT"},{"@type":"Organization","@id":"https:\/\/www.babcock-wanson.com\/pt-pt\/#organization","name":"Babcock Wanson","url":"https:\/\/www.babcock-wanson.com\/pt-pt\/","logo":{"@type":"ImageObject","inLanguage":"pt-PT","@id":"https:\/\/www.babcock-wanson.com\/pt-pt\/#\/schema\/logo\/image\/","url":"https:\/\/www.babcock-wanson.com\/wp-content\/uploads\/2024\/02\/Babcock-Wanson-1200x1200-1.png","contentUrl":"https:\/\/www.babcock-wanson.com\/wp-content\/uploads\/2024\/02\/Babcock-Wanson-1200x1200-1.png","width":1200,"height":1200,"caption":"Babcock Wanson"},"image":{"@id":"https:\/\/www.babcock-wanson.com\/pt-pt\/#\/schema\/logo\/image\/"},"sameAs":["https:\/\/www.linkedin.com\/company\/babcock-wanson\/","https:\/\/www.youtube.com\/channel\/UCtxl25VieBBsP2kYmtlyv7A"]}]}},"jetpack_sharing_enabled":true,"_links":{"self":[{"href":"https:\/\/www.babcock-wanson.com\/pt-pt\/wp-json\/wp\/v2\/product\/30999","targetHints":{"allow":["GET"]}}],"collection":[{"href":"https:\/\/www.babcock-wanson.com\/pt-pt\/wp-json\/wp\/v2\/product"}],"about":[{"href":"https:\/\/www.babcock-wanson.com\/pt-pt\/wp-json\/wp\/v2\/types\/product"}],"replies":[{"embeddable":true,"href":"https:\/\/www.babcock-wanson.com\/pt-pt\/wp-json\/wp\/v2\/comments?post=30999"}],"wp:featuredmedia":[{"embeddable":true,"href":"https:\/\/www.babcock-wanson.com\/pt-pt\/wp-json\/wp\/v2\/media\/30183"}],"wp:attachment":[{"href":"https:\/\/www.babcock-wanson.com\/pt-pt\/wp-json\/wp\/v2\/media?parent=30999"}],"wp:term":[{"taxonomy":"product_brand","embeddable":true,"href":"https:\/\/www.babcock-wanson.com\/pt-pt\/wp-json\/wp\/v2\/product_brand?post=30999"},{"taxonomy":"product_cat","embeddable":true,"href":"https:\/\/www.babcock-wanson.com\/pt-pt\/wp-json\/wp\/v2\/product_cat?post=30999"},{"taxonomy":"product_tag","embeddable":true,"href":"https:\/\/www.babcock-wanson.com\/pt-pt\/wp-json\/wp\/v2\/product_tag?post=30999"}],"curies":[{"name":"wp","href":"https:\/\/api.w.org\/{rel}","templated":true}]}}