{"id":31021,"date":"2018-09-19T14:07:31","date_gmt":"2018-09-19T13:07:31","guid":{"rendered":"https:\/\/www.babcock-wanson.com\/products\/sem%20categoria\/economiser\/"},"modified":"2022-01-14T00:14:35","modified_gmt":"2022-01-14T00:14:35","slug":"economiser","status":"publish","type":"product","link":"https:\/\/www.babcock-wanson.com\/pt-pt\/produtos\/sistemas-de-recuperacao\/economiser\/","title":{"rendered":"Economizador de gases de combust\u00e3o"},"content":{"rendered":"<div class=\"vgblk-rw-wrapper limit-wrapper\">\r\n<h3>Calcular o seu ganho de capital<\/h3>\r\n<p>Os economizadores Babcock Wanson podem ser concebidos para funcionar com fornecimentos de g\u00e1s natural fixos ou interruptos, eliminando, assim, a necessidade de sistemas de deriva\u00e7\u00e3o de gases de escape dispendiosos e muitas vezes complexos para a maioria das instala\u00e7\u00f5es.<\/p>\r\n<p>Fabrico: 100% a\u00e7o-carbono ou a\u00e7o inoxid\u00e1vel (consoante o tipo de equipamento)<\/p>\r\n<h3>Condi\u00e7\u00f5es de funcionamento<\/h3>\r\n<ul>\r\n<li>Press\u00e3o de projeto m\u00e1xima da caldeira: geralmente 28 bar.<\/li>\r\n<li>Temperatura m\u00e1xima dos gases de escape: 300 \u00b0C.<\/li>\r\n<li>Para caldeiras a g\u00e1s natural, a temperatura da \u00e1gua de entrada no economizador deve ser \u2265 60 \u00b0C. Isto habitualmente permite um ganho de efici\u00eancia de 5-6%.<\/li>\r\n<li>Para caldeiras a gas\u00f3leo, a temperatura da \u00e1gua de entrada no economizador deve ser \u2265 105 \u00b0C. O ganho de efici\u00eancia \u00e9, habitualmente, de 5%. \u00c9 poss\u00edvel o funcionamento cont\u00ednuo at\u00e9 350 horas; depois disso, pode ser necess\u00e1rio limpar as superf\u00edcies de permuta\u00e7\u00e3o com ar ou vapor.<\/li>\r\n<\/ul>\r\n<p>A Babcock Wanson pode disponibilizar uma garantia de 5 anos para os economizadores, desde que a manuten\u00e7\u00e3o do queimador e o tratamento da \u00e1gua de alimenta\u00e7\u00e3o da caldeira estejam cobertos por um contrato de manuten\u00e7\u00e3o e <a href=\"https:\/\/www.babcock-wanson.com\/pt-pt\/categoria-produto\/tratamento-de-agua-industrial\/\">tratamento de \u00e1gua<\/a> da Babcock Wanson.<\/p>\r\n<h2>Tipos e modelos de montagem<\/h2>\r\n<table>\r\n<tbody>\r\n<tr>\r\n<th>Tipo de economizador<\/th>\r\n<th>Economizador de Gases de Combust\u00e3o, montado na gaveta na parte traseira da caldeira<\/th>\r\n<th>Economizador montado num inv\u00f3lucro, na sa\u00edda dos gases de combust\u00e3o da caldeira<\/th>\r\n<th>Economizador de Gases de Combust\u00e3o em conjunto com um permutador de \u00e1gua de alimenta\u00e7\u00e3o<\/th>\r\n<th>Economizador de Gases de Combust\u00e3o em conjunto com um permutador de gases\/\u00e1gua\/ar de combust\u00e3o<\/th>\r\n<\/tr>\r\n<tr>\r\n<th>Condi\u00e7\u00f5es de aplica\u00e7\u00e3o<\/th>\r\n<td>Apenas g\u00e1s natural<\/td>\r\n<td>G\u00e1s Natural \/ Gas\u00f3leo, Para aplica\u00e7\u00f5es mistas<\/td>\r\n<td>Utiliza\u00e7\u00e3o em conjunto com um Desgasificador T\u00e9rmico e onde exista uma fonte fria, por exemplo, \u00e1gua tratada de entrada, e uma taxa de retorno de condensado &lt;50%<\/td>\r\n<td>Processo com retorno de condensado de 85 a 90%, e uma sa\u00edda de vapor superior a 15 T\/h<\/td>\r\n<\/tr>\r\n<tr>\r\n<th>Ganho de rendimento<\/th>\r\n<td>4 a 5%<\/td>\r\n<td>5 a 6%<\/td>\r\n<td>5 a 6%<\/td>\r\n<td>Dependendo das condi\u00e7\u00f5es de funcionamento<\/td>\r\n<\/tr>\r\n<tr>\r\n<th>Retorno t\u00edpico do investimento *<\/th>\r\n<td>Menos de 1 ano<\/td>\r\n<td>Menos de 1 ano<\/td>\r\n<td>Menos de 3 anos<\/td>\r\n<td>Menos de 3 anos<\/td>\r\n<\/tr>\r\n<\/tbody>\r\n<\/table>\r\n<p>* Este valor depende estritamente das condi\u00e7\u00f5es de funcionamento<\/p>\r\n<\/div><!-- .vgblk-rw-wrapper -->","protected":false},"excerpt":{"rendered":"<p>A poupan\u00e7a e a efici\u00eancia energ\u00e9ticas s\u00e3o fatores cruciais para a ind\u00fastria moderna. Um dos maiores utilizadores de energia numa instala\u00e7\u00e3o de produ\u00e7\u00e3o t\u00edpica \u00e9 a caldeira de vapor, pelo que investir em equipamento de poupan\u00e7a de energia dever\u00e1 ser, invariavelmente, um excelente retorno do investimento.<\/p>\n<p>Valendo-se dos seus vastos conhecimentos em efici\u00eancia energ\u00e9tica e design e <a href=\"https:\/\/www.babcock-wanson.com\/pt-pt\/servicos\/recondicionamento-e-atualizacao\/otimizacao-da-casa-das-caldeiras\/\">otimiza\u00e7\u00e3o de caldeiras<\/a>, a Babcock Wanson disponibiliza um vasto leque de economizadores de gases de escape, perfeitamente adequados \u00e0 caldeira onde s\u00e3o instalados. Normalmente, estes economizadores recuperam calor a partir dos gases de escape para a \u00e1gua de alimenta\u00e7\u00e3o da caldeira, otimizando assim a efici\u00eancia global das instala\u00e7\u00f5es da forma mais compacta e rent\u00e1vel.<\/p>\n<p>Estes economizadores avan\u00e7ados e robustos podem aumentar significativamente a efici\u00eancia das caldeiras, de tal forma que, por vezes, \u00e9 poss\u00edvel recuperar o investimento em apenas um ano. Mais de 400 economizadores Babcock Wanson j\u00e1 foram instalados em caldeiras existentes.<\/p>\n","protected":false},"featured_media":31022,"comment_status":"closed","ping_status":"closed","template":"","meta":{"_acf_changed":false,"_relevanssi_hide_post":"","_relevanssi_hide_content":"","_relevanssi_pin_for_all":"","_relevanssi_pin_keywords":"","_relevanssi_unpin_keywords":"","_relevanssi_related_keywords":"","_relevanssi_related_include_ids":"","_relevanssi_related_exclude_ids":"","_relevanssi_related_no_append":"","_relevanssi_related_not_related":"","_relevanssi_related_posts":"","_relevanssi_noindex_reason":""},"product_brand":[],"product_cat":[5179],"product_tag":[],"class_list":{"0":"post-31021","1":"product","2":"type-product","3":"status-publish","4":"has-post-thumbnail","6":"product_cat-sistemas-de-recuperacao","8":"first","9":"instock","10":"shipping-taxable","11":"product-type-simple"},"acf":[],"yoast_head":"<!-- This site is optimized with the Yoast SEO Premium plugin v27.4 (Yoast SEO v27.4) - https:\/\/yoast.com\/product\/yoast-seo-premium-wordpress\/ -->\n<title>Economizador de gases de combust\u00e3o - Babcock Wanson<\/title>\n<meta name=\"description\" content=\"Os economizadores de gases de combust\u00e3o Babcock Wanson s\u00e3o robustos e aumentam significativamente a efici\u00eancia das caldeiras. Conhe\u00e7a o nossos economizadores aqui\" \/>\n<meta name=\"robots\" content=\"index, follow, max-snippet:-1, max-image-preview:large, max-video-preview:-1\" \/>\n<link rel=\"canonical\" href=\"https:\/\/www.babcock-wanson.com\/pt-pt\/produtos\/sistemas-de-recuperacao\/economiser\/\" \/>\n<meta property=\"og:locale\" content=\"pt_PT\" \/>\n<meta property=\"og:type\" content=\"article\" \/>\n<meta property=\"og:title\" content=\"Economizador de gases de combust\u00e3o\" \/>\n<meta property=\"og:description\" content=\"Os economizadores de gases de combust\u00e3o Babcock Wanson s\u00e3o robustos e aumentam significativamente a efici\u00eancia das caldeiras. Conhe\u00e7a o nossos economizadores aqui\" \/>\n<meta property=\"og:url\" content=\"https:\/\/www.babcock-wanson.com\/pt-pt\/produtos\/sistemas-de-recuperacao\/economiser\/\" \/>\n<meta property=\"og:site_name\" content=\"Babcock Wanson\" \/>\n<meta property=\"article:modified_time\" content=\"2022-01-14T00:14:35+00:00\" \/>\n<meta property=\"og:image\" content=\"https:\/\/www.babcock-wanson.com\/wp-content\/uploads\/2018\/09\/Economiser-2.jpg\" \/>\n\t<meta property=\"og:image:width\" content=\"600\" \/>\n\t<meta property=\"og:image:height\" content=\"400\" \/>\n\t<meta property=\"og:image:type\" content=\"image\/jpeg\" \/>\n<meta name=\"twitter:card\" content=\"summary_large_image\" \/>\n<meta name=\"twitter:label1\" content=\"Est. reading time\" \/>\n\t<meta name=\"twitter:data1\" content=\"2 minutos\" \/>\n<script type=\"application\/ld+json\" class=\"yoast-schema-graph\">{\"@context\":\"https:\\\/\\\/schema.org\",\"@graph\":[{\"@type\":\"WebPage\",\"@id\":\"https:\\\/\\\/www.babcock-wanson.com\\\/pt-pt\\\/produtos\\\/sistemas-de-recuperacao\\\/economiser\\\/\",\"url\":\"https:\\\/\\\/www.babcock-wanson.com\\\/pt-pt\\\/produtos\\\/sistemas-de-recuperacao\\\/economiser\\\/\",\"name\":\"Economizador de gases de combust\u00e3o - Babcock Wanson\",\"isPartOf\":{\"@id\":\"https:\\\/\\\/www.babcock-wanson.com\\\/pt-pt\\\/#website\"},\"primaryImageOfPage\":{\"@id\":\"https:\\\/\\\/www.babcock-wanson.com\\\/pt-pt\\\/produtos\\\/sistemas-de-recuperacao\\\/economiser\\\/#primaryimage\"},\"image\":{\"@id\":\"https:\\\/\\\/www.babcock-wanson.com\\\/pt-pt\\\/produtos\\\/sistemas-de-recuperacao\\\/economiser\\\/#primaryimage\"},\"thumbnailUrl\":\"https:\\\/\\\/www.babcock-wanson.com\\\/wp-content\\\/uploads\\\/2018\\\/09\\\/Economiser-2.jpg\",\"datePublished\":\"2018-09-19T13:07:31+00:00\",\"dateModified\":\"2022-01-14T00:14:35+00:00\",\"description\":\"Os economizadores de gases de combust\u00e3o Babcock Wanson s\u00e3o robustos e aumentam significativamente a efici\u00eancia das caldeiras. Conhe\u00e7a o nossos economizadores aqui\",\"breadcrumb\":{\"@id\":\"https:\\\/\\\/www.babcock-wanson.com\\\/pt-pt\\\/produtos\\\/sistemas-de-recuperacao\\\/economiser\\\/#breadcrumb\"},\"inLanguage\":\"pt-PT\",\"potentialAction\":[{\"@type\":\"ReadAction\",\"target\":[\"https:\\\/\\\/www.babcock-wanson.com\\\/pt-pt\\\/produtos\\\/sistemas-de-recuperacao\\\/economiser\\\/\"]}]},{\"@type\":\"ImageObject\",\"inLanguage\":\"pt-PT\",\"@id\":\"https:\\\/\\\/www.babcock-wanson.com\\\/pt-pt\\\/produtos\\\/sistemas-de-recuperacao\\\/economiser\\\/#primaryimage\",\"url\":\"https:\\\/\\\/www.babcock-wanson.com\\\/wp-content\\\/uploads\\\/2018\\\/09\\\/Economiser-2.jpg\",\"contentUrl\":\"https:\\\/\\\/www.babcock-wanson.com\\\/wp-content\\\/uploads\\\/2018\\\/09\\\/Economiser-2.jpg\",\"width\":600,\"height\":400,\"caption\":\"Economizador de Caldeira a Vapor\"},{\"@type\":\"BreadcrumbList\",\"@id\":\"https:\\\/\\\/www.babcock-wanson.com\\\/pt-pt\\\/produtos\\\/sistemas-de-recuperacao\\\/economiser\\\/#breadcrumb\",\"itemListElement\":[{\"@type\":\"ListItem\",\"position\":1,\"name\":\"Inicio\",\"item\":\"https:\\\/\\\/www.babcock-wanson.com\\\/pt-pt\\\/\"},{\"@type\":\"ListItem\",\"position\":2,\"name\":\"Produtos\",\"item\":\"https:\\\/\\\/www.babcock-wanson.com\\\/pt-pt\\\/shop\\\/\"},{\"@type\":\"ListItem\",\"position\":3,\"name\":\"Sistemas de recupera\u00e7\u00e3o de calor industrial\",\"item\":\"https:\\\/\\\/www.babcock-wanson.com\\\/pt-pt\\\/categoria-produto\\\/sistemas-de-recuperacao\\\/\"},{\"@type\":\"ListItem\",\"position\":4,\"name\":\"Economizador de gases de combust\u00e3o\"}]},{\"@type\":\"WebSite\",\"@id\":\"https:\\\/\\\/www.babcock-wanson.com\\\/pt-pt\\\/#website\",\"url\":\"https:\\\/\\\/www.babcock-wanson.com\\\/pt-pt\\\/\",\"name\":\"Babcock Wanson\",\"description\":\"\",\"publisher\":{\"@id\":\"https:\\\/\\\/www.babcock-wanson.com\\\/pt-pt\\\/#organization\"},\"potentialAction\":[{\"@type\":\"SearchAction\",\"target\":{\"@type\":\"EntryPoint\",\"urlTemplate\":\"https:\\\/\\\/www.babcock-wanson.com\\\/pt-pt\\\/?s={search_term_string}\"},\"query-input\":{\"@type\":\"PropertyValueSpecification\",\"valueRequired\":true,\"valueName\":\"search_term_string\"}}],\"inLanguage\":\"pt-PT\"},{\"@type\":\"Organization\",\"@id\":\"https:\\\/\\\/www.babcock-wanson.com\\\/pt-pt\\\/#organization\",\"name\":\"Babcock Wanson\",\"url\":\"https:\\\/\\\/www.babcock-wanson.com\\\/pt-pt\\\/\",\"logo\":{\"@type\":\"ImageObject\",\"inLanguage\":\"pt-PT\",\"@id\":\"https:\\\/\\\/www.babcock-wanson.com\\\/pt-pt\\\/#\\\/schema\\\/logo\\\/image\\\/\",\"url\":\"https:\\\/\\\/www.babcock-wanson.com\\\/wp-content\\\/uploads\\\/2024\\\/02\\\/Babcock-Wanson-1200x1200-1.png\",\"contentUrl\":\"https:\\\/\\\/www.babcock-wanson.com\\\/wp-content\\\/uploads\\\/2024\\\/02\\\/Babcock-Wanson-1200x1200-1.png\",\"width\":1200,\"height\":1200,\"caption\":\"Babcock Wanson\"},\"image\":{\"@id\":\"https:\\\/\\\/www.babcock-wanson.com\\\/pt-pt\\\/#\\\/schema\\\/logo\\\/image\\\/\"},\"sameAs\":[\"https:\\\/\\\/www.linkedin.com\\\/company\\\/babcock-wanson\\\/\",\"https:\\\/\\\/www.youtube.com\\\/channel\\\/UCtxl25VieBBsP2kYmtlyv7A\"]}]}<\/script>\n<!-- \/ Yoast SEO Premium plugin. -->","yoast_head_json":{"title":"Economizador de gases de combust\u00e3o - Babcock Wanson","description":"Os economizadores de gases de combust\u00e3o Babcock Wanson s\u00e3o robustos e aumentam significativamente a efici\u00eancia das caldeiras. Conhe\u00e7a o nossos economizadores aqui","robots":{"index":"index","follow":"follow","max-snippet":"max-snippet:-1","max-image-preview":"max-image-preview:large","max-video-preview":"max-video-preview:-1"},"canonical":"https:\/\/www.babcock-wanson.com\/pt-pt\/produtos\/sistemas-de-recuperacao\/economiser\/","og_locale":"pt_PT","og_type":"article","og_title":"Economizador de gases de combust\u00e3o","og_description":"Os economizadores de gases de combust\u00e3o Babcock Wanson s\u00e3o robustos e aumentam significativamente a efici\u00eancia das caldeiras. Conhe\u00e7a o nossos economizadores aqui","og_url":"https:\/\/www.babcock-wanson.com\/pt-pt\/produtos\/sistemas-de-recuperacao\/economiser\/","og_site_name":"Babcock Wanson","article_modified_time":"2022-01-14T00:14:35+00:00","og_image":[{"width":600,"height":400,"url":"https:\/\/www.babcock-wanson.com\/wp-content\/uploads\/2018\/09\/Economiser-2.jpg","type":"image\/jpeg"}],"twitter_card":"summary_large_image","twitter_misc":{"Est. reading time":"2 minutos"},"schema":{"@context":"https:\/\/schema.org","@graph":[{"@type":"WebPage","@id":"https:\/\/www.babcock-wanson.com\/pt-pt\/produtos\/sistemas-de-recuperacao\/economiser\/","url":"https:\/\/www.babcock-wanson.com\/pt-pt\/produtos\/sistemas-de-recuperacao\/economiser\/","name":"Economizador de gases de combust\u00e3o - Babcock Wanson","isPartOf":{"@id":"https:\/\/www.babcock-wanson.com\/pt-pt\/#website"},"primaryImageOfPage":{"@id":"https:\/\/www.babcock-wanson.com\/pt-pt\/produtos\/sistemas-de-recuperacao\/economiser\/#primaryimage"},"image":{"@id":"https:\/\/www.babcock-wanson.com\/pt-pt\/produtos\/sistemas-de-recuperacao\/economiser\/#primaryimage"},"thumbnailUrl":"https:\/\/www.babcock-wanson.com\/wp-content\/uploads\/2018\/09\/Economiser-2.jpg","datePublished":"2018-09-19T13:07:31+00:00","dateModified":"2022-01-14T00:14:35+00:00","description":"Os economizadores de gases de combust\u00e3o Babcock Wanson s\u00e3o robustos e aumentam significativamente a efici\u00eancia das caldeiras. Conhe\u00e7a o nossos economizadores aqui","breadcrumb":{"@id":"https:\/\/www.babcock-wanson.com\/pt-pt\/produtos\/sistemas-de-recuperacao\/economiser\/#breadcrumb"},"inLanguage":"pt-PT","potentialAction":[{"@type":"ReadAction","target":["https:\/\/www.babcock-wanson.com\/pt-pt\/produtos\/sistemas-de-recuperacao\/economiser\/"]}]},{"@type":"ImageObject","inLanguage":"pt-PT","@id":"https:\/\/www.babcock-wanson.com\/pt-pt\/produtos\/sistemas-de-recuperacao\/economiser\/#primaryimage","url":"https:\/\/www.babcock-wanson.com\/wp-content\/uploads\/2018\/09\/Economiser-2.jpg","contentUrl":"https:\/\/www.babcock-wanson.com\/wp-content\/uploads\/2018\/09\/Economiser-2.jpg","width":600,"height":400,"caption":"Economizador de Caldeira a Vapor"},{"@type":"BreadcrumbList","@id":"https:\/\/www.babcock-wanson.com\/pt-pt\/produtos\/sistemas-de-recuperacao\/economiser\/#breadcrumb","itemListElement":[{"@type":"ListItem","position":1,"name":"Inicio","item":"https:\/\/www.babcock-wanson.com\/pt-pt\/"},{"@type":"ListItem","position":2,"name":"Produtos","item":"https:\/\/www.babcock-wanson.com\/pt-pt\/shop\/"},{"@type":"ListItem","position":3,"name":"Sistemas de recupera\u00e7\u00e3o de calor industrial","item":"https:\/\/www.babcock-wanson.com\/pt-pt\/categoria-produto\/sistemas-de-recuperacao\/"},{"@type":"ListItem","position":4,"name":"Economizador de gases de combust\u00e3o"}]},{"@type":"WebSite","@id":"https:\/\/www.babcock-wanson.com\/pt-pt\/#website","url":"https:\/\/www.babcock-wanson.com\/pt-pt\/","name":"Babcock Wanson","description":"","publisher":{"@id":"https:\/\/www.babcock-wanson.com\/pt-pt\/#organization"},"potentialAction":[{"@type":"SearchAction","target":{"@type":"EntryPoint","urlTemplate":"https:\/\/www.babcock-wanson.com\/pt-pt\/?s={search_term_string}"},"query-input":{"@type":"PropertyValueSpecification","valueRequired":true,"valueName":"search_term_string"}}],"inLanguage":"pt-PT"},{"@type":"Organization","@id":"https:\/\/www.babcock-wanson.com\/pt-pt\/#organization","name":"Babcock Wanson","url":"https:\/\/www.babcock-wanson.com\/pt-pt\/","logo":{"@type":"ImageObject","inLanguage":"pt-PT","@id":"https:\/\/www.babcock-wanson.com\/pt-pt\/#\/schema\/logo\/image\/","url":"https:\/\/www.babcock-wanson.com\/wp-content\/uploads\/2024\/02\/Babcock-Wanson-1200x1200-1.png","contentUrl":"https:\/\/www.babcock-wanson.com\/wp-content\/uploads\/2024\/02\/Babcock-Wanson-1200x1200-1.png","width":1200,"height":1200,"caption":"Babcock Wanson"},"image":{"@id":"https:\/\/www.babcock-wanson.com\/pt-pt\/#\/schema\/logo\/image\/"},"sameAs":["https:\/\/www.linkedin.com\/company\/babcock-wanson\/","https:\/\/www.youtube.com\/channel\/UCtxl25VieBBsP2kYmtlyv7A"]}]}},"jetpack_sharing_enabled":true,"_links":{"self":[{"href":"https:\/\/www.babcock-wanson.com\/pt-pt\/wp-json\/wp\/v2\/product\/31021","targetHints":{"allow":["GET"]}}],"collection":[{"href":"https:\/\/www.babcock-wanson.com\/pt-pt\/wp-json\/wp\/v2\/product"}],"about":[{"href":"https:\/\/www.babcock-wanson.com\/pt-pt\/wp-json\/wp\/v2\/types\/product"}],"replies":[{"embeddable":true,"href":"https:\/\/www.babcock-wanson.com\/pt-pt\/wp-json\/wp\/v2\/comments?post=31021"}],"wp:featuredmedia":[{"embeddable":true,"href":"https:\/\/www.babcock-wanson.com\/pt-pt\/wp-json\/wp\/v2\/media\/31022"}],"wp:attachment":[{"href":"https:\/\/www.babcock-wanson.com\/pt-pt\/wp-json\/wp\/v2\/media?parent=31021"}],"wp:term":[{"taxonomy":"product_brand","embeddable":true,"href":"https:\/\/www.babcock-wanson.com\/pt-pt\/wp-json\/wp\/v2\/product_brand?post=31021"},{"taxonomy":"product_cat","embeddable":true,"href":"https:\/\/www.babcock-wanson.com\/pt-pt\/wp-json\/wp\/v2\/product_cat?post=31021"},{"taxonomy":"product_tag","embeddable":true,"href":"https:\/\/www.babcock-wanson.com\/pt-pt\/wp-json\/wp\/v2\/product_tag?post=31021"}],"curies":[{"name":"wp","href":"https:\/\/api.w.org\/{rel}","templated":true}]}}