{"id":31028,"date":"2018-09-19T14:07:29","date_gmt":"2018-09-19T13:07:29","guid":{"rendered":"https:\/\/www.babcock-wanson.com\/products\/sem%20categoria\/air-preheating-r-eco\/"},"modified":"2021-01-25T18:19:30","modified_gmt":"2021-01-25T18:19:30","slug":"pre-aquecedor-de-ar-r-eco","status":"publish","type":"product","link":"https:\/\/www.babcock-wanson.com\/pt-pt\/produtos\/sistemas-de-recuperacao\/pre-aquecedor-de-ar-r-eco\/","title":{"rendered":"Pr\u00e9-aquecedor de ar R-Eco"},"content":{"rendered":"<div class=\"vgblk-rw-wrapper limit-wrapper\">\r\n<h3>Princ\u00edpio de funcionamento: economizador de pr\u00e9-aquecimento do ar comburente, com recurso aos gases de combust\u00e3o<\/h3>\r\n<p>As vantagens da instala\u00e7\u00e3o &#8220;R-ECO&#8221; s\u00e3o mais evidentes quando h\u00e1 um retorno de condensados superior a 90%. Uma vez que os condensados de retorno j\u00e1 est\u00e3o a elevada temperatura, tornam-se inadequados para utiliza\u00e7\u00e3o com economizadores de \u00e1gua de alimenta\u00e7\u00e3o cl\u00e1ssicos. Outras condi\u00e7\u00f5es de funcionamento necess\u00e1rias para o bom funcionamento da R-ECO s\u00e3o uma temperatura de entrada dos gases de combust\u00e3o acima de 130 \u00b0C, temperatura de sa\u00edda dos gases de combust\u00e3o \u2248 100 \u00b0C e g\u00e1s natural como combust\u00edvel.<\/p>\r\n<ul>\r\n<li>Fabrico: placa permutadora de alum\u00ednio<\/li>\r\n<li>Caixa: a\u00e7o galvanizado<\/li>\r\n<\/ul>\r\n<h3>Condi\u00e7\u00f5es de funcionamento<\/h3>\r\n<ul>\r\n<li>Nenhuma outra fonte de recupera\u00e7\u00e3o de calor al\u00e9m do ar de combust\u00e3o (por exemplo, no caso de retorno de condensados \u2265 90%)<\/li>\r\n<li>Temperatura de entrada dos gases de combust\u00e3o \u2265 130 \u00b0C<\/li>\r\n<li>Temperatura de sa\u00edda dos gases de combust\u00e3o\u2265 70 \u00b0C<\/li>\r\n<li>Combust\u00edvel: g\u00e1s natural<\/li>\r\n<\/ul>\r\n<ol>\r\n<li>Para uma temperatura da \u00e1gua de alimenta\u00e7\u00e3o da caldeira \u2265 110 \u00b0C, h\u00e1 um ganho de efici\u00eancia aproximado de 2,5%*<\/li>\r\n<li>Para uma temperatura da \u00e1gua de alimenta\u00e7\u00e3o da caldeira \u2265 105 \u00b0C, h\u00e1 um ganho de efici\u00eancia aproximado de 3%*<\/li>\r\n<\/ol>\r\n<p>* Este valor depende estritamente das condi\u00e7\u00f5es de funcionamento<\/p>\r\n<\/div><!-- .vgblk-rw-wrapper -->","protected":false},"excerpt":{"rendered":"<p>A poupan\u00e7a e a efici\u00eancia energ\u00e9ticas s\u00e3o fatores cruciais para a ind\u00fastria moderna. Um dos maiores utilizadores de energia numa instala\u00e7\u00e3o de produ\u00e7\u00e3o t\u00edpica \u00e9 a caldeira. Tendo isto em conta, a Babcock Wanson disponibiliza a solu\u00e7\u00e3o R-ECO, que permite melhorias na efici\u00eancia da caldeira de at\u00e9 98%. O R-Eco \u00e9 uma combina\u00e7\u00e3o de duas tecnologias:<\/p>\n<ol>\n<li>Pr\u00e9-aquecimento do ar de combust\u00e3o, uma tecnologia que por si s\u00f3, aumenta a pot\u00eancia global da caldeira, mas tamb\u00e9m pode aumentar a emiss\u00e3o de \u00f3xidos de azoto (NOx).<\/li>\n<li>Recircula\u00e7\u00e3o dos gases de combust\u00e3o (FGR), que ajuda a reduzir as emiss\u00f5es de NOx nos gases de combust\u00e3o, para garantir o cumprimento dos regulamentos ambientais.<\/li>\n<\/ol>\n","protected":false},"featured_media":31029,"comment_status":"closed","ping_status":"closed","template":"","meta":{"_acf_changed":false,"_relevanssi_hide_post":"","_relevanssi_hide_content":"","_relevanssi_pin_for_all":"","_relevanssi_pin_keywords":"","_relevanssi_unpin_keywords":"","_relevanssi_related_keywords":"","_relevanssi_related_include_ids":"","_relevanssi_related_exclude_ids":"","_relevanssi_related_no_append":"","_relevanssi_related_not_related":"","_relevanssi_related_posts":"","_relevanssi_noindex_reason":""},"product_brand":[],"product_cat":[5179],"product_tag":[],"class_list":{"0":"post-31028","1":"product","2":"type-product","3":"status-publish","4":"has-post-thumbnail","6":"product_cat-sistemas-de-recuperacao","8":"first","9":"instock","10":"shipping-taxable","11":"product-type-simple"},"acf":[],"yoast_head":"<!-- This site is optimized with the Yoast SEO Premium plugin v27.4 (Yoast SEO v27.4) - https:\/\/yoast.com\/product\/yoast-seo-premium-wordpress\/ -->\n<title>Pr\u00e9-aquecedor de ar R-Eco - Babcock Wanson<\/title>\n<meta name=\"description\" content=\"O pr\u00e9-aquecedor de ar R-Eco aumenta a efici\u00eancia global da caldeira at\u00e9 98% e ajuda na redu\u00e7\u00e3o das emiss\u00f5es de Nox para cumprimento dos regulamentos ambientais. Saiba mais aqui\" \/>\n<meta name=\"robots\" content=\"index, follow, max-snippet:-1, max-image-preview:large, max-video-preview:-1\" \/>\n<link rel=\"canonical\" href=\"https:\/\/www.babcock-wanson.com\/pt-pt\/produtos\/sistemas-de-recuperacao\/pre-aquecedor-de-ar-r-eco\/\" \/>\n<meta property=\"og:locale\" content=\"pt_PT\" \/>\n<meta property=\"og:type\" content=\"article\" \/>\n<meta property=\"og:title\" content=\"Pr\u00e9-aquecedor de ar R-Eco\" \/>\n<meta property=\"og:description\" content=\"O pr\u00e9-aquecedor de ar R-Eco aumenta a efici\u00eancia global da caldeira at\u00e9 98% e ajuda na redu\u00e7\u00e3o das emiss\u00f5es de Nox para cumprimento dos regulamentos ambientais. Saiba mais aqui\" \/>\n<meta property=\"og:url\" content=\"https:\/\/www.babcock-wanson.com\/pt-pt\/produtos\/sistemas-de-recuperacao\/pre-aquecedor-de-ar-r-eco\/\" \/>\n<meta property=\"og:site_name\" content=\"Babcock Wanson\" \/>\n<meta property=\"article:modified_time\" content=\"2021-01-25T18:19:30+00:00\" \/>\n<meta property=\"og:image\" content=\"https:\/\/www.babcock-wanson.com\/wp-content\/uploads\/2018\/09\/Air-Heating-R-Eco.png\" \/>\n\t<meta property=\"og:image:width\" content=\"600\" \/>\n\t<meta property=\"og:image:height\" content=\"400\" \/>\n\t<meta property=\"og:image:type\" content=\"image\/png\" \/>\n<meta name=\"twitter:card\" content=\"summary_large_image\" \/>\n<meta name=\"twitter:label1\" content=\"Est. reading time\" \/>\n\t<meta name=\"twitter:data1\" content=\"1 minuto\" \/>\n<script type=\"application\/ld+json\" class=\"yoast-schema-graph\">{\"@context\":\"https:\\\/\\\/schema.org\",\"@graph\":[{\"@type\":\"WebPage\",\"@id\":\"https:\\\/\\\/www.babcock-wanson.com\\\/pt-pt\\\/produtos\\\/sistemas-de-recuperacao\\\/pre-aquecedor-de-ar-r-eco\\\/\",\"url\":\"https:\\\/\\\/www.babcock-wanson.com\\\/pt-pt\\\/produtos\\\/sistemas-de-recuperacao\\\/pre-aquecedor-de-ar-r-eco\\\/\",\"name\":\"Pr\u00e9-aquecedor de ar R-Eco - Babcock Wanson\",\"isPartOf\":{\"@id\":\"https:\\\/\\\/www.babcock-wanson.com\\\/pt-pt\\\/#website\"},\"primaryImageOfPage\":{\"@id\":\"https:\\\/\\\/www.babcock-wanson.com\\\/pt-pt\\\/produtos\\\/sistemas-de-recuperacao\\\/pre-aquecedor-de-ar-r-eco\\\/#primaryimage\"},\"image\":{\"@id\":\"https:\\\/\\\/www.babcock-wanson.com\\\/pt-pt\\\/produtos\\\/sistemas-de-recuperacao\\\/pre-aquecedor-de-ar-r-eco\\\/#primaryimage\"},\"thumbnailUrl\":\"https:\\\/\\\/www.babcock-wanson.com\\\/wp-content\\\/uploads\\\/2018\\\/09\\\/Air-Heating-R-Eco.png\",\"datePublished\":\"2018-09-19T13:07:29+00:00\",\"dateModified\":\"2021-01-25T18:19:30+00:00\",\"description\":\"O pr\u00e9-aquecedor de ar R-Eco aumenta a efici\u00eancia global da caldeira at\u00e9 98% e ajuda na redu\u00e7\u00e3o das emiss\u00f5es de Nox para cumprimento dos regulamentos ambientais. Saiba mais aqui\",\"breadcrumb\":{\"@id\":\"https:\\\/\\\/www.babcock-wanson.com\\\/pt-pt\\\/produtos\\\/sistemas-de-recuperacao\\\/pre-aquecedor-de-ar-r-eco\\\/#breadcrumb\"},\"inLanguage\":\"pt-PT\",\"potentialAction\":[{\"@type\":\"ReadAction\",\"target\":[\"https:\\\/\\\/www.babcock-wanson.com\\\/pt-pt\\\/produtos\\\/sistemas-de-recuperacao\\\/pre-aquecedor-de-ar-r-eco\\\/\"]}]},{\"@type\":\"ImageObject\",\"inLanguage\":\"pt-PT\",\"@id\":\"https:\\\/\\\/www.babcock-wanson.com\\\/pt-pt\\\/produtos\\\/sistemas-de-recuperacao\\\/pre-aquecedor-de-ar-r-eco\\\/#primaryimage\",\"url\":\"https:\\\/\\\/www.babcock-wanson.com\\\/wp-content\\\/uploads\\\/2018\\\/09\\\/Air-Heating-R-Eco.png\",\"contentUrl\":\"https:\\\/\\\/www.babcock-wanson.com\\\/wp-content\\\/uploads\\\/2018\\\/09\\\/Air-Heating-R-Eco.png\",\"width\":600,\"height\":400,\"caption\":\"Pr\u00e9chauffage de l'air R-Eco\"},{\"@type\":\"BreadcrumbList\",\"@id\":\"https:\\\/\\\/www.babcock-wanson.com\\\/pt-pt\\\/produtos\\\/sistemas-de-recuperacao\\\/pre-aquecedor-de-ar-r-eco\\\/#breadcrumb\",\"itemListElement\":[{\"@type\":\"ListItem\",\"position\":1,\"name\":\"Inicio\",\"item\":\"https:\\\/\\\/www.babcock-wanson.com\\\/pt-pt\\\/\"},{\"@type\":\"ListItem\",\"position\":2,\"name\":\"Produtos\",\"item\":\"https:\\\/\\\/www.babcock-wanson.com\\\/pt-pt\\\/shop\\\/\"},{\"@type\":\"ListItem\",\"position\":3,\"name\":\"Sistemas de recupera\u00e7\u00e3o de calor industrial\",\"item\":\"https:\\\/\\\/www.babcock-wanson.com\\\/pt-pt\\\/categoria-produto\\\/sistemas-de-recuperacao\\\/\"},{\"@type\":\"ListItem\",\"position\":4,\"name\":\"Pr\u00e9-aquecedor de ar R-Eco\"}]},{\"@type\":\"WebSite\",\"@id\":\"https:\\\/\\\/www.babcock-wanson.com\\\/pt-pt\\\/#website\",\"url\":\"https:\\\/\\\/www.babcock-wanson.com\\\/pt-pt\\\/\",\"name\":\"Babcock Wanson\",\"description\":\"\",\"publisher\":{\"@id\":\"https:\\\/\\\/www.babcock-wanson.com\\\/pt-pt\\\/#organization\"},\"potentialAction\":[{\"@type\":\"SearchAction\",\"target\":{\"@type\":\"EntryPoint\",\"urlTemplate\":\"https:\\\/\\\/www.babcock-wanson.com\\\/pt-pt\\\/?s={search_term_string}\"},\"query-input\":{\"@type\":\"PropertyValueSpecification\",\"valueRequired\":true,\"valueName\":\"search_term_string\"}}],\"inLanguage\":\"pt-PT\"},{\"@type\":\"Organization\",\"@id\":\"https:\\\/\\\/www.babcock-wanson.com\\\/pt-pt\\\/#organization\",\"name\":\"Babcock Wanson\",\"url\":\"https:\\\/\\\/www.babcock-wanson.com\\\/pt-pt\\\/\",\"logo\":{\"@type\":\"ImageObject\",\"inLanguage\":\"pt-PT\",\"@id\":\"https:\\\/\\\/www.babcock-wanson.com\\\/pt-pt\\\/#\\\/schema\\\/logo\\\/image\\\/\",\"url\":\"https:\\\/\\\/www.babcock-wanson.com\\\/wp-content\\\/uploads\\\/2024\\\/02\\\/Babcock-Wanson-1200x1200-1.png\",\"contentUrl\":\"https:\\\/\\\/www.babcock-wanson.com\\\/wp-content\\\/uploads\\\/2024\\\/02\\\/Babcock-Wanson-1200x1200-1.png\",\"width\":1200,\"height\":1200,\"caption\":\"Babcock Wanson\"},\"image\":{\"@id\":\"https:\\\/\\\/www.babcock-wanson.com\\\/pt-pt\\\/#\\\/schema\\\/logo\\\/image\\\/\"},\"sameAs\":[\"https:\\\/\\\/www.linkedin.com\\\/company\\\/babcock-wanson\\\/\",\"https:\\\/\\\/www.youtube.com\\\/channel\\\/UCtxl25VieBBsP2kYmtlyv7A\"]}]}<\/script>\n<!-- \/ Yoast SEO Premium plugin. -->","yoast_head_json":{"title":"Pr\u00e9-aquecedor de ar R-Eco - Babcock Wanson","description":"O pr\u00e9-aquecedor de ar R-Eco aumenta a efici\u00eancia global da caldeira at\u00e9 98% e ajuda na redu\u00e7\u00e3o das emiss\u00f5es de Nox para cumprimento dos regulamentos ambientais. Saiba mais aqui","robots":{"index":"index","follow":"follow","max-snippet":"max-snippet:-1","max-image-preview":"max-image-preview:large","max-video-preview":"max-video-preview:-1"},"canonical":"https:\/\/www.babcock-wanson.com\/pt-pt\/produtos\/sistemas-de-recuperacao\/pre-aquecedor-de-ar-r-eco\/","og_locale":"pt_PT","og_type":"article","og_title":"Pr\u00e9-aquecedor de ar R-Eco","og_description":"O pr\u00e9-aquecedor de ar R-Eco aumenta a efici\u00eancia global da caldeira at\u00e9 98% e ajuda na redu\u00e7\u00e3o das emiss\u00f5es de Nox para cumprimento dos regulamentos ambientais. Saiba mais aqui","og_url":"https:\/\/www.babcock-wanson.com\/pt-pt\/produtos\/sistemas-de-recuperacao\/pre-aquecedor-de-ar-r-eco\/","og_site_name":"Babcock Wanson","article_modified_time":"2021-01-25T18:19:30+00:00","og_image":[{"width":600,"height":400,"url":"https:\/\/www.babcock-wanson.com\/wp-content\/uploads\/2018\/09\/Air-Heating-R-Eco.png","type":"image\/png"}],"twitter_card":"summary_large_image","twitter_misc":{"Est. reading time":"1 minuto"},"schema":{"@context":"https:\/\/schema.org","@graph":[{"@type":"WebPage","@id":"https:\/\/www.babcock-wanson.com\/pt-pt\/produtos\/sistemas-de-recuperacao\/pre-aquecedor-de-ar-r-eco\/","url":"https:\/\/www.babcock-wanson.com\/pt-pt\/produtos\/sistemas-de-recuperacao\/pre-aquecedor-de-ar-r-eco\/","name":"Pr\u00e9-aquecedor de ar R-Eco - Babcock Wanson","isPartOf":{"@id":"https:\/\/www.babcock-wanson.com\/pt-pt\/#website"},"primaryImageOfPage":{"@id":"https:\/\/www.babcock-wanson.com\/pt-pt\/produtos\/sistemas-de-recuperacao\/pre-aquecedor-de-ar-r-eco\/#primaryimage"},"image":{"@id":"https:\/\/www.babcock-wanson.com\/pt-pt\/produtos\/sistemas-de-recuperacao\/pre-aquecedor-de-ar-r-eco\/#primaryimage"},"thumbnailUrl":"https:\/\/www.babcock-wanson.com\/wp-content\/uploads\/2018\/09\/Air-Heating-R-Eco.png","datePublished":"2018-09-19T13:07:29+00:00","dateModified":"2021-01-25T18:19:30+00:00","description":"O pr\u00e9-aquecedor de ar R-Eco aumenta a efici\u00eancia global da caldeira at\u00e9 98% e ajuda na redu\u00e7\u00e3o das emiss\u00f5es de Nox para cumprimento dos regulamentos ambientais. Saiba mais aqui","breadcrumb":{"@id":"https:\/\/www.babcock-wanson.com\/pt-pt\/produtos\/sistemas-de-recuperacao\/pre-aquecedor-de-ar-r-eco\/#breadcrumb"},"inLanguage":"pt-PT","potentialAction":[{"@type":"ReadAction","target":["https:\/\/www.babcock-wanson.com\/pt-pt\/produtos\/sistemas-de-recuperacao\/pre-aquecedor-de-ar-r-eco\/"]}]},{"@type":"ImageObject","inLanguage":"pt-PT","@id":"https:\/\/www.babcock-wanson.com\/pt-pt\/produtos\/sistemas-de-recuperacao\/pre-aquecedor-de-ar-r-eco\/#primaryimage","url":"https:\/\/www.babcock-wanson.com\/wp-content\/uploads\/2018\/09\/Air-Heating-R-Eco.png","contentUrl":"https:\/\/www.babcock-wanson.com\/wp-content\/uploads\/2018\/09\/Air-Heating-R-Eco.png","width":600,"height":400,"caption":"Pr\u00e9chauffage de l'air R-Eco"},{"@type":"BreadcrumbList","@id":"https:\/\/www.babcock-wanson.com\/pt-pt\/produtos\/sistemas-de-recuperacao\/pre-aquecedor-de-ar-r-eco\/#breadcrumb","itemListElement":[{"@type":"ListItem","position":1,"name":"Inicio","item":"https:\/\/www.babcock-wanson.com\/pt-pt\/"},{"@type":"ListItem","position":2,"name":"Produtos","item":"https:\/\/www.babcock-wanson.com\/pt-pt\/shop\/"},{"@type":"ListItem","position":3,"name":"Sistemas de recupera\u00e7\u00e3o de calor industrial","item":"https:\/\/www.babcock-wanson.com\/pt-pt\/categoria-produto\/sistemas-de-recuperacao\/"},{"@type":"ListItem","position":4,"name":"Pr\u00e9-aquecedor de ar R-Eco"}]},{"@type":"WebSite","@id":"https:\/\/www.babcock-wanson.com\/pt-pt\/#website","url":"https:\/\/www.babcock-wanson.com\/pt-pt\/","name":"Babcock Wanson","description":"","publisher":{"@id":"https:\/\/www.babcock-wanson.com\/pt-pt\/#organization"},"potentialAction":[{"@type":"SearchAction","target":{"@type":"EntryPoint","urlTemplate":"https:\/\/www.babcock-wanson.com\/pt-pt\/?s={search_term_string}"},"query-input":{"@type":"PropertyValueSpecification","valueRequired":true,"valueName":"search_term_string"}}],"inLanguage":"pt-PT"},{"@type":"Organization","@id":"https:\/\/www.babcock-wanson.com\/pt-pt\/#organization","name":"Babcock Wanson","url":"https:\/\/www.babcock-wanson.com\/pt-pt\/","logo":{"@type":"ImageObject","inLanguage":"pt-PT","@id":"https:\/\/www.babcock-wanson.com\/pt-pt\/#\/schema\/logo\/image\/","url":"https:\/\/www.babcock-wanson.com\/wp-content\/uploads\/2024\/02\/Babcock-Wanson-1200x1200-1.png","contentUrl":"https:\/\/www.babcock-wanson.com\/wp-content\/uploads\/2024\/02\/Babcock-Wanson-1200x1200-1.png","width":1200,"height":1200,"caption":"Babcock Wanson"},"image":{"@id":"https:\/\/www.babcock-wanson.com\/pt-pt\/#\/schema\/logo\/image\/"},"sameAs":["https:\/\/www.linkedin.com\/company\/babcock-wanson\/","https:\/\/www.youtube.com\/channel\/UCtxl25VieBBsP2kYmtlyv7A"]}]}},"jetpack_sharing_enabled":true,"_links":{"self":[{"href":"https:\/\/www.babcock-wanson.com\/pt-pt\/wp-json\/wp\/v2\/product\/31028","targetHints":{"allow":["GET"]}}],"collection":[{"href":"https:\/\/www.babcock-wanson.com\/pt-pt\/wp-json\/wp\/v2\/product"}],"about":[{"href":"https:\/\/www.babcock-wanson.com\/pt-pt\/wp-json\/wp\/v2\/types\/product"}],"replies":[{"embeddable":true,"href":"https:\/\/www.babcock-wanson.com\/pt-pt\/wp-json\/wp\/v2\/comments?post=31028"}],"wp:featuredmedia":[{"embeddable":true,"href":"https:\/\/www.babcock-wanson.com\/pt-pt\/wp-json\/wp\/v2\/media\/31029"}],"wp:attachment":[{"href":"https:\/\/www.babcock-wanson.com\/pt-pt\/wp-json\/wp\/v2\/media?parent=31028"}],"wp:term":[{"taxonomy":"product_brand","embeddable":true,"href":"https:\/\/www.babcock-wanson.com\/pt-pt\/wp-json\/wp\/v2\/product_brand?post=31028"},{"taxonomy":"product_cat","embeddable":true,"href":"https:\/\/www.babcock-wanson.com\/pt-pt\/wp-json\/wp\/v2\/product_cat?post=31028"},{"taxonomy":"product_tag","embeddable":true,"href":"https:\/\/www.babcock-wanson.com\/pt-pt\/wp-json\/wp\/v2\/product_tag?post=31028"}],"curies":[{"name":"wp","href":"https:\/\/api.w.org\/{rel}","templated":true}]}}