{"id":31039,"date":"2018-08-15T11:34:43","date_gmt":"2018-08-15T10:34:43","guid":{"rendered":"https:\/\/www.babcock-wanson.com\/products\/sem%20categoria\/heb-series\/"},"modified":"2022-01-13T23:03:31","modified_gmt":"2022-01-13T23:03:31","slug":"heb","status":"publish","type":"product","link":"https:\/\/www.babcock-wanson.com\/pt-pt\/produtos\/caldeiras-de-agua-quente-industrial\/heb\/","title":{"rendered":"HEB"},"content":{"rendered":"<div class=\"vgblk-rw-wrapper limit-wrapper\">\r\n<h3>Elevada efici\u00eancia<\/h3>\r\n<ul>\r\n<li>O sistema de controlo totalmente integrado e testado de f\u00e1brica assegura um funcionamento de elevada efici\u00eancia.<\/li>\r\n<li>A constru\u00e7\u00e3o inovadora e com provas dadas garante a robustez do equipamento.<\/li>\r\n<li>O design da s\u00e9rie HEB permite uma elevada efici\u00eancia global, correspondente a cerca de 96% no ciclo normal e na forma padr\u00e3o.<\/li>\r\n<\/ul>\r\n<h3>Funcionamento fi\u00e1vel e simples<\/h3>\r\n<ul>\r\n<li>A combina\u00e7\u00e3o perfeita da caldeira\/queimador permite uma instala\u00e7\u00e3o simples no local.<\/li>\r\n<li>A Babcock Wanson disponibiliza um pacote completo: caldeira, isolamento e revestimento, conjunto de queimador e trem de combust\u00edvel, painel de controlo multifun\u00e7\u00f5es e servi\u00e7o completo de coloca\u00e7\u00e3o em funcionamento e p\u00f3s-venda.<\/li>\r\n<li>Op\u00e7\u00e3o de montagem completa com todos os suportes, para minimizar o tempo de instala\u00e7\u00e3o no local.<\/li>\r\n<li>O acesso total \u00e0 fornalha sem necessidade de desmontar o queimador assegura a manuten\u00e7\u00e3o simples no local e um tempo de inatividade m\u00ednimo.<\/li>\r\n<\/ul>\r\n<h3>Ecol\u00f3gico<\/h3>\r\n<ul>\r\n<li>O queimador Babcock Wanson perfeitamente combinado assegura baixas emiss\u00f5es e a elevada efici\u00eancia da combust\u00e3o, o que significa baixas emiss\u00f5es globais.<\/li>\r\n<li>A caldeira de \u00e1gua quente HEB de elevada efici\u00eancia garante vantagens ambientais substanciais e cumpre com todas as normas de emiss\u00f5es.<\/li>\r\n<\/ul>\r\n<\/div><!-- .vgblk-rw-wrapper -->","protected":false},"excerpt":{"rendered":"<p><strong>De 90 a 2 300 kW<br \/><\/strong>A caldeira de \u00e1gua quente HEB da Babcock Wanson \u00e9 uma unidade de elevada efici\u00eancia, concebida sobretudo para aplica\u00e7\u00f5es de aquecimento de processos a temperaturas mais baixas. Com 18 modelos a fornecerem pot\u00eancias de calor entre 90 e 2 300 kW e com press\u00f5es de funcionamento m\u00e1ximas entre 5 e 6 barg, a s\u00e9rie HEB foi concebida para funcionar numa ampla variedade de aplica\u00e7\u00f5es industriais.<\/p>\n<p>A s\u00e9rie HEB fornece uma temperatura de sa\u00edda m\u00e1xima da \u00e1gua de 100 \u00b0C e, muitas vezes, \u00e9 equipada com um queimador de modula\u00e7\u00e3o total, para oferecer um controlo muito preciso da temperatura da \u00e1gua do processo.<\/p>\n<p>Na s\u00e9rie HEB, a configura\u00e7\u00e3o da c\u00e2mara de combust\u00e3o e das superf\u00edcies de troca de calor foi completamente otimizada, para se adequar \u00e0 geometria da chama do queimador correspondente. O queimador HEB suporta diversos tipos de combust\u00edveis gasosos, l\u00edquidos ligeiros, bifuel e\/ou biog\u00e1s.<\/p>\n","protected":false},"featured_media":30352,"comment_status":"closed","ping_status":"closed","template":"","meta":{"_acf_changed":false,"_relevanssi_hide_post":"","_relevanssi_hide_content":"","_relevanssi_pin_for_all":"","_relevanssi_pin_keywords":"","_relevanssi_unpin_keywords":"","_relevanssi_related_keywords":"","_relevanssi_related_include_ids":"","_relevanssi_related_exclude_ids":"","_relevanssi_related_no_append":"","_relevanssi_related_not_related":"","_relevanssi_related_posts":"","_relevanssi_noindex_reason":""},"product_brand":[],"product_cat":[5178],"product_tag":[],"class_list":{"0":"post-31039","1":"product","2":"type-product","3":"status-publish","4":"has-post-thumbnail","6":"product_cat-caldeiras-de-agua-quente-industrial","8":"first","9":"instock","10":"shipping-taxable","11":"product-type-simple"},"acf":[],"yoast_head":"<!-- This site is optimized with the Yoast SEO Premium plugin v27.1 (Yoast SEO v27.1.1) - https:\/\/yoast.com\/product\/yoast-seo-premium-wordpress\/ -->\n<title>caldeira de \u00e1gua quente HEB<\/title>\n<meta name=\"description\" content=\"A caldeira de \u00e1gua quente HEB da Babcock Wanson \u00e9 uma unidade de elevada efici\u00eancia para aplica\u00e7\u00f5es de aquecimento de processos a temperaturas mais baixas. Saiba mais aqui\" \/>\n<meta name=\"robots\" content=\"index, follow, max-snippet:-1, max-image-preview:large, max-video-preview:-1\" \/>\n<link rel=\"canonical\" href=\"https:\/\/www.babcock-wanson.com\/pt-pt\/produtos\/caldeiras-de-agua-quente-industrial\/heb\/\" \/>\n<meta property=\"og:locale\" content=\"pt_PT\" \/>\n<meta property=\"og:type\" content=\"article\" \/>\n<meta property=\"og:title\" content=\"HEB\" \/>\n<meta property=\"og:description\" content=\"A caldeira de \u00e1gua quente HEB da Babcock Wanson \u00e9 uma unidade de elevada efici\u00eancia para aplica\u00e7\u00f5es de aquecimento de processos a temperaturas mais baixas. Saiba mais aqui\" \/>\n<meta property=\"og:url\" content=\"https:\/\/www.babcock-wanson.com\/pt-pt\/produtos\/caldeiras-de-agua-quente-industrial\/heb\/\" \/>\n<meta property=\"og:site_name\" content=\"Babcock Wanson\" \/>\n<meta property=\"article:modified_time\" content=\"2022-01-13T23:03:31+00:00\" \/>\n<meta property=\"og:image\" content=\"https:\/\/www.babcock-wanson.com\/wp-content\/uploads\/2018\/08\/HEB-Hot-Water-Boiler-1.jpg\" \/>\n\t<meta property=\"og:image:width\" content=\"600\" \/>\n\t<meta property=\"og:image:height\" content=\"400\" \/>\n\t<meta property=\"og:image:type\" content=\"image\/jpeg\" \/>\n<meta name=\"twitter:card\" content=\"summary_large_image\" \/>\n<meta name=\"twitter:label1\" content=\"Est. reading time\" \/>\n\t<meta name=\"twitter:data1\" content=\"1 minuto\" \/>\n<script type=\"application\/ld+json\" class=\"yoast-schema-graph\">{\"@context\":\"https:\/\/schema.org\",\"@graph\":[{\"@type\":\"WebPage\",\"@id\":\"https:\/\/www.babcock-wanson.com\/pt-pt\/produtos\/caldeiras-de-agua-quente-industrial\/heb\/\",\"url\":\"https:\/\/www.babcock-wanson.com\/pt-pt\/produtos\/caldeiras-de-agua-quente-industrial\/heb\/\",\"name\":\"caldeira de \u00e1gua quente HEB\",\"isPartOf\":{\"@id\":\"https:\/\/www.babcock-wanson.com\/pt-pt\/#website\"},\"primaryImageOfPage\":{\"@id\":\"https:\/\/www.babcock-wanson.com\/pt-pt\/produtos\/caldeiras-de-agua-quente-industrial\/heb\/#primaryimage\"},\"image\":{\"@id\":\"https:\/\/www.babcock-wanson.com\/pt-pt\/produtos\/caldeiras-de-agua-quente-industrial\/heb\/#primaryimage\"},\"thumbnailUrl\":\"https:\/\/www.babcock-wanson.com\/wp-content\/uploads\/2018\/08\/HEB-Hot-Water-Boiler-1.jpg\",\"datePublished\":\"2018-08-15T10:34:43+00:00\",\"dateModified\":\"2022-01-13T23:03:31+00:00\",\"description\":\"A caldeira de \u00e1gua quente HEB da Babcock Wanson \u00e9 uma unidade de elevada efici\u00eancia para aplica\u00e7\u00f5es de aquecimento de processos a temperaturas mais baixas. Saiba mais aqui\",\"breadcrumb\":{\"@id\":\"https:\/\/www.babcock-wanson.com\/pt-pt\/produtos\/caldeiras-de-agua-quente-industrial\/heb\/#breadcrumb\"},\"inLanguage\":\"pt-PT\",\"potentialAction\":[{\"@type\":\"ReadAction\",\"target\":[\"https:\/\/www.babcock-wanson.com\/pt-pt\/produtos\/caldeiras-de-agua-quente-industrial\/heb\/\"]}]},{\"@type\":\"ImageObject\",\"inLanguage\":\"pt-PT\",\"@id\":\"https:\/\/www.babcock-wanson.com\/pt-pt\/produtos\/caldeiras-de-agua-quente-industrial\/heb\/#primaryimage\",\"url\":\"https:\/\/www.babcock-wanson.com\/wp-content\/uploads\/2018\/08\/HEB-Hot-Water-Boiler-1.jpg\",\"contentUrl\":\"https:\/\/www.babcock-wanson.com\/wp-content\/uploads\/2018\/08\/HEB-Hot-Water-Boiler-1.jpg\",\"width\":600,\"height\":400,\"caption\":\"Caldeiras de \u00e1gua quente HEB\"},{\"@type\":\"BreadcrumbList\",\"@id\":\"https:\/\/www.babcock-wanson.com\/pt-pt\/produtos\/caldeiras-de-agua-quente-industrial\/heb\/#breadcrumb\",\"itemListElement\":[{\"@type\":\"ListItem\",\"position\":1,\"name\":\"Inicio\",\"item\":\"https:\/\/www.babcock-wanson.com\/pt-pt\/\"},{\"@type\":\"ListItem\",\"position\":2,\"name\":\"Produtos\",\"item\":\"https:\/\/www.babcock-wanson.com\/pt-pt\/shop\/\"},{\"@type\":\"ListItem\",\"position\":3,\"name\":\"Caldeiras de \u00e1gua quente industrial\",\"item\":\"https:\/\/www.babcock-wanson.com\/pt-pt\/categoria-produto\/caldeiras-de-agua-quente-industrial\/\"},{\"@type\":\"ListItem\",\"position\":4,\"name\":\"HEB\"}]},{\"@type\":\"WebSite\",\"@id\":\"https:\/\/www.babcock-wanson.com\/pt-pt\/#website\",\"url\":\"https:\/\/www.babcock-wanson.com\/pt-pt\/\",\"name\":\"Babcock Wanson\",\"description\":\"\",\"publisher\":{\"@id\":\"https:\/\/www.babcock-wanson.com\/pt-pt\/#organization\"},\"potentialAction\":[{\"@type\":\"SearchAction\",\"target\":{\"@type\":\"EntryPoint\",\"urlTemplate\":\"https:\/\/www.babcock-wanson.com\/pt-pt\/?s={search_term_string}\"},\"query-input\":{\"@type\":\"PropertyValueSpecification\",\"valueRequired\":true,\"valueName\":\"search_term_string\"}}],\"inLanguage\":\"pt-PT\"},{\"@type\":\"Organization\",\"@id\":\"https:\/\/www.babcock-wanson.com\/pt-pt\/#organization\",\"name\":\"Babcock Wanson\",\"url\":\"https:\/\/www.babcock-wanson.com\/pt-pt\/\",\"logo\":{\"@type\":\"ImageObject\",\"inLanguage\":\"pt-PT\",\"@id\":\"https:\/\/www.babcock-wanson.com\/pt-pt\/#\/schema\/logo\/image\/\",\"url\":\"https:\/\/www.babcock-wanson.com\/wp-content\/uploads\/2024\/02\/Babcock-Wanson-1200x1200-1.png\",\"contentUrl\":\"https:\/\/www.babcock-wanson.com\/wp-content\/uploads\/2024\/02\/Babcock-Wanson-1200x1200-1.png\",\"width\":1200,\"height\":1200,\"caption\":\"Babcock Wanson\"},\"image\":{\"@id\":\"https:\/\/www.babcock-wanson.com\/pt-pt\/#\/schema\/logo\/image\/\"},\"sameAs\":[\"https:\/\/www.linkedin.com\/company\/babcock-wanson\/\",\"https:\/\/www.youtube.com\/channel\/UCtxl25VieBBsP2kYmtlyv7A\"]}]}<\/script>\n<!-- \/ Yoast SEO Premium plugin. -->","yoast_head_json":{"title":"caldeira de \u00e1gua quente HEB","description":"A caldeira de \u00e1gua quente HEB da Babcock Wanson \u00e9 uma unidade de elevada efici\u00eancia para aplica\u00e7\u00f5es de aquecimento de processos a temperaturas mais baixas. Saiba mais aqui","robots":{"index":"index","follow":"follow","max-snippet":"max-snippet:-1","max-image-preview":"max-image-preview:large","max-video-preview":"max-video-preview:-1"},"canonical":"https:\/\/www.babcock-wanson.com\/pt-pt\/produtos\/caldeiras-de-agua-quente-industrial\/heb\/","og_locale":"pt_PT","og_type":"article","og_title":"HEB","og_description":"A caldeira de \u00e1gua quente HEB da Babcock Wanson \u00e9 uma unidade de elevada efici\u00eancia para aplica\u00e7\u00f5es de aquecimento de processos a temperaturas mais baixas. Saiba mais aqui","og_url":"https:\/\/www.babcock-wanson.com\/pt-pt\/produtos\/caldeiras-de-agua-quente-industrial\/heb\/","og_site_name":"Babcock Wanson","article_modified_time":"2022-01-13T23:03:31+00:00","og_image":[{"width":600,"height":400,"url":"https:\/\/www.babcock-wanson.com\/wp-content\/uploads\/2018\/08\/HEB-Hot-Water-Boiler-1.jpg","type":"image\/jpeg"}],"twitter_card":"summary_large_image","twitter_misc":{"Est. reading time":"1 minuto"},"schema":{"@context":"https:\/\/schema.org","@graph":[{"@type":"WebPage","@id":"https:\/\/www.babcock-wanson.com\/pt-pt\/produtos\/caldeiras-de-agua-quente-industrial\/heb\/","url":"https:\/\/www.babcock-wanson.com\/pt-pt\/produtos\/caldeiras-de-agua-quente-industrial\/heb\/","name":"caldeira de \u00e1gua quente HEB","isPartOf":{"@id":"https:\/\/www.babcock-wanson.com\/pt-pt\/#website"},"primaryImageOfPage":{"@id":"https:\/\/www.babcock-wanson.com\/pt-pt\/produtos\/caldeiras-de-agua-quente-industrial\/heb\/#primaryimage"},"image":{"@id":"https:\/\/www.babcock-wanson.com\/pt-pt\/produtos\/caldeiras-de-agua-quente-industrial\/heb\/#primaryimage"},"thumbnailUrl":"https:\/\/www.babcock-wanson.com\/wp-content\/uploads\/2018\/08\/HEB-Hot-Water-Boiler-1.jpg","datePublished":"2018-08-15T10:34:43+00:00","dateModified":"2022-01-13T23:03:31+00:00","description":"A caldeira de \u00e1gua quente HEB da Babcock Wanson \u00e9 uma unidade de elevada efici\u00eancia para aplica\u00e7\u00f5es de aquecimento de processos a temperaturas mais baixas. Saiba mais aqui","breadcrumb":{"@id":"https:\/\/www.babcock-wanson.com\/pt-pt\/produtos\/caldeiras-de-agua-quente-industrial\/heb\/#breadcrumb"},"inLanguage":"pt-PT","potentialAction":[{"@type":"ReadAction","target":["https:\/\/www.babcock-wanson.com\/pt-pt\/produtos\/caldeiras-de-agua-quente-industrial\/heb\/"]}]},{"@type":"ImageObject","inLanguage":"pt-PT","@id":"https:\/\/www.babcock-wanson.com\/pt-pt\/produtos\/caldeiras-de-agua-quente-industrial\/heb\/#primaryimage","url":"https:\/\/www.babcock-wanson.com\/wp-content\/uploads\/2018\/08\/HEB-Hot-Water-Boiler-1.jpg","contentUrl":"https:\/\/www.babcock-wanson.com\/wp-content\/uploads\/2018\/08\/HEB-Hot-Water-Boiler-1.jpg","width":600,"height":400,"caption":"Caldeiras de \u00e1gua quente HEB"},{"@type":"BreadcrumbList","@id":"https:\/\/www.babcock-wanson.com\/pt-pt\/produtos\/caldeiras-de-agua-quente-industrial\/heb\/#breadcrumb","itemListElement":[{"@type":"ListItem","position":1,"name":"Inicio","item":"https:\/\/www.babcock-wanson.com\/pt-pt\/"},{"@type":"ListItem","position":2,"name":"Produtos","item":"https:\/\/www.babcock-wanson.com\/pt-pt\/shop\/"},{"@type":"ListItem","position":3,"name":"Caldeiras de \u00e1gua quente industrial","item":"https:\/\/www.babcock-wanson.com\/pt-pt\/categoria-produto\/caldeiras-de-agua-quente-industrial\/"},{"@type":"ListItem","position":4,"name":"HEB"}]},{"@type":"WebSite","@id":"https:\/\/www.babcock-wanson.com\/pt-pt\/#website","url":"https:\/\/www.babcock-wanson.com\/pt-pt\/","name":"Babcock Wanson","description":"","publisher":{"@id":"https:\/\/www.babcock-wanson.com\/pt-pt\/#organization"},"potentialAction":[{"@type":"SearchAction","target":{"@type":"EntryPoint","urlTemplate":"https:\/\/www.babcock-wanson.com\/pt-pt\/?s={search_term_string}"},"query-input":{"@type":"PropertyValueSpecification","valueRequired":true,"valueName":"search_term_string"}}],"inLanguage":"pt-PT"},{"@type":"Organization","@id":"https:\/\/www.babcock-wanson.com\/pt-pt\/#organization","name":"Babcock Wanson","url":"https:\/\/www.babcock-wanson.com\/pt-pt\/","logo":{"@type":"ImageObject","inLanguage":"pt-PT","@id":"https:\/\/www.babcock-wanson.com\/pt-pt\/#\/schema\/logo\/image\/","url":"https:\/\/www.babcock-wanson.com\/wp-content\/uploads\/2024\/02\/Babcock-Wanson-1200x1200-1.png","contentUrl":"https:\/\/www.babcock-wanson.com\/wp-content\/uploads\/2024\/02\/Babcock-Wanson-1200x1200-1.png","width":1200,"height":1200,"caption":"Babcock Wanson"},"image":{"@id":"https:\/\/www.babcock-wanson.com\/pt-pt\/#\/schema\/logo\/image\/"},"sameAs":["https:\/\/www.linkedin.com\/company\/babcock-wanson\/","https:\/\/www.youtube.com\/channel\/UCtxl25VieBBsP2kYmtlyv7A"]}]}},"jetpack_sharing_enabled":true,"_links":{"self":[{"href":"https:\/\/www.babcock-wanson.com\/pt-pt\/wp-json\/wp\/v2\/product\/31039","targetHints":{"allow":["GET"]}}],"collection":[{"href":"https:\/\/www.babcock-wanson.com\/pt-pt\/wp-json\/wp\/v2\/product"}],"about":[{"href":"https:\/\/www.babcock-wanson.com\/pt-pt\/wp-json\/wp\/v2\/types\/product"}],"replies":[{"embeddable":true,"href":"https:\/\/www.babcock-wanson.com\/pt-pt\/wp-json\/wp\/v2\/comments?post=31039"}],"wp:featuredmedia":[{"embeddable":true,"href":"https:\/\/www.babcock-wanson.com\/pt-pt\/wp-json\/wp\/v2\/media\/30352"}],"wp:attachment":[{"href":"https:\/\/www.babcock-wanson.com\/pt-pt\/wp-json\/wp\/v2\/media?parent=31039"}],"wp:term":[{"taxonomy":"product_brand","embeddable":true,"href":"https:\/\/www.babcock-wanson.com\/pt-pt\/wp-json\/wp\/v2\/product_brand?post=31039"},{"taxonomy":"product_cat","embeddable":true,"href":"https:\/\/www.babcock-wanson.com\/pt-pt\/wp-json\/wp\/v2\/product_cat?post=31039"},{"taxonomy":"product_tag","embeddable":true,"href":"https:\/\/www.babcock-wanson.com\/pt-pt\/wp-json\/wp\/v2\/product_tag?post=31039"}],"curies":[{"name":"wp","href":"https:\/\/api.w.org\/{rel}","templated":true}]}}