{"id":31049,"date":"2018-08-15T11:34:35","date_gmt":"2018-08-15T10:34:35","guid":{"rendered":"https:\/\/www.babcock-wanson.com\/products\/sem%20categoria\/tpc-as-series\/"},"modified":"2021-08-09T17:21:07","modified_gmt":"2021-08-09T16:21:07","slug":"tpc-as","status":"publish","type":"product","link":"https:\/\/www.babcock-wanson.com\/pt-pt\/produtos\/caldeiras-de-agua-quente-industrial\/tpc-as\/","title":{"rendered":"TPC-AS"},"content":{"rendered":"<div class=\"vgblk-rw-wrapper limit-wrapper\">\r\n<h3>Caldeira de \u00e1gua quente de serpentina de elevada efici\u00eancia<\/h3>\r\n<ul>\r\n<li>A configura\u00e7\u00e3o da s\u00e9rie TPC-AS, com uma superf\u00edcie de troca de calor de grande dimens\u00e3o e pr\u00e9-aquecimento do ar de combust\u00e3o, assegura uma efici\u00eancia t\u00e9rmica de at\u00e9 90% na forma padr\u00e3o.<\/li>\r\n<li>Esta s\u00e9rie de caldeiras, inclui uma caixa integralmente refrigerada, arrefecida a ar, que atua como pr\u00e9-aquecedor do ar de combust\u00e3o\/<a href=\"https:\/\/www.babcock-wanson.com\/pt-pt\/produtos\/sistemas-de-recuperacao\/economiser\/\">economizador<\/a>. Este design permite tamb\u00e9m o isolamento eficaz da caixa da caldeira.<\/li>\r\n<\/ul>\r\n<h3>Equipamento robusto<\/h3>\r\n<ul>\r\n<li>A caldeira de \u00e1gua quente \u00e9 fabricada de forma robusta, para uma vida \u00fatil longa e um funcionamento fi\u00e1vel.<\/li>\r\n<li>Press\u00e3o de ensaio at\u00e9 25 barg e temperatura de funcionamento da \u00e1gua at\u00e9 220 \u00b0C.<\/li>\r\n<li>A configura\u00e7\u00e3o da s\u00e9rie TPC-AS assegura um funcionamento seguro e simples nos ambientes mais exigentes.<\/li>\r\n<\/ul>\r\n<h3>Funcionamento fi\u00e1vel e simples<\/h3>\r\n<ul>\r\n<li>A s\u00e9rie TPC-AS inclui um queimador monobloco integral, controlos da combust\u00e3o e do sistema e equipamento de seguran\u00e7a padr\u00e3o, todos montados e pr\u00e9-ligados.<\/li>\r\n<li>A caldeira de \u00e1gua quente \u00e9 fornecida pronta para a liga\u00e7\u00e3o ao sistema de combust\u00edvel, energia el\u00e9trica, chamin\u00e9 e sistema de \u00e1gua existentes, para instala\u00e7\u00e3o r\u00e1pida no local.<\/li>\r\n<li>O refrat\u00e1rio no interior da c\u00e2mara de combust\u00e3o foi reduzido ao m\u00ednimo, para uma vida \u00fatil longa com manuten\u00e7\u00e3o simples.<\/li>\r\n<\/ul>\r\n<h3>Ecol\u00f3gica<\/h3>\r\n<ul>\r\n<li>Os queimadores Babcock Wanson s\u00e3o concebidos para cumprir com todas as normas ambientais normais. Otimizam o consumo de combust\u00edvel e t\u00eam uma manuten\u00e7\u00e3o f\u00e1cil.<\/li>\r\n<li>Emiss\u00f5es de gases de combust\u00e3o de acordo com a regulamenta\u00e7\u00e3o europeia.<\/li>\r\n<\/ul>\r\n<h3>Gama completa de equipamentos auxiliares<\/h3>\r\n<ul>\r\n<li>Design de sistemas e gest\u00e3o de projetos<\/li>\r\n<li>Auxiliares de sistema e permutadores de calor<\/li>\r\n<li>Servi\u00e7o de instala\u00e7\u00e3o e tubagens<\/li>\r\n<li>Fornecimento e coloca\u00e7\u00e3o em funcionamento<\/li>\r\n<\/ul>\r\n<h2>Caracter\u00edsticas<\/h2>\r\n<table>\r\n<tbody>\r\n<tr>\r\n<th>TPC-AS<\/th>\r\n<th>Modelo<\/th>\r\n<th>500<\/th>\r\n<th>1000<\/th>\r\n<th>1250<\/th>\r\n<th>1500<\/th>\r\n<th>2000<\/th>\r\n<\/tr>\r\n<tr>\r\n<th>Pot\u00eancia<\/th>\r\n<th>kW<\/th>\r\n<td>581<\/td>\r\n<td>1,163<\/td>\r\n<td>1,453<\/td>\r\n<td>1,744<\/td>\r\n<td>2,326<\/td>\r\n<\/tr>\r\n<tr>\r\n<th>Conte\u00fado de \u00e1gua<\/th>\r\n<th>Litros<\/th>\r\n<td>135<\/td>\r\n<td>248<\/td>\r\n<td>298<\/td>\r\n<td>298<\/td>\r\n<td>353<\/td>\r\n<\/tr>\r\n<\/tbody>\r\n<\/table>\r\n<\/div><!-- .vgblk-rw-wrapper -->","protected":false},"excerpt":{"rendered":"<p><strong>Pot\u00eancias entre 500 000 e 2 000 000 kCal\/h (581 a 2 326 kW)<\/strong><br \/>A TPC-AS \u00e9 uma caldeira de \u00e1gua quente com serpentina vertical, para o funcionamento com \u00e1gua a alta press\u00e3o e alta temperatura. As serpentinas conc\u00eantricas, a c\u00e2mara de combust\u00e3o de chama inversa e a configura\u00e7\u00e3o cinco passagens de gases asseguram uma elevada efici\u00eancia e um funcionamento muito seguro e simples.<\/p>\n<p>Esta s\u00e9rie de caldeiras, possui um queimador Babcock Wanson desenvolvido especificamente para esta fun\u00e7\u00e3o e perfeitamente adequado para a c\u00e2mara de combust\u00e3o, para uma elevada efici\u00eancia e o funcionamento com baixas emiss\u00f5es. O controlo do queimador pode ser de dois est\u00e1gios simples ou com controlo de modula\u00e7\u00e3o total, consoante os requisitos do processo.<\/p>\n","protected":false},"featured_media":31052,"comment_status":"closed","ping_status":"closed","template":"","meta":{"_acf_changed":false,"_relevanssi_hide_post":"","_relevanssi_hide_content":"","_relevanssi_pin_for_all":"","_relevanssi_pin_keywords":"","_relevanssi_unpin_keywords":"","_relevanssi_related_keywords":"","_relevanssi_related_include_ids":"","_relevanssi_related_exclude_ids":"","_relevanssi_related_no_append":"","_relevanssi_related_not_related":"","_relevanssi_related_posts":"","_relevanssi_noindex_reason":""},"product_brand":[],"product_cat":[5178],"product_tag":[],"class_list":{"0":"post-31049","1":"product","2":"type-product","3":"status-publish","4":"has-post-thumbnail","6":"product_cat-caldeiras-de-agua-quente-industrial","8":"first","9":"instock","10":"shipping-taxable","11":"product-type-simple"},"acf":[],"yoast_head":"<!-- This site is optimized with the Yoast SEO Premium plugin v27.4 (Yoast SEO v27.4) - https:\/\/yoast.com\/product\/yoast-seo-premium-wordpress\/ -->\n<title>TPC-AS Series Industrial Hot water Boilers - Babcock Wanson<\/title>\n<meta name=\"description\" content=\"A caldeira de \u00e1gua quente modelo TPC-AS \u00e9 uma caldeira vertical de serpentina desenhada para opera\u00e7\u00f5es com \u00e1gua a alta temperatura e press\u00e3o. Clique aqui para saber mais\" \/>\n<meta name=\"robots\" content=\"index, follow, max-snippet:-1, max-image-preview:large, max-video-preview:-1\" \/>\n<link rel=\"canonical\" href=\"https:\/\/www.babcock-wanson.com\/pt-pt\/produtos\/caldeiras-de-agua-quente-industrial\/tpc-as\/\" \/>\n<meta property=\"og:locale\" content=\"pt_PT\" \/>\n<meta property=\"og:type\" content=\"article\" \/>\n<meta property=\"og:title\" content=\"TPC-AS\" \/>\n<meta property=\"og:description\" content=\"A caldeira de \u00e1gua quente modelo TPC-AS \u00e9 uma caldeira vertical de serpentina desenhada para opera\u00e7\u00f5es com \u00e1gua a alta temperatura e press\u00e3o. Clique aqui para saber mais\" \/>\n<meta property=\"og:url\" content=\"https:\/\/www.babcock-wanson.com\/pt-pt\/produtos\/caldeiras-de-agua-quente-industrial\/tpc-as\/\" \/>\n<meta property=\"og:site_name\" content=\"Babcock Wanson\" \/>\n<meta property=\"article:modified_time\" content=\"2021-08-09T16:21:07+00:00\" \/>\n<meta property=\"og:image\" content=\"https:\/\/www.babcock-wanson.com\/wp-content\/uploads\/2018\/08\/TPC-AS-Industrial-Hot-Water-Boiler.jpg\" \/>\n\t<meta property=\"og:image:width\" content=\"400\" \/>\n\t<meta property=\"og:image:height\" content=\"600\" \/>\n\t<meta property=\"og:image:type\" content=\"image\/jpeg\" \/>\n<meta name=\"twitter:card\" content=\"summary_large_image\" \/>\n<meta name=\"twitter:label1\" content=\"Est. reading time\" \/>\n\t<meta name=\"twitter:data1\" content=\"2 minutos\" \/>\n<script type=\"application\/ld+json\" class=\"yoast-schema-graph\">{\"@context\":\"https:\\\/\\\/schema.org\",\"@graph\":[{\"@type\":\"WebPage\",\"@id\":\"https:\\\/\\\/www.babcock-wanson.com\\\/pt-pt\\\/produtos\\\/caldeiras-de-agua-quente-industrial\\\/tpc-as\\\/\",\"url\":\"https:\\\/\\\/www.babcock-wanson.com\\\/pt-pt\\\/produtos\\\/caldeiras-de-agua-quente-industrial\\\/tpc-as\\\/\",\"name\":\"TPC-AS Series Industrial Hot water Boilers - Babcock Wanson\",\"isPartOf\":{\"@id\":\"https:\\\/\\\/www.babcock-wanson.com\\\/pt-pt\\\/#website\"},\"primaryImageOfPage\":{\"@id\":\"https:\\\/\\\/www.babcock-wanson.com\\\/pt-pt\\\/produtos\\\/caldeiras-de-agua-quente-industrial\\\/tpc-as\\\/#primaryimage\"},\"image\":{\"@id\":\"https:\\\/\\\/www.babcock-wanson.com\\\/pt-pt\\\/produtos\\\/caldeiras-de-agua-quente-industrial\\\/tpc-as\\\/#primaryimage\"},\"thumbnailUrl\":\"https:\\\/\\\/www.babcock-wanson.com\\\/wp-content\\\/uploads\\\/2018\\\/08\\\/TPC-AS-Industrial-Hot-Water-Boiler.jpg\",\"datePublished\":\"2018-08-15T10:34:35+00:00\",\"dateModified\":\"2021-08-09T16:21:07+00:00\",\"description\":\"A caldeira de \u00e1gua quente modelo TPC-AS \u00e9 uma caldeira vertical de serpentina desenhada para opera\u00e7\u00f5es com \u00e1gua a alta temperatura e press\u00e3o. Clique aqui para saber mais\",\"breadcrumb\":{\"@id\":\"https:\\\/\\\/www.babcock-wanson.com\\\/pt-pt\\\/produtos\\\/caldeiras-de-agua-quente-industrial\\\/tpc-as\\\/#breadcrumb\"},\"inLanguage\":\"pt-PT\",\"potentialAction\":[{\"@type\":\"ReadAction\",\"target\":[\"https:\\\/\\\/www.babcock-wanson.com\\\/pt-pt\\\/produtos\\\/caldeiras-de-agua-quente-industrial\\\/tpc-as\\\/\"]}]},{\"@type\":\"ImageObject\",\"inLanguage\":\"pt-PT\",\"@id\":\"https:\\\/\\\/www.babcock-wanson.com\\\/pt-pt\\\/produtos\\\/caldeiras-de-agua-quente-industrial\\\/tpc-as\\\/#primaryimage\",\"url\":\"https:\\\/\\\/www.babcock-wanson.com\\\/wp-content\\\/uploads\\\/2018\\\/08\\\/TPC-AS-Industrial-Hot-Water-Boiler.jpg\",\"contentUrl\":\"https:\\\/\\\/www.babcock-wanson.com\\\/wp-content\\\/uploads\\\/2018\\\/08\\\/TPC-AS-Industrial-Hot-Water-Boiler.jpg\",\"width\":400,\"height\":600,\"caption\":\"Sobreposi\u00e7\u00e3o de n\u00e9voa realista de nuvens de fumo de gelo seco perfeita para compor suas fotos. Basta inseri-lo e alterar seu modo de mesclagem para a tela ou adicionar.\"},{\"@type\":\"BreadcrumbList\",\"@id\":\"https:\\\/\\\/www.babcock-wanson.com\\\/pt-pt\\\/produtos\\\/caldeiras-de-agua-quente-industrial\\\/tpc-as\\\/#breadcrumb\",\"itemListElement\":[{\"@type\":\"ListItem\",\"position\":1,\"name\":\"Inicio\",\"item\":\"https:\\\/\\\/www.babcock-wanson.com\\\/pt-pt\\\/\"},{\"@type\":\"ListItem\",\"position\":2,\"name\":\"Produtos\",\"item\":\"https:\\\/\\\/www.babcock-wanson.com\\\/pt-pt\\\/shop\\\/\"},{\"@type\":\"ListItem\",\"position\":3,\"name\":\"Caldeiras de \u00e1gua quente industrial\",\"item\":\"https:\\\/\\\/www.babcock-wanson.com\\\/pt-pt\\\/categoria-produto\\\/caldeiras-de-agua-quente-industrial\\\/\"},{\"@type\":\"ListItem\",\"position\":4,\"name\":\"TPC-AS\"}]},{\"@type\":\"WebSite\",\"@id\":\"https:\\\/\\\/www.babcock-wanson.com\\\/pt-pt\\\/#website\",\"url\":\"https:\\\/\\\/www.babcock-wanson.com\\\/pt-pt\\\/\",\"name\":\"Babcock Wanson\",\"description\":\"\",\"publisher\":{\"@id\":\"https:\\\/\\\/www.babcock-wanson.com\\\/pt-pt\\\/#organization\"},\"potentialAction\":[{\"@type\":\"SearchAction\",\"target\":{\"@type\":\"EntryPoint\",\"urlTemplate\":\"https:\\\/\\\/www.babcock-wanson.com\\\/pt-pt\\\/?s={search_term_string}\"},\"query-input\":{\"@type\":\"PropertyValueSpecification\",\"valueRequired\":true,\"valueName\":\"search_term_string\"}}],\"inLanguage\":\"pt-PT\"},{\"@type\":\"Organization\",\"@id\":\"https:\\\/\\\/www.babcock-wanson.com\\\/pt-pt\\\/#organization\",\"name\":\"Babcock Wanson\",\"url\":\"https:\\\/\\\/www.babcock-wanson.com\\\/pt-pt\\\/\",\"logo\":{\"@type\":\"ImageObject\",\"inLanguage\":\"pt-PT\",\"@id\":\"https:\\\/\\\/www.babcock-wanson.com\\\/pt-pt\\\/#\\\/schema\\\/logo\\\/image\\\/\",\"url\":\"https:\\\/\\\/www.babcock-wanson.com\\\/wp-content\\\/uploads\\\/2024\\\/02\\\/Babcock-Wanson-1200x1200-1.png\",\"contentUrl\":\"https:\\\/\\\/www.babcock-wanson.com\\\/wp-content\\\/uploads\\\/2024\\\/02\\\/Babcock-Wanson-1200x1200-1.png\",\"width\":1200,\"height\":1200,\"caption\":\"Babcock Wanson\"},\"image\":{\"@id\":\"https:\\\/\\\/www.babcock-wanson.com\\\/pt-pt\\\/#\\\/schema\\\/logo\\\/image\\\/\"},\"sameAs\":[\"https:\\\/\\\/www.linkedin.com\\\/company\\\/babcock-wanson\\\/\",\"https:\\\/\\\/www.youtube.com\\\/channel\\\/UCtxl25VieBBsP2kYmtlyv7A\"]}]}<\/script>\n<!-- \/ Yoast SEO Premium plugin. -->","yoast_head_json":{"title":"TPC-AS Series Industrial Hot water Boilers - Babcock Wanson","description":"A caldeira de \u00e1gua quente modelo TPC-AS \u00e9 uma caldeira vertical de serpentina desenhada para opera\u00e7\u00f5es com \u00e1gua a alta temperatura e press\u00e3o. Clique aqui para saber mais","robots":{"index":"index","follow":"follow","max-snippet":"max-snippet:-1","max-image-preview":"max-image-preview:large","max-video-preview":"max-video-preview:-1"},"canonical":"https:\/\/www.babcock-wanson.com\/pt-pt\/produtos\/caldeiras-de-agua-quente-industrial\/tpc-as\/","og_locale":"pt_PT","og_type":"article","og_title":"TPC-AS","og_description":"A caldeira de \u00e1gua quente modelo TPC-AS \u00e9 uma caldeira vertical de serpentina desenhada para opera\u00e7\u00f5es com \u00e1gua a alta temperatura e press\u00e3o. Clique aqui para saber mais","og_url":"https:\/\/www.babcock-wanson.com\/pt-pt\/produtos\/caldeiras-de-agua-quente-industrial\/tpc-as\/","og_site_name":"Babcock Wanson","article_modified_time":"2021-08-09T16:21:07+00:00","og_image":[{"width":400,"height":600,"url":"https:\/\/www.babcock-wanson.com\/wp-content\/uploads\/2018\/08\/TPC-AS-Industrial-Hot-Water-Boiler.jpg","type":"image\/jpeg"}],"twitter_card":"summary_large_image","twitter_misc":{"Est. reading time":"2 minutos"},"schema":{"@context":"https:\/\/schema.org","@graph":[{"@type":"WebPage","@id":"https:\/\/www.babcock-wanson.com\/pt-pt\/produtos\/caldeiras-de-agua-quente-industrial\/tpc-as\/","url":"https:\/\/www.babcock-wanson.com\/pt-pt\/produtos\/caldeiras-de-agua-quente-industrial\/tpc-as\/","name":"TPC-AS Series Industrial Hot water Boilers - Babcock Wanson","isPartOf":{"@id":"https:\/\/www.babcock-wanson.com\/pt-pt\/#website"},"primaryImageOfPage":{"@id":"https:\/\/www.babcock-wanson.com\/pt-pt\/produtos\/caldeiras-de-agua-quente-industrial\/tpc-as\/#primaryimage"},"image":{"@id":"https:\/\/www.babcock-wanson.com\/pt-pt\/produtos\/caldeiras-de-agua-quente-industrial\/tpc-as\/#primaryimage"},"thumbnailUrl":"https:\/\/www.babcock-wanson.com\/wp-content\/uploads\/2018\/08\/TPC-AS-Industrial-Hot-Water-Boiler.jpg","datePublished":"2018-08-15T10:34:35+00:00","dateModified":"2021-08-09T16:21:07+00:00","description":"A caldeira de \u00e1gua quente modelo TPC-AS \u00e9 uma caldeira vertical de serpentina desenhada para opera\u00e7\u00f5es com \u00e1gua a alta temperatura e press\u00e3o. Clique aqui para saber mais","breadcrumb":{"@id":"https:\/\/www.babcock-wanson.com\/pt-pt\/produtos\/caldeiras-de-agua-quente-industrial\/tpc-as\/#breadcrumb"},"inLanguage":"pt-PT","potentialAction":[{"@type":"ReadAction","target":["https:\/\/www.babcock-wanson.com\/pt-pt\/produtos\/caldeiras-de-agua-quente-industrial\/tpc-as\/"]}]},{"@type":"ImageObject","inLanguage":"pt-PT","@id":"https:\/\/www.babcock-wanson.com\/pt-pt\/produtos\/caldeiras-de-agua-quente-industrial\/tpc-as\/#primaryimage","url":"https:\/\/www.babcock-wanson.com\/wp-content\/uploads\/2018\/08\/TPC-AS-Industrial-Hot-Water-Boiler.jpg","contentUrl":"https:\/\/www.babcock-wanson.com\/wp-content\/uploads\/2018\/08\/TPC-AS-Industrial-Hot-Water-Boiler.jpg","width":400,"height":600,"caption":"Sobreposi\u00e7\u00e3o de n\u00e9voa realista de nuvens de fumo de gelo seco perfeita para compor suas fotos. Basta inseri-lo e alterar seu modo de mesclagem para a tela ou adicionar."},{"@type":"BreadcrumbList","@id":"https:\/\/www.babcock-wanson.com\/pt-pt\/produtos\/caldeiras-de-agua-quente-industrial\/tpc-as\/#breadcrumb","itemListElement":[{"@type":"ListItem","position":1,"name":"Inicio","item":"https:\/\/www.babcock-wanson.com\/pt-pt\/"},{"@type":"ListItem","position":2,"name":"Produtos","item":"https:\/\/www.babcock-wanson.com\/pt-pt\/shop\/"},{"@type":"ListItem","position":3,"name":"Caldeiras de \u00e1gua quente industrial","item":"https:\/\/www.babcock-wanson.com\/pt-pt\/categoria-produto\/caldeiras-de-agua-quente-industrial\/"},{"@type":"ListItem","position":4,"name":"TPC-AS"}]},{"@type":"WebSite","@id":"https:\/\/www.babcock-wanson.com\/pt-pt\/#website","url":"https:\/\/www.babcock-wanson.com\/pt-pt\/","name":"Babcock Wanson","description":"","publisher":{"@id":"https:\/\/www.babcock-wanson.com\/pt-pt\/#organization"},"potentialAction":[{"@type":"SearchAction","target":{"@type":"EntryPoint","urlTemplate":"https:\/\/www.babcock-wanson.com\/pt-pt\/?s={search_term_string}"},"query-input":{"@type":"PropertyValueSpecification","valueRequired":true,"valueName":"search_term_string"}}],"inLanguage":"pt-PT"},{"@type":"Organization","@id":"https:\/\/www.babcock-wanson.com\/pt-pt\/#organization","name":"Babcock Wanson","url":"https:\/\/www.babcock-wanson.com\/pt-pt\/","logo":{"@type":"ImageObject","inLanguage":"pt-PT","@id":"https:\/\/www.babcock-wanson.com\/pt-pt\/#\/schema\/logo\/image\/","url":"https:\/\/www.babcock-wanson.com\/wp-content\/uploads\/2024\/02\/Babcock-Wanson-1200x1200-1.png","contentUrl":"https:\/\/www.babcock-wanson.com\/wp-content\/uploads\/2024\/02\/Babcock-Wanson-1200x1200-1.png","width":1200,"height":1200,"caption":"Babcock Wanson"},"image":{"@id":"https:\/\/www.babcock-wanson.com\/pt-pt\/#\/schema\/logo\/image\/"},"sameAs":["https:\/\/www.linkedin.com\/company\/babcock-wanson\/","https:\/\/www.youtube.com\/channel\/UCtxl25VieBBsP2kYmtlyv7A"]}]}},"jetpack_sharing_enabled":true,"_links":{"self":[{"href":"https:\/\/www.babcock-wanson.com\/pt-pt\/wp-json\/wp\/v2\/product\/31049","targetHints":{"allow":["GET"]}}],"collection":[{"href":"https:\/\/www.babcock-wanson.com\/pt-pt\/wp-json\/wp\/v2\/product"}],"about":[{"href":"https:\/\/www.babcock-wanson.com\/pt-pt\/wp-json\/wp\/v2\/types\/product"}],"replies":[{"embeddable":true,"href":"https:\/\/www.babcock-wanson.com\/pt-pt\/wp-json\/wp\/v2\/comments?post=31049"}],"wp:featuredmedia":[{"embeddable":true,"href":"https:\/\/www.babcock-wanson.com\/pt-pt\/wp-json\/wp\/v2\/media\/31052"}],"wp:attachment":[{"href":"https:\/\/www.babcock-wanson.com\/pt-pt\/wp-json\/wp\/v2\/media?parent=31049"}],"wp:term":[{"taxonomy":"product_brand","embeddable":true,"href":"https:\/\/www.babcock-wanson.com\/pt-pt\/wp-json\/wp\/v2\/product_brand?post=31049"},{"taxonomy":"product_cat","embeddable":true,"href":"https:\/\/www.babcock-wanson.com\/pt-pt\/wp-json\/wp\/v2\/product_cat?post=31049"},{"taxonomy":"product_tag","embeddable":true,"href":"https:\/\/www.babcock-wanson.com\/pt-pt\/wp-json\/wp\/v2\/product_tag?post=31049"}],"curies":[{"name":"wp","href":"https:\/\/api.w.org\/{rel}","templated":true}]}}