{"id":31060,"date":"2018-10-23T15:00:15","date_gmt":"2018-10-23T14:00:15","guid":{"rendered":"https:\/\/www.babcock-wanson.com\/products\/sem%20categoria\/mixbloc\/"},"modified":"2021-01-25T18:01:40","modified_gmt":"2021-01-25T18:01:40","slug":"mixbloc","status":"publish","type":"product","link":"https:\/\/www.babcock-wanson.com\/pt-pt\/produtos\/aquecedores-de-ar-industrial\/mixbloc\/","title":{"rendered":"MIXBLOC"},"content":{"rendered":"<div class=\"vgblk-rw-wrapper limit-wrapper\">\r\n<h3>Carater\u00edsticas do aquecedor de ar para processos diretos MIXBLOC<\/h3>\r\n<ul>\r\n<li>Alimenta\u00e7\u00e3o a g\u00e1s natural ou GPL<\/li>\r\n<li>Pode ser instalado em espa\u00e7os pequenos e para se adequar a uma configura\u00e7\u00e3o de rede de condutas existente<\/li>\r\n<li>O fluxo de ar pode variar entre 50-100% ou at\u00e9 90%, usando um ventilador do ar de combust\u00e3o dedicado<\/li>\r\n<li>A regula\u00e7\u00e3o da modula\u00e7\u00e3o permite rela\u00e7\u00f5es de modula\u00e7\u00e3o at\u00e9 20:1<\/li>\r\n<li>Fabricado para funcionamento horizontal ou vertical<\/li>\r\n<li>Pode funcionar a montante ou a jusante do ventilador de ar do processo, com press\u00e3o positiva ou negativa.<\/li>\r\n<\/ul>\r\n<\/div><!-- .vgblk-rw-wrapper -->","protected":false},"excerpt":{"rendered":"<p><strong>De 50 kW a 20 MW<\/strong><\/p>\n<p>O aquecedor de ar para processos diretos MIXBLOC destina-se a fornecer ar a alta temperatura \u2013 at\u00e9 800 \u00b0C na forma padr\u00e3o \u2013 sem perdas de gases de combust\u00e3o. O MIXBLOC consegue funcionar usando o fluxo de ar do processo como fonte de ar comburente, ou um ventilador independente de ar comburente. Os queimadores s\u00e3o fabricados a partir de m\u00faltiplos elementos em \u201cV\u201d montados em diferentes configura\u00e7\u00f5es, para satisfazer a entrada de calor necess\u00e1ria e o design da rede de condutas do processo.<\/p>\n","protected":false},"featured_media":30188,"comment_status":"closed","ping_status":"closed","template":"","meta":{"_acf_changed":false,"_relevanssi_hide_post":"","_relevanssi_hide_content":"","_relevanssi_pin_for_all":"","_relevanssi_pin_keywords":"","_relevanssi_unpin_keywords":"","_relevanssi_related_keywords":"","_relevanssi_related_include_ids":"","_relevanssi_related_exclude_ids":"","_relevanssi_related_no_append":"","_relevanssi_related_not_related":"","_relevanssi_related_posts":"","_relevanssi_noindex_reason":""},"product_brand":[],"product_cat":[5180,5181],"product_tag":[],"class_list":{"0":"post-31060","1":"product","2":"type-product","3":"status-publish","4":"has-post-thumbnail","6":"product_cat-aquecedores-de-ar-industrial","7":"product_cat-queimadores-industriais","9":"first","10":"instock","11":"shipping-taxable","12":"product-type-simple"},"acf":[],"yoast_head":"<!-- This site is optimized with the Yoast SEO Premium plugin v27.1 (Yoast SEO v27.1.1) - https:\/\/yoast.com\/product\/yoast-seo-premium-wordpress\/ -->\n<title>MIXBLOC Direct Fired Airstream Heater - Babcock Wanson<\/title>\n<meta name=\"description\" content=\"MIXBLOC - um aquecedor de ar industrial capaz de fornecer ar a alta press\u00e3o, sem perdas de gases de combust\u00e3o. Saiba mais sobre este modelo aqui\" \/>\n<meta name=\"robots\" content=\"index, follow, max-snippet:-1, max-image-preview:large, max-video-preview:-1\" \/>\n<link rel=\"canonical\" href=\"https:\/\/www.babcock-wanson.com\/pt-pt\/produtos\/aquecedores-de-ar-industrial\/mixbloc\/\" \/>\n<meta property=\"og:locale\" content=\"pt_PT\" \/>\n<meta property=\"og:type\" content=\"article\" \/>\n<meta property=\"og:title\" content=\"MIXBLOC\" \/>\n<meta property=\"og:description\" content=\"MIXBLOC - um aquecedor de ar industrial capaz de fornecer ar a alta press\u00e3o, sem perdas de gases de combust\u00e3o. Saiba mais sobre este modelo aqui\" \/>\n<meta property=\"og:url\" content=\"https:\/\/www.babcock-wanson.com\/pt-pt\/produtos\/aquecedores-de-ar-industrial\/mixbloc\/\" \/>\n<meta property=\"og:site_name\" content=\"Babcock Wanson\" \/>\n<meta property=\"article:modified_time\" content=\"2021-01-25T18:01:40+00:00\" \/>\n<meta property=\"og:image\" content=\"https:\/\/www.babcock-wanson.com\/wp-content\/uploads\/2018\/10\/Mlxbloc-1.png\" \/>\n\t<meta property=\"og:image:width\" content=\"600\" \/>\n\t<meta property=\"og:image:height\" content=\"400\" \/>\n\t<meta property=\"og:image:type\" content=\"image\/png\" \/>\n<meta name=\"twitter:card\" content=\"summary_large_image\" \/>\n<script type=\"application\/ld+json\" class=\"yoast-schema-graph\">{\"@context\":\"https:\/\/schema.org\",\"@graph\":[{\"@type\":\"WebPage\",\"@id\":\"https:\/\/www.babcock-wanson.com\/pt-pt\/produtos\/aquecedores-de-ar-industrial\/mixbloc\/\",\"url\":\"https:\/\/www.babcock-wanson.com\/pt-pt\/produtos\/aquecedores-de-ar-industrial\/mixbloc\/\",\"name\":\"MIXBLOC Direct Fired Airstream Heater - Babcock Wanson\",\"isPartOf\":{\"@id\":\"https:\/\/www.babcock-wanson.com\/pt-pt\/#website\"},\"primaryImageOfPage\":{\"@id\":\"https:\/\/www.babcock-wanson.com\/pt-pt\/produtos\/aquecedores-de-ar-industrial\/mixbloc\/#primaryimage\"},\"image\":{\"@id\":\"https:\/\/www.babcock-wanson.com\/pt-pt\/produtos\/aquecedores-de-ar-industrial\/mixbloc\/#primaryimage\"},\"thumbnailUrl\":\"https:\/\/www.babcock-wanson.com\/wp-content\/uploads\/2018\/10\/Mlxbloc-1.png\",\"datePublished\":\"2018-10-23T14:00:15+00:00\",\"dateModified\":\"2021-01-25T18:01:40+00:00\",\"description\":\"MIXBLOC - um aquecedor de ar industrial capaz de fornecer ar a alta press\u00e3o, sem perdas de gases de combust\u00e3o. Saiba mais sobre este modelo aqui\",\"breadcrumb\":{\"@id\":\"https:\/\/www.babcock-wanson.com\/pt-pt\/produtos\/aquecedores-de-ar-industrial\/mixbloc\/#breadcrumb\"},\"inLanguage\":\"pt-PT\",\"potentialAction\":[{\"@type\":\"ReadAction\",\"target\":[\"https:\/\/www.babcock-wanson.com\/pt-pt\/produtos\/aquecedores-de-ar-industrial\/mixbloc\/\"]}]},{\"@type\":\"ImageObject\",\"inLanguage\":\"pt-PT\",\"@id\":\"https:\/\/www.babcock-wanson.com\/pt-pt\/produtos\/aquecedores-de-ar-industrial\/mixbloc\/#primaryimage\",\"url\":\"https:\/\/www.babcock-wanson.com\/wp-content\/uploads\/2018\/10\/Mlxbloc-1.png\",\"contentUrl\":\"https:\/\/www.babcock-wanson.com\/wp-content\/uploads\/2018\/10\/Mlxbloc-1.png\",\"width\":600,\"height\":400,\"caption\":\"F\u00e1brica de \u00d3leo de Girassol, Close-Up, Alto Iso, Foco Selectivo\"},{\"@type\":\"BreadcrumbList\",\"@id\":\"https:\/\/www.babcock-wanson.com\/pt-pt\/produtos\/aquecedores-de-ar-industrial\/mixbloc\/#breadcrumb\",\"itemListElement\":[{\"@type\":\"ListItem\",\"position\":1,\"name\":\"Inicio\",\"item\":\"https:\/\/www.babcock-wanson.com\/pt-pt\/\"},{\"@type\":\"ListItem\",\"position\":2,\"name\":\"Produtos\",\"item\":\"https:\/\/www.babcock-wanson.com\/pt-pt\/shop\/\"},{\"@type\":\"ListItem\",\"position\":3,\"name\":\"Aquecedores de ar industrial\",\"item\":\"https:\/\/www.babcock-wanson.com\/pt-pt\/categoria-produto\/aquecedores-de-ar-industrial\/\"},{\"@type\":\"ListItem\",\"position\":4,\"name\":\"MIXBLOC\"}]},{\"@type\":\"WebSite\",\"@id\":\"https:\/\/www.babcock-wanson.com\/pt-pt\/#website\",\"url\":\"https:\/\/www.babcock-wanson.com\/pt-pt\/\",\"name\":\"Babcock Wanson\",\"description\":\"\",\"publisher\":{\"@id\":\"https:\/\/www.babcock-wanson.com\/pt-pt\/#organization\"},\"potentialAction\":[{\"@type\":\"SearchAction\",\"target\":{\"@type\":\"EntryPoint\",\"urlTemplate\":\"https:\/\/www.babcock-wanson.com\/pt-pt\/?s={search_term_string}\"},\"query-input\":{\"@type\":\"PropertyValueSpecification\",\"valueRequired\":true,\"valueName\":\"search_term_string\"}}],\"inLanguage\":\"pt-PT\"},{\"@type\":\"Organization\",\"@id\":\"https:\/\/www.babcock-wanson.com\/pt-pt\/#organization\",\"name\":\"Babcock Wanson\",\"url\":\"https:\/\/www.babcock-wanson.com\/pt-pt\/\",\"logo\":{\"@type\":\"ImageObject\",\"inLanguage\":\"pt-PT\",\"@id\":\"https:\/\/www.babcock-wanson.com\/pt-pt\/#\/schema\/logo\/image\/\",\"url\":\"https:\/\/www.babcock-wanson.com\/wp-content\/uploads\/2024\/02\/Babcock-Wanson-1200x1200-1.png\",\"contentUrl\":\"https:\/\/www.babcock-wanson.com\/wp-content\/uploads\/2024\/02\/Babcock-Wanson-1200x1200-1.png\",\"width\":1200,\"height\":1200,\"caption\":\"Babcock Wanson\"},\"image\":{\"@id\":\"https:\/\/www.babcock-wanson.com\/pt-pt\/#\/schema\/logo\/image\/\"},\"sameAs\":[\"https:\/\/www.linkedin.com\/company\/babcock-wanson\/\",\"https:\/\/www.youtube.com\/channel\/UCtxl25VieBBsP2kYmtlyv7A\"]}]}<\/script>\n<!-- \/ Yoast SEO Premium plugin. -->","yoast_head_json":{"title":"MIXBLOC Direct Fired Airstream Heater - Babcock Wanson","description":"MIXBLOC - um aquecedor de ar industrial capaz de fornecer ar a alta press\u00e3o, sem perdas de gases de combust\u00e3o. Saiba mais sobre este modelo aqui","robots":{"index":"index","follow":"follow","max-snippet":"max-snippet:-1","max-image-preview":"max-image-preview:large","max-video-preview":"max-video-preview:-1"},"canonical":"https:\/\/www.babcock-wanson.com\/pt-pt\/produtos\/aquecedores-de-ar-industrial\/mixbloc\/","og_locale":"pt_PT","og_type":"article","og_title":"MIXBLOC","og_description":"MIXBLOC - um aquecedor de ar industrial capaz de fornecer ar a alta press\u00e3o, sem perdas de gases de combust\u00e3o. Saiba mais sobre este modelo aqui","og_url":"https:\/\/www.babcock-wanson.com\/pt-pt\/produtos\/aquecedores-de-ar-industrial\/mixbloc\/","og_site_name":"Babcock Wanson","article_modified_time":"2021-01-25T18:01:40+00:00","og_image":[{"width":600,"height":400,"url":"https:\/\/www.babcock-wanson.com\/wp-content\/uploads\/2018\/10\/Mlxbloc-1.png","type":"image\/png"}],"twitter_card":"summary_large_image","schema":{"@context":"https:\/\/schema.org","@graph":[{"@type":"WebPage","@id":"https:\/\/www.babcock-wanson.com\/pt-pt\/produtos\/aquecedores-de-ar-industrial\/mixbloc\/","url":"https:\/\/www.babcock-wanson.com\/pt-pt\/produtos\/aquecedores-de-ar-industrial\/mixbloc\/","name":"MIXBLOC Direct Fired Airstream Heater - Babcock Wanson","isPartOf":{"@id":"https:\/\/www.babcock-wanson.com\/pt-pt\/#website"},"primaryImageOfPage":{"@id":"https:\/\/www.babcock-wanson.com\/pt-pt\/produtos\/aquecedores-de-ar-industrial\/mixbloc\/#primaryimage"},"image":{"@id":"https:\/\/www.babcock-wanson.com\/pt-pt\/produtos\/aquecedores-de-ar-industrial\/mixbloc\/#primaryimage"},"thumbnailUrl":"https:\/\/www.babcock-wanson.com\/wp-content\/uploads\/2018\/10\/Mlxbloc-1.png","datePublished":"2018-10-23T14:00:15+00:00","dateModified":"2021-01-25T18:01:40+00:00","description":"MIXBLOC - um aquecedor de ar industrial capaz de fornecer ar a alta press\u00e3o, sem perdas de gases de combust\u00e3o. Saiba mais sobre este modelo aqui","breadcrumb":{"@id":"https:\/\/www.babcock-wanson.com\/pt-pt\/produtos\/aquecedores-de-ar-industrial\/mixbloc\/#breadcrumb"},"inLanguage":"pt-PT","potentialAction":[{"@type":"ReadAction","target":["https:\/\/www.babcock-wanson.com\/pt-pt\/produtos\/aquecedores-de-ar-industrial\/mixbloc\/"]}]},{"@type":"ImageObject","inLanguage":"pt-PT","@id":"https:\/\/www.babcock-wanson.com\/pt-pt\/produtos\/aquecedores-de-ar-industrial\/mixbloc\/#primaryimage","url":"https:\/\/www.babcock-wanson.com\/wp-content\/uploads\/2018\/10\/Mlxbloc-1.png","contentUrl":"https:\/\/www.babcock-wanson.com\/wp-content\/uploads\/2018\/10\/Mlxbloc-1.png","width":600,"height":400,"caption":"F\u00e1brica de \u00d3leo de Girassol, Close-Up, Alto Iso, Foco Selectivo"},{"@type":"BreadcrumbList","@id":"https:\/\/www.babcock-wanson.com\/pt-pt\/produtos\/aquecedores-de-ar-industrial\/mixbloc\/#breadcrumb","itemListElement":[{"@type":"ListItem","position":1,"name":"Inicio","item":"https:\/\/www.babcock-wanson.com\/pt-pt\/"},{"@type":"ListItem","position":2,"name":"Produtos","item":"https:\/\/www.babcock-wanson.com\/pt-pt\/shop\/"},{"@type":"ListItem","position":3,"name":"Aquecedores de ar industrial","item":"https:\/\/www.babcock-wanson.com\/pt-pt\/categoria-produto\/aquecedores-de-ar-industrial\/"},{"@type":"ListItem","position":4,"name":"MIXBLOC"}]},{"@type":"WebSite","@id":"https:\/\/www.babcock-wanson.com\/pt-pt\/#website","url":"https:\/\/www.babcock-wanson.com\/pt-pt\/","name":"Babcock Wanson","description":"","publisher":{"@id":"https:\/\/www.babcock-wanson.com\/pt-pt\/#organization"},"potentialAction":[{"@type":"SearchAction","target":{"@type":"EntryPoint","urlTemplate":"https:\/\/www.babcock-wanson.com\/pt-pt\/?s={search_term_string}"},"query-input":{"@type":"PropertyValueSpecification","valueRequired":true,"valueName":"search_term_string"}}],"inLanguage":"pt-PT"},{"@type":"Organization","@id":"https:\/\/www.babcock-wanson.com\/pt-pt\/#organization","name":"Babcock Wanson","url":"https:\/\/www.babcock-wanson.com\/pt-pt\/","logo":{"@type":"ImageObject","inLanguage":"pt-PT","@id":"https:\/\/www.babcock-wanson.com\/pt-pt\/#\/schema\/logo\/image\/","url":"https:\/\/www.babcock-wanson.com\/wp-content\/uploads\/2024\/02\/Babcock-Wanson-1200x1200-1.png","contentUrl":"https:\/\/www.babcock-wanson.com\/wp-content\/uploads\/2024\/02\/Babcock-Wanson-1200x1200-1.png","width":1200,"height":1200,"caption":"Babcock Wanson"},"image":{"@id":"https:\/\/www.babcock-wanson.com\/pt-pt\/#\/schema\/logo\/image\/"},"sameAs":["https:\/\/www.linkedin.com\/company\/babcock-wanson\/","https:\/\/www.youtube.com\/channel\/UCtxl25VieBBsP2kYmtlyv7A"]}]}},"jetpack_sharing_enabled":true,"_links":{"self":[{"href":"https:\/\/www.babcock-wanson.com\/pt-pt\/wp-json\/wp\/v2\/product\/31060","targetHints":{"allow":["GET"]}}],"collection":[{"href":"https:\/\/www.babcock-wanson.com\/pt-pt\/wp-json\/wp\/v2\/product"}],"about":[{"href":"https:\/\/www.babcock-wanson.com\/pt-pt\/wp-json\/wp\/v2\/types\/product"}],"replies":[{"embeddable":true,"href":"https:\/\/www.babcock-wanson.com\/pt-pt\/wp-json\/wp\/v2\/comments?post=31060"}],"wp:featuredmedia":[{"embeddable":true,"href":"https:\/\/www.babcock-wanson.com\/pt-pt\/wp-json\/wp\/v2\/media\/30188"}],"wp:attachment":[{"href":"https:\/\/www.babcock-wanson.com\/pt-pt\/wp-json\/wp\/v2\/media?parent=31060"}],"wp:term":[{"taxonomy":"product_brand","embeddable":true,"href":"https:\/\/www.babcock-wanson.com\/pt-pt\/wp-json\/wp\/v2\/product_brand?post=31060"},{"taxonomy":"product_cat","embeddable":true,"href":"https:\/\/www.babcock-wanson.com\/pt-pt\/wp-json\/wp\/v2\/product_cat?post=31060"},{"taxonomy":"product_tag","embeddable":true,"href":"https:\/\/www.babcock-wanson.com\/pt-pt\/wp-json\/wp\/v2\/product_tag?post=31060"}],"curies":[{"name":"wp","href":"https:\/\/api.w.org\/{rel}","templated":true}]}}