{"id":31071,"date":"2018-10-23T14:57:28","date_gmt":"2018-10-23T13:57:28","guid":{"rendered":"https:\/\/www.babcock-wanson.com\/products\/sem%20categoria\/gasairbloc\/"},"modified":"2021-01-25T18:15:07","modified_gmt":"2021-01-25T18:15:07","slug":"gasairbloc","status":"publish","type":"product","link":"https:\/\/www.babcock-wanson.com\/pt-pt\/produtos\/aquecedores-de-ar-industrial\/gasairbloc\/","title":{"rendered":"GASAIRBLOC"},"content":{"rendered":"<div class=\"vgblk-rw-wrapper limit-wrapper\">\r\n<h3>Carater\u00edsticas do aquecedor de ar para processos diretos GASAIRBLOC<\/h3>\r\n<ul>\r\n<li>Fabrico robusto, para ambientes exigentes<\/li>\r\n<li>Alta temperatura de descarga do ar<\/li>\r\n<li>C\u00e2mara de combust\u00e3o generosa, para funcionamento com \u00f3leos pesados<\/li>\r\n<li>Alimenta\u00e7\u00e3o a g\u00e1s natural ou combust\u00edvel l\u00edquido<\/li>\r\n<li>Adequado para utiliza\u00e7\u00e3o com \u00f3leos pesados<\/li>\r\n<\/ul>\r\n<\/div><!-- .vgblk-rw-wrapper -->","protected":false},"excerpt":{"rendered":"<p><strong>Temperaturas do ar para processos at\u00e9 900 \u00b0C<\/strong><\/p>\n<p>O aquecedor de ar para processos diretos Gasairbloc da Babcock Wanson \u00e9 adequado para os mais exigentes ambientes industriais, incluindo ind\u00fastria pesada e ambientes poeirentos, onde uma vida \u00fatil longa e a facilidade de funcionamento s\u00e3o a chave do sucesso.<\/p>\n<p>\u00c9 alimentado diretamente por g\u00e1s ou combust\u00edveis l\u00edquidos, usando um ventilador de ar comburente independente, que permite temperaturas de sa\u00edda do ar at\u00e9 1 200 \u00b0C.<\/p>\n","protected":false},"featured_media":31073,"comment_status":"closed","ping_status":"closed","template":"","meta":{"_acf_changed":false,"_relevanssi_hide_post":"","_relevanssi_hide_content":"","_relevanssi_pin_for_all":"","_relevanssi_pin_keywords":"","_relevanssi_unpin_keywords":"","_relevanssi_related_keywords":"","_relevanssi_related_include_ids":"","_relevanssi_related_exclude_ids":"","_relevanssi_related_no_append":"","_relevanssi_related_not_related":"","_relevanssi_related_posts":"","_relevanssi_noindex_reason":""},"product_brand":[],"product_cat":[5180],"product_tag":[],"class_list":{"0":"post-31071","1":"product","2":"type-product","3":"status-publish","4":"has-post-thumbnail","6":"product_cat-aquecedores-de-ar-industrial","8":"first","9":"instock","10":"shipping-taxable","11":"product-type-simple"},"acf":[],"yoast_head":"<!-- This site is optimized with the Yoast SEO Premium plugin v27.1 (Yoast SEO v27.1.1) - https:\/\/yoast.com\/product\/yoast-seo-premium-wordpress\/ -->\n<title>GASAIRBLOC \u2013 Industrial heating for harsh environments - Babcock Wanson<\/title>\n<meta name=\"description\" content=\"O aquecedor de ar para processos diretos Gasairbloc da Babcock Wanson \u00e9 adequado para os mais exigentes ambientes industriais, incluindo ind\u00fastria pesada e ambientes poeirentos\" \/>\n<meta name=\"robots\" content=\"index, follow, max-snippet:-1, max-image-preview:large, max-video-preview:-1\" \/>\n<link rel=\"canonical\" href=\"https:\/\/www.babcock-wanson.com\/pt-pt\/produtos\/aquecedores-de-ar-industrial\/gasairbloc\/\" \/>\n<meta property=\"og:locale\" content=\"pt_PT\" \/>\n<meta property=\"og:type\" content=\"article\" \/>\n<meta property=\"og:title\" content=\"GASAIRBLOC\" \/>\n<meta property=\"og:description\" content=\"O aquecedor de ar para processos diretos Gasairbloc da Babcock Wanson \u00e9 adequado para os mais exigentes ambientes industriais, incluindo ind\u00fastria pesada e ambientes poeirentos\" \/>\n<meta property=\"og:url\" content=\"https:\/\/www.babcock-wanson.com\/pt-pt\/produtos\/aquecedores-de-ar-industrial\/gasairbloc\/\" \/>\n<meta property=\"og:site_name\" content=\"Babcock Wanson\" \/>\n<meta property=\"article:modified_time\" content=\"2021-01-25T18:15:07+00:00\" \/>\n<meta property=\"og:image\" content=\"https:\/\/www.babcock-wanson.com\/wp-content\/uploads\/2018\/10\/GASAIRBLOC-Direct-Fired-Process-Air-Heaters.png\" \/>\n\t<meta property=\"og:image:width\" content=\"600\" \/>\n\t<meta property=\"og:image:height\" content=\"400\" \/>\n\t<meta property=\"og:image:type\" content=\"image\/png\" \/>\n<meta name=\"twitter:card\" content=\"summary_large_image\" \/>\n<script type=\"application\/ld+json\" class=\"yoast-schema-graph\">{\"@context\":\"https:\/\/schema.org\",\"@graph\":[{\"@type\":\"WebPage\",\"@id\":\"https:\/\/www.babcock-wanson.com\/pt-pt\/produtos\/aquecedores-de-ar-industrial\/gasairbloc\/\",\"url\":\"https:\/\/www.babcock-wanson.com\/pt-pt\/produtos\/aquecedores-de-ar-industrial\/gasairbloc\/\",\"name\":\"GASAIRBLOC \u2013 Industrial heating for harsh environments - Babcock Wanson\",\"isPartOf\":{\"@id\":\"https:\/\/www.babcock-wanson.com\/pt-pt\/#website\"},\"primaryImageOfPage\":{\"@id\":\"https:\/\/www.babcock-wanson.com\/pt-pt\/produtos\/aquecedores-de-ar-industrial\/gasairbloc\/#primaryimage\"},\"image\":{\"@id\":\"https:\/\/www.babcock-wanson.com\/pt-pt\/produtos\/aquecedores-de-ar-industrial\/gasairbloc\/#primaryimage\"},\"thumbnailUrl\":\"https:\/\/www.babcock-wanson.com\/wp-content\/uploads\/2018\/10\/GASAIRBLOC-Direct-Fired-Process-Air-Heaters.png\",\"datePublished\":\"2018-10-23T13:57:28+00:00\",\"dateModified\":\"2021-01-25T18:15:07+00:00\",\"description\":\"O aquecedor de ar para processos diretos Gasairbloc da Babcock Wanson \u00e9 adequado para os mais exigentes ambientes industriais, incluindo ind\u00fastria pesada e ambientes poeirentos\",\"breadcrumb\":{\"@id\":\"https:\/\/www.babcock-wanson.com\/pt-pt\/produtos\/aquecedores-de-ar-industrial\/gasairbloc\/#breadcrumb\"},\"inLanguage\":\"pt-PT\",\"potentialAction\":[{\"@type\":\"ReadAction\",\"target\":[\"https:\/\/www.babcock-wanson.com\/pt-pt\/produtos\/aquecedores-de-ar-industrial\/gasairbloc\/\"]}]},{\"@type\":\"ImageObject\",\"inLanguage\":\"pt-PT\",\"@id\":\"https:\/\/www.babcock-wanson.com\/pt-pt\/produtos\/aquecedores-de-ar-industrial\/gasairbloc\/#primaryimage\",\"url\":\"https:\/\/www.babcock-wanson.com\/wp-content\/uploads\/2018\/10\/GASAIRBLOC-Direct-Fired-Process-Air-Heaters.png\",\"contentUrl\":\"https:\/\/www.babcock-wanson.com\/wp-content\/uploads\/2018\/10\/GASAIRBLOC-Direct-Fired-Process-Air-Heaters.png\",\"width\":600,\"height\":400,\"caption\":\"Aquecedores de processo ar de queima direta GASAIRBLOC\"},{\"@type\":\"BreadcrumbList\",\"@id\":\"https:\/\/www.babcock-wanson.com\/pt-pt\/produtos\/aquecedores-de-ar-industrial\/gasairbloc\/#breadcrumb\",\"itemListElement\":[{\"@type\":\"ListItem\",\"position\":1,\"name\":\"Inicio\",\"item\":\"https:\/\/www.babcock-wanson.com\/pt-pt\/\"},{\"@type\":\"ListItem\",\"position\":2,\"name\":\"Produtos\",\"item\":\"https:\/\/www.babcock-wanson.com\/pt-pt\/shop\/\"},{\"@type\":\"ListItem\",\"position\":3,\"name\":\"Aquecedores de ar industrial\",\"item\":\"https:\/\/www.babcock-wanson.com\/pt-pt\/categoria-produto\/aquecedores-de-ar-industrial\/\"},{\"@type\":\"ListItem\",\"position\":4,\"name\":\"GASAIRBLOC\"}]},{\"@type\":\"WebSite\",\"@id\":\"https:\/\/www.babcock-wanson.com\/pt-pt\/#website\",\"url\":\"https:\/\/www.babcock-wanson.com\/pt-pt\/\",\"name\":\"Babcock Wanson\",\"description\":\"\",\"publisher\":{\"@id\":\"https:\/\/www.babcock-wanson.com\/pt-pt\/#organization\"},\"potentialAction\":[{\"@type\":\"SearchAction\",\"target\":{\"@type\":\"EntryPoint\",\"urlTemplate\":\"https:\/\/www.babcock-wanson.com\/pt-pt\/?s={search_term_string}\"},\"query-input\":{\"@type\":\"PropertyValueSpecification\",\"valueRequired\":true,\"valueName\":\"search_term_string\"}}],\"inLanguage\":\"pt-PT\"},{\"@type\":\"Organization\",\"@id\":\"https:\/\/www.babcock-wanson.com\/pt-pt\/#organization\",\"name\":\"Babcock Wanson\",\"url\":\"https:\/\/www.babcock-wanson.com\/pt-pt\/\",\"logo\":{\"@type\":\"ImageObject\",\"inLanguage\":\"pt-PT\",\"@id\":\"https:\/\/www.babcock-wanson.com\/pt-pt\/#\/schema\/logo\/image\/\",\"url\":\"https:\/\/www.babcock-wanson.com\/wp-content\/uploads\/2024\/02\/Babcock-Wanson-1200x1200-1.png\",\"contentUrl\":\"https:\/\/www.babcock-wanson.com\/wp-content\/uploads\/2024\/02\/Babcock-Wanson-1200x1200-1.png\",\"width\":1200,\"height\":1200,\"caption\":\"Babcock Wanson\"},\"image\":{\"@id\":\"https:\/\/www.babcock-wanson.com\/pt-pt\/#\/schema\/logo\/image\/\"},\"sameAs\":[\"https:\/\/www.linkedin.com\/company\/babcock-wanson\/\",\"https:\/\/www.youtube.com\/channel\/UCtxl25VieBBsP2kYmtlyv7A\"]}]}<\/script>\n<!-- \/ Yoast SEO Premium plugin. -->","yoast_head_json":{"title":"GASAIRBLOC \u2013 Industrial heating for harsh environments - Babcock Wanson","description":"O aquecedor de ar para processos diretos Gasairbloc da Babcock Wanson \u00e9 adequado para os mais exigentes ambientes industriais, incluindo ind\u00fastria pesada e ambientes poeirentos","robots":{"index":"index","follow":"follow","max-snippet":"max-snippet:-1","max-image-preview":"max-image-preview:large","max-video-preview":"max-video-preview:-1"},"canonical":"https:\/\/www.babcock-wanson.com\/pt-pt\/produtos\/aquecedores-de-ar-industrial\/gasairbloc\/","og_locale":"pt_PT","og_type":"article","og_title":"GASAIRBLOC","og_description":"O aquecedor de ar para processos diretos Gasairbloc da Babcock Wanson \u00e9 adequado para os mais exigentes ambientes industriais, incluindo ind\u00fastria pesada e ambientes poeirentos","og_url":"https:\/\/www.babcock-wanson.com\/pt-pt\/produtos\/aquecedores-de-ar-industrial\/gasairbloc\/","og_site_name":"Babcock Wanson","article_modified_time":"2021-01-25T18:15:07+00:00","og_image":[{"width":600,"height":400,"url":"https:\/\/www.babcock-wanson.com\/wp-content\/uploads\/2018\/10\/GASAIRBLOC-Direct-Fired-Process-Air-Heaters.png","type":"image\/png"}],"twitter_card":"summary_large_image","schema":{"@context":"https:\/\/schema.org","@graph":[{"@type":"WebPage","@id":"https:\/\/www.babcock-wanson.com\/pt-pt\/produtos\/aquecedores-de-ar-industrial\/gasairbloc\/","url":"https:\/\/www.babcock-wanson.com\/pt-pt\/produtos\/aquecedores-de-ar-industrial\/gasairbloc\/","name":"GASAIRBLOC \u2013 Industrial heating for harsh environments - Babcock Wanson","isPartOf":{"@id":"https:\/\/www.babcock-wanson.com\/pt-pt\/#website"},"primaryImageOfPage":{"@id":"https:\/\/www.babcock-wanson.com\/pt-pt\/produtos\/aquecedores-de-ar-industrial\/gasairbloc\/#primaryimage"},"image":{"@id":"https:\/\/www.babcock-wanson.com\/pt-pt\/produtos\/aquecedores-de-ar-industrial\/gasairbloc\/#primaryimage"},"thumbnailUrl":"https:\/\/www.babcock-wanson.com\/wp-content\/uploads\/2018\/10\/GASAIRBLOC-Direct-Fired-Process-Air-Heaters.png","datePublished":"2018-10-23T13:57:28+00:00","dateModified":"2021-01-25T18:15:07+00:00","description":"O aquecedor de ar para processos diretos Gasairbloc da Babcock Wanson \u00e9 adequado para os mais exigentes ambientes industriais, incluindo ind\u00fastria pesada e ambientes poeirentos","breadcrumb":{"@id":"https:\/\/www.babcock-wanson.com\/pt-pt\/produtos\/aquecedores-de-ar-industrial\/gasairbloc\/#breadcrumb"},"inLanguage":"pt-PT","potentialAction":[{"@type":"ReadAction","target":["https:\/\/www.babcock-wanson.com\/pt-pt\/produtos\/aquecedores-de-ar-industrial\/gasairbloc\/"]}]},{"@type":"ImageObject","inLanguage":"pt-PT","@id":"https:\/\/www.babcock-wanson.com\/pt-pt\/produtos\/aquecedores-de-ar-industrial\/gasairbloc\/#primaryimage","url":"https:\/\/www.babcock-wanson.com\/wp-content\/uploads\/2018\/10\/GASAIRBLOC-Direct-Fired-Process-Air-Heaters.png","contentUrl":"https:\/\/www.babcock-wanson.com\/wp-content\/uploads\/2018\/10\/GASAIRBLOC-Direct-Fired-Process-Air-Heaters.png","width":600,"height":400,"caption":"Aquecedores de processo ar de queima direta GASAIRBLOC"},{"@type":"BreadcrumbList","@id":"https:\/\/www.babcock-wanson.com\/pt-pt\/produtos\/aquecedores-de-ar-industrial\/gasairbloc\/#breadcrumb","itemListElement":[{"@type":"ListItem","position":1,"name":"Inicio","item":"https:\/\/www.babcock-wanson.com\/pt-pt\/"},{"@type":"ListItem","position":2,"name":"Produtos","item":"https:\/\/www.babcock-wanson.com\/pt-pt\/shop\/"},{"@type":"ListItem","position":3,"name":"Aquecedores de ar industrial","item":"https:\/\/www.babcock-wanson.com\/pt-pt\/categoria-produto\/aquecedores-de-ar-industrial\/"},{"@type":"ListItem","position":4,"name":"GASAIRBLOC"}]},{"@type":"WebSite","@id":"https:\/\/www.babcock-wanson.com\/pt-pt\/#website","url":"https:\/\/www.babcock-wanson.com\/pt-pt\/","name":"Babcock Wanson","description":"","publisher":{"@id":"https:\/\/www.babcock-wanson.com\/pt-pt\/#organization"},"potentialAction":[{"@type":"SearchAction","target":{"@type":"EntryPoint","urlTemplate":"https:\/\/www.babcock-wanson.com\/pt-pt\/?s={search_term_string}"},"query-input":{"@type":"PropertyValueSpecification","valueRequired":true,"valueName":"search_term_string"}}],"inLanguage":"pt-PT"},{"@type":"Organization","@id":"https:\/\/www.babcock-wanson.com\/pt-pt\/#organization","name":"Babcock Wanson","url":"https:\/\/www.babcock-wanson.com\/pt-pt\/","logo":{"@type":"ImageObject","inLanguage":"pt-PT","@id":"https:\/\/www.babcock-wanson.com\/pt-pt\/#\/schema\/logo\/image\/","url":"https:\/\/www.babcock-wanson.com\/wp-content\/uploads\/2024\/02\/Babcock-Wanson-1200x1200-1.png","contentUrl":"https:\/\/www.babcock-wanson.com\/wp-content\/uploads\/2024\/02\/Babcock-Wanson-1200x1200-1.png","width":1200,"height":1200,"caption":"Babcock Wanson"},"image":{"@id":"https:\/\/www.babcock-wanson.com\/pt-pt\/#\/schema\/logo\/image\/"},"sameAs":["https:\/\/www.linkedin.com\/company\/babcock-wanson\/","https:\/\/www.youtube.com\/channel\/UCtxl25VieBBsP2kYmtlyv7A"]}]}},"jetpack_sharing_enabled":true,"_links":{"self":[{"href":"https:\/\/www.babcock-wanson.com\/pt-pt\/wp-json\/wp\/v2\/product\/31071","targetHints":{"allow":["GET"]}}],"collection":[{"href":"https:\/\/www.babcock-wanson.com\/pt-pt\/wp-json\/wp\/v2\/product"}],"about":[{"href":"https:\/\/www.babcock-wanson.com\/pt-pt\/wp-json\/wp\/v2\/types\/product"}],"replies":[{"embeddable":true,"href":"https:\/\/www.babcock-wanson.com\/pt-pt\/wp-json\/wp\/v2\/comments?post=31071"}],"wp:featuredmedia":[{"embeddable":true,"href":"https:\/\/www.babcock-wanson.com\/pt-pt\/wp-json\/wp\/v2\/media\/31073"}],"wp:attachment":[{"href":"https:\/\/www.babcock-wanson.com\/pt-pt\/wp-json\/wp\/v2\/media?parent=31071"}],"wp:term":[{"taxonomy":"product_brand","embeddable":true,"href":"https:\/\/www.babcock-wanson.com\/pt-pt\/wp-json\/wp\/v2\/product_brand?post=31071"},{"taxonomy":"product_cat","embeddable":true,"href":"https:\/\/www.babcock-wanson.com\/pt-pt\/wp-json\/wp\/v2\/product_cat?post=31071"},{"taxonomy":"product_tag","embeddable":true,"href":"https:\/\/www.babcock-wanson.com\/pt-pt\/wp-json\/wp\/v2\/product_tag?post=31071"}],"curies":[{"name":"wp","href":"https:\/\/api.w.org\/{rel}","templated":true}]}}