{"id":31074,"date":"2018-08-15T11:40:28","date_gmt":"2018-08-15T10:40:28","guid":{"rendered":"https:\/\/www.babcock-wanson.com\/products\/sem%20categoria\/htv-n-indirect-process-air-heater\/"},"modified":"2021-11-08T00:33:26","modified_gmt":"2021-11-08T00:33:26","slug":"htv-n-para-processos-indiretos","status":"publish","type":"product","link":"https:\/\/www.babcock-wanson.com\/pt-pt\/produtos\/aquecedores-de-ar-industrial\/htv-n-para-processos-indiretos\/","title":{"rendered":"HTV-N (para processos indiretos)"},"content":{"rendered":"<div class=\"vgblk-rw-wrapper limit-wrapper\">\r\n<h3>Servi\u00e7os de processos t\u00edpicos<\/h3>\r\n<ul>\r\n<li>Secagem de tabaco<\/li>\r\n<li>Secagem de leite<\/li>\r\n<li>Secagem de sal<\/li>\r\n<li>Processos qu\u00edmicos<\/li>\r\n<li>Transforma\u00e7\u00e3o de alimentos<\/li>\r\n<li>Produ\u00e7\u00e3o de fertilizantes<\/li>\r\n<li>Produ\u00e7\u00e3o de papel<\/li>\r\n<li>Produ\u00e7\u00e3o de amido<\/li>\r\n<li>Produ\u00e7\u00e3o de goma-ar\u00e1bica<\/li>\r\n<\/ul>\r\n<h3>Carater\u00edsticas principais<\/h3>\r\n<p>\u00c9 a solu\u00e7\u00e3o perfeita quando \u00e9 necess\u00e1ria uma temperatura do ar elevada para as necessidades de transforma\u00e7\u00e3o. Com o HTV-N, n\u00e3o h\u00e1 contacto direto entre o ar do processo e os produtos de combust\u00e3o, uma solu\u00e7\u00e3o particularmente adequada para aplica\u00e7\u00f5es em que o processo necessita de um fluxo fixo de ar aquecido limpo. Um queimador de modula\u00e7\u00e3o total fornece um controlo preciso da temperatura de descarga do ar do processo.<\/p>\r\n<p>Pode ser especificado com uma rela\u00e7\u00e3o elevada de recircula\u00e7\u00e3o do ar do processo. Esta op\u00e7\u00e3o pode reduzir drasticamente o consumo de energia global.<\/p>\r\n<p>Tamb\u00e9m pode ser especificado para fluxos de ar do processo com teor de humidade muito alto ou vapor de \u00e1gua ocluso. Estes aquecedores concebidos para fins espec\u00edficos possuem portas de inspe\u00e7\u00e3o e limpeza adicionais, drenagem de condensados e juntas resistentes \u00e0 \u00e1gua, e utilizam procedimentos de soldadura especiais, para reduzir o risco de dep\u00f3sito de part\u00edculas na superf\u00edcie de aquecimento.<\/p>\r\n<h3>Flexibilidade<\/h3>\r\n<ul>\r\n<li>Est\u00e3o dispon\u00edveis op\u00e7\u00f5es de deriva\u00e7\u00e3o de ar<\/li>\r\n<li>Estruturas para funcionamento horizontal e vertical<\/li>\r\n<\/ul>\r\n<h3>Vantagens do HTV-N<\/h3>\r\n<ul>\r\n<li>Funcionamento simples com elevada efici\u00eancia<\/li>\r\n<li>Configura\u00e7\u00e3o vertical ou horizontal<\/li>\r\n<li>Sem fluido interm\u00e9dio<\/li>\r\n<li>Sem requisitos de press\u00e3o do sistema<\/li>\r\n<li>Sem requisitos de <a href=\"https:\/\/www.babcock-wanson.com\/pt-pt\/categoria-produto\/tratamento-de-agua-industrial\/\">tratamento de \u00e1gua<\/a> ou efluentes<\/li>\r\n<li>Requisitos m\u00ednimos de inspe\u00e7\u00e3o e assist\u00eancia<\/li>\r\n<li>Fabricado em a\u00e7o-carbono ou a\u00e7o inoxid\u00e1vel, em conformidade com as especifica\u00e7\u00f5es mais exigentes<\/li>\r\n<\/ul>\r\n<h3>Elevada efici\u00eancia<\/h3>\r\n<ul>\r\n<li>Controlo do queimador com modula\u00e7\u00e3o total<\/li>\r\n<li>Dispon\u00edvel com recircula\u00e7\u00e3o do ar aquecido<\/li>\r\n<li>Efici\u00eancia padr\u00e3o de 90% com op\u00e7\u00f5es de economizador<\/li>\r\n<li>Baixas emiss\u00f5es, em conformidade com as normas europeias atuais e previstas<\/li>\r\n<\/ul>\r\n<\/div><!-- .vgblk-rw-wrapper -->","protected":false},"excerpt":{"rendered":"<p><strong>De 90 kW a 7 MW<\/strong><\/p>\n<p>Fabricados em a\u00e7o-carbono ou a\u00e7o inoxid\u00e1vel segundo as especifica\u00e7\u00f5es mais exigentes, os <a href=\"https:\/\/www.babcock-wanson.com\/pt-pt\/categoria-produto\/aquecedores-de-ar-industrial\/\">aquecedores de ar<\/a> para processos indiretos HTV-N fornecem ar quente limpo at\u00e9 350 \u00b0C. Os aquecedores podem ser equipados com portas de inspe\u00e7\u00e3o e limpeza, drenagem de condensados e juntas resistentes \u00e0 \u00e1gua, quando o processo o exigir, e utilizam procedimentos de soldadura especializados, para reduzir o risco de dep\u00f3sito de part\u00edculas na superf\u00edcie de aquecimento.<\/p>\n<p>\u00c9\u00a0HTV-N \u00e9 fornecido completo com um queimador totalmente adequado para a alimenta\u00e7\u00e3o a g\u00e1s ou \u00f3leo e um <a href=\"https:\/\/www.babcock-wanson.com\/pt-pt\/produtos\/sistemas-de-recuperacao\/economiser\/\">economizador<\/a> opcional, para funcionamento de muito elevada efici\u00eancia. O queimador de modula\u00e7\u00e3o fornece um controlo preciso da temperatura de descarga do ar do processo.<\/p>\n<p>Os aquecedores HTV-N simplificam e reduzem o custo total de instala\u00e7\u00e3o e opera\u00e7\u00e3o, quando comparados com os m\u00e9todos de aquecimento indireto tradicionais. Sobretudo para o planeamento de novas instala\u00e7\u00f5es, a necessidade de espa\u00e7o reduzido e a facilidade de opera\u00e7\u00e3o reduzem os custos globais e a necessidade de manuten\u00e7\u00e3o operacional normal.<\/p>\n","protected":false},"featured_media":30019,"comment_status":"closed","ping_status":"closed","template":"","meta":{"_acf_changed":false,"_relevanssi_hide_post":"","_relevanssi_hide_content":"","_relevanssi_pin_for_all":"","_relevanssi_pin_keywords":"","_relevanssi_unpin_keywords":"","_relevanssi_related_keywords":"","_relevanssi_related_include_ids":"","_relevanssi_related_exclude_ids":"","_relevanssi_related_no_append":"","_relevanssi_related_not_related":"","_relevanssi_related_posts":"","_relevanssi_noindex_reason":""},"product_brand":[],"product_cat":[5180],"product_tag":[],"class_list":{"0":"post-31074","1":"product","2":"type-product","3":"status-publish","4":"has-post-thumbnail","6":"product_cat-aquecedores-de-ar-industrial","8":"first","9":"instock","10":"shipping-taxable","11":"product-type-simple"},"acf":[],"yoast_head":"<!-- This site is optimized with the Yoast SEO Premium plugin v27.4 (Yoast SEO v27.4) - https:\/\/yoast.com\/product\/yoast-seo-premium-wordpress\/ -->\n<title>HTV-N Indirect Process Air Heater - Babcock Wanson<\/title>\n<meta name=\"description\" content=\"Os aquecedores de ar para processos indiretos HTV-N, fabricados em a\u00e7o-carbono ou inoxid\u00e1vel, fornecem ar quente limpo at\u00e9 350 \u00b0C. Saiba mais sobre estes aquecedores de ar aqui\" \/>\n<meta name=\"robots\" content=\"index, follow, max-snippet:-1, max-image-preview:large, max-video-preview:-1\" \/>\n<link rel=\"canonical\" href=\"https:\/\/www.babcock-wanson.com\/pt-pt\/produtos\/aquecedores-de-ar-industrial\/htv-n-para-processos-indiretos\/\" \/>\n<meta property=\"og:locale\" content=\"pt_PT\" \/>\n<meta property=\"og:type\" content=\"article\" \/>\n<meta property=\"og:title\" content=\"HTV-N (para processos indiretos)\" \/>\n<meta property=\"og:description\" content=\"Os aquecedores de ar para processos indiretos HTV-N, fabricados em a\u00e7o-carbono ou inoxid\u00e1vel, fornecem ar quente limpo at\u00e9 350 \u00b0C. Saiba mais sobre estes aquecedores de ar aqui\" \/>\n<meta property=\"og:url\" content=\"https:\/\/www.babcock-wanson.com\/pt-pt\/produtos\/aquecedores-de-ar-industrial\/htv-n-para-processos-indiretos\/\" \/>\n<meta property=\"og:site_name\" content=\"Babcock Wanson\" \/>\n<meta property=\"article:modified_time\" content=\"2021-11-08T00:33:26+00:00\" \/>\n<meta property=\"og:image\" content=\"https:\/\/www.babcock-wanson.com\/wp-content\/uploads\/2018\/08\/HTV-Indirect-Process-Air-Heaters-3.jpg\" \/>\n\t<meta property=\"og:image:width\" content=\"600\" \/>\n\t<meta property=\"og:image:height\" content=\"400\" \/>\n\t<meta property=\"og:image:type\" content=\"image\/jpeg\" \/>\n<meta name=\"twitter:card\" content=\"summary_large_image\" \/>\n<meta name=\"twitter:label1\" content=\"Est. reading time\" \/>\n\t<meta name=\"twitter:data1\" content=\"2 minutos\" \/>\n<script type=\"application\/ld+json\" class=\"yoast-schema-graph\">{\"@context\":\"https:\\\/\\\/schema.org\",\"@graph\":[{\"@type\":\"WebPage\",\"@id\":\"https:\\\/\\\/www.babcock-wanson.com\\\/pt-pt\\\/produtos\\\/aquecedores-de-ar-industrial\\\/htv-n-para-processos-indiretos\\\/\",\"url\":\"https:\\\/\\\/www.babcock-wanson.com\\\/pt-pt\\\/produtos\\\/aquecedores-de-ar-industrial\\\/htv-n-para-processos-indiretos\\\/\",\"name\":\"HTV-N Indirect Process Air Heater - Babcock Wanson\",\"isPartOf\":{\"@id\":\"https:\\\/\\\/www.babcock-wanson.com\\\/pt-pt\\\/#website\"},\"primaryImageOfPage\":{\"@id\":\"https:\\\/\\\/www.babcock-wanson.com\\\/pt-pt\\\/produtos\\\/aquecedores-de-ar-industrial\\\/htv-n-para-processos-indiretos\\\/#primaryimage\"},\"image\":{\"@id\":\"https:\\\/\\\/www.babcock-wanson.com\\\/pt-pt\\\/produtos\\\/aquecedores-de-ar-industrial\\\/htv-n-para-processos-indiretos\\\/#primaryimage\"},\"thumbnailUrl\":\"https:\\\/\\\/www.babcock-wanson.com\\\/wp-content\\\/uploads\\\/2018\\\/08\\\/HTV-Indirect-Process-Air-Heaters-3.jpg\",\"datePublished\":\"2018-08-15T10:40:28+00:00\",\"dateModified\":\"2021-11-08T00:33:26+00:00\",\"description\":\"Os aquecedores de ar para processos indiretos HTV-N, fabricados em a\u00e7o-carbono ou inoxid\u00e1vel, fornecem ar quente limpo at\u00e9 350 \u00b0C. Saiba mais sobre estes aquecedores de ar aqui\",\"breadcrumb\":{\"@id\":\"https:\\\/\\\/www.babcock-wanson.com\\\/pt-pt\\\/produtos\\\/aquecedores-de-ar-industrial\\\/htv-n-para-processos-indiretos\\\/#breadcrumb\"},\"inLanguage\":\"pt-PT\",\"potentialAction\":[{\"@type\":\"ReadAction\",\"target\":[\"https:\\\/\\\/www.babcock-wanson.com\\\/pt-pt\\\/produtos\\\/aquecedores-de-ar-industrial\\\/htv-n-para-processos-indiretos\\\/\"]}]},{\"@type\":\"ImageObject\",\"inLanguage\":\"pt-PT\",\"@id\":\"https:\\\/\\\/www.babcock-wanson.com\\\/pt-pt\\\/produtos\\\/aquecedores-de-ar-industrial\\\/htv-n-para-processos-indiretos\\\/#primaryimage\",\"url\":\"https:\\\/\\\/www.babcock-wanson.com\\\/wp-content\\\/uploads\\\/2018\\\/08\\\/HTV-Indirect-Process-Air-Heaters-3.jpg\",\"contentUrl\":\"https:\\\/\\\/www.babcock-wanson.com\\\/wp-content\\\/uploads\\\/2018\\\/08\\\/HTV-Indirect-Process-Air-Heaters-3.jpg\",\"width\":600,\"height\":400,\"caption\":\"HTV Aquecedor de ar para processos indiretos\"},{\"@type\":\"BreadcrumbList\",\"@id\":\"https:\\\/\\\/www.babcock-wanson.com\\\/pt-pt\\\/produtos\\\/aquecedores-de-ar-industrial\\\/htv-n-para-processos-indiretos\\\/#breadcrumb\",\"itemListElement\":[{\"@type\":\"ListItem\",\"position\":1,\"name\":\"Inicio\",\"item\":\"https:\\\/\\\/www.babcock-wanson.com\\\/pt-pt\\\/\"},{\"@type\":\"ListItem\",\"position\":2,\"name\":\"Produtos\",\"item\":\"https:\\\/\\\/www.babcock-wanson.com\\\/pt-pt\\\/shop\\\/\"},{\"@type\":\"ListItem\",\"position\":3,\"name\":\"Aquecedores de ar industrial\",\"item\":\"https:\\\/\\\/www.babcock-wanson.com\\\/pt-pt\\\/categoria-produto\\\/aquecedores-de-ar-industrial\\\/\"},{\"@type\":\"ListItem\",\"position\":4,\"name\":\"HTV-N (para processos indiretos)\"}]},{\"@type\":\"WebSite\",\"@id\":\"https:\\\/\\\/www.babcock-wanson.com\\\/pt-pt\\\/#website\",\"url\":\"https:\\\/\\\/www.babcock-wanson.com\\\/pt-pt\\\/\",\"name\":\"Babcock Wanson\",\"description\":\"\",\"publisher\":{\"@id\":\"https:\\\/\\\/www.babcock-wanson.com\\\/pt-pt\\\/#organization\"},\"potentialAction\":[{\"@type\":\"SearchAction\",\"target\":{\"@type\":\"EntryPoint\",\"urlTemplate\":\"https:\\\/\\\/www.babcock-wanson.com\\\/pt-pt\\\/?s={search_term_string}\"},\"query-input\":{\"@type\":\"PropertyValueSpecification\",\"valueRequired\":true,\"valueName\":\"search_term_string\"}}],\"inLanguage\":\"pt-PT\"},{\"@type\":\"Organization\",\"@id\":\"https:\\\/\\\/www.babcock-wanson.com\\\/pt-pt\\\/#organization\",\"name\":\"Babcock Wanson\",\"url\":\"https:\\\/\\\/www.babcock-wanson.com\\\/pt-pt\\\/\",\"logo\":{\"@type\":\"ImageObject\",\"inLanguage\":\"pt-PT\",\"@id\":\"https:\\\/\\\/www.babcock-wanson.com\\\/pt-pt\\\/#\\\/schema\\\/logo\\\/image\\\/\",\"url\":\"https:\\\/\\\/www.babcock-wanson.com\\\/wp-content\\\/uploads\\\/2024\\\/02\\\/Babcock-Wanson-1200x1200-1.png\",\"contentUrl\":\"https:\\\/\\\/www.babcock-wanson.com\\\/wp-content\\\/uploads\\\/2024\\\/02\\\/Babcock-Wanson-1200x1200-1.png\",\"width\":1200,\"height\":1200,\"caption\":\"Babcock Wanson\"},\"image\":{\"@id\":\"https:\\\/\\\/www.babcock-wanson.com\\\/pt-pt\\\/#\\\/schema\\\/logo\\\/image\\\/\"},\"sameAs\":[\"https:\\\/\\\/www.linkedin.com\\\/company\\\/babcock-wanson\\\/\",\"https:\\\/\\\/www.youtube.com\\\/channel\\\/UCtxl25VieBBsP2kYmtlyv7A\"]}]}<\/script>\n<!-- \/ Yoast SEO Premium plugin. -->","yoast_head_json":{"title":"HTV-N Indirect Process Air Heater - Babcock Wanson","description":"Os aquecedores de ar para processos indiretos HTV-N, fabricados em a\u00e7o-carbono ou inoxid\u00e1vel, fornecem ar quente limpo at\u00e9 350 \u00b0C. Saiba mais sobre estes aquecedores de ar aqui","robots":{"index":"index","follow":"follow","max-snippet":"max-snippet:-1","max-image-preview":"max-image-preview:large","max-video-preview":"max-video-preview:-1"},"canonical":"https:\/\/www.babcock-wanson.com\/pt-pt\/produtos\/aquecedores-de-ar-industrial\/htv-n-para-processos-indiretos\/","og_locale":"pt_PT","og_type":"article","og_title":"HTV-N (para processos indiretos)","og_description":"Os aquecedores de ar para processos indiretos HTV-N, fabricados em a\u00e7o-carbono ou inoxid\u00e1vel, fornecem ar quente limpo at\u00e9 350 \u00b0C. Saiba mais sobre estes aquecedores de ar aqui","og_url":"https:\/\/www.babcock-wanson.com\/pt-pt\/produtos\/aquecedores-de-ar-industrial\/htv-n-para-processos-indiretos\/","og_site_name":"Babcock Wanson","article_modified_time":"2021-11-08T00:33:26+00:00","og_image":[{"width":600,"height":400,"url":"https:\/\/www.babcock-wanson.com\/wp-content\/uploads\/2018\/08\/HTV-Indirect-Process-Air-Heaters-3.jpg","type":"image\/jpeg"}],"twitter_card":"summary_large_image","twitter_misc":{"Est. reading time":"2 minutos"},"schema":{"@context":"https:\/\/schema.org","@graph":[{"@type":"WebPage","@id":"https:\/\/www.babcock-wanson.com\/pt-pt\/produtos\/aquecedores-de-ar-industrial\/htv-n-para-processos-indiretos\/","url":"https:\/\/www.babcock-wanson.com\/pt-pt\/produtos\/aquecedores-de-ar-industrial\/htv-n-para-processos-indiretos\/","name":"HTV-N Indirect Process Air Heater - Babcock Wanson","isPartOf":{"@id":"https:\/\/www.babcock-wanson.com\/pt-pt\/#website"},"primaryImageOfPage":{"@id":"https:\/\/www.babcock-wanson.com\/pt-pt\/produtos\/aquecedores-de-ar-industrial\/htv-n-para-processos-indiretos\/#primaryimage"},"image":{"@id":"https:\/\/www.babcock-wanson.com\/pt-pt\/produtos\/aquecedores-de-ar-industrial\/htv-n-para-processos-indiretos\/#primaryimage"},"thumbnailUrl":"https:\/\/www.babcock-wanson.com\/wp-content\/uploads\/2018\/08\/HTV-Indirect-Process-Air-Heaters-3.jpg","datePublished":"2018-08-15T10:40:28+00:00","dateModified":"2021-11-08T00:33:26+00:00","description":"Os aquecedores de ar para processos indiretos HTV-N, fabricados em a\u00e7o-carbono ou inoxid\u00e1vel, fornecem ar quente limpo at\u00e9 350 \u00b0C. Saiba mais sobre estes aquecedores de ar aqui","breadcrumb":{"@id":"https:\/\/www.babcock-wanson.com\/pt-pt\/produtos\/aquecedores-de-ar-industrial\/htv-n-para-processos-indiretos\/#breadcrumb"},"inLanguage":"pt-PT","potentialAction":[{"@type":"ReadAction","target":["https:\/\/www.babcock-wanson.com\/pt-pt\/produtos\/aquecedores-de-ar-industrial\/htv-n-para-processos-indiretos\/"]}]},{"@type":"ImageObject","inLanguage":"pt-PT","@id":"https:\/\/www.babcock-wanson.com\/pt-pt\/produtos\/aquecedores-de-ar-industrial\/htv-n-para-processos-indiretos\/#primaryimage","url":"https:\/\/www.babcock-wanson.com\/wp-content\/uploads\/2018\/08\/HTV-Indirect-Process-Air-Heaters-3.jpg","contentUrl":"https:\/\/www.babcock-wanson.com\/wp-content\/uploads\/2018\/08\/HTV-Indirect-Process-Air-Heaters-3.jpg","width":600,"height":400,"caption":"HTV Aquecedor de ar para processos indiretos"},{"@type":"BreadcrumbList","@id":"https:\/\/www.babcock-wanson.com\/pt-pt\/produtos\/aquecedores-de-ar-industrial\/htv-n-para-processos-indiretos\/#breadcrumb","itemListElement":[{"@type":"ListItem","position":1,"name":"Inicio","item":"https:\/\/www.babcock-wanson.com\/pt-pt\/"},{"@type":"ListItem","position":2,"name":"Produtos","item":"https:\/\/www.babcock-wanson.com\/pt-pt\/shop\/"},{"@type":"ListItem","position":3,"name":"Aquecedores de ar industrial","item":"https:\/\/www.babcock-wanson.com\/pt-pt\/categoria-produto\/aquecedores-de-ar-industrial\/"},{"@type":"ListItem","position":4,"name":"HTV-N (para processos indiretos)"}]},{"@type":"WebSite","@id":"https:\/\/www.babcock-wanson.com\/pt-pt\/#website","url":"https:\/\/www.babcock-wanson.com\/pt-pt\/","name":"Babcock Wanson","description":"","publisher":{"@id":"https:\/\/www.babcock-wanson.com\/pt-pt\/#organization"},"potentialAction":[{"@type":"SearchAction","target":{"@type":"EntryPoint","urlTemplate":"https:\/\/www.babcock-wanson.com\/pt-pt\/?s={search_term_string}"},"query-input":{"@type":"PropertyValueSpecification","valueRequired":true,"valueName":"search_term_string"}}],"inLanguage":"pt-PT"},{"@type":"Organization","@id":"https:\/\/www.babcock-wanson.com\/pt-pt\/#organization","name":"Babcock Wanson","url":"https:\/\/www.babcock-wanson.com\/pt-pt\/","logo":{"@type":"ImageObject","inLanguage":"pt-PT","@id":"https:\/\/www.babcock-wanson.com\/pt-pt\/#\/schema\/logo\/image\/","url":"https:\/\/www.babcock-wanson.com\/wp-content\/uploads\/2024\/02\/Babcock-Wanson-1200x1200-1.png","contentUrl":"https:\/\/www.babcock-wanson.com\/wp-content\/uploads\/2024\/02\/Babcock-Wanson-1200x1200-1.png","width":1200,"height":1200,"caption":"Babcock Wanson"},"image":{"@id":"https:\/\/www.babcock-wanson.com\/pt-pt\/#\/schema\/logo\/image\/"},"sameAs":["https:\/\/www.linkedin.com\/company\/babcock-wanson\/","https:\/\/www.youtube.com\/channel\/UCtxl25VieBBsP2kYmtlyv7A"]}]}},"jetpack_sharing_enabled":true,"_links":{"self":[{"href":"https:\/\/www.babcock-wanson.com\/pt-pt\/wp-json\/wp\/v2\/product\/31074","targetHints":{"allow":["GET"]}}],"collection":[{"href":"https:\/\/www.babcock-wanson.com\/pt-pt\/wp-json\/wp\/v2\/product"}],"about":[{"href":"https:\/\/www.babcock-wanson.com\/pt-pt\/wp-json\/wp\/v2\/types\/product"}],"replies":[{"embeddable":true,"href":"https:\/\/www.babcock-wanson.com\/pt-pt\/wp-json\/wp\/v2\/comments?post=31074"}],"wp:featuredmedia":[{"embeddable":true,"href":"https:\/\/www.babcock-wanson.com\/pt-pt\/wp-json\/wp\/v2\/media\/30019"}],"wp:attachment":[{"href":"https:\/\/www.babcock-wanson.com\/pt-pt\/wp-json\/wp\/v2\/media?parent=31074"}],"wp:term":[{"taxonomy":"product_brand","embeddable":true,"href":"https:\/\/www.babcock-wanson.com\/pt-pt\/wp-json\/wp\/v2\/product_brand?post=31074"},{"taxonomy":"product_cat","embeddable":true,"href":"https:\/\/www.babcock-wanson.com\/pt-pt\/wp-json\/wp\/v2\/product_cat?post=31074"},{"taxonomy":"product_tag","embeddable":true,"href":"https:\/\/www.babcock-wanson.com\/pt-pt\/wp-json\/wp\/v2\/product_tag?post=31074"}],"curies":[{"name":"wp","href":"https:\/\/api.w.org\/{rel}","templated":true}]}}