{"id":31094,"date":"2018-09-19T13:42:13","date_gmt":"2018-09-19T12:42:13","guid":{"rendered":"https:\/\/www.babcock-wanson.com\/products\/sem%20categoria\/demineralisation-by-reverse-osmosis\/"},"modified":"2025-04-14T15:26:57","modified_gmt":"2025-04-14T14:26:57","slug":"desmineralizacao-por-osmose-inversa","status":"publish","type":"product","link":"https:\/\/www.babcock-wanson.com\/pt-pt\/produtos\/tratamento-de-agua-industrial\/desmineralizacao-por-osmose-inversa\/","title":{"rendered":"Desmineraliza\u00e7\u00e3o por osmose inversa"},"content":{"rendered":"<div class=\"vgblk-rw-wrapper limit-wrapper\">\r\n<h3>Aplica\u00e7\u00e3o industrial da BWO<\/h3>\r\n<ul>\r\n<li>Depura\u00e7\u00e3o de \u00e1gua de processo \u2013 A BWO pode ser usada para purificar a \u00e1gua de processo, conforme exigido para o tratamento de superf\u00edcies ou em laborat\u00f3rios de cosm\u00e9tica, etc.<\/li>\r\n<li>Depura\u00e7\u00e3o de \u00e1gua de caldeiras \u2013 A BWO tamb\u00e9m pode ser usada no tratamento da \u00e1gua de alimenta\u00e7\u00e3o de caldeiras. A \u00e1gua purificada produzida pela BWO permite reduzir o volume de purga da caldeira para aproximadamente 1%, garantindo, assim, o bom funcionamento das instala\u00e7\u00f5es de produ\u00e7\u00e3o de vapor e minimizando a perda de energia do processo.<\/li>\r\n<\/ul>\r\n<h3>Gama flex\u00edvel e completa<\/h3>\r\n<ul>\r\n<li>A desmineraliza\u00e7\u00e3o por osmose inversa BWO est\u00e1 dispon\u00edvel como conjuntos verticais e horizontais sobre patins, em fun\u00e7\u00e3o do fluxo de permeados. Esta funcionalidade assegura uma instala\u00e7\u00e3o simples e r\u00e1pida no local.<\/li>\r\n<li>Gama Standard de 600 l\/h a 10 000 l\/h, mais a gama Specific para fluxo de permeados \u00e0 medida.<\/li>\r\n<li>\u00c9 poss\u00edvel obter uma condutividade dos permeados inferior a 1 \u03bcS\/cm.<\/li>\r\n<li>A gama Specific pode ser adaptada \u00e0s suas necessidades e ocupa a menor \u00e1rea poss\u00edvel.<\/li>\r\n<\/ul>\r\n<h3>Equipamentos seguros e fi\u00e1veis<\/h3>\r\n<ul>\r\n<li>A op\u00e7\u00e3o de deriva\u00e7\u00e3o autom\u00e1tica da unidade de osmose assegura o funcionamento mais seguro para o processo e a produ\u00e7\u00e3o de vapor.<\/li>\r\n<li>A BWO permite garantir uma qualidade da \u00e1gua \u00e0 medida, satisfazendo as necessidades espec\u00edficas dos clientes.<\/li>\r\n<li>A rela\u00e7\u00e3o de energia global \u00e9 significativamente melhorada.<\/li>\r\n<li>O retorno do investimento \u00e9 muito alto.<\/li>\r\n<\/ul>\r\n<h3>Manuten\u00e7\u00e3o simples<\/h3>\r\n<ul>\r\n<li>A BWO inclui um mecanismo de prote\u00e7\u00e3o das membranas, sem custos de instala\u00e7\u00e3o adicionais.<\/li>\r\n<li>As v\u00e1lvulas de mistura da BWO ajudam a poupar nos produtos para <a href=\"https:\/\/www.babcock-wanson.com\/pt-pt\/categoria-produto\/tratamento-de-agua-industrial\/\">tratamento de \u00e1gua<\/a>.<\/li>\r\n<\/ul>\r\n<h3>Ecol\u00f3gica<\/h3>\r\n<ul>\r\n<li>A desmineraliza\u00e7\u00e3o por osmose inversa BWO assegura a utiliza\u00e7\u00e3o eficiente dos recursos, uma manuten\u00e7\u00e3o simples e o cumprimento das normas ambientais.<\/li>\r\n<li>A BWO apresenta um impacto ambiental reduzido, gra\u00e7as \u00e0 aus\u00eancia de reagentes qu\u00edmicos.<\/li>\r\n<\/ul>\r\n<p>&nbsp;<\/p>\r\n<h2>Caracter\u00edsticas<\/h2>\r\n<h3>Modelo vertical<\/h3>\r\n<table>\r\n<tbody>\r\n<tr>\r\n<th>Modelo<\/th>\r\n<th>\u00a0<\/th>\r\n<th>BWOV 600<\/th>\r\n<th>BWOV 900<\/th>\r\n<th>BWOV 1500<\/th>\r\n<th>BWOV 2100<\/th>\r\n<th>BWOV 3000<\/th>\r\n<th>BWOV 4500<\/th>\r\n<th>BWOV 5500<\/th>\r\n<\/tr>\r\n<tr>\r\n<th>Taxa de permeado a 15 \u00b0C<\/th>\r\n<th>l\/h<\/th>\r\n<td>600<\/td>\r\n<td>900<\/td>\r\n<td>1500<\/td>\r\n<td>2100<\/td>\r\n<td>3000<\/td>\r\n<td>4500<\/td>\r\n<td>5500<\/td>\r\n<\/tr>\r\n<tr>\r\n<th>Caudal de alimenta\u00e7\u00e3o<\/th>\r\n<th>l\/h<\/th>\r\n<td>800<\/td>\r\n<td>1200<\/td>\r\n<td>2000<\/td>\r\n<td>2800<\/td>\r\n<td>4000<\/td>\r\n<td>6000<\/td>\r\n<td>7333<\/td>\r\n<\/tr>\r\n<tr>\r\n<th>Largura<\/th>\r\n<th>mm<\/th>\r\n<td>900<\/td>\r\n<td>900<\/td>\r\n<td>1700<\/td>\r\n<td>1700<\/td>\r\n<td>1500<\/td>\r\n<td>1500<\/td>\r\n<td>1500<\/td>\r\n<\/tr>\r\n<tr>\r\n<th>Comprimento<\/th>\r\n<th>mm<\/th>\r\n<td>560<\/td>\r\n<td>560<\/td>\r\n<td>560<\/td>\r\n<td>560<\/td>\r\n<td>1100<\/td>\r\n<td>1100<\/td>\r\n<td>1100<\/td>\r\n<\/tr>\r\n<tr>\r\n<th>Altura<\/th>\r\n<th>mm<\/th>\r\n<td>1500<\/td>\r\n<td>1500<\/td>\r\n<td>1700<\/td>\r\n<td>1700<\/td>\r\n<td>2100<\/td>\r\n<td>2100<\/td>\r\n<td>2100<\/td>\r\n<\/tr>\r\n<\/tbody>\r\n<\/table>\r\n<h3>Modelo horizontal<\/h3>\r\n<table>\r\n<tbody>\r\n<tr>\r\n<th>Modelo<\/th>\r\n<th>\u00a0<\/th>\r\n<th>BWOH 3000<\/th>\r\n<th>BWOH 3500<\/th>\r\n<th>BWOH 4500<\/th>\r\n<th>BWOH 5500<\/th>\r\n<th>BWOH 7500<\/th>\r\n<th>BWOH 10000<\/th>\r\n<\/tr>\r\n<tr>\r\n<th>Taxa de permeado a 15 \u00b0C<\/th>\r\n<th>l\/h<\/th>\r\n<td>3000<\/td>\r\n<td>3500<\/td>\r\n<td>4500<\/td>\r\n<td>5500<\/td>\r\n<td>7500<\/td>\r\n<td>10000<\/td>\r\n<\/tr>\r\n<tr>\r\n<th>Caudal de alimenta\u00e7\u00e3o<\/th>\r\n<th>l\/h<\/th>\r\n<td>4000<\/td>\r\n<td>4667<\/td>\r\n<td>6000<\/td>\r\n<td>7333<\/td>\r\n<td>10000<\/td>\r\n<td>13333<\/td>\r\n<\/tr>\r\n<tr>\r\n<th>Largura<\/th>\r\n<th>mm<\/th>\r\n<td>2600<\/td>\r\n<td>3600<\/td>\r\n<td>3600<\/td>\r\n<td>3000<\/td>\r\n<td>3000<\/td>\r\n<td>3000<\/td>\r\n<\/tr>\r\n<tr>\r\n<th>Comprimento<\/th>\r\n<th>mm<\/th>\r\n<td>600<\/td>\r\n<td>600<\/td>\r\n<td>600<\/td>\r\n<td>1000<\/td>\r\n<td>1000<\/td>\r\n<td>1000<\/td>\r\n<\/tr>\r\n<tr>\r\n<th>Altura<\/th>\r\n<th>mm<\/th>\r\n<td>1600<\/td>\r\n<td>1600<\/td>\r\n<td>1600<\/td>\r\n<td>2100<\/td>\r\n<td>2100<\/td>\r\n<td>2100<\/td>\r\n<\/tr>\r\n<\/tbody>\r\n<\/table>\r\n<\/div><!-- .vgblk-rw-wrapper -->","protected":false},"excerpt":{"rendered":"<p><strong>Standard: fluxo de permeados entre 600 e 10 000 litros por hora <\/strong><br \/><strong>Specific: \u00e0 medida das exig\u00eancias de cada instala\u00e7\u00e3o<\/strong><\/p>\n<p>A desmineraliza\u00e7\u00e3o por osmose inversa BWO \u00e9 uma tecnologia de depura\u00e7\u00e3o de \u00e1gua, que usa membranas semisseletivas e uma press\u00e3o externa.<\/p>\n<p>A BWO foi concebida para remover eficazmente da \u00e1gua diferentes tipos de elementos dissolvidos e em suspens\u00e3o, como i\u00f5es, mol\u00e9culas, bact\u00e9rias ou part\u00edculas maiores. Usa membranas de baixa energia e inclui equipamentos totalmente automatizados e um controlador l\u00f3gico program\u00e1vel (PLC), configur\u00e1vel para gest\u00e3o da seguran\u00e7a e dos alarmes.<\/p>\n<p>A Babcock Wanson desenvolveu uma gama completa de equipamentos de osmose inversa, que permitem satisfazer e otimizar as necessidades da ind\u00fastria. A s\u00e9rie Standard disponibiliza um fluxo de permeados de 600 a 10 000 litros por hora. A nossa gama Specific \u00e9 adapt\u00e1vel a quaisquer necessidades.<\/p>\n","protected":false},"featured_media":29884,"comment_status":"closed","ping_status":"closed","template":"","meta":{"_acf_changed":false,"_relevanssi_hide_post":"","_relevanssi_hide_content":"","_relevanssi_pin_for_all":"","_relevanssi_pin_keywords":"","_relevanssi_unpin_keywords":"","_relevanssi_related_keywords":"","_relevanssi_related_include_ids":"","_relevanssi_related_exclude_ids":"","_relevanssi_related_no_append":"","_relevanssi_related_not_related":"","_relevanssi_related_posts":"","_relevanssi_noindex_reason":""},"product_brand":[],"product_cat":[5182],"product_tag":[],"class_list":{"0":"post-31094","1":"product","2":"type-product","3":"status-publish","4":"has-post-thumbnail","6":"product_cat-tratamento-de-agua-industrial","8":"first","9":"instock","10":"shipping-taxable","11":"product-type-simple"},"acf":[],"yoast_head":"<!-- This site is optimized with the Yoast SEO Premium plugin v27.1 (Yoast SEO v27.1.1) - https:\/\/yoast.com\/product\/yoast-seo-premium-wordpress\/ -->\n<title>Desmineraliza\u00e7\u00e3o por osmose inversa - Babcock Wanson<\/title>\n<meta name=\"description\" content=\"A Babcock Wanson desenvolveu uma gama completa de equipamentos de osmose inversa que permitem satisfazer e otimizar as necessidades da ind\u00fastria. Saiba mais sobre esta gama aqui\" \/>\n<meta name=\"robots\" content=\"index, follow, max-snippet:-1, max-image-preview:large, max-video-preview:-1\" \/>\n<link rel=\"canonical\" href=\"https:\/\/www.babcock-wanson.com\/pt-pt\/produtos\/tratamento-de-agua-industrial\/desmineralizacao-por-osmose-inversa\/\" \/>\n<meta property=\"og:locale\" content=\"pt_PT\" \/>\n<meta property=\"og:type\" content=\"article\" \/>\n<meta property=\"og:title\" content=\"Desmineraliza\u00e7\u00e3o por osmose inversa\" \/>\n<meta property=\"og:description\" content=\"A Babcock Wanson desenvolveu uma gama completa de equipamentos de osmose inversa que permitem satisfazer e otimizar as necessidades da ind\u00fastria. Saiba mais sobre esta gama aqui\" \/>\n<meta property=\"og:url\" content=\"https:\/\/www.babcock-wanson.com\/pt-pt\/produtos\/tratamento-de-agua-industrial\/desmineralizacao-por-osmose-inversa\/\" \/>\n<meta property=\"og:site_name\" content=\"Babcock Wanson\" \/>\n<meta property=\"article:modified_time\" content=\"2025-04-14T14:26:57+00:00\" \/>\n<meta property=\"og:image\" content=\"https:\/\/www.babcock-wanson.com\/wp-content\/uploads\/2018\/09\/demineralisation-by-reverse-osmosis-2.jpg\" \/>\n\t<meta property=\"og:image:width\" content=\"600\" \/>\n\t<meta property=\"og:image:height\" content=\"400\" \/>\n\t<meta property=\"og:image:type\" content=\"image\/jpeg\" \/>\n<meta name=\"twitter:card\" content=\"summary_large_image\" \/>\n<meta name=\"twitter:label1\" content=\"Est. reading time\" \/>\n\t<meta name=\"twitter:data1\" content=\"3 minutos\" \/>\n<script type=\"application\/ld+json\" class=\"yoast-schema-graph\">{\"@context\":\"https:\/\/schema.org\",\"@graph\":[{\"@type\":\"WebPage\",\"@id\":\"https:\/\/www.babcock-wanson.com\/pt-pt\/produtos\/tratamento-de-agua-industrial\/desmineralizacao-por-osmose-inversa\/\",\"url\":\"https:\/\/www.babcock-wanson.com\/pt-pt\/produtos\/tratamento-de-agua-industrial\/desmineralizacao-por-osmose-inversa\/\",\"name\":\"Desmineraliza\u00e7\u00e3o por osmose inversa - Babcock Wanson\",\"isPartOf\":{\"@id\":\"https:\/\/www.babcock-wanson.com\/pt-pt\/#website\"},\"primaryImageOfPage\":{\"@id\":\"https:\/\/www.babcock-wanson.com\/pt-pt\/produtos\/tratamento-de-agua-industrial\/desmineralizacao-por-osmose-inversa\/#primaryimage\"},\"image\":{\"@id\":\"https:\/\/www.babcock-wanson.com\/pt-pt\/produtos\/tratamento-de-agua-industrial\/desmineralizacao-por-osmose-inversa\/#primaryimage\"},\"thumbnailUrl\":\"https:\/\/www.babcock-wanson.com\/wp-content\/uploads\/2018\/09\/demineralisation-by-reverse-osmosis-2.jpg\",\"datePublished\":\"2018-09-19T12:42:13+00:00\",\"dateModified\":\"2025-04-14T14:26:57+00:00\",\"description\":\"A Babcock Wanson desenvolveu uma gama completa de equipamentos de osmose inversa que permitem satisfazer e otimizar as necessidades da ind\u00fastria. Saiba mais sobre esta gama aqui\",\"breadcrumb\":{\"@id\":\"https:\/\/www.babcock-wanson.com\/pt-pt\/produtos\/tratamento-de-agua-industrial\/desmineralizacao-por-osmose-inversa\/#breadcrumb\"},\"inLanguage\":\"pt-PT\",\"potentialAction\":[{\"@type\":\"ReadAction\",\"target\":[\"https:\/\/www.babcock-wanson.com\/pt-pt\/produtos\/tratamento-de-agua-industrial\/desmineralizacao-por-osmose-inversa\/\"]}]},{\"@type\":\"ImageObject\",\"inLanguage\":\"pt-PT\",\"@id\":\"https:\/\/www.babcock-wanson.com\/pt-pt\/produtos\/tratamento-de-agua-industrial\/desmineralizacao-por-osmose-inversa\/#primaryimage\",\"url\":\"https:\/\/www.babcock-wanson.com\/wp-content\/uploads\/2018\/09\/demineralisation-by-reverse-osmosis-2.jpg\",\"contentUrl\":\"https:\/\/www.babcock-wanson.com\/wp-content\/uploads\/2018\/09\/demineralisation-by-reverse-osmosis-2.jpg\",\"width\":600,\"height\":400,\"caption\":\"Desmineraliza\u00e7\u00e3o por Osmose Inversa\"},{\"@type\":\"BreadcrumbList\",\"@id\":\"https:\/\/www.babcock-wanson.com\/pt-pt\/produtos\/tratamento-de-agua-industrial\/desmineralizacao-por-osmose-inversa\/#breadcrumb\",\"itemListElement\":[{\"@type\":\"ListItem\",\"position\":1,\"name\":\"Inicio\",\"item\":\"https:\/\/www.babcock-wanson.com\/pt-pt\/\"},{\"@type\":\"ListItem\",\"position\":2,\"name\":\"Produtos\",\"item\":\"https:\/\/www.babcock-wanson.com\/pt-pt\/shop\/\"},{\"@type\":\"ListItem\",\"position\":3,\"name\":\"Tratamento de \u00e1gua industrial\",\"item\":\"https:\/\/www.babcock-wanson.com\/pt-pt\/categoria-produto\/tratamento-de-agua-industrial\/\"},{\"@type\":\"ListItem\",\"position\":4,\"name\":\"Desmineraliza\u00e7\u00e3o por osmose inversa\"}]},{\"@type\":\"WebSite\",\"@id\":\"https:\/\/www.babcock-wanson.com\/pt-pt\/#website\",\"url\":\"https:\/\/www.babcock-wanson.com\/pt-pt\/\",\"name\":\"Babcock Wanson\",\"description\":\"\",\"publisher\":{\"@id\":\"https:\/\/www.babcock-wanson.com\/pt-pt\/#organization\"},\"potentialAction\":[{\"@type\":\"SearchAction\",\"target\":{\"@type\":\"EntryPoint\",\"urlTemplate\":\"https:\/\/www.babcock-wanson.com\/pt-pt\/?s={search_term_string}\"},\"query-input\":{\"@type\":\"PropertyValueSpecification\",\"valueRequired\":true,\"valueName\":\"search_term_string\"}}],\"inLanguage\":\"pt-PT\"},{\"@type\":\"Organization\",\"@id\":\"https:\/\/www.babcock-wanson.com\/pt-pt\/#organization\",\"name\":\"Babcock Wanson\",\"url\":\"https:\/\/www.babcock-wanson.com\/pt-pt\/\",\"logo\":{\"@type\":\"ImageObject\",\"inLanguage\":\"pt-PT\",\"@id\":\"https:\/\/www.babcock-wanson.com\/pt-pt\/#\/schema\/logo\/image\/\",\"url\":\"https:\/\/www.babcock-wanson.com\/wp-content\/uploads\/2024\/02\/Babcock-Wanson-1200x1200-1.png\",\"contentUrl\":\"https:\/\/www.babcock-wanson.com\/wp-content\/uploads\/2024\/02\/Babcock-Wanson-1200x1200-1.png\",\"width\":1200,\"height\":1200,\"caption\":\"Babcock Wanson\"},\"image\":{\"@id\":\"https:\/\/www.babcock-wanson.com\/pt-pt\/#\/schema\/logo\/image\/\"},\"sameAs\":[\"https:\/\/www.linkedin.com\/company\/babcock-wanson\/\",\"https:\/\/www.youtube.com\/channel\/UCtxl25VieBBsP2kYmtlyv7A\"]}]}<\/script>\n<!-- \/ Yoast SEO Premium plugin. -->","yoast_head_json":{"title":"Desmineraliza\u00e7\u00e3o por osmose inversa - Babcock Wanson","description":"A Babcock Wanson desenvolveu uma gama completa de equipamentos de osmose inversa que permitem satisfazer e otimizar as necessidades da ind\u00fastria. Saiba mais sobre esta gama aqui","robots":{"index":"index","follow":"follow","max-snippet":"max-snippet:-1","max-image-preview":"max-image-preview:large","max-video-preview":"max-video-preview:-1"},"canonical":"https:\/\/www.babcock-wanson.com\/pt-pt\/produtos\/tratamento-de-agua-industrial\/desmineralizacao-por-osmose-inversa\/","og_locale":"pt_PT","og_type":"article","og_title":"Desmineraliza\u00e7\u00e3o por osmose inversa","og_description":"A Babcock Wanson desenvolveu uma gama completa de equipamentos de osmose inversa que permitem satisfazer e otimizar as necessidades da ind\u00fastria. Saiba mais sobre esta gama aqui","og_url":"https:\/\/www.babcock-wanson.com\/pt-pt\/produtos\/tratamento-de-agua-industrial\/desmineralizacao-por-osmose-inversa\/","og_site_name":"Babcock Wanson","article_modified_time":"2025-04-14T14:26:57+00:00","og_image":[{"width":600,"height":400,"url":"https:\/\/www.babcock-wanson.com\/wp-content\/uploads\/2018\/09\/demineralisation-by-reverse-osmosis-2.jpg","type":"image\/jpeg"}],"twitter_card":"summary_large_image","twitter_misc":{"Est. reading time":"3 minutos"},"schema":{"@context":"https:\/\/schema.org","@graph":[{"@type":"WebPage","@id":"https:\/\/www.babcock-wanson.com\/pt-pt\/produtos\/tratamento-de-agua-industrial\/desmineralizacao-por-osmose-inversa\/","url":"https:\/\/www.babcock-wanson.com\/pt-pt\/produtos\/tratamento-de-agua-industrial\/desmineralizacao-por-osmose-inversa\/","name":"Desmineraliza\u00e7\u00e3o por osmose inversa - Babcock Wanson","isPartOf":{"@id":"https:\/\/www.babcock-wanson.com\/pt-pt\/#website"},"primaryImageOfPage":{"@id":"https:\/\/www.babcock-wanson.com\/pt-pt\/produtos\/tratamento-de-agua-industrial\/desmineralizacao-por-osmose-inversa\/#primaryimage"},"image":{"@id":"https:\/\/www.babcock-wanson.com\/pt-pt\/produtos\/tratamento-de-agua-industrial\/desmineralizacao-por-osmose-inversa\/#primaryimage"},"thumbnailUrl":"https:\/\/www.babcock-wanson.com\/wp-content\/uploads\/2018\/09\/demineralisation-by-reverse-osmosis-2.jpg","datePublished":"2018-09-19T12:42:13+00:00","dateModified":"2025-04-14T14:26:57+00:00","description":"A Babcock Wanson desenvolveu uma gama completa de equipamentos de osmose inversa que permitem satisfazer e otimizar as necessidades da ind\u00fastria. Saiba mais sobre esta gama aqui","breadcrumb":{"@id":"https:\/\/www.babcock-wanson.com\/pt-pt\/produtos\/tratamento-de-agua-industrial\/desmineralizacao-por-osmose-inversa\/#breadcrumb"},"inLanguage":"pt-PT","potentialAction":[{"@type":"ReadAction","target":["https:\/\/www.babcock-wanson.com\/pt-pt\/produtos\/tratamento-de-agua-industrial\/desmineralizacao-por-osmose-inversa\/"]}]},{"@type":"ImageObject","inLanguage":"pt-PT","@id":"https:\/\/www.babcock-wanson.com\/pt-pt\/produtos\/tratamento-de-agua-industrial\/desmineralizacao-por-osmose-inversa\/#primaryimage","url":"https:\/\/www.babcock-wanson.com\/wp-content\/uploads\/2018\/09\/demineralisation-by-reverse-osmosis-2.jpg","contentUrl":"https:\/\/www.babcock-wanson.com\/wp-content\/uploads\/2018\/09\/demineralisation-by-reverse-osmosis-2.jpg","width":600,"height":400,"caption":"Desmineraliza\u00e7\u00e3o por Osmose Inversa"},{"@type":"BreadcrumbList","@id":"https:\/\/www.babcock-wanson.com\/pt-pt\/produtos\/tratamento-de-agua-industrial\/desmineralizacao-por-osmose-inversa\/#breadcrumb","itemListElement":[{"@type":"ListItem","position":1,"name":"Inicio","item":"https:\/\/www.babcock-wanson.com\/pt-pt\/"},{"@type":"ListItem","position":2,"name":"Produtos","item":"https:\/\/www.babcock-wanson.com\/pt-pt\/shop\/"},{"@type":"ListItem","position":3,"name":"Tratamento de \u00e1gua industrial","item":"https:\/\/www.babcock-wanson.com\/pt-pt\/categoria-produto\/tratamento-de-agua-industrial\/"},{"@type":"ListItem","position":4,"name":"Desmineraliza\u00e7\u00e3o por osmose inversa"}]},{"@type":"WebSite","@id":"https:\/\/www.babcock-wanson.com\/pt-pt\/#website","url":"https:\/\/www.babcock-wanson.com\/pt-pt\/","name":"Babcock Wanson","description":"","publisher":{"@id":"https:\/\/www.babcock-wanson.com\/pt-pt\/#organization"},"potentialAction":[{"@type":"SearchAction","target":{"@type":"EntryPoint","urlTemplate":"https:\/\/www.babcock-wanson.com\/pt-pt\/?s={search_term_string}"},"query-input":{"@type":"PropertyValueSpecification","valueRequired":true,"valueName":"search_term_string"}}],"inLanguage":"pt-PT"},{"@type":"Organization","@id":"https:\/\/www.babcock-wanson.com\/pt-pt\/#organization","name":"Babcock Wanson","url":"https:\/\/www.babcock-wanson.com\/pt-pt\/","logo":{"@type":"ImageObject","inLanguage":"pt-PT","@id":"https:\/\/www.babcock-wanson.com\/pt-pt\/#\/schema\/logo\/image\/","url":"https:\/\/www.babcock-wanson.com\/wp-content\/uploads\/2024\/02\/Babcock-Wanson-1200x1200-1.png","contentUrl":"https:\/\/www.babcock-wanson.com\/wp-content\/uploads\/2024\/02\/Babcock-Wanson-1200x1200-1.png","width":1200,"height":1200,"caption":"Babcock Wanson"},"image":{"@id":"https:\/\/www.babcock-wanson.com\/pt-pt\/#\/schema\/logo\/image\/"},"sameAs":["https:\/\/www.linkedin.com\/company\/babcock-wanson\/","https:\/\/www.youtube.com\/channel\/UCtxl25VieBBsP2kYmtlyv7A"]}]}},"jetpack_sharing_enabled":true,"_links":{"self":[{"href":"https:\/\/www.babcock-wanson.com\/pt-pt\/wp-json\/wp\/v2\/product\/31094","targetHints":{"allow":["GET"]}}],"collection":[{"href":"https:\/\/www.babcock-wanson.com\/pt-pt\/wp-json\/wp\/v2\/product"}],"about":[{"href":"https:\/\/www.babcock-wanson.com\/pt-pt\/wp-json\/wp\/v2\/types\/product"}],"replies":[{"embeddable":true,"href":"https:\/\/www.babcock-wanson.com\/pt-pt\/wp-json\/wp\/v2\/comments?post=31094"}],"wp:featuredmedia":[{"embeddable":true,"href":"https:\/\/www.babcock-wanson.com\/pt-pt\/wp-json\/wp\/v2\/media\/29884"}],"wp:attachment":[{"href":"https:\/\/www.babcock-wanson.com\/pt-pt\/wp-json\/wp\/v2\/media?parent=31094"}],"wp:term":[{"taxonomy":"product_brand","embeddable":true,"href":"https:\/\/www.babcock-wanson.com\/pt-pt\/wp-json\/wp\/v2\/product_brand?post=31094"},{"taxonomy":"product_cat","embeddable":true,"href":"https:\/\/www.babcock-wanson.com\/pt-pt\/wp-json\/wp\/v2\/product_cat?post=31094"},{"taxonomy":"product_tag","embeddable":true,"href":"https:\/\/www.babcock-wanson.com\/pt-pt\/wp-json\/wp\/v2\/product_tag?post=31094"}],"curies":[{"name":"wp","href":"https:\/\/api.w.org\/{rel}","templated":true}]}}