{"id":31098,"date":"2018-09-19T13:42:09","date_gmt":"2018-09-19T12:42:09","guid":{"rendered":"https:\/\/www.babcock-wanson.com\/products\/sem%20categoria\/filtration\/"},"modified":"2022-01-05T16:15:09","modified_gmt":"2022-01-05T16:15:09","slug":"filtracao","status":"publish","type":"product","link":"https:\/\/www.babcock-wanson.com\/pt-pt\/produtos\/tratamento-de-agua-industrial\/filtracao\/","title":{"rendered":"Filtra\u00e7\u00e3o de \u00e1gua"},"content":{"rendered":"<div class=\"vgblk-rw-wrapper limit-wrapper\">\r\n<h3>Aplica\u00e7\u00e3o da filtra\u00e7\u00e3o na ind\u00fastria<\/h3>\r\n<ul>\r\n<li>\u00c1gua de processo industrial<\/li>\r\n<li>Pode ser aplicada para remover \u00f3leos, s\u00f3lidos e outros contaminantes em suspens\u00e3o, para obter \u00e1gua de alta qualidade.<\/li>\r\n<li>\u00c1gua pot\u00e1vel<\/li>\r\n<li>\u00c1gua para alimenta\u00e7\u00e3o de caldeiras<\/li>\r\n<li>As caldeiras de vapor requerem \u00e1gua de alimenta\u00e7\u00e3o de alta qualidade, para garantir o controlo total do risco de corros\u00e3o e prevenir incrusta\u00e7\u00f5es nas superf\u00edcies h\u00famidas da caldeira. A filtra\u00e7\u00e3o \u00e9 tamb\u00e9m necess\u00e1ria para o pr\u00e9-tratamento antes da ultrafiltra\u00e7\u00e3o ou da osmose inversa.<\/li>\r\n<li>Pr\u00e9-tratamento de sistemas de permuta de i\u00f5es em circuitos de refrigera\u00e7\u00e3o.<\/li>\r\n<\/ul>\r\n<h3>Gama flex\u00edvel e completa<\/h3>\r\n<ul>\r\n<li>A nossa vasta gama de sistemas de filtra\u00e7\u00e3o permite-nos adapt\u00e1-los \u00e0s necessidades de cada local, ao mesmo tempo que otimizamos os custos operacionais e de manuten\u00e7\u00e3o.<\/li>\r\n<li>Os designs compactos e montados sobre patins exigem, muitas vezes, uma \u00e1rea de pavimento menor do que as instala\u00e7\u00f5es convencionais constru\u00eddas no local.<\/li>\r\n<\/ul>\r\n<h3>Instala\u00e7\u00e3o e manuten\u00e7\u00e3o simples<\/h3>\r\n<ul>\r\n<li>Sistema de controlo totalmente integrado e testado de f\u00e1brica, para uma instala\u00e7\u00e3o simples no local.<\/li>\r\n<li>O sistema de filtra\u00e7\u00e3o pode ser adaptado para \u00e1gua com concentra\u00e7\u00e3o de entrada vari\u00e1vel.<\/li>\r\n<li>O processo de lavagem pode ser personalizado com base no tempo, volume ou diferen\u00e7a de press\u00e3o.<\/li>\r\n<li>A lavagem pode ser realizada com contracorrente de \u00e1gua n\u00e3o tratada ou \u00e1gua filtrada.<\/li>\r\n<\/ul>\r\n<h3>Equipamentos fi\u00e1veis e seguros<\/h3>\r\n<ul>\r\n<li>Para selecionar o regime de tratamento, a Babcock Wanson tem em conta as carater\u00edsticas da \u00e1gua n\u00e3o tratada, o tipo de caldeira, a qualidade da \u00e1gua do processo, o retorno dos condensados, a qualidade do vapor a produzir e outros par\u00e2metros da instala\u00e7\u00e3o.<\/li>\r\n<li>Os nossos contratos de manuten\u00e7\u00e3o permitem a revis\u00e3o anual dos melhoramentos da qualidade e o controlo pormenorizado dos custos.<\/li>\r\n<\/ul>\r\n<h2>Caracter\u00edsticas<\/h2>\r\n<h3>Duplex &#8211; 2750\/2850\/3150 &#8211; FMC &#8211; S\/D<\/h3>\r\n<table>\r\n<tbody>\r\n<tr>\r\n<th>Modelo Duplex<\/th>\r\n<th>\u00a0<\/th>\r\n<th>1450<\/th>\r\n<th>1665<\/th>\r\n<th>1865<\/th>\r\n<th>2160<\/th>\r\n<th>2469<\/th>\r\n<th>3072<\/th>\r\n<th>3672<\/th>\r\n<th>4272<\/th>\r\n<\/tr>\r\n<tr>\r\n<th>D\u00e9bito m\u00e1ximo*<\/th>\r\n<th>(m\u00b3\/h)<\/th>\r\n<td>1.5<\/td>\r\n<td>2.0<\/td>\r\n<td>2.8<\/td>\r\n<td>3.6<\/td>\r\n<td>4.6<\/td>\r\n<td>7.2<\/td>\r\n<td>10.4<\/td>\r\n<td>14.0<\/td>\r\n<\/tr>\r\n<tr>\r\n<th>Di\u00e2metro (A)<\/th>\r\n<th>mm<\/th>\r\n<td>268<\/td>\r\n<td>406<\/td>\r\n<td>469<\/td>\r\n<td>552<\/td>\r\n<td>610<\/td>\r\n<td>770<\/td>\r\n<td>927<\/td>\r\n<td>1074<\/td>\r\n<\/tr>\r\n<tr>\r\n<th>Altura (B)<\/th>\r\n<th>mm<\/th>\r\n<td>1815<\/td>\r\n<td>1802<\/td>\r\n<td>1896<\/td>\r\n<td>1795<\/td>\r\n<td>2040<\/td>\r\n<td>2502<\/td>\r\n<td>2559<\/td>\r\n<td>2669<\/td>\r\n<\/tr>\r\n<\/tbody>\r\n<\/table>\r\n<h3>Triplex &#8211; F &#8211; ECO &#8211; MV &#8211; T &#8211; S<\/h3>\r\n<table>\r\n<tbody>\r\n<tr>\r\n<th>Modelo Triplex<\/th>\r\n<th>\u00a0<\/th>\r\n<th>18<\/th>\r\n<th>21<\/th>\r\n<th>24<\/th>\r\n<th>30<\/th>\r\n<th>36<\/th>\r\n<th>42<\/th>\r\n<th>48<\/th>\r\n<th>63<\/th>\r\n<\/tr>\r\n<tr>\r\n<th>D\u00e9bito m\u00e1ximo*<\/th>\r\n<th>(m\u00b3\/h)<\/th>\r\n<td>7.77<\/td>\r\n<td>10.77<\/td>\r\n<td>13.14<\/td>\r\n<td>20.94<\/td>\r\n<td>30.36<\/td>\r\n<td>40.74<\/td>\r\n<td>52.59<\/td>\r\n<td>93.06<\/td>\r\n<\/tr>\r\n<tr>\r\n<th>Di\u00e2metro (A)<\/th>\r\n<th>mm<\/th>\r\n<td>469<\/td>\r\n<td>552<\/td>\r\n<td>610<\/td>\r\n<td>770<\/td>\r\n<td>927<\/td>\r\n<td>1074<\/td>\r\n<td>1220<\/td>\r\n<td>1623<\/td>\r\n<\/tr>\r\n<tr>\r\n<th>Altura (B)<\/th>\r\n<th>mm<\/th>\r\n<td>2300<\/td>\r\n<td>2300<\/td>\r\n<td>2400<\/td>\r\n<td>2500<\/td>\r\n<td>2500<\/td>\r\n<td>2600<\/td>\r\n<td>2700<\/td>\r\n<td>2800<\/td>\r\n<\/tr>\r\n<\/tbody>\r\n<\/table>\r\n<p>*D\u00e9bito m\u00e1ximo de filtra\u00e7\u00e3o a 15 m3\/h<\/p>\r\n<\/div><!-- .vgblk-rw-wrapper -->","protected":false},"excerpt":{"rendered":"<p><strong>Standard: duplex ou triplex. Fluxo de \u00e1gua de 1 a 93 m3\/h <br \/>Specific: \u00c0 medida das exig\u00eancias de cada instala\u00e7\u00e3o<\/strong><\/p>\n<p>A Babcock Wanson, especialista em solu\u00e7\u00f5es para casas de caldeiras e <a href=\"https:\/\/www.babcock-wanson.com\/pt-pt\/categoria-produto\/tratamento-de-agua-industrial\/\">tratamento de \u00e1gua<\/a>, disponibiliza um vasto leque de sistemas de filtra\u00e7\u00e3o de \u00e1gua industrial. A nossa equipa est\u00e1 a postos para conceber e instalar os equipamentos mais eficientes e mais rent\u00e1veis para cada aplica\u00e7\u00e3o espec\u00edfica. Cada sistema de filtra\u00e7\u00e3o \u00e9 \u00fanico e personalizado para satisfazer as necessidades do processo.<\/p>\n<p>S\u00e3o utilizados diferentes meios de filtra\u00e7\u00e3o, em fun\u00e7\u00e3o das carater\u00edsticas f\u00edsico-qu\u00edmicas e microbiol\u00f3gicas da \u00e1gua n\u00e3o tratada e a qualidade da \u00e1gua final pretendida. Geralmente \u00e9 utilizada filtra\u00e7\u00e3o por areia\/s\u00edlex para remover da \u00e1gua part\u00edculas grandes at\u00e9 25 \u00b5m. O leito duplo de hidroantracite\/s\u00edlex permite uma reten\u00e7\u00e3o mais eficiente dos s\u00f3lidos em suspens\u00e3o. A filtra\u00e7\u00e3o por carv\u00e3o ativado \u00e9 utilizada sobretudo para remover mat\u00e9ria org\u00e2nica, metais pesados e subst\u00e2ncias halogenadas, como cloro, pesticidas e compostos, que podem causar um sabor estranho ou um cheiro desagrad\u00e1vel.<\/p>\n<p>A Babcock Wanson concebeu filtros multiv\u00e1lvulas Simplex, que podem ser usados em instala\u00e7\u00f5es duplex, triplex e multiplex. Unidades de controlo eletr\u00f3nico com distribuidores rotativos, ligados a cada sec\u00e7\u00e3o por cabos de comunica\u00e7\u00e3o. A programa\u00e7\u00e3o desta unidade de controlo permite o funcionamento alternado ou em paralelo.<\/p>\n","protected":false},"featured_media":31099,"comment_status":"closed","ping_status":"closed","template":"","meta":{"_acf_changed":false,"_relevanssi_hide_post":"","_relevanssi_hide_content":"","_relevanssi_pin_for_all":"","_relevanssi_pin_keywords":"","_relevanssi_unpin_keywords":"","_relevanssi_related_keywords":"","_relevanssi_related_include_ids":"","_relevanssi_related_exclude_ids":"","_relevanssi_related_no_append":"","_relevanssi_related_not_related":"","_relevanssi_related_posts":"","_relevanssi_noindex_reason":""},"product_brand":[],"product_cat":[5182],"product_tag":[],"class_list":{"0":"post-31098","1":"product","2":"type-product","3":"status-publish","4":"has-post-thumbnail","6":"product_cat-tratamento-de-agua-industrial","8":"first","9":"instock","10":"shipping-taxable","11":"product-type-simple"},"acf":[],"yoast_head":"<!-- This site is optimized with the Yoast SEO Premium plugin v27.1 (Yoast SEO v27.1.1) - https:\/\/yoast.com\/product\/yoast-seo-premium-wordpress\/ -->\n<title>Filtra\u00e7\u00e3o de \u00e1gua - Babcock Wanson<\/title>\n<meta name=\"description\" content=\"A Babcock Wanson \u00e9 especialista em solu\u00e7\u00f5es para tratamento de \u00e1gua industrial e disponibiliza um vasto leque de sistemas de filtra\u00e7\u00e3o de \u00e1gua. Conhe\u00e7a a nossa oferta aqui\" \/>\n<meta name=\"robots\" content=\"index, follow, max-snippet:-1, max-image-preview:large, max-video-preview:-1\" \/>\n<link rel=\"canonical\" href=\"https:\/\/www.babcock-wanson.com\/pt-pt\/produtos\/tratamento-de-agua-industrial\/filtracao\/\" \/>\n<meta property=\"og:locale\" content=\"pt_PT\" \/>\n<meta property=\"og:type\" content=\"article\" \/>\n<meta property=\"og:title\" content=\"Filtra\u00e7\u00e3o de \u00e1gua\" \/>\n<meta property=\"og:description\" content=\"A Babcock Wanson \u00e9 especialista em solu\u00e7\u00f5es para tratamento de \u00e1gua industrial e disponibiliza um vasto leque de sistemas de filtra\u00e7\u00e3o de \u00e1gua. Conhe\u00e7a a nossa oferta aqui\" \/>\n<meta property=\"og:url\" content=\"https:\/\/www.babcock-wanson.com\/pt-pt\/produtos\/tratamento-de-agua-industrial\/filtracao\/\" \/>\n<meta property=\"og:site_name\" content=\"Babcock Wanson\" \/>\n<meta property=\"article:modified_time\" content=\"2022-01-05T16:15:09+00:00\" \/>\n<meta property=\"og:image\" content=\"https:\/\/www.babcock-wanson.com\/wp-content\/uploads\/2018\/09\/Filtration-2.jpg\" \/>\n\t<meta property=\"og:image:width\" content=\"600\" \/>\n\t<meta property=\"og:image:height\" content=\"400\" \/>\n\t<meta property=\"og:image:type\" content=\"image\/jpeg\" \/>\n<meta name=\"twitter:card\" content=\"summary_large_image\" \/>\n<meta name=\"twitter:label1\" content=\"Est. reading time\" \/>\n\t<meta name=\"twitter:data1\" content=\"2 minutos\" \/>\n<script type=\"application\/ld+json\" class=\"yoast-schema-graph\">{\"@context\":\"https:\/\/schema.org\",\"@graph\":[{\"@type\":\"WebPage\",\"@id\":\"https:\/\/www.babcock-wanson.com\/pt-pt\/produtos\/tratamento-de-agua-industrial\/filtracao\/\",\"url\":\"https:\/\/www.babcock-wanson.com\/pt-pt\/produtos\/tratamento-de-agua-industrial\/filtracao\/\",\"name\":\"Filtra\u00e7\u00e3o de \u00e1gua - Babcock Wanson\",\"isPartOf\":{\"@id\":\"https:\/\/www.babcock-wanson.com\/pt-pt\/#website\"},\"primaryImageOfPage\":{\"@id\":\"https:\/\/www.babcock-wanson.com\/pt-pt\/produtos\/tratamento-de-agua-industrial\/filtracao\/#primaryimage\"},\"image\":{\"@id\":\"https:\/\/www.babcock-wanson.com\/pt-pt\/produtos\/tratamento-de-agua-industrial\/filtracao\/#primaryimage\"},\"thumbnailUrl\":\"https:\/\/www.babcock-wanson.com\/wp-content\/uploads\/2018\/09\/Filtration-2.jpg\",\"datePublished\":\"2018-09-19T12:42:09+00:00\",\"dateModified\":\"2022-01-05T16:15:09+00:00\",\"description\":\"A Babcock Wanson \u00e9 especialista em solu\u00e7\u00f5es para tratamento de \u00e1gua industrial e disponibiliza um vasto leque de sistemas de filtra\u00e7\u00e3o de \u00e1gua. Conhe\u00e7a a nossa oferta aqui\",\"breadcrumb\":{\"@id\":\"https:\/\/www.babcock-wanson.com\/pt-pt\/produtos\/tratamento-de-agua-industrial\/filtracao\/#breadcrumb\"},\"inLanguage\":\"pt-PT\",\"potentialAction\":[{\"@type\":\"ReadAction\",\"target\":[\"https:\/\/www.babcock-wanson.com\/pt-pt\/produtos\/tratamento-de-agua-industrial\/filtracao\/\"]}]},{\"@type\":\"ImageObject\",\"inLanguage\":\"pt-PT\",\"@id\":\"https:\/\/www.babcock-wanson.com\/pt-pt\/produtos\/tratamento-de-agua-industrial\/filtracao\/#primaryimage\",\"url\":\"https:\/\/www.babcock-wanson.com\/wp-content\/uploads\/2018\/09\/Filtration-2.jpg\",\"contentUrl\":\"https:\/\/www.babcock-wanson.com\/wp-content\/uploads\/2018\/09\/Filtration-2.jpg\",\"width\":600,\"height\":400,\"caption\":\"Filtra\u00e7\u00e3o\"},{\"@type\":\"BreadcrumbList\",\"@id\":\"https:\/\/www.babcock-wanson.com\/pt-pt\/produtos\/tratamento-de-agua-industrial\/filtracao\/#breadcrumb\",\"itemListElement\":[{\"@type\":\"ListItem\",\"position\":1,\"name\":\"Inicio\",\"item\":\"https:\/\/www.babcock-wanson.com\/pt-pt\/\"},{\"@type\":\"ListItem\",\"position\":2,\"name\":\"Produtos\",\"item\":\"https:\/\/www.babcock-wanson.com\/pt-pt\/shop\/\"},{\"@type\":\"ListItem\",\"position\":3,\"name\":\"Tratamento de \u00e1gua industrial\",\"item\":\"https:\/\/www.babcock-wanson.com\/pt-pt\/categoria-produto\/tratamento-de-agua-industrial\/\"},{\"@type\":\"ListItem\",\"position\":4,\"name\":\"Filtra\u00e7\u00e3o de \u00e1gua\"}]},{\"@type\":\"WebSite\",\"@id\":\"https:\/\/www.babcock-wanson.com\/pt-pt\/#website\",\"url\":\"https:\/\/www.babcock-wanson.com\/pt-pt\/\",\"name\":\"Babcock Wanson\",\"description\":\"\",\"publisher\":{\"@id\":\"https:\/\/www.babcock-wanson.com\/pt-pt\/#organization\"},\"potentialAction\":[{\"@type\":\"SearchAction\",\"target\":{\"@type\":\"EntryPoint\",\"urlTemplate\":\"https:\/\/www.babcock-wanson.com\/pt-pt\/?s={search_term_string}\"},\"query-input\":{\"@type\":\"PropertyValueSpecification\",\"valueRequired\":true,\"valueName\":\"search_term_string\"}}],\"inLanguage\":\"pt-PT\"},{\"@type\":\"Organization\",\"@id\":\"https:\/\/www.babcock-wanson.com\/pt-pt\/#organization\",\"name\":\"Babcock Wanson\",\"url\":\"https:\/\/www.babcock-wanson.com\/pt-pt\/\",\"logo\":{\"@type\":\"ImageObject\",\"inLanguage\":\"pt-PT\",\"@id\":\"https:\/\/www.babcock-wanson.com\/pt-pt\/#\/schema\/logo\/image\/\",\"url\":\"https:\/\/www.babcock-wanson.com\/wp-content\/uploads\/2024\/02\/Babcock-Wanson-1200x1200-1.png\",\"contentUrl\":\"https:\/\/www.babcock-wanson.com\/wp-content\/uploads\/2024\/02\/Babcock-Wanson-1200x1200-1.png\",\"width\":1200,\"height\":1200,\"caption\":\"Babcock Wanson\"},\"image\":{\"@id\":\"https:\/\/www.babcock-wanson.com\/pt-pt\/#\/schema\/logo\/image\/\"},\"sameAs\":[\"https:\/\/www.linkedin.com\/company\/babcock-wanson\/\",\"https:\/\/www.youtube.com\/channel\/UCtxl25VieBBsP2kYmtlyv7A\"]}]}<\/script>\n<!-- \/ Yoast SEO Premium plugin. -->","yoast_head_json":{"title":"Filtra\u00e7\u00e3o de \u00e1gua - Babcock Wanson","description":"A Babcock Wanson \u00e9 especialista em solu\u00e7\u00f5es para tratamento de \u00e1gua industrial e disponibiliza um vasto leque de sistemas de filtra\u00e7\u00e3o de \u00e1gua. Conhe\u00e7a a nossa oferta aqui","robots":{"index":"index","follow":"follow","max-snippet":"max-snippet:-1","max-image-preview":"max-image-preview:large","max-video-preview":"max-video-preview:-1"},"canonical":"https:\/\/www.babcock-wanson.com\/pt-pt\/produtos\/tratamento-de-agua-industrial\/filtracao\/","og_locale":"pt_PT","og_type":"article","og_title":"Filtra\u00e7\u00e3o de \u00e1gua","og_description":"A Babcock Wanson \u00e9 especialista em solu\u00e7\u00f5es para tratamento de \u00e1gua industrial e disponibiliza um vasto leque de sistemas de filtra\u00e7\u00e3o de \u00e1gua. Conhe\u00e7a a nossa oferta aqui","og_url":"https:\/\/www.babcock-wanson.com\/pt-pt\/produtos\/tratamento-de-agua-industrial\/filtracao\/","og_site_name":"Babcock Wanson","article_modified_time":"2022-01-05T16:15:09+00:00","og_image":[{"width":600,"height":400,"url":"https:\/\/www.babcock-wanson.com\/wp-content\/uploads\/2018\/09\/Filtration-2.jpg","type":"image\/jpeg"}],"twitter_card":"summary_large_image","twitter_misc":{"Est. reading time":"2 minutos"},"schema":{"@context":"https:\/\/schema.org","@graph":[{"@type":"WebPage","@id":"https:\/\/www.babcock-wanson.com\/pt-pt\/produtos\/tratamento-de-agua-industrial\/filtracao\/","url":"https:\/\/www.babcock-wanson.com\/pt-pt\/produtos\/tratamento-de-agua-industrial\/filtracao\/","name":"Filtra\u00e7\u00e3o de \u00e1gua - Babcock Wanson","isPartOf":{"@id":"https:\/\/www.babcock-wanson.com\/pt-pt\/#website"},"primaryImageOfPage":{"@id":"https:\/\/www.babcock-wanson.com\/pt-pt\/produtos\/tratamento-de-agua-industrial\/filtracao\/#primaryimage"},"image":{"@id":"https:\/\/www.babcock-wanson.com\/pt-pt\/produtos\/tratamento-de-agua-industrial\/filtracao\/#primaryimage"},"thumbnailUrl":"https:\/\/www.babcock-wanson.com\/wp-content\/uploads\/2018\/09\/Filtration-2.jpg","datePublished":"2018-09-19T12:42:09+00:00","dateModified":"2022-01-05T16:15:09+00:00","description":"A Babcock Wanson \u00e9 especialista em solu\u00e7\u00f5es para tratamento de \u00e1gua industrial e disponibiliza um vasto leque de sistemas de filtra\u00e7\u00e3o de \u00e1gua. Conhe\u00e7a a nossa oferta aqui","breadcrumb":{"@id":"https:\/\/www.babcock-wanson.com\/pt-pt\/produtos\/tratamento-de-agua-industrial\/filtracao\/#breadcrumb"},"inLanguage":"pt-PT","potentialAction":[{"@type":"ReadAction","target":["https:\/\/www.babcock-wanson.com\/pt-pt\/produtos\/tratamento-de-agua-industrial\/filtracao\/"]}]},{"@type":"ImageObject","inLanguage":"pt-PT","@id":"https:\/\/www.babcock-wanson.com\/pt-pt\/produtos\/tratamento-de-agua-industrial\/filtracao\/#primaryimage","url":"https:\/\/www.babcock-wanson.com\/wp-content\/uploads\/2018\/09\/Filtration-2.jpg","contentUrl":"https:\/\/www.babcock-wanson.com\/wp-content\/uploads\/2018\/09\/Filtration-2.jpg","width":600,"height":400,"caption":"Filtra\u00e7\u00e3o"},{"@type":"BreadcrumbList","@id":"https:\/\/www.babcock-wanson.com\/pt-pt\/produtos\/tratamento-de-agua-industrial\/filtracao\/#breadcrumb","itemListElement":[{"@type":"ListItem","position":1,"name":"Inicio","item":"https:\/\/www.babcock-wanson.com\/pt-pt\/"},{"@type":"ListItem","position":2,"name":"Produtos","item":"https:\/\/www.babcock-wanson.com\/pt-pt\/shop\/"},{"@type":"ListItem","position":3,"name":"Tratamento de \u00e1gua industrial","item":"https:\/\/www.babcock-wanson.com\/pt-pt\/categoria-produto\/tratamento-de-agua-industrial\/"},{"@type":"ListItem","position":4,"name":"Filtra\u00e7\u00e3o de \u00e1gua"}]},{"@type":"WebSite","@id":"https:\/\/www.babcock-wanson.com\/pt-pt\/#website","url":"https:\/\/www.babcock-wanson.com\/pt-pt\/","name":"Babcock Wanson","description":"","publisher":{"@id":"https:\/\/www.babcock-wanson.com\/pt-pt\/#organization"},"potentialAction":[{"@type":"SearchAction","target":{"@type":"EntryPoint","urlTemplate":"https:\/\/www.babcock-wanson.com\/pt-pt\/?s={search_term_string}"},"query-input":{"@type":"PropertyValueSpecification","valueRequired":true,"valueName":"search_term_string"}}],"inLanguage":"pt-PT"},{"@type":"Organization","@id":"https:\/\/www.babcock-wanson.com\/pt-pt\/#organization","name":"Babcock Wanson","url":"https:\/\/www.babcock-wanson.com\/pt-pt\/","logo":{"@type":"ImageObject","inLanguage":"pt-PT","@id":"https:\/\/www.babcock-wanson.com\/pt-pt\/#\/schema\/logo\/image\/","url":"https:\/\/www.babcock-wanson.com\/wp-content\/uploads\/2024\/02\/Babcock-Wanson-1200x1200-1.png","contentUrl":"https:\/\/www.babcock-wanson.com\/wp-content\/uploads\/2024\/02\/Babcock-Wanson-1200x1200-1.png","width":1200,"height":1200,"caption":"Babcock Wanson"},"image":{"@id":"https:\/\/www.babcock-wanson.com\/pt-pt\/#\/schema\/logo\/image\/"},"sameAs":["https:\/\/www.linkedin.com\/company\/babcock-wanson\/","https:\/\/www.youtube.com\/channel\/UCtxl25VieBBsP2kYmtlyv7A"]}]}},"jetpack_sharing_enabled":true,"_links":{"self":[{"href":"https:\/\/www.babcock-wanson.com\/pt-pt\/wp-json\/wp\/v2\/product\/31098","targetHints":{"allow":["GET"]}}],"collection":[{"href":"https:\/\/www.babcock-wanson.com\/pt-pt\/wp-json\/wp\/v2\/product"}],"about":[{"href":"https:\/\/www.babcock-wanson.com\/pt-pt\/wp-json\/wp\/v2\/types\/product"}],"replies":[{"embeddable":true,"href":"https:\/\/www.babcock-wanson.com\/pt-pt\/wp-json\/wp\/v2\/comments?post=31098"}],"wp:featuredmedia":[{"embeddable":true,"href":"https:\/\/www.babcock-wanson.com\/pt-pt\/wp-json\/wp\/v2\/media\/31099"}],"wp:attachment":[{"href":"https:\/\/www.babcock-wanson.com\/pt-pt\/wp-json\/wp\/v2\/media?parent=31098"}],"wp:term":[{"taxonomy":"product_brand","embeddable":true,"href":"https:\/\/www.babcock-wanson.com\/pt-pt\/wp-json\/wp\/v2\/product_brand?post=31098"},{"taxonomy":"product_cat","embeddable":true,"href":"https:\/\/www.babcock-wanson.com\/pt-pt\/wp-json\/wp\/v2\/product_cat?post=31098"},{"taxonomy":"product_tag","embeddable":true,"href":"https:\/\/www.babcock-wanson.com\/pt-pt\/wp-json\/wp\/v2\/product_tag?post=31098"}],"curies":[{"name":"wp","href":"https:\/\/api.w.org\/{rel}","templated":true}]}}