{"id":31101,"date":"2018-09-19T13:42:06","date_gmt":"2018-09-19T12:42:06","guid":{"rendered":"https:\/\/www.babcock-wanson.com\/products\/sem%20categoria\/industrial-water-softening\/"},"modified":"2025-08-27T15:53:40","modified_gmt":"2025-08-27T14:53:40","slug":"descalcificador-industrial","status":"publish","type":"product","link":"https:\/\/www.babcock-wanson.com\/pt-pt\/produtos\/tratamento-de-agua-industrial\/descalcificador-industrial\/","title":{"rendered":"Descalcificador industrial"},"content":{"rendered":"<div class=\"vgblk-rw-wrapper limit-wrapper\">\r\n<h3>Equipamentos para a descalcifica\u00e7\u00e3o, de \u00e1gua industrial<\/h3>\r\n<p>Os equipamentos para remover a dureza da \u00e1gua da Babcock Wanson t\u00eam por base o processo de permuta de i\u00f5es, substituindo os cati\u00f5es supracitados por compostos mais sol\u00faveis baseados em s\u00f3dio (Na+), sendo realizado no interior de um vaso de press\u00e3o cheio de resina. Quando a resina \u00e9 carregada com salmoura (NaCl), ela fica carregada com cati\u00f5es Na+, os quais s\u00e3o, em seguida, trocados pelos cati\u00f5es Ca+ e Mg+. Assim que a reserva de cati\u00f5es Na+ fica esgotada, \u00e9 necess\u00e1rio um processo de regenera\u00e7\u00e3o para recarregar a resina.<\/p>\r\n<p>A Babcock Wanson disponibiliza descalcificadores de diversas dimens\u00f5es, que se adequam a caldeiras de pequena ou m\u00e9dia dimens\u00e3o. S\u00e3o concebidos para funcionar num leque alargado de ind\u00fastrias; resinas pr\u00f3prias para alimentos podem ser fornecidas para \u00e1gua doce com utiliza\u00e7\u00e3o direta nas ind\u00fastrias alimentar e de bebidas.<\/p>\r\n<h3>Custos operacionais reduzidos<\/h3>\r\n<p>Para grandes volumes de \u00e1gua, a Babcock Wanson fornece regenera\u00e7\u00e3o em contracorrente e um leito de resina \u201cbloqueado\u201d (o bloqueio impede simplesmente a fluidifica\u00e7\u00e3o do leito de resina).<\/p>\r\n<p>A regenera\u00e7\u00e3o em contracorrente usa uma dose com baixo teor de sal, pelo que atinge uma redu\u00e7\u00e3o de 30 a 40% no consumo de sal e uma redu\u00e7\u00e3o acima de 50% no consumo de \u00e1gua industrial. Embora a implementa\u00e7\u00e3o desta tecnologia exija uma instala\u00e7\u00e3o mais sofisticada em termos de constru\u00e7\u00e3o e opera\u00e7\u00e3o, que resulta num custo de investimento superior, em compara\u00e7\u00e3o com um sistema de regenera\u00e7\u00e3o convencional, o retorno do investimento \u00e9 atrativo, devido \u00e0s poupan\u00e7as em termos de consumo de sal e \u00e1gua.<\/p>\r\n<h3>Elevada efici\u00eancia<\/h3>\r\n<p>A experi\u00eancia com os requisitos espec\u00edficos do <a href=\"https:\/\/www.babcock-wanson.com\/pt-pt\/categoria-produto\/tratamento-de-agua-industrial\/\">tratamento de \u00e1gua<\/a> de casas de caldeiras significa que a Babcock Wanson compreende as exig\u00eancias de qualidade, robustez e fiabilidade dos equipamentos para amaciamento. O PLC e o ecr\u00e3 com interface do operador fornecidos com os amaciadores de maior capacidade asseguram uma elevada flexibilidade, com um m\u00ednimo de manuten\u00e7\u00e3o e monitoriza\u00e7\u00e3o simples.<\/p>\r\n<h3>Facilidade de opera\u00e7\u00e3o<\/h3>\r\n<p>Nos sistemas maiores, em que um reservat\u00f3rio local de salmoura mantido por um operador \u00e9 considerado insuficiente, e para reduzir as restri\u00e7\u00f5es operacionais relativas ao custo de regenera\u00e7\u00e3o do sal e \u00e0 respetiva implementa\u00e7\u00e3o, os descalcificadores da Babcock Wanson Wanson, s\u00e3o muitas vezes, acompanhados por um sistema de satura\u00e7\u00e3o de salmoura, que disponibiliza salmoura preparada a partir de sal fino fornecido a granel de um vaso de armazenamento grande, muitas vezes localizado ao lado do descalcificador. O processo de regenera\u00e7\u00e3o pode ser gerido segundo um m\u00e9todo volum\u00e9trico (com medidor) ou cronom\u00e9trico (com temporizador), tendo por base o volume da \u00e1gua tratada. O servi\u00e7o de manuten\u00e7\u00e3o e p\u00f3s-venda do descalcificador e dos equipamentos associados \u00e9 fornecido pela rede internacional da Babcock Wanson e por t\u00e9cnicos de assist\u00eancia locais.<\/p>\r\n<h3>Gama completa de equipamentos<\/h3>\r\n<ul>\r\n<li>Fluxo de \u00e1gua de 1 a 20 m3\/h<\/li>\r\n<li>Configura\u00e7\u00e3o simplex ou duplex, com a possibilidade de atualizar a configura\u00e7\u00e3o para se adequar \u00e0s necessidades vari\u00e1veis dos clientes<\/li>\r\n<li>Equipado com v\u00e1lvulas de bronze ou \u201cNoryl\u201d, para garantir a compatibilidade com todas as aplica\u00e7\u00f5es industriais<\/li>\r\n<li>O \u00e2mbito de fornecimento inclui um reservat\u00f3rio de salmoura adequado<\/li>\r\n<\/ul>\r\n<p><\/p><\/div><!-- .vgblk-rw-wrapper -->","protected":false},"excerpt":{"rendered":"<p><strong>Fluxo de \u00e1gua de 0,125 a 20 m3\/h<br \/><\/strong><strong>Capacidade de resina de 25 a 550 litros<\/strong><\/p>\n<p>A Babcock Wanson disponibiliza uma vasta gama de equipamentos para remover a dureza da \u00e1gua, para a ind\u00fastria de transforma\u00e7\u00e3o. Com mais de 60 anos de experi\u00eancia, a Babcock Wanson instalou milhares de descalcificador e equipamentos associados, com um foco particular no fornecimento de \u00e1gua tratada para caldeiras de vapor.<\/p>\n","protected":false},"featured_media":31105,"comment_status":"closed","ping_status":"closed","template":"","meta":{"_acf_changed":false,"_relevanssi_hide_post":"","_relevanssi_hide_content":"","_relevanssi_pin_for_all":"","_relevanssi_pin_keywords":"","_relevanssi_unpin_keywords":"","_relevanssi_related_keywords":"","_relevanssi_related_include_ids":"","_relevanssi_related_exclude_ids":"","_relevanssi_related_no_append":"","_relevanssi_related_not_related":"","_relevanssi_related_posts":"","_relevanssi_noindex_reason":""},"product_brand":[],"product_cat":[5182],"product_tag":[],"class_list":{"0":"post-31101","1":"product","2":"type-product","3":"status-publish","4":"has-post-thumbnail","6":"product_cat-tratamento-de-agua-industrial","8":"first","9":"instock","10":"shipping-taxable","11":"product-type-simple"},"acf":[],"yoast_head":"<!-- This site is optimized with the Yoast SEO Premium plugin v27.4 (Yoast SEO v27.4) - https:\/\/yoast.com\/product\/yoast-seo-premium-wordpress\/ -->\n<title>Descalcificador industrial - Babcock Wanson<\/title>\n<meta name=\"description\" content=\"A Babcock Wanson disponibiliza uma vasta gama de descalcificadores industrias para a ind\u00fastria de transforma\u00e7\u00e3o. Conhe\u00e7a melhor a nossa gama de decalcificadores aqui\" \/>\n<meta name=\"robots\" content=\"index, follow, max-snippet:-1, max-image-preview:large, max-video-preview:-1\" \/>\n<link rel=\"canonical\" href=\"https:\/\/www.babcock-wanson.com\/pt-pt\/produtos\/tratamento-de-agua-industrial\/descalcificador-industrial\/\" \/>\n<meta property=\"og:locale\" content=\"pt_PT\" \/>\n<meta property=\"og:type\" content=\"article\" \/>\n<meta property=\"og:title\" content=\"Descalcificador industrial\" \/>\n<meta property=\"og:description\" content=\"A Babcock Wanson disponibiliza uma vasta gama de descalcificadores industrias para a ind\u00fastria de transforma\u00e7\u00e3o. Conhe\u00e7a melhor a nossa gama de decalcificadores aqui\" \/>\n<meta property=\"og:url\" content=\"https:\/\/www.babcock-wanson.com\/pt-pt\/produtos\/tratamento-de-agua-industrial\/descalcificador-industrial\/\" \/>\n<meta property=\"og:site_name\" content=\"Babcock Wanson\" \/>\n<meta property=\"article:modified_time\" content=\"2025-08-27T14:53:40+00:00\" \/>\n<meta property=\"og:image\" content=\"https:\/\/www.babcock-wanson.com\/wp-content\/uploads\/2018\/09\/industrial-water-softening-1.jpg\" \/>\n\t<meta property=\"og:image:width\" content=\"600\" \/>\n\t<meta property=\"og:image:height\" content=\"400\" \/>\n\t<meta property=\"og:image:type\" content=\"image\/jpeg\" \/>\n<meta name=\"twitter:card\" content=\"summary_large_image\" \/>\n<meta name=\"twitter:label1\" content=\"Est. reading time\" \/>\n\t<meta name=\"twitter:data1\" content=\"3 minutos\" \/>\n<script type=\"application\/ld+json\" class=\"yoast-schema-graph\">{\"@context\":\"https:\\\/\\\/schema.org\",\"@graph\":[{\"@type\":\"WebPage\",\"@id\":\"https:\\\/\\\/www.babcock-wanson.com\\\/pt-pt\\\/produtos\\\/tratamento-de-agua-industrial\\\/descalcificador-industrial\\\/\",\"url\":\"https:\\\/\\\/www.babcock-wanson.com\\\/pt-pt\\\/produtos\\\/tratamento-de-agua-industrial\\\/descalcificador-industrial\\\/\",\"name\":\"Descalcificador industrial - Babcock Wanson\",\"isPartOf\":{\"@id\":\"https:\\\/\\\/www.babcock-wanson.com\\\/pt-pt\\\/#website\"},\"primaryImageOfPage\":{\"@id\":\"https:\\\/\\\/www.babcock-wanson.com\\\/pt-pt\\\/produtos\\\/tratamento-de-agua-industrial\\\/descalcificador-industrial\\\/#primaryimage\"},\"image\":{\"@id\":\"https:\\\/\\\/www.babcock-wanson.com\\\/pt-pt\\\/produtos\\\/tratamento-de-agua-industrial\\\/descalcificador-industrial\\\/#primaryimage\"},\"thumbnailUrl\":\"https:\\\/\\\/www.babcock-wanson.com\\\/wp-content\\\/uploads\\\/2018\\\/09\\\/industrial-water-softening-1.jpg\",\"datePublished\":\"2018-09-19T12:42:06+00:00\",\"dateModified\":\"2025-08-27T14:53:40+00:00\",\"description\":\"A Babcock Wanson disponibiliza uma vasta gama de descalcificadores industrias para a ind\u00fastria de transforma\u00e7\u00e3o. Conhe\u00e7a melhor a nossa gama de decalcificadores aqui\",\"breadcrumb\":{\"@id\":\"https:\\\/\\\/www.babcock-wanson.com\\\/pt-pt\\\/produtos\\\/tratamento-de-agua-industrial\\\/descalcificador-industrial\\\/#breadcrumb\"},\"inLanguage\":\"pt-PT\",\"potentialAction\":[{\"@type\":\"ReadAction\",\"target\":[\"https:\\\/\\\/www.babcock-wanson.com\\\/pt-pt\\\/produtos\\\/tratamento-de-agua-industrial\\\/descalcificador-industrial\\\/\"]}]},{\"@type\":\"ImageObject\",\"inLanguage\":\"pt-PT\",\"@id\":\"https:\\\/\\\/www.babcock-wanson.com\\\/pt-pt\\\/produtos\\\/tratamento-de-agua-industrial\\\/descalcificador-industrial\\\/#primaryimage\",\"url\":\"https:\\\/\\\/www.babcock-wanson.com\\\/wp-content\\\/uploads\\\/2018\\\/09\\\/industrial-water-softening-1.jpg\",\"contentUrl\":\"https:\\\/\\\/www.babcock-wanson.com\\\/wp-content\\\/uploads\\\/2018\\\/09\\\/industrial-water-softening-1.jpg\",\"width\":600,\"height\":400,\"caption\":\"amaciamento de \u00e1gua industrial\"},{\"@type\":\"BreadcrumbList\",\"@id\":\"https:\\\/\\\/www.babcock-wanson.com\\\/pt-pt\\\/produtos\\\/tratamento-de-agua-industrial\\\/descalcificador-industrial\\\/#breadcrumb\",\"itemListElement\":[{\"@type\":\"ListItem\",\"position\":1,\"name\":\"Inicio\",\"item\":\"https:\\\/\\\/www.babcock-wanson.com\\\/pt-pt\\\/\"},{\"@type\":\"ListItem\",\"position\":2,\"name\":\"Produtos\",\"item\":\"https:\\\/\\\/www.babcock-wanson.com\\\/pt-pt\\\/shop\\\/\"},{\"@type\":\"ListItem\",\"position\":3,\"name\":\"Tratamento de \u00e1gua industrial\",\"item\":\"https:\\\/\\\/www.babcock-wanson.com\\\/pt-pt\\\/categoria-produto\\\/tratamento-de-agua-industrial\\\/\"},{\"@type\":\"ListItem\",\"position\":4,\"name\":\"Descalcificador industrial\"}]},{\"@type\":\"WebSite\",\"@id\":\"https:\\\/\\\/www.babcock-wanson.com\\\/pt-pt\\\/#website\",\"url\":\"https:\\\/\\\/www.babcock-wanson.com\\\/pt-pt\\\/\",\"name\":\"Babcock Wanson\",\"description\":\"\",\"publisher\":{\"@id\":\"https:\\\/\\\/www.babcock-wanson.com\\\/pt-pt\\\/#organization\"},\"potentialAction\":[{\"@type\":\"SearchAction\",\"target\":{\"@type\":\"EntryPoint\",\"urlTemplate\":\"https:\\\/\\\/www.babcock-wanson.com\\\/pt-pt\\\/?s={search_term_string}\"},\"query-input\":{\"@type\":\"PropertyValueSpecification\",\"valueRequired\":true,\"valueName\":\"search_term_string\"}}],\"inLanguage\":\"pt-PT\"},{\"@type\":\"Organization\",\"@id\":\"https:\\\/\\\/www.babcock-wanson.com\\\/pt-pt\\\/#organization\",\"name\":\"Babcock Wanson\",\"url\":\"https:\\\/\\\/www.babcock-wanson.com\\\/pt-pt\\\/\",\"logo\":{\"@type\":\"ImageObject\",\"inLanguage\":\"pt-PT\",\"@id\":\"https:\\\/\\\/www.babcock-wanson.com\\\/pt-pt\\\/#\\\/schema\\\/logo\\\/image\\\/\",\"url\":\"https:\\\/\\\/www.babcock-wanson.com\\\/wp-content\\\/uploads\\\/2024\\\/02\\\/Babcock-Wanson-1200x1200-1.png\",\"contentUrl\":\"https:\\\/\\\/www.babcock-wanson.com\\\/wp-content\\\/uploads\\\/2024\\\/02\\\/Babcock-Wanson-1200x1200-1.png\",\"width\":1200,\"height\":1200,\"caption\":\"Babcock Wanson\"},\"image\":{\"@id\":\"https:\\\/\\\/www.babcock-wanson.com\\\/pt-pt\\\/#\\\/schema\\\/logo\\\/image\\\/\"},\"sameAs\":[\"https:\\\/\\\/www.linkedin.com\\\/company\\\/babcock-wanson\\\/\",\"https:\\\/\\\/www.youtube.com\\\/channel\\\/UCtxl25VieBBsP2kYmtlyv7A\"]}]}<\/script>\n<!-- \/ Yoast SEO Premium plugin. -->","yoast_head_json":{"title":"Descalcificador industrial - Babcock Wanson","description":"A Babcock Wanson disponibiliza uma vasta gama de descalcificadores industrias para a ind\u00fastria de transforma\u00e7\u00e3o. Conhe\u00e7a melhor a nossa gama de decalcificadores aqui","robots":{"index":"index","follow":"follow","max-snippet":"max-snippet:-1","max-image-preview":"max-image-preview:large","max-video-preview":"max-video-preview:-1"},"canonical":"https:\/\/www.babcock-wanson.com\/pt-pt\/produtos\/tratamento-de-agua-industrial\/descalcificador-industrial\/","og_locale":"pt_PT","og_type":"article","og_title":"Descalcificador industrial","og_description":"A Babcock Wanson disponibiliza uma vasta gama de descalcificadores industrias para a ind\u00fastria de transforma\u00e7\u00e3o. Conhe\u00e7a melhor a nossa gama de decalcificadores aqui","og_url":"https:\/\/www.babcock-wanson.com\/pt-pt\/produtos\/tratamento-de-agua-industrial\/descalcificador-industrial\/","og_site_name":"Babcock Wanson","article_modified_time":"2025-08-27T14:53:40+00:00","og_image":[{"width":600,"height":400,"url":"https:\/\/www.babcock-wanson.com\/wp-content\/uploads\/2018\/09\/industrial-water-softening-1.jpg","type":"image\/jpeg"}],"twitter_card":"summary_large_image","twitter_misc":{"Est. reading time":"3 minutos"},"schema":{"@context":"https:\/\/schema.org","@graph":[{"@type":"WebPage","@id":"https:\/\/www.babcock-wanson.com\/pt-pt\/produtos\/tratamento-de-agua-industrial\/descalcificador-industrial\/","url":"https:\/\/www.babcock-wanson.com\/pt-pt\/produtos\/tratamento-de-agua-industrial\/descalcificador-industrial\/","name":"Descalcificador industrial - Babcock Wanson","isPartOf":{"@id":"https:\/\/www.babcock-wanson.com\/pt-pt\/#website"},"primaryImageOfPage":{"@id":"https:\/\/www.babcock-wanson.com\/pt-pt\/produtos\/tratamento-de-agua-industrial\/descalcificador-industrial\/#primaryimage"},"image":{"@id":"https:\/\/www.babcock-wanson.com\/pt-pt\/produtos\/tratamento-de-agua-industrial\/descalcificador-industrial\/#primaryimage"},"thumbnailUrl":"https:\/\/www.babcock-wanson.com\/wp-content\/uploads\/2018\/09\/industrial-water-softening-1.jpg","datePublished":"2018-09-19T12:42:06+00:00","dateModified":"2025-08-27T14:53:40+00:00","description":"A Babcock Wanson disponibiliza uma vasta gama de descalcificadores industrias para a ind\u00fastria de transforma\u00e7\u00e3o. Conhe\u00e7a melhor a nossa gama de decalcificadores aqui","breadcrumb":{"@id":"https:\/\/www.babcock-wanson.com\/pt-pt\/produtos\/tratamento-de-agua-industrial\/descalcificador-industrial\/#breadcrumb"},"inLanguage":"pt-PT","potentialAction":[{"@type":"ReadAction","target":["https:\/\/www.babcock-wanson.com\/pt-pt\/produtos\/tratamento-de-agua-industrial\/descalcificador-industrial\/"]}]},{"@type":"ImageObject","inLanguage":"pt-PT","@id":"https:\/\/www.babcock-wanson.com\/pt-pt\/produtos\/tratamento-de-agua-industrial\/descalcificador-industrial\/#primaryimage","url":"https:\/\/www.babcock-wanson.com\/wp-content\/uploads\/2018\/09\/industrial-water-softening-1.jpg","contentUrl":"https:\/\/www.babcock-wanson.com\/wp-content\/uploads\/2018\/09\/industrial-water-softening-1.jpg","width":600,"height":400,"caption":"amaciamento de \u00e1gua industrial"},{"@type":"BreadcrumbList","@id":"https:\/\/www.babcock-wanson.com\/pt-pt\/produtos\/tratamento-de-agua-industrial\/descalcificador-industrial\/#breadcrumb","itemListElement":[{"@type":"ListItem","position":1,"name":"Inicio","item":"https:\/\/www.babcock-wanson.com\/pt-pt\/"},{"@type":"ListItem","position":2,"name":"Produtos","item":"https:\/\/www.babcock-wanson.com\/pt-pt\/shop\/"},{"@type":"ListItem","position":3,"name":"Tratamento de \u00e1gua industrial","item":"https:\/\/www.babcock-wanson.com\/pt-pt\/categoria-produto\/tratamento-de-agua-industrial\/"},{"@type":"ListItem","position":4,"name":"Descalcificador industrial"}]},{"@type":"WebSite","@id":"https:\/\/www.babcock-wanson.com\/pt-pt\/#website","url":"https:\/\/www.babcock-wanson.com\/pt-pt\/","name":"Babcock Wanson","description":"","publisher":{"@id":"https:\/\/www.babcock-wanson.com\/pt-pt\/#organization"},"potentialAction":[{"@type":"SearchAction","target":{"@type":"EntryPoint","urlTemplate":"https:\/\/www.babcock-wanson.com\/pt-pt\/?s={search_term_string}"},"query-input":{"@type":"PropertyValueSpecification","valueRequired":true,"valueName":"search_term_string"}}],"inLanguage":"pt-PT"},{"@type":"Organization","@id":"https:\/\/www.babcock-wanson.com\/pt-pt\/#organization","name":"Babcock Wanson","url":"https:\/\/www.babcock-wanson.com\/pt-pt\/","logo":{"@type":"ImageObject","inLanguage":"pt-PT","@id":"https:\/\/www.babcock-wanson.com\/pt-pt\/#\/schema\/logo\/image\/","url":"https:\/\/www.babcock-wanson.com\/wp-content\/uploads\/2024\/02\/Babcock-Wanson-1200x1200-1.png","contentUrl":"https:\/\/www.babcock-wanson.com\/wp-content\/uploads\/2024\/02\/Babcock-Wanson-1200x1200-1.png","width":1200,"height":1200,"caption":"Babcock Wanson"},"image":{"@id":"https:\/\/www.babcock-wanson.com\/pt-pt\/#\/schema\/logo\/image\/"},"sameAs":["https:\/\/www.linkedin.com\/company\/babcock-wanson\/","https:\/\/www.youtube.com\/channel\/UCtxl25VieBBsP2kYmtlyv7A"]}]}},"jetpack_sharing_enabled":true,"_links":{"self":[{"href":"https:\/\/www.babcock-wanson.com\/pt-pt\/wp-json\/wp\/v2\/product\/31101","targetHints":{"allow":["GET"]}}],"collection":[{"href":"https:\/\/www.babcock-wanson.com\/pt-pt\/wp-json\/wp\/v2\/product"}],"about":[{"href":"https:\/\/www.babcock-wanson.com\/pt-pt\/wp-json\/wp\/v2\/types\/product"}],"replies":[{"embeddable":true,"href":"https:\/\/www.babcock-wanson.com\/pt-pt\/wp-json\/wp\/v2\/comments?post=31101"}],"wp:featuredmedia":[{"embeddable":true,"href":"https:\/\/www.babcock-wanson.com\/pt-pt\/wp-json\/wp\/v2\/media\/31105"}],"wp:attachment":[{"href":"https:\/\/www.babcock-wanson.com\/pt-pt\/wp-json\/wp\/v2\/media?parent=31101"}],"wp:term":[{"taxonomy":"product_brand","embeddable":true,"href":"https:\/\/www.babcock-wanson.com\/pt-pt\/wp-json\/wp\/v2\/product_brand?post=31101"},{"taxonomy":"product_cat","embeddable":true,"href":"https:\/\/www.babcock-wanson.com\/pt-pt\/wp-json\/wp\/v2\/product_cat?post=31101"},{"taxonomy":"product_tag","embeddable":true,"href":"https:\/\/www.babcock-wanson.com\/pt-pt\/wp-json\/wp\/v2\/product_tag?post=31101"}],"curies":[{"name":"wp","href":"https:\/\/api.w.org\/{rel}","templated":true}]}}