{"id":31110,"date":"2018-09-19T13:42:01","date_gmt":"2018-09-19T12:42:01","guid":{"rendered":"https:\/\/www.babcock-wanson.com\/products\/sem%20categoria\/water-treatment-products\/"},"modified":"2022-01-06T09:54:40","modified_gmt":"2022-01-06T09:54:40","slug":"produtos-para-tratamento-de-agua","status":"publish","type":"product","link":"https:\/\/www.babcock-wanson.com\/pt-pt\/produtos\/tratamento-de-agua-industrial\/produtos-para-tratamento-de-agua\/","title":{"rendered":"Produtos para tratamento de \u00e1gua"},"content":{"rendered":"<div class=\"vgblk-rw-wrapper limit-wrapper\">\n<h3>Aplica\u00e7\u00f5es de produtos para tratamento de \u00e1gua<\/h3>\n<div class=\"grid-1-2\">\n<ul>\n<li>Tratamento da \u00e1gua de alimenta\u00e7\u00e3o da caldeira e dos condensados \u2013 Foram desenvolvidos produtos para tratamento de \u00e1gua da Babcock Wanson que visam proteger as caldeiras e os circuitos de \u00e1gua\/vapor contra o risco de corros\u00e3o e a acumula\u00e7\u00e3o de incrusta\u00e7\u00f5es. A Babcock Wanson disponibiliza uma formula\u00e7\u00e3o completa para o tratamento de vapor e condensados, como acondicionadores de lamas, tratamento de oxig\u00e9nio, controlo de pH e inibidores de forma\u00e7\u00e3o de espuma, etc. Eles asseguram a qualidade do vapor e impedem a corros\u00e3o.<\/li>\n<li>Produ\u00e7\u00e3o de \u00e1gua quente e sobreaquecida.<\/li>\n<li>\u00c1gua quente para aplica\u00e7\u00f5es sanit\u00e1rias e de cuidados de sa\u00fade.<\/li>\n<li>Produ\u00e7\u00e3o de gelo para a ind\u00fastria agroalimentar.<\/li>\n<li>Pasteuriza\u00e7\u00e3o e esteriliza\u00e7\u00e3o nas ind\u00fastrias alimentar e de bebidas \u2013 A Babcock Wanson disponibiliza produtos qu\u00edmicos amigos do ambiente, aprovados pela Food and Drugs Administration (FDA). Os nossos inovadores produtos \u00e0 medida apresentam vantagens significativas de manuseamento seguro, quando comparados com os produtos qu\u00edmicos usados mais habitualmente.<\/li>\n<\/ul>\n<\/div>\n<div class=\"grid-1-2 last\">\n<ul>\n<li>Circuitos de refrigera\u00e7\u00e3o, como torres de refrigera\u00e7\u00e3o evaporativas \u2013 O tratamento de \u00e1gua correto num circuito de refrigera\u00e7\u00e3o \u00e9 vital para garantir o funcionamento eficaz e evitar a contamina\u00e7\u00e3o bacteriol\u00f3gica causada por <i>Legionella pneumophila<\/i>.<\/li>\n<li>A Babcock Wanson consegue implementar tratamentos preventivos e corretivos para combater a potencial acumula\u00e7\u00e3o de bact\u00e9rias: limpeza dos dep\u00f3sitos existentes e controlo da bioincrusta\u00e7\u00e3o, como desinfetante, dispersante, anticorrosivo e anti-incrusta\u00e7\u00f5es.<\/li>\n<li>Processos de membranas \u2013 Podem ser aplicados produtos preventivos ou corretivos, como ultrafiltra\u00e7\u00e3o ou desmineraliza\u00e7\u00e3o por osmose inversa. Os produtos anti-incrusta\u00e7\u00f5es s\u00e3o adequados para a remo\u00e7\u00e3o de cloro, preserva\u00e7\u00e3o das membranas e limpeza.<\/li>\n<\/ul>\n<\/div>\n<\/div>\n<p><!-- .vgblk-rw-wrapper --><\/p>\n","protected":false},"excerpt":{"rendered":"<p>Efici\u00eancia energ\u00e9tica, efici\u00eancia operacional, prote\u00e7\u00e3o ambiental<\/p>\n<p>A Babcock Wanson disponibiliza solu\u00e7\u00f5es de <a href=\"https:\/\/www.babcock-wanson.com\/pt-pt\/categoria-produto\/tratamento-de-agua-industrial\/\">tratamento de \u00e1gua<\/a> para todas as aplica\u00e7\u00f5es industriais, incluindo o fornecimento de produtos de acondicionamento para obten\u00e7\u00e3o da qualidade da \u00e1gua pretendida.<\/p>\n<p>Os qu\u00edmicos profissionais altamente qualificados da Babcock Wanson asseguram a adequa\u00e7\u00e3o do tratamento e usam um regime de testes para o fornecimento de produtos de alta precis\u00e3o para aplica\u00e7\u00f5es industriais.<\/p>\n<p>Cada produto \u00e9 calculado e produzido de acordo com as necessidades espec\u00edficas de cada local. Estes produtos de acondicionamento est\u00e3o prontos a utilizar e s\u00e3o facilmente usados diretamente no tambor, pelo que reduzem os riscos associados ao manuseamento de produtos qu\u00edmicos concentrados. A embalagem transl\u00facida permite monitorizar facilmente o consumo.<\/p>\n<p>A Babcock Wanson mant\u00e9m-se pr\u00f3-ativa durante a vida \u00fatil das instala\u00e7\u00f5es, monitorizando continuamente a qualidade da \u00e1gua e o consumo dos produtos de acondicionamento. Est\u00e1 igualmente dispon\u00edvel equipamento de doseamento qu\u00edmico, que garante o doseamento correto do sistema.<\/p>\n","protected":false},"featured_media":31111,"comment_status":"closed","ping_status":"closed","template":"","meta":{"_acf_changed":false,"_relevanssi_hide_post":"","_relevanssi_hide_content":"","_relevanssi_pin_for_all":"","_relevanssi_pin_keywords":"","_relevanssi_unpin_keywords":"","_relevanssi_related_keywords":"","_relevanssi_related_include_ids":"","_relevanssi_related_exclude_ids":"","_relevanssi_related_no_append":"","_relevanssi_related_not_related":"","_relevanssi_related_posts":"","_relevanssi_noindex_reason":""},"product_brand":[],"product_cat":[5182],"product_tag":[],"class_list":{"0":"post-31110","1":"product","2":"type-product","3":"status-publish","4":"has-post-thumbnail","6":"product_cat-tratamento-de-agua-industrial","8":"first","9":"instock","10":"shipping-taxable","11":"product-type-simple"},"acf":[],"yoast_head":"<!-- This site is optimized with the Yoast SEO Premium plugin v27.4 (Yoast SEO v27.4) - https:\/\/yoast.com\/product\/yoast-seo-premium-wordpress\/ -->\n<title>Produtos para tratamento de \u00e1gua - Babcock Wanson<\/title>\n<meta name=\"description\" content=\"A Babcock Wanson disponibiliza solu\u00e7\u00f5es e produtos para tratamento de \u00e1gua industrial para garantir a obten\u00e7\u00e3o da qualidade pretendida. Visite-nos para conhecer a nossa oferta\" \/>\n<meta name=\"robots\" content=\"index, follow, max-snippet:-1, max-image-preview:large, max-video-preview:-1\" \/>\n<link rel=\"canonical\" href=\"https:\/\/www.babcock-wanson.com\/pt-pt\/produtos\/tratamento-de-agua-industrial\/produtos-para-tratamento-de-agua\/\" \/>\n<meta property=\"og:locale\" content=\"pt_PT\" \/>\n<meta property=\"og:type\" content=\"article\" \/>\n<meta property=\"og:title\" content=\"Produtos para tratamento de \u00e1gua\" \/>\n<meta property=\"og:description\" content=\"A Babcock Wanson disponibiliza solu\u00e7\u00f5es e produtos para tratamento de \u00e1gua industrial para garantir a obten\u00e7\u00e3o da qualidade pretendida. Visite-nos para conhecer a nossa oferta\" \/>\n<meta property=\"og:url\" content=\"https:\/\/www.babcock-wanson.com\/pt-pt\/produtos\/tratamento-de-agua-industrial\/produtos-para-tratamento-de-agua\/\" \/>\n<meta property=\"og:site_name\" content=\"Babcock Wanson\" \/>\n<meta property=\"article:modified_time\" content=\"2022-01-06T09:54:40+00:00\" \/>\n<meta property=\"og:image\" content=\"https:\/\/www.babcock-wanson.com\/wp-content\/uploads\/2018\/09\/water-treatment-products-1.jpg\" \/>\n\t<meta property=\"og:image:width\" content=\"600\" \/>\n\t<meta property=\"og:image:height\" content=\"400\" \/>\n\t<meta property=\"og:image:type\" content=\"image\/jpeg\" \/>\n<meta name=\"twitter:card\" content=\"summary_large_image\" \/>\n<meta name=\"twitter:label1\" content=\"Est. reading time\" \/>\n\t<meta name=\"twitter:data1\" content=\"1 minuto\" \/>\n<script type=\"application\/ld+json\" class=\"yoast-schema-graph\">{\"@context\":\"https:\\\/\\\/schema.org\",\"@graph\":[{\"@type\":\"WebPage\",\"@id\":\"https:\\\/\\\/www.babcock-wanson.com\\\/pt-pt\\\/produtos\\\/tratamento-de-agua-industrial\\\/produtos-para-tratamento-de-agua\\\/\",\"url\":\"https:\\\/\\\/www.babcock-wanson.com\\\/pt-pt\\\/produtos\\\/tratamento-de-agua-industrial\\\/produtos-para-tratamento-de-agua\\\/\",\"name\":\"Produtos para tratamento de \u00e1gua - Babcock Wanson\",\"isPartOf\":{\"@id\":\"https:\\\/\\\/www.babcock-wanson.com\\\/pt-pt\\\/#website\"},\"primaryImageOfPage\":{\"@id\":\"https:\\\/\\\/www.babcock-wanson.com\\\/pt-pt\\\/produtos\\\/tratamento-de-agua-industrial\\\/produtos-para-tratamento-de-agua\\\/#primaryimage\"},\"image\":{\"@id\":\"https:\\\/\\\/www.babcock-wanson.com\\\/pt-pt\\\/produtos\\\/tratamento-de-agua-industrial\\\/produtos-para-tratamento-de-agua\\\/#primaryimage\"},\"thumbnailUrl\":\"https:\\\/\\\/www.babcock-wanson.com\\\/wp-content\\\/uploads\\\/2018\\\/09\\\/water-treatment-products-1.jpg\",\"datePublished\":\"2018-09-19T12:42:01+00:00\",\"dateModified\":\"2022-01-06T09:54:40+00:00\",\"description\":\"A Babcock Wanson disponibiliza solu\u00e7\u00f5es e produtos para tratamento de \u00e1gua industrial para garantir a obten\u00e7\u00e3o da qualidade pretendida. Visite-nos para conhecer a nossa oferta\",\"breadcrumb\":{\"@id\":\"https:\\\/\\\/www.babcock-wanson.com\\\/pt-pt\\\/produtos\\\/tratamento-de-agua-industrial\\\/produtos-para-tratamento-de-agua\\\/#breadcrumb\"},\"inLanguage\":\"pt-PT\",\"potentialAction\":[{\"@type\":\"ReadAction\",\"target\":[\"https:\\\/\\\/www.babcock-wanson.com\\\/pt-pt\\\/produtos\\\/tratamento-de-agua-industrial\\\/produtos-para-tratamento-de-agua\\\/\"]}]},{\"@type\":\"ImageObject\",\"inLanguage\":\"pt-PT\",\"@id\":\"https:\\\/\\\/www.babcock-wanson.com\\\/pt-pt\\\/produtos\\\/tratamento-de-agua-industrial\\\/produtos-para-tratamento-de-agua\\\/#primaryimage\",\"url\":\"https:\\\/\\\/www.babcock-wanson.com\\\/wp-content\\\/uploads\\\/2018\\\/09\\\/water-treatment-products-1.jpg\",\"contentUrl\":\"https:\\\/\\\/www.babcock-wanson.com\\\/wp-content\\\/uploads\\\/2018\\\/09\\\/water-treatment-products-1.jpg\",\"width\":600,\"height\":400,\"caption\":\"produtos de tratamento de \u00e1gua\"},{\"@type\":\"BreadcrumbList\",\"@id\":\"https:\\\/\\\/www.babcock-wanson.com\\\/pt-pt\\\/produtos\\\/tratamento-de-agua-industrial\\\/produtos-para-tratamento-de-agua\\\/#breadcrumb\",\"itemListElement\":[{\"@type\":\"ListItem\",\"position\":1,\"name\":\"Inicio\",\"item\":\"https:\\\/\\\/www.babcock-wanson.com\\\/pt-pt\\\/\"},{\"@type\":\"ListItem\",\"position\":2,\"name\":\"Produtos\",\"item\":\"https:\\\/\\\/www.babcock-wanson.com\\\/pt-pt\\\/shop\\\/\"},{\"@type\":\"ListItem\",\"position\":3,\"name\":\"Tratamento de \u00e1gua industrial\",\"item\":\"https:\\\/\\\/www.babcock-wanson.com\\\/pt-pt\\\/categoria-produto\\\/tratamento-de-agua-industrial\\\/\"},{\"@type\":\"ListItem\",\"position\":4,\"name\":\"Produtos para tratamento de \u00e1gua\"}]},{\"@type\":\"WebSite\",\"@id\":\"https:\\\/\\\/www.babcock-wanson.com\\\/pt-pt\\\/#website\",\"url\":\"https:\\\/\\\/www.babcock-wanson.com\\\/pt-pt\\\/\",\"name\":\"Babcock Wanson\",\"description\":\"\",\"publisher\":{\"@id\":\"https:\\\/\\\/www.babcock-wanson.com\\\/pt-pt\\\/#organization\"},\"potentialAction\":[{\"@type\":\"SearchAction\",\"target\":{\"@type\":\"EntryPoint\",\"urlTemplate\":\"https:\\\/\\\/www.babcock-wanson.com\\\/pt-pt\\\/?s={search_term_string}\"},\"query-input\":{\"@type\":\"PropertyValueSpecification\",\"valueRequired\":true,\"valueName\":\"search_term_string\"}}],\"inLanguage\":\"pt-PT\"},{\"@type\":\"Organization\",\"@id\":\"https:\\\/\\\/www.babcock-wanson.com\\\/pt-pt\\\/#organization\",\"name\":\"Babcock Wanson\",\"url\":\"https:\\\/\\\/www.babcock-wanson.com\\\/pt-pt\\\/\",\"logo\":{\"@type\":\"ImageObject\",\"inLanguage\":\"pt-PT\",\"@id\":\"https:\\\/\\\/www.babcock-wanson.com\\\/pt-pt\\\/#\\\/schema\\\/logo\\\/image\\\/\",\"url\":\"https:\\\/\\\/www.babcock-wanson.com\\\/wp-content\\\/uploads\\\/2024\\\/02\\\/Babcock-Wanson-1200x1200-1.png\",\"contentUrl\":\"https:\\\/\\\/www.babcock-wanson.com\\\/wp-content\\\/uploads\\\/2024\\\/02\\\/Babcock-Wanson-1200x1200-1.png\",\"width\":1200,\"height\":1200,\"caption\":\"Babcock Wanson\"},\"image\":{\"@id\":\"https:\\\/\\\/www.babcock-wanson.com\\\/pt-pt\\\/#\\\/schema\\\/logo\\\/image\\\/\"},\"sameAs\":[\"https:\\\/\\\/www.linkedin.com\\\/company\\\/babcock-wanson\\\/\",\"https:\\\/\\\/www.youtube.com\\\/channel\\\/UCtxl25VieBBsP2kYmtlyv7A\"]}]}<\/script>\n<!-- \/ Yoast SEO Premium plugin. -->","yoast_head_json":{"title":"Produtos para tratamento de \u00e1gua - Babcock Wanson","description":"A Babcock Wanson disponibiliza solu\u00e7\u00f5es e produtos para tratamento de \u00e1gua industrial para garantir a obten\u00e7\u00e3o da qualidade pretendida. Visite-nos para conhecer a nossa oferta","robots":{"index":"index","follow":"follow","max-snippet":"max-snippet:-1","max-image-preview":"max-image-preview:large","max-video-preview":"max-video-preview:-1"},"canonical":"https:\/\/www.babcock-wanson.com\/pt-pt\/produtos\/tratamento-de-agua-industrial\/produtos-para-tratamento-de-agua\/","og_locale":"pt_PT","og_type":"article","og_title":"Produtos para tratamento de \u00e1gua","og_description":"A Babcock Wanson disponibiliza solu\u00e7\u00f5es e produtos para tratamento de \u00e1gua industrial para garantir a obten\u00e7\u00e3o da qualidade pretendida. Visite-nos para conhecer a nossa oferta","og_url":"https:\/\/www.babcock-wanson.com\/pt-pt\/produtos\/tratamento-de-agua-industrial\/produtos-para-tratamento-de-agua\/","og_site_name":"Babcock Wanson","article_modified_time":"2022-01-06T09:54:40+00:00","og_image":[{"width":600,"height":400,"url":"https:\/\/www.babcock-wanson.com\/wp-content\/uploads\/2018\/09\/water-treatment-products-1.jpg","type":"image\/jpeg"}],"twitter_card":"summary_large_image","twitter_misc":{"Est. reading time":"1 minuto"},"schema":{"@context":"https:\/\/schema.org","@graph":[{"@type":"WebPage","@id":"https:\/\/www.babcock-wanson.com\/pt-pt\/produtos\/tratamento-de-agua-industrial\/produtos-para-tratamento-de-agua\/","url":"https:\/\/www.babcock-wanson.com\/pt-pt\/produtos\/tratamento-de-agua-industrial\/produtos-para-tratamento-de-agua\/","name":"Produtos para tratamento de \u00e1gua - Babcock Wanson","isPartOf":{"@id":"https:\/\/www.babcock-wanson.com\/pt-pt\/#website"},"primaryImageOfPage":{"@id":"https:\/\/www.babcock-wanson.com\/pt-pt\/produtos\/tratamento-de-agua-industrial\/produtos-para-tratamento-de-agua\/#primaryimage"},"image":{"@id":"https:\/\/www.babcock-wanson.com\/pt-pt\/produtos\/tratamento-de-agua-industrial\/produtos-para-tratamento-de-agua\/#primaryimage"},"thumbnailUrl":"https:\/\/www.babcock-wanson.com\/wp-content\/uploads\/2018\/09\/water-treatment-products-1.jpg","datePublished":"2018-09-19T12:42:01+00:00","dateModified":"2022-01-06T09:54:40+00:00","description":"A Babcock Wanson disponibiliza solu\u00e7\u00f5es e produtos para tratamento de \u00e1gua industrial para garantir a obten\u00e7\u00e3o da qualidade pretendida. Visite-nos para conhecer a nossa oferta","breadcrumb":{"@id":"https:\/\/www.babcock-wanson.com\/pt-pt\/produtos\/tratamento-de-agua-industrial\/produtos-para-tratamento-de-agua\/#breadcrumb"},"inLanguage":"pt-PT","potentialAction":[{"@type":"ReadAction","target":["https:\/\/www.babcock-wanson.com\/pt-pt\/produtos\/tratamento-de-agua-industrial\/produtos-para-tratamento-de-agua\/"]}]},{"@type":"ImageObject","inLanguage":"pt-PT","@id":"https:\/\/www.babcock-wanson.com\/pt-pt\/produtos\/tratamento-de-agua-industrial\/produtos-para-tratamento-de-agua\/#primaryimage","url":"https:\/\/www.babcock-wanson.com\/wp-content\/uploads\/2018\/09\/water-treatment-products-1.jpg","contentUrl":"https:\/\/www.babcock-wanson.com\/wp-content\/uploads\/2018\/09\/water-treatment-products-1.jpg","width":600,"height":400,"caption":"produtos de tratamento de \u00e1gua"},{"@type":"BreadcrumbList","@id":"https:\/\/www.babcock-wanson.com\/pt-pt\/produtos\/tratamento-de-agua-industrial\/produtos-para-tratamento-de-agua\/#breadcrumb","itemListElement":[{"@type":"ListItem","position":1,"name":"Inicio","item":"https:\/\/www.babcock-wanson.com\/pt-pt\/"},{"@type":"ListItem","position":2,"name":"Produtos","item":"https:\/\/www.babcock-wanson.com\/pt-pt\/shop\/"},{"@type":"ListItem","position":3,"name":"Tratamento de \u00e1gua industrial","item":"https:\/\/www.babcock-wanson.com\/pt-pt\/categoria-produto\/tratamento-de-agua-industrial\/"},{"@type":"ListItem","position":4,"name":"Produtos para tratamento de \u00e1gua"}]},{"@type":"WebSite","@id":"https:\/\/www.babcock-wanson.com\/pt-pt\/#website","url":"https:\/\/www.babcock-wanson.com\/pt-pt\/","name":"Babcock Wanson","description":"","publisher":{"@id":"https:\/\/www.babcock-wanson.com\/pt-pt\/#organization"},"potentialAction":[{"@type":"SearchAction","target":{"@type":"EntryPoint","urlTemplate":"https:\/\/www.babcock-wanson.com\/pt-pt\/?s={search_term_string}"},"query-input":{"@type":"PropertyValueSpecification","valueRequired":true,"valueName":"search_term_string"}}],"inLanguage":"pt-PT"},{"@type":"Organization","@id":"https:\/\/www.babcock-wanson.com\/pt-pt\/#organization","name":"Babcock Wanson","url":"https:\/\/www.babcock-wanson.com\/pt-pt\/","logo":{"@type":"ImageObject","inLanguage":"pt-PT","@id":"https:\/\/www.babcock-wanson.com\/pt-pt\/#\/schema\/logo\/image\/","url":"https:\/\/www.babcock-wanson.com\/wp-content\/uploads\/2024\/02\/Babcock-Wanson-1200x1200-1.png","contentUrl":"https:\/\/www.babcock-wanson.com\/wp-content\/uploads\/2024\/02\/Babcock-Wanson-1200x1200-1.png","width":1200,"height":1200,"caption":"Babcock Wanson"},"image":{"@id":"https:\/\/www.babcock-wanson.com\/pt-pt\/#\/schema\/logo\/image\/"},"sameAs":["https:\/\/www.linkedin.com\/company\/babcock-wanson\/","https:\/\/www.youtube.com\/channel\/UCtxl25VieBBsP2kYmtlyv7A"]}]}},"jetpack_sharing_enabled":true,"_links":{"self":[{"href":"https:\/\/www.babcock-wanson.com\/pt-pt\/wp-json\/wp\/v2\/product\/31110","targetHints":{"allow":["GET"]}}],"collection":[{"href":"https:\/\/www.babcock-wanson.com\/pt-pt\/wp-json\/wp\/v2\/product"}],"about":[{"href":"https:\/\/www.babcock-wanson.com\/pt-pt\/wp-json\/wp\/v2\/types\/product"}],"replies":[{"embeddable":true,"href":"https:\/\/www.babcock-wanson.com\/pt-pt\/wp-json\/wp\/v2\/comments?post=31110"}],"wp:featuredmedia":[{"embeddable":true,"href":"https:\/\/www.babcock-wanson.com\/pt-pt\/wp-json\/wp\/v2\/media\/31111"}],"wp:attachment":[{"href":"https:\/\/www.babcock-wanson.com\/pt-pt\/wp-json\/wp\/v2\/media?parent=31110"}],"wp:term":[{"taxonomy":"product_brand","embeddable":true,"href":"https:\/\/www.babcock-wanson.com\/pt-pt\/wp-json\/wp\/v2\/product_brand?post=31110"},{"taxonomy":"product_cat","embeddable":true,"href":"https:\/\/www.babcock-wanson.com\/pt-pt\/wp-json\/wp\/v2\/product_cat?post=31110"},{"taxonomy":"product_tag","embeddable":true,"href":"https:\/\/www.babcock-wanson.com\/pt-pt\/wp-json\/wp\/v2\/product_tag?post=31110"}],"curies":[{"name":"wp","href":"https:\/\/api.w.org\/{rel}","templated":true}]}}