{"id":31135,"date":"2018-09-19T12:36:12","date_gmt":"2018-09-19T11:36:12","guid":{"rendered":"https:\/\/www.babcock-wanson.com\/products\/sem%20categoria\/regenerative-oxidisers\/"},"modified":"2021-11-08T01:55:48","modified_gmt":"2021-11-08T01:55:48","slug":"oxidadores-de-regeneracao","status":"publish","type":"product","link":"https:\/\/www.babcock-wanson.com\/pt-pt\/produtos\/oxidadores-termicos\/oxidadores-de-regeneracao\/","title":{"rendered":"Oxidadores de regenera\u00e7\u00e3o"},"content":{"rendered":"<div class=\"vgblk-rw-wrapper limit-wrapper\">\r\n<h3>Princ\u00edpio de funcionamento<\/h3>\r\n<p>O ar carregado de COV do processo \u00e9 encaminhado para o oxidador, atrav\u00e9s de um ventilador de transporte de efluentes controlado por velocidade vari\u00e1vel. Os efluentes s\u00e3o aquecidos na torre de chegada, passados atrav\u00e9s da c\u00e2mara de combust\u00e3o e arrefecidos \u00e0 sa\u00edda da torre, estando ambas as torres cheias de um material cer\u00e2mico espec\u00edfico.<\/p>\r\n<p>Para se obter a melhor oxida\u00e7\u00e3o t\u00e9rmica dos COV, devem estar reunidas as seguintes condi\u00e7\u00f5es:<\/p>\r\n<ul>\r\n<li>Temperatura entre 750 e 950 \u00b0C<\/li>\r\n<li>Tempo de espera dos efluentes na c\u00e2mara de combust\u00e3o entre 0,6 e 1 segundo<\/li>\r\n<li>Boa turbul\u00eancia, para mistura eficiente dos efluentes e do oxig\u00e9nio<\/li>\r\n<\/ul>\r\n<p>Um oxidador t\u00e9rmico de regenera\u00e7\u00e3o normalmente inclui o seguinte:<\/p>\r\n<ul>\r\n<li>Ventilador de transfer\u00eancia de efluentes, com sistema de controlo autom\u00e1tico<\/li>\r\n<li>Torres de armazenamento de calor, cheias com material cer\u00e2mico (2, 3 ou 5 torres, consoante os crit\u00e9rios de opera\u00e7\u00e3o)<\/li>\r\n<li>Sistema de v\u00e1lvulas autom\u00e1ticas, para distribui\u00e7\u00e3o dos efluentes atrav\u00e9s das torres (concebido e fabricado pela Babcock Wanson)<\/li>\r\n<li>C\u00e2mara de combust\u00e3o com um ou mais queimadores autom\u00e1ticos modulados a g\u00e1s\/combust\u00edvel.<\/li>\r\n<li>Painel de controlo com controlador l\u00f3gico program\u00e1vel (PLC) e painel de interface com o operador (HMI)<\/li>\r\n<\/ul>\r\n<h3>Vantagens dos oxidadores de regenera\u00e7\u00e3o<\/h3>\r\n<ul>\r\n<li>T\u00e3o eficazes como os <a href=\"https:\/\/www.babcock-wanson.com\/pt-pt\/categoria-produto\/oxidadores-termicos\/\">oxidadores t\u00e9rmicos<\/a> de recupera\u00e7\u00e3o, com emiss\u00f5es de NOx mais baixas<\/li>\r\n<li>Adequados para fluxos de gases de escape com elevado caudal e baixo teor de COV<\/li>\r\n<li>Controlo cont\u00ednuo das emiss\u00f5es<\/li>\r\n<li>Gest\u00e3o simples do funcionamento<\/li>\r\n<li>Manuten\u00e7\u00e3o reduzida<\/li>\r\n<li>Consumo reduzido de g\u00e1s\/combust\u00edvel: o oxidador de regenera\u00e7\u00e3o consegue alcan\u00e7ar condi\u00e7\u00f5es autot\u00e9rmicas, com concentra\u00e7\u00f5es muito baixas de COV<\/li>\r\n<li>Estrutura aut\u00f3noma, que n\u00e3o produz res\u00edduos ou calor que exija a posterior recupera\u00e7\u00e3o<\/li>\r\n<li>Intervalo entre 1 000 e 150 000 Nm\u00b3\/h<\/li>\r\n<\/ul>\r\n<\/div><!-- .vgblk-rw-wrapper -->","protected":false},"excerpt":{"rendered":"<p>Os oxidadores de regenera\u00e7\u00e3o s\u00e3o usados quando n\u00e3o h\u00e1 necessidade de <a href=\"https:\/\/www.babcock-wanson.com\/pt-pt\/categoria-produto\/sistemas-de-recuperacao\/\">recupera\u00e7\u00e3o de calor<\/a>, ou quando a quantidade de calor pass\u00edvel de recupera\u00e7\u00e3o \u00e9 demasiado pequena para justificar um oxidador t\u00e9rmico de recupera\u00e7\u00e3o. S\u00e3o tamb\u00e9m muito adequados para processos que libertam grandes volumes de gases de escape, com um teor de COV relativamente baixo.<\/p>\n","protected":false},"featured_media":29922,"comment_status":"closed","ping_status":"closed","template":"","meta":{"_acf_changed":false,"_relevanssi_hide_post":"","_relevanssi_hide_content":"","_relevanssi_pin_for_all":"","_relevanssi_pin_keywords":"","_relevanssi_unpin_keywords":"","_relevanssi_related_keywords":"","_relevanssi_related_include_ids":"","_relevanssi_related_exclude_ids":"","_relevanssi_related_no_append":"","_relevanssi_related_not_related":"","_relevanssi_related_posts":"","_relevanssi_noindex_reason":""},"product_brand":[],"product_cat":[5183],"product_tag":[],"class_list":{"0":"post-31135","1":"product","2":"type-product","3":"status-publish","4":"has-post-thumbnail","6":"product_cat-oxidadores-termicos","8":"first","9":"instock","10":"shipping-taxable","11":"product-type-simple"},"acf":[],"yoast_head":"<!-- This site is optimized with the Yoast SEO Premium plugin v27.4 (Yoast SEO v27.4) - https:\/\/yoast.com\/product\/yoast-seo-premium-wordpress\/ -->\n<title>Oxidadores de regenera\u00e7\u00e3o - Babcock Wanson<\/title>\n<meta name=\"description\" content=\"Os oxidadores de regenera\u00e7\u00e3o s\u00e3o adequados quando n\u00e3o h\u00e1 necessidade de recupera\u00e7\u00e3o de calor e nos processos que libertam grandes volumes de gases com baixo teor de COV\" \/>\n<meta name=\"robots\" content=\"index, follow, max-snippet:-1, max-image-preview:large, max-video-preview:-1\" \/>\n<link rel=\"canonical\" href=\"https:\/\/www.babcock-wanson.com\/pt-pt\/produtos\/oxidadores-termicos\/oxidadores-de-regeneracao\/\" \/>\n<meta property=\"og:locale\" content=\"pt_PT\" \/>\n<meta property=\"og:type\" content=\"article\" \/>\n<meta property=\"og:title\" content=\"Oxidadores de regenera\u00e7\u00e3o\" \/>\n<meta property=\"og:description\" content=\"Os oxidadores de regenera\u00e7\u00e3o s\u00e3o adequados quando n\u00e3o h\u00e1 necessidade de recupera\u00e7\u00e3o de calor e nos processos que libertam grandes volumes de gases com baixo teor de COV\" \/>\n<meta property=\"og:url\" content=\"https:\/\/www.babcock-wanson.com\/pt-pt\/produtos\/oxidadores-termicos\/oxidadores-de-regeneracao\/\" \/>\n<meta property=\"og:site_name\" content=\"Babcock Wanson\" \/>\n<meta property=\"article:modified_time\" content=\"2021-11-08T01:55:48+00:00\" \/>\n<meta property=\"og:image\" content=\"https:\/\/www.babcock-wanson.com\/wp-content\/uploads\/2018\/09\/Regenerative-Oxidisers-12.jpg\" \/>\n\t<meta property=\"og:image:width\" content=\"600\" \/>\n\t<meta property=\"og:image:height\" content=\"400\" \/>\n\t<meta property=\"og:image:type\" content=\"image\/jpeg\" \/>\n<meta name=\"twitter:card\" content=\"summary_large_image\" \/>\n<meta name=\"twitter:label1\" content=\"Est. reading time\" \/>\n\t<meta name=\"twitter:data1\" content=\"2 minutos\" \/>\n<script type=\"application\/ld+json\" class=\"yoast-schema-graph\">{\"@context\":\"https:\\\/\\\/schema.org\",\"@graph\":[{\"@type\":\"WebPage\",\"@id\":\"https:\\\/\\\/www.babcock-wanson.com\\\/pt-pt\\\/produtos\\\/oxidadores-termicos\\\/oxidadores-de-regeneracao\\\/\",\"url\":\"https:\\\/\\\/www.babcock-wanson.com\\\/pt-pt\\\/produtos\\\/oxidadores-termicos\\\/oxidadores-de-regeneracao\\\/\",\"name\":\"Oxidadores de regenera\u00e7\u00e3o - Babcock Wanson\",\"isPartOf\":{\"@id\":\"https:\\\/\\\/www.babcock-wanson.com\\\/pt-pt\\\/#website\"},\"primaryImageOfPage\":{\"@id\":\"https:\\\/\\\/www.babcock-wanson.com\\\/pt-pt\\\/produtos\\\/oxidadores-termicos\\\/oxidadores-de-regeneracao\\\/#primaryimage\"},\"image\":{\"@id\":\"https:\\\/\\\/www.babcock-wanson.com\\\/pt-pt\\\/produtos\\\/oxidadores-termicos\\\/oxidadores-de-regeneracao\\\/#primaryimage\"},\"thumbnailUrl\":\"https:\\\/\\\/www.babcock-wanson.com\\\/wp-content\\\/uploads\\\/2018\\\/09\\\/Regenerative-Oxidisers-12.jpg\",\"datePublished\":\"2018-09-19T11:36:12+00:00\",\"dateModified\":\"2021-11-08T01:55:48+00:00\",\"description\":\"Os oxidadores de regenera\u00e7\u00e3o s\u00e3o adequados quando n\u00e3o h\u00e1 necessidade de recupera\u00e7\u00e3o de calor e nos processos que libertam grandes volumes de gases com baixo teor de COV\",\"breadcrumb\":{\"@id\":\"https:\\\/\\\/www.babcock-wanson.com\\\/pt-pt\\\/produtos\\\/oxidadores-termicos\\\/oxidadores-de-regeneracao\\\/#breadcrumb\"},\"inLanguage\":\"pt-PT\",\"potentialAction\":[{\"@type\":\"ReadAction\",\"target\":[\"https:\\\/\\\/www.babcock-wanson.com\\\/pt-pt\\\/produtos\\\/oxidadores-termicos\\\/oxidadores-de-regeneracao\\\/\"]}]},{\"@type\":\"ImageObject\",\"inLanguage\":\"pt-PT\",\"@id\":\"https:\\\/\\\/www.babcock-wanson.com\\\/pt-pt\\\/produtos\\\/oxidadores-termicos\\\/oxidadores-de-regeneracao\\\/#primaryimage\",\"url\":\"https:\\\/\\\/www.babcock-wanson.com\\\/wp-content\\\/uploads\\\/2018\\\/09\\\/Regenerative-Oxidisers-12.jpg\",\"contentUrl\":\"https:\\\/\\\/www.babcock-wanson.com\\\/wp-content\\\/uploads\\\/2018\\\/09\\\/Regenerative-Oxidisers-12.jpg\",\"width\":600,\"height\":400,\"caption\":\"Oxidadores de regenera\u00e7\u00e3o\"},{\"@type\":\"BreadcrumbList\",\"@id\":\"https:\\\/\\\/www.babcock-wanson.com\\\/pt-pt\\\/produtos\\\/oxidadores-termicos\\\/oxidadores-de-regeneracao\\\/#breadcrumb\",\"itemListElement\":[{\"@type\":\"ListItem\",\"position\":1,\"name\":\"Inicio\",\"item\":\"https:\\\/\\\/www.babcock-wanson.com\\\/pt-pt\\\/\"},{\"@type\":\"ListItem\",\"position\":2,\"name\":\"Produtos\",\"item\":\"https:\\\/\\\/www.babcock-wanson.com\\\/pt-pt\\\/shop\\\/\"},{\"@type\":\"ListItem\",\"position\":3,\"name\":\"Oxidadores t\u00e9rmicos\",\"item\":\"https:\\\/\\\/www.babcock-wanson.com\\\/pt-pt\\\/categoria-produto\\\/oxidadores-termicos\\\/\"},{\"@type\":\"ListItem\",\"position\":4,\"name\":\"Oxidadores de regenera\u00e7\u00e3o\"}]},{\"@type\":\"WebSite\",\"@id\":\"https:\\\/\\\/www.babcock-wanson.com\\\/pt-pt\\\/#website\",\"url\":\"https:\\\/\\\/www.babcock-wanson.com\\\/pt-pt\\\/\",\"name\":\"Babcock Wanson\",\"description\":\"\",\"publisher\":{\"@id\":\"https:\\\/\\\/www.babcock-wanson.com\\\/pt-pt\\\/#organization\"},\"potentialAction\":[{\"@type\":\"SearchAction\",\"target\":{\"@type\":\"EntryPoint\",\"urlTemplate\":\"https:\\\/\\\/www.babcock-wanson.com\\\/pt-pt\\\/?s={search_term_string}\"},\"query-input\":{\"@type\":\"PropertyValueSpecification\",\"valueRequired\":true,\"valueName\":\"search_term_string\"}}],\"inLanguage\":\"pt-PT\"},{\"@type\":\"Organization\",\"@id\":\"https:\\\/\\\/www.babcock-wanson.com\\\/pt-pt\\\/#organization\",\"name\":\"Babcock Wanson\",\"url\":\"https:\\\/\\\/www.babcock-wanson.com\\\/pt-pt\\\/\",\"logo\":{\"@type\":\"ImageObject\",\"inLanguage\":\"pt-PT\",\"@id\":\"https:\\\/\\\/www.babcock-wanson.com\\\/pt-pt\\\/#\\\/schema\\\/logo\\\/image\\\/\",\"url\":\"https:\\\/\\\/www.babcock-wanson.com\\\/wp-content\\\/uploads\\\/2024\\\/02\\\/Babcock-Wanson-1200x1200-1.png\",\"contentUrl\":\"https:\\\/\\\/www.babcock-wanson.com\\\/wp-content\\\/uploads\\\/2024\\\/02\\\/Babcock-Wanson-1200x1200-1.png\",\"width\":1200,\"height\":1200,\"caption\":\"Babcock Wanson\"},\"image\":{\"@id\":\"https:\\\/\\\/www.babcock-wanson.com\\\/pt-pt\\\/#\\\/schema\\\/logo\\\/image\\\/\"},\"sameAs\":[\"https:\\\/\\\/www.linkedin.com\\\/company\\\/babcock-wanson\\\/\",\"https:\\\/\\\/www.youtube.com\\\/channel\\\/UCtxl25VieBBsP2kYmtlyv7A\"]}]}<\/script>\n<!-- \/ Yoast SEO Premium plugin. -->","yoast_head_json":{"title":"Oxidadores de regenera\u00e7\u00e3o - Babcock Wanson","description":"Os oxidadores de regenera\u00e7\u00e3o s\u00e3o adequados quando n\u00e3o h\u00e1 necessidade de recupera\u00e7\u00e3o de calor e nos processos que libertam grandes volumes de gases com baixo teor de COV","robots":{"index":"index","follow":"follow","max-snippet":"max-snippet:-1","max-image-preview":"max-image-preview:large","max-video-preview":"max-video-preview:-1"},"canonical":"https:\/\/www.babcock-wanson.com\/pt-pt\/produtos\/oxidadores-termicos\/oxidadores-de-regeneracao\/","og_locale":"pt_PT","og_type":"article","og_title":"Oxidadores de regenera\u00e7\u00e3o","og_description":"Os oxidadores de regenera\u00e7\u00e3o s\u00e3o adequados quando n\u00e3o h\u00e1 necessidade de recupera\u00e7\u00e3o de calor e nos processos que libertam grandes volumes de gases com baixo teor de COV","og_url":"https:\/\/www.babcock-wanson.com\/pt-pt\/produtos\/oxidadores-termicos\/oxidadores-de-regeneracao\/","og_site_name":"Babcock Wanson","article_modified_time":"2021-11-08T01:55:48+00:00","og_image":[{"width":600,"height":400,"url":"https:\/\/www.babcock-wanson.com\/wp-content\/uploads\/2018\/09\/Regenerative-Oxidisers-12.jpg","type":"image\/jpeg"}],"twitter_card":"summary_large_image","twitter_misc":{"Est. reading time":"2 minutos"},"schema":{"@context":"https:\/\/schema.org","@graph":[{"@type":"WebPage","@id":"https:\/\/www.babcock-wanson.com\/pt-pt\/produtos\/oxidadores-termicos\/oxidadores-de-regeneracao\/","url":"https:\/\/www.babcock-wanson.com\/pt-pt\/produtos\/oxidadores-termicos\/oxidadores-de-regeneracao\/","name":"Oxidadores de regenera\u00e7\u00e3o - Babcock Wanson","isPartOf":{"@id":"https:\/\/www.babcock-wanson.com\/pt-pt\/#website"},"primaryImageOfPage":{"@id":"https:\/\/www.babcock-wanson.com\/pt-pt\/produtos\/oxidadores-termicos\/oxidadores-de-regeneracao\/#primaryimage"},"image":{"@id":"https:\/\/www.babcock-wanson.com\/pt-pt\/produtos\/oxidadores-termicos\/oxidadores-de-regeneracao\/#primaryimage"},"thumbnailUrl":"https:\/\/www.babcock-wanson.com\/wp-content\/uploads\/2018\/09\/Regenerative-Oxidisers-12.jpg","datePublished":"2018-09-19T11:36:12+00:00","dateModified":"2021-11-08T01:55:48+00:00","description":"Os oxidadores de regenera\u00e7\u00e3o s\u00e3o adequados quando n\u00e3o h\u00e1 necessidade de recupera\u00e7\u00e3o de calor e nos processos que libertam grandes volumes de gases com baixo teor de COV","breadcrumb":{"@id":"https:\/\/www.babcock-wanson.com\/pt-pt\/produtos\/oxidadores-termicos\/oxidadores-de-regeneracao\/#breadcrumb"},"inLanguage":"pt-PT","potentialAction":[{"@type":"ReadAction","target":["https:\/\/www.babcock-wanson.com\/pt-pt\/produtos\/oxidadores-termicos\/oxidadores-de-regeneracao\/"]}]},{"@type":"ImageObject","inLanguage":"pt-PT","@id":"https:\/\/www.babcock-wanson.com\/pt-pt\/produtos\/oxidadores-termicos\/oxidadores-de-regeneracao\/#primaryimage","url":"https:\/\/www.babcock-wanson.com\/wp-content\/uploads\/2018\/09\/Regenerative-Oxidisers-12.jpg","contentUrl":"https:\/\/www.babcock-wanson.com\/wp-content\/uploads\/2018\/09\/Regenerative-Oxidisers-12.jpg","width":600,"height":400,"caption":"Oxidadores de regenera\u00e7\u00e3o"},{"@type":"BreadcrumbList","@id":"https:\/\/www.babcock-wanson.com\/pt-pt\/produtos\/oxidadores-termicos\/oxidadores-de-regeneracao\/#breadcrumb","itemListElement":[{"@type":"ListItem","position":1,"name":"Inicio","item":"https:\/\/www.babcock-wanson.com\/pt-pt\/"},{"@type":"ListItem","position":2,"name":"Produtos","item":"https:\/\/www.babcock-wanson.com\/pt-pt\/shop\/"},{"@type":"ListItem","position":3,"name":"Oxidadores t\u00e9rmicos","item":"https:\/\/www.babcock-wanson.com\/pt-pt\/categoria-produto\/oxidadores-termicos\/"},{"@type":"ListItem","position":4,"name":"Oxidadores de regenera\u00e7\u00e3o"}]},{"@type":"WebSite","@id":"https:\/\/www.babcock-wanson.com\/pt-pt\/#website","url":"https:\/\/www.babcock-wanson.com\/pt-pt\/","name":"Babcock Wanson","description":"","publisher":{"@id":"https:\/\/www.babcock-wanson.com\/pt-pt\/#organization"},"potentialAction":[{"@type":"SearchAction","target":{"@type":"EntryPoint","urlTemplate":"https:\/\/www.babcock-wanson.com\/pt-pt\/?s={search_term_string}"},"query-input":{"@type":"PropertyValueSpecification","valueRequired":true,"valueName":"search_term_string"}}],"inLanguage":"pt-PT"},{"@type":"Organization","@id":"https:\/\/www.babcock-wanson.com\/pt-pt\/#organization","name":"Babcock Wanson","url":"https:\/\/www.babcock-wanson.com\/pt-pt\/","logo":{"@type":"ImageObject","inLanguage":"pt-PT","@id":"https:\/\/www.babcock-wanson.com\/pt-pt\/#\/schema\/logo\/image\/","url":"https:\/\/www.babcock-wanson.com\/wp-content\/uploads\/2024\/02\/Babcock-Wanson-1200x1200-1.png","contentUrl":"https:\/\/www.babcock-wanson.com\/wp-content\/uploads\/2024\/02\/Babcock-Wanson-1200x1200-1.png","width":1200,"height":1200,"caption":"Babcock Wanson"},"image":{"@id":"https:\/\/www.babcock-wanson.com\/pt-pt\/#\/schema\/logo\/image\/"},"sameAs":["https:\/\/www.linkedin.com\/company\/babcock-wanson\/","https:\/\/www.youtube.com\/channel\/UCtxl25VieBBsP2kYmtlyv7A"]}]}},"jetpack_sharing_enabled":true,"_links":{"self":[{"href":"https:\/\/www.babcock-wanson.com\/pt-pt\/wp-json\/wp\/v2\/product\/31135","targetHints":{"allow":["GET"]}}],"collection":[{"href":"https:\/\/www.babcock-wanson.com\/pt-pt\/wp-json\/wp\/v2\/product"}],"about":[{"href":"https:\/\/www.babcock-wanson.com\/pt-pt\/wp-json\/wp\/v2\/types\/product"}],"replies":[{"embeddable":true,"href":"https:\/\/www.babcock-wanson.com\/pt-pt\/wp-json\/wp\/v2\/comments?post=31135"}],"wp:featuredmedia":[{"embeddable":true,"href":"https:\/\/www.babcock-wanson.com\/pt-pt\/wp-json\/wp\/v2\/media\/29922"}],"wp:attachment":[{"href":"https:\/\/www.babcock-wanson.com\/pt-pt\/wp-json\/wp\/v2\/media?parent=31135"}],"wp:term":[{"taxonomy":"product_brand","embeddable":true,"href":"https:\/\/www.babcock-wanson.com\/pt-pt\/wp-json\/wp\/v2\/product_brand?post=31135"},{"taxonomy":"product_cat","embeddable":true,"href":"https:\/\/www.babcock-wanson.com\/pt-pt\/wp-json\/wp\/v2\/product_cat?post=31135"},{"taxonomy":"product_tag","embeddable":true,"href":"https:\/\/www.babcock-wanson.com\/pt-pt\/wp-json\/wp\/v2\/product_tag?post=31135"}],"curies":[{"name":"wp","href":"https:\/\/api.w.org\/{rel}","templated":true}]}}