{"id":31155,"date":"2018-09-19T12:36:05","date_gmt":"2018-09-19T11:36:05","guid":{"rendered":"https:\/\/www.babcock-wanson.com\/products\/sem%20categoria\/roto-concentrator\/"},"modified":"2021-01-25T19:06:25","modified_gmt":"2021-01-25T19:06:25","slug":"rotoconcentrador","status":"publish","type":"product","link":"https:\/\/www.babcock-wanson.com\/pt-pt\/produtos\/oxidadores-termicos\/rotoconcentrador\/","title":{"rendered":"Rotoconcentrador"},"content":{"rendered":"<div class=\"vgblk-rw-wrapper limit-wrapper\">\r\n<h3>Conce\u00e7\u00e3o e opera\u00e7\u00e3o<\/h3>\r\n<p>A roda girat\u00f3ria \u00e9 uma estrutura alveolar, formada por uma matriz contendo ze\u00f3litos. Os ze\u00f3litos s\u00e3o materiais de silicato de alum\u00ednio microporosos, que constituem uma \u00e1rea de superf\u00edcie grande para a adsor\u00e7\u00e3o de tipos de COV. O rotoconcentrador roda a uma velocidade vari\u00e1vel, normalmente 1 a 3 rota\u00e7\u00f5es\/hora, dependendo das condi\u00e7\u00f5es do processo.<\/p>\r\n<p>90 a 95% do fluxo de efluentes do processo passam pela roda do rotoconcentrador em dire\u00e7\u00e3o \u00e0 chamin\u00e9, sendo os COV adsorvidos temporariamente nos ze\u00f3litos.<\/p>\r\n<p>Os restantes 5-10% do fluxo s\u00e3o aquecidos e passados atrav\u00e9s de uma sec\u00e7\u00e3o da roda do rotoconcentrador, na qual o calor faz com que os COV sejam dessorvidos da matriz de ze\u00f3litos, devolvendo-a, ap\u00f3s uma etapa de arrefecimento posterior, \u00e0 condi\u00e7\u00e3o pretendida para continuar com o ciclo. Este fluxo mais concentrado \u00e9, ent\u00e3o, tratado num oxidador (geralmente um oxidador de regenera\u00e7\u00e3o, que muitas vezes pode funcionar em opera\u00e7\u00e3o autot\u00e9rmica), localizado a jusante do rotoconcentrador. Isto reduz enormemente ou elimina o combust\u00edvel de apoio necess\u00e1rio para tratar o vapor do fluxo total do processo.<\/p>\r\n<h3>Vantagens<\/h3>\r\n<ul>\r\n<li>Capacidade para lidar com um grande volume de ar de efluentes com diversos tipos de COV, de forma muito rent\u00e1vel<\/li>\r\n<li>Taxa de neutraliza\u00e7\u00e3o &gt; 98%<\/li>\r\n<li>O amaciamento de picos de concentra\u00e7\u00e3o de COV fornece emiss\u00f5es muito fi\u00e1veis<\/li>\r\n<li>Baixo consumo de energia<\/li>\r\n<li>Redu\u00e7\u00e3o, em 10 vezes ou mais, do tamanho do oxidador de regenera\u00e7\u00e3o para o fluxo de processo pretendido<\/li>\r\n<li>Fabrico duradouro da roda (n\u00e3o \u00e9 necess\u00e1ria a substitui\u00e7\u00e3o peri\u00f3dica)<\/li>\r\n<li>Sistema operativo de utilizador intuitivo<\/li>\r\n<li>Baixos custos de manuten\u00e7\u00e3o<\/li>\r\n<li>Ocupa\u00e7\u00e3o de espa\u00e7o reduzida, em compara\u00e7\u00e3o com outras tecnologias para tratar o mesmo fluxo de processo<\/li>\r\n<\/ul>\r\n<\/div><!-- .vgblk-rw-wrapper -->","protected":false},"excerpt":{"rendered":"<p>A fun\u00e7\u00e3o t\u00edpica consiste em tratar fluxos de processos entre 25 000 e 300 000 Nm3\/h que contenham n\u00edveis baixos de COV. Um rotoconcentrador \u00e9 uma roda girat\u00f3ria carregada de ze\u00f3litos, que adsorve temporariamente os COV para a matriz, removendo-os, assim, do fluxo de efluente, e, em seguida, fornece um caudal rico em COV muito menor para tratamento atrav\u00e9s de t\u00e9cnicas de oxida\u00e7\u00e3o tradicionais. \u00c9 f\u00e1cil de utilizar, muito eficaz a reduzir as emiss\u00f5es de COV, seguro e extremamente rent\u00e1vel, em compara\u00e7\u00e3o com outras tecnologias, como a filtra\u00e7\u00e3o por carv\u00e3o ativado.<\/p>\n","protected":false},"featured_media":31160,"comment_status":"closed","ping_status":"closed","template":"","meta":{"_acf_changed":false,"_relevanssi_hide_post":"","_relevanssi_hide_content":"","_relevanssi_pin_for_all":"","_relevanssi_pin_keywords":"","_relevanssi_unpin_keywords":"","_relevanssi_related_keywords":"","_relevanssi_related_include_ids":"","_relevanssi_related_exclude_ids":"","_relevanssi_related_no_append":"","_relevanssi_related_not_related":"","_relevanssi_related_posts":"","_relevanssi_noindex_reason":""},"product_brand":[],"product_cat":[5183],"product_tag":[],"class_list":{"0":"post-31155","1":"product","2":"type-product","3":"status-publish","4":"has-post-thumbnail","6":"product_cat-oxidadores-termicos","8":"first","9":"instock","10":"shipping-taxable","11":"product-type-simple"},"acf":[],"yoast_head":"<!-- This site is optimized with the Yoast SEO Premium plugin v27.4 (Yoast SEO v27.4) - https:\/\/yoast.com\/product\/yoast-seo-premium-wordpress\/ -->\n<title>Rotoconcentrador - Babcock Wanson<\/title>\n<meta name=\"description\" content=\"Os rotoconcentradores da Babcock Wanson s\u00e3o f\u00e1ceis de utilizar, eficazes a reduzir as emiss\u00f5es de COV, seguros e extremamente rent\u00e1veis. Conhe\u00e7a a nossa oferta aqui\" \/>\n<meta name=\"robots\" content=\"index, follow, max-snippet:-1, max-image-preview:large, max-video-preview:-1\" \/>\n<link rel=\"canonical\" href=\"https:\/\/www.babcock-wanson.com\/pt-pt\/produtos\/oxidadores-termicos\/rotoconcentrador\/\" \/>\n<meta property=\"og:locale\" content=\"pt_PT\" \/>\n<meta property=\"og:type\" content=\"article\" \/>\n<meta property=\"og:title\" content=\"Rotoconcentrador\" \/>\n<meta property=\"og:description\" content=\"Os rotoconcentradores da Babcock Wanson s\u00e3o f\u00e1ceis de utilizar, eficazes a reduzir as emiss\u00f5es de COV, seguros e extremamente rent\u00e1veis. Conhe\u00e7a a nossa oferta aqui\" \/>\n<meta property=\"og:url\" content=\"https:\/\/www.babcock-wanson.com\/pt-pt\/produtos\/oxidadores-termicos\/rotoconcentrador\/\" \/>\n<meta property=\"og:site_name\" content=\"Babcock Wanson\" \/>\n<meta property=\"article:modified_time\" content=\"2021-01-25T19:06:25+00:00\" \/>\n<meta property=\"og:image\" content=\"https:\/\/www.babcock-wanson.com\/wp-content\/uploads\/2018\/09\/roto-concentrator-2.png\" \/>\n\t<meta property=\"og:image:width\" content=\"600\" \/>\n\t<meta property=\"og:image:height\" content=\"400\" \/>\n\t<meta property=\"og:image:type\" content=\"image\/png\" \/>\n<meta name=\"twitter:card\" content=\"summary_large_image\" \/>\n<meta name=\"twitter:label1\" content=\"Est. reading time\" \/>\n\t<meta name=\"twitter:data1\" content=\"2 minutos\" \/>\n<script type=\"application\/ld+json\" class=\"yoast-schema-graph\">{\"@context\":\"https:\\\/\\\/schema.org\",\"@graph\":[{\"@type\":\"WebPage\",\"@id\":\"https:\\\/\\\/www.babcock-wanson.com\\\/pt-pt\\\/produtos\\\/oxidadores-termicos\\\/rotoconcentrador\\\/\",\"url\":\"https:\\\/\\\/www.babcock-wanson.com\\\/pt-pt\\\/produtos\\\/oxidadores-termicos\\\/rotoconcentrador\\\/\",\"name\":\"Rotoconcentrador - Babcock Wanson\",\"isPartOf\":{\"@id\":\"https:\\\/\\\/www.babcock-wanson.com\\\/pt-pt\\\/#website\"},\"primaryImageOfPage\":{\"@id\":\"https:\\\/\\\/www.babcock-wanson.com\\\/pt-pt\\\/produtos\\\/oxidadores-termicos\\\/rotoconcentrador\\\/#primaryimage\"},\"image\":{\"@id\":\"https:\\\/\\\/www.babcock-wanson.com\\\/pt-pt\\\/produtos\\\/oxidadores-termicos\\\/rotoconcentrador\\\/#primaryimage\"},\"thumbnailUrl\":\"https:\\\/\\\/www.babcock-wanson.com\\\/wp-content\\\/uploads\\\/2018\\\/09\\\/roto-concentrator-2.png\",\"datePublished\":\"2018-09-19T11:36:05+00:00\",\"dateModified\":\"2021-01-25T19:06:25+00:00\",\"description\":\"Os rotoconcentradores da Babcock Wanson s\u00e3o f\u00e1ceis de utilizar, eficazes a reduzir as emiss\u00f5es de COV, seguros e extremamente rent\u00e1veis. Conhe\u00e7a a nossa oferta aqui\",\"breadcrumb\":{\"@id\":\"https:\\\/\\\/www.babcock-wanson.com\\\/pt-pt\\\/produtos\\\/oxidadores-termicos\\\/rotoconcentrador\\\/#breadcrumb\"},\"inLanguage\":\"pt-PT\",\"potentialAction\":[{\"@type\":\"ReadAction\",\"target\":[\"https:\\\/\\\/www.babcock-wanson.com\\\/pt-pt\\\/produtos\\\/oxidadores-termicos\\\/rotoconcentrador\\\/\"]}]},{\"@type\":\"ImageObject\",\"inLanguage\":\"pt-PT\",\"@id\":\"https:\\\/\\\/www.babcock-wanson.com\\\/pt-pt\\\/produtos\\\/oxidadores-termicos\\\/rotoconcentrador\\\/#primaryimage\",\"url\":\"https:\\\/\\\/www.babcock-wanson.com\\\/wp-content\\\/uploads\\\/2018\\\/09\\\/roto-concentrator-2.png\",\"contentUrl\":\"https:\\\/\\\/www.babcock-wanson.com\\\/wp-content\\\/uploads\\\/2018\\\/09\\\/roto-concentrator-2.png\",\"width\":600,\"height\":400,\"caption\":\"roto-concentrador\"},{\"@type\":\"BreadcrumbList\",\"@id\":\"https:\\\/\\\/www.babcock-wanson.com\\\/pt-pt\\\/produtos\\\/oxidadores-termicos\\\/rotoconcentrador\\\/#breadcrumb\",\"itemListElement\":[{\"@type\":\"ListItem\",\"position\":1,\"name\":\"Inicio\",\"item\":\"https:\\\/\\\/www.babcock-wanson.com\\\/pt-pt\\\/\"},{\"@type\":\"ListItem\",\"position\":2,\"name\":\"Produtos\",\"item\":\"https:\\\/\\\/www.babcock-wanson.com\\\/pt-pt\\\/shop\\\/\"},{\"@type\":\"ListItem\",\"position\":3,\"name\":\"Oxidadores t\u00e9rmicos\",\"item\":\"https:\\\/\\\/www.babcock-wanson.com\\\/pt-pt\\\/categoria-produto\\\/oxidadores-termicos\\\/\"},{\"@type\":\"ListItem\",\"position\":4,\"name\":\"Rotoconcentrador\"}]},{\"@type\":\"WebSite\",\"@id\":\"https:\\\/\\\/www.babcock-wanson.com\\\/pt-pt\\\/#website\",\"url\":\"https:\\\/\\\/www.babcock-wanson.com\\\/pt-pt\\\/\",\"name\":\"Babcock Wanson\",\"description\":\"\",\"publisher\":{\"@id\":\"https:\\\/\\\/www.babcock-wanson.com\\\/pt-pt\\\/#organization\"},\"potentialAction\":[{\"@type\":\"SearchAction\",\"target\":{\"@type\":\"EntryPoint\",\"urlTemplate\":\"https:\\\/\\\/www.babcock-wanson.com\\\/pt-pt\\\/?s={search_term_string}\"},\"query-input\":{\"@type\":\"PropertyValueSpecification\",\"valueRequired\":true,\"valueName\":\"search_term_string\"}}],\"inLanguage\":\"pt-PT\"},{\"@type\":\"Organization\",\"@id\":\"https:\\\/\\\/www.babcock-wanson.com\\\/pt-pt\\\/#organization\",\"name\":\"Babcock Wanson\",\"url\":\"https:\\\/\\\/www.babcock-wanson.com\\\/pt-pt\\\/\",\"logo\":{\"@type\":\"ImageObject\",\"inLanguage\":\"pt-PT\",\"@id\":\"https:\\\/\\\/www.babcock-wanson.com\\\/pt-pt\\\/#\\\/schema\\\/logo\\\/image\\\/\",\"url\":\"https:\\\/\\\/www.babcock-wanson.com\\\/wp-content\\\/uploads\\\/2024\\\/02\\\/Babcock-Wanson-1200x1200-1.png\",\"contentUrl\":\"https:\\\/\\\/www.babcock-wanson.com\\\/wp-content\\\/uploads\\\/2024\\\/02\\\/Babcock-Wanson-1200x1200-1.png\",\"width\":1200,\"height\":1200,\"caption\":\"Babcock Wanson\"},\"image\":{\"@id\":\"https:\\\/\\\/www.babcock-wanson.com\\\/pt-pt\\\/#\\\/schema\\\/logo\\\/image\\\/\"},\"sameAs\":[\"https:\\\/\\\/www.linkedin.com\\\/company\\\/babcock-wanson\\\/\",\"https:\\\/\\\/www.youtube.com\\\/channel\\\/UCtxl25VieBBsP2kYmtlyv7A\"]}]}<\/script>\n<!-- \/ Yoast SEO Premium plugin. -->","yoast_head_json":{"title":"Rotoconcentrador - Babcock Wanson","description":"Os rotoconcentradores da Babcock Wanson s\u00e3o f\u00e1ceis de utilizar, eficazes a reduzir as emiss\u00f5es de COV, seguros e extremamente rent\u00e1veis. Conhe\u00e7a a nossa oferta aqui","robots":{"index":"index","follow":"follow","max-snippet":"max-snippet:-1","max-image-preview":"max-image-preview:large","max-video-preview":"max-video-preview:-1"},"canonical":"https:\/\/www.babcock-wanson.com\/pt-pt\/produtos\/oxidadores-termicos\/rotoconcentrador\/","og_locale":"pt_PT","og_type":"article","og_title":"Rotoconcentrador","og_description":"Os rotoconcentradores da Babcock Wanson s\u00e3o f\u00e1ceis de utilizar, eficazes a reduzir as emiss\u00f5es de COV, seguros e extremamente rent\u00e1veis. Conhe\u00e7a a nossa oferta aqui","og_url":"https:\/\/www.babcock-wanson.com\/pt-pt\/produtos\/oxidadores-termicos\/rotoconcentrador\/","og_site_name":"Babcock Wanson","article_modified_time":"2021-01-25T19:06:25+00:00","og_image":[{"width":600,"height":400,"url":"https:\/\/www.babcock-wanson.com\/wp-content\/uploads\/2018\/09\/roto-concentrator-2.png","type":"image\/png"}],"twitter_card":"summary_large_image","twitter_misc":{"Est. reading time":"2 minutos"},"schema":{"@context":"https:\/\/schema.org","@graph":[{"@type":"WebPage","@id":"https:\/\/www.babcock-wanson.com\/pt-pt\/produtos\/oxidadores-termicos\/rotoconcentrador\/","url":"https:\/\/www.babcock-wanson.com\/pt-pt\/produtos\/oxidadores-termicos\/rotoconcentrador\/","name":"Rotoconcentrador - Babcock Wanson","isPartOf":{"@id":"https:\/\/www.babcock-wanson.com\/pt-pt\/#website"},"primaryImageOfPage":{"@id":"https:\/\/www.babcock-wanson.com\/pt-pt\/produtos\/oxidadores-termicos\/rotoconcentrador\/#primaryimage"},"image":{"@id":"https:\/\/www.babcock-wanson.com\/pt-pt\/produtos\/oxidadores-termicos\/rotoconcentrador\/#primaryimage"},"thumbnailUrl":"https:\/\/www.babcock-wanson.com\/wp-content\/uploads\/2018\/09\/roto-concentrator-2.png","datePublished":"2018-09-19T11:36:05+00:00","dateModified":"2021-01-25T19:06:25+00:00","description":"Os rotoconcentradores da Babcock Wanson s\u00e3o f\u00e1ceis de utilizar, eficazes a reduzir as emiss\u00f5es de COV, seguros e extremamente rent\u00e1veis. Conhe\u00e7a a nossa oferta aqui","breadcrumb":{"@id":"https:\/\/www.babcock-wanson.com\/pt-pt\/produtos\/oxidadores-termicos\/rotoconcentrador\/#breadcrumb"},"inLanguage":"pt-PT","potentialAction":[{"@type":"ReadAction","target":["https:\/\/www.babcock-wanson.com\/pt-pt\/produtos\/oxidadores-termicos\/rotoconcentrador\/"]}]},{"@type":"ImageObject","inLanguage":"pt-PT","@id":"https:\/\/www.babcock-wanson.com\/pt-pt\/produtos\/oxidadores-termicos\/rotoconcentrador\/#primaryimage","url":"https:\/\/www.babcock-wanson.com\/wp-content\/uploads\/2018\/09\/roto-concentrator-2.png","contentUrl":"https:\/\/www.babcock-wanson.com\/wp-content\/uploads\/2018\/09\/roto-concentrator-2.png","width":600,"height":400,"caption":"roto-concentrador"},{"@type":"BreadcrumbList","@id":"https:\/\/www.babcock-wanson.com\/pt-pt\/produtos\/oxidadores-termicos\/rotoconcentrador\/#breadcrumb","itemListElement":[{"@type":"ListItem","position":1,"name":"Inicio","item":"https:\/\/www.babcock-wanson.com\/pt-pt\/"},{"@type":"ListItem","position":2,"name":"Produtos","item":"https:\/\/www.babcock-wanson.com\/pt-pt\/shop\/"},{"@type":"ListItem","position":3,"name":"Oxidadores t\u00e9rmicos","item":"https:\/\/www.babcock-wanson.com\/pt-pt\/categoria-produto\/oxidadores-termicos\/"},{"@type":"ListItem","position":4,"name":"Rotoconcentrador"}]},{"@type":"WebSite","@id":"https:\/\/www.babcock-wanson.com\/pt-pt\/#website","url":"https:\/\/www.babcock-wanson.com\/pt-pt\/","name":"Babcock Wanson","description":"","publisher":{"@id":"https:\/\/www.babcock-wanson.com\/pt-pt\/#organization"},"potentialAction":[{"@type":"SearchAction","target":{"@type":"EntryPoint","urlTemplate":"https:\/\/www.babcock-wanson.com\/pt-pt\/?s={search_term_string}"},"query-input":{"@type":"PropertyValueSpecification","valueRequired":true,"valueName":"search_term_string"}}],"inLanguage":"pt-PT"},{"@type":"Organization","@id":"https:\/\/www.babcock-wanson.com\/pt-pt\/#organization","name":"Babcock Wanson","url":"https:\/\/www.babcock-wanson.com\/pt-pt\/","logo":{"@type":"ImageObject","inLanguage":"pt-PT","@id":"https:\/\/www.babcock-wanson.com\/pt-pt\/#\/schema\/logo\/image\/","url":"https:\/\/www.babcock-wanson.com\/wp-content\/uploads\/2024\/02\/Babcock-Wanson-1200x1200-1.png","contentUrl":"https:\/\/www.babcock-wanson.com\/wp-content\/uploads\/2024\/02\/Babcock-Wanson-1200x1200-1.png","width":1200,"height":1200,"caption":"Babcock Wanson"},"image":{"@id":"https:\/\/www.babcock-wanson.com\/pt-pt\/#\/schema\/logo\/image\/"},"sameAs":["https:\/\/www.linkedin.com\/company\/babcock-wanson\/","https:\/\/www.youtube.com\/channel\/UCtxl25VieBBsP2kYmtlyv7A"]}]}},"jetpack_sharing_enabled":true,"_links":{"self":[{"href":"https:\/\/www.babcock-wanson.com\/pt-pt\/wp-json\/wp\/v2\/product\/31155","targetHints":{"allow":["GET"]}}],"collection":[{"href":"https:\/\/www.babcock-wanson.com\/pt-pt\/wp-json\/wp\/v2\/product"}],"about":[{"href":"https:\/\/www.babcock-wanson.com\/pt-pt\/wp-json\/wp\/v2\/types\/product"}],"replies":[{"embeddable":true,"href":"https:\/\/www.babcock-wanson.com\/pt-pt\/wp-json\/wp\/v2\/comments?post=31155"}],"wp:featuredmedia":[{"embeddable":true,"href":"https:\/\/www.babcock-wanson.com\/pt-pt\/wp-json\/wp\/v2\/media\/31160"}],"wp:attachment":[{"href":"https:\/\/www.babcock-wanson.com\/pt-pt\/wp-json\/wp\/v2\/media?parent=31155"}],"wp:term":[{"taxonomy":"product_brand","embeddable":true,"href":"https:\/\/www.babcock-wanson.com\/pt-pt\/wp-json\/wp\/v2\/product_brand?post=31155"},{"taxonomy":"product_cat","embeddable":true,"href":"https:\/\/www.babcock-wanson.com\/pt-pt\/wp-json\/wp\/v2\/product_cat?post=31155"},{"taxonomy":"product_tag","embeddable":true,"href":"https:\/\/www.babcock-wanson.com\/pt-pt\/wp-json\/wp\/v2\/product_tag?post=31155"}],"curies":[{"name":"wp","href":"https:\/\/api.w.org\/{rel}","templated":true}]}}