{"id":31166,"date":"2019-02-11T15:39:53","date_gmt":"2019-02-11T15:39:53","guid":{"rendered":"https:\/\/www.babcock-wanson.com\/products\/sem%20categoria\/orthos\/"},"modified":"2021-01-25T17:46:25","modified_gmt":"2021-01-25T17:46:25","slug":"orthos","status":"publish","type":"product","link":"https:\/\/www.babcock-wanson.com\/pt-pt\/produtos\/queimadores-industriais\/orthos\/","title":{"rendered":"ORTHOS"},"content":{"rendered":"<div class=\"vgblk-rw-wrapper limit-wrapper\">\r\n<h3>Queimador a g\u00e1s ORTHOS<\/h3>\r\n<ul>\r\n<li>Combust\u00edveis dispon\u00edveis: g\u00e1s natural, g\u00e1s l\u00edquido<\/li>\r\n<li>De 7 a 22 MW<\/li>\r\n<li>Rela\u00e7\u00e3o de modula\u00e7\u00e3o de 25:1<\/li>\r\n<li>Emiss\u00f5es de NOx muito baixas: \u2264 60 mg\/Nm\u00b3 a 3% de O2 (segundo a norma EN676)<\/li>\r\n<li>Excesso de ar m\u00ednimo em todo o intervalo de funcionamento<\/li>\r\n<\/ul>\r\n<\/div><!-- .vgblk-rw-wrapper -->","protected":false},"excerpt":{"rendered":"<p>Este queimador a g\u00e1s \u00e9 o resultado de um ambicioso trabalho de investiga\u00e7\u00e3o e desenvolvimento. O ORTHOS vai ainda mais longe que o Modulo+ e disponibiliza solu\u00e7\u00f5es para ind\u00fastrias cujos processos requerem grandes varia\u00e7\u00f5es de energia. A rela\u00e7\u00e3o de modula\u00e7\u00e3o de 25:1 fornecida pelo design do ORTHOS \u00e9 \u00fanica no mercado. Ao mesmo tempo, satisfaz necessidades industriais espec\u00edficas e permite poupan\u00e7as de energia significativas, ao evitar ciclos de paragem\/arranque, que n\u00e3o s\u00f3 desperdi\u00e7am energia, como tamb\u00e9m podem danificar prematuramente as caldeiras.<\/p>\n<p>Al\u00e9m disso, o ORTHOS tem um desempenho ambiental muito acima dos requisitos em termos de emiss\u00f5es de NOx.<\/p>\n","protected":false},"featured_media":31170,"comment_status":"closed","ping_status":"closed","template":"","meta":{"_acf_changed":false,"_relevanssi_hide_post":"","_relevanssi_hide_content":"","_relevanssi_pin_for_all":"","_relevanssi_pin_keywords":"","_relevanssi_unpin_keywords":"","_relevanssi_related_keywords":"","_relevanssi_related_include_ids":"","_relevanssi_related_exclude_ids":"","_relevanssi_related_no_append":"","_relevanssi_related_not_related":"","_relevanssi_related_posts":"","_relevanssi_noindex_reason":""},"product_brand":[],"product_cat":[5181],"product_tag":[],"class_list":{"0":"post-31166","1":"product","2":"type-product","3":"status-publish","4":"has-post-thumbnail","6":"product_cat-queimadores-industriais","8":"first","9":"instock","10":"shipping-taxable","11":"product-type-simple"},"acf":[],"yoast_head":"<!-- This site is optimized with the Yoast SEO Premium plugin v27.4 (Yoast SEO v27.4) - https:\/\/yoast.com\/product\/yoast-seo-premium-wordpress\/ -->\n<title>ORTHOS - Babcock Wanson<\/title>\n<meta name=\"description\" content=\"O queimador a g\u00e1s modelo ORTHOS permite poupan\u00e7as de energia significativas, ao evitar ciclos de paragem\/arranque, evitando danos prematuros nas caldeiras. Saiba mais aqui\" \/>\n<meta name=\"robots\" content=\"index, follow, max-snippet:-1, max-image-preview:large, max-video-preview:-1\" \/>\n<link rel=\"canonical\" href=\"https:\/\/www.babcock-wanson.com\/pt-pt\/produtos\/queimadores-industriais\/orthos\/\" \/>\n<meta property=\"og:locale\" content=\"pt_PT\" \/>\n<meta property=\"og:type\" content=\"article\" \/>\n<meta property=\"og:title\" content=\"ORTHOS\" \/>\n<meta property=\"og:description\" content=\"O queimador a g\u00e1s modelo ORTHOS permite poupan\u00e7as de energia significativas, ao evitar ciclos de paragem\/arranque, evitando danos prematuros nas caldeiras. Saiba mais aqui\" \/>\n<meta property=\"og:url\" content=\"https:\/\/www.babcock-wanson.com\/pt-pt\/produtos\/queimadores-industriais\/orthos\/\" \/>\n<meta property=\"og:site_name\" content=\"Babcock Wanson\" \/>\n<meta property=\"article:modified_time\" content=\"2021-01-25T17:46:25+00:00\" \/>\n<meta property=\"og:image\" content=\"https:\/\/www.babcock-wanson.com\/wp-content\/uploads\/2019\/02\/ORTHOS-1.jpg\" \/>\n\t<meta property=\"og:image:width\" content=\"600\" \/>\n\t<meta property=\"og:image:height\" content=\"400\" \/>\n\t<meta property=\"og:image:type\" content=\"image\/jpeg\" \/>\n<meta name=\"twitter:card\" content=\"summary_large_image\" \/>\n<script type=\"application\/ld+json\" class=\"yoast-schema-graph\">{\"@context\":\"https:\\\/\\\/schema.org\",\"@graph\":[{\"@type\":\"WebPage\",\"@id\":\"https:\\\/\\\/www.babcock-wanson.com\\\/pt-pt\\\/produtos\\\/queimadores-industriais\\\/orthos\\\/\",\"url\":\"https:\\\/\\\/www.babcock-wanson.com\\\/pt-pt\\\/produtos\\\/queimadores-industriais\\\/orthos\\\/\",\"name\":\"ORTHOS - Babcock Wanson\",\"isPartOf\":{\"@id\":\"https:\\\/\\\/www.babcock-wanson.com\\\/pt-pt\\\/#website\"},\"primaryImageOfPage\":{\"@id\":\"https:\\\/\\\/www.babcock-wanson.com\\\/pt-pt\\\/produtos\\\/queimadores-industriais\\\/orthos\\\/#primaryimage\"},\"image\":{\"@id\":\"https:\\\/\\\/www.babcock-wanson.com\\\/pt-pt\\\/produtos\\\/queimadores-industriais\\\/orthos\\\/#primaryimage\"},\"thumbnailUrl\":\"https:\\\/\\\/www.babcock-wanson.com\\\/wp-content\\\/uploads\\\/2019\\\/02\\\/ORTHOS-1.jpg\",\"datePublished\":\"2019-02-11T15:39:53+00:00\",\"dateModified\":\"2021-01-25T17:46:25+00:00\",\"description\":\"O queimador a g\u00e1s modelo ORTHOS permite poupan\u00e7as de energia significativas, ao evitar ciclos de paragem\\\/arranque, evitando danos prematuros nas caldeiras. Saiba mais aqui\",\"breadcrumb\":{\"@id\":\"https:\\\/\\\/www.babcock-wanson.com\\\/pt-pt\\\/produtos\\\/queimadores-industriais\\\/orthos\\\/#breadcrumb\"},\"inLanguage\":\"pt-PT\",\"potentialAction\":[{\"@type\":\"ReadAction\",\"target\":[\"https:\\\/\\\/www.babcock-wanson.com\\\/pt-pt\\\/produtos\\\/queimadores-industriais\\\/orthos\\\/\"]}]},{\"@type\":\"ImageObject\",\"inLanguage\":\"pt-PT\",\"@id\":\"https:\\\/\\\/www.babcock-wanson.com\\\/pt-pt\\\/produtos\\\/queimadores-industriais\\\/orthos\\\/#primaryimage\",\"url\":\"https:\\\/\\\/www.babcock-wanson.com\\\/wp-content\\\/uploads\\\/2019\\\/02\\\/ORTHOS-1.jpg\",\"contentUrl\":\"https:\\\/\\\/www.babcock-wanson.com\\\/wp-content\\\/uploads\\\/2019\\\/02\\\/ORTHOS-1.jpg\",\"width\":600,\"height\":400,\"caption\":\"ORTHOS\"},{\"@type\":\"BreadcrumbList\",\"@id\":\"https:\\\/\\\/www.babcock-wanson.com\\\/pt-pt\\\/produtos\\\/queimadores-industriais\\\/orthos\\\/#breadcrumb\",\"itemListElement\":[{\"@type\":\"ListItem\",\"position\":1,\"name\":\"Inicio\",\"item\":\"https:\\\/\\\/www.babcock-wanson.com\\\/pt-pt\\\/\"},{\"@type\":\"ListItem\",\"position\":2,\"name\":\"Produtos\",\"item\":\"https:\\\/\\\/www.babcock-wanson.com\\\/pt-pt\\\/shop\\\/\"},{\"@type\":\"ListItem\",\"position\":3,\"name\":\"Queimadores industriais\",\"item\":\"https:\\\/\\\/www.babcock-wanson.com\\\/pt-pt\\\/categoria-produto\\\/queimadores-industriais\\\/\"},{\"@type\":\"ListItem\",\"position\":4,\"name\":\"ORTHOS\"}]},{\"@type\":\"WebSite\",\"@id\":\"https:\\\/\\\/www.babcock-wanson.com\\\/pt-pt\\\/#website\",\"url\":\"https:\\\/\\\/www.babcock-wanson.com\\\/pt-pt\\\/\",\"name\":\"Babcock Wanson\",\"description\":\"\",\"publisher\":{\"@id\":\"https:\\\/\\\/www.babcock-wanson.com\\\/pt-pt\\\/#organization\"},\"potentialAction\":[{\"@type\":\"SearchAction\",\"target\":{\"@type\":\"EntryPoint\",\"urlTemplate\":\"https:\\\/\\\/www.babcock-wanson.com\\\/pt-pt\\\/?s={search_term_string}\"},\"query-input\":{\"@type\":\"PropertyValueSpecification\",\"valueRequired\":true,\"valueName\":\"search_term_string\"}}],\"inLanguage\":\"pt-PT\"},{\"@type\":\"Organization\",\"@id\":\"https:\\\/\\\/www.babcock-wanson.com\\\/pt-pt\\\/#organization\",\"name\":\"Babcock Wanson\",\"url\":\"https:\\\/\\\/www.babcock-wanson.com\\\/pt-pt\\\/\",\"logo\":{\"@type\":\"ImageObject\",\"inLanguage\":\"pt-PT\",\"@id\":\"https:\\\/\\\/www.babcock-wanson.com\\\/pt-pt\\\/#\\\/schema\\\/logo\\\/image\\\/\",\"url\":\"https:\\\/\\\/www.babcock-wanson.com\\\/wp-content\\\/uploads\\\/2024\\\/02\\\/Babcock-Wanson-1200x1200-1.png\",\"contentUrl\":\"https:\\\/\\\/www.babcock-wanson.com\\\/wp-content\\\/uploads\\\/2024\\\/02\\\/Babcock-Wanson-1200x1200-1.png\",\"width\":1200,\"height\":1200,\"caption\":\"Babcock Wanson\"},\"image\":{\"@id\":\"https:\\\/\\\/www.babcock-wanson.com\\\/pt-pt\\\/#\\\/schema\\\/logo\\\/image\\\/\"},\"sameAs\":[\"https:\\\/\\\/www.linkedin.com\\\/company\\\/babcock-wanson\\\/\",\"https:\\\/\\\/www.youtube.com\\\/channel\\\/UCtxl25VieBBsP2kYmtlyv7A\"]}]}<\/script>\n<!-- \/ Yoast SEO Premium plugin. -->","yoast_head_json":{"title":"ORTHOS - Babcock Wanson","description":"O queimador a g\u00e1s modelo ORTHOS permite poupan\u00e7as de energia significativas, ao evitar ciclos de paragem\/arranque, evitando danos prematuros nas caldeiras. Saiba mais aqui","robots":{"index":"index","follow":"follow","max-snippet":"max-snippet:-1","max-image-preview":"max-image-preview:large","max-video-preview":"max-video-preview:-1"},"canonical":"https:\/\/www.babcock-wanson.com\/pt-pt\/produtos\/queimadores-industriais\/orthos\/","og_locale":"pt_PT","og_type":"article","og_title":"ORTHOS","og_description":"O queimador a g\u00e1s modelo ORTHOS permite poupan\u00e7as de energia significativas, ao evitar ciclos de paragem\/arranque, evitando danos prematuros nas caldeiras. Saiba mais aqui","og_url":"https:\/\/www.babcock-wanson.com\/pt-pt\/produtos\/queimadores-industriais\/orthos\/","og_site_name":"Babcock Wanson","article_modified_time":"2021-01-25T17:46:25+00:00","og_image":[{"width":600,"height":400,"url":"https:\/\/www.babcock-wanson.com\/wp-content\/uploads\/2019\/02\/ORTHOS-1.jpg","type":"image\/jpeg"}],"twitter_card":"summary_large_image","schema":{"@context":"https:\/\/schema.org","@graph":[{"@type":"WebPage","@id":"https:\/\/www.babcock-wanson.com\/pt-pt\/produtos\/queimadores-industriais\/orthos\/","url":"https:\/\/www.babcock-wanson.com\/pt-pt\/produtos\/queimadores-industriais\/orthos\/","name":"ORTHOS - Babcock Wanson","isPartOf":{"@id":"https:\/\/www.babcock-wanson.com\/pt-pt\/#website"},"primaryImageOfPage":{"@id":"https:\/\/www.babcock-wanson.com\/pt-pt\/produtos\/queimadores-industriais\/orthos\/#primaryimage"},"image":{"@id":"https:\/\/www.babcock-wanson.com\/pt-pt\/produtos\/queimadores-industriais\/orthos\/#primaryimage"},"thumbnailUrl":"https:\/\/www.babcock-wanson.com\/wp-content\/uploads\/2019\/02\/ORTHOS-1.jpg","datePublished":"2019-02-11T15:39:53+00:00","dateModified":"2021-01-25T17:46:25+00:00","description":"O queimador a g\u00e1s modelo ORTHOS permite poupan\u00e7as de energia significativas, ao evitar ciclos de paragem\/arranque, evitando danos prematuros nas caldeiras. Saiba mais aqui","breadcrumb":{"@id":"https:\/\/www.babcock-wanson.com\/pt-pt\/produtos\/queimadores-industriais\/orthos\/#breadcrumb"},"inLanguage":"pt-PT","potentialAction":[{"@type":"ReadAction","target":["https:\/\/www.babcock-wanson.com\/pt-pt\/produtos\/queimadores-industriais\/orthos\/"]}]},{"@type":"ImageObject","inLanguage":"pt-PT","@id":"https:\/\/www.babcock-wanson.com\/pt-pt\/produtos\/queimadores-industriais\/orthos\/#primaryimage","url":"https:\/\/www.babcock-wanson.com\/wp-content\/uploads\/2019\/02\/ORTHOS-1.jpg","contentUrl":"https:\/\/www.babcock-wanson.com\/wp-content\/uploads\/2019\/02\/ORTHOS-1.jpg","width":600,"height":400,"caption":"ORTHOS"},{"@type":"BreadcrumbList","@id":"https:\/\/www.babcock-wanson.com\/pt-pt\/produtos\/queimadores-industriais\/orthos\/#breadcrumb","itemListElement":[{"@type":"ListItem","position":1,"name":"Inicio","item":"https:\/\/www.babcock-wanson.com\/pt-pt\/"},{"@type":"ListItem","position":2,"name":"Produtos","item":"https:\/\/www.babcock-wanson.com\/pt-pt\/shop\/"},{"@type":"ListItem","position":3,"name":"Queimadores industriais","item":"https:\/\/www.babcock-wanson.com\/pt-pt\/categoria-produto\/queimadores-industriais\/"},{"@type":"ListItem","position":4,"name":"ORTHOS"}]},{"@type":"WebSite","@id":"https:\/\/www.babcock-wanson.com\/pt-pt\/#website","url":"https:\/\/www.babcock-wanson.com\/pt-pt\/","name":"Babcock Wanson","description":"","publisher":{"@id":"https:\/\/www.babcock-wanson.com\/pt-pt\/#organization"},"potentialAction":[{"@type":"SearchAction","target":{"@type":"EntryPoint","urlTemplate":"https:\/\/www.babcock-wanson.com\/pt-pt\/?s={search_term_string}"},"query-input":{"@type":"PropertyValueSpecification","valueRequired":true,"valueName":"search_term_string"}}],"inLanguage":"pt-PT"},{"@type":"Organization","@id":"https:\/\/www.babcock-wanson.com\/pt-pt\/#organization","name":"Babcock Wanson","url":"https:\/\/www.babcock-wanson.com\/pt-pt\/","logo":{"@type":"ImageObject","inLanguage":"pt-PT","@id":"https:\/\/www.babcock-wanson.com\/pt-pt\/#\/schema\/logo\/image\/","url":"https:\/\/www.babcock-wanson.com\/wp-content\/uploads\/2024\/02\/Babcock-Wanson-1200x1200-1.png","contentUrl":"https:\/\/www.babcock-wanson.com\/wp-content\/uploads\/2024\/02\/Babcock-Wanson-1200x1200-1.png","width":1200,"height":1200,"caption":"Babcock Wanson"},"image":{"@id":"https:\/\/www.babcock-wanson.com\/pt-pt\/#\/schema\/logo\/image\/"},"sameAs":["https:\/\/www.linkedin.com\/company\/babcock-wanson\/","https:\/\/www.youtube.com\/channel\/UCtxl25VieBBsP2kYmtlyv7A"]}]}},"jetpack_sharing_enabled":true,"_links":{"self":[{"href":"https:\/\/www.babcock-wanson.com\/pt-pt\/wp-json\/wp\/v2\/product\/31166","targetHints":{"allow":["GET"]}}],"collection":[{"href":"https:\/\/www.babcock-wanson.com\/pt-pt\/wp-json\/wp\/v2\/product"}],"about":[{"href":"https:\/\/www.babcock-wanson.com\/pt-pt\/wp-json\/wp\/v2\/types\/product"}],"replies":[{"embeddable":true,"href":"https:\/\/www.babcock-wanson.com\/pt-pt\/wp-json\/wp\/v2\/comments?post=31166"}],"wp:featuredmedia":[{"embeddable":true,"href":"https:\/\/www.babcock-wanson.com\/pt-pt\/wp-json\/wp\/v2\/media\/31170"}],"wp:attachment":[{"href":"https:\/\/www.babcock-wanson.com\/pt-pt\/wp-json\/wp\/v2\/media?parent=31166"}],"wp:term":[{"taxonomy":"product_brand","embeddable":true,"href":"https:\/\/www.babcock-wanson.com\/pt-pt\/wp-json\/wp\/v2\/product_brand?post=31166"},{"taxonomy":"product_cat","embeddable":true,"href":"https:\/\/www.babcock-wanson.com\/pt-pt\/wp-json\/wp\/v2\/product_cat?post=31166"},{"taxonomy":"product_tag","embeddable":true,"href":"https:\/\/www.babcock-wanson.com\/pt-pt\/wp-json\/wp\/v2\/product_tag?post=31166"}],"curies":[{"name":"wp","href":"https:\/\/api.w.org\/{rel}","templated":true}]}}