{"id":31179,"date":"2019-02-11T15:39:42","date_gmt":"2019-02-11T15:39:42","guid":{"rendered":"https:\/\/www.babcock-wanson.com\/products\/sem%20categoria\/lnta-ta\/"},"modified":"2021-11-08T16:20:45","modified_gmt":"2021-11-08T16:20:45","slug":"lnta-ta","status":"publish","type":"product","link":"https:\/\/www.babcock-wanson.com\/pt-pt\/produtos\/queimadores-industriais\/lnta-ta\/","title":{"rendered":"LNTA e TA"},"content":{"rendered":"<div class=\"vgblk-rw-wrapper limit-wrapper\">\r\n<h3>Queimadores industriais LNTA e TA<\/h3>\r\n<ul>\r\n<li>Combust\u00edveis dispon\u00edveis: g\u00e1s natural, g\u00e1s l\u00edquido, gas\u00f3leo, fuel\u00f3leos m\u00e9dios e pesados e outros combust\u00edveis espec\u00edficos a pedido.<\/li>\r\n<li>LNTA: de 3,5 a 10,5 MW.<\/li>\r\n<li>TA: de 9 a 22 MW.<\/li>\r\n<li>LNTA: ventilador do ar de combust\u00e3o e motor do queimador totalmente integrados.<\/li>\r\n<li>TA: conjunto independente do ventilador do ar de combust\u00e3o, que fornece op\u00e7\u00f5es flex\u00edveis de instala\u00e7\u00e3o no local.<\/li>\r\n<li>Caixa de alum\u00ednio moldado, para um peso reduzido.<\/li>\r\n<li>Acesso simples a todos os componentes do queimador, usando um sistema articulado de abertura do queimador.<\/li>\r\n<li>Igni\u00e7\u00e3o atrav\u00e9s de arrancador a g\u00e1s (piloto).<\/li>\r\n<li>Controlo de falha da chama, em conformidade com os requisitos\/regulamentos de sele\u00e7\u00e3o e controlo do combust\u00edvel.<\/li>\r\n<li>Controlos de combust\u00e3o totalmente digitais, para uma regula\u00e7\u00e3o precisa da sa\u00edda e um funcionamento eficiente.<\/li>\r\n<li>Controlo digital da posi\u00e7\u00e3o da cabe\u00e7a do queimador, para melhorar o funcionamento e as emiss\u00f5es.<\/li>\r\n<li>Distribui\u00e7\u00e3o de g\u00e1s multichama, com recircula\u00e7\u00e3o integral dos gases de combust\u00e3o, para reduzir a emiss\u00e3o de NOx.<\/li>\r\n<\/ul>\r\n<\/div><!-- .vgblk-rw-wrapper -->","protected":false},"excerpt":{"rendered":"<p>As gamas de <a href=\"https:\/\/www.babcock-wanson.com\/pt-pt\/categoria-produto\/queimadores-industriais\/\">queimadores<\/a> de tiragem for\u00e7ada LNTA e TA, fazem parte da hist\u00f3ria de sucesso da Babcock Wanson, no dom\u00ednio das caldeiras industriais. Gra\u00e7as ao melhoramento cont\u00ednuo destas gamas, continuam a ser amplamente aclamadas para aplica\u00e7\u00f5es industriais (tanto em caldeiras como em equipamento de transforma\u00e7\u00e3o).<\/p>\n","protected":false},"featured_media":31182,"comment_status":"closed","ping_status":"closed","template":"","meta":{"_acf_changed":false,"_relevanssi_hide_post":"","_relevanssi_hide_content":"","_relevanssi_pin_for_all":"","_relevanssi_pin_keywords":"","_relevanssi_unpin_keywords":"","_relevanssi_related_keywords":"","_relevanssi_related_include_ids":"","_relevanssi_related_exclude_ids":"","_relevanssi_related_no_append":"","_relevanssi_related_not_related":"","_relevanssi_related_posts":"","_relevanssi_noindex_reason":""},"product_brand":[],"product_cat":[5181],"product_tag":[],"class_list":{"0":"post-31179","1":"product","2":"type-product","3":"status-publish","4":"has-post-thumbnail","6":"product_cat-queimadores-industriais","8":"first","9":"instock","10":"shipping-taxable","11":"product-type-simple"},"acf":[],"yoast_head":"<!-- This site is optimized with the Yoast SEO Premium plugin v27.4 (Yoast SEO v27.4) - https:\/\/yoast.com\/product\/yoast-seo-premium-wordpress\/ -->\n<title>LNTA e TA - Babcock Wanson<\/title>\n<meta name=\"description\" content=\"As gamas de queimadores de tiragem for\u00e7ada LNTA e TA, fazem parte da hist\u00f3ria de sucesso da Babcock Wanson no dom\u00ednio das caldeiras industriais. Visite-nos para saber mais\" \/>\n<meta name=\"robots\" content=\"index, follow, max-snippet:-1, max-image-preview:large, max-video-preview:-1\" \/>\n<link rel=\"canonical\" href=\"https:\/\/www.babcock-wanson.com\/pt-pt\/produtos\/queimadores-industriais\/lnta-ta\/\" \/>\n<meta property=\"og:locale\" content=\"pt_PT\" \/>\n<meta property=\"og:type\" content=\"article\" \/>\n<meta property=\"og:title\" content=\"LNTA e TA\" \/>\n<meta property=\"og:description\" content=\"As gamas de queimadores de tiragem for\u00e7ada LNTA e TA, fazem parte da hist\u00f3ria de sucesso da Babcock Wanson no dom\u00ednio das caldeiras industriais. Visite-nos para saber mais\" \/>\n<meta property=\"og:url\" content=\"https:\/\/www.babcock-wanson.com\/pt-pt\/produtos\/queimadores-industriais\/lnta-ta\/\" \/>\n<meta property=\"og:site_name\" content=\"Babcock Wanson\" \/>\n<meta property=\"article:modified_time\" content=\"2021-11-08T16:20:45+00:00\" \/>\n<meta property=\"og:image\" content=\"https:\/\/www.babcock-wanson.com\/wp-content\/uploads\/2019\/02\/LNTA-TA-5.jpg\" \/>\n\t<meta property=\"og:image:width\" content=\"600\" \/>\n\t<meta property=\"og:image:height\" content=\"400\" \/>\n\t<meta property=\"og:image:type\" content=\"image\/jpeg\" \/>\n<meta name=\"twitter:card\" content=\"summary_large_image\" \/>\n<meta name=\"twitter:label1\" content=\"Est. reading time\" \/>\n\t<meta name=\"twitter:data1\" content=\"1 minuto\" \/>\n<script type=\"application\/ld+json\" class=\"yoast-schema-graph\">{\"@context\":\"https:\\\/\\\/schema.org\",\"@graph\":[{\"@type\":\"WebPage\",\"@id\":\"https:\\\/\\\/www.babcock-wanson.com\\\/pt-pt\\\/produtos\\\/queimadores-industriais\\\/lnta-ta\\\/\",\"url\":\"https:\\\/\\\/www.babcock-wanson.com\\\/pt-pt\\\/produtos\\\/queimadores-industriais\\\/lnta-ta\\\/\",\"name\":\"LNTA e TA - Babcock Wanson\",\"isPartOf\":{\"@id\":\"https:\\\/\\\/www.babcock-wanson.com\\\/pt-pt\\\/#website\"},\"primaryImageOfPage\":{\"@id\":\"https:\\\/\\\/www.babcock-wanson.com\\\/pt-pt\\\/produtos\\\/queimadores-industriais\\\/lnta-ta\\\/#primaryimage\"},\"image\":{\"@id\":\"https:\\\/\\\/www.babcock-wanson.com\\\/pt-pt\\\/produtos\\\/queimadores-industriais\\\/lnta-ta\\\/#primaryimage\"},\"thumbnailUrl\":\"https:\\\/\\\/www.babcock-wanson.com\\\/wp-content\\\/uploads\\\/2019\\\/02\\\/LNTA-TA-5.jpg\",\"datePublished\":\"2019-02-11T15:39:42+00:00\",\"dateModified\":\"2021-11-08T16:20:45+00:00\",\"description\":\"As gamas de queimadores de tiragem for\u00e7ada LNTA e TA, fazem parte da hist\u00f3ria de sucesso da Babcock Wanson no dom\u00ednio das caldeiras industriais. Visite-nos para saber mais\",\"breadcrumb\":{\"@id\":\"https:\\\/\\\/www.babcock-wanson.com\\\/pt-pt\\\/produtos\\\/queimadores-industriais\\\/lnta-ta\\\/#breadcrumb\"},\"inLanguage\":\"pt-PT\",\"potentialAction\":[{\"@type\":\"ReadAction\",\"target\":[\"https:\\\/\\\/www.babcock-wanson.com\\\/pt-pt\\\/produtos\\\/queimadores-industriais\\\/lnta-ta\\\/\"]}]},{\"@type\":\"ImageObject\",\"inLanguage\":\"pt-PT\",\"@id\":\"https:\\\/\\\/www.babcock-wanson.com\\\/pt-pt\\\/produtos\\\/queimadores-industriais\\\/lnta-ta\\\/#primaryimage\",\"url\":\"https:\\\/\\\/www.babcock-wanson.com\\\/wp-content\\\/uploads\\\/2019\\\/02\\\/LNTA-TA-5.jpg\",\"contentUrl\":\"https:\\\/\\\/www.babcock-wanson.com\\\/wp-content\\\/uploads\\\/2019\\\/02\\\/LNTA-TA-5.jpg\",\"width\":600,\"height\":400,\"caption\":\"LNTA TA\"},{\"@type\":\"BreadcrumbList\",\"@id\":\"https:\\\/\\\/www.babcock-wanson.com\\\/pt-pt\\\/produtos\\\/queimadores-industriais\\\/lnta-ta\\\/#breadcrumb\",\"itemListElement\":[{\"@type\":\"ListItem\",\"position\":1,\"name\":\"Inicio\",\"item\":\"https:\\\/\\\/www.babcock-wanson.com\\\/pt-pt\\\/\"},{\"@type\":\"ListItem\",\"position\":2,\"name\":\"Produtos\",\"item\":\"https:\\\/\\\/www.babcock-wanson.com\\\/pt-pt\\\/shop\\\/\"},{\"@type\":\"ListItem\",\"position\":3,\"name\":\"Queimadores industriais\",\"item\":\"https:\\\/\\\/www.babcock-wanson.com\\\/pt-pt\\\/categoria-produto\\\/queimadores-industriais\\\/\"},{\"@type\":\"ListItem\",\"position\":4,\"name\":\"LNTA e TA\"}]},{\"@type\":\"WebSite\",\"@id\":\"https:\\\/\\\/www.babcock-wanson.com\\\/pt-pt\\\/#website\",\"url\":\"https:\\\/\\\/www.babcock-wanson.com\\\/pt-pt\\\/\",\"name\":\"Babcock Wanson\",\"description\":\"\",\"publisher\":{\"@id\":\"https:\\\/\\\/www.babcock-wanson.com\\\/pt-pt\\\/#organization\"},\"potentialAction\":[{\"@type\":\"SearchAction\",\"target\":{\"@type\":\"EntryPoint\",\"urlTemplate\":\"https:\\\/\\\/www.babcock-wanson.com\\\/pt-pt\\\/?s={search_term_string}\"},\"query-input\":{\"@type\":\"PropertyValueSpecification\",\"valueRequired\":true,\"valueName\":\"search_term_string\"}}],\"inLanguage\":\"pt-PT\"},{\"@type\":\"Organization\",\"@id\":\"https:\\\/\\\/www.babcock-wanson.com\\\/pt-pt\\\/#organization\",\"name\":\"Babcock Wanson\",\"url\":\"https:\\\/\\\/www.babcock-wanson.com\\\/pt-pt\\\/\",\"logo\":{\"@type\":\"ImageObject\",\"inLanguage\":\"pt-PT\",\"@id\":\"https:\\\/\\\/www.babcock-wanson.com\\\/pt-pt\\\/#\\\/schema\\\/logo\\\/image\\\/\",\"url\":\"https:\\\/\\\/www.babcock-wanson.com\\\/wp-content\\\/uploads\\\/2024\\\/02\\\/Babcock-Wanson-1200x1200-1.png\",\"contentUrl\":\"https:\\\/\\\/www.babcock-wanson.com\\\/wp-content\\\/uploads\\\/2024\\\/02\\\/Babcock-Wanson-1200x1200-1.png\",\"width\":1200,\"height\":1200,\"caption\":\"Babcock Wanson\"},\"image\":{\"@id\":\"https:\\\/\\\/www.babcock-wanson.com\\\/pt-pt\\\/#\\\/schema\\\/logo\\\/image\\\/\"},\"sameAs\":[\"https:\\\/\\\/www.linkedin.com\\\/company\\\/babcock-wanson\\\/\",\"https:\\\/\\\/www.youtube.com\\\/channel\\\/UCtxl25VieBBsP2kYmtlyv7A\"]}]}<\/script>\n<!-- \/ Yoast SEO Premium plugin. -->","yoast_head_json":{"title":"LNTA e TA - Babcock Wanson","description":"As gamas de queimadores de tiragem for\u00e7ada LNTA e TA, fazem parte da hist\u00f3ria de sucesso da Babcock Wanson no dom\u00ednio das caldeiras industriais. Visite-nos para saber mais","robots":{"index":"index","follow":"follow","max-snippet":"max-snippet:-1","max-image-preview":"max-image-preview:large","max-video-preview":"max-video-preview:-1"},"canonical":"https:\/\/www.babcock-wanson.com\/pt-pt\/produtos\/queimadores-industriais\/lnta-ta\/","og_locale":"pt_PT","og_type":"article","og_title":"LNTA e TA","og_description":"As gamas de queimadores de tiragem for\u00e7ada LNTA e TA, fazem parte da hist\u00f3ria de sucesso da Babcock Wanson no dom\u00ednio das caldeiras industriais. Visite-nos para saber mais","og_url":"https:\/\/www.babcock-wanson.com\/pt-pt\/produtos\/queimadores-industriais\/lnta-ta\/","og_site_name":"Babcock Wanson","article_modified_time":"2021-11-08T16:20:45+00:00","og_image":[{"width":600,"height":400,"url":"https:\/\/www.babcock-wanson.com\/wp-content\/uploads\/2019\/02\/LNTA-TA-5.jpg","type":"image\/jpeg"}],"twitter_card":"summary_large_image","twitter_misc":{"Est. reading time":"1 minuto"},"schema":{"@context":"https:\/\/schema.org","@graph":[{"@type":"WebPage","@id":"https:\/\/www.babcock-wanson.com\/pt-pt\/produtos\/queimadores-industriais\/lnta-ta\/","url":"https:\/\/www.babcock-wanson.com\/pt-pt\/produtos\/queimadores-industriais\/lnta-ta\/","name":"LNTA e TA - Babcock Wanson","isPartOf":{"@id":"https:\/\/www.babcock-wanson.com\/pt-pt\/#website"},"primaryImageOfPage":{"@id":"https:\/\/www.babcock-wanson.com\/pt-pt\/produtos\/queimadores-industriais\/lnta-ta\/#primaryimage"},"image":{"@id":"https:\/\/www.babcock-wanson.com\/pt-pt\/produtos\/queimadores-industriais\/lnta-ta\/#primaryimage"},"thumbnailUrl":"https:\/\/www.babcock-wanson.com\/wp-content\/uploads\/2019\/02\/LNTA-TA-5.jpg","datePublished":"2019-02-11T15:39:42+00:00","dateModified":"2021-11-08T16:20:45+00:00","description":"As gamas de queimadores de tiragem for\u00e7ada LNTA e TA, fazem parte da hist\u00f3ria de sucesso da Babcock Wanson no dom\u00ednio das caldeiras industriais. Visite-nos para saber mais","breadcrumb":{"@id":"https:\/\/www.babcock-wanson.com\/pt-pt\/produtos\/queimadores-industriais\/lnta-ta\/#breadcrumb"},"inLanguage":"pt-PT","potentialAction":[{"@type":"ReadAction","target":["https:\/\/www.babcock-wanson.com\/pt-pt\/produtos\/queimadores-industriais\/lnta-ta\/"]}]},{"@type":"ImageObject","inLanguage":"pt-PT","@id":"https:\/\/www.babcock-wanson.com\/pt-pt\/produtos\/queimadores-industriais\/lnta-ta\/#primaryimage","url":"https:\/\/www.babcock-wanson.com\/wp-content\/uploads\/2019\/02\/LNTA-TA-5.jpg","contentUrl":"https:\/\/www.babcock-wanson.com\/wp-content\/uploads\/2019\/02\/LNTA-TA-5.jpg","width":600,"height":400,"caption":"LNTA TA"},{"@type":"BreadcrumbList","@id":"https:\/\/www.babcock-wanson.com\/pt-pt\/produtos\/queimadores-industriais\/lnta-ta\/#breadcrumb","itemListElement":[{"@type":"ListItem","position":1,"name":"Inicio","item":"https:\/\/www.babcock-wanson.com\/pt-pt\/"},{"@type":"ListItem","position":2,"name":"Produtos","item":"https:\/\/www.babcock-wanson.com\/pt-pt\/shop\/"},{"@type":"ListItem","position":3,"name":"Queimadores industriais","item":"https:\/\/www.babcock-wanson.com\/pt-pt\/categoria-produto\/queimadores-industriais\/"},{"@type":"ListItem","position":4,"name":"LNTA e TA"}]},{"@type":"WebSite","@id":"https:\/\/www.babcock-wanson.com\/pt-pt\/#website","url":"https:\/\/www.babcock-wanson.com\/pt-pt\/","name":"Babcock Wanson","description":"","publisher":{"@id":"https:\/\/www.babcock-wanson.com\/pt-pt\/#organization"},"potentialAction":[{"@type":"SearchAction","target":{"@type":"EntryPoint","urlTemplate":"https:\/\/www.babcock-wanson.com\/pt-pt\/?s={search_term_string}"},"query-input":{"@type":"PropertyValueSpecification","valueRequired":true,"valueName":"search_term_string"}}],"inLanguage":"pt-PT"},{"@type":"Organization","@id":"https:\/\/www.babcock-wanson.com\/pt-pt\/#organization","name":"Babcock Wanson","url":"https:\/\/www.babcock-wanson.com\/pt-pt\/","logo":{"@type":"ImageObject","inLanguage":"pt-PT","@id":"https:\/\/www.babcock-wanson.com\/pt-pt\/#\/schema\/logo\/image\/","url":"https:\/\/www.babcock-wanson.com\/wp-content\/uploads\/2024\/02\/Babcock-Wanson-1200x1200-1.png","contentUrl":"https:\/\/www.babcock-wanson.com\/wp-content\/uploads\/2024\/02\/Babcock-Wanson-1200x1200-1.png","width":1200,"height":1200,"caption":"Babcock Wanson"},"image":{"@id":"https:\/\/www.babcock-wanson.com\/pt-pt\/#\/schema\/logo\/image\/"},"sameAs":["https:\/\/www.linkedin.com\/company\/babcock-wanson\/","https:\/\/www.youtube.com\/channel\/UCtxl25VieBBsP2kYmtlyv7A"]}]}},"jetpack_sharing_enabled":true,"_links":{"self":[{"href":"https:\/\/www.babcock-wanson.com\/pt-pt\/wp-json\/wp\/v2\/product\/31179","targetHints":{"allow":["GET"]}}],"collection":[{"href":"https:\/\/www.babcock-wanson.com\/pt-pt\/wp-json\/wp\/v2\/product"}],"about":[{"href":"https:\/\/www.babcock-wanson.com\/pt-pt\/wp-json\/wp\/v2\/types\/product"}],"replies":[{"embeddable":true,"href":"https:\/\/www.babcock-wanson.com\/pt-pt\/wp-json\/wp\/v2\/comments?post=31179"}],"wp:featuredmedia":[{"embeddable":true,"href":"https:\/\/www.babcock-wanson.com\/pt-pt\/wp-json\/wp\/v2\/media\/31182"}],"wp:attachment":[{"href":"https:\/\/www.babcock-wanson.com\/pt-pt\/wp-json\/wp\/v2\/media?parent=31179"}],"wp:term":[{"taxonomy":"product_brand","embeddable":true,"href":"https:\/\/www.babcock-wanson.com\/pt-pt\/wp-json\/wp\/v2\/product_brand?post=31179"},{"taxonomy":"product_cat","embeddable":true,"href":"https:\/\/www.babcock-wanson.com\/pt-pt\/wp-json\/wp\/v2\/product_cat?post=31179"},{"taxonomy":"product_tag","embeddable":true,"href":"https:\/\/www.babcock-wanson.com\/pt-pt\/wp-json\/wp\/v2\/product_tag?post=31179"}],"curies":[{"name":"wp","href":"https:\/\/api.w.org\/{rel}","templated":true}]}}