{"id":31195,"date":"2019-02-12T11:35:38","date_gmt":"2019-02-12T11:35:38","guid":{"rendered":"https:\/\/www.babcock-wanson.com\/products\/sem%20categoria\/fired-steam-superheaters\/"},"modified":"2021-09-13T07:21:23","modified_gmt":"2021-09-13T06:21:23","slug":"sobreaquecedores-de-vapor","status":"publish","type":"product","link":"https:\/\/www.babcock-wanson.com\/pt-pt\/produtos\/caldeiras-industriais\/sobreaquecedores-de-vapor\/","title":{"rendered":"Sobreaquecedores"},"content":{"rendered":"<div class=\"vgblk-rw-wrapper limit-wrapper\">\r\n<h3>Vantagens da utiliza\u00e7\u00e3o de um sobreaquecedor de vapor<\/h3>\r\n<ul>\r\n<li>A efici\u00eancia do sistema de aquecimento do processo \u00e9 otimizada.<\/li>\r\n<li>A <a href=\"https:\/\/www.babcock-wanson.com\/pt-pt\/servicos\/formacao-em-conducao-de-caldeiras\/\"><a href=\"https:\/\/www.babcock-wanson.com\/pt-pt\/servicos\/formacao-em-conducao-de-caldeiras\/\">forma\u00e7\u00e3o<\/a> de condensa\u00e7\u00e3o no sistema de distribui\u00e7\u00e3o de vapor \u00e9 reduzida.<\/li>\r\n<li>O risco de golpe de ar\u00edete ou danos mec\u00e2nicos \u00e9 atenuado.<\/li>\r\n<li>A dimens\u00e3o da tubagem \u00e9 otimizada.<\/li>\r\n<li>A vida \u00fatil do equipamento do sistema de aquecimento \u00e9 prolongada.<\/li>\r\n<li>O consumo de combust\u00edvel \u00e9 otimizado.<\/li>\r\n<\/ul>\r\n<h3>\u00c9 seguro e eficiente<\/h3>\r\n<ul>\r\n<li>Os sobreaquecedores da Babcock Wanson incluem sistemas integrais de monitoriza\u00e7\u00e3o e regula\u00e7\u00e3o, para garantir a seguran\u00e7a durante o funcionamento e uma vida \u00fatil longa do aquecedor.<\/li>\r\n<li>A press\u00e3o de servi\u00e7o \u00f3tima \u00e9 assegurada por um sistema de controlo totalmente integrado e testado de f\u00e1brica.<\/li>\r\n<\/ul>\r\n<h3>Ecol\u00f3gico<\/h3>\r\n<ul>\r\n<li>Os sobreaquecedores da Babcock Wanson permitem um consumo de combust\u00edvel total reduzido, pelo que contribuem para emiss\u00f5es baixas e outras vantagens associadas.<\/li>\r\n<li>O posicionamento de um sobreaquecedor alimentado independente a jusante da unidade de produ\u00e7\u00e3o de vapor principal, significa que apenas \u00e9 sobreaquecida a parte da sa\u00edda de vapor que \u00e9 necess\u00e1rio sobreaquecer. Isto traduz-se em menor necessidade de redu\u00e7\u00e3o de temperatura e num incremento global da efici\u00eancia do processo.<\/li>\r\n<\/ul>\r\n<\/div><!-- .vgblk-rw-wrapper -->","protected":false},"excerpt":{"rendered":"<p>O sobreaquecedor de vapor da Babcock Wanson \u00e9 um sistema de aquecimento em serpentina, com alimenta\u00e7\u00e3o independente, que converte vapor saturado em vapor sobreaquecido. Os motivos mais comuns para necessitar de vapor sobreaquecido s\u00e3o de dois tipos: para reduzir o risco de condensa\u00e7\u00e3o do vapor na transfer\u00eancia para o ponto de utiliza\u00e7\u00e3o; ou, quando \u00e9 utilizada a energia cin\u00e9tica no vapor a alta press\u00e3o, para maximizar a energia no vapor e evitar a condensa\u00e7\u00e3o.<\/p>\n<p>O vapor sobreaquecido \u00e9 utilizado em v\u00e1rias ind\u00fastrias h\u00e1 muitos anos, para aumentar a efici\u00eancia t\u00e9rmica global. A condensa\u00e7\u00e3o na parte errada do processo tamb\u00e9m pode danificar o equipamento do utilizador, pelo que \u00e9 cr\u00edtico manter a temperatura do vapor acima do ponto em que isso ocorre.<\/p>\n<p>O sobreaquecedor da Babcock Wanson oferece muitas vantagens relativamente a um dispositivo n\u00e3o alimentado tradicional ou a um sobreaquecedor de caldeira integrado, sobretudo o controlo preciso da entrada de energia, ao desligar o sobreaquecimento do vapor da taxa de alimenta\u00e7\u00e3o da caldeira, o que garante uma temperatura final do vapor consistente em todo o funcionamento do processo.<\/p>\n","protected":false},"featured_media":31199,"comment_status":"closed","ping_status":"closed","template":"","meta":{"_acf_changed":false,"_relevanssi_hide_post":"","_relevanssi_hide_content":"","_relevanssi_pin_for_all":"","_relevanssi_pin_keywords":"","_relevanssi_unpin_keywords":"","_relevanssi_related_keywords":"","_relevanssi_related_include_ids":"","_relevanssi_related_exclude_ids":"","_relevanssi_related_no_append":"","_relevanssi_related_not_related":"","_relevanssi_related_posts":"","_relevanssi_noindex_reason":""},"product_brand":[],"product_cat":[5172],"product_tag":[],"class_list":{"0":"post-31195","1":"product","2":"type-product","3":"status-publish","4":"has-post-thumbnail","6":"product_cat-caldeiras-industriais","8":"first","9":"instock","10":"shipping-taxable","11":"product-type-simple"},"acf":[],"yoast_head":"<!-- This site is optimized with the Yoast SEO Premium plugin v27.4 (Yoast SEO v27.4) - https:\/\/yoast.com\/product\/yoast-seo-premium-wordpress\/ -->\n<title>Sobreaquecedores - Babcock Wanson<\/title>\n<meta name=\"description\" content=\"Os sobreaquecedores de vapor da Babcock Wanson s\u00e3o sobreaquecedores independentes que convertem vapor saturado em vapor sobreaquecido. Visite-nos para saber mais\" \/>\n<meta name=\"robots\" content=\"index, follow, max-snippet:-1, max-image-preview:large, max-video-preview:-1\" \/>\n<link rel=\"canonical\" href=\"https:\/\/www.babcock-wanson.com\/pt-pt\/produtos\/caldeiras-industriais\/sobreaquecedores-de-vapor\/\" \/>\n<meta property=\"og:locale\" content=\"pt_PT\" \/>\n<meta property=\"og:type\" content=\"article\" \/>\n<meta property=\"og:title\" content=\"Sobreaquecedores\" \/>\n<meta property=\"og:description\" content=\"Os sobreaquecedores de vapor da Babcock Wanson s\u00e3o sobreaquecedores independentes que convertem vapor saturado em vapor sobreaquecido. Visite-nos para saber mais\" \/>\n<meta property=\"og:url\" content=\"https:\/\/www.babcock-wanson.com\/pt-pt\/produtos\/caldeiras-industriais\/sobreaquecedores-de-vapor\/\" \/>\n<meta property=\"og:site_name\" content=\"Babcock Wanson\" \/>\n<meta property=\"article:modified_time\" content=\"2021-09-13T06:21:23+00:00\" \/>\n<meta property=\"og:image\" content=\"https:\/\/www.babcock-wanson.com\/wp-content\/uploads\/2019\/02\/superheaters-2.jpg\" \/>\n\t<meta property=\"og:image:width\" content=\"600\" \/>\n\t<meta property=\"og:image:height\" content=\"400\" \/>\n\t<meta property=\"og:image:type\" content=\"image\/jpeg\" \/>\n<meta name=\"twitter:card\" content=\"summary_large_image\" \/>\n<meta name=\"twitter:label1\" content=\"Est. reading time\" \/>\n\t<meta name=\"twitter:data1\" content=\"1 minuto\" \/>\n<script type=\"application\/ld+json\" class=\"yoast-schema-graph\">{\"@context\":\"https:\\\/\\\/schema.org\",\"@graph\":[{\"@type\":\"WebPage\",\"@id\":\"https:\\\/\\\/www.babcock-wanson.com\\\/pt-pt\\\/produtos\\\/caldeiras-industriais\\\/sobreaquecedores-de-vapor\\\/\",\"url\":\"https:\\\/\\\/www.babcock-wanson.com\\\/pt-pt\\\/produtos\\\/caldeiras-industriais\\\/sobreaquecedores-de-vapor\\\/\",\"name\":\"Sobreaquecedores - Babcock Wanson\",\"isPartOf\":{\"@id\":\"https:\\\/\\\/www.babcock-wanson.com\\\/pt-pt\\\/#website\"},\"primaryImageOfPage\":{\"@id\":\"https:\\\/\\\/www.babcock-wanson.com\\\/pt-pt\\\/produtos\\\/caldeiras-industriais\\\/sobreaquecedores-de-vapor\\\/#primaryimage\"},\"image\":{\"@id\":\"https:\\\/\\\/www.babcock-wanson.com\\\/pt-pt\\\/produtos\\\/caldeiras-industriais\\\/sobreaquecedores-de-vapor\\\/#primaryimage\"},\"thumbnailUrl\":\"https:\\\/\\\/www.babcock-wanson.com\\\/wp-content\\\/uploads\\\/2019\\\/02\\\/superheaters-2.jpg\",\"datePublished\":\"2019-02-12T11:35:38+00:00\",\"dateModified\":\"2021-09-13T06:21:23+00:00\",\"description\":\"Os sobreaquecedores de vapor da Babcock Wanson s\u00e3o sobreaquecedores independentes que convertem vapor saturado em vapor sobreaquecido. Visite-nos para saber mais\",\"breadcrumb\":{\"@id\":\"https:\\\/\\\/www.babcock-wanson.com\\\/pt-pt\\\/produtos\\\/caldeiras-industriais\\\/sobreaquecedores-de-vapor\\\/#breadcrumb\"},\"inLanguage\":\"pt-PT\",\"potentialAction\":[{\"@type\":\"ReadAction\",\"target\":[\"https:\\\/\\\/www.babcock-wanson.com\\\/pt-pt\\\/produtos\\\/caldeiras-industriais\\\/sobreaquecedores-de-vapor\\\/\"]}]},{\"@type\":\"ImageObject\",\"inLanguage\":\"pt-PT\",\"@id\":\"https:\\\/\\\/www.babcock-wanson.com\\\/pt-pt\\\/produtos\\\/caldeiras-industriais\\\/sobreaquecedores-de-vapor\\\/#primaryimage\",\"url\":\"https:\\\/\\\/www.babcock-wanson.com\\\/wp-content\\\/uploads\\\/2019\\\/02\\\/superheaters-2.jpg\",\"contentUrl\":\"https:\\\/\\\/www.babcock-wanson.com\\\/wp-content\\\/uploads\\\/2019\\\/02\\\/superheaters-2.jpg\",\"width\":600,\"height\":400,\"caption\":\"superaquecedores\"},{\"@type\":\"BreadcrumbList\",\"@id\":\"https:\\\/\\\/www.babcock-wanson.com\\\/pt-pt\\\/produtos\\\/caldeiras-industriais\\\/sobreaquecedores-de-vapor\\\/#breadcrumb\",\"itemListElement\":[{\"@type\":\"ListItem\",\"position\":1,\"name\":\"Inicio\",\"item\":\"https:\\\/\\\/www.babcock-wanson.com\\\/pt-pt\\\/\"},{\"@type\":\"ListItem\",\"position\":2,\"name\":\"Produtos\",\"item\":\"https:\\\/\\\/www.babcock-wanson.com\\\/pt-pt\\\/shop\\\/\"},{\"@type\":\"ListItem\",\"position\":3,\"name\":\"Caldeiras Industriais\",\"item\":\"https:\\\/\\\/www.babcock-wanson.com\\\/pt-pt\\\/categoria-produto\\\/caldeiras-industriais\\\/\"},{\"@type\":\"ListItem\",\"position\":4,\"name\":\"Sobreaquecedores\"}]},{\"@type\":\"WebSite\",\"@id\":\"https:\\\/\\\/www.babcock-wanson.com\\\/pt-pt\\\/#website\",\"url\":\"https:\\\/\\\/www.babcock-wanson.com\\\/pt-pt\\\/\",\"name\":\"Babcock Wanson\",\"description\":\"\",\"publisher\":{\"@id\":\"https:\\\/\\\/www.babcock-wanson.com\\\/pt-pt\\\/#organization\"},\"potentialAction\":[{\"@type\":\"SearchAction\",\"target\":{\"@type\":\"EntryPoint\",\"urlTemplate\":\"https:\\\/\\\/www.babcock-wanson.com\\\/pt-pt\\\/?s={search_term_string}\"},\"query-input\":{\"@type\":\"PropertyValueSpecification\",\"valueRequired\":true,\"valueName\":\"search_term_string\"}}],\"inLanguage\":\"pt-PT\"},{\"@type\":\"Organization\",\"@id\":\"https:\\\/\\\/www.babcock-wanson.com\\\/pt-pt\\\/#organization\",\"name\":\"Babcock Wanson\",\"url\":\"https:\\\/\\\/www.babcock-wanson.com\\\/pt-pt\\\/\",\"logo\":{\"@type\":\"ImageObject\",\"inLanguage\":\"pt-PT\",\"@id\":\"https:\\\/\\\/www.babcock-wanson.com\\\/pt-pt\\\/#\\\/schema\\\/logo\\\/image\\\/\",\"url\":\"https:\\\/\\\/www.babcock-wanson.com\\\/wp-content\\\/uploads\\\/2024\\\/02\\\/Babcock-Wanson-1200x1200-1.png\",\"contentUrl\":\"https:\\\/\\\/www.babcock-wanson.com\\\/wp-content\\\/uploads\\\/2024\\\/02\\\/Babcock-Wanson-1200x1200-1.png\",\"width\":1200,\"height\":1200,\"caption\":\"Babcock Wanson\"},\"image\":{\"@id\":\"https:\\\/\\\/www.babcock-wanson.com\\\/pt-pt\\\/#\\\/schema\\\/logo\\\/image\\\/\"},\"sameAs\":[\"https:\\\/\\\/www.linkedin.com\\\/company\\\/babcock-wanson\\\/\",\"https:\\\/\\\/www.youtube.com\\\/channel\\\/UCtxl25VieBBsP2kYmtlyv7A\"]}]}<\/script>\n<!-- \/ Yoast SEO Premium plugin. -->","yoast_head_json":{"title":"Sobreaquecedores - Babcock Wanson","description":"Os sobreaquecedores de vapor da Babcock Wanson s\u00e3o sobreaquecedores independentes que convertem vapor saturado em vapor sobreaquecido. Visite-nos para saber mais","robots":{"index":"index","follow":"follow","max-snippet":"max-snippet:-1","max-image-preview":"max-image-preview:large","max-video-preview":"max-video-preview:-1"},"canonical":"https:\/\/www.babcock-wanson.com\/pt-pt\/produtos\/caldeiras-industriais\/sobreaquecedores-de-vapor\/","og_locale":"pt_PT","og_type":"article","og_title":"Sobreaquecedores","og_description":"Os sobreaquecedores de vapor da Babcock Wanson s\u00e3o sobreaquecedores independentes que convertem vapor saturado em vapor sobreaquecido. Visite-nos para saber mais","og_url":"https:\/\/www.babcock-wanson.com\/pt-pt\/produtos\/caldeiras-industriais\/sobreaquecedores-de-vapor\/","og_site_name":"Babcock Wanson","article_modified_time":"2021-09-13T06:21:23+00:00","og_image":[{"width":600,"height":400,"url":"https:\/\/www.babcock-wanson.com\/wp-content\/uploads\/2019\/02\/superheaters-2.jpg","type":"image\/jpeg"}],"twitter_card":"summary_large_image","twitter_misc":{"Est. reading time":"1 minuto"},"schema":{"@context":"https:\/\/schema.org","@graph":[{"@type":"WebPage","@id":"https:\/\/www.babcock-wanson.com\/pt-pt\/produtos\/caldeiras-industriais\/sobreaquecedores-de-vapor\/","url":"https:\/\/www.babcock-wanson.com\/pt-pt\/produtos\/caldeiras-industriais\/sobreaquecedores-de-vapor\/","name":"Sobreaquecedores - Babcock Wanson","isPartOf":{"@id":"https:\/\/www.babcock-wanson.com\/pt-pt\/#website"},"primaryImageOfPage":{"@id":"https:\/\/www.babcock-wanson.com\/pt-pt\/produtos\/caldeiras-industriais\/sobreaquecedores-de-vapor\/#primaryimage"},"image":{"@id":"https:\/\/www.babcock-wanson.com\/pt-pt\/produtos\/caldeiras-industriais\/sobreaquecedores-de-vapor\/#primaryimage"},"thumbnailUrl":"https:\/\/www.babcock-wanson.com\/wp-content\/uploads\/2019\/02\/superheaters-2.jpg","datePublished":"2019-02-12T11:35:38+00:00","dateModified":"2021-09-13T06:21:23+00:00","description":"Os sobreaquecedores de vapor da Babcock Wanson s\u00e3o sobreaquecedores independentes que convertem vapor saturado em vapor sobreaquecido. Visite-nos para saber mais","breadcrumb":{"@id":"https:\/\/www.babcock-wanson.com\/pt-pt\/produtos\/caldeiras-industriais\/sobreaquecedores-de-vapor\/#breadcrumb"},"inLanguage":"pt-PT","potentialAction":[{"@type":"ReadAction","target":["https:\/\/www.babcock-wanson.com\/pt-pt\/produtos\/caldeiras-industriais\/sobreaquecedores-de-vapor\/"]}]},{"@type":"ImageObject","inLanguage":"pt-PT","@id":"https:\/\/www.babcock-wanson.com\/pt-pt\/produtos\/caldeiras-industriais\/sobreaquecedores-de-vapor\/#primaryimage","url":"https:\/\/www.babcock-wanson.com\/wp-content\/uploads\/2019\/02\/superheaters-2.jpg","contentUrl":"https:\/\/www.babcock-wanson.com\/wp-content\/uploads\/2019\/02\/superheaters-2.jpg","width":600,"height":400,"caption":"superaquecedores"},{"@type":"BreadcrumbList","@id":"https:\/\/www.babcock-wanson.com\/pt-pt\/produtos\/caldeiras-industriais\/sobreaquecedores-de-vapor\/#breadcrumb","itemListElement":[{"@type":"ListItem","position":1,"name":"Inicio","item":"https:\/\/www.babcock-wanson.com\/pt-pt\/"},{"@type":"ListItem","position":2,"name":"Produtos","item":"https:\/\/www.babcock-wanson.com\/pt-pt\/shop\/"},{"@type":"ListItem","position":3,"name":"Caldeiras Industriais","item":"https:\/\/www.babcock-wanson.com\/pt-pt\/categoria-produto\/caldeiras-industriais\/"},{"@type":"ListItem","position":4,"name":"Sobreaquecedores"}]},{"@type":"WebSite","@id":"https:\/\/www.babcock-wanson.com\/pt-pt\/#website","url":"https:\/\/www.babcock-wanson.com\/pt-pt\/","name":"Babcock Wanson","description":"","publisher":{"@id":"https:\/\/www.babcock-wanson.com\/pt-pt\/#organization"},"potentialAction":[{"@type":"SearchAction","target":{"@type":"EntryPoint","urlTemplate":"https:\/\/www.babcock-wanson.com\/pt-pt\/?s={search_term_string}"},"query-input":{"@type":"PropertyValueSpecification","valueRequired":true,"valueName":"search_term_string"}}],"inLanguage":"pt-PT"},{"@type":"Organization","@id":"https:\/\/www.babcock-wanson.com\/pt-pt\/#organization","name":"Babcock Wanson","url":"https:\/\/www.babcock-wanson.com\/pt-pt\/","logo":{"@type":"ImageObject","inLanguage":"pt-PT","@id":"https:\/\/www.babcock-wanson.com\/pt-pt\/#\/schema\/logo\/image\/","url":"https:\/\/www.babcock-wanson.com\/wp-content\/uploads\/2024\/02\/Babcock-Wanson-1200x1200-1.png","contentUrl":"https:\/\/www.babcock-wanson.com\/wp-content\/uploads\/2024\/02\/Babcock-Wanson-1200x1200-1.png","width":1200,"height":1200,"caption":"Babcock Wanson"},"image":{"@id":"https:\/\/www.babcock-wanson.com\/pt-pt\/#\/schema\/logo\/image\/"},"sameAs":["https:\/\/www.linkedin.com\/company\/babcock-wanson\/","https:\/\/www.youtube.com\/channel\/UCtxl25VieBBsP2kYmtlyv7A"]}]}},"jetpack_sharing_enabled":true,"_links":{"self":[{"href":"https:\/\/www.babcock-wanson.com\/pt-pt\/wp-json\/wp\/v2\/product\/31195","targetHints":{"allow":["GET"]}}],"collection":[{"href":"https:\/\/www.babcock-wanson.com\/pt-pt\/wp-json\/wp\/v2\/product"}],"about":[{"href":"https:\/\/www.babcock-wanson.com\/pt-pt\/wp-json\/wp\/v2\/types\/product"}],"replies":[{"embeddable":true,"href":"https:\/\/www.babcock-wanson.com\/pt-pt\/wp-json\/wp\/v2\/comments?post=31195"}],"wp:featuredmedia":[{"embeddable":true,"href":"https:\/\/www.babcock-wanson.com\/pt-pt\/wp-json\/wp\/v2\/media\/31199"}],"wp:attachment":[{"href":"https:\/\/www.babcock-wanson.com\/pt-pt\/wp-json\/wp\/v2\/media?parent=31195"}],"wp:term":[{"taxonomy":"product_brand","embeddable":true,"href":"https:\/\/www.babcock-wanson.com\/pt-pt\/wp-json\/wp\/v2\/product_brand?post=31195"},{"taxonomy":"product_cat","embeddable":true,"href":"https:\/\/www.babcock-wanson.com\/pt-pt\/wp-json\/wp\/v2\/product_cat?post=31195"},{"taxonomy":"product_tag","embeddable":true,"href":"https:\/\/www.babcock-wanson.com\/pt-pt\/wp-json\/wp\/v2\/product_tag?post=31195"}],"curies":[{"name":"wp","href":"https:\/\/api.w.org\/{rel}","templated":true}]}}