{"id":31349,"date":"2020-07-15T14:34:32","date_gmt":"2020-07-15T13:34:50","guid":{"rendered":"https:\/\/www.babcock-wanson.com\/products\/sem%20categoria\/steampack\/"},"modified":"2024-04-28T23:54:49","modified_gmt":"2024-04-28T22:54:49","slug":"steampack","status":"publish","type":"product","link":"https:\/\/www.babcock-wanson.com\/pt-pt\/produtos\/caldeiras-de-tubos-de-fumo-vapor\/steampack\/","title":{"rendered":"SteamPack"},"content":{"rendered":"<div class=\"vgblk-rw-wrapper limit-wrapper\">\n<h2>Amiga do ambiente<\/h2>\n<p>A caldeira foi concebida para cumprir a mais recente legisla\u00e7\u00e3o ambiental europeia, em termos de emiss\u00e3o de poluentes, podendo exceder os requisitos impostos pelas entidades reguladoras, quando equipada com equipamentos de combust\u00e3o da Babcock Wanson.<\/p>\n<h2>Baixo consumo<\/h2>\n<p><strong>Efici\u00eancia Otimizada<\/strong><br \/>\nA combina\u00e7\u00e3o perfeita entre corpo da caldeira e queimador, garante uma opera\u00e7\u00e3o de confian\u00e7a, com a m\u00e1xima efici\u00eancia. Combinado com um <a href=\"https:\/\/www.babcock-wanson.com\/pt-pt\/categoria-produto\/sistemas-de-recuperacao\/\">sistema de recupera\u00e7\u00e3o de calor<\/a> de gases de combust\u00e3o adaptado ao processo (<a href=\"https:\/\/www.babcock-wanson.com\/pt-pt\/produtos\/sistemas-de-recuperacao\/economiser\/\">economizador<\/a>, pr\u00e9-aquecedor de ar de combust\u00e3o, &#8230;), as caldeiras SteamPack alcan\u00e7am uma efici\u00eancia ideal, em toda a queima (gama de modula\u00e7\u00e3o).<br \/>\n<strong>Elevado desempenho em toda a gama de modula\u00e7\u00e3o<\/strong><br \/>\nUm est\u00e1vel desempenho, \u00e9 uma caracter\u00edstica fundamental deste equipamento da Babcok Wanson. O desenvolvimento de um queimador dedicado, associado ao elevado r\u00e1cio de modula\u00e7\u00e3o, assegura um controlo preciso do excesso de ar e minimiza os ciclos de para\/ arranca. Este facto, permite oferecer o melhor desempenho poss\u00edvel, numa ampla gama de funcionamento processual.<br \/>\n<strong>Baixo consumo el\u00e9trico<\/strong><br \/>\nA baixa perda de carga existente no lado dos gases de combust\u00e3o, permite reduzir de forma muito significativa, o consumo el\u00e9trico dos ventiladores. Al\u00e9m disso, a possibilidade de incluir variadores de velocidade, no ar de combust\u00e3o e na \u00e1gua de alimenta\u00e7\u00e3o, permitem reduzir ainda mais essa demanda el\u00e9trica e oferecer um incremento da efici\u00eancia global.<\/p>\n<h2>Constru\u00e7\u00e3o robusta para uma vida longa<\/h2>\n<p>Desenvolvida a partir da gama BWR, que \u00e9 conhecida pela sua robusta constru\u00e7\u00e3o e elevada longevidade, as caldeiras SteamPack t\u00eam um design de tr\u00eas passagens e incorporam uma c\u00e2mara de invers\u00e3o dos gases de combust\u00e3o, com tubo de \u00e1gua. Soldado fora do corpo de press\u00e3o da caldeira, este comprovado recurso, n\u00e3o precisa de tirante ligados \u00e0 fornalha, ou refor\u00e7o adicionais na c\u00e2mara de invers\u00e3o, que confere uma flexibilidade excecional para a expans\u00e3o da fornalha e do corpo de press\u00e3o, permitindo grandes mudan\u00e7as de demanda de vapor, com m\u00ednimos stresses operacionais. Isso confere \u00e0 caldeira, uma maior resist\u00eancia a arranques a frio e uma grande resist\u00eancia estrutural para uma elevada longevidade. Sendo continuamente arrefecida pela circula\u00e7\u00e3o de \u00e1gua, a c\u00e2mara de invers\u00e3o dos gases de combust\u00e3o, n\u00e3o precisa de refrat\u00e1rios.<\/p>\n<h3>Porqu\u00ea escolher a caldeira de vapor SteamPack?<\/h3>\n<ul>\n<li style=\"list-style-type: none;\">\n<ul>\n<li>Elevada efici\u00eancia<\/li>\n<li>Queimadores com baixas emiss\u00f5es de NOx<\/li>\n<li>Elevada modula\u00e7\u00e3o do queimador<\/li>\n<li>Electronic modulation control as standard<\/li>\n<li>Acesso simples, para facilidade de manuten\u00e7\u00e3o<\/li>\n<li>Design robusto, para uma vida \u00fatil longa<\/li>\n<li>Recupera\u00e7\u00e3o de calor dos gases de combust\u00e3o<\/li>\n<li>Op\u00e7\u00e3o de economizador de condensa\u00e7\u00e3o<\/li>\n<li>Conectividade com o nosso sistema Navinergy<\/li>\n<li>Op\u00e7\u00f5es de pr\u00e9-aquecimento do ar de combust\u00e3o<\/li>\n<li>Op\u00e7\u00f5es de alimenta\u00e7\u00e3o com biocombust\u00edvel e combust\u00edveis mistos<\/li>\n<li>Op\u00e7\u00f5es de compensa\u00e7\u00e3o de O2 e CO<\/li>\n<li>Funcionamento simples de 3 e 7 dias sem vigil\u00e2ncia<\/li>\n<li>Solu\u00e7\u00f5es completas em sistemas de vapo<\/li>\n<\/ul>\n<\/li>\n<\/ul>\n<p>&nbsp;<\/p>\n<h2>Caracter\u00edsticas<\/h2>\n<div class=\"table-responsive\">\n<table style=\"height: 368px;\" width=\"1071\">\n<tbody>\n<tr>\n<th class=\"bg-primary text-white\">SteamPack<\/th>\n<th class=\"bg-primary text-white\">modelo<\/th>\n<th>3.5<\/th>\n<th>4.0<\/th>\n<th>5.0<\/th>\n<th>6.0<\/th>\n<th>7.0<\/th>\n<th>8.0<\/th>\n<\/tr>\n<tr>\n<th>Capacidade de produ\u00e7\u00e3o (1)<\/th>\n<th>Kg\/h<\/th>\n<td>3500<\/td>\n<td>4000<\/td>\n<td>5000<\/td>\n<td>6000<\/td>\n<td>7000<\/td>\n<td>8000<\/td>\n<\/tr>\n<tr>\n<th>Pot\u00eancia T\u00e9rmica (1)<\/th>\n<th>kW<\/th>\n<td>2675<\/td>\n<td>3067<\/td>\n<td>3808<\/td>\n<td>4592<\/td>\n<td>5340<\/td>\n<td>6139<\/td>\n<\/tr>\n<tr class=\"table-secondary\">\n<th class=\"bg-secondary text-white\">Largura A (2)<\/th>\n<th class=\"bg-secondary text-white\">mm<\/th>\n<td>2450<\/td>\n<td>2450<\/td>\n<td>2650<\/td>\n<td>2650<\/td>\n<td>2950<\/td>\n<td>2950<\/td>\n<\/tr>\n<tr class=\"table-dark\">\n<th class=\"bg-dark text-white\">Comprimento B (2)<\/th>\n<th class=\"bg-dark text-white\">mm<\/th>\n<td>6300<\/td>\n<td>6300<\/td>\n<td>6850<\/td>\n<td>7000<\/td>\n<td>7520<\/td>\n<td>7520<\/td>\n<\/tr>\n<tr class=\"table-primary\">\n<th class=\"bg-primary text-white\">Altura C (2)<\/th>\n<th class=\"bg-primary text-white\">mm<\/th>\n<td>3400<\/td>\n<td>3400<\/td>\n<td>3550<\/td>\n<td>3550<\/td>\n<td>3850<\/td>\n<td>3850<\/td>\n<\/tr>\n<tr>\n<th>Peso (completamente cheia)<\/th>\n<th>Kg<\/th>\n<td>17000<\/td>\n<td>17000<\/td>\n<td>24500<\/td>\n<td>25800<\/td>\n<td>31200<\/td>\n<td>32000<\/td>\n<\/tr>\n<\/tbody>\n<\/table>\n<\/div>\n<p>(1) A 15 barg e \u00e1gua de alimenta\u00e7\u00e3o a 80\u00b0C<\/p>\n<p>(2) As dimens\u00f5es gerais incluem o queimador ajustado e a caldeira montada<\/p><\/div>\n<p><!-- .vgblk-rw-wrapper --><\/p>\n","protected":false},"excerpt":{"rendered":"<p><strong>Produ\u00e7\u00e3o de vapor de 3500 kg\/h a 8000 kg\/h<\/strong><br \/>\nAs caldeiras SteamPack, apresentam um design de tr\u00eas passagens e incorporam uma c\u00e2mara de invers\u00e3o dos gases de combust\u00e3o, com tubos de \u00e1gua. Esta tecnologia \u00fanica da Babcock Wanson, oferece uma flexibilidade operacional e portanto, uma efici\u00eancia e viabilidade de longo prazo incompar\u00e1veis.<\/p>\n","protected":false},"featured_media":31353,"comment_status":"closed","ping_status":"closed","template":"","meta":{"_acf_changed":false,"_relevanssi_hide_post":"","_relevanssi_hide_content":"","_relevanssi_pin_for_all":"","_relevanssi_pin_keywords":"","_relevanssi_unpin_keywords":"","_relevanssi_related_keywords":"","_relevanssi_related_include_ids":"","_relevanssi_related_exclude_ids":"","_relevanssi_related_no_append":"","_relevanssi_related_not_related":"","_relevanssi_related_posts":"","_relevanssi_noindex_reason":""},"product_brand":[],"product_cat":[5174,5172],"product_tag":[],"class_list":{"0":"post-31349","1":"product","2":"type-product","3":"status-publish","4":"has-post-thumbnail","6":"product_cat-caldeiras-de-tubos-de-fumo-vapor","7":"product_cat-caldeiras-industriais","9":"first","10":"instock","11":"shipping-taxable","12":"product-type-simple"},"acf":[],"yoast_head":"<!-- This site is optimized with the Yoast SEO Premium plugin v27.4 (Yoast SEO v27.4) - https:\/\/yoast.com\/product\/yoast-seo-premium-wordpress\/ -->\n<title>SteamPack - Babcock Wanson<\/title>\n<meta name=\"description\" content=\"STEAMPACK, caldeira com 3 passagens e c\u00e2mara de invers\u00e3o de gases com tubos de \u00e1gua. Esta tecnologia exclusiva da Babcock Wanson oferece flexibilidade e viabilidade de longo prazo\" \/>\n<meta name=\"robots\" content=\"index, follow, max-snippet:-1, max-image-preview:large, max-video-preview:-1\" \/>\n<link rel=\"canonical\" href=\"https:\/\/www.babcock-wanson.com\/pt-pt\/produtos\/caldeiras-de-tubos-de-fumo-vapor\/steampack\/\" \/>\n<meta property=\"og:locale\" content=\"pt_PT\" \/>\n<meta property=\"og:type\" content=\"article\" \/>\n<meta property=\"og:title\" content=\"SteamPack\" \/>\n<meta property=\"og:description\" content=\"STEAMPACK, caldeira com 3 passagens e c\u00e2mara de invers\u00e3o de gases com tubos de \u00e1gua. Esta tecnologia exclusiva da Babcock Wanson oferece flexibilidade e viabilidade de longo prazo\" \/>\n<meta property=\"og:url\" content=\"https:\/\/www.babcock-wanson.com\/pt-pt\/produtos\/caldeiras-de-tubos-de-fumo-vapor\/steampack\/\" \/>\n<meta property=\"og:site_name\" content=\"Babcock Wanson\" \/>\n<meta property=\"article:modified_time\" content=\"2024-04-28T22:54:49+00:00\" \/>\n<meta property=\"og:image\" content=\"https:\/\/www.babcock-wanson.com\/wp-content\/uploads\/2020\/07\/SteamPack_productpage_0.jpg\" \/>\n\t<meta property=\"og:image:width\" content=\"600\" \/>\n\t<meta property=\"og:image:height\" content=\"400\" \/>\n\t<meta property=\"og:image:type\" content=\"image\/jpeg\" \/>\n<meta name=\"twitter:card\" content=\"summary_large_image\" \/>\n<meta name=\"twitter:label1\" content=\"Est. reading time\" \/>\n\t<meta name=\"twitter:data1\" content=\"4 minutos\" \/>\n<script type=\"application\/ld+json\" class=\"yoast-schema-graph\">{\"@context\":\"https:\\\/\\\/schema.org\",\"@graph\":[{\"@type\":\"WebPage\",\"@id\":\"https:\\\/\\\/www.babcock-wanson.com\\\/pt-pt\\\/produtos\\\/caldeiras-de-tubos-de-fumo-vapor\\\/steampack\\\/\",\"url\":\"https:\\\/\\\/www.babcock-wanson.com\\\/pt-pt\\\/produtos\\\/caldeiras-de-tubos-de-fumo-vapor\\\/steampack\\\/\",\"name\":\"SteamPack - Babcock Wanson\",\"isPartOf\":{\"@id\":\"https:\\\/\\\/www.babcock-wanson.com\\\/pt-pt\\\/#website\"},\"primaryImageOfPage\":{\"@id\":\"https:\\\/\\\/www.babcock-wanson.com\\\/pt-pt\\\/produtos\\\/caldeiras-de-tubos-de-fumo-vapor\\\/steampack\\\/#primaryimage\"},\"image\":{\"@id\":\"https:\\\/\\\/www.babcock-wanson.com\\\/pt-pt\\\/produtos\\\/caldeiras-de-tubos-de-fumo-vapor\\\/steampack\\\/#primaryimage\"},\"thumbnailUrl\":\"https:\\\/\\\/www.babcock-wanson.com\\\/wp-content\\\/uploads\\\/2020\\\/07\\\/SteamPack_productpage_0.jpg\",\"datePublished\":\"2020-07-15T13:34:50+00:00\",\"dateModified\":\"2024-04-28T22:54:49+00:00\",\"description\":\"STEAMPACK, caldeira com 3 passagens e c\u00e2mara de invers\u00e3o de gases com tubos de \u00e1gua. Esta tecnologia exclusiva da Babcock Wanson oferece flexibilidade e viabilidade de longo prazo\",\"breadcrumb\":{\"@id\":\"https:\\\/\\\/www.babcock-wanson.com\\\/pt-pt\\\/produtos\\\/caldeiras-de-tubos-de-fumo-vapor\\\/steampack\\\/#breadcrumb\"},\"inLanguage\":\"pt-PT\",\"potentialAction\":[{\"@type\":\"ReadAction\",\"target\":[\"https:\\\/\\\/www.babcock-wanson.com\\\/pt-pt\\\/produtos\\\/caldeiras-de-tubos-de-fumo-vapor\\\/steampack\\\/\"]}]},{\"@type\":\"ImageObject\",\"inLanguage\":\"pt-PT\",\"@id\":\"https:\\\/\\\/www.babcock-wanson.com\\\/pt-pt\\\/produtos\\\/caldeiras-de-tubos-de-fumo-vapor\\\/steampack\\\/#primaryimage\",\"url\":\"https:\\\/\\\/www.babcock-wanson.com\\\/wp-content\\\/uploads\\\/2020\\\/07\\\/SteamPack_productpage_0.jpg\",\"contentUrl\":\"https:\\\/\\\/www.babcock-wanson.com\\\/wp-content\\\/uploads\\\/2020\\\/07\\\/SteamPack_productpage_0.jpg\",\"width\":600,\"height\":400,\"caption\":\"SteamPack - Caldeiras a Vapor\"},{\"@type\":\"BreadcrumbList\",\"@id\":\"https:\\\/\\\/www.babcock-wanson.com\\\/pt-pt\\\/produtos\\\/caldeiras-de-tubos-de-fumo-vapor\\\/steampack\\\/#breadcrumb\",\"itemListElement\":[{\"@type\":\"ListItem\",\"position\":1,\"name\":\"Inicio\",\"item\":\"https:\\\/\\\/www.babcock-wanson.com\\\/pt-pt\\\/\"},{\"@type\":\"ListItem\",\"position\":2,\"name\":\"Produtos\",\"item\":\"https:\\\/\\\/www.babcock-wanson.com\\\/pt-pt\\\/shop\\\/\"},{\"@type\":\"ListItem\",\"position\":3,\"name\":\"Caldeiras de tubos de fumo\",\"item\":\"https:\\\/\\\/www.babcock-wanson.com\\\/pt-pt\\\/categoria-produto\\\/caldeiras-de-tubos-de-fumo-vapor\\\/\"},{\"@type\":\"ListItem\",\"position\":4,\"name\":\"SteamPack\"}]},{\"@type\":\"WebSite\",\"@id\":\"https:\\\/\\\/www.babcock-wanson.com\\\/pt-pt\\\/#website\",\"url\":\"https:\\\/\\\/www.babcock-wanson.com\\\/pt-pt\\\/\",\"name\":\"Babcock Wanson\",\"description\":\"\",\"publisher\":{\"@id\":\"https:\\\/\\\/www.babcock-wanson.com\\\/pt-pt\\\/#organization\"},\"potentialAction\":[{\"@type\":\"SearchAction\",\"target\":{\"@type\":\"EntryPoint\",\"urlTemplate\":\"https:\\\/\\\/www.babcock-wanson.com\\\/pt-pt\\\/?s={search_term_string}\"},\"query-input\":{\"@type\":\"PropertyValueSpecification\",\"valueRequired\":true,\"valueName\":\"search_term_string\"}}],\"inLanguage\":\"pt-PT\"},{\"@type\":\"Organization\",\"@id\":\"https:\\\/\\\/www.babcock-wanson.com\\\/pt-pt\\\/#organization\",\"name\":\"Babcock Wanson\",\"url\":\"https:\\\/\\\/www.babcock-wanson.com\\\/pt-pt\\\/\",\"logo\":{\"@type\":\"ImageObject\",\"inLanguage\":\"pt-PT\",\"@id\":\"https:\\\/\\\/www.babcock-wanson.com\\\/pt-pt\\\/#\\\/schema\\\/logo\\\/image\\\/\",\"url\":\"https:\\\/\\\/www.babcock-wanson.com\\\/wp-content\\\/uploads\\\/2024\\\/02\\\/Babcock-Wanson-1200x1200-1.png\",\"contentUrl\":\"https:\\\/\\\/www.babcock-wanson.com\\\/wp-content\\\/uploads\\\/2024\\\/02\\\/Babcock-Wanson-1200x1200-1.png\",\"width\":1200,\"height\":1200,\"caption\":\"Babcock Wanson\"},\"image\":{\"@id\":\"https:\\\/\\\/www.babcock-wanson.com\\\/pt-pt\\\/#\\\/schema\\\/logo\\\/image\\\/\"},\"sameAs\":[\"https:\\\/\\\/www.linkedin.com\\\/company\\\/babcock-wanson\\\/\",\"https:\\\/\\\/www.youtube.com\\\/channel\\\/UCtxl25VieBBsP2kYmtlyv7A\"]}]}<\/script>\n<!-- \/ Yoast SEO Premium plugin. -->","yoast_head_json":{"title":"SteamPack - Babcock Wanson","description":"STEAMPACK, caldeira com 3 passagens e c\u00e2mara de invers\u00e3o de gases com tubos de \u00e1gua. Esta tecnologia exclusiva da Babcock Wanson oferece flexibilidade e viabilidade de longo prazo","robots":{"index":"index","follow":"follow","max-snippet":"max-snippet:-1","max-image-preview":"max-image-preview:large","max-video-preview":"max-video-preview:-1"},"canonical":"https:\/\/www.babcock-wanson.com\/pt-pt\/produtos\/caldeiras-de-tubos-de-fumo-vapor\/steampack\/","og_locale":"pt_PT","og_type":"article","og_title":"SteamPack","og_description":"STEAMPACK, caldeira com 3 passagens e c\u00e2mara de invers\u00e3o de gases com tubos de \u00e1gua. Esta tecnologia exclusiva da Babcock Wanson oferece flexibilidade e viabilidade de longo prazo","og_url":"https:\/\/www.babcock-wanson.com\/pt-pt\/produtos\/caldeiras-de-tubos-de-fumo-vapor\/steampack\/","og_site_name":"Babcock Wanson","article_modified_time":"2024-04-28T22:54:49+00:00","og_image":[{"width":600,"height":400,"url":"https:\/\/www.babcock-wanson.com\/wp-content\/uploads\/2020\/07\/SteamPack_productpage_0.jpg","type":"image\/jpeg"}],"twitter_card":"summary_large_image","twitter_misc":{"Est. reading time":"4 minutos"},"schema":{"@context":"https:\/\/schema.org","@graph":[{"@type":"WebPage","@id":"https:\/\/www.babcock-wanson.com\/pt-pt\/produtos\/caldeiras-de-tubos-de-fumo-vapor\/steampack\/","url":"https:\/\/www.babcock-wanson.com\/pt-pt\/produtos\/caldeiras-de-tubos-de-fumo-vapor\/steampack\/","name":"SteamPack - Babcock Wanson","isPartOf":{"@id":"https:\/\/www.babcock-wanson.com\/pt-pt\/#website"},"primaryImageOfPage":{"@id":"https:\/\/www.babcock-wanson.com\/pt-pt\/produtos\/caldeiras-de-tubos-de-fumo-vapor\/steampack\/#primaryimage"},"image":{"@id":"https:\/\/www.babcock-wanson.com\/pt-pt\/produtos\/caldeiras-de-tubos-de-fumo-vapor\/steampack\/#primaryimage"},"thumbnailUrl":"https:\/\/www.babcock-wanson.com\/wp-content\/uploads\/2020\/07\/SteamPack_productpage_0.jpg","datePublished":"2020-07-15T13:34:50+00:00","dateModified":"2024-04-28T22:54:49+00:00","description":"STEAMPACK, caldeira com 3 passagens e c\u00e2mara de invers\u00e3o de gases com tubos de \u00e1gua. Esta tecnologia exclusiva da Babcock Wanson oferece flexibilidade e viabilidade de longo prazo","breadcrumb":{"@id":"https:\/\/www.babcock-wanson.com\/pt-pt\/produtos\/caldeiras-de-tubos-de-fumo-vapor\/steampack\/#breadcrumb"},"inLanguage":"pt-PT","potentialAction":[{"@type":"ReadAction","target":["https:\/\/www.babcock-wanson.com\/pt-pt\/produtos\/caldeiras-de-tubos-de-fumo-vapor\/steampack\/"]}]},{"@type":"ImageObject","inLanguage":"pt-PT","@id":"https:\/\/www.babcock-wanson.com\/pt-pt\/produtos\/caldeiras-de-tubos-de-fumo-vapor\/steampack\/#primaryimage","url":"https:\/\/www.babcock-wanson.com\/wp-content\/uploads\/2020\/07\/SteamPack_productpage_0.jpg","contentUrl":"https:\/\/www.babcock-wanson.com\/wp-content\/uploads\/2020\/07\/SteamPack_productpage_0.jpg","width":600,"height":400,"caption":"SteamPack - Caldeiras a Vapor"},{"@type":"BreadcrumbList","@id":"https:\/\/www.babcock-wanson.com\/pt-pt\/produtos\/caldeiras-de-tubos-de-fumo-vapor\/steampack\/#breadcrumb","itemListElement":[{"@type":"ListItem","position":1,"name":"Inicio","item":"https:\/\/www.babcock-wanson.com\/pt-pt\/"},{"@type":"ListItem","position":2,"name":"Produtos","item":"https:\/\/www.babcock-wanson.com\/pt-pt\/shop\/"},{"@type":"ListItem","position":3,"name":"Caldeiras de tubos de fumo","item":"https:\/\/www.babcock-wanson.com\/pt-pt\/categoria-produto\/caldeiras-de-tubos-de-fumo-vapor\/"},{"@type":"ListItem","position":4,"name":"SteamPack"}]},{"@type":"WebSite","@id":"https:\/\/www.babcock-wanson.com\/pt-pt\/#website","url":"https:\/\/www.babcock-wanson.com\/pt-pt\/","name":"Babcock Wanson","description":"","publisher":{"@id":"https:\/\/www.babcock-wanson.com\/pt-pt\/#organization"},"potentialAction":[{"@type":"SearchAction","target":{"@type":"EntryPoint","urlTemplate":"https:\/\/www.babcock-wanson.com\/pt-pt\/?s={search_term_string}"},"query-input":{"@type":"PropertyValueSpecification","valueRequired":true,"valueName":"search_term_string"}}],"inLanguage":"pt-PT"},{"@type":"Organization","@id":"https:\/\/www.babcock-wanson.com\/pt-pt\/#organization","name":"Babcock Wanson","url":"https:\/\/www.babcock-wanson.com\/pt-pt\/","logo":{"@type":"ImageObject","inLanguage":"pt-PT","@id":"https:\/\/www.babcock-wanson.com\/pt-pt\/#\/schema\/logo\/image\/","url":"https:\/\/www.babcock-wanson.com\/wp-content\/uploads\/2024\/02\/Babcock-Wanson-1200x1200-1.png","contentUrl":"https:\/\/www.babcock-wanson.com\/wp-content\/uploads\/2024\/02\/Babcock-Wanson-1200x1200-1.png","width":1200,"height":1200,"caption":"Babcock Wanson"},"image":{"@id":"https:\/\/www.babcock-wanson.com\/pt-pt\/#\/schema\/logo\/image\/"},"sameAs":["https:\/\/www.linkedin.com\/company\/babcock-wanson\/","https:\/\/www.youtube.com\/channel\/UCtxl25VieBBsP2kYmtlyv7A"]}]}},"jetpack_sharing_enabled":true,"_links":{"self":[{"href":"https:\/\/www.babcock-wanson.com\/pt-pt\/wp-json\/wp\/v2\/product\/31349","targetHints":{"allow":["GET"]}}],"collection":[{"href":"https:\/\/www.babcock-wanson.com\/pt-pt\/wp-json\/wp\/v2\/product"}],"about":[{"href":"https:\/\/www.babcock-wanson.com\/pt-pt\/wp-json\/wp\/v2\/types\/product"}],"replies":[{"embeddable":true,"href":"https:\/\/www.babcock-wanson.com\/pt-pt\/wp-json\/wp\/v2\/comments?post=31349"}],"wp:featuredmedia":[{"embeddable":true,"href":"https:\/\/www.babcock-wanson.com\/pt-pt\/wp-json\/wp\/v2\/media\/31353"}],"wp:attachment":[{"href":"https:\/\/www.babcock-wanson.com\/pt-pt\/wp-json\/wp\/v2\/media?parent=31349"}],"wp:term":[{"taxonomy":"product_brand","embeddable":true,"href":"https:\/\/www.babcock-wanson.com\/pt-pt\/wp-json\/wp\/v2\/product_brand?post=31349"},{"taxonomy":"product_cat","embeddable":true,"href":"https:\/\/www.babcock-wanson.com\/pt-pt\/wp-json\/wp\/v2\/product_cat?post=31349"},{"taxonomy":"product_tag","embeddable":true,"href":"https:\/\/www.babcock-wanson.com\/pt-pt\/wp-json\/wp\/v2\/product_tag?post=31349"}],"curies":[{"name":"wp","href":"https:\/\/api.w.org\/{rel}","templated":true}]}}