{"id":40976,"date":"2021-11-18T16:02:43","date_gmt":"2021-11-18T16:02:43","guid":{"rendered":"https:\/\/www.babcock-wanson.com\/products\/sem%20categoria\/e-pack\/"},"modified":"2024-04-16T14:53:24","modified_gmt":"2024-04-16T13:53:24","slug":"e-pack","status":"publish","type":"product","link":"https:\/\/www.babcock-wanson.com\/pt-pt\/produtos\/caldeiras-eletricas-industriais\/e-pack\/","title":{"rendered":"e-Pack"},"content":{"rendered":"<div class=\"vgblk-rw-wrapper limit-wrapper\">\n<h2>Amigo do ambiente<\/h2>\n<p><strong>As caldeiras el\u00e9tricas industriais e-Pack oferecem muitos benef\u00edcios ambientais e operacionais:<\/strong><br \/>\nN\u00e3o consomem nenhum combust\u00edvel f\u00f3ssil e portanto, n\u00e3o liberam efluentes gasosos para a atmosfera. Nesta perspectiva, a instala\u00e7\u00e3o \u00e9 muito mais f\u00e1cil: N\u00e3o existe a necessidade de chamin\u00e9s, redes de abastecimento de combust\u00edvel ou tanques de armazenamento. Ao exposto, acesce o fato de que n\u00e3o existe a necessidade da monitoriza\u00e7\u00e3o peri\u00f3dico das emiss\u00f5es gasosas.<\/p>\n<p>Efici\u00eancias pr\u00f3ximas de 100% podem ser alcan\u00e7adas, uma vez que toda a energia el\u00e9trica de entrada \u00e9 convertida em energia t\u00e9rmica (apenas diminutas perdas de calor atrav\u00e9s das superf\u00edcies, podem ser deduzidas).<\/p>\n<p>Controle preciso da press\u00e3o, com v\u00e1rios est\u00e1gios de pot\u00eancia, permite que a caldeira reaja rapidamente \u00e0s mudan\u00e7as de demanda de vapor. Isso torna poss\u00edvel a realiza\u00e7\u00e3o de arranques r\u00e1pidos, para absorver a energia da rede dispon\u00edvel quando necess\u00e1rio.<\/p>\n<h2>Constru\u00e7\u00e3o robusta para uma longa vida \u00fatil<\/h2>\n<p>As caldeiras e-Pack, s\u00e3o compostas por um corpo de a\u00e7o com resist\u00eancias de imers\u00e3o em a\u00e7o inoxid\u00e1vel, que oferecem in\u00fameras vantagens em termos de desempenho, implementa\u00e7\u00e3o e tamb\u00e9m para opera\u00e7\u00f5es de manuten\u00e7\u00e3o peri\u00f3dicas. S\u00e3o projetadas para permitir um arranque r\u00e1pido e r\u00e1pida produ\u00e7\u00e3o de vapor, enquanto protegem os elementos de aquecimento de tens\u00f5es excessivas.<\/p>\n<h2>Explora\u00e7\u00e3o Econ\u00f4mica<\/h2>\n<p>O controle e a instrumenta\u00e7\u00e3o permitem <a href=\"https:\/\/www.babcock-wanson.com\/pt-pt\/recursos\/regulamentos\/modo-de-operacao\/\" target=\"_blank\" rel=\"noopener\">modos de opera\u00e7\u00e3o exclusivos Babcock Wanson<\/a>, que se adaptam \u00e0s restri\u00e7\u00f5es de todos os processos industriais. As caldeiras s\u00e3o entregues com o sistema operacional <a href=\"https:\/\/www.babcock-wanson.com\/2023\/02\/09\/navinergy-the-connected-boiler-room\/\" target=\"_blank\" rel=\"noopener\">Navinergy<\/a>, que permite a monitoriza\u00e7\u00e3o local e remota dos par\u00e2metros operacionais.<\/p>\n<h2>F\u00e1cil instala\u00e7\u00e3o e comissionamento<\/h2>\n<p>As caldeiras s\u00e3o entregues pronta a funcionar. Tudo o que \u00e9 necess\u00e1rio \u00e9 conect\u00e1-la \u00e0 eletricidade, \u00e0 \u00e1gua de alimenta\u00e7\u00e3o e aos diversos consumidores de vapor. O comissionamento \u00e9 controlado e repet\u00edvel, sem as dificuldades que podem surgir com o comissionamento de uma caldeira com queimador convencional.<\/p>\n<h3>Por que escolher a e-Pack da Babcock Wanson?<\/h3>\n<ul>\n<li>Emiss\u00f5es zero no local de produ\u00e7\u00e3o (CO2 &#8211; NOx\u2013 SOx)<\/li>\n<li>Efici\u00eancia pr\u00f3xima dos 100%<\/li>\n<li>Altas taxas de modula\u00e7\u00e3o<\/li>\n<li>F\u00e1cil manuten\u00e7\u00e3o<\/li>\n<li>Constru\u00e7\u00e3o robusta para longa vida<\/li>\n<li>Conectividade com nosso sistema Navinergy<\/li>\n<li>Propriet\u00e1rios de modo de opera\u00e7\u00e3o simplificados<\/li>\n<li>Alta disponibilidade<\/li>\n<li>F\u00e1cil de instalar<\/li>\n<li>Custos operacionais reduzidos<\/li>\n<\/ul>\n<p>&nbsp;<\/p>\n<h2>Caracter\u00edsticas<\/h2>\n<table style=\"height: 340px;\" width=\"1139\">\n<tbody>\n<tr>\n<th class=\"bg-primary text-white\">e-Pack<\/th>\n<th class=\"bg-primary text-white\" style=\"text-align: center;\">modelo<\/th>\n<th class=\"bg-primary text-white\" style=\"text-align: center;\">300<\/th>\n<th class=\"bg-primary text-white\" style=\"text-align: center;\">600<\/th>\n<th class=\"bg-primary text-white\" style=\"text-align: center;\">900<\/th>\n<th class=\"bg-primary text-white\" style=\"text-align: center;\">1200<\/th>\n<th class=\"bg-primary text-white\" style=\"text-align: center;\">1500<\/th>\n<th class=\"bg-primary text-white\" style=\"text-align: center;\">1800<\/th>\n<th class=\"bg-primary text-white\" style=\"text-align: center;\">2250<\/th>\n<th class=\"bg-primary text-white\" style=\"text-align: center;\">3000<\/th>\n<th class=\"bg-primary text-white\" style=\"text-align: center;\">3600<\/th>\n<th class=\"bg-primary text-white\" style=\"text-align: center;\">4200<\/th>\n<\/tr>\n<tr>\n<th>Capacidade de produ\u00e7\u00e3o (1)<\/th>\n<th style=\"text-align: center;\">kg\/h<\/th>\n<td style=\"text-align: center;\">300<\/td>\n<td style=\"text-align: center;\">600<\/td>\n<td style=\"text-align: center;\">900<\/td>\n<td style=\"text-align: center;\">1200<\/td>\n<td style=\"text-align: center;\">1500<\/td>\n<td style=\"text-align: center;\">1800<\/td>\n<td style=\"text-align: center;\">2250<\/td>\n<td style=\"text-align: center;\">3000<\/td>\n<td style=\"text-align: center;\">3600<\/td>\n<td style=\"text-align: center;\">4200<\/td>\n<\/tr>\n<tr>\n<th>Pot\u00eancia T\u00e9rmica (1)<\/th>\n<th style=\"text-align: center;\">kW<\/th>\n<td style=\"text-align: center;\">167<\/td>\n<td style=\"text-align: center;\">400<\/td>\n<td style=\"text-align: center;\">600<\/td>\n<td style=\"text-align: center;\">800<\/td>\n<td style=\"text-align: center;\">1000<\/td>\n<td style=\"text-align: center;\">1200<\/td>\n<td style=\"text-align: center;\">1500<\/td>\n<td style=\"text-align: center;\">2000<\/td>\n<td style=\"text-align: center;\">2400<\/td>\n<td style=\"text-align: center;\">2800<\/td>\n<\/tr>\n<tr class=\"table-secondary\">\n<th class=\"bg-secondary text-white\">Largura A (2)<\/th>\n<th class=\"bg-secondary text-white\" style=\"text-align: center;\">mm<\/th>\n<td style=\"text-align: center;\">1400<\/td>\n<td style=\"text-align: center;\">1700<\/td>\n<td style=\"text-align: center;\">1700<\/td>\n<td style=\"text-align: center;\">1700<\/td>\n<td style=\"text-align: center;\">2000<\/td>\n<td style=\"text-align: center;\">2000<\/td>\n<td style=\"text-align: center;\">2000<\/td>\n<td style=\"text-align: center;\">2400<\/td>\n<td style=\"text-align: center;\">2700<\/td>\n<td style=\"text-align: center;\">2700<\/td>\n<\/tr>\n<tr class=\"table-dark\">\n<th class=\"bg-dark text-white\">Comprimento B (2)<\/th>\n<th class=\"bg-dark text-white\" style=\"text-align: center;\">mm<\/th>\n<td style=\"text-align: center;\">3700<\/td>\n<td style=\"text-align: center;\">4400<\/td>\n<td style=\"text-align: center;\">4400<\/td>\n<td style=\"text-align: center;\">4400<\/td>\n<td style=\"text-align: center;\">4500<\/td>\n<td style=\"text-align: center;\">4500<\/td>\n<td style=\"text-align: center;\">4500<\/td>\n<td style=\"text-align: center;\">5100<\/td>\n<td style=\"text-align: center;\">5100<\/td>\n<td style=\"text-align: center;\">4900<\/td>\n<\/tr>\n<tr class=\"table-primary\">\n<th class=\"bg-primary text-white\">Altura C (2)<\/th>\n<th class=\"bg-primary text-white\" style=\"text-align: center;\">mm<\/th>\n<td style=\"text-align: center;\">1800<\/td>\n<td style=\"text-align: center;\">2000<\/td>\n<td style=\"text-align: center;\">2000<\/td>\n<td style=\"text-align: center;\">2000<\/td>\n<td style=\"text-align: center;\">2300<\/td>\n<td style=\"text-align: center;\">2300<\/td>\n<td style=\"text-align: center;\">2300<\/td>\n<td style=\"text-align: center;\">2700<\/td>\n<td style=\"text-align: center;\">2700<\/td>\n<td style=\"text-align: center;\">3000<\/td>\n<\/tr>\n<tr>\n<th>Peso (completamente cheia)<\/th>\n<th style=\"text-align: center;\">kg<\/th>\n<td style=\"text-align: center;\">2300<\/td>\n<td style=\"text-align: center;\">3800<\/td>\n<td style=\"text-align: center;\">3900<\/td>\n<td style=\"text-align: center;\">3900<\/td>\n<td style=\"text-align: center;\">5700<\/td>\n<td style=\"text-align: center;\">5700<\/td>\n<td style=\"text-align: center;\">5800<\/td>\n<td style=\"text-align: center;\">10000<\/td>\n<td style=\"text-align: center;\">10100<\/td>\n<td style=\"text-align: center;\">13500<\/td>\n<\/tr>\n<\/tbody>\n<\/table>\n<p>(1) Potencia hasta 8 barg basada en agua de alimentaci\u00f3n a 90\u00b0C<br \/>\n(2) Las dimensiones totales incluyen los soportes del calentador de inmersi\u00f3n y de la caldera<\/p>\n<p>Quadro el\u00e9trico n\u00e3o inclu\u00eddo nas dimens\u00f5es<\/p>\n<table style=\"height: 340px;\" width=\"1139\">\n<tbody>\n<tr>\n<th class=\"bg-primary text-white\">e-Pack<\/th>\n<th class=\"bg-primary text-white\" style=\"text-align: center;\">modelo<\/th>\n<th class=\"bg-primary text-white\" style=\"text-align: center;\">4800<\/th>\n<th class=\"bg-primary text-white\" style=\"text-align: center;\">5400<\/th>\n<th class=\"bg-primary text-white\" style=\"text-align: center;\">6000<\/th>\n<th class=\"bg-primary text-white\" style=\"text-align: center;\">6600<\/th>\n<th class=\"bg-primary text-white\" style=\"text-align: center;\">7200<\/th>\n<th class=\"bg-primary text-white\" style=\"text-align: center;\">7800<\/th>\n<th class=\"bg-primary text-white\" style=\"text-align: center;\">8400<\/th>\n<th class=\"bg-primary text-white\" style=\"text-align: center;\">9600<\/th>\n<th class=\"bg-primary text-white\" style=\"text-align: center;\">10800<\/th>\n<th class=\"bg-primary text-white\" style=\"text-align: center;\">12000<\/th>\n<\/tr>\n<tr>\n<th>Capacidade de produ\u00e7\u00e3o (1)<\/th>\n<th style=\"text-align: center;\">kg\/h<\/th>\n<td style=\"text-align: center;\">4800<\/td>\n<td style=\"text-align: center;\">5400<\/td>\n<td style=\"text-align: center;\">6000<\/td>\n<td style=\"text-align: center;\">6600<\/td>\n<td style=\"text-align: center;\">7200<\/td>\n<td style=\"text-align: center;\">7800<\/td>\n<td style=\"text-align: center;\">8400<\/td>\n<td style=\"text-align: center;\">9600<\/td>\n<td style=\"text-align: center;\">10800<\/td>\n<td style=\"text-align: center;\">12000<\/td>\n<\/tr>\n<tr>\n<th>Pot\u00eancia T\u00e9rmica (1)<\/th>\n<th style=\"text-align: center;\">kW<\/th>\n<td style=\"text-align: center;\">3200<\/td>\n<td style=\"text-align: center;\">3600<\/td>\n<td style=\"text-align: center;\">4000<\/td>\n<td style=\"text-align: center;\">4400<\/td>\n<td style=\"text-align: center;\">4800<\/td>\n<td style=\"text-align: center;\">5200<\/td>\n<td style=\"text-align: center;\">5600<\/td>\n<td style=\"text-align: center;\">6400<\/td>\n<td style=\"text-align: center;\">7200<\/td>\n<td style=\"text-align: center;\">8000<\/td>\n<\/tr>\n<tr class=\"table-secondary\">\n<th class=\"bg-secondary text-white\">Largura A (2)<\/th>\n<th class=\"bg-secondary text-white\" style=\"text-align: center;\">mm<\/th>\n<td style=\"text-align: center;\">2700<\/td>\n<td style=\"text-align: center;\">2900<\/td>\n<td style=\"text-align: center;\">2900<\/td>\n<td style=\"text-align: center;\">2400<\/td>\n<td style=\"text-align: center;\">2400<\/td>\n<td style=\"text-align: center;\">2700<\/td>\n<td style=\"text-align: center;\">2700<\/td>\n<td style=\"text-align: center;\">2700<\/td>\n<td style=\"text-align: center;\">2900<\/td>\n<td style=\"text-align: center;\">2900<\/td>\n<\/tr>\n<tr class=\"table-dark\">\n<th class=\"bg-dark text-white\">Comprimento B (2)<\/th>\n<th class=\"bg-dark text-white\" style=\"text-align: center;\">mm<\/th>\n<td style=\"text-align: center;\">4900<\/td>\n<td style=\"text-align: center;\">5000<\/td>\n<td style=\"text-align: center;\">5000<\/td>\n<td style=\"text-align: center;\">7200<\/td>\n<td style=\"text-align: center;\">7200<\/td>\n<td style=\"text-align: center;\">7400<\/td>\n<td style=\"text-align: center;\">7400<\/td>\n<td style=\"text-align: center;\">7400<\/td>\n<td style=\"text-align: center;\">7500<\/td>\n<td style=\"text-align: center;\">7500<\/td>\n<\/tr>\n<tr class=\"table-primary\">\n<th class=\"bg-primary text-white\">Altura C (2)<\/th>\n<th class=\"bg-primary text-white\" style=\"text-align: center;\">mm<\/th>\n<td style=\"text-align: center;\">3000<\/td>\n<td style=\"text-align: center;\">3200<\/td>\n<td style=\"text-align: center;\">3200<\/td>\n<td style=\"text-align: center;\">2700<\/td>\n<td style=\"text-align: center;\">2700<\/td>\n<td style=\"text-align: center;\">3000<\/td>\n<td style=\"text-align: center;\">3000<\/td>\n<td style=\"text-align: center;\">3000<\/td>\n<td style=\"text-align: center;\">3200<\/td>\n<td style=\"text-align: center;\">3200<\/td>\n<\/tr>\n<tr>\n<th>Peso (completamente cheia)<\/th>\n<th style=\"text-align: center;\">kg<\/th>\n<td style=\"text-align: center;\">13600<\/td>\n<td style=\"text-align: center;\">16000<\/td>\n<td style=\"text-align: center;\">16100<\/td>\n<td style=\"text-align: center;\">15600<\/td>\n<td style=\"text-align: center;\">15600<\/td>\n<td style=\"text-align: center;\">21500<\/td>\n<td style=\"text-align: center;\">21600<\/td>\n<td style=\"text-align: center;\">21700<\/td>\n<td style=\"text-align: center;\">25600<\/td>\n<td style=\"text-align: center;\">25800<\/td>\n<\/tr>\n<\/tbody>\n<\/table>\n<p>(1) Potencia hasta 8 barg basada en agua de alimentaci\u00f3n a 90\u00b0C<br \/>\n(2) Las dimensiones totales incluyen los soportes del calentador de inmersi\u00f3n y de la caldera<\/p>\n<p>Quadro el\u00e9trico n\u00e3o inclu\u00eddo nas dimens\u00f5es<\/p><\/div>\n<p><!-- .vgblk-rw-wrapper --><\/p>\n","protected":false},"excerpt":{"rendered":"<p><strong>Produ\u00e7\u00e3o de vapor de 500 kg\/h a 17000 kg\/h<\/strong><br \/>\nBabcock-Wanson tem mais de 50 anos de experi\u00eancia, no projeto e fabrico de <a href=\"https:\/\/www.babcock-wanson.com\/pt-pt\/categoria-produto\/caldeiras-eletricas-industriais\/\" target=\"_blank\" rel=\"noopener\">caldeiras el\u00e9tricas<\/a>. S\u00e3o projetadas para atender aos atuais desafios de otimiza\u00e7\u00e3o energ\u00e9tica e descarboniza\u00e7\u00e3o de nossos clientes industriais. As entidades governamentais de cada pa\u00eds, encontram-se atualmente a implementar medidas muito ambiciosas, para alcan\u00e7ar uma redu\u00e7\u00e3o maci\u00e7a dos gases de efeito estufa.<\/p>\n<p>As caldeiras e-Pack foram desenvolvidas, combinando as melhores tecnologias dispon\u00edveis para atingir o mais elevado n\u00edvel de efici\u00eancia, confiabilidade e flexibilidade, com emiss\u00f5es zero no local de produ\u00e7\u00e3o.<\/p>\n","protected":false},"featured_media":30983,"comment_status":"closed","ping_status":"closed","template":"","meta":{"_acf_changed":false,"_relevanssi_hide_post":"","_relevanssi_hide_content":"","_relevanssi_pin_for_all":"","_relevanssi_pin_keywords":"","_relevanssi_unpin_keywords":"","_relevanssi_related_keywords":"","_relevanssi_related_include_ids":"","_relevanssi_related_exclude_ids":"","_relevanssi_related_no_append":"","_relevanssi_related_not_related":"","_relevanssi_related_posts":"","_relevanssi_noindex_reason":""},"product_brand":[],"product_cat":[5176],"product_tag":[],"class_list":{"0":"post-40976","1":"product","2":"type-product","3":"status-publish","4":"has-post-thumbnail","6":"product_cat-caldeiras-eletricas-industriais","8":"first","9":"instock","10":"shipping-taxable","11":"product-type-simple"},"acf":[],"yoast_head":"<!-- This site is optimized with the Yoast SEO Premium plugin v27.4 (Yoast SEO v27.4) - https:\/\/yoast.com\/product\/yoast-seo-premium-wordpress\/ -->\n<title>e-Pack - Babcock Wanson<\/title>\n<meta name=\"description\" content=\"As caldeiras el\u00e9tricas industriais e-Pack foram desenvolvidas para atingir o mais elevado n\u00edvel de efici\u00eancia\" \/>\n<meta name=\"robots\" content=\"index, follow, max-snippet:-1, max-image-preview:large, max-video-preview:-1\" \/>\n<link rel=\"canonical\" href=\"https:\/\/www.babcock-wanson.com\/pt-pt\/produtos\/caldeiras-eletricas-industriais\/e-pack\/\" \/>\n<meta property=\"og:locale\" content=\"pt_PT\" \/>\n<meta property=\"og:type\" content=\"article\" \/>\n<meta property=\"og:title\" content=\"e-Pack\" \/>\n<meta property=\"og:description\" content=\"As caldeiras el\u00e9tricas industriais e-Pack foram desenvolvidas para atingir o mais elevado n\u00edvel de efici\u00eancia\" \/>\n<meta property=\"og:url\" content=\"https:\/\/www.babcock-wanson.com\/pt-pt\/produtos\/caldeiras-eletricas-industriais\/e-pack\/\" \/>\n<meta property=\"og:site_name\" content=\"Babcock Wanson\" \/>\n<meta property=\"article:modified_time\" content=\"2024-04-16T13:53:24+00:00\" \/>\n<meta property=\"og:image\" content=\"https:\/\/www.babcock-wanson.com\/wp-content\/uploads\/2018\/11\/VAP-EL-Electric-Boiler-3.jpg\" \/>\n\t<meta property=\"og:image:width\" content=\"600\" \/>\n\t<meta property=\"og:image:height\" content=\"400\" \/>\n\t<meta property=\"og:image:type\" content=\"image\/jpeg\" \/>\n<meta name=\"twitter:card\" content=\"summary_large_image\" \/>\n<meta name=\"twitter:label1\" content=\"Est. reading time\" \/>\n\t<meta name=\"twitter:data1\" content=\"4 minutos\" \/>\n<script type=\"application\/ld+json\" class=\"yoast-schema-graph\">{\"@context\":\"https:\\\/\\\/schema.org\",\"@graph\":[{\"@type\":\"WebPage\",\"@id\":\"https:\\\/\\\/www.babcock-wanson.com\\\/pt-pt\\\/produtos\\\/caldeiras-eletricas-industriais\\\/e-pack\\\/\",\"url\":\"https:\\\/\\\/www.babcock-wanson.com\\\/pt-pt\\\/produtos\\\/caldeiras-eletricas-industriais\\\/e-pack\\\/\",\"name\":\"e-Pack - Babcock Wanson\",\"isPartOf\":{\"@id\":\"https:\\\/\\\/www.babcock-wanson.com\\\/pt-pt\\\/#website\"},\"primaryImageOfPage\":{\"@id\":\"https:\\\/\\\/www.babcock-wanson.com\\\/pt-pt\\\/produtos\\\/caldeiras-eletricas-industriais\\\/e-pack\\\/#primaryimage\"},\"image\":{\"@id\":\"https:\\\/\\\/www.babcock-wanson.com\\\/pt-pt\\\/produtos\\\/caldeiras-eletricas-industriais\\\/e-pack\\\/#primaryimage\"},\"thumbnailUrl\":\"https:\\\/\\\/www.babcock-wanson.com\\\/wp-content\\\/uploads\\\/2018\\\/11\\\/VAP-EL-Electric-Boiler-3.jpg\",\"datePublished\":\"2021-11-18T16:02:43+00:00\",\"dateModified\":\"2024-04-16T13:53:24+00:00\",\"description\":\"As caldeiras el\u00e9tricas industriais e-Pack foram desenvolvidas para atingir o mais elevado n\u00edvel de efici\u00eancia\",\"breadcrumb\":{\"@id\":\"https:\\\/\\\/www.babcock-wanson.com\\\/pt-pt\\\/produtos\\\/caldeiras-eletricas-industriais\\\/e-pack\\\/#breadcrumb\"},\"inLanguage\":\"pt-PT\",\"potentialAction\":[{\"@type\":\"ReadAction\",\"target\":[\"https:\\\/\\\/www.babcock-wanson.com\\\/pt-pt\\\/produtos\\\/caldeiras-eletricas-industriais\\\/e-pack\\\/\"]}]},{\"@type\":\"ImageObject\",\"inLanguage\":\"pt-PT\",\"@id\":\"https:\\\/\\\/www.babcock-wanson.com\\\/pt-pt\\\/produtos\\\/caldeiras-eletricas-industriais\\\/e-pack\\\/#primaryimage\",\"url\":\"https:\\\/\\\/www.babcock-wanson.com\\\/wp-content\\\/uploads\\\/2018\\\/11\\\/VAP-EL-Electric-Boiler-3.jpg\",\"contentUrl\":\"https:\\\/\\\/www.babcock-wanson.com\\\/wp-content\\\/uploads\\\/2018\\\/11\\\/VAP-EL-Electric-Boiler-3.jpg\",\"width\":600,\"height\":400,\"caption\":\"Caldeira El\u00e9trica VAP EL\"},{\"@type\":\"BreadcrumbList\",\"@id\":\"https:\\\/\\\/www.babcock-wanson.com\\\/pt-pt\\\/produtos\\\/caldeiras-eletricas-industriais\\\/e-pack\\\/#breadcrumb\",\"itemListElement\":[{\"@type\":\"ListItem\",\"position\":1,\"name\":\"Inicio\",\"item\":\"https:\\\/\\\/www.babcock-wanson.com\\\/pt-pt\\\/\"},{\"@type\":\"ListItem\",\"position\":2,\"name\":\"Produtos\",\"item\":\"https:\\\/\\\/www.babcock-wanson.com\\\/pt-pt\\\/shop\\\/\"},{\"@type\":\"ListItem\",\"position\":3,\"name\":\"Caldeiras el\u00e9tricas industriais\",\"item\":\"https:\\\/\\\/www.babcock-wanson.com\\\/pt-pt\\\/categoria-produto\\\/caldeiras-eletricas-industriais\\\/\"},{\"@type\":\"ListItem\",\"position\":4,\"name\":\"e-Pack\"}]},{\"@type\":\"WebSite\",\"@id\":\"https:\\\/\\\/www.babcock-wanson.com\\\/pt-pt\\\/#website\",\"url\":\"https:\\\/\\\/www.babcock-wanson.com\\\/pt-pt\\\/\",\"name\":\"Babcock Wanson\",\"description\":\"\",\"publisher\":{\"@id\":\"https:\\\/\\\/www.babcock-wanson.com\\\/pt-pt\\\/#organization\"},\"potentialAction\":[{\"@type\":\"SearchAction\",\"target\":{\"@type\":\"EntryPoint\",\"urlTemplate\":\"https:\\\/\\\/www.babcock-wanson.com\\\/pt-pt\\\/?s={search_term_string}\"},\"query-input\":{\"@type\":\"PropertyValueSpecification\",\"valueRequired\":true,\"valueName\":\"search_term_string\"}}],\"inLanguage\":\"pt-PT\"},{\"@type\":\"Organization\",\"@id\":\"https:\\\/\\\/www.babcock-wanson.com\\\/pt-pt\\\/#organization\",\"name\":\"Babcock Wanson\",\"url\":\"https:\\\/\\\/www.babcock-wanson.com\\\/pt-pt\\\/\",\"logo\":{\"@type\":\"ImageObject\",\"inLanguage\":\"pt-PT\",\"@id\":\"https:\\\/\\\/www.babcock-wanson.com\\\/pt-pt\\\/#\\\/schema\\\/logo\\\/image\\\/\",\"url\":\"https:\\\/\\\/www.babcock-wanson.com\\\/wp-content\\\/uploads\\\/2024\\\/02\\\/Babcock-Wanson-1200x1200-1.png\",\"contentUrl\":\"https:\\\/\\\/www.babcock-wanson.com\\\/wp-content\\\/uploads\\\/2024\\\/02\\\/Babcock-Wanson-1200x1200-1.png\",\"width\":1200,\"height\":1200,\"caption\":\"Babcock Wanson\"},\"image\":{\"@id\":\"https:\\\/\\\/www.babcock-wanson.com\\\/pt-pt\\\/#\\\/schema\\\/logo\\\/image\\\/\"},\"sameAs\":[\"https:\\\/\\\/www.linkedin.com\\\/company\\\/babcock-wanson\\\/\",\"https:\\\/\\\/www.youtube.com\\\/channel\\\/UCtxl25VieBBsP2kYmtlyv7A\"]}]}<\/script>\n<!-- \/ Yoast SEO Premium plugin. -->","yoast_head_json":{"title":"e-Pack - Babcock Wanson","description":"As caldeiras el\u00e9tricas industriais e-Pack foram desenvolvidas para atingir o mais elevado n\u00edvel de efici\u00eancia","robots":{"index":"index","follow":"follow","max-snippet":"max-snippet:-1","max-image-preview":"max-image-preview:large","max-video-preview":"max-video-preview:-1"},"canonical":"https:\/\/www.babcock-wanson.com\/pt-pt\/produtos\/caldeiras-eletricas-industriais\/e-pack\/","og_locale":"pt_PT","og_type":"article","og_title":"e-Pack","og_description":"As caldeiras el\u00e9tricas industriais e-Pack foram desenvolvidas para atingir o mais elevado n\u00edvel de efici\u00eancia","og_url":"https:\/\/www.babcock-wanson.com\/pt-pt\/produtos\/caldeiras-eletricas-industriais\/e-pack\/","og_site_name":"Babcock Wanson","article_modified_time":"2024-04-16T13:53:24+00:00","og_image":[{"width":600,"height":400,"url":"https:\/\/www.babcock-wanson.com\/wp-content\/uploads\/2018\/11\/VAP-EL-Electric-Boiler-3.jpg","type":"image\/jpeg"}],"twitter_card":"summary_large_image","twitter_misc":{"Est. reading time":"4 minutos"},"schema":{"@context":"https:\/\/schema.org","@graph":[{"@type":"WebPage","@id":"https:\/\/www.babcock-wanson.com\/pt-pt\/produtos\/caldeiras-eletricas-industriais\/e-pack\/","url":"https:\/\/www.babcock-wanson.com\/pt-pt\/produtos\/caldeiras-eletricas-industriais\/e-pack\/","name":"e-Pack - Babcock Wanson","isPartOf":{"@id":"https:\/\/www.babcock-wanson.com\/pt-pt\/#website"},"primaryImageOfPage":{"@id":"https:\/\/www.babcock-wanson.com\/pt-pt\/produtos\/caldeiras-eletricas-industriais\/e-pack\/#primaryimage"},"image":{"@id":"https:\/\/www.babcock-wanson.com\/pt-pt\/produtos\/caldeiras-eletricas-industriais\/e-pack\/#primaryimage"},"thumbnailUrl":"https:\/\/www.babcock-wanson.com\/wp-content\/uploads\/2018\/11\/VAP-EL-Electric-Boiler-3.jpg","datePublished":"2021-11-18T16:02:43+00:00","dateModified":"2024-04-16T13:53:24+00:00","description":"As caldeiras el\u00e9tricas industriais e-Pack foram desenvolvidas para atingir o mais elevado n\u00edvel de efici\u00eancia","breadcrumb":{"@id":"https:\/\/www.babcock-wanson.com\/pt-pt\/produtos\/caldeiras-eletricas-industriais\/e-pack\/#breadcrumb"},"inLanguage":"pt-PT","potentialAction":[{"@type":"ReadAction","target":["https:\/\/www.babcock-wanson.com\/pt-pt\/produtos\/caldeiras-eletricas-industriais\/e-pack\/"]}]},{"@type":"ImageObject","inLanguage":"pt-PT","@id":"https:\/\/www.babcock-wanson.com\/pt-pt\/produtos\/caldeiras-eletricas-industriais\/e-pack\/#primaryimage","url":"https:\/\/www.babcock-wanson.com\/wp-content\/uploads\/2018\/11\/VAP-EL-Electric-Boiler-3.jpg","contentUrl":"https:\/\/www.babcock-wanson.com\/wp-content\/uploads\/2018\/11\/VAP-EL-Electric-Boiler-3.jpg","width":600,"height":400,"caption":"Caldeira El\u00e9trica VAP EL"},{"@type":"BreadcrumbList","@id":"https:\/\/www.babcock-wanson.com\/pt-pt\/produtos\/caldeiras-eletricas-industriais\/e-pack\/#breadcrumb","itemListElement":[{"@type":"ListItem","position":1,"name":"Inicio","item":"https:\/\/www.babcock-wanson.com\/pt-pt\/"},{"@type":"ListItem","position":2,"name":"Produtos","item":"https:\/\/www.babcock-wanson.com\/pt-pt\/shop\/"},{"@type":"ListItem","position":3,"name":"Caldeiras el\u00e9tricas industriais","item":"https:\/\/www.babcock-wanson.com\/pt-pt\/categoria-produto\/caldeiras-eletricas-industriais\/"},{"@type":"ListItem","position":4,"name":"e-Pack"}]},{"@type":"WebSite","@id":"https:\/\/www.babcock-wanson.com\/pt-pt\/#website","url":"https:\/\/www.babcock-wanson.com\/pt-pt\/","name":"Babcock Wanson","description":"","publisher":{"@id":"https:\/\/www.babcock-wanson.com\/pt-pt\/#organization"},"potentialAction":[{"@type":"SearchAction","target":{"@type":"EntryPoint","urlTemplate":"https:\/\/www.babcock-wanson.com\/pt-pt\/?s={search_term_string}"},"query-input":{"@type":"PropertyValueSpecification","valueRequired":true,"valueName":"search_term_string"}}],"inLanguage":"pt-PT"},{"@type":"Organization","@id":"https:\/\/www.babcock-wanson.com\/pt-pt\/#organization","name":"Babcock Wanson","url":"https:\/\/www.babcock-wanson.com\/pt-pt\/","logo":{"@type":"ImageObject","inLanguage":"pt-PT","@id":"https:\/\/www.babcock-wanson.com\/pt-pt\/#\/schema\/logo\/image\/","url":"https:\/\/www.babcock-wanson.com\/wp-content\/uploads\/2024\/02\/Babcock-Wanson-1200x1200-1.png","contentUrl":"https:\/\/www.babcock-wanson.com\/wp-content\/uploads\/2024\/02\/Babcock-Wanson-1200x1200-1.png","width":1200,"height":1200,"caption":"Babcock Wanson"},"image":{"@id":"https:\/\/www.babcock-wanson.com\/pt-pt\/#\/schema\/logo\/image\/"},"sameAs":["https:\/\/www.linkedin.com\/company\/babcock-wanson\/","https:\/\/www.youtube.com\/channel\/UCtxl25VieBBsP2kYmtlyv7A"]}]}},"jetpack_sharing_enabled":true,"_links":{"self":[{"href":"https:\/\/www.babcock-wanson.com\/pt-pt\/wp-json\/wp\/v2\/product\/40976","targetHints":{"allow":["GET"]}}],"collection":[{"href":"https:\/\/www.babcock-wanson.com\/pt-pt\/wp-json\/wp\/v2\/product"}],"about":[{"href":"https:\/\/www.babcock-wanson.com\/pt-pt\/wp-json\/wp\/v2\/types\/product"}],"replies":[{"embeddable":true,"href":"https:\/\/www.babcock-wanson.com\/pt-pt\/wp-json\/wp\/v2\/comments?post=40976"}],"wp:featuredmedia":[{"embeddable":true,"href":"https:\/\/www.babcock-wanson.com\/pt-pt\/wp-json\/wp\/v2\/media\/30983"}],"wp:attachment":[{"href":"https:\/\/www.babcock-wanson.com\/pt-pt\/wp-json\/wp\/v2\/media?parent=40976"}],"wp:term":[{"taxonomy":"product_brand","embeddable":true,"href":"https:\/\/www.babcock-wanson.com\/pt-pt\/wp-json\/wp\/v2\/product_brand?post=40976"},{"taxonomy":"product_cat","embeddable":true,"href":"https:\/\/www.babcock-wanson.com\/pt-pt\/wp-json\/wp\/v2\/product_cat?post=40976"},{"taxonomy":"product_tag","embeddable":true,"href":"https:\/\/www.babcock-wanson.com\/pt-pt\/wp-json\/wp\/v2\/product_tag?post=40976"}],"curies":[{"name":"wp","href":"https:\/\/api.w.org\/{rel}","templated":true}]}}